{"id":19992,"date":"2023-12-15T11:47:46","date_gmt":"2023-12-15T03:47:46","guid":{"rendered":"http:\/\/stone-phoenix.com\/product\/statuario-grey-marble-slab"},"modified":"2024-04-14T11:10:21","modified_gmt":"2024-04-14T03:10:21","slug":"statuario-grey-marble-slab","status":"publish","type":"product","link":"https:\/\/stone-phoenix.com\/fr\/produit\/statuario-grey-marble-slab","title":{"rendered":"Dalle de marbre gris Statuario"},"content":{"rendered":"<div id=\"tab-description\" class=\"woocommerce-Tabs-panel woocommerce-Tabs-panel--description panel entry-content wc-tab\" role=\"tabpanel\" aria-labelledby=\"tab-title-description\">\n<div class=\"rll-youtube-player\" data-src=\"https:\/\/www.youtube.com\/embed\/ySYgJousFkg\" data-id=\"ySYgJousFkg\" data-query=\"si=In3kAvA5WpMZFlvU\"><img loading=\"lazy\" decoding=\"async\" class=\"alignnone  wp-image-27973\" src=\"http:\/\/stone-phoenix.com\/wp-content\/uploads\/2023\/12\/Statuario-Grey-Marble-Slab-2.jpg\" alt=\"\" width=\"924\" height=\"690\" srcset=\"https:\/\/stone-phoenix.com\/wp-content\/uploads\/2023\/12\/Statuario-Grey-Marble-Slab-2.jpg 688w, https:\/\/stone-phoenix.com\/wp-content\/uploads\/2023\/12\/Statuario-Grey-Marble-Slab-2-300x224.jpg 300w, https:\/\/stone-phoenix.com\/wp-content\/uploads\/2023\/12\/Statuario-Grey-Marble-Slab-2-16x12.jpg 16w, https:\/\/stone-phoenix.com\/wp-content\/uploads\/2023\/12\/Statuario-Grey-Marble-Slab-2-600x448.jpg 600w, https:\/\/stone-phoenix.com\/wp-content\/uploads\/2023\/12\/Statuario-Grey-Marble-Slab-2-150x112.jpg 150w\" sizes=\"(max-width: 924px) 100vw, 924px\" \/><\/div>\n<div class=\"group w-full text-token-text-primary border-b border-black\/10 gizmo:border-0 dark:border-gray-900\/50 gizmo:dark:border-0 bg-gray-50 gizmo:bg-transparent dark:bg-[#444654] gizmo:dark:bg-transparent\" data-testid=\"conversation-turn-3\">\n<div class=\"p-4 gizmo:py-2 justify-center text-base md:gap-6 md:py-6 m-auto\">\n<div class=\"flex flex-1 gap-4 text-base mx-auto md:gap-6 gizmo:gap-3 gizmo:md:px-5 gizmo:lg:px-1 gizmo:xl:px-5 md:max-w-2xl lg:max-w-[38rem] gizmo:md:max-w-3xl gizmo:lg:max-w-[40rem] gizmo:xl:max-w-[48rem] xl:max-w-3xl }\">\n<div class=\"relative flex w-[calc(100%-50px)] flex-col gizmo:w-full lg:w-[calc(100%-115px)] agent-turn\">\n<div class=\"flex-col gap-1 md:gap-3\">\n<div class=\"flex flex-grow flex-col gap-3 max-w-full\">\n<div class=\"min-h-[20px] flex flex-col items-start gap-3 whitespace-pre-wrap break-words overflow-x-auto\" data-message-author-role=\"assistant\" data-message-id=\"831c45ec-8be2-4a5f-ad83-1d1ba2b2770f\">\n<div class=\"markdown prose w-full break-words dark:prose-invert light\">\n<h3>Dalle de marbre gris Statuario - El\u00e9gance et beaut\u00e9 intemporelle<\/h3>\n<p>Dalle de marbre gris Statuario Description : Rehaussez votre d\u00e9coration int\u00e9rieure avec l'allure exquise de la dalle de marbre gris Statuario, un v\u00e9ritable chef-d'\u0153uvre de la nature. En tant que principal fournisseur de granit et de marbre en Chine, phonenix power stone est fier d'offrir ce marbre pur de haute qualit\u00e9 pour vos projets exigeants. Nos dalles de marbre gris Statuario sont soigneusement s\u00e9lectionn\u00e9es et trait\u00e9es pour r\u00e9pondre aux besoins uniques de nos clients, qu'il s'agisse de propri\u00e9taires, d'architectes ou de designers d\u00e9sireux de cr\u00e9er un espace d'une beaut\u00e9 et d'un luxe in\u00e9gal\u00e9s.<\/p>\n<h3>Caract\u00e9ristiques principales de la plaque de marbre gris Statuario :<\/h3>\n<ol>\n<li><strong>Une esth\u00e9tique exceptionnelle :<\/strong> Le marbre gris Statuario est r\u00e9put\u00e9 pour son aspect luxueux. Le fond gris doux est orn\u00e9 de d\u00e9licates veines dans des tons de blanc et de gris subtil, cr\u00e9ant un motif fascinant et \u00e9l\u00e9gant qui conf\u00e8re de la sophistication \u00e0 n'importe quel espace.<\/li>\n<li><strong>Application polyvalente :<\/strong> Nos dalles de marbre gris Statuario sont polyvalentes et s'adaptent \u00e0 diverses applications, des plans de travail de cuisine aux vanit\u00e9s de salle de bains, en passant par les rev\u00eatements de sol et les rev\u00eatements muraux. Sa beaut\u00e9 intemporelle met en valeur les designs classiques et contemporains.<\/li>\n<li><strong>Naturel Durabilit\u00e9 :<\/strong> Le marbre est une pierre naturellement durable, capable de r\u00e9sister \u00e0 l'\u00e9preuve du temps. Le marbre gris Statuario n'est pas seulement beau, il est aussi r\u00e9sistant \u00e0 long terme, ce qui garantit que votre investissement durera pendant des g\u00e9n\u00e9rations.<\/li>\n<li><strong>Entretien facile :<\/strong> Tout en offrant une beaut\u00e9 durable, les dalles de marbre gris Statuario n\u00e9cessitent relativement peu d'entretien. Un nettoyage et un scellement r\u00e9guliers permettent de conserver le marbre dans un \u00e9tat impeccable.<\/li>\n<li><strong>Unicit\u00e9 :<\/strong> Chaque plaque de marbre gris Statuario est unique, avec ses propres veines et son propre caract\u00e8re, ce qui fait de votre installation un chef-d'\u0153uvre unique.<\/li>\n<li><strong>Respectueux de l'environnement :<\/strong> Chez phonenix power stone, nous nous engageons \u00e0 respecter l'environnement. Notre marbre provient de sources \u00e9thiques et est trait\u00e9 avec un impact minimal sur l'environnement.<\/li>\n<\/ol>\n<h3>Pourquoi choisir phonenix power stone ?<\/h3>\n<p>En tant que fournisseur r\u00e9put\u00e9 de granit et de marbre en Chine, phonenix power stone est fier de proposer des dalles de marbre gris Statuario qui r\u00e9pondent aux normes les plus \u00e9lev\u00e9es de l'industrie. Notre d\u00e9vouement \u00e0 la qualit\u00e9, \u00e0 la satisfaction du client et \u00e0 l'attention port\u00e9e aux d\u00e9tails nous distingue.<\/p>\n<ol>\n<li><strong>Assurance qualit\u00e9 :<\/strong> Le marbre gris Statuario provient des meilleures carri\u00e8res et r\u00e9pond \u00e0 des normes de qualit\u00e9 rigoureuses avant d'\u00eatre utilis\u00e9 pour votre projet.<\/li>\n<li><strong>Personnalisation :<\/strong> phonenix power stone est sp\u00e9cialis\u00e9 dans le traitement du marbre en fonction de vos exigences pr\u00e9cises. Nous pouvons couper et finir les dalles de marbre gris Statuario pour qu'elles correspondent \u00e0 votre vision du design.<\/li>\n<li><strong>Une port\u00e9e mondiale :<\/strong> Gr\u00e2ce \u00e0 notre r\u00e9seau mondial, nous pouvons fournir des dalles de marbre gris Statuario \u00e0 des clients du monde entier. O\u00f9 que vous soyez, phonenix power stone est votre partenaire de confiance pour la fourniture de marbre de qualit\u00e9 sup\u00e9rieure.<\/li>\n<li><strong>Prix comp\u00e9titifs :<\/strong> Nous proposons des prix comp\u00e9titifs sans faire de compromis sur la qualit\u00e9. phonenix power stone est convaincu de la valeur ajout\u00e9e qu'elle apporte \u00e0 ses clients.<\/li>\n<li><strong>Soutien d'un expert :<\/strong> Notre \u00e9quipe exp\u00e9riment\u00e9e est l\u00e0 pour vous aider tout au long du processus de s\u00e9lection et d'installation. Nous nous engageons \u00e0 faire de votre projet une r\u00e9ussite.<\/li>\n<\/ol>\n<p>Que vous soyez un architecte, un d\u00e9corateur d'int\u00e9rieur ou un propri\u00e9taire se lan\u00e7ant dans un projet de r\u00e9novation ou de nouvelle construction, la dalle de marbre gris Statuario de phonenix power stone est l'incarnation du luxe et de la sophistication. Rehaussez votre espace avec la beaut\u00e9 durable du marbre gris Statuario - le choix des connaisseurs et des faiseurs de go\u00fbt. Commandez votre dalle de marbre gris Statuario d\u00e8s aujourd'hui et d\u00e9couvrez l'\u00e9l\u00e9gance intemporelle de la pierre naturelle. Contactez phonenix power stone, votre fournisseur de marbre de confiance en Chine, pour des demandes de renseignements, des commandes personnalis\u00e9es et des conseils d'experts sur votre prochain projet de design.<\/p>\n<\/div>\n<\/div>\n<\/div>\n<div class=\"flex justify-between empty:hidden gizmo:justify-start gizmo:gap-3 lg:block gizmo:lg:flex\">\n<div class=\"text-gray-400 flex self-end lg:self-center justify-center gizmo:lg:justify-start mt-2 gizmo:mt-0 visible lg:gap-1 lg:absolute lg:top-0 lg:translate-x-full lg:right-0 lg:mt-0 lg:pl-2 gap-2 md:gap-3\">\n<div class=\"flex gap-1\"><\/div>\n<\/div>\n<\/div>\n<\/div>\n<\/div>\n<\/div>\n<\/div>\n<\/div>\n<\/div>","protected":false},"excerpt":{"rendered":"<p>Statuario Grey Marble Slab \u2013 Elegance and Timeless Beauty Statuario Grey Marble Slab Description: Elevate your interior design with the<\/p>","protected":false},"featured_media":27969,"template":"","meta":[],"product_cat":[113],"product_tag":[],"_links":{"self":[{"href":"https:\/\/stone-phoenix.com\/fr\/wp-json\/wp\/v2\/product\/19992"}],"collection":[{"href":"https:\/\/stone-phoenix.com\/fr\/wp-json\/wp\/v2\/product"}],"about":[{"href":"https:\/\/stone-phoenix.com\/fr\/wp-json\/wp\/v2\/types\/product"}],"wp:featuredmedia":[{"embeddable":true,"href":"https:\/\/stone-phoenix.com\/fr\/wp-json\/wp\/v2\/media\/27969"}],"wp:attachment":[{"href":"https:\/\/stone-phoenix.com\/fr\/wp-json\/wp\/v2\/media?parent=19992"}],"wp:term":[{"taxonomy":"product_cat","embeddable":true,"href":"https:\/\/stone-phoenix.com\/fr\/wp-json\/wp\/v2\/product_cat?post=19992"},{"taxonomy":"product_tag","embeddable":true,"href":"https:\/\/stone-phoenix.com\/fr\/wp-json\/wp\/v2\/product_tag?post=19992"}],"curies":[{"name":"wp","href":"https:\/\/api.w.org\/{rel}","templated":true}]}}