{"id":19994,"date":"2023-12-15T11:47:50","date_gmt":"2023-12-15T03:47:50","guid":{"rendered":"http:\/\/stone-phoenix.com\/product\/statuario-marble-slab"},"modified":"2024-04-14T11:00:27","modified_gmt":"2024-04-14T03:00:27","slug":"statuario-marble-slab","status":"publish","type":"product","link":"https:\/\/stone-phoenix.com\/fr\/produit\/statuario-marble-slab","title":{"rendered":"Dalle de marbre Statuario"},"content":{"rendered":"<div id=\"tab-description\" class=\"woocommerce-Tabs-panel woocommerce-Tabs-panel--description panel entry-content wc-tab\" role=\"tabpanel\" aria-labelledby=\"tab-title-description\">\n<h3><strong><img loading=\"lazy\" decoding=\"async\" class=\"alignnone  wp-image-27966\" src=\"http:\/\/stone-phoenix.com\/wp-content\/uploads\/2023\/12\/Statuario-Marble-Slab-5.jpg\" alt=\"\" width=\"925\" height=\"698\" srcset=\"https:\/\/stone-phoenix.com\/wp-content\/uploads\/2023\/12\/Statuario-Marble-Slab-5.jpg 696w, https:\/\/stone-phoenix.com\/wp-content\/uploads\/2023\/12\/Statuario-Marble-Slab-5-300x226.jpg 300w, https:\/\/stone-phoenix.com\/wp-content\/uploads\/2023\/12\/Statuario-Marble-Slab-5-16x12.jpg 16w, https:\/\/stone-phoenix.com\/wp-content\/uploads\/2023\/12\/Statuario-Marble-Slab-5-600x453.jpg 600w, https:\/\/stone-phoenix.com\/wp-content\/uploads\/2023\/12\/Statuario-Marble-Slab-5-150x113.jpg 150w\" sizes=\"(max-width: 925px) 100vw, 925px\" \/><img loading=\"lazy\" decoding=\"async\" class=\"alignnone  wp-image-27967\" src=\"http:\/\/stone-phoenix.com\/wp-content\/uploads\/2023\/12\/Statuario-Marble-Slab-6.jpg\" alt=\"\" width=\"926\" height=\"676\" srcset=\"https:\/\/stone-phoenix.com\/wp-content\/uploads\/2023\/12\/Statuario-Marble-Slab-6.jpg 688w, https:\/\/stone-phoenix.com\/wp-content\/uploads\/2023\/12\/Statuario-Marble-Slab-6-300x219.jpg 300w, https:\/\/stone-phoenix.com\/wp-content\/uploads\/2023\/12\/Statuario-Marble-Slab-6-16x12.jpg 16w, https:\/\/stone-phoenix.com\/wp-content\/uploads\/2023\/12\/Statuario-Marble-Slab-6-600x438.jpg 600w, https:\/\/stone-phoenix.com\/wp-content\/uploads\/2023\/12\/Statuario-Marble-Slab-6-150x109.jpg 150w\" sizes=\"(max-width: 926px) 100vw, 926px\" \/><\/strong><\/h3>\n<h3><strong>\u00c9levez votre espace avec les dalles de marbre Statuario<\/strong><\/h3>\n<p>Lorsqu'il s'agit de cr\u00e9er une atmosph\u00e8re d'\u00e9l\u00e9gance intemporelle et de sophistication, peu de mat\u00e9riaux peuvent rivaliser avec la beaut\u00e9 du marbre Statuario. Chez phonenix power stone, nous sommes fiers de proposer d'exquises dalles de marbre Statuario qui ne manqueront pas de rehausser l'esth\u00e9tique de n'importe quel projet. Notre engagement en faveur de la qualit\u00e9 et du savoir-faire nous a permis de devenir l'un des principaux fournisseurs de granit et de marbre en Chine, et nous nous engageons \u00e0 vous fournir les meilleurs mat\u00e9riaux pour vos besoins en mati\u00e8re d'am\u00e9nagement int\u00e9rieur et ext\u00e9rieur.<\/p>\n<h3><strong>Marbre Statuario - Un classique intemporel<\/strong><\/h3>\n<p>Le marbre Statuario est r\u00e9put\u00e9 pour son aspect opulent et luxueux. Extrait de la r\u00e9gion de Carrare en Italie, ce marbre d'un blanc immacul\u00e9 pr\u00e9sente des veines audacieuses et spectaculaires qui exhalent un air d'opulence pure. Les veines grises et dor\u00e9es contrastantes qui parcourent le marbre ajoutent de la profondeur et du caract\u00e8re \u00e0 n'importe quel espace, ce qui fait du marbre Statuario un choix privil\u00e9gi\u00e9 pour les architectes, les d\u00e9corateurs d'int\u00e9rieur et les propri\u00e9taires.<\/p>\n<h3><strong>Une polyvalence in\u00e9gal\u00e9e<\/strong><\/h3>\n<p>La polyvalence des dalles de marbre Statuario ne conna\u00eet pas de limites. Sa beaut\u00e9 classique en fait un choix id\u00e9al pour un large \u00e9ventail d'applications. Que vous cherchiez \u00e0 cr\u00e9er un superbe comptoir de cuisine, un \u00e9l\u00e9gant meuble de salle de bains, un remarquable entourage de chemin\u00e9e ou un grand hall d'entr\u00e9e, les dalles de marbre Statuario insuffleront \u00e0 votre espace une grandeur intemporelle.<\/p>\n<h3><strong>Une qualit\u00e9 in\u00e9gal\u00e9e<\/strong><\/h3>\n<p>Chez phonenix power stone, nous comprenons l'importance de la qualit\u00e9, surtout lorsqu'il s'agit d'un mat\u00e9riau aussi pr\u00e9cieux que le marbre Statuario. Nos dalles de marbre Statuario proviennent directement des meilleures carri\u00e8res, ce qui vous garantit un produit de qualit\u00e9 sup\u00e9rieure et authentique. Nous sommes fiers de notre processus de s\u00e9lection m\u00e9ticuleux, qui garantit que chaque dalle est de la plus haute qualit\u00e9, exempte d'imperfections, et qu'elle pr\u00e9sente la beaut\u00e9 caract\u00e9ristique du marbre Statuario.<\/p>\n<h3><strong>La personnalisation \u00e0 la perfection<\/strong><\/h3>\n<p>Nous savons qu'il n'y a pas deux projets identiques et que chaque espace a des exigences uniques. phonenix power stone offre des services de personnalisation pour adapter vos dalles de marbre Statuario \u00e0 vos sp\u00e9cifications exactes. Qu'il s'agisse de choisir la taille parfaite de la dalle ou la finition la mieux adapt\u00e9e \u00e0 votre vision, notre \u00e9quipe d'artisans qualifi\u00e9s s'engage \u00e0 faire de votre projet de r\u00eave une r\u00e9alit\u00e9.<\/p>\n<h3><strong>Approvisionnement durable et responsable<\/strong><\/h3>\n<p>phonenix power stone se consacre \u00e0 l'approvisionnement responsable et aux pratiques durables. Nous nous engageons \u00e0 prot\u00e9ger l'environnement et \u00e0 assurer le bien-\u00eatre des communaut\u00e9s o\u00f9 nous nous approvisionnons en marbre. En choisissant nos dalles de marbre Statuario, vous faites un choix qui soutient des pratiques \u00e9cologiques et socialement responsables.<\/p>\n<h3><strong>Entretien facile<\/strong><\/h3>\n<p>Les dalles de marbre Statuario ne sont pas seulement belles, elles sont aussi pratiques. La surface lisse du marbre est facile \u00e0 nettoyer et \u00e0 entretenir, ce qui en fait un choix pratique pour les zones tr\u00e8s fr\u00e9quent\u00e9es telles que les cuisines et les salles de bains. Avec un entretien appropri\u00e9, vos dalles en marbre Statuario conserveront leur \u00e9clat et leur charme pendant des g\u00e9n\u00e9rations.<\/p>\n<h3><strong>Investissement dans l'\u00e9l\u00e9gance<\/strong><\/h3>\n<p>Choisir les dalles de marbre Statuario, c'est investir dans une \u00e9l\u00e9gance intemporelle. Ce mat\u00e9riau luxueux ne se contente pas de rehausser l'attrait visuel de votre espace, il ajoute \u00e9galement de la valeur \u00e0 votre propri\u00e9t\u00e9. Il t\u00e9moigne de la beaut\u00e9 durable de la pierre naturelle et continuera \u00e0 s\u00e9duire pendant des ann\u00e9es.<\/p>\n<h3><strong>Conclusion<\/strong><\/h3>\n<p>Chez phonenix power stone, nous sommes tr\u00e8s fiers d'\u00eatre votre source de confiance pour les dalles de marbre Statuario. Gr\u00e2ce \u00e0 notre engagement en mati\u00e8re de qualit\u00e9, de personnalisation et de durabilit\u00e9, nous sommes pr\u00eats \u00e0 vous aider \u00e0 donner vie \u00e0 votre vision du design. Rehaussez votre espace avec la beaut\u00e9 classique du marbre Statuario - un choix qui transcende le temps et les tendances. Contactez-nous d\u00e8s aujourd'hui pour en savoir plus sur nos dalles de marbre Statuario et sur la fa\u00e7on dont elles peuvent transformer votre projet en une \u0153uvre d'art. D\u00e9couvrez l'allure intemporelle des dalles de marbre Statuario avec phonenix power stone, o\u00f9 le luxe rencontre l'artisanat, et la beaut\u00e9 la durabilit\u00e9. Votre voyage vers l'\u00e9l\u00e9gance commence avec nous.<\/p>\n<\/div>","protected":false},"excerpt":{"rendered":"<p>Elevate Your Space with Statuario Marble Slabs When it comes to creating an atmosphere of timeless elegance and sophistication, few<\/p>","protected":false},"featured_media":27962,"template":"","meta":[],"product_cat":[113],"product_tag":[],"_links":{"self":[{"href":"https:\/\/stone-phoenix.com\/fr\/wp-json\/wp\/v2\/product\/19994"}],"collection":[{"href":"https:\/\/stone-phoenix.com\/fr\/wp-json\/wp\/v2\/product"}],"about":[{"href":"https:\/\/stone-phoenix.com\/fr\/wp-json\/wp\/v2\/types\/product"}],"wp:featuredmedia":[{"embeddable":true,"href":"https:\/\/stone-phoenix.com\/fr\/wp-json\/wp\/v2\/media\/27962"}],"wp:attachment":[{"href":"https:\/\/stone-phoenix.com\/fr\/wp-json\/wp\/v2\/media?parent=19994"}],"wp:term":[{"taxonomy":"product_cat","embeddable":true,"href":"https:\/\/stone-phoenix.com\/fr\/wp-json\/wp\/v2\/product_cat?post=19994"},{"taxonomy":"product_tag","embeddable":true,"href":"https:\/\/stone-phoenix.com\/fr\/wp-json\/wp\/v2\/product_tag?post=19994"}],"curies":[{"name":"wp","href":"https:\/\/api.w.org\/{rel}","templated":true}]}}