{"id":19996,"date":"2023-12-15T11:47:55","date_gmt":"2023-12-15T03:47:55","guid":{"rendered":"http:\/\/stone-phoenix.com\/product\/tesla-black-marble-slab"},"modified":"2024-04-14T00:50:55","modified_gmt":"2024-04-13T16:50:55","slug":"tesla-black-marble-slab","status":"publish","type":"product","link":"https:\/\/stone-phoenix.com\/fr\/produit\/tesla-black-marble-slab","title":{"rendered":"Dalle de marbre noir Tesla"},"content":{"rendered":"<div id=\"tab-description\" class=\"woocommerce-Tabs-panel woocommerce-Tabs-panel--description panel entry-content wc-tab\" role=\"tabpanel\" aria-labelledby=\"tab-title-description\">\n<div class=\"rll-youtube-player\" data-src=\"https:\/\/www.youtube.com\/embed\/vvwQVLbRA7k\" data-id=\"vvwQVLbRA7k\" data-query=\"si=nGAfz0NoDr7hOBTV\"><img loading=\"lazy\" decoding=\"async\" class=\"alignnone  wp-image-27959\" src=\"http:\/\/stone-phoenix.com\/wp-content\/uploads\/2023\/12\/Tesla-Black-Marble-Slab-3.jpg\" alt=\"\" width=\"924\" height=\"952\" srcset=\"https:\/\/stone-phoenix.com\/wp-content\/uploads\/2023\/12\/Tesla-Black-Marble-Slab-3.jpg 693w, https:\/\/stone-phoenix.com\/wp-content\/uploads\/2023\/12\/Tesla-Black-Marble-Slab-3-291x300.jpg 291w, https:\/\/stone-phoenix.com\/wp-content\/uploads\/2023\/12\/Tesla-Black-Marble-Slab-3-12x12.jpg 12w, https:\/\/stone-phoenix.com\/wp-content\/uploads\/2023\/12\/Tesla-Black-Marble-Slab-3-600x618.jpg 600w, https:\/\/stone-phoenix.com\/wp-content\/uploads\/2023\/12\/Tesla-Black-Marble-Slab-3-150x155.jpg 150w\" sizes=\"(max-width: 924px) 100vw, 924px\" \/><img loading=\"lazy\" decoding=\"async\" class=\"alignnone  wp-image-27961\" src=\"http:\/\/stone-phoenix.com\/wp-content\/uploads\/2023\/12\/Tesla-Black-Marble-Slab-5.jpg\" alt=\"\" width=\"924\" height=\"696\" srcset=\"https:\/\/stone-phoenix.com\/wp-content\/uploads\/2023\/12\/Tesla-Black-Marble-Slab-5.jpg 694w, https:\/\/stone-phoenix.com\/wp-content\/uploads\/2023\/12\/Tesla-Black-Marble-Slab-5-300x226.jpg 300w, https:\/\/stone-phoenix.com\/wp-content\/uploads\/2023\/12\/Tesla-Black-Marble-Slab-5-16x12.jpg 16w, https:\/\/stone-phoenix.com\/wp-content\/uploads\/2023\/12\/Tesla-Black-Marble-Slab-5-600x452.jpg 600w, https:\/\/stone-phoenix.com\/wp-content\/uploads\/2023\/12\/Tesla-Black-Marble-Slab-5-150x113.jpg 150w\" sizes=\"(max-width: 924px) 100vw, 924px\" \/><\/div>\n<h3><strong>Dalle de marbre noir Tesla : L'\u00e9l\u00e9gance et le luxe dans tous les espaces<\/strong><\/h3>\n<p>Transformez votre espace de vie ou de travail en un havre de luxe gr\u00e2ce \u00e0 notre exquise dalle de marbre noir Tesla. En tant que principal fournisseur de granit et de marbre en Chine, phonenix power stone est tr\u00e8s fier de pr\u00e9senter ce produit exceptionnel en pierre naturelle. La dalle de marbre noir Tesla offre une combinaison impeccable d'\u00e9l\u00e9gance intemporelle et de durabilit\u00e9 in\u00e9gal\u00e9e, ce qui en fait le choix id\u00e9al pour les applications r\u00e9sidentielles et commerciales.<\/p>\n<h3><strong>Caract\u00e9ristiques principales :<\/strong><\/h3>\n<ol>\n<li><strong>Un attrait esth\u00e9tique frappant<\/strong>: La plaque de marbre noir Tesla pr\u00e9sente une base noire profonde et lustr\u00e9e avec de d\u00e9licates veines blanches, cr\u00e9ant un contraste captivant qui peut rehausser l'attrait visuel de n'importe quelle pi\u00e8ce.<\/li>\n<li><strong>Durabilit\u00e9 exceptionnelle<\/strong>: Cette dalle de marbre n'est pas seulement magnifique, elle est aussi tr\u00e8s durable. Elle peut r\u00e9sister \u00e0 l'\u00e9preuve du temps, ce qui en fait un investissement judicieux pour votre propri\u00e9t\u00e9.<\/li>\n<li><strong>Mod\u00e8les uniques<\/strong>: Chaque plaque de marbre noir Tesla est unique, avec des veines et des motifs distinctifs qui garantissent que votre espace sera unique en son genre.<\/li>\n<li><strong>Applications polyvalentes<\/strong>: Que vous cherchiez \u00e0 am\u00e9liorer vos comptoirs de cuisine, vos meubles-lavabos, vos rev\u00eatements de sol ou vos rev\u00eatements muraux, la dalle de marbre noir Tesla est un choix polyvalent qui peut \u00eatre utilis\u00e9 dans une grande vari\u00e9t\u00e9 d'applications.<\/li>\n<li><strong>Entretien facile<\/strong>: Malgr\u00e9 son aspect luxueux, la dalle de marbre noir Tesla n\u00e9cessite \u00e9tonnamment peu d'entretien. Avec un entretien ad\u00e9quat, elle conservera sa beaut\u00e9 pendant des ann\u00e9es.<\/li>\n<\/ol>\n<h3><strong>Avantages de choisir la dalle de marbre noir Tesla :<\/strong><\/h3>\n<ul>\n<li><strong>Le luxe red\u00e9fini<\/strong>: La dalle de marbre noir Tesla est un symbole d'opulence qui ajoute une touche de luxe \u00e0 votre environnement. C'est un symbole de sophistication qui ne se d\u00e9mode jamais.<\/li>\n<li><strong>Augmentation de la valeur de la propri\u00e9t\u00e9<\/strong>: L'int\u00e9gration de cette dalle de marbre de qualit\u00e9 sup\u00e9rieure dans votre propri\u00e9t\u00e9 peut consid\u00e9rablement augmenter sa valeur marchande. Les acheteurs potentiels et les investisseurs sont souvent attir\u00e9s par l'attrait des surfaces en pierre naturelle de haute qualit\u00e9.<\/li>\n<li><strong>L'\u00e9l\u00e9gance intemporelle<\/strong>: Contrairement aux tendances qui vont et viennent, le marbre est un choix classique qui est appr\u00e9ci\u00e9 depuis des si\u00e8cles. La dalle de marbre noir Tesla restera un chef-d'\u0153uvre intemporel dans votre maison ou votre entreprise.<\/li>\n<li><strong>Durabilit\u00e9<\/strong>: Lorsqu'il s'agit de surfaces en pierre, la durabilit\u00e9 est primordiale. La dalle de marbre noir Tesla est con\u00e7ue pour supporter les rigueurs de la vie quotidienne tout en conservant son allure.<\/li>\n<li><strong>Caract\u00e8re unique<\/strong>: Chaque plaque de marbre noir Tesla poss\u00e8de son propre caract\u00e8re, ce qui rend votre installation unique.<\/li>\n<\/ul>\n<h3><strong>Des possibilit\u00e9s infinies...<\/strong>La polyvalence de la dalle de marbre noir Tesla ne conna\u00eet pas de limites. Voici quelques applications populaires :<\/h3>\n<ol>\n<li><strong>Comptoirs de cuisine<\/strong>: Rehaussez l'esth\u00e9tique de votre cuisine avec un comptoir luxueux qui est \u00e0 la fois fonctionnel et esth\u00e9tique.<\/li>\n<li><strong>Vanit\u00e9s de salle de bains<\/strong>: Cr\u00e9ez une atmosph\u00e8re de spa dans votre salle de bain en installant la dalle de marbre noir Tesla pour les meubles-lavabos et les douches.<\/li>\n<li><strong>Rev\u00eatements de sol<\/strong>: Transformez vos sols en \u0153uvre d'art avec la dalle de marbre noir Tesla, qui offre une toile de fond \u00e9poustouflante \u00e0 votre d\u00e9cor.<\/li>\n<li><strong>Rev\u00eatement mural<\/strong>: Utilisez cette plaque de marbre pour accentuer les murs, les chemin\u00e9es ou les zones d'accentuation, en ajoutant une touche de drame \u00e0 votre espace.<\/li>\n<li><strong>Tablettes<\/strong>: Concevoir des tables de salle \u00e0 manger ou de salon exquises qui deviennent le point de mire de toute pi\u00e8ce.<\/li>\n<li><strong>Espaces commerciaux<\/strong>: Impressionnez vos clients et vos invit\u00e9s en incorporant la dalle de marbre noir Tesla dans les halls d'entr\u00e9e des h\u00f4tels, les restaurants et les bureaux.<\/li>\n<\/ol>\n<p>Chez phonenix power stone, nous comprenons que le choix de la dalle de marbre parfaite est une d\u00e9cision importante. C'est pourquoi nous offrons une gamme d'options de personnalisation, y compris la taille, la finition et les profils de bord. Nos artisans experts veilleront \u00e0 ce que votre plaque de marbre noir Tesla soit pr\u00e9cis\u00e9ment adapt\u00e9e \u00e0 vos sp\u00e9cifications.<\/p>\n<h3><strong>Conclusion :<\/strong><\/h3>\n<p>La dalle de marbre noir Tesla de phonenix power stone est l'incarnation de la sophistication, alliant une beaut\u00e9 intemporelle \u00e0 une durabilit\u00e9 in\u00e9gal\u00e9e. C'est le choix id\u00e9al pour ceux qui exigent le meilleur en termes d'esth\u00e9tique et de qualit\u00e9. Que vous souhaitiez embellir votre maison ou un espace commercial, cette pierre naturelle exquise laissera une impression durable. Am\u00e9liorez votre espace avec l'\u00e9l\u00e9gance durable de la dalle de marbre noir Tesla et faites une d\u00e9claration dont on se souviendra pendant des g\u00e9n\u00e9rations. Contactez-nous d\u00e8s aujourd'hui pour discuter de votre projet, et notre \u00e9quipe d\u00e9vou\u00e9e sera ravie de vous aider \u00e0 donner vie \u00e0 vos visions de conception avec la dalle de marbre noir Tesla. Transformez votre environnement avec la gr\u00e2ce et la grandeur de la dalle de marbre noir Tesla de phonenix power stone, et faites l'exp\u00e9rience de l'incarnation du luxe.<\/p>\n<\/div>","protected":false},"excerpt":{"rendered":"<p>Tesla Black Marble Slab: Unleash Elegance and Luxury in Every Space Transform your living or workspaces into luxurious havens with<\/p>","protected":false},"featured_media":27955,"template":"","meta":[],"product_cat":[113],"product_tag":[],"_links":{"self":[{"href":"https:\/\/stone-phoenix.com\/fr\/wp-json\/wp\/v2\/product\/19996"}],"collection":[{"href":"https:\/\/stone-phoenix.com\/fr\/wp-json\/wp\/v2\/product"}],"about":[{"href":"https:\/\/stone-phoenix.com\/fr\/wp-json\/wp\/v2\/types\/product"}],"wp:featuredmedia":[{"embeddable":true,"href":"https:\/\/stone-phoenix.com\/fr\/wp-json\/wp\/v2\/media\/27955"}],"wp:attachment":[{"href":"https:\/\/stone-phoenix.com\/fr\/wp-json\/wp\/v2\/media?parent=19996"}],"wp:term":[{"taxonomy":"product_cat","embeddable":true,"href":"https:\/\/stone-phoenix.com\/fr\/wp-json\/wp\/v2\/product_cat?post=19996"},{"taxonomy":"product_tag","embeddable":true,"href":"https:\/\/stone-phoenix.com\/fr\/wp-json\/wp\/v2\/product_tag?post=19996"}],"curies":[{"name":"wp","href":"https:\/\/api.w.org\/{rel}","templated":true}]}}