{"id":19998,"date":"2023-12-15T11:48:00","date_gmt":"2023-12-15T03:48:00","guid":{"rendered":"http:\/\/stone-phoenix.com\/product\/tesla-grey-marble-slab"},"modified":"2024-04-14T00:38:13","modified_gmt":"2024-04-13T16:38:13","slug":"tesla-grey-marble-slab","status":"publish","type":"product","link":"https:\/\/stone-phoenix.com\/fr\/produit\/tesla-grey-marble-slab","title":{"rendered":"Dalle de marbre gris Tesla"},"content":{"rendered":"<div id=\"tab-description\" class=\"woocommerce-Tabs-panel woocommerce-Tabs-panel--description panel entry-content wc-tab\" role=\"tabpanel\" aria-labelledby=\"tab-title-description\">\n<div class=\"rll-youtube-player\" data-src=\"https:\/\/www.youtube.com\/embed\/aVmCKAjSUe0\" data-id=\"aVmCKAjSUe0\" data-query=\"si=XYT2n4xPTroZtjjC\"><img loading=\"lazy\" decoding=\"async\" class=\"alignnone  wp-image-27953\" src=\"http:\/\/stone-phoenix.com\/wp-content\/uploads\/2023\/12\/Tesla-Grey-Marble-Slab-1-1.jpg\" alt=\"\" width=\"947\" height=\"1033\" srcset=\"https:\/\/stone-phoenix.com\/wp-content\/uploads\/2023\/12\/Tesla-Grey-Marble-Slab-1-1.jpg 661w, https:\/\/stone-phoenix.com\/wp-content\/uploads\/2023\/12\/Tesla-Grey-Marble-Slab-1-1-275x300.jpg 275w, https:\/\/stone-phoenix.com\/wp-content\/uploads\/2023\/12\/Tesla-Grey-Marble-Slab-1-1-11x12.jpg 11w, https:\/\/stone-phoenix.com\/wp-content\/uploads\/2023\/12\/Tesla-Grey-Marble-Slab-1-1-600x654.jpg 600w, https:\/\/stone-phoenix.com\/wp-content\/uploads\/2023\/12\/Tesla-Grey-Marble-Slab-1-1-150x164.jpg 150w\" sizes=\"(max-width: 947px) 100vw, 947px\" \/><\/div>\n<div class=\"group w-full text-token-text-primary border-b border-black\/10 gizmo:border-0 dark:border-gray-900\/50 gizmo:dark:border-0 bg-gray-50 gizmo:bg-transparent dark:bg-[#444654] gizmo:dark:bg-transparent\" data-testid=\"conversation-turn-3\">\n<div class=\"p-4 gizmo:py-2 justify-center text-base md:gap-6 md:py-6 m-auto\">\n<div class=\"flex flex-1 gap-4 text-base mx-auto md:gap-6 gizmo:gap-3 gizmo:md:px-5 gizmo:lg:px-1 gizmo:xl:px-5 md:max-w-2xl lg:max-w-[38rem] gizmo:md:max-w-3xl gizmo:lg:max-w-[40rem] gizmo:xl:max-w-[48rem] xl:max-w-3xl }\">\n<div class=\"relative flex w-[calc(100%-50px)] flex-col gizmo:w-full lg:w-[calc(100%-115px)] agent-turn\">\n<div class=\"flex-col gap-1 md:gap-3\">\n<div class=\"flex flex-grow flex-col gap-3 max-w-full\">\n<div class=\"min-h-[20px] flex flex-col items-start gap-3 whitespace-pre-wrap break-words overflow-x-auto\" data-message-author-role=\"assistant\" data-message-id=\"caef37d4-31cf-4f8e-8f41-4c1165bb26cf\">\n<div class=\"markdown prose w-full break-words dark:prose-invert light\">\n<h3>Pr\u00e9sentation de la dalle de marbre gris Tesla - R\u00e9v\u00e9ler l'\u00e9l\u00e9gance intemporelle<\/h3>\n<p>Chez phonenix power stone, nous sommes fiers d'offrir des solutions de marbre et de granit de premi\u00e8re qualit\u00e9 qui rehaussent la beaut\u00e9 et la sophistication de vos espaces. Notre plaque de marbre gris Tesla est un chef-d'\u0153uvre qui apporte une touche de luxe \u00e0 vos projets d'am\u00e9nagement int\u00e9rieur et ext\u00e9rieur. Cette vari\u00e9t\u00e9 de marbre exquise pr\u00e9sente un m\u00e9lange \u00e9tonnant de gris et de blanc, ce qui en fait un choix polyvalent et intemporel pour n'importe quelle application.<\/p>\n<h3><strong>Dalle de marbre gris Tesla : Un aper\u00e7u de la perfection<\/strong><\/h3>\n<p>Le marbre gris Tesla est r\u00e9put\u00e9 pour son esth\u00e9tique exceptionnelle et son caract\u00e8re unique. Il s'agit d'une roche m\u00e9tamorphique qui s'est form\u00e9e au fil des si\u00e8cles, ce qui a donn\u00e9 naissance aux incroyables motifs et nuances qui ornent sa surface. Chaque dalle est une \u0153uvre d'art naturelle, ce qui fait de chaque installation un chef-d'\u0153uvre unique.<\/p>\n<h3><strong>Une beaut\u00e9 et une polyvalence in\u00e9gal\u00e9es<\/strong><\/h3>\n<p>L'une des caract\u00e9ristiques du marbre gris Tesla est sa beaut\u00e9 in\u00e9gal\u00e9e. Les veines d\u00e9licates et le jeu des gris et des blancs cr\u00e9ent une ambiance d'\u00e9l\u00e9gance et de raffinement. Que vous cherchiez \u00e0 cr\u00e9er un design contemporain, classique ou transitionnel, ce marbre s'int\u00e8gre sans effort \u00e0 une large gamme de styles. Il est parfait pour les plans de travail, les sols, les rev\u00eatements muraux, etc.<\/p>\n<h3><strong>L'excellence en mati\u00e8re de d\u00e9veloppement durable<\/strong><\/h3>\n<p>phonenix power stone s'engage \u00e0 respecter l'environnement. Notre marbre gris Tesla provient d'une source responsable, ce qui garantit un impact minimal sur l'environnement. Nous adh\u00e9rons \u00e0 des normes strictes en mati\u00e8re d'\u00e9thique et de d\u00e9veloppement durable, ce qui en fait un excellent choix pour les projets soucieux de l'environnement.<\/p>\n<h3><strong>Des possibilit\u00e9s de conception infinies<\/strong><\/h3>\n<p>La polyvalence de la dalle de marbre gris Tesla ne conna\u00eet pas de limites. Sa palette de couleurs neutres lui permet de s'int\u00e9grer facilement dans une grande vari\u00e9t\u00e9 d'am\u00e9nagements. Cr\u00e9ez une cuisine \u00e9l\u00e9gante et moderne avec des comptoirs Tesla Grey, ajoutez une touche d'opulence \u00e0 votre salle de bain ou transformez vos espaces de vie avec un rev\u00eatement de sol \u00e9l\u00e9gant. L'adaptabilit\u00e9 de ce marbre s'\u00e9tend aux applications commerciales, ce qui en fait un choix populaire pour les h\u00f4tels, les restaurants et les bureaux.<\/p>\n<h3><strong>Durabilit\u00e9 in\u00e9gal\u00e9e<\/strong><\/h3>\n<p>Au-del\u00e0 de son attrait visuel, la dalle de marbre gris Tesla offre une durabilit\u00e9 exceptionnelle. Sa composition naturelle lui permet de r\u00e9sister \u00e0 la chaleur, aux rayures et \u00e0 l'usure quotidienne. Avec un entretien ad\u00e9quat, vos surfaces Tesla Grey conserveront leur fini lustr\u00e9 pendant des ann\u00e9es. Cette durabilit\u00e9 en fait un choix id\u00e9al pour les zones \u00e0 fort trafic et les espaces o\u00f9 la performance est essentielle.<\/p>\n<h3><strong>Une installation sans faille<\/strong><\/h3>\n<p>Nos dalles de marbre gris Tesla sont d\u00e9coup\u00e9es et polies \u00e0 la perfection par des experts, ce qui garantit un processus d'installation sans heurts. La pr\u00e9cision de notre travail garantit que le r\u00e9sultat final est un chef-d'\u0153uvre \u00e9l\u00e9gant et sans faille. Faites confiance \u00e0 phonenix power stone pour la qualit\u00e9 et la pr\u00e9cision que votre projet m\u00e9rite.<\/p>\n<h3><strong>L'entretien facilit\u00e9<\/strong><\/h3>\n<p>Entretenir la beaut\u00e9 de votre marbre gris Tesla est un jeu d'enfant. Un nettoyage r\u00e9gulier \u00e0 l'aide d'un nettoyant pour pierre au pH \u00e9quilibr\u00e9 et un scellement, si n\u00e9cessaire, pr\u00e9serveront son aspect \u00e9poustouflant. Nos experts sont l\u00e0 pour vous guider dans les meilleures pratiques d'entretien du marbre, afin que votre investissement r\u00e9siste \u00e0 l'\u00e9preuve du temps.<\/p>\n<h3><strong>Vivez l'excellence avec phonenix power stone<\/strong><\/h3>\n<p>Chez phonenix power stone, nous nous engageons \u00e0 vous fournir les meilleures solutions en mati\u00e8re de marbre et de granit. Notre dalle de marbre gris Tesla t\u00e9moigne de notre engagement en faveur de la qualit\u00e9, de la durabilit\u00e9 et de la satisfaction du client. En choisissant phonenix power stone, vous choisissez l'excellence dans tous les aspects de votre projet, de la s\u00e9lection \u00e0 l'installation.<\/p>\n<h3><strong>Votre vision, notre expertise<\/strong><\/h3>\n<p>Nous savons que chaque projet est unique et nous sommes l\u00e0 pour donner vie \u00e0 votre vision. Que vous soyez architecte, designer ou propri\u00e9taire, notre \u00e9quipe est pr\u00eate \u00e0 vous aider \u00e0 s\u00e9lectionner la dalle de marbre gris Tesla id\u00e9ale pour votre projet. Nous proposons des options de personnalisation pour que vos r\u00eaves de design deviennent r\u00e9alit\u00e9.<\/p>\n<h3><strong>Commandez d\u00e8s aujourd'hui votre plaque de marbre gris Tesla<\/strong><\/h3>\n<p>Transformez vos espaces en un chef-d'\u0153uvre d'\u00e9l\u00e9gance avec la dalle de marbre gris Tesla de phonenix power stone. \u00c9levez votre design int\u00e9rieur et ext\u00e9rieur avec la beaut\u00e9 intemporelle de ce marbre remarquable. Contactez-nous d\u00e8s aujourd'hui pour discuter de votre projet, demander des \u00e9chantillons ou obtenir un devis personnalis\u00e9. Avec phonenix power stone, vous choisissez l'excellence, la qualit\u00e9 et une beaut\u00e9 in\u00e9gal\u00e9e pour vos espaces.<\/p>\n<\/div>\n<\/div>\n<\/div>\n<\/div>\n<\/div>\n<\/div>\n<\/div>\n<\/div>\n<\/div>","protected":false},"excerpt":{"rendered":"<p>Introducing Tesla Grey Marble Slab \u2013 Unveil Timeless Elegance At phonenix power stone, we take pride in offering premium marble<\/p>","protected":false},"featured_media":27950,"template":"","meta":[],"product_cat":[113],"product_tag":[],"_links":{"self":[{"href":"https:\/\/stone-phoenix.com\/fr\/wp-json\/wp\/v2\/product\/19998"}],"collection":[{"href":"https:\/\/stone-phoenix.com\/fr\/wp-json\/wp\/v2\/product"}],"about":[{"href":"https:\/\/stone-phoenix.com\/fr\/wp-json\/wp\/v2\/types\/product"}],"wp:featuredmedia":[{"embeddable":true,"href":"https:\/\/stone-phoenix.com\/fr\/wp-json\/wp\/v2\/media\/27950"}],"wp:attachment":[{"href":"https:\/\/stone-phoenix.com\/fr\/wp-json\/wp\/v2\/media?parent=19998"}],"wp:term":[{"taxonomy":"product_cat","embeddable":true,"href":"https:\/\/stone-phoenix.com\/fr\/wp-json\/wp\/v2\/product_cat?post=19998"},{"taxonomy":"product_tag","embeddable":true,"href":"https:\/\/stone-phoenix.com\/fr\/wp-json\/wp\/v2\/product_tag?post=19998"}],"curies":[{"name":"wp","href":"https:\/\/api.w.org\/{rel}","templated":true}]}}