{"id":20000,"date":"2023-12-15T11:48:04","date_gmt":"2023-12-15T03:48:04","guid":{"rendered":"http:\/\/stone-phoenix.com\/product\/white-green-marble-slab"},"modified":"2024-04-14T00:34:21","modified_gmt":"2024-04-13T16:34:21","slug":"white-green-marble-slab","status":"publish","type":"product","link":"https:\/\/stone-phoenix.com\/fr\/produit\/white-green-marble-slab","title":{"rendered":"Dalle de marbre blanc vert"},"content":{"rendered":"<div id=\"tab-description\" class=\"woocommerce-Tabs-panel woocommerce-Tabs-panel--description panel entry-content wc-tab\" role=\"tabpanel\" aria-labelledby=\"tab-title-description\">\n<div class=\"rll-youtube-player\" data-src=\"https:\/\/www.youtube.com\/embed\/-WTINnQEBNQ\" data-id=\"-WTINnQEBNQ\" data-query=\"si=0397B_oTF2yLx7iY\"><img loading=\"lazy\" decoding=\"async\" class=\"alignnone  wp-image-27949\" src=\"http:\/\/stone-phoenix.com\/wp-content\/uploads\/2023\/12\/White-Green-Marble-Slab-5.jpg\" alt=\"\" width=\"942\" height=\"648\" srcset=\"https:\/\/stone-phoenix.com\/wp-content\/uploads\/2023\/12\/White-Green-Marble-Slab-5.jpg 685w, https:\/\/stone-phoenix.com\/wp-content\/uploads\/2023\/12\/White-Green-Marble-Slab-5-300x206.jpg 300w, https:\/\/stone-phoenix.com\/wp-content\/uploads\/2023\/12\/White-Green-Marble-Slab-5-18x12.jpg 18w, https:\/\/stone-phoenix.com\/wp-content\/uploads\/2023\/12\/White-Green-Marble-Slab-5-600x413.jpg 600w, https:\/\/stone-phoenix.com\/wp-content\/uploads\/2023\/12\/White-Green-Marble-Slab-5-150x103.jpg 150w\" sizes=\"(max-width: 942px) 100vw, 942px\" \/><\/div>\n<h3><strong>Pr\u00e9sentation des dalles de marbre blanc et vert de phonenix power stone<\/strong><\/h3>\n<p>Chez phonenix power stone, nous sommes tr\u00e8s fiers de proposer une gamme exquise de dalles de marbre blanc vert. Ces dalles t\u00e9moignent de notre engagement en faveur de la qualit\u00e9, du savoir-faire et de la beaut\u00e9 intemporelle de la pierre naturelle. Que vous soyez designer d'int\u00e9rieur, architecte ou propri\u00e9taire, nos dalles de marbre blanc vert sont le choix id\u00e9al pour rehausser l'esth\u00e9tique de vos espaces.<\/p>\n<h3><strong>R\u00e9v\u00e9ler l'\u00e9l\u00e9gance du marbre blanc vert :<\/strong><\/h3>\n<p>Le marbre blanc vert est une pierre naturelle \u00e0 couper le souffle, connue pour son m\u00e9lange unique de sophistication et de s\u00e9r\u00e9nit\u00e9. Avec un fond blanc pr\u00e9dominant, orn\u00e9 de veines vertes complexes, il ajoute une touche de luxe \u00e0 n'importe quel environnement. Les couleurs contrast\u00e9es et les motifs d\u00e9licats en font un choix polyvalent pour un large \u00e9ventail d'applications.<\/p>\n<h3><strong>Une pl\u00e9thore d'applications :<\/strong><\/h3>\n<p>Les dalles de marbre blanc vert de phonenix power stone sont con\u00e7ues pour rehausser la beaut\u00e9 de vos espaces int\u00e9rieurs et ext\u00e9rieurs. Voici quelques applications populaires :<\/p>\n<ol>\n<li><strong>Comptoirs de cuisine :<\/strong> Transformez votre cuisine en un havre de paix culinaire avec des comptoirs en marbre blanc vert qui offrent \u00e0 la fois style et fonctionnalit\u00e9.<\/li>\n<li><strong>Vanit\u00e9s de salle de bains :<\/strong> Cr\u00e9ez une retraite de type spa dans votre salle de bains avec des meubles-lavabos en marbre qui respirent l'\u00e9l\u00e9gance et la sophistication.<\/li>\n<li><strong>Rev\u00eatement de sol :<\/strong> Ornez vos sols de la beaut\u00e9 intemporelle du marbre blanc vert pour faire une impression durable sur les invit\u00e9s et les visiteurs.<\/li>\n<li><strong>Rev\u00eatement mural :<\/strong> Ajoutez du caract\u00e8re \u00e0 vos murs avec des plaques de marbre qui rehaussent l'ambiance g\u00e9n\u00e9rale de votre espace.<\/li>\n<li><strong>Entourage de chemin\u00e9e :<\/strong> Faites de votre chemin\u00e9e un point de mire avec les motifs et les couleurs exquis du marbre blanc vert.<\/li>\n<li><strong>Dessus de table :<\/strong> Cr\u00e9ez de superbes tables de salle \u00e0 manger et de salon qui refl\u00e8tent votre go\u00fbt et votre style impeccables.<\/li>\n<\/ol>\n<h3><strong>Pourquoi choisir le marbre blanc vert de phonenix power stone ?<\/strong><\/h3>\n<ol>\n<li><strong>Une qualit\u00e9 sans compromis :<\/strong> Nous nous approvisionnons en marbre dans les meilleures carri\u00e8res, ce qui garantit que chaque plaque r\u00e9pond aux normes les plus strictes en mati\u00e8re de qualit\u00e9 et de durabilit\u00e9.<\/li>\n<li><strong>Un savoir-faire exquis :<\/strong> Nos artisans qualifi\u00e9s traitent soigneusement chaque plaque, pr\u00e9servant ainsi la beaut\u00e9 naturelle et le caract\u00e8re unique du marbre blanc vert.<\/li>\n<li><strong>Personnalisation :<\/strong> Nous savons que chaque projet est unique. Nous offrons des options de personnalisation pour r\u00e9pondre \u00e0 vos besoins sp\u00e9cifiques, y compris les dimensions, les finitions et les profils des bords.<\/li>\n<li><strong>\u00c9l\u00e9gance intemporelle :<\/strong> Le marbre blanc vert est un choix intemporel qui transcende les tendances et les modes, garantissant que votre investissement restera beau pendant des ann\u00e9es.<\/li>\n<li><strong>Respectueux de l'environnement :<\/strong> phonenix power stone s'engage \u00e0 respecter des pratiques durables et donne la priorit\u00e9 \u00e0 des processus d'extraction et de fabrication respectueux de l'environnement.<\/li>\n<\/ol>\n<h3><strong>Maintenance et entretien :<\/strong><\/h3>\n<p>Le marbre blanc vert est une pierre naturelle qui n\u00e9cessite un entretien appropri\u00e9 pour conserver sa beaut\u00e9 immacul\u00e9e. Un nettoyage r\u00e9gulier \u00e0 l'aide d'un nettoyant doux au pH \u00e9quilibr\u00e9 et un scellement garantiront sa long\u00e9vit\u00e9.<\/p>\n<h3><strong>Conclusion :<\/strong><\/h3>\n<p>phonenix power stone vous invite \u00e0 d\u00e9couvrir la beaut\u00e9 in\u00e9gal\u00e9e des dalles de marbre blanc vert. Notre engagement en faveur de la qualit\u00e9, de l'artisanat et de la satisfaction du client nous distingue en tant que fournisseur de premier plan en Chine. Rehaussez vos espaces de vie avec l'\u00e9l\u00e9gance intemporelle du marbre blanc vert de phonenix power stone. Contactez-nous d\u00e8s aujourd'hui pour discuter de votre projet, demander des \u00e9chantillons et recevoir les conseils de notre \u00e9quipe de professionnels. Choisissez phonenix power stone pour le nec plus ultra des dalles de marbre blanc vert et transformez votre espace en un chef-d'\u0153uvre de beaut\u00e9 naturelle et de luxe.<\/p>\n<\/div>","protected":false},"excerpt":{"rendered":"<p>Introducing Exquisite White Green Marble Slabs from phonenix power stone At phonenix power stone, we take immense pride in offering<\/p>","protected":false},"featured_media":27943,"template":"","meta":[],"product_cat":[113],"product_tag":[],"_links":{"self":[{"href":"https:\/\/stone-phoenix.com\/fr\/wp-json\/wp\/v2\/product\/20000"}],"collection":[{"href":"https:\/\/stone-phoenix.com\/fr\/wp-json\/wp\/v2\/product"}],"about":[{"href":"https:\/\/stone-phoenix.com\/fr\/wp-json\/wp\/v2\/types\/product"}],"wp:featuredmedia":[{"embeddable":true,"href":"https:\/\/stone-phoenix.com\/fr\/wp-json\/wp\/v2\/media\/27943"}],"wp:attachment":[{"href":"https:\/\/stone-phoenix.com\/fr\/wp-json\/wp\/v2\/media?parent=20000"}],"wp:term":[{"taxonomy":"product_cat","embeddable":true,"href":"https:\/\/stone-phoenix.com\/fr\/wp-json\/wp\/v2\/product_cat?post=20000"},{"taxonomy":"product_tag","embeddable":true,"href":"https:\/\/stone-phoenix.com\/fr\/wp-json\/wp\/v2\/product_tag?post=20000"}],"curies":[{"name":"wp","href":"https:\/\/api.w.org\/{rel}","templated":true}]}}