{"id":20002,"date":"2023-12-15T11:48:09","date_gmt":"2023-12-15T03:48:09","guid":{"rendered":"http:\/\/stone-phoenix.com\/product\/wood-grain-jade-marble-slab"},"modified":"2024-04-14T00:23:23","modified_gmt":"2024-04-13T16:23:23","slug":"wood-grain-jade-marble-slab","status":"publish","type":"product","link":"https:\/\/stone-phoenix.com\/fr\/produit\/wood-grain-jade-marble-slab","title":{"rendered":"Dalle de marbre Jade grain de bois"},"content":{"rendered":"<div id=\"tab-description\" class=\"woocommerce-Tabs-panel woocommerce-Tabs-panel--description panel entry-content wc-tab\" role=\"tabpanel\" aria-labelledby=\"tab-title-description\">\n<div class=\"rll-youtube-player\" data-src=\"https:\/\/www.youtube.com\/embed\/9K2xHMbJ9Iw\" data-id=\"9K2xHMbJ9Iw\" data-query=\"si=w3Azt6AjRC37I49G\"><\/div>\n<h3><strong>D\u00e9couvrez l'\u00e9l\u00e9gance des dalles de marbre Jade Wood Grain<\/strong><\/h3>\n<p>phonenix power stone, l'un des principaux fournisseurs de granit et de marbre en Chine, est fier de pr\u00e9senter l'exquise dalle de marbre Wood Grain Jade, un chef-d'\u0153uvre de la nature qui transformera votre vision du design en r\u00e9alit\u00e9.<\/p>\n<h3><strong>R\u00e9v\u00e9ler la beaut\u00e9 du marbre Jade Wood Grain :<\/strong><\/h3>\n<p><em>Plongez dans l'univers captivant du marbre Wood Grain Jade, une fusion unique de motifs semblables \u00e0 ceux du bois et de l'allure intemporelle du marbre. Ces dalles de marbre sont un t\u00e9moignage de l'art de la nature, une symphonie de grains d\u00e9licats et de teintes enchanteresses qui rehausseront n'importe quel environnement.<\/em><\/p>\n<h3><strong>Caract\u00e9ristiques principales :<\/strong><\/h3>\n<ul>\n<li><em>\u00c9l\u00e9gance naturelle<\/em>: Les dalles de marbre Wood Grain Jade offrent l'extraordinaire beaut\u00e9 du marbre, associ\u00e9e \u00e0 la charmante chaleur des motifs de bois. Cette combinaison exquise conf\u00e8re un air de sophistication et d'\u00e9l\u00e9gance intemporelle \u00e0 vos espaces int\u00e9rieurs.<\/li>\n<li><em>Polyvalence<\/em>: Qu'il s'agisse d'un comptoir de cuisine, d'un meuble de salle de bains ou d'un rev\u00eatement de sol luxueux, nos dalles de marbre Wood Grain Jade offrent des possibilit\u00e9s de conception illimit\u00e9es. Leurs tons neutres et leurs motifs complexes s'harmonisent avec tous les styles et toutes les couleurs.<\/li>\n<li><em>Durabilit\u00e9<\/em>: Le marbre est r\u00e9put\u00e9 pour sa durabilit\u00e9, ce qui en fait un choix pratique pour les zones tr\u00e8s fr\u00e9quent\u00e9es de votre maison ou de votre espace commercial. Les dalles de marbre Wood Grain Jade peuvent r\u00e9sister \u00e0 l'\u00e9preuve du temps, en conservant leur beaut\u00e9 et leur int\u00e9grit\u00e9 structurelle pendant des ann\u00e9es.<\/li>\n<li><em>Variations uniques<\/em>: Chaque plaque de marbre Jade Wood Grain est une \u0153uvre d'art unique. Les variations organiques des motifs semblables \u00e0 ceux du bois rendent chaque dalle unique, garantissant que votre projet se d\u00e9marque et raconte une histoire qui lui est propre.<\/li>\n<\/ul>\n<h3><strong>Applications :<\/strong><\/h3>\n<ol>\n<li><strong>Comptoirs de cuisine<\/strong>: \u00c9levez votre espace culinaire avec un comptoir en marbre Jade Wood Grain. La combinaison de la durabilit\u00e9 et de l'\u00e9l\u00e9gance fera de votre cuisine un chef-d'\u0153uvre.<\/li>\n<li><strong>Vanit\u00e9s de salle de bains<\/strong>: Cr\u00e9ez une oasis de bien-\u00eatre avec les veines exquises et les couleurs apaisantes du marbre Wood Grain Jade pour votre meuble de salle de bain.<\/li>\n<li><strong>Rev\u00eatements de sol<\/strong>: Faites preuve d'audace en choisissant le marbre Wood Grain Jade comme rev\u00eatement de sol. La beaut\u00e9 naturelle du marbre donnera \u00e0 votre espace une touche d'opulence.<\/li>\n<li><strong>Rev\u00eatement mural<\/strong>: Accentuez vos murs avec les veines spectaculaires et les riches teintes du marbre Wood Grain Jade pour un look luxueux et \u00e9l\u00e9gant.<\/li>\n<li><strong>Entourages de chemin\u00e9e<\/strong>: Transformez votre chemin\u00e9e en point de mire gr\u00e2ce aux motifs et textures fascinants du marbre Wood Grain Jade.<\/li>\n<\/ol>\n<h3><strong>Un savoir-faire in\u00e9gal\u00e9 :<\/strong><\/h3>\n<p>Chez phonenix power stone, nous sommes fiers de notre engagement en mati\u00e8re de pr\u00e9cision et de qualit\u00e9. Nos artisans qualifi\u00e9s utilisent une technologie de pointe pour traiter les dalles de marbre Wood Grain Jade selon vos sp\u00e9cifications exactes. Que vous ayez besoin de dimensions, de finitions ou de d\u00e9tails de bordures sp\u00e9cifiques, nous pouvons adapter nos produits pour r\u00e9pondre aux besoins uniques de votre projet.<\/p>\n<h3><strong>Durabilit\u00e9 et approvisionnement \u00e9thique :<\/strong><\/h3>\n<p>phonenix power stone s'approvisionne en marbre de jade Wood Grain de mani\u00e8re \u00e9thique, en veillant \u00e0 ce qu'il soit extrait et trait\u00e9 de mani\u00e8re durable et respectueuse de l'environnement.<\/p>\n<h3><strong>Conclusion :<\/strong><\/h3>\n<p>D\u00e9couvrez la beaut\u00e9 et le luxe des dalles de marbre Wood Grain Jade de phonenix power stone. \u00c9levez vos espaces int\u00e9rieurs gr\u00e2ce au m\u00e9lange captivant de motifs semblables \u00e0 ceux du bois et \u00e0 l'allure intemporelle du marbre. Gr\u00e2ce \u00e0 la polyvalence, \u00e0 la durabilit\u00e9 et au caract\u00e8re unique de chaque dalle, le marbre Wood Grain Jade est le choix id\u00e9al pour toute une s\u00e9rie de projets. Faites confiance \u00e0 notre savoir-faire in\u00e9gal\u00e9 et \u00e0 notre engagement en faveur du d\u00e9veloppement durable pour donner vie \u00e0 votre vision du design. Contactez-nous d\u00e8s aujourd'hui pour discuter des exigences de votre projet et d\u00e9couvrir comment le marbre Wood Grain Jade peut transformer votre espace en une \u0153uvre d'art. Commandez d\u00e8s maintenant vos dalles de marbre Wood Grain Jade et int\u00e9grez la beaut\u00e9 de la nature dans votre design. phonenix power stone est votre partenaire de confiance en mati\u00e8re de qualit\u00e9 et d'\u00e9l\u00e9gance.<\/p>\n<p><img loading=\"lazy\" decoding=\"async\" class=\"alignnone wp-image-27937\" src=\"http:\/\/stone-phoenix.com\/wp-content\/uploads\/2023\/12\/Wood-Grain-Jade-Marble-Slab-5.jpg\" alt=\"\" width=\"940\" height=\"1278\" srcset=\"https:\/\/stone-phoenix.com\/wp-content\/uploads\/2023\/12\/Wood-Grain-Jade-Marble-Slab-5.jpg 687w, https:\/\/stone-phoenix.com\/wp-content\/uploads\/2023\/12\/Wood-Grain-Jade-Marble-Slab-5-221x300.jpg 221w, https:\/\/stone-phoenix.com\/wp-content\/uploads\/2023\/12\/Wood-Grain-Jade-Marble-Slab-5-9x12.jpg 9w, https:\/\/stone-phoenix.com\/wp-content\/uploads\/2023\/12\/Wood-Grain-Jade-Marble-Slab-5-600x816.jpg 600w, https:\/\/stone-phoenix.com\/wp-content\/uploads\/2023\/12\/Wood-Grain-Jade-Marble-Slab-5-150x204.jpg 150w\" sizes=\"(max-width: 940px) 100vw, 940px\" \/><\/p>\n<\/div>","protected":false},"excerpt":{"rendered":"<p>Discover the Elegance of Wood Grain Jade Marble Slabs Are you searching for the epitome of luxury and natural beauty<\/p>","protected":false},"featured_media":27940,"template":"","meta":[],"product_cat":[113],"product_tag":[],"_links":{"self":[{"href":"https:\/\/stone-phoenix.com\/fr\/wp-json\/wp\/v2\/product\/20002"}],"collection":[{"href":"https:\/\/stone-phoenix.com\/fr\/wp-json\/wp\/v2\/product"}],"about":[{"href":"https:\/\/stone-phoenix.com\/fr\/wp-json\/wp\/v2\/types\/product"}],"wp:featuredmedia":[{"embeddable":true,"href":"https:\/\/stone-phoenix.com\/fr\/wp-json\/wp\/v2\/media\/27940"}],"wp:attachment":[{"href":"https:\/\/stone-phoenix.com\/fr\/wp-json\/wp\/v2\/media?parent=20002"}],"wp:term":[{"taxonomy":"product_cat","embeddable":true,"href":"https:\/\/stone-phoenix.com\/fr\/wp-json\/wp\/v2\/product_cat?post=20002"},{"taxonomy":"product_tag","embeddable":true,"href":"https:\/\/stone-phoenix.com\/fr\/wp-json\/wp\/v2\/product_tag?post=20002"}],"curies":[{"name":"wp","href":"https:\/\/api.w.org\/{rel}","templated":true}]}}