{"id":20008,"date":"2023-12-15T15:13:17","date_gmt":"2023-12-15T07:13:17","guid":{"rendered":"http:\/\/stone-phoenix.com\/product\/dark-grey-marble-slabs-fulei-stone"},"modified":"2024-04-14T00:08:12","modified_gmt":"2024-04-13T16:08:12","slug":"dark-grey-marble-slabs-fulei-stone","status":"publish","type":"product","link":"https:\/\/stone-phoenix.com\/fr\/produit\/dark-grey-marble-slabs-fulei-stone","title":{"rendered":"Dalle de marbre gris Tesla"},"content":{"rendered":"<div>\n<p>Nous pouvons vous fournir des dalles de marbre gris fonc\u00e9 de qualit\u00e9 sup\u00e9rieure. Notre soci\u00e9t\u00e9 a plus de 25 ans d'exp\u00e9rience dans la fabrication de pierres pour les b\u00e2timents commerciaux, les appartements r\u00e9sidentiels, les projets publics, les restaurants, les h\u00f4tels, les centres de vill\u00e9giature et les villas. Nos clients viennent du monde entier. Nous disposons d'une \u00e9quipe tr\u00e8s professionnelle pour vous aider \u00e0 r\u00e9aliser le devis, l'inspection de la qualit\u00e9, le transport et la d\u00e9claration, le service apr\u00e8s-vente, etc.<\/p>\n<p>N'h\u00e9sitez pas \u00e0 nous contacter \u00e0 tout moment<\/p>\n<p><img loading=\"lazy\" decoding=\"async\" class=\"alignnone size-full wp-image-27931\" src=\"http:\/\/stone-phoenix.com\/wp-content\/uploads\/2023\/12\/Tesla-Grey-Marble-Slab-2.jpg\" alt=\"\" width=\"696\" height=\"514\" srcset=\"https:\/\/stone-phoenix.com\/wp-content\/uploads\/2023\/12\/Tesla-Grey-Marble-Slab-2.jpg 696w, https:\/\/stone-phoenix.com\/wp-content\/uploads\/2023\/12\/Tesla-Grey-Marble-Slab-2-300x222.jpg 300w, https:\/\/stone-phoenix.com\/wp-content\/uploads\/2023\/12\/Tesla-Grey-Marble-Slab-2-16x12.jpg 16w, https:\/\/stone-phoenix.com\/wp-content\/uploads\/2023\/12\/Tesla-Grey-Marble-Slab-2-600x443.jpg 600w, https:\/\/stone-phoenix.com\/wp-content\/uploads\/2023\/12\/Tesla-Grey-Marble-Slab-2-150x111.jpg 150w\" sizes=\"(max-width: 696px) 100vw, 696px\" \/><img loading=\"lazy\" decoding=\"async\" class=\"alignnone  wp-image-27932\" src=\"http:\/\/stone-phoenix.com\/wp-content\/uploads\/2023\/12\/Tesla-Grey-Marble-Slab-1.jpg\" alt=\"\" width=\"695\" height=\"758\" srcset=\"https:\/\/stone-phoenix.com\/wp-content\/uploads\/2023\/12\/Tesla-Grey-Marble-Slab-1.jpg 661w, https:\/\/stone-phoenix.com\/wp-content\/uploads\/2023\/12\/Tesla-Grey-Marble-Slab-1-275x300.jpg 275w, https:\/\/stone-phoenix.com\/wp-content\/uploads\/2023\/12\/Tesla-Grey-Marble-Slab-1-11x12.jpg 11w, https:\/\/stone-phoenix.com\/wp-content\/uploads\/2023\/12\/Tesla-Grey-Marble-Slab-1-600x654.jpg 600w, https:\/\/stone-phoenix.com\/wp-content\/uploads\/2023\/12\/Tesla-Grey-Marble-Slab-1-150x164.jpg 150w\" sizes=\"(max-width: 695px) 100vw, 695px\" \/><\/p>\n<\/div>","protected":false},"excerpt":{"rendered":"<p>Nous pouvons vous fournir des dalles de marbre gris fonc\u00e9 de qualit\u00e9 sup\u00e9rieure. Notre soci\u00e9t\u00e9 a plus de 25 ans d'exp\u00e9rience dans la fabrication de pierres pour les b\u00e2timents commerciaux, les appartements r\u00e9sidentiels, les projets publics, les restaurants, les h\u00f4tels, les centres de vill\u00e9giature et les villas. Nos clients viennent du monde entier. Nous disposons d'une \u00e9quipe tr\u00e8s professionnelle pour vous aider<\/p>","protected":false},"featured_media":20009,"template":"","meta":[],"product_cat":[106],"product_tag":[],"_links":{"self":[{"href":"https:\/\/stone-phoenix.com\/fr\/wp-json\/wp\/v2\/product\/20008"}],"collection":[{"href":"https:\/\/stone-phoenix.com\/fr\/wp-json\/wp\/v2\/product"}],"about":[{"href":"https:\/\/stone-phoenix.com\/fr\/wp-json\/wp\/v2\/types\/product"}],"wp:featuredmedia":[{"embeddable":true,"href":"https:\/\/stone-phoenix.com\/fr\/wp-json\/wp\/v2\/media\/20009"}],"wp:attachment":[{"href":"https:\/\/stone-phoenix.com\/fr\/wp-json\/wp\/v2\/media?parent=20008"}],"wp:term":[{"taxonomy":"product_cat","embeddable":true,"href":"https:\/\/stone-phoenix.com\/fr\/wp-json\/wp\/v2\/product_cat?post=20008"},{"taxonomy":"product_tag","embeddable":true,"href":"https:\/\/stone-phoenix.com\/fr\/wp-json\/wp\/v2\/product_tag?post=20008"}],"curies":[{"name":"wp","href":"https:\/\/api.w.org\/{rel}","templated":true}]}}