{"id":20039,"date":"2023-12-29T19:59:44","date_gmt":"2023-12-29T11:59:44","guid":{"rendered":"http:\/\/stone-phoenix.com\/product\/medallion-floor-tile"},"modified":"2024-04-13T23:56:59","modified_gmt":"2024-04-13T15:56:59","slug":"medallion-floor-tile","status":"publish","type":"product","link":"https:\/\/stone-phoenix.com\/fr\/produit\/medallion-floor-tile","title":{"rendered":"Carreaux de sol en m\u00e9daillon"},"content":{"rendered":"<div id=\"tab-description\" class=\"woocommerce-Tabs-panel woocommerce-Tabs-panel--description panel entry-content wc-tab\" role=\"tabpanel\" aria-labelledby=\"tab-title-description\">\n<div class=\"elementor elementor-27093\" data-elementor-type=\"product-post\" data-elementor-id=\"27093\">\n<div class=\"elementor-inner\">\n<div class=\"elementor-section-wrap\">\n<section class=\"elementor-section elementor-top-section elementor-element elementor-element-2ead3a22 elementor-section-boxed elementor-section-height-default elementor-section-height-default\" data-particle_enable=\"false\" data-particle-mobile-disabled=\"false\" data-id=\"2ead3a22\" data-element_type=\"section\">\n<div class=\"elementor-container elementor-column-gap-default\">\n<div class=\"elementor-row\">\n<div class=\"elementor-column elementor-col-100 elementor-top-column elementor-element elementor-element-316941ce\" data-id=\"316941ce\" data-element_type=\"column\">\n<div class=\"elementor-column-wrap elementor-element-populated\">\n<div class=\"elementor-widget-wrap\">\n<div class=\"elementor-element elementor-element-6669a572 elementor-widget elementor-widget-text-editor\" data-id=\"6669a572\" data-element_type=\"widget\" data-widget_type=\"text-editor.default\">\n<div class=\"elementor-widget-container\">\n<div class=\"elementor-text-editor elementor-clearfix\">Le carreau de sol en m\u00e9daillon est l'un des carreaux d\u00e9coratifs les plus populaires. Les clients peuvent non seulement choisir le granit ou le marbre comme mat\u00e9riaux, mais aussi concevoir leurs propres motifs. Comme le montre l'image, il s'agit d'un motif compos\u00e9 de granit blanc cristallin ,G682 ,G633 ,G654 ,puis coll\u00e9 ensemble. Au cours du processus de production, les ouvriers le d\u00e9coupent en diff\u00e9rentes formes \u00e0 l'aide d'un jet d'eau, et nos ouvriers mesurent si la taille correspond \u00e0 la norme du client.<\/p>\n<p>Le carrelage de sol en m\u00e9daillon est une option id\u00e9ale pour la pose de sols dans les halls ou les espaces ouverts. Le design de ce carreau lui conf\u00e8re un aspect \u00e9l\u00e9gant et rehaussera la beaut\u00e9 de vos int\u00e9rieurs.<\/p>\n<p>Les m\u00e9daillons en marbre sont beaucoup plus chers que les m\u00e9daillons en granit. Si vous utilisez le sol pour des pi\u00e8ces int\u00e9rieures, des halls ou des suites d'h\u00f4tel haut de gamme, vous pouvez choisir des mat\u00e9riaux en marbre. Si vous utilisez le granit pour des \u00e9coles, des a\u00e9roports ou des b\u00e2timents publics, vous pouvez choisir le granit comme mat\u00e9riau.<\/p>\n<p><img loading=\"lazy\" decoding=\"async\" class=\"alignnone  wp-image-27926\" src=\"http:\/\/stone-phoenix.com\/wp-content\/uploads\/2023\/12\/Medallion-Floor-Tile-1-1.jpg\" alt=\"\" width=\"958\" height=\"896\" srcset=\"https:\/\/stone-phoenix.com\/wp-content\/uploads\/2023\/12\/Medallion-Floor-Tile-1-1.jpg 693w, https:\/\/stone-phoenix.com\/wp-content\/uploads\/2023\/12\/Medallion-Floor-Tile-1-1-300x281.jpg 300w, https:\/\/stone-phoenix.com\/wp-content\/uploads\/2023\/12\/Medallion-Floor-Tile-1-1-13x12.jpg 13w, https:\/\/stone-phoenix.com\/wp-content\/uploads\/2023\/12\/Medallion-Floor-Tile-1-1-600x561.jpg 600w, https:\/\/stone-phoenix.com\/wp-content\/uploads\/2023\/12\/Medallion-Floor-Tile-1-1-150x140.jpg 150w\" sizes=\"(max-width: 958px) 100vw, 958px\" \/><\/p>\n<\/div>\n<\/div>\n<\/div>\n<\/div>\n<\/div>\n<\/div>\n<\/div>\n<\/div>\n<\/section>\n<\/div>\n<\/div>\n<\/div>\n<\/div>","protected":false},"excerpt":{"rendered":"<p>The medallion floor tile is one of the most popular decorative tiles. Customers can not only choose granite or marble<\/p>","protected":false},"featured_media":27921,"template":"","meta":[],"product_cat":[112],"product_tag":[],"_links":{"self":[{"href":"https:\/\/stone-phoenix.com\/fr\/wp-json\/wp\/v2\/product\/20039"}],"collection":[{"href":"https:\/\/stone-phoenix.com\/fr\/wp-json\/wp\/v2\/product"}],"about":[{"href":"https:\/\/stone-phoenix.com\/fr\/wp-json\/wp\/v2\/types\/product"}],"wp:featuredmedia":[{"embeddable":true,"href":"https:\/\/stone-phoenix.com\/fr\/wp-json\/wp\/v2\/media\/27921"}],"wp:attachment":[{"href":"https:\/\/stone-phoenix.com\/fr\/wp-json\/wp\/v2\/media?parent=20039"}],"wp:term":[{"taxonomy":"product_cat","embeddable":true,"href":"https:\/\/stone-phoenix.com\/fr\/wp-json\/wp\/v2\/product_cat?post=20039"},{"taxonomy":"product_tag","embeddable":true,"href":"https:\/\/stone-phoenix.com\/fr\/wp-json\/wp\/v2\/product_tag?post=20039"}],"curies":[{"name":"wp","href":"https:\/\/api.w.org\/{rel}","templated":true}]}}