{"id":20060,"date":"2023-12-29T20:00:22","date_gmt":"2023-12-29T12:00:22","guid":{"rendered":"http:\/\/stone-phoenix.com\/product\/spray-white-granite-sea-wave-granite"},"modified":"2024-04-13T12:39:37","modified_gmt":"2024-04-13T04:39:37","slug":"spray-white-granite-sea-wave-granite","status":"publish","type":"product","link":"https:\/\/stone-phoenix.com\/fr\/produit\/spray-white-granite-sea-wave-granite","title":{"rendered":"Spray White Granite Sea Wave Granite"},"content":{"rendered":"<div id=\"tab-description\" class=\"woocommerce-Tabs-panel woocommerce-Tabs-panel--description panel entry-content wc-tab\" role=\"tabpanel\" aria-labelledby=\"tab-title-description\">\n<div id=\"ali-anchor-AliPostDhMb-6q8vw\" style=\"padding-top: 8px;\" data-section=\"AliPostDhMb-6q8vw\" data-section-title=\"Product Description\">\n<div>\n<h2 style=\"text-align: center;\">Spray White Granite Sea Wave Granite<\/h2>\n<p>Lorsqu'il s'agit de plans de travail beaux et durables, le granit Sea Wave et le granit Spray White sont deux choix populaires qui viennent \u00e0 l'esprit. Ces superbes pierres naturelles sont largement utilis\u00e9es dans les espaces r\u00e9sidentiels et commerciaux en raison de leur attrait intemporel, de leur durabilit\u00e9 impressionnante et de leur polyvalence en mati\u00e8re de design.<\/p>\n<p>Le granit Sea Wave, \u00e9galement connu sous le nom de granit Spray White, est une pierre blanche et grise saisissante qui pr\u00e9sente des veines spectaculaires rappelant les vagues s'\u00e9crasant sur le rivage. Le fond blanc du granit est interrompu par des tourbillons de gris, de noir et de beige, qui se combinent pour cr\u00e9er un motif fascinant et complexe. Le motif unique du granit Sea Wave en fait un choix remarquable pour tout espace qui exige de l'attention, et il s'associe magnifiquement \u00e0 toute une gamme de styles de conception.<\/p>\n<p>Le granit Spray White est un type de granit dont le fond est blanc et dont les veines grises, noires et beiges rappellent les embruns des vagues. Les motifs complexes du granit Spray White cr\u00e9ent un impact visuel \u00e9tonnant qui peut ajouter de l'\u00e9l\u00e9gance et de la sophistication \u00e0 n'importe quel espace. Sa palette de couleurs neutres en fait un choix polyvalent qui peut s'int\u00e9grer \u00e0 une gamme de styles de conception, du moderne au traditionnel.<\/p>\n<p>L'un des principaux avantages du granit Sea Wave et du granit Spray White est leur durabilit\u00e9 exceptionnelle. Ces pierres naturelles sont tr\u00e8s r\u00e9sistantes \u00e0 la chaleur, aux rayures et aux taches, ce qui en fait un choix id\u00e9al pour les zones tr\u00e8s fr\u00e9quent\u00e9es comme les cuisines et les salles de bains.<\/p>\n<p>Outre leur durabilit\u00e9, ils sont \u00e9galement appr\u00e9ci\u00e9s pour leur beaut\u00e9 naturelle. Chaque plaque de granit est unique, avec son propre motif et ses variations de couleur et de veinage. Cela signifie qu'il n'y a pas deux comptoirs Sea Wave ou Spray White identiques, ce qui en fait un ajout unique \u00e0 n'importe quel espace.<\/p>\n<p>Ces pierres naturelles peuvent \u00eatre utilis\u00e9es dans toute une s\u00e9rie d'applications, depuis les plans de travail et les dosserets jusqu'aux rev\u00eatements de sol et aux murs d'accent. Elles se marient parfaitement avec divers mat\u00e9riaux, notamment le bois, le m\u00e9tal et le verre, ce qui en fait un choix id\u00e9al pour cr\u00e9er un programme d'am\u00e9nagement coh\u00e9rent et \u00e9l\u00e9gant.<\/p>\n<p>L'une des applications les plus populaires du granit Sea Wave et du granit Spray White est la cuisine. Ces pierres naturelles sont tr\u00e8s r\u00e9sistantes \u00e0 la chaleur et aux rayures, ce qui en fait un choix id\u00e9al pour les plans de travail soumis \u00e0 un usage intensif. Leur palette de couleurs neutres en fait \u00e9galement un choix polyvalent qui peut s'harmoniser avec toute une gamme de styles de cuisine, du moderne au traditionnel.<\/p>\n<p>En conclusion, le granit Sea Wave et le granit Spray White sont deux pierres naturelles qui offrent une beaut\u00e9, une durabilit\u00e9 et une polyvalence exceptionnelles. Qu'elles soient utilis\u00e9es dans une cuisine, une salle de bains ou tout autre espace, ces pierres \u00e9tonnantes ne manqueront pas de faire une impression durable et d'offrir des ann\u00e9es de performances fiables.<\/p>\n<\/div>\n<div id=\"ali-title-AliPostDhMb-6q8vw\" style=\"padding: 8px 0; border-bottom: 1px solid #ddd;\"><span style=\"background-color: #ddd; color: #333; font-weight: bold; padding: 8px 10px; line-height: 12px;\">Description du produit<\/span><\/div>\n<div style=\"padding: 10px 0;\">\n<table class=\"aliDataTable\" style=\"color: #000000; font-family: Arial; font-size: 12px; font-style: normal; font-weight: 400; background-color: #ffffff; width: 698px; height: 226px; border: 1px solid #b3b3b3;\">\n<tbody>\n<tr>\n<td style=\"border: 1px solid #707070; width: 159.663px;\"><strong><span style=\"font-family: arial, helvetica, sans-serif; font-size: 14px;\">Nom du produit :<\/span><\/strong><\/td>\n<td style=\"border: 1px solid #707070; width: 553.337px;\">Granit Sea Stone Wave Salt Pepper Spray White Fiorito Granite<\/td>\n<\/tr>\n<tr>\n<td style=\"border: 1px solid #707070; width: 159.663px;\"><strong><span style=\"font-family: arial, helvetica, sans-serif; font-size: 14px;\">Mat\u00e9riau :<\/span><\/strong><\/td>\n<td style=\"border: 1px solid #707070; width: 553.337px;\"><span style=\"font-size: 14px;\">Granit<\/span><\/td>\n<\/tr>\n<tr>\n<td style=\"border: 1px solid #707070; width: 159.663px;\"><strong><span style=\"font-family: arial, helvetica, sans-serif; font-size: 14px;\">Couleur :<\/span><\/strong><\/td>\n<td style=\"border: 1px solid #707070; width: 553.337px;\"><span style=\"font-family: arial, helvetica, sans-serif; font-size: 14px;\">Blanc, noir, jaune, rouge, rose, gris, brun, bleu, vert, etc.<\/span><\/td>\n<\/tr>\n<tr>\n<td style=\"border: 1px solid #707070; width: 159.663px;\" rowspan=\"3\"><strong><span style=\"font-family: arial, helvetica, sans-serif; font-size: 14px;\">Taille :<\/span><\/strong><\/td>\n<td style=\"border: 1px solid #707070; width: 553.337px;\"><span style=\"text-decoration: underline;\"><span style=\"font-size: 14px;\">Carreaux disponibles <\/span><\/span><br \/>\n<span style=\"font-size: 14px;\">12\u2019x12\u2033,24\u2019x24\u2033,12\u2019x24\u2033,etc <\/span><span style=\"font-size: 14px;\">300x300mm,300x600mm,400x400mm,600x600mm,etc<\/span><\/td>\n<\/tr>\n<tr>\n<td style=\"border: 1px solid #707070; width: 553.337px;\"><span style=\"text-decoration: underline;\"><span style=\"font-size: 14px;\">Dalles disponibles <\/span><\/span><\/p>\n<p><span style=\"font-size: 14px;\">180cmUpx60UP,180cmUpx65cmUP,180cmUpx70cmUP,etc<\/span><br \/>\n<span style=\"font-size: 14px;\">240cmUpx120cmUP,etc<\/span><\/td>\n<\/tr>\n<tr>\n<td style=\"border: 1px solid #707070; width: 553.337px;\"><span style=\"font-family: arial, helvetica, sans-serif; font-size: 14px;\">Des sp\u00e9cifications personnalis\u00e9es sont disponibles<\/span><\/td>\n<\/tr>\n<tr>\n<td style=\"border: 1px solid #707070; width: 159.663px;\"><strong><span style=\"font-family: arial, helvetica, sans-serif; font-size: 14px;\">Tol\u00e9rance d'\u00e9paisseur :<\/span><\/strong><\/td>\n<td style=\"border: 1px solid #707070; width: 553.337px;\"><span style=\"font-family: arial, helvetica, sans-serif; font-size: 14px;\">\u00b10,05mm, \u00b11mm, \u00b11,5mm, \u00b12mm, selon les exigences de qualit\u00e9 du client<\/span><\/td>\n<\/tr>\n<tr>\n<td style=\"border: 1px solid #707070; width: 159.663px;\"><strong><span style=\"font-family: arial, helvetica, sans-serif; font-size: 14px;\">Surface :<\/span><\/strong><\/td>\n<td style=\"border: 1px solid #707070; width: 553.337px;\"><span style=\"font-family: arial, helvetica, sans-serif; font-size: 14px;\">P<\/span><span style=\"font-size: 14px;\">ol\u00e9, adouci, flamm\u00e9, sabl\u00e9, bouchard\u00e9, fendu naturel, flamm\u00e9 et bross\u00e9, etc.<\/span><\/td>\n<\/tr>\n<tr>\n<td style=\"border: 1px solid #707070; width: 159.663px;\"><strong><span style=\"font-family: arial, helvetica, sans-serif; font-size: 14px;\">Emballage :<\/span><\/strong><\/td>\n<td style=\"border: 1px solid #707070; width: 553.337px;\"><span style=\"font-size: 14px;\">Palettes en bois en \u00e9tat de navigabilit\u00e9, fardeaux en bois et caisses en bois<\/span><\/td>\n<\/tr>\n<tr>\n<td style=\"border: 1px solid #707070; width: 159.663px;\"><strong><span style=\"font-family: arial, helvetica, sans-serif; font-size: 14px;\">Application :<\/span><\/strong><\/td>\n<td style=\"border: 1px solid #707070; width: 553.337px;\"><span style=\"font-family: arial, helvetica, sans-serif; font-size: 14px;\">Sol, mur, motif, comptoir, d\u00e9coration int\u00e9rieure et ext\u00e9rieure<\/span><\/td>\n<\/tr>\n<tr>\n<td style=\"border: 1px solid #707070; width: 159.663px;\"><strong><span style=\"font-family: arial, helvetica, sans-serif; font-size: 14px;\">D\u00e9lai de livraison :<\/span><\/strong><\/td>\n<td style=\"border: 1px solid #707070; width: 553.337px;\"><span style=\"font-size: 14px;\">15-20 jours pour l'enregistrement<\/span><span style=\"font-family: arial, helvetica, sans-serif; font-size: 14px;\">tailles lar<\/span><\/td>\n<\/tr>\n<tr>\n<td style=\"border: 1px solid #707070; width: 159.663px;\"><strong><span style=\"font-family: arial, helvetica, sans-serif; font-size: 14px;\">Certificat :<\/span><\/strong><\/td>\n<td style=\"border: 1px solid #707070; width: 553.337px;\"><span style=\"font-family: arial, helvetica, sans-serif; font-size: 14px;\">CE, SGS<\/span><\/td>\n<\/tr>\n<tr>\n<td style=\"border: 1px solid #707070; width: 159.663px;\"><strong><span style=\"font-family: arial, helvetica, sans-serif; font-size: 14px;\">Conditions de paiement :<\/span><\/strong><\/td>\n<td style=\"border: 1px solid #707070; width: 553.337px;\"><span style=\"font-size: 14px;\">T\/T, L\/C, D<span style=\"color: #000000; font-family: Verdana, Arial, Helvetica, sans-serif; font-size: 14px; font-style: normal; font-weight: 400; background-color: #ffffff; float: none;\">\/<\/span>P<\/span><\/td>\n<\/tr>\n<tr>\n<td style=\"border: 1px solid #707070; width: 159.663px;\"><strong><span style=\"font-family: arial, helvetica, sans-serif; font-size: 14px;\">Avantage :<\/span><\/strong><\/td>\n<td style=\"border: 1px solid #707070; width: 553.337px;\"><span style=\"font-family: arial, helvetica, sans-serif; font-size: 14px;\">1) Service unique pour la pierre ;<\/span><\/p>\n<p><span style=\"font-family: arial, helvetica, sans-serif; font-size: 14px;\">2) poss\u00e8dent 3 carri\u00e8res et 9 usines ;<\/span><\/p>\n<p><span style=\"font-family: arial, helvetica, sans-serif; font-size: 14px;\">3) Des supports technologiques de pointe.<\/span><\/td>\n<\/tr>\n<tr>\n<td style=\"border: 1px solid #707070; width: 159.663px;\"><strong><span style=\"font-family: arial, helvetica, sans-serif; font-size: 14px;\">Assurance de la qualit\u00e9 et de la livraison :\u00a0<\/span><\/strong><\/td>\n<td style=\"border: 1px solid #707070; width: 553.337px;\"><span style=\"font-size: 14px;\">Tout au long du processus de production, du choix des mat\u00e9riaux \u00e0 l'emballage en passant par la fabrication, notre service de contr\u00f4le de la qualit\u00e9 contr\u00f4le rigoureusement chaque pi\u00e8ce et chaque processus afin de garantir le respect des normes de qualit\u00e9 et le respect des d\u00e9lais de livraison.<\/span><\/td>\n<\/tr>\n<\/tbody>\n<\/table>\n<p><img loading=\"lazy\" decoding=\"async\" class=\"alignnone wp-image-27890\" src=\"http:\/\/stone-phoenix.com\/wp-content\/uploads\/2023\/12\/Spray-White-Granite-Sea-Wave-Granite-5.jpg\" alt=\"\" width=\"890\" height=\"888\" srcset=\"https:\/\/stone-phoenix.com\/wp-content\/uploads\/2023\/12\/Spray-White-Granite-Sea-Wave-Granite-5.jpg 696w, https:\/\/stone-phoenix.com\/wp-content\/uploads\/2023\/12\/Spray-White-Granite-Sea-Wave-Granite-5-300x300.jpg 300w, https:\/\/stone-phoenix.com\/wp-content\/uploads\/2023\/12\/Spray-White-Granite-Sea-Wave-Granite-5-150x150.jpg 150w, https:\/\/stone-phoenix.com\/wp-content\/uploads\/2023\/12\/Spray-White-Granite-Sea-Wave-Granite-5-12x12.jpg 12w, https:\/\/stone-phoenix.com\/wp-content\/uploads\/2023\/12\/Spray-White-Granite-Sea-Wave-Granite-5-600x598.jpg 600w\" sizes=\"(max-width: 890px) 100vw, 890px\" \/><img loading=\"lazy\" decoding=\"async\" class=\"alignnone wp-image-27891\" src=\"http:\/\/stone-phoenix.com\/wp-content\/uploads\/2023\/12\/Spray-White-Granite-Sea-Wave-Granite-6.jpg\" alt=\"\" width=\"889\" height=\"889\" srcset=\"https:\/\/stone-phoenix.com\/wp-content\/uploads\/2023\/12\/Spray-White-Granite-Sea-Wave-Granite-6.jpg 697w, https:\/\/stone-phoenix.com\/wp-content\/uploads\/2023\/12\/Spray-White-Granite-Sea-Wave-Granite-6-300x300.jpg 300w, https:\/\/stone-phoenix.com\/wp-content\/uploads\/2023\/12\/Spray-White-Granite-Sea-Wave-Granite-6-150x150.jpg 150w, https:\/\/stone-phoenix.com\/wp-content\/uploads\/2023\/12\/Spray-White-Granite-Sea-Wave-Granite-6-12x12.jpg 12w, https:\/\/stone-phoenix.com\/wp-content\/uploads\/2023\/12\/Spray-White-Granite-Sea-Wave-Granite-6-600x600.jpg 600w\" sizes=\"(max-width: 889px) 100vw, 889px\" \/><img loading=\"lazy\" decoding=\"async\" class=\"alignnone wp-image-27892\" src=\"http:\/\/stone-phoenix.com\/wp-content\/uploads\/2023\/12\/Spray-White-Granite-Sea-Wave-Granite-3-1.jpg\" alt=\"\" width=\"893\" height=\"694\" srcset=\"https:\/\/stone-phoenix.com\/wp-content\/uploads\/2023\/12\/Spray-White-Granite-Sea-Wave-Granite-3-1.jpg 619w, https:\/\/stone-phoenix.com\/wp-content\/uploads\/2023\/12\/Spray-White-Granite-Sea-Wave-Granite-3-1-300x233.jpg 300w, https:\/\/stone-phoenix.com\/wp-content\/uploads\/2023\/12\/Spray-White-Granite-Sea-Wave-Granite-3-1-15x12.jpg 15w, https:\/\/stone-phoenix.com\/wp-content\/uploads\/2023\/12\/Spray-White-Granite-Sea-Wave-Granite-3-1-600x466.jpg 600w, https:\/\/stone-phoenix.com\/wp-content\/uploads\/2023\/12\/Spray-White-Granite-Sea-Wave-Granite-3-1-150x117.jpg 150w\" sizes=\"(max-width: 893px) 100vw, 893px\" \/><img loading=\"lazy\" decoding=\"async\" class=\"alignnone wp-image-27893\" src=\"http:\/\/stone-phoenix.com\/wp-content\/uploads\/2023\/12\/Spray-White-Granite-Sea-Wave-Granite-7.jpg\" alt=\"\" width=\"892\" height=\"925\" srcset=\"https:\/\/stone-phoenix.com\/wp-content\/uploads\/2023\/12\/Spray-White-Granite-Sea-Wave-Granite-7.jpg 663w, https:\/\/stone-phoenix.com\/wp-content\/uploads\/2023\/12\/Spray-White-Granite-Sea-Wave-Granite-7-290x300.jpg 290w, https:\/\/stone-phoenix.com\/wp-content\/uploads\/2023\/12\/Spray-White-Granite-Sea-Wave-Granite-7-12x12.jpg 12w, https:\/\/stone-phoenix.com\/wp-content\/uploads\/2023\/12\/Spray-White-Granite-Sea-Wave-Granite-7-600x622.jpg 600w, https:\/\/stone-phoenix.com\/wp-content\/uploads\/2023\/12\/Spray-White-Granite-Sea-Wave-Granite-7-150x155.jpg 150w\" sizes=\"(max-width: 892px) 100vw, 892px\" \/><img loading=\"lazy\" decoding=\"async\" class=\"alignnone wp-image-27894\" src=\"http:\/\/stone-phoenix.com\/wp-content\/uploads\/2023\/12\/Spray-White-Granite-Sea-Wave-Granite-9-1.jpg\" alt=\"\" width=\"888\" height=\"887\" srcset=\"https:\/\/stone-phoenix.com\/wp-content\/uploads\/2023\/12\/Spray-White-Granite-Sea-Wave-Granite-9-1.jpg 1122w, https:\/\/stone-phoenix.com\/wp-content\/uploads\/2023\/12\/Spray-White-Granite-Sea-Wave-Granite-9-1-300x300.jpg 300w, https:\/\/stone-phoenix.com\/wp-content\/uploads\/2023\/12\/Spray-White-Granite-Sea-Wave-Granite-9-1-1024x1022.jpg 1024w, https:\/\/stone-phoenix.com\/wp-content\/uploads\/2023\/12\/Spray-White-Granite-Sea-Wave-Granite-9-1-150x150.jpg 150w, https:\/\/stone-phoenix.com\/wp-content\/uploads\/2023\/12\/Spray-White-Granite-Sea-Wave-Granite-9-1-768x767.jpg 768w, https:\/\/stone-phoenix.com\/wp-content\/uploads\/2023\/12\/Spray-White-Granite-Sea-Wave-Granite-9-1-12x12.jpg 12w, https:\/\/stone-phoenix.com\/wp-content\/uploads\/2023\/12\/Spray-White-Granite-Sea-Wave-Granite-9-1-600x599.jpg 600w\" sizes=\"(max-width: 888px) 100vw, 888px\" \/><img loading=\"lazy\" decoding=\"async\" class=\"alignnone wp-image-27895\" src=\"http:\/\/stone-phoenix.com\/wp-content\/uploads\/2023\/12\/Spray-White-Granite-Sea-Wave-Granite-8.jpg\" alt=\"\" width=\"888\" height=\"671\" srcset=\"https:\/\/stone-phoenix.com\/wp-content\/uploads\/2023\/12\/Spray-White-Granite-Sea-Wave-Granite-8.jpg 1120w, https:\/\/stone-phoenix.com\/wp-content\/uploads\/2023\/12\/Spray-White-Granite-Sea-Wave-Granite-8-300x227.jpg 300w, https:\/\/stone-phoenix.com\/wp-content\/uploads\/2023\/12\/Spray-White-Granite-Sea-Wave-Granite-8-1024x773.jpg 1024w, https:\/\/stone-phoenix.com\/wp-content\/uploads\/2023\/12\/Spray-White-Granite-Sea-Wave-Granite-8-768x580.jpg 768w, https:\/\/stone-phoenix.com\/wp-content\/uploads\/2023\/12\/Spray-White-Granite-Sea-Wave-Granite-8-16x12.jpg 16w, https:\/\/stone-phoenix.com\/wp-content\/uploads\/2023\/12\/Spray-White-Granite-Sea-Wave-Granite-8-600x453.jpg 600w, https:\/\/stone-phoenix.com\/wp-content\/uploads\/2023\/12\/Spray-White-Granite-Sea-Wave-Granite-8-150x113.jpg 150w\" sizes=\"(max-width: 888px) 100vw, 888px\" \/><\/p>\n<\/div>\n<\/div>\n<\/div>","protected":false},"excerpt":{"rendered":"<p>Spray White Granite Sea Wave Granite When it comes to beautiful and durable countertops, Sea Wave granite and Spray White<\/p>","protected":false},"featured_media":27884,"template":"","meta":[],"product_cat":[112],"product_tag":[],"_links":{"self":[{"href":"https:\/\/stone-phoenix.com\/fr\/wp-json\/wp\/v2\/product\/20060"}],"collection":[{"href":"https:\/\/stone-phoenix.com\/fr\/wp-json\/wp\/v2\/product"}],"about":[{"href":"https:\/\/stone-phoenix.com\/fr\/wp-json\/wp\/v2\/types\/product"}],"wp:featuredmedia":[{"embeddable":true,"href":"https:\/\/stone-phoenix.com\/fr\/wp-json\/wp\/v2\/media\/27884"}],"wp:attachment":[{"href":"https:\/\/stone-phoenix.com\/fr\/wp-json\/wp\/v2\/media?parent=20060"}],"wp:term":[{"taxonomy":"product_cat","embeddable":true,"href":"https:\/\/stone-phoenix.com\/fr\/wp-json\/wp\/v2\/product_cat?post=20060"},{"taxonomy":"product_tag","embeddable":true,"href":"https:\/\/stone-phoenix.com\/fr\/wp-json\/wp\/v2\/product_tag?post=20060"}],"curies":[{"name":"wp","href":"https:\/\/api.w.org\/{rel}","templated":true}]}}