{"id":20066,"date":"2023-12-29T20:00:32","date_gmt":"2023-12-29T12:00:32","guid":{"rendered":"http:\/\/stone-phoenix.com\/product\/maple-red-granite"},"modified":"2024-04-13T12:13:57","modified_gmt":"2024-04-13T04:13:57","slug":"maple-red-granite","status":"publish","type":"product","link":"https:\/\/stone-phoenix.com\/fr\/produit\/maple-red-granite","title":{"rendered":"Granit rouge \u00e9rable"},"content":{"rendered":"<div id=\"tab-description\" class=\"woocommerce-Tabs-panel woocommerce-Tabs-panel--description panel entry-content wc-tab\" role=\"tabpanel\" aria-labelledby=\"tab-title-description\">\n<div id=\"ali-anchor-AliPostDhMb-6q8vw\" style=\"padding-top: 8px;\" data-section=\"AliPostDhMb-6q8vw\" data-section-title=\"Product Description\">\n<h2 style=\"text-align: center;\">Granit rouge \u00e9rable<\/h2>\n<p>Les carreaux de granit rouge Maple \u00e0 vendre sont des min\u00e9raux tr\u00e8s durables, durs et denses. Ces carreaux de granit peuvent \u00eatre utilis\u00e9s pour les sols int\u00e9rieurs et ext\u00e9rieurs, les murs, les cuisines et les salles de bains. La couleur la plus courante est le blanc, mais il existe de nombreuses variantes de ce mat\u00e9riau naturel qui sont disponibles pour un usage commercial. Le granit est connu pour sa durabilit\u00e9 et sa r\u00e9sistance aux produits de nettoyage abrasifs et aux taches.<\/p>\n<p>Les carreaux de granit rouge Maple sont tr\u00e8s appr\u00e9ci\u00e9s pour les comptoirs de cuisine et les sols de salle de bains, mais ils peuvent \u00e9galement constituer de magnifiques dosserets et rev\u00eatements de sol. Nos carreaux de granit sont id\u00e9aux pour les applications r\u00e9sidentielles et commerciales, y compris les cuisines, les salles de bains et toutes les autres zones o\u00f9 des surfaces en pierre sont souhait\u00e9es.<\/p>\n<p>Les carreaux de granit rouge Maple sont des pierres naturelles solides et durables. Il est id\u00e9al pour les rev\u00eatements de sol, les murs et les comptoirs dans les cuisines, les salles de bains et les autres pi\u00e8ces de la maison. Avec une vari\u00e9t\u00e9 de couleurs et de textures, les consommateurs peuvent utiliser les carreaux de granit pour cr\u00e9er un look unique \u00e0 leur espace. A la fois abordable et \u00e9l\u00e9gant, ce carrelage peut transformer n'importe quelle pi\u00e8ce en un espace fonctionnel et magnifique.<\/p>\n<div id=\"ali-title-AliPostDhMb-6q8vw\" style=\"padding: 8px 0; border-bottom: 1px solid #ddd;\"><span style=\"background-color: #ddd; color: #333; font-weight: bold; padding: 8px 10px; line-height: 12px;\">Description du produit<\/span><\/div>\n<div style=\"padding: 10px 0;\">\n<table class=\"aliDataTable\" style=\"color: #000000; font-family: Arial; font-size: 12px; font-style: normal; font-weight: 400; background-color: #ffffff; width: 698px; height: 226px; border: 1px solid #b3b3b3;\">\n<tbody>\n<tr>\n<td style=\"border: 1px solid #707070; width: 159.663px;\"><strong><span style=\"font-family: arial, helvetica, sans-serif; font-size: 14px;\">Nom du produit :<\/span><\/strong><\/td>\n<td style=\"border: 1px solid #707070; width: 553.337px;\">maison r\u00e9sidentielle 30\u00d760 sol en pierre \u00e9rable granit rouge carrelage<\/td>\n<\/tr>\n<tr>\n<td style=\"border: 1px solid #707070; width: 159.663px;\"><strong><span style=\"font-family: arial, helvetica, sans-serif; font-size: 14px;\">Mat\u00e9riau :<\/span><\/strong><\/td>\n<td style=\"border: 1px solid #707070; width: 553.337px;\"><span style=\"font-size: 14px;\">Rouge \u00e9rable Granit<\/span><\/td>\n<\/tr>\n<tr>\n<td style=\"border: 1px solid #707070; width: 159.663px;\"><strong><span style=\"font-family: arial, helvetica, sans-serif; font-size: 14px;\">Couleur :<\/span><\/strong><\/td>\n<td style=\"border: 1px solid #707070; width: 553.337px;\"><span style=\"font-family: arial, helvetica, sans-serif; font-size: 14px;\">Blanc, noir, jaune, rouge, rose, gris, brun, bleu, vert, etc.<\/span><\/td>\n<\/tr>\n<tr>\n<td style=\"border: 1px solid #707070; width: 159.663px;\" rowspan=\"3\"><strong><span style=\"font-family: arial, helvetica, sans-serif; font-size: 14px;\">Taille :<\/span><\/strong><\/td>\n<td style=\"border: 1px solid #707070; width: 553.337px;\"><span style=\"text-decoration: underline;\"><span style=\"font-size: 14px;\">Carreaux disponibles <\/span><\/span><br \/>\n<span style=\"font-size: 14px;\">12\u2019x12\u2033,24\u2019x24\u2033,12\u2019x24\u2033,etc <\/span><span style=\"font-size: 14px;\">300x300mm,300x600mm,400x400mm,600x600mm,etc<\/span><\/td>\n<\/tr>\n<tr>\n<td style=\"border: 1px solid #707070; width: 553.337px;\"><span style=\"text-decoration: underline;\"><span style=\"font-size: 14px;\">Dalles disponibles <\/span><\/span><\/p>\n<p><span style=\"font-size: 14px;\">180cmUpx60UP,180cmUpx65cmUP,180cmUpx70cmUP,etc<\/span><br \/>\n<span style=\"font-size: 14px;\">240cmUpx120cmUP,etc<\/span><\/td>\n<\/tr>\n<tr>\n<td style=\"border: 1px solid #707070; width: 553.337px;\"><span style=\"font-family: arial, helvetica, sans-serif; font-size: 14px;\">Des sp\u00e9cifications personnalis\u00e9es sont disponibles<\/span><\/td>\n<\/tr>\n<tr>\n<td style=\"border: 1px solid #707070; width: 159.663px;\"><strong><span style=\"font-family: arial, helvetica, sans-serif; font-size: 14px;\">Tol\u00e9rance d'\u00e9paisseur :<\/span><\/strong><\/td>\n<td style=\"border: 1px solid #707070; width: 553.337px;\"><span style=\"font-family: arial, helvetica, sans-serif; font-size: 14px;\">\u00b10,05mm, \u00b11mm, \u00b11,5mm, \u00b12mm, selon les exigences de qualit\u00e9 du client<\/span><\/td>\n<\/tr>\n<tr>\n<td style=\"border: 1px solid #707070; width: 159.663px;\"><strong><span style=\"font-family: arial, helvetica, sans-serif; font-size: 14px;\">Surface :<\/span><\/strong><\/td>\n<td style=\"border: 1px solid #707070; width: 553.337px;\"><span style=\"font-family: arial, helvetica, sans-serif; font-size: 14px;\">P<\/span><span style=\"font-size: 14px;\">ol\u00e9, adouci, flamm\u00e9, sabl\u00e9, bouchard\u00e9, fendu naturel, flamm\u00e9 et bross\u00e9, etc.<\/span><\/td>\n<\/tr>\n<tr>\n<td style=\"border: 1px solid #707070; width: 159.663px;\"><strong><span style=\"font-family: arial, helvetica, sans-serif; font-size: 14px;\">Emballage :<\/span><\/strong><\/td>\n<td style=\"border: 1px solid #707070; width: 553.337px;\"><span style=\"font-size: 14px;\">Palettes en bois en \u00e9tat de navigabilit\u00e9, fardeaux en bois et caisses en bois<\/span><\/td>\n<\/tr>\n<tr>\n<td style=\"border: 1px solid #707070; width: 159.663px;\"><strong><span style=\"font-family: arial, helvetica, sans-serif; font-size: 14px;\">Application :<\/span><\/strong><\/td>\n<td style=\"border: 1px solid #707070; width: 553.337px;\"><span style=\"font-family: arial, helvetica, sans-serif; font-size: 14px;\">Sol, mur, motif, comptoir, d\u00e9coration int\u00e9rieure et ext\u00e9rieure<\/span><\/td>\n<\/tr>\n<tr>\n<td style=\"border: 1px solid #707070; width: 159.663px;\"><strong><span style=\"font-family: arial, helvetica, sans-serif; font-size: 14px;\">D\u00e9lai de livraison :<\/span><\/strong><\/td>\n<td style=\"border: 1px solid #707070; width: 553.337px;\"><span style=\"font-size: 14px;\">15-20 jours pour l'enregistrement<\/span><span style=\"font-family: arial, helvetica, sans-serif; font-size: 14px;\">tailles lar<\/span><\/td>\n<\/tr>\n<tr>\n<td style=\"border: 1px solid #707070; width: 159.663px;\"><strong><span style=\"font-family: arial, helvetica, sans-serif; font-size: 14px;\">Certificat :<\/span><\/strong><\/td>\n<td style=\"border: 1px solid #707070; width: 553.337px;\"><span style=\"font-family: arial, helvetica, sans-serif; font-size: 14px;\">CE, SGS<\/span><\/td>\n<\/tr>\n<tr>\n<td style=\"border: 1px solid #707070; width: 159.663px;\"><strong><span style=\"font-family: arial, helvetica, sans-serif; font-size: 14px;\">Conditions de paiement :<\/span><\/strong><\/td>\n<td style=\"border: 1px solid #707070; width: 553.337px;\"><span style=\"font-size: 14px;\">T\/T, L\/C, D<span style=\"color: #000000; font-family: Verdana, Arial, Helvetica, sans-serif; font-size: 14px; font-style: normal; font-weight: 400; background-color: #ffffff; float: none;\">\/<\/span>P<\/span><\/td>\n<\/tr>\n<tr>\n<td style=\"border: 1px solid #707070; width: 159.663px;\"><strong><span style=\"font-family: arial, helvetica, sans-serif; font-size: 14px;\">Avantage :<\/span><\/strong><\/td>\n<td style=\"border: 1px solid #707070; width: 553.337px;\"><span style=\"font-family: arial, helvetica, sans-serif; font-size: 14px;\">1) Service unique pour la pierre ;<\/span><\/p>\n<p><span style=\"font-family: arial, helvetica, sans-serif; font-size: 14px;\">2) poss\u00e8dent 3 carri\u00e8res et 9 usines ;<\/span><\/p>\n<p><span style=\"font-family: arial, helvetica, sans-serif; font-size: 14px;\">3) Des supports technologiques de pointe.<\/span><\/td>\n<\/tr>\n<tr>\n<td style=\"border: 1px solid #707070; width: 159.663px;\"><strong><span style=\"font-family: arial, helvetica, sans-serif; font-size: 14px;\">Assurance de la qualit\u00e9 et de la livraison :\u00a0<\/span><\/strong><\/td>\n<td style=\"border: 1px solid #707070; width: 553.337px;\"><span style=\"font-size: 14px;\">Tout au long du processus de production, du choix des mat\u00e9riaux \u00e0 l'emballage en passant par la fabrication, notre service de contr\u00f4le de la qualit\u00e9 contr\u00f4le rigoureusement chaque pi\u00e8ce et chaque processus afin de garantir le respect des normes de qualit\u00e9 et le respect des d\u00e9lais de livraison.<\/span><\/td>\n<\/tr>\n<\/tbody>\n<\/table>\n<p><img loading=\"lazy\" decoding=\"async\" class=\"alignnone  wp-image-27881\" src=\"http:\/\/stone-phoenix.com\/wp-content\/uploads\/2023\/12\/Maple-red-granite-9.jpg\" alt=\"\" width=\"961\" height=\"1132\" srcset=\"https:\/\/stone-phoenix.com\/wp-content\/uploads\/2023\/12\/Maple-red-granite-9.jpg 886w, https:\/\/stone-phoenix.com\/wp-content\/uploads\/2023\/12\/Maple-red-granite-9-255x300.jpg 255w, https:\/\/stone-phoenix.com\/wp-content\/uploads\/2023\/12\/Maple-red-granite-9-869x1024.jpg 869w, https:\/\/stone-phoenix.com\/wp-content\/uploads\/2023\/12\/Maple-red-granite-9-768x905.jpg 768w, https:\/\/stone-phoenix.com\/wp-content\/uploads\/2023\/12\/Maple-red-granite-9-10x12.jpg 10w, https:\/\/stone-phoenix.com\/wp-content\/uploads\/2023\/12\/Maple-red-granite-9-600x707.jpg 600w, https:\/\/stone-phoenix.com\/wp-content\/uploads\/2023\/12\/Maple-red-granite-9-150x177.jpg 150w\" sizes=\"(max-width: 961px) 100vw, 961px\" \/><img loading=\"lazy\" decoding=\"async\" class=\"alignnone  wp-image-27882\" src=\"http:\/\/stone-phoenix.com\/wp-content\/uploads\/2023\/12\/Maple-red-granite-10.jpg\" alt=\"\" width=\"992\" height=\"1246\" srcset=\"https:\/\/stone-phoenix.com\/wp-content\/uploads\/2023\/12\/Maple-red-granite-10.jpg 889w, https:\/\/stone-phoenix.com\/wp-content\/uploads\/2023\/12\/Maple-red-granite-10-239x300.jpg 239w, https:\/\/stone-phoenix.com\/wp-content\/uploads\/2023\/12\/Maple-red-granite-10-815x1024.jpg 815w, https:\/\/stone-phoenix.com\/wp-content\/uploads\/2023\/12\/Maple-red-granite-10-768x965.jpg 768w, https:\/\/stone-phoenix.com\/wp-content\/uploads\/2023\/12\/Maple-red-granite-10-10x12.jpg 10w, https:\/\/stone-phoenix.com\/wp-content\/uploads\/2023\/12\/Maple-red-granite-10-600x754.jpg 600w, https:\/\/stone-phoenix.com\/wp-content\/uploads\/2023\/12\/Maple-red-granite-10-150x188.jpg 150w\" sizes=\"(max-width: 992px) 100vw, 992px\" \/><img loading=\"lazy\" decoding=\"async\" class=\"alignnone size-full wp-image-27883\" src=\"http:\/\/stone-phoenix.com\/wp-content\/uploads\/2023\/12\/Maple-red-granite-11.jpg\" alt=\"\" width=\"1119\" height=\"882\" srcset=\"https:\/\/stone-phoenix.com\/wp-content\/uploads\/2023\/12\/Maple-red-granite-11.jpg 1119w, https:\/\/stone-phoenix.com\/wp-content\/uploads\/2023\/12\/Maple-red-granite-11-300x236.jpg 300w, https:\/\/stone-phoenix.com\/wp-content\/uploads\/2023\/12\/Maple-red-granite-11-1024x807.jpg 1024w, https:\/\/stone-phoenix.com\/wp-content\/uploads\/2023\/12\/Maple-red-granite-11-768x605.jpg 768w, https:\/\/stone-phoenix.com\/wp-content\/uploads\/2023\/12\/Maple-red-granite-11-15x12.jpg 15w, https:\/\/stone-phoenix.com\/wp-content\/uploads\/2023\/12\/Maple-red-granite-11-600x473.jpg 600w, https:\/\/stone-phoenix.com\/wp-content\/uploads\/2023\/12\/Maple-red-granite-11-150x118.jpg 150w\" sizes=\"(max-width: 1119px) 100vw, 1119px\" \/><\/p>\n<\/div>\n<\/div>\n<\/div>","protected":false},"excerpt":{"rendered":"<p>Maple red granite Maple red granite tile for sale is a very durable, hard and dense mineral. These granite tiles<\/p>","protected":false},"featured_media":27874,"template":"","meta":[],"product_cat":[112],"product_tag":[],"_links":{"self":[{"href":"https:\/\/stone-phoenix.com\/fr\/wp-json\/wp\/v2\/product\/20066"}],"collection":[{"href":"https:\/\/stone-phoenix.com\/fr\/wp-json\/wp\/v2\/product"}],"about":[{"href":"https:\/\/stone-phoenix.com\/fr\/wp-json\/wp\/v2\/types\/product"}],"wp:featuredmedia":[{"embeddable":true,"href":"https:\/\/stone-phoenix.com\/fr\/wp-json\/wp\/v2\/media\/27874"}],"wp:attachment":[{"href":"https:\/\/stone-phoenix.com\/fr\/wp-json\/wp\/v2\/media?parent=20066"}],"wp:term":[{"taxonomy":"product_cat","embeddable":true,"href":"https:\/\/stone-phoenix.com\/fr\/wp-json\/wp\/v2\/product_cat?post=20066"},{"taxonomy":"product_tag","embeddable":true,"href":"https:\/\/stone-phoenix.com\/fr\/wp-json\/wp\/v2\/product_tag?post=20066"}],"curies":[{"name":"wp","href":"https:\/\/api.w.org\/{rel}","templated":true}]}}