{"id":20072,"date":"2023-12-29T20:00:42","date_gmt":"2023-12-29T12:00:42","guid":{"rendered":"http:\/\/stone-phoenix.com\/product\/china-juparana-granite"},"modified":"2024-04-12T20:50:17","modified_gmt":"2024-04-12T12:50:17","slug":"china-juparana-granite","status":"publish","type":"product","link":"https:\/\/stone-phoenix.com\/fr\/produit\/china-juparana-granite","title":{"rendered":"Granit juparana de Chine"},"content":{"rendered":"<div id=\"tab-description\" class=\"woocommerce-Tabs-panel woocommerce-Tabs-panel--description panel entry-content wc-tab\" role=\"tabpanel\" aria-labelledby=\"tab-title-description\">\n<div id=\"ali-anchor-AliPostDhMb-6q8vw\" style=\"padding-top: 8px;\" data-section=\"AliPostDhMb-6q8vw\" data-section-title=\"Product Description\">\n<div id=\"ali-title-AliPostDhMb-6q8vw\" style=\"padding: 8px 0; border-bottom: 1px solid #ddd;\">\n<div class=\"w-full border-b border-black\/10 dark:border-gray-900\/50 text-gray-800 dark:text-gray-100 group bg-gray-50 dark:bg-[#444654]\">\n<div class=\"text-base gap-4 md:gap-6 m-auto md:max-w-2xl lg:max-w-2xl xl:max-w-3xl p-4 md:py-6 flex lg:px-0\">\n<div class=\"relative flex w-[calc(100%-50px)] flex-col gap-1 md:gap-3 lg:w-[calc(100%-115px)]\">\n<div class=\"flex flex-grow flex-col gap-3\">\n<div class=\"min-h-[20px] flex flex-col items-start gap-4 whitespace-pre-wrap\">\n<div class=\"markdown prose w-full break-words dark:prose-invert light\">\n<h2 style=\"text-align: center;\">Granit Juparana de Chine<\/h2>\n<p>Lors du choix d'un fournisseur de granit Juparana, il est important de tenir compte de plusieurs facteurs. Tout d'abord, vous devez rechercher un fournisseur qui propose une grande vari\u00e9t\u00e9 d'options de granit Juparana, y compris diff\u00e9rentes qualit\u00e9s et finitions.<\/p>\n<p>Cela vous permettra de choisir la pierre id\u00e9ale pour votre projet, que vous recherchiez une finition polie pour un comptoir de cuisine luxueux ou une finition adoucie pour un aspect plus rustique dans votre espace de vie ext\u00e9rieur.<\/p>\n<p>Le granit Juparana est une pierre naturelle belle et durable, tr\u00e8s recherch\u00e9e pour les projets de construction r\u00e9sidentiels et commerciaux. Il s'agit d'un type de granit extrait des carri\u00e8res de Juparana au Br\u00e9sil, o\u00f9 il est connu pour ses motifs tourbillonnants uniques et ses tons chauds et terreux.<\/p>\n<p>La demande de granit Juparana a augment\u00e9, tout comme le nombre de fournisseurs qui proposent cette pierre naturelle \u00e9tonnante. Choisir le bon fournisseur de granit Juparana est essentiel pour s'assurer d'obtenir une pierre de la plus haute qualit\u00e9 et le meilleur rapport qualit\u00e9-prix pour votre investissement.<\/p>\n<p>Vous devez \u00e9galement tenir compte de la r\u00e9putation du fournisseur de granit Juparana. Recherchez une entreprise qui a fait ses preuves en fournissant des pierres de haute qualit\u00e9 et un excellent service \u00e0 la client\u00e8le. Pour ce faire, lisez les avis et les t\u00e9moignages en ligne, v\u00e9rifiez les certifications et les affiliations du fournisseur et demandez des r\u00e9f\u00e9rences \u00e0 d'anciens clients.<\/p>\n<p>Un autre facteur \u00e0 prendre en compte lors de la s\u00e9lection d'un fournisseur de granit Juparana est le prix et les options de livraison. Vous souhaitez travailler avec un fournisseur qui propose des prix comp\u00e9titifs pour sa pierre et qui dispose d'un syst\u00e8me de livraison fiable et efficace afin de garantir le respect du calendrier de votre projet.<\/p>\n<p>Enfin, vous devez \u00e9galement rechercher un fournisseur de granit Juparana qui offre un service \u00e0 la client\u00e8le exceptionnel. Il s'agit notamment de r\u00e9pondre \u00e0 toutes les questions que vous pouvez vous poser sur la pierre, d'offrir des conseils d'expert sur l'installation et l'entretien, et de fournir une assistance continue tout au long du processus.<\/p>\n<p>Dans l'ensemble, le choix du bon fournisseur de granit Juparana est essentiel pour s'assurer d'obtenir une pierre de la plus haute qualit\u00e9 pour votre projet. En tenant compte de facteurs tels que la vari\u00e9t\u00e9, la r\u00e9putation, les prix, les options de livraison et le service \u00e0 la client\u00e8le, vous pouvez trouver un fournisseur qui r\u00e9pondra \u00e0 tous vos besoins et vous fournira un granit Juparana magnifique et durable.<\/p>\n<\/div>\n<\/div>\n<\/div>\n<div class=\"flex justify-between\">\n<div class=\"text-gray-400 flex self-end lg:self-center justify-center mt-2 gap-3 md:gap-4 lg:gap-1 lg:absolute lg:top-0 lg:translate-x-full lg:right-0 lg:mt-0 lg:pl-2 visible\" style=\"text-align: left;\">\n<table class=\"aliDataTable\" style=\"color: #000000; font-family: Arial; font-size: 12px; font-style: normal; font-weight: 400; background-color: #ffffff; width: 698px; height: 226px; border: 1px solid #b3b3b3;\">\n<tbody>\n<tr>\n<td style=\"border: 1px solid #707070; width: 159.663px;\"><strong><span style=\"font-family: arial, helvetica, sans-serif; font-size: 14px;\">Nom du produit :<\/span><\/strong><\/td>\n<td style=\"border: 1px solid #707070; width: 553.337px;\">Couleurs du granit Juparana Fantastico de haute qualit\u00e9<\/td>\n<\/tr>\n<tr>\n<td style=\"border: 1px solid #707070; width: 159.663px;\"><strong><span style=\"font-family: arial, helvetica, sans-serif; font-size: 14px;\">Mat\u00e9riau :<\/span><\/strong><\/td>\n<td style=\"border: 1px solid #707070; width: 553.337px;\"><span style=\"font-size: 14px;\">Granit<\/span><\/td>\n<\/tr>\n<tr>\n<td style=\"border: 1px solid #707070; width: 159.663px;\"><strong><span style=\"font-family: arial, helvetica, sans-serif; font-size: 14px;\">Couleur :<\/span><\/strong><\/td>\n<td style=\"border: 1px solid #707070; width: 553.337px;\"><span style=\"font-family: arial, helvetica, sans-serif; font-size: 14px;\">Blanc, noir, jaune, rouge, rose, gris, brun, bleu, vert, etc.<\/span><\/td>\n<\/tr>\n<tr>\n<td style=\"border: 1px solid #707070; width: 159.663px;\" rowspan=\"3\"><strong><span style=\"font-family: arial, helvetica, sans-serif; font-size: 14px;\">Taille :<\/span><\/strong><\/td>\n<td style=\"border: 1px solid #707070; width: 553.337px;\"><span style=\"text-decoration: underline;\"><span style=\"font-size: 14px;\">Carreaux disponibles <\/span><\/span><br \/>\n<span style=\"font-size: 14px;\">12\u2019x12\u2033,24\u2019x24\u2033,12\u2019x24\u2033,etc <\/span><span style=\"font-size: 14px;\">300x300mm,300x600mm,400x400mm,600x600mm,etc<\/span><\/td>\n<\/tr>\n<tr>\n<td style=\"border: 1px solid #707070; width: 553.337px;\"><span style=\"text-decoration: underline;\"><span style=\"font-size: 14px;\">Dalles disponibles <\/span><\/span><\/p>\n<p><span style=\"font-size: 14px;\">180cmUpx60UP,180cmUpx65cmUP,180cmUpx70cmUP,etc<\/span><br \/>\n<span style=\"font-size: 14px;\">240cmUpx120cmUP,etc<\/span><\/td>\n<\/tr>\n<tr>\n<td style=\"border: 1px solid #707070; width: 553.337px;\"><span style=\"font-family: arial, helvetica, sans-serif; font-size: 14px;\">Des sp\u00e9cifications personnalis\u00e9es sont disponibles<\/span><\/td>\n<\/tr>\n<tr>\n<td style=\"border: 1px solid #707070; width: 159.663px;\"><strong><span style=\"font-family: arial, helvetica, sans-serif; font-size: 14px;\">Tol\u00e9rance d'\u00e9paisseur :<\/span><\/strong><\/td>\n<td style=\"border: 1px solid #707070; width: 553.337px;\"><span style=\"font-family: arial, helvetica, sans-serif; font-size: 14px;\">\u00b10,05mm, \u00b11mm, \u00b11,5mm, \u00b12mm, selon les exigences de qualit\u00e9 du client<\/span><\/td>\n<\/tr>\n<tr>\n<td style=\"border: 1px solid #707070; width: 159.663px;\"><strong><span style=\"font-family: arial, helvetica, sans-serif; font-size: 14px;\">Surface :<\/span><\/strong><\/td>\n<td style=\"border: 1px solid #707070; width: 553.337px;\"><span style=\"font-family: arial, helvetica, sans-serif; font-size: 14px;\">P<\/span><span style=\"font-size: 14px;\">ol\u00e9, adouci, flamm\u00e9, sabl\u00e9, bouchard\u00e9, fendu naturel, flamm\u00e9 et bross\u00e9, etc.<\/span><\/td>\n<\/tr>\n<tr>\n<td style=\"border: 1px solid #707070; width: 159.663px;\"><strong><span style=\"font-family: arial, helvetica, sans-serif; font-size: 14px;\">Emballage :<\/span><\/strong><\/td>\n<td style=\"border: 1px solid #707070; width: 553.337px;\"><span style=\"font-size: 14px;\">Palettes en bois en \u00e9tat de navigabilit\u00e9, fardeaux en bois et caisses en bois<\/span><\/td>\n<\/tr>\n<tr>\n<td style=\"border: 1px solid #707070; width: 159.663px;\"><strong><span style=\"font-family: arial, helvetica, sans-serif; font-size: 14px;\">Application :<\/span><\/strong><\/td>\n<td style=\"border: 1px solid #707070; width: 553.337px;\"><span style=\"font-family: arial, helvetica, sans-serif; font-size: 14px;\">Sol, mur, motif, comptoir, d\u00e9coration int\u00e9rieure et ext\u00e9rieure<\/span><\/td>\n<\/tr>\n<tr>\n<td style=\"border: 1px solid #707070; width: 159.663px;\"><strong><span style=\"font-family: arial, helvetica, sans-serif; font-size: 14px;\">D\u00e9lai de livraison :<\/span><\/strong><\/td>\n<td style=\"border: 1px solid #707070; width: 553.337px;\"><span style=\"font-size: 14px;\">15-20 jours pour l'enregistrement<\/span><span style=\"font-family: arial, helvetica, sans-serif; font-size: 14px;\">tailles lar<\/span><\/td>\n<\/tr>\n<tr>\n<td style=\"border: 1px solid #707070; width: 159.663px;\"><strong><span style=\"font-family: arial, helvetica, sans-serif; font-size: 14px;\">Certificat :<\/span><\/strong><\/td>\n<td style=\"border: 1px solid #707070; width: 553.337px;\"><span style=\"font-family: arial, helvetica, sans-serif; font-size: 14px;\">CE, SGS<\/span><\/td>\n<\/tr>\n<tr>\n<td style=\"border: 1px solid #707070; width: 159.663px;\"><strong><span style=\"font-family: arial, helvetica, sans-serif; font-size: 14px;\">Conditions de paiement :<\/span><\/strong><\/td>\n<td style=\"border: 1px solid #707070; width: 553.337px;\"><span style=\"font-size: 14px;\">T\/T, L\/C, D<span style=\"color: #000000; font-family: Verdana, Arial, Helvetica, sans-serif; font-size: 14px; font-style: normal; font-weight: 400; background-color: #ffffff; float: none;\">\/<\/span>P<\/span><\/td>\n<\/tr>\n<tr>\n<td style=\"border: 1px solid #707070; width: 159.663px;\"><strong><span style=\"font-family: arial, helvetica, sans-serif; font-size: 14px;\">Avantage :<\/span><\/strong><\/td>\n<td style=\"border: 1px solid #707070; width: 553.337px;\"><span style=\"font-family: arial, helvetica, sans-serif; font-size: 14px;\">1) Service unique pour la pierre ;<\/span><\/p>\n<p><span style=\"font-family: arial, helvetica, sans-serif; font-size: 14px;\">2) poss\u00e8dent 3 carri\u00e8res et 9 usines ;<\/span><\/p>\n<p><span style=\"font-family: arial, helvetica, sans-serif; font-size: 14px;\">3) Des supports technologiques de pointe.<\/span><\/td>\n<\/tr>\n<tr>\n<td style=\"border: 1px solid #707070; width: 159.663px;\"><strong><span style=\"font-family: arial, helvetica, sans-serif; font-size: 14px;\">Assurance de la qualit\u00e9 et de la livraison :\u00a0<\/span><\/strong><\/td>\n<td style=\"border: 1px solid #707070; width: 553.337px;\"><span style=\"font-size: 14px;\">Tout au long du processus de production, du choix des mat\u00e9riaux \u00e0 l'emballage en passant par la fabrication, notre service de contr\u00f4le de la qualit\u00e9 contr\u00f4le rigoureusement chaque pi\u00e8ce et chaque processus afin de garantir le respect des normes de qualit\u00e9 et le respect des d\u00e9lais de livraison.<\/span><\/td>\n<\/tr>\n<\/tbody>\n<\/table>\n<\/div>\n<\/div>\n<\/div>\n<\/div>\n<\/div>\n<\/div>\n<div style=\"padding: 10px 0px; text-align: center;\"><span style=\"font-size: 18px;\"><strong><img loading=\"lazy\" decoding=\"async\" class=\"alignnone size-full wp-image-27862\" src=\"http:\/\/stone-phoenix.com\/wp-content\/uploads\/2023\/12\/China-juparana-granite-14.jpg\" alt=\"\" width=\"1125\" height=\"799\" srcset=\"https:\/\/stone-phoenix.com\/wp-content\/uploads\/2023\/12\/China-juparana-granite-14.jpg 1125w, https:\/\/stone-phoenix.com\/wp-content\/uploads\/2023\/12\/China-juparana-granite-14-300x213.jpg 300w, https:\/\/stone-phoenix.com\/wp-content\/uploads\/2023\/12\/China-juparana-granite-14-1024x727.jpg 1024w, https:\/\/stone-phoenix.com\/wp-content\/uploads\/2023\/12\/China-juparana-granite-14-768x545.jpg 768w, https:\/\/stone-phoenix.com\/wp-content\/uploads\/2023\/12\/China-juparana-granite-14-18x12.jpg 18w, https:\/\/stone-phoenix.com\/wp-content\/uploads\/2023\/12\/China-juparana-granite-14-600x426.jpg 600w, https:\/\/stone-phoenix.com\/wp-content\/uploads\/2023\/12\/China-juparana-granite-14-150x107.jpg 150w\" sizes=\"(max-width: 1125px) 100vw, 1125px\" \/><img loading=\"lazy\" decoding=\"async\" class=\"alignnone  wp-image-27863\" src=\"http:\/\/stone-phoenix.com\/wp-content\/uploads\/2023\/12\/China-juparana-granite-8.jpg\" alt=\"\" width=\"967\" height=\"933\" srcset=\"https:\/\/stone-phoenix.com\/wp-content\/uploads\/2023\/12\/China-juparana-granite-8.jpg 613w, https:\/\/stone-phoenix.com\/wp-content\/uploads\/2023\/12\/China-juparana-granite-8-300x290.jpg 300w, https:\/\/stone-phoenix.com\/wp-content\/uploads\/2023\/12\/China-juparana-granite-8-12x12.jpg 12w, https:\/\/stone-phoenix.com\/wp-content\/uploads\/2023\/12\/China-juparana-granite-8-600x579.jpg 600w, https:\/\/stone-phoenix.com\/wp-content\/uploads\/2023\/12\/China-juparana-granite-8-150x145.jpg 150w\" sizes=\"(max-width: 967px) 100vw, 967px\" \/><img loading=\"lazy\" decoding=\"async\" class=\"alignnone  wp-image-27864\" src=\"http:\/\/stone-phoenix.com\/wp-content\/uploads\/2023\/12\/China-juparana-granite-11.jpg\" alt=\"\" width=\"1004\" height=\"861\" srcset=\"https:\/\/stone-phoenix.com\/wp-content\/uploads\/2023\/12\/China-juparana-granite-11.jpg 693w, https:\/\/stone-phoenix.com\/wp-content\/uploads\/2023\/12\/China-juparana-granite-11-300x257.jpg 300w, https:\/\/stone-phoenix.com\/wp-content\/uploads\/2023\/12\/China-juparana-granite-11-14x12.jpg 14w, https:\/\/stone-phoenix.com\/wp-content\/uploads\/2023\/12\/China-juparana-granite-11-600x514.jpg 600w, https:\/\/stone-phoenix.com\/wp-content\/uploads\/2023\/12\/China-juparana-granite-11-150x129.jpg 150w\" sizes=\"(max-width: 1004px) 100vw, 1004px\" \/><img loading=\"lazy\" decoding=\"async\" class=\"alignnone  wp-image-27865\" src=\"http:\/\/stone-phoenix.com\/wp-content\/uploads\/2023\/12\/China-juparana-granite-9.jpg\" alt=\"\" width=\"958\" height=\"733\" srcset=\"https:\/\/stone-phoenix.com\/wp-content\/uploads\/2023\/12\/China-juparana-granite-9.jpg 690w, https:\/\/stone-phoenix.com\/wp-content\/uploads\/2023\/12\/China-juparana-granite-9-300x230.jpg 300w, https:\/\/stone-phoenix.com\/wp-content\/uploads\/2023\/12\/China-juparana-granite-9-16x12.jpg 16w, https:\/\/stone-phoenix.com\/wp-content\/uploads\/2023\/12\/China-juparana-granite-9-600x459.jpg 600w, https:\/\/stone-phoenix.com\/wp-content\/uploads\/2023\/12\/China-juparana-granite-9-150x115.jpg 150w\" sizes=\"(max-width: 958px) 100vw, 958px\" \/><\/strong><\/span><\/div>\n<\/div>\n<\/div>","protected":false},"excerpt":{"rendered":"<p>China Juparana Granite When selecting a Juparana granite supplier, it is important to consider several factors. Firstly, you should look<\/p>","protected":false},"featured_media":27856,"template":"","meta":[],"product_cat":[112],"product_tag":[],"_links":{"self":[{"href":"https:\/\/stone-phoenix.com\/fr\/wp-json\/wp\/v2\/product\/20072"}],"collection":[{"href":"https:\/\/stone-phoenix.com\/fr\/wp-json\/wp\/v2\/product"}],"about":[{"href":"https:\/\/stone-phoenix.com\/fr\/wp-json\/wp\/v2\/types\/product"}],"wp:featuredmedia":[{"embeddable":true,"href":"https:\/\/stone-phoenix.com\/fr\/wp-json\/wp\/v2\/media\/27856"}],"wp:attachment":[{"href":"https:\/\/stone-phoenix.com\/fr\/wp-json\/wp\/v2\/media?parent=20072"}],"wp:term":[{"taxonomy":"product_cat","embeddable":true,"href":"https:\/\/stone-phoenix.com\/fr\/wp-json\/wp\/v2\/product_cat?post=20072"},{"taxonomy":"product_tag","embeddable":true,"href":"https:\/\/stone-phoenix.com\/fr\/wp-json\/wp\/v2\/product_tag?post=20072"}],"curies":[{"name":"wp","href":"https:\/\/api.w.org\/{rel}","templated":true}]}}