{"id":20078,"date":"2023-12-29T20:00:53","date_gmt":"2023-12-29T12:00:53","guid":{"rendered":"http:\/\/stone-phoenix.com\/product\/white-flower-granite-factory-price-brazilian-bala"},"modified":"2024-04-12T20:54:46","modified_gmt":"2024-04-12T12:54:46","slug":"white-flower-granite-factory-price-brazilian-bala","status":"publish","type":"product","link":"https:\/\/stone-phoenix.com\/fr\/produit\/white-flower-granite-factory-price-brazilian-bala","title":{"rendered":"granit fleur blanche prix d'usine bala br\u00e9silien"},"content":{"rendered":"<div id=\"tab-description\" class=\"woocommerce-Tabs-panel woocommerce-Tabs-panel--description panel entry-content wc-tab\" role=\"tabpanel\" aria-labelledby=\"tab-title-description\">\n<div id=\"ali-anchor-AliPostDhMb-6q8vw\" style=\"padding-top: 8px;\" data-section=\"AliPostDhMb-6q8vw\" data-section-title=\"Product Description\">\n<h2>granit blanc fleur 2019 Prix d'usine bala br\u00e9silien<\/h2>\n<p>Le granit White Flower est une pierre naturelle compos\u00e9e de mica et de quartz, ce qui la rend durable et facile \u00e0 entretenir. C'est une pierre naturelle magnifique. Elle est riche en couleur, avec des tra\u00een\u00e9es blanches de pyrite qui ajoutent de l'\u00e9clat \u00e0 cette finition intemporelle. Elle est disponible en diff\u00e9rentes tailles et peut \u00eatre utilis\u00e9e \u00e0 l'int\u00e9rieur comme \u00e0 l'ext\u00e9rieur. Sa surface semblable \u00e0 celle d'un carreau est parfaite pour ajouter de la profondeur et de la dimension \u00e0 n'importe quel espace.<\/p>\n<p>Cette finition polyvalente peut \u00eatre utilis\u00e9e pour cr\u00e9er une toile de fond neutre et apaisante ou un accent de couleur audacieux.Vous cherchez \u00e0 ajouter de l'\u00e9l\u00e9gance et de la sophistication \u00e0 votre int\u00e9rieur ? Ce produit sera un excellent compl\u00e9ment. Le White Flower est un granit hautement d\u00e9coratif qui est un v\u00e9ritable plaisir \u00e0 travailler. Cette pierre ajoutera un caract\u00e8re unique et un charme d'antan \u00e0 n'importe quel concept ou projet de design.<\/p>\n<p>Ce granit \u00e0 fleurs blanches est d'une beaut\u00e9 \u00e9poustouflante. C'est un choix populaire pour les tables de cuisine et les plans de travail gr\u00e2ce \u00e0 son aspect luxueux et \u00e0 la fa\u00e7on dont il s'harmonise avec d'autres mat\u00e9riaux que l'on trouve souvent dans la cuisine, tels que le bois naturel, l'acier inoxydable et la pierre.C'est une pierre naturelle unique et magnifique qui peut \u00eatre utilis\u00e9e pour les carreaux Terrazzo, les plans de travail et plus encore. C'est une pierre naturelle unique et magnifique qui peut \u00eatre utilis\u00e9e pour les carreaux Terrazzo, les comptoirs et bien plus encore. Il est id\u00e9al pour un usage int\u00e9rieur ou ext\u00e9rieur en raison de sa robustesse et de sa r\u00e9sistance aux substances nocives.Ce granit est d'un blanc pur et est poli pour obtenir un beau lustre.<\/p>\n<p>Il est tr\u00e8s facile \u00e0 entretenir et constitue un excellent comptoir de cuisine ou une surface de salle de bains. Ce granit blanc doux a l'aspect du sable de plage s\u00e9ch\u00e9 \u00e0 l'air, avec un peu d'\u00e9clat. La surface givr\u00e9e de cette pierre est parfaite pour un dosseret de salle de bain ou de cuisine agr\u00e9able \u00e0 regarder et facile \u00e0 nettoyer.<\/p>\n<div id=\"ali-title-AliPostDhMb-6q8vw\" style=\"padding: 8px 0; border-bottom: 1px solid #ddd;\"><span style=\"background-color: #ddd; color: #333; font-weight: bold; padding: 8px 10px; line-height: 12px;\">Description du produit<\/span><\/div>\n<div style=\"padding: 10px 0;\">\n<table class=\"aliDataTable\" style=\"color: #000000; font-family: Arial; font-size: 12px; font-style: normal; font-weight: 400; background-color: #ffffff; width: 698px; height: 226px; border: 1px solid #b3b3b3;\">\n<tbody>\n<tr>\n<td style=\"border: 1px solid #707070; width: 159.663px;\"><strong><span style=\"font-family: arial, helvetica, sans-serif; font-size: 14px;\">Nom du produit :<\/span><\/strong><\/td>\n<td style=\"border: 1px solid #707070; width: 553.337px;\">2019 Factory Price brazilian bala white flower granite<\/td>\n<\/tr>\n<tr>\n<td style=\"border: 1px solid #707070; width: 159.663px;\"><strong><span style=\"font-family: arial, helvetica, sans-serif; font-size: 14px;\">Mat\u00e9riau :<\/span><\/strong><\/td>\n<td style=\"border: 1px solid #707070; width: 553.337px;\"><span style=\"font-size: 14px;\">Granit<\/span><\/td>\n<\/tr>\n<tr>\n<td style=\"border: 1px solid #707070; width: 159.663px;\"><strong><span style=\"font-family: arial, helvetica, sans-serif; font-size: 14px;\">Couleur :<\/span><\/strong><\/td>\n<td style=\"border: 1px solid #707070; width: 553.337px;\"><span style=\"font-family: arial, helvetica, sans-serif; font-size: 14px;\">Blanc, noir, jaune, rouge, rose, gris, brun, bleu, vert, etc.<\/span><\/td>\n<\/tr>\n<tr>\n<td style=\"border: 1px solid #707070; width: 159.663px;\" rowspan=\"3\"><strong><span style=\"font-family: arial, helvetica, sans-serif; font-size: 14px;\">Taille :<\/span><\/strong><\/td>\n<td style=\"border: 1px solid #707070; width: 553.337px;\"><span style=\"text-decoration: underline;\"><span style=\"font-size: 14px;\">Carreaux disponibles <\/span><\/span><br \/>\n<span style=\"font-size: 14px;\">12\u2019x12\u2033,24\u2019x24\u2033,12\u2019x24\u2033,etc <\/span><span style=\"font-size: 14px;\">300x300mm,300x600mm,400x400mm,600x600mm,etc<\/span><\/td>\n<\/tr>\n<tr>\n<td style=\"border: 1px solid #707070; width: 553.337px;\"><span style=\"text-decoration: underline;\"><span style=\"font-size: 14px;\">Dalles disponibles <\/span><\/span><\/p>\n<p><span style=\"font-size: 14px;\">180cmUpx60UP,180cmUpx65cmUP,180cmUpx70cmUP,etc<\/span><br \/>\n<span style=\"font-size: 14px;\">240cmUpx120cmUP,etc<\/span><\/td>\n<\/tr>\n<tr>\n<td style=\"border: 1px solid #707070; width: 553.337px;\"><span style=\"font-family: arial, helvetica, sans-serif; font-size: 14px;\">Des sp\u00e9cifications personnalis\u00e9es sont disponibles<\/span><\/td>\n<\/tr>\n<tr>\n<td style=\"border: 1px solid #707070; width: 159.663px;\"><strong><span style=\"font-family: arial, helvetica, sans-serif; font-size: 14px;\">Tol\u00e9rance d'\u00e9paisseur :<\/span><\/strong><\/td>\n<td style=\"border: 1px solid #707070; width: 553.337px;\"><span style=\"font-family: arial, helvetica, sans-serif; font-size: 14px;\">\u00b10,05mm, \u00b11mm, \u00b11,5mm, \u00b12mm, selon les exigences de qualit\u00e9 du client<\/span><\/td>\n<\/tr>\n<tr>\n<td style=\"border: 1px solid #707070; width: 159.663px;\"><strong><span style=\"font-family: arial, helvetica, sans-serif; font-size: 14px;\">Surface :<\/span><\/strong><\/td>\n<td style=\"border: 1px solid #707070; width: 553.337px;\"><span style=\"font-family: arial, helvetica, sans-serif; font-size: 14px;\">P<\/span><span style=\"font-size: 14px;\">ol\u00e9, adouci, flamm\u00e9, sabl\u00e9, bouchard\u00e9, fendu naturel, flamm\u00e9 et bross\u00e9, etc.<\/span><\/td>\n<\/tr>\n<tr>\n<td style=\"border: 1px solid #707070; width: 159.663px;\"><strong><span style=\"font-family: arial, helvetica, sans-serif; font-size: 14px;\">Emballage :<\/span><\/strong><\/td>\n<td style=\"border: 1px solid #707070; width: 553.337px;\"><span style=\"font-size: 14px;\">Palettes en bois en \u00e9tat de navigabilit\u00e9, fardeaux en bois et caisses en bois<\/span><\/td>\n<\/tr>\n<tr>\n<td style=\"border: 1px solid #707070; width: 159.663px;\"><strong><span style=\"font-family: arial, helvetica, sans-serif; font-size: 14px;\">Application :<\/span><\/strong><\/td>\n<td style=\"border: 1px solid #707070; width: 553.337px;\"><span style=\"font-family: arial, helvetica, sans-serif; font-size: 14px;\">Sol, mur, motif, comptoir, d\u00e9coration int\u00e9rieure et ext\u00e9rieure<\/span><\/td>\n<\/tr>\n<tr>\n<td style=\"border: 1px solid #707070; width: 159.663px;\"><strong><span style=\"font-family: arial, helvetica, sans-serif; font-size: 14px;\">D\u00e9lai de livraison :<\/span><\/strong><\/td>\n<td style=\"border: 1px solid #707070; width: 553.337px;\"><span style=\"font-size: 14px;\">15-20 jours pour l'enregistrement<\/span><span style=\"font-family: arial, helvetica, sans-serif; font-size: 14px;\">tailles lar<\/span><\/td>\n<\/tr>\n<tr>\n<td style=\"border: 1px solid #707070; width: 159.663px;\"><strong><span style=\"font-family: arial, helvetica, sans-serif; font-size: 14px;\">Certificat :<\/span><\/strong><\/td>\n<td style=\"border: 1px solid #707070; width: 553.337px;\"><span style=\"font-family: arial, helvetica, sans-serif; font-size: 14px;\">CE, SGS<\/span><\/td>\n<\/tr>\n<tr>\n<td style=\"border: 1px solid #707070; width: 159.663px;\"><strong><span style=\"font-family: arial, helvetica, sans-serif; font-size: 14px;\">Conditions de paiement :<\/span><\/strong><\/td>\n<td style=\"border: 1px solid #707070; width: 553.337px;\"><span style=\"font-size: 14px;\">T\/T, L\/C, D<span style=\"color: #000000; font-family: Verdana, Arial, Helvetica, sans-serif; font-size: 14px; font-style: normal; font-weight: 400; background-color: #ffffff; float: none;\">\/<\/span>P<\/span><\/td>\n<\/tr>\n<tr>\n<td style=\"border: 1px solid #707070; width: 159.663px;\"><strong><span style=\"font-family: arial, helvetica, sans-serif; font-size: 14px;\">Avantage :<\/span><\/strong><\/td>\n<td style=\"border: 1px solid #707070; width: 553.337px;\"><span style=\"font-family: arial, helvetica, sans-serif; font-size: 14px;\">1) Service unique pour la pierre ;<\/span><\/p>\n<p><span style=\"font-family: arial, helvetica, sans-serif; font-size: 14px;\">2) poss\u00e8dent 3 carri\u00e8res et 9 usines ;<\/span><\/p>\n<p><span style=\"font-family: arial, helvetica, sans-serif; font-size: 14px;\">3) Des supports technologiques de pointe.<\/span><\/td>\n<\/tr>\n<tr>\n<td style=\"border: 1px solid #707070; width: 159.663px;\"><strong><span style=\"font-family: arial, helvetica, sans-serif; font-size: 14px;\">Assurance de la qualit\u00e9 et de la livraison :\u00a0<\/span><\/strong><\/td>\n<td style=\"border: 1px solid #707070; width: 553.337px;\"><span style=\"font-size: 14px;\">Tout au long du processus de production, du choix des mat\u00e9riaux \u00e0 l'emballage en passant par la fabrication, notre service de contr\u00f4le de la qualit\u00e9 contr\u00f4le rigoureusement chaque pi\u00e8ce et chaque processus afin de garantir le respect des normes de qualit\u00e9 et le respect des d\u00e9lais de livraison.<\/span><\/td>\n<\/tr>\n<\/tbody>\n<\/table>\n<p><img loading=\"lazy\" decoding=\"async\" class=\"alignnone size-full wp-image-27871\" src=\"http:\/\/stone-phoenix.com\/wp-content\/uploads\/2023\/12\/white-flower-granite-factory-price-brazilian-bala-5.jpg\" alt=\"\" width=\"963\" height=\"631\" srcset=\"https:\/\/stone-phoenix.com\/wp-content\/uploads\/2023\/12\/white-flower-granite-factory-price-brazilian-bala-5.jpg 963w, https:\/\/stone-phoenix.com\/wp-content\/uploads\/2023\/12\/white-flower-granite-factory-price-brazilian-bala-5-300x197.jpg 300w, https:\/\/stone-phoenix.com\/wp-content\/uploads\/2023\/12\/white-flower-granite-factory-price-brazilian-bala-5-768x503.jpg 768w, https:\/\/stone-phoenix.com\/wp-content\/uploads\/2023\/12\/white-flower-granite-factory-price-brazilian-bala-5-18x12.jpg 18w, https:\/\/stone-phoenix.com\/wp-content\/uploads\/2023\/12\/white-flower-granite-factory-price-brazilian-bala-5-600x393.jpg 600w, https:\/\/stone-phoenix.com\/wp-content\/uploads\/2023\/12\/white-flower-granite-factory-price-brazilian-bala-5-150x98.jpg 150w\" sizes=\"(max-width: 963px) 100vw, 963px\" \/><img loading=\"lazy\" decoding=\"async\" class=\"alignnone size-full wp-image-27872\" src=\"http:\/\/stone-phoenix.com\/wp-content\/uploads\/2023\/12\/white-flower-granite-factory-price-brazilian-bala-6.jpg\" alt=\"\" width=\"1123\" height=\"829\" srcset=\"https:\/\/stone-phoenix.com\/wp-content\/uploads\/2023\/12\/white-flower-granite-factory-price-brazilian-bala-6.jpg 1123w, https:\/\/stone-phoenix.com\/wp-content\/uploads\/2023\/12\/white-flower-granite-factory-price-brazilian-bala-6-300x221.jpg 300w, https:\/\/stone-phoenix.com\/wp-content\/uploads\/2023\/12\/white-flower-granite-factory-price-brazilian-bala-6-1024x756.jpg 1024w, https:\/\/stone-phoenix.com\/wp-content\/uploads\/2023\/12\/white-flower-granite-factory-price-brazilian-bala-6-768x567.jpg 768w, https:\/\/stone-phoenix.com\/wp-content\/uploads\/2023\/12\/white-flower-granite-factory-price-brazilian-bala-6-16x12.jpg 16w, https:\/\/stone-phoenix.com\/wp-content\/uploads\/2023\/12\/white-flower-granite-factory-price-brazilian-bala-6-600x443.jpg 600w, https:\/\/stone-phoenix.com\/wp-content\/uploads\/2023\/12\/white-flower-granite-factory-price-brazilian-bala-6-150x111.jpg 150w\" sizes=\"(max-width: 1123px) 100vw, 1123px\" \/><img loading=\"lazy\" decoding=\"async\" class=\"alignnone size-full wp-image-27873\" src=\"http:\/\/stone-phoenix.com\/wp-content\/uploads\/2023\/12\/white-flower-granite-factory-price-brazilian-bala-7.jpg\" alt=\"\" width=\"1116\" height=\"841\" srcset=\"https:\/\/stone-phoenix.com\/wp-content\/uploads\/2023\/12\/white-flower-granite-factory-price-brazilian-bala-7.jpg 1116w, https:\/\/stone-phoenix.com\/wp-content\/uploads\/2023\/12\/white-flower-granite-factory-price-brazilian-bala-7-300x226.jpg 300w, https:\/\/stone-phoenix.com\/wp-content\/uploads\/2023\/12\/white-flower-granite-factory-price-brazilian-bala-7-1024x772.jpg 1024w, https:\/\/stone-phoenix.com\/wp-content\/uploads\/2023\/12\/white-flower-granite-factory-price-brazilian-bala-7-768x579.jpg 768w, https:\/\/stone-phoenix.com\/wp-content\/uploads\/2023\/12\/white-flower-granite-factory-price-brazilian-bala-7-16x12.jpg 16w, https:\/\/stone-phoenix.com\/wp-content\/uploads\/2023\/12\/white-flower-granite-factory-price-brazilian-bala-7-600x452.jpg 600w, https:\/\/stone-phoenix.com\/wp-content\/uploads\/2023\/12\/white-flower-granite-factory-price-brazilian-bala-7-150x113.jpg 150w\" sizes=\"(max-width: 1116px) 100vw, 1116px\" \/><\/p>\n<\/div>\n<\/div>\n<\/div>","protected":false},"excerpt":{"rendered":"<p>white flower granite 2019 Factory Price brazilian bala White Flower Granite is a natural stone made from mica and quartz,<\/p>","protected":false},"featured_media":27866,"template":"","meta":[],"product_cat":[112],"product_tag":[],"_links":{"self":[{"href":"https:\/\/stone-phoenix.com\/fr\/wp-json\/wp\/v2\/product\/20078"}],"collection":[{"href":"https:\/\/stone-phoenix.com\/fr\/wp-json\/wp\/v2\/product"}],"about":[{"href":"https:\/\/stone-phoenix.com\/fr\/wp-json\/wp\/v2\/types\/product"}],"wp:featuredmedia":[{"embeddable":true,"href":"https:\/\/stone-phoenix.com\/fr\/wp-json\/wp\/v2\/media\/27866"}],"wp:attachment":[{"href":"https:\/\/stone-phoenix.com\/fr\/wp-json\/wp\/v2\/media?parent=20078"}],"wp:term":[{"taxonomy":"product_cat","embeddable":true,"href":"https:\/\/stone-phoenix.com\/fr\/wp-json\/wp\/v2\/product_cat?post=20078"},{"taxonomy":"product_tag","embeddable":true,"href":"https:\/\/stone-phoenix.com\/fr\/wp-json\/wp\/v2\/product_tag?post=20078"}],"curies":[{"name":"wp","href":"https:\/\/api.w.org\/{rel}","templated":true}]}}