{"id":20094,"date":"2023-12-29T20:01:45","date_gmt":"2023-12-29T12:01:45","guid":{"rendered":"http:\/\/stone-phoenix.com\/product\/absolute-black-granite-supplier-natural-price-mongolian"},"modified":"2024-04-11T12:32:29","modified_gmt":"2024-04-11T04:32:29","slug":"absolute-black-granite-supplier-natural-price-mongolian","status":"publish","type":"product","link":"https:\/\/stone-phoenix.com\/fr\/produit\/absolute-black-granite-supplier-natural-price-mongolian","title":{"rendered":"Absolute Black Granite Supplier Natural Price Mongolian"},"content":{"rendered":"<div id=\"tab-description\" class=\"woocommerce-Tabs-panel woocommerce-Tabs-panel--description panel entry-content wc-tab\" role=\"tabpanel\" aria-labelledby=\"tab-title-description\">\n<h2>Prix du granit noir absolu naturel Granit noir de Mongolie carrelage<\/h2>\n<p>Le granit noir absolu est l'un des types de granit les plus populaires sur le march\u00e9 aujourd'hui. Il s'agit d'une pierre naturelle qui pr\u00e9sente une couleur noire solide et un \u00e9clat subtil, ce qui en fait un excellent choix pour un large \u00e9ventail d'applications, notamment les plans de travail, les rev\u00eatements de sol et les rev\u00eatements muraux. Il est essentiel de trouver un fournisseur fiable de granit noir absolu pour s'assurer d'obtenir un granit de haute qualit\u00e9, exempt de d\u00e9fauts et de variations.<\/p>\n<p>Lorsque vous cherchez un fournisseur de granit noir absolu, il est essentiel de rechercher diff\u00e9rents fournisseurs dans votre r\u00e9gion. Vous pouvez commencer par rechercher en ligne des fournisseurs locaux et lire les commentaires de leurs clients. Vous pouvez \u00e9galement demander des recommandations \u00e0 des amis, des membres de votre famille ou des coll\u00e8gues qui ont d\u00e9j\u00e0 travaill\u00e9 avec des fournisseurs de granit.<\/p>\n<p>Une fois que vous aurez dress\u00e9 une liste de fournisseurs potentiels, vous pourrez les contacter pour leur demander un devis. Veillez \u00e0 fournir des informations d\u00e9taill\u00e9es sur votre projet, notamment les dimensions, le type de granit et toute exigence particuli\u00e8re que vous pourriez avoir. Vous pourrez ensuite comparer les devis des diff\u00e9rents fournisseurs pour trouver celui qui offre le meilleur rapport qualit\u00e9-prix pour votre budget.<\/p>\n<p>Il est important de garder \u00e0 l'esprit que tous les granits noirs absolus ne sont pas cr\u00e9\u00e9s \u00e9gaux. Certains fournisseurs peuvent proposer du granit de qualit\u00e9 inf\u00e9rieure qui peut pr\u00e9senter des d\u00e9fauts ou des variations de couleur et de motif. Il est essentiel de travailler avec un fournisseur r\u00e9put\u00e9 et exp\u00e9riment\u00e9 qui peut vous fournir du granit de haute qualit\u00e9 r\u00e9pondant \u00e0 vos besoins et exigences sp\u00e9cifiques.<\/p>\n<p>Outre la qualit\u00e9, vous devez \u00e9galement tenir compte des options de livraison du fournisseur. Certains fournisseurs peuvent proposer une livraison gratuite dans un certain rayon, tandis que d'autres peuvent facturer des frais. Renseignez-vous \u00e9galement sur les d\u00e9lais de livraison afin de vous assurer que votre projet se d\u00e9roule dans les temps.<\/p>\n<p>Enfin, il est essentiel de travailler avec un fournisseur qui offre un excellent service \u00e0 la client\u00e8le. Il doit \u00eatre disponible pour r\u00e9pondre \u00e0 toutes les questions, offrir des conseils d'expert sur l'installation et l'entretien, et fournir une assistance continue tout au long du processus.<\/p>\n<p>En conclusion, il est essentiel de trouver un fournisseur fiable de granit noir absolu pour s'assurer d'obtenir un granit de haute qualit\u00e9, exempt de d\u00e9fauts et de variations. En recherchant diff\u00e9rents fournisseurs, en comparant les devis et en tenant compte de facteurs tels que la qualit\u00e9, les options de livraison et le service \u00e0 la client\u00e8le, vous pourrez trouver un fournisseur qui r\u00e9pondra \u00e0 vos besoins et \u00e0 votre budget.<\/p>\n<div id=\"ali-anchor-AliPostDhMb-6q8vw\" style=\"padding-top: 8px;\" data-section=\"AliPostDhMb-6q8vw\" data-section-title=\"Product Description\">\n<div id=\"ali-title-AliPostDhMb-6q8vw\" style=\"padding: 8px 0; border-bottom: 1px solid #ddd;\"><span style=\"background-color: #ddd; color: #333; font-weight: bold; padding: 8px 10px; line-height: 12px;\">Description du produit<\/span><\/div>\n<div style=\"padding: 10px 0px; text-align: center;\">\n<table class=\"aliDataTable\" style=\"color: #000000; font-family: Arial; font-size: 12px; font-style: normal; font-weight: 400; background-color: #ffffff; width: 698px; height: 226px; border: 1px solid #b3b3b3;\">\n<tbody>\n<tr>\n<td style=\"border: 1px solid #707070; width: 159.663px;\"><strong><span style=\"font-family: arial, helvetica, sans-serif; font-size: 14px;\">Nom du produit :<\/span><\/strong><\/td>\n<td style=\"border: 1px solid #707070; width: 553.337px;\">Prix du granit noir absolu naturel Granit noir de Mongolie carrelage<\/td>\n<\/tr>\n<tr>\n<td style=\"border: 1px solid #707070; width: 159.663px;\"><strong><span style=\"font-family: arial, helvetica, sans-serif; font-size: 14px;\">Mat\u00e9riau :<\/span><\/strong><\/td>\n<td style=\"border: 1px solid #707070; width: 553.337px;\"><span style=\"font-size: 14px;\">Granit<\/span><\/td>\n<\/tr>\n<tr>\n<td style=\"border: 1px solid #707070; width: 159.663px;\"><strong><span style=\"font-family: arial, helvetica, sans-serif; font-size: 14px;\">Couleur :<\/span><\/strong><\/td>\n<td style=\"border: 1px solid #707070; width: 553.337px;\"><span style=\"font-family: arial, helvetica, sans-serif; font-size: 14px;\">Blanc, noir, jaune, rouge, rose, gris, brun, bleu, vert, etc.<\/span><\/td>\n<\/tr>\n<tr>\n<td style=\"border: 1px solid #707070; width: 159.663px;\" rowspan=\"3\"><strong><span style=\"font-family: arial, helvetica, sans-serif; font-size: 14px;\">Taille :<\/span><\/strong><\/td>\n<td style=\"border: 1px solid #707070; width: 553.337px;\"><span style=\"text-decoration: underline;\"><span style=\"font-size: 14px;\">Carreaux disponibles <\/span><\/span><br \/>\n<span style=\"font-size: 14px;\">12\u2019x12\u2033,24\u2019x24\u2033,12\u2019x24\u2033,etc <\/span><\/p>\n<p><span style=\"font-size: 14px;\">300x300mm,300x600mm,400x400mm,600x600mm,etc<\/span><\/td>\n<\/tr>\n<tr>\n<td style=\"border: 1px solid #707070; width: 553.337px;\"><span style=\"text-decoration: underline;\"><span style=\"font-size: 14px;\">Dalles disponibles <\/span><\/span><\/p>\n<p><span style=\"font-size: 14px;\">180cmUpx60UP,180cmUpx65cmUP,180cmUpx70cmUP,etc<\/span><br \/>\n<span style=\"font-size: 14px;\">240cmUpx120cmUP,etc<\/span><\/td>\n<\/tr>\n<tr>\n<td style=\"border: 1px solid #707070; width: 553.337px;\"><span style=\"font-family: arial, helvetica, sans-serif; font-size: 14px;\">Des sp\u00e9cifications personnalis\u00e9es sont disponibles<\/span><\/td>\n<\/tr>\n<tr>\n<td style=\"border: 1px solid #707070; width: 159.663px;\"><strong><span style=\"font-family: arial, helvetica, sans-serif; font-size: 14px;\">Tol\u00e9rance d'\u00e9paisseur :<\/span><\/strong><\/td>\n<td style=\"border: 1px solid #707070; width: 553.337px;\"><span style=\"font-family: arial, helvetica, sans-serif; font-size: 14px;\">\u00b10,05mm, \u00b11mm, \u00b11,5mm, \u00b12mm, selon les exigences de qualit\u00e9 du client<\/span><\/td>\n<\/tr>\n<tr>\n<td style=\"border: 1px solid #707070; width: 159.663px;\"><strong><span style=\"font-family: arial, helvetica, sans-serif; font-size: 14px;\">Surface :<\/span><\/strong><\/td>\n<td style=\"border: 1px solid #707070; width: 553.337px;\"><span style=\"font-family: arial, helvetica, sans-serif; font-size: 14px;\">P<\/span><span style=\"font-size: 14px;\">ol\u00e9, adouci, flamm\u00e9, sabl\u00e9, bouchard\u00e9, fendu naturel, flamm\u00e9 et bross\u00e9, etc.<\/span><\/td>\n<\/tr>\n<tr>\n<td style=\"border: 1px solid #707070; width: 159.663px;\"><strong><span style=\"font-family: arial, helvetica, sans-serif; font-size: 14px;\">Emballage :<\/span><\/strong><\/td>\n<td style=\"border: 1px solid #707070; width: 553.337px;\"><span style=\"font-size: 14px;\">Palettes en bois en \u00e9tat de navigabilit\u00e9, fardeaux en bois et caisses en bois<\/span><\/td>\n<\/tr>\n<tr>\n<td style=\"border: 1px solid #707070; width: 159.663px;\"><strong><span style=\"font-family: arial, helvetica, sans-serif; font-size: 14px;\">Application :<\/span><\/strong><\/td>\n<td style=\"border: 1px solid #707070; width: 553.337px;\"><span style=\"font-family: arial, helvetica, sans-serif; font-size: 14px;\">Sol, mur, motif, comptoir, d\u00e9coration int\u00e9rieure et ext\u00e9rieure<\/span><\/td>\n<\/tr>\n<tr>\n<td style=\"border: 1px solid #707070; width: 159.663px;\"><strong><span style=\"font-family: arial, helvetica, sans-serif; font-size: 14px;\">D\u00e9lai de livraison :<\/span><\/strong><\/td>\n<td style=\"border: 1px solid #707070; width: 553.337px;\"><span style=\"font-size: 14px;\">15-20 jours pour l'enregistrement<\/span><span style=\"font-family: arial, helvetica, sans-serif; font-size: 14px;\">tailles lar<\/span><\/td>\n<\/tr>\n<tr>\n<td style=\"border: 1px solid #707070; width: 159.663px;\"><strong><span style=\"font-family: arial, helvetica, sans-serif; font-size: 14px;\">Certificat :<\/span><\/strong><\/td>\n<td style=\"border: 1px solid #707070; width: 553.337px;\"><span style=\"font-family: arial, helvetica, sans-serif; font-size: 14px;\">CE, SGS<\/span><\/td>\n<\/tr>\n<tr>\n<td style=\"border: 1px solid #707070; width: 159.663px;\"><strong><span style=\"font-family: arial, helvetica, sans-serif; font-size: 14px;\">Conditions de paiement :<\/span><\/strong><\/td>\n<td style=\"border: 1px solid #707070; width: 553.337px;\"><span style=\"font-size: 14px;\">T\/T, L\/C, D<span style=\"color: #000000; font-family: Verdana, Arial, Helvetica, sans-serif; font-size: 14px; font-style: normal; font-weight: 400; background-color: #ffffff; float: none;\">\/<\/span>P<\/span><\/td>\n<\/tr>\n<tr>\n<td style=\"border: 1px solid #707070; width: 159.663px;\"><strong><span style=\"font-family: arial, helvetica, sans-serif; font-size: 14px;\">Avantage :<\/span><\/strong><\/td>\n<td style=\"border: 1px solid #707070; width: 553.337px;\"><span style=\"font-family: arial, helvetica, sans-serif; font-size: 14px;\">1) Service unique pour la pierre ;<\/span><\/p>\n<p><span style=\"font-family: arial, helvetica, sans-serif; font-size: 14px;\">2) poss\u00e8dent 3 carri\u00e8res et 9 usines ;<\/span><\/p>\n<p><span style=\"font-family: arial, helvetica, sans-serif; font-size: 14px;\">3) Des supports technologiques de pointe.<\/span><\/td>\n<\/tr>\n<tr>\n<td style=\"border: 1px solid #707070; width: 159.663px;\"><strong><span style=\"font-family: arial, helvetica, sans-serif; font-size: 14px;\">Assurance de la qualit\u00e9 et de la livraison :\u00a0<\/span><\/strong><\/td>\n<td style=\"border: 1px solid #707070; width: 553.337px;\"><span style=\"font-size: 14px;\">Tout au long du processus de production, du choix des mat\u00e9riaux \u00e0 l'emballage en passant par la fabrication, notre service de contr\u00f4le de la qualit\u00e9 contr\u00f4le rigoureusement chaque pi\u00e8ce et chaque processus afin de garantir le respect des normes de qualit\u00e9 et le respect des d\u00e9lais de livraison.<\/span><\/td>\n<\/tr>\n<\/tbody>\n<\/table>\n<\/div>\n<div style=\"padding: 10px 0px; text-align: center;\"><img loading=\"lazy\" decoding=\"async\" class=\"alignnone  wp-image-27501\" src=\"http:\/\/stone-phoenix.com\/wp-content\/uploads\/2023\/12\/Absolute-Black-Granite-Supplier-Natural-Price-Mongolian-8.jpg\" alt=\"\" width=\"955\" height=\"1195\" srcset=\"https:\/\/stone-phoenix.com\/wp-content\/uploads\/2023\/12\/Absolute-Black-Granite-Supplier-Natural-Price-Mongolian-8.jpg 844w, https:\/\/stone-phoenix.com\/wp-content\/uploads\/2023\/12\/Absolute-Black-Granite-Supplier-Natural-Price-Mongolian-8-240x300.jpg 240w, https:\/\/stone-phoenix.com\/wp-content\/uploads\/2023\/12\/Absolute-Black-Granite-Supplier-Natural-Price-Mongolian-8-818x1024.jpg 818w, https:\/\/stone-phoenix.com\/wp-content\/uploads\/2023\/12\/Absolute-Black-Granite-Supplier-Natural-Price-Mongolian-8-768x961.jpg 768w, https:\/\/stone-phoenix.com\/wp-content\/uploads\/2023\/12\/Absolute-Black-Granite-Supplier-Natural-Price-Mongolian-8-10x12.jpg 10w, https:\/\/stone-phoenix.com\/wp-content\/uploads\/2023\/12\/Absolute-Black-Granite-Supplier-Natural-Price-Mongolian-8-600x751.jpg 600w, https:\/\/stone-phoenix.com\/wp-content\/uploads\/2023\/12\/Absolute-Black-Granite-Supplier-Natural-Price-Mongolian-8-150x188.jpg 150w\" sizes=\"(max-width: 955px) 100vw, 955px\" \/><img loading=\"lazy\" decoding=\"async\" class=\"alignnone size-full wp-image-27502\" src=\"http:\/\/stone-phoenix.com\/wp-content\/uploads\/2023\/12\/Absolute-Black-Granite-Supplier-Natural-Price-Mongolian-6.jpg\" alt=\"\" width=\"1120\" height=\"796\" srcset=\"https:\/\/stone-phoenix.com\/wp-content\/uploads\/2023\/12\/Absolute-Black-Granite-Supplier-Natural-Price-Mongolian-6.jpg 1120w, https:\/\/stone-phoenix.com\/wp-content\/uploads\/2023\/12\/Absolute-Black-Granite-Supplier-Natural-Price-Mongolian-6-300x213.jpg 300w, https:\/\/stone-phoenix.com\/wp-content\/uploads\/2023\/12\/Absolute-Black-Granite-Supplier-Natural-Price-Mongolian-6-1024x728.jpg 1024w, https:\/\/stone-phoenix.com\/wp-content\/uploads\/2023\/12\/Absolute-Black-Granite-Supplier-Natural-Price-Mongolian-6-768x546.jpg 768w, https:\/\/stone-phoenix.com\/wp-content\/uploads\/2023\/12\/Absolute-Black-Granite-Supplier-Natural-Price-Mongolian-6-18x12.jpg 18w, https:\/\/stone-phoenix.com\/wp-content\/uploads\/2023\/12\/Absolute-Black-Granite-Supplier-Natural-Price-Mongolian-6-600x426.jpg 600w, https:\/\/stone-phoenix.com\/wp-content\/uploads\/2023\/12\/Absolute-Black-Granite-Supplier-Natural-Price-Mongolian-6-150x107.jpg 150w\" sizes=\"(max-width: 1120px) 100vw, 1120px\" \/><img loading=\"lazy\" decoding=\"async\" class=\"alignnone size-full wp-image-27503\" src=\"http:\/\/stone-phoenix.com\/wp-content\/uploads\/2023\/12\/Absolute-Black-Granite-Supplier-Natural-Price-Mongolian-7.jpg\" alt=\"\" width=\"1120\" height=\"810\" srcset=\"https:\/\/stone-phoenix.com\/wp-content\/uploads\/2023\/12\/Absolute-Black-Granite-Supplier-Natural-Price-Mongolian-7.jpg 1120w, https:\/\/stone-phoenix.com\/wp-content\/uploads\/2023\/12\/Absolute-Black-Granite-Supplier-Natural-Price-Mongolian-7-300x217.jpg 300w, https:\/\/stone-phoenix.com\/wp-content\/uploads\/2023\/12\/Absolute-Black-Granite-Supplier-Natural-Price-Mongolian-7-1024x741.jpg 1024w, https:\/\/stone-phoenix.com\/wp-content\/uploads\/2023\/12\/Absolute-Black-Granite-Supplier-Natural-Price-Mongolian-7-768x555.jpg 768w, https:\/\/stone-phoenix.com\/wp-content\/uploads\/2023\/12\/Absolute-Black-Granite-Supplier-Natural-Price-Mongolian-7-18x12.jpg 18w, https:\/\/stone-phoenix.com\/wp-content\/uploads\/2023\/12\/Absolute-Black-Granite-Supplier-Natural-Price-Mongolian-7-600x434.jpg 600w, https:\/\/stone-phoenix.com\/wp-content\/uploads\/2023\/12\/Absolute-Black-Granite-Supplier-Natural-Price-Mongolian-7-150x108.jpg 150w\" sizes=\"(max-width: 1120px) 100vw, 1120px\" \/><\/div>\n<div style=\"padding: 10px 0px; text-align: center;\">\n<\/div>\n<\/div>\n<\/div>","protected":false},"excerpt":{"rendered":"<p>Natural Absolute Black Granite Price Mongolian Black Granite tile Absolute Black Granite is one of the most popular types of<\/p>","protected":false},"featured_media":27495,"template":"","meta":[],"product_cat":[112],"product_tag":[],"_links":{"self":[{"href":"https:\/\/stone-phoenix.com\/fr\/wp-json\/wp\/v2\/product\/20094"}],"collection":[{"href":"https:\/\/stone-phoenix.com\/fr\/wp-json\/wp\/v2\/product"}],"about":[{"href":"https:\/\/stone-phoenix.com\/fr\/wp-json\/wp\/v2\/types\/product"}],"wp:featuredmedia":[{"embeddable":true,"href":"https:\/\/stone-phoenix.com\/fr\/wp-json\/wp\/v2\/media\/27495"}],"wp:attachment":[{"href":"https:\/\/stone-phoenix.com\/fr\/wp-json\/wp\/v2\/media?parent=20094"}],"wp:term":[{"taxonomy":"product_cat","embeddable":true,"href":"https:\/\/stone-phoenix.com\/fr\/wp-json\/wp\/v2\/product_cat?post=20094"},{"taxonomy":"product_tag","embeddable":true,"href":"https:\/\/stone-phoenix.com\/fr\/wp-json\/wp\/v2\/product_tag?post=20094"}],"curies":[{"name":"wp","href":"https:\/\/api.w.org\/{rel}","templated":true}]}}