{"id":20107,"date":"2023-12-29T20:02:10","date_gmt":"2023-12-29T12:02:10","guid":{"rendered":"http:\/\/stone-phoenix.com\/product\/absolute-black-granite-cost-zimbabwe-floor-tile"},"modified":"2024-04-12T15:42:44","modified_gmt":"2024-04-12T07:42:44","slug":"absolute-black-granite-cost-zimbabwe-floor-tile","status":"publish","type":"product","link":"https:\/\/stone-phoenix.com\/fr\/produit\/absolute-black-granite-cost-zimbabwe-floor-tile","title":{"rendered":"granit noir absolu co\u00fbt d'un carrelage de sol au Zimbabwe"},"content":{"rendered":"<div id=\"tab-description\" class=\"woocommerce-Tabs-panel woocommerce-Tabs-panel--description panel entry-content wc-tab\" role=\"tabpanel\" aria-labelledby=\"tab-title-description\">\n<div id=\"ali-anchor-AliPostDhMb-6q8vw\" style=\"padding-top: 8px;\" data-section=\"AliPostDhMb-6q8vw\" data-section-title=\"Product Description\">\n<h2>Co\u00fbt du granit noir absolu Prix des carreaux de sol au Zimbabwe m2<\/h2>\n<p>Le granit noir absolu est une pierre naturelle de couleur noire. Il ne s'\u00e9caille pas, ne se fend pas et ne se fissure pas. Il peut \u00eatre utilis\u00e9 pour les piscines, les fontaines, les \u00e9tangs, les terrains de basket-ball et les all\u00e9es, ainsi que pour les comptoirs, les sols et les meubles-lavabos. Ce produit ne pr\u00e9sente aucune variation de couleur ou de motif et n'est pas sujet aux taches, aux rayures ou aux r\u00e9parations.<\/p>\n<p>C'est l'une des rares pierres artificielles qui n'a pas besoin d'\u00eatre scell\u00e9e pour prot\u00e9ger sa surface lisse des dommages caus\u00e9s par l'eau lorsqu'elle est expos\u00e9e \u00e0 l'ext\u00e9rieur.Absolute black granite cost est un m\u00e9lange de basalte noir naturel et de granit. Ce m\u00e9lange donne un aspect poli, proche du noir, dans un mat\u00e9riau durable qui peut \u00eatre utilis\u00e9 pour les comptoirs de cuisine et de salle de bains.Absolute Black est un granit d'un noir tr\u00e8s sombre, profond, avec un aspect de porcelaine. Comme son nom l'indique, le noir absolu ne pr\u00e9sente aucune nuance perceptible de gris ou de brun, ce qui en fait un mat\u00e9riau fantastique pour les plans de travail de cuisine.<\/p>\n<p>Elle conf\u00e8re de l'\u00e9l\u00e9gance \u00e0 tout type de d\u00e9coration int\u00e9rieure, qu'il s'agisse d'un style moderne ou d'un style rustique. Le choix le plus important que vous devez faire lorsque vous choisissez la pierre parfaite pour votre cuisine est qu'elle doit \u00eatre durable, r\u00e9sistante et facile \u00e0 entretenir.Notre produit est une pierre exceptionnelle d'un noir profond qui peut \u00eatre utilis\u00e9e \u00e0 la fois dans la cuisine et dans la salle de bains. Sa composition min\u00e9rale la rend extr\u00eamement durable, avec une r\u00e9sistance naturelle aux liquides, aux taches et aux fissures.<\/p>\n<p>Son aspect pierre ollaire est un atout pour les salles de bains en particulier, car il imite la texture de la pierre ollaire, qui \u00e9tait populaire dans les maisons \u00e0 l'\u00e9poque de la Renaissance. Cette pierre est \u00e9galement disponible dans sa couleur naturelle ainsi que dans plusieurs finitions polies diff\u00e9rentes.<\/p>\n<div id=\"ali-title-AliPostDhMb-6q8vw\" style=\"padding: 8px 0; border-bottom: 1px solid #ddd;\"><span style=\"background-color: #ddd; color: #333; font-weight: bold; padding: 8px 10px; line-height: 12px;\">Description du produit<\/span><\/div>\n<div style=\"padding: 10px 0;\">\n<table class=\"aliDataTable\" style=\"color: #000000; font-family: Arial; font-size: 12px; font-style: normal; font-weight: 400; background-color: #ffffff; width: 698px; height: 226px; border: 1px solid #b3b3b3;\">\n<tbody>\n<tr>\n<td style=\"border: 1px solid #707070; width: 159.663px;\"><strong><span style=\"font-family: arial, helvetica, sans-serif; font-size: 14px;\">Nom du produit :<\/span><\/strong><\/td>\n<td style=\"border: 1px solid #707070; width: 553.337px;\">Prix des carreaux de sol en granit noir de Mongolie bon march\u00e9 du Zimbabwe m2<\/td>\n<\/tr>\n<tr>\n<td style=\"border: 1px solid #707070; width: 159.663px;\"><strong><span style=\"font-family: arial, helvetica, sans-serif; font-size: 14px;\">Mat\u00e9riau :<\/span><\/strong><\/td>\n<td style=\"border: 1px solid #707070; width: 553.337px;\"><span style=\"font-size: 14px;\">Granit<\/span><\/td>\n<\/tr>\n<tr>\n<td style=\"border: 1px solid #707070; width: 159.663px;\"><strong><span style=\"font-family: arial, helvetica, sans-serif; font-size: 14px;\">Couleur :<\/span><\/strong><\/td>\n<td style=\"border: 1px solid #707070; width: 553.337px;\"><span style=\"font-family: arial, helvetica, sans-serif; font-size: 14px;\">Blanc, noir, jaune, rouge, rose, gris, brun, bleu, vert, etc.<\/span><\/td>\n<\/tr>\n<tr>\n<td style=\"border: 1px solid #707070; width: 159.663px;\" rowspan=\"3\"><strong><span style=\"font-family: arial, helvetica, sans-serif; font-size: 14px;\">Taille :<\/span><\/strong><\/td>\n<td style=\"border: 1px solid #707070; width: 553.337px;\"><span style=\"text-decoration: underline;\"><span style=\"font-size: 14px;\">Carreaux disponibles <\/span><\/span><br \/>\n<span style=\"font-size: 14px;\">12\u2019x12\u2033,24\u2019x24\u2033,12\u2019x24\u2033,etc <\/span><span style=\"font-size: 14px;\">300x300mm,300x600mm,400x400mm,600x600mm,etc<\/span><\/td>\n<\/tr>\n<tr>\n<td style=\"border: 1px solid #707070; width: 553.337px;\"><span style=\"text-decoration: underline;\"><span style=\"font-size: 14px;\">Dalles disponibles <\/span><\/span><\/p>\n<p><span style=\"font-size: 14px;\">180cmUpx60UP,180cmUpx65cmUP,180cmUpx70cmUP,etc<\/span><br \/>\n<span style=\"font-size: 14px;\">240cmUpx120cmUP,etc<\/span><\/td>\n<\/tr>\n<tr>\n<td style=\"border: 1px solid #707070; width: 553.337px;\"><span style=\"font-family: arial, helvetica, sans-serif; font-size: 14px;\">Des sp\u00e9cifications personnalis\u00e9es sont disponibles<\/span><\/td>\n<\/tr>\n<tr>\n<td style=\"border: 1px solid #707070; width: 159.663px;\"><strong><span style=\"font-family: arial, helvetica, sans-serif; font-size: 14px;\">Tol\u00e9rance d'\u00e9paisseur :<\/span><\/strong><\/td>\n<td style=\"border: 1px solid #707070; width: 553.337px;\"><span style=\"font-family: arial, helvetica, sans-serif; font-size: 14px;\">\u00b10,05mm, \u00b11mm, \u00b11,5mm, \u00b12mm, selon les exigences de qualit\u00e9 du client<\/span><\/td>\n<\/tr>\n<tr>\n<td style=\"border: 1px solid #707070; width: 159.663px;\"><strong><span style=\"font-family: arial, helvetica, sans-serif; font-size: 14px;\">Surface :<\/span><\/strong><\/td>\n<td style=\"border: 1px solid #707070; width: 553.337px;\"><span style=\"font-family: arial, helvetica, sans-serif; font-size: 14px;\">P<\/span><span style=\"font-size: 14px;\">ol\u00e9, adouci, flamm\u00e9, sabl\u00e9, bouchard\u00e9, fendu naturel, flamm\u00e9 et bross\u00e9, etc.<\/span><\/td>\n<\/tr>\n<tr>\n<td style=\"border: 1px solid #707070; width: 159.663px;\"><strong><span style=\"font-family: arial, helvetica, sans-serif; font-size: 14px;\">Emballage :<\/span><\/strong><\/td>\n<td style=\"border: 1px solid #707070; width: 553.337px;\"><span style=\"font-size: 14px;\">Palettes en bois en \u00e9tat de navigabilit\u00e9, fardeaux en bois et caisses en bois<\/span><\/td>\n<\/tr>\n<tr>\n<td style=\"border: 1px solid #707070; width: 159.663px;\"><strong><span style=\"font-family: arial, helvetica, sans-serif; font-size: 14px;\">Application :<\/span><\/strong><\/td>\n<td style=\"border: 1px solid #707070; width: 553.337px;\"><span style=\"font-family: arial, helvetica, sans-serif; font-size: 14px;\">Sol, mur, motif, comptoir, d\u00e9coration int\u00e9rieure et ext\u00e9rieure<\/span><\/td>\n<\/tr>\n<tr>\n<td style=\"border: 1px solid #707070; width: 159.663px;\"><strong><span style=\"font-family: arial, helvetica, sans-serif; font-size: 14px;\">D\u00e9lai de livraison :<\/span><\/strong><\/td>\n<td style=\"border: 1px solid #707070; width: 553.337px;\"><span style=\"font-size: 14px;\">15-20 jours pour l'enregistrement<\/span><span style=\"font-family: arial, helvetica, sans-serif; font-size: 14px;\">tailles lar<\/span><\/td>\n<\/tr>\n<tr>\n<td style=\"border: 1px solid #707070; width: 159.663px;\"><strong><span style=\"font-family: arial, helvetica, sans-serif; font-size: 14px;\">Certificat :<\/span><\/strong><\/td>\n<td style=\"border: 1px solid #707070; width: 553.337px;\"><span style=\"font-family: arial, helvetica, sans-serif; font-size: 14px;\">CE, SGS<\/span><\/td>\n<\/tr>\n<tr>\n<td style=\"border: 1px solid #707070; width: 159.663px;\"><strong><span style=\"font-family: arial, helvetica, sans-serif; font-size: 14px;\">Conditions de paiement :<\/span><\/strong><\/td>\n<td style=\"border: 1px solid #707070; width: 553.337px;\"><span style=\"font-size: 14px;\">T\/T, L\/C, D<span style=\"color: #000000; font-family: Verdana, Arial, Helvetica, sans-serif; font-size: 14px; font-style: normal; font-weight: 400; background-color: #ffffff; float: none;\">\/<\/span>P<\/span><\/td>\n<\/tr>\n<tr>\n<td style=\"border: 1px solid #707070; width: 159.663px;\"><strong><span style=\"font-family: arial, helvetica, sans-serif; font-size: 14px;\">Avantage :<\/span><\/strong><\/td>\n<td style=\"border: 1px solid #707070; width: 553.337px;\"><span style=\"font-family: arial, helvetica, sans-serif; font-size: 14px;\">1) Service unique pour la pierre ;<\/span><\/p>\n<p><span style=\"font-family: arial, helvetica, sans-serif; font-size: 14px;\">2) poss\u00e8dent 3 carri\u00e8res et 9 usines ;<\/span><\/p>\n<p><span style=\"font-family: arial, helvetica, sans-serif; font-size: 14px;\">3) Des supports technologiques de pointe.<\/span><\/td>\n<\/tr>\n<tr>\n<td style=\"border: 1px solid #707070; width: 159.663px;\"><strong><span style=\"font-family: arial, helvetica, sans-serif; font-size: 14px;\">Assurance de la qualit\u00e9 et de la livraison :\u00a0<\/span><\/strong><\/td>\n<td style=\"border: 1px solid #707070; width: 553.337px;\"><span style=\"font-size: 14px;\">Tout au long du processus de production, du choix des mat\u00e9riaux \u00e0 l'emballage en passant par la fabrication, notre service de contr\u00f4le de la qualit\u00e9 contr\u00f4le rigoureusement chaque pi\u00e8ce et chaque processus afin de garantir le respect des normes de qualit\u00e9 et le respect des d\u00e9lais de livraison.<\/span><\/td>\n<\/tr>\n<\/tbody>\n<\/table>\n<p><img loading=\"lazy\" decoding=\"async\" class=\"alignnone wp-image-27829\" src=\"http:\/\/stone-phoenix.com\/wp-content\/uploads\/2023\/12\/absolute-black-granite-cost-Zimbabwe-floor-tile-7.jpg\" alt=\"\" width=\"961\" height=\"711\" srcset=\"https:\/\/stone-phoenix.com\/wp-content\/uploads\/2023\/12\/absolute-black-granite-cost-Zimbabwe-floor-tile-7.jpg 669w, https:\/\/stone-phoenix.com\/wp-content\/uploads\/2023\/12\/absolute-black-granite-cost-Zimbabwe-floor-tile-7-300x222.jpg 300w, https:\/\/stone-phoenix.com\/wp-content\/uploads\/2023\/12\/absolute-black-granite-cost-Zimbabwe-floor-tile-7-16x12.jpg 16w, https:\/\/stone-phoenix.com\/wp-content\/uploads\/2023\/12\/absolute-black-granite-cost-Zimbabwe-floor-tile-7-600x444.jpg 600w, https:\/\/stone-phoenix.com\/wp-content\/uploads\/2023\/12\/absolute-black-granite-cost-Zimbabwe-floor-tile-7-150x111.jpg 150w\" sizes=\"(max-width: 961px) 100vw, 961px\" \/><img loading=\"lazy\" decoding=\"async\" class=\"alignnone size-full wp-image-27830\" src=\"http:\/\/stone-phoenix.com\/wp-content\/uploads\/2023\/12\/absolute-black-granite-cost-Zimbabwe-floor-tile-8.jpg\" alt=\"\" width=\"1083\" height=\"762\" srcset=\"https:\/\/stone-phoenix.com\/wp-content\/uploads\/2023\/12\/absolute-black-granite-cost-Zimbabwe-floor-tile-8.jpg 1083w, https:\/\/stone-phoenix.com\/wp-content\/uploads\/2023\/12\/absolute-black-granite-cost-Zimbabwe-floor-tile-8-300x211.jpg 300w, https:\/\/stone-phoenix.com\/wp-content\/uploads\/2023\/12\/absolute-black-granite-cost-Zimbabwe-floor-tile-8-1024x720.jpg 1024w, https:\/\/stone-phoenix.com\/wp-content\/uploads\/2023\/12\/absolute-black-granite-cost-Zimbabwe-floor-tile-8-768x540.jpg 768w, https:\/\/stone-phoenix.com\/wp-content\/uploads\/2023\/12\/absolute-black-granite-cost-Zimbabwe-floor-tile-8-18x12.jpg 18w, https:\/\/stone-phoenix.com\/wp-content\/uploads\/2023\/12\/absolute-black-granite-cost-Zimbabwe-floor-tile-8-600x422.jpg 600w, https:\/\/stone-phoenix.com\/wp-content\/uploads\/2023\/12\/absolute-black-granite-cost-Zimbabwe-floor-tile-8-150x106.jpg 150w\" sizes=\"(max-width: 1083px) 100vw, 1083px\" \/><img loading=\"lazy\" decoding=\"async\" class=\"alignnone wp-image-27831\" src=\"http:\/\/stone-phoenix.com\/wp-content\/uploads\/2023\/12\/absolute-black-granite-cost-Zimbabwe-floor-tile-5.jpg\" alt=\"\" width=\"958\" height=\"728\" srcset=\"https:\/\/stone-phoenix.com\/wp-content\/uploads\/2023\/12\/absolute-black-granite-cost-Zimbabwe-floor-tile-5.jpg 675w, https:\/\/stone-phoenix.com\/wp-content\/uploads\/2023\/12\/absolute-black-granite-cost-Zimbabwe-floor-tile-5-300x228.jpg 300w, https:\/\/stone-phoenix.com\/wp-content\/uploads\/2023\/12\/absolute-black-granite-cost-Zimbabwe-floor-tile-5-16x12.jpg 16w, https:\/\/stone-phoenix.com\/wp-content\/uploads\/2023\/12\/absolute-black-granite-cost-Zimbabwe-floor-tile-5-600x456.jpg 600w, https:\/\/stone-phoenix.com\/wp-content\/uploads\/2023\/12\/absolute-black-granite-cost-Zimbabwe-floor-tile-5-150x114.jpg 150w\" sizes=\"(max-width: 958px) 100vw, 958px\" \/><\/p>\n<p>&nbsp;<\/p>\n<p>&nbsp;<\/p>\n<\/div>\n<\/div>\n<\/div>","protected":false},"excerpt":{"rendered":"<p>Absolute black granite cost Zimbabwe Floor Tile price m2 Absolute black granite is a natural stone with black color. It<\/p>","protected":false},"featured_media":27824,"template":"","meta":[],"product_cat":[112],"product_tag":[],"_links":{"self":[{"href":"https:\/\/stone-phoenix.com\/fr\/wp-json\/wp\/v2\/product\/20107"}],"collection":[{"href":"https:\/\/stone-phoenix.com\/fr\/wp-json\/wp\/v2\/product"}],"about":[{"href":"https:\/\/stone-phoenix.com\/fr\/wp-json\/wp\/v2\/types\/product"}],"wp:featuredmedia":[{"embeddable":true,"href":"https:\/\/stone-phoenix.com\/fr\/wp-json\/wp\/v2\/media\/27824"}],"wp:attachment":[{"href":"https:\/\/stone-phoenix.com\/fr\/wp-json\/wp\/v2\/media?parent=20107"}],"wp:term":[{"taxonomy":"product_cat","embeddable":true,"href":"https:\/\/stone-phoenix.com\/fr\/wp-json\/wp\/v2\/product_cat?post=20107"},{"taxonomy":"product_tag","embeddable":true,"href":"https:\/\/stone-phoenix.com\/fr\/wp-json\/wp\/v2\/product_tag?post=20107"}],"curies":[{"name":"wp","href":"https:\/\/api.w.org\/{rel}","templated":true}]}}