{"id":20112,"date":"2023-12-29T20:02:19","date_gmt":"2023-12-29T12:02:19","guid":{"rendered":"http:\/\/stone-phoenix.com\/product\/african-granite-slab-polished-multi-red"},"modified":"2024-04-12T15:36:43","modified_gmt":"2024-04-12T07:36:43","slug":"african-granite-slab-polished-multi-red","status":"publish","type":"product","link":"https:\/\/stone-phoenix.com\/fr\/produit\/african-granite-slab-polished-multi-red","title":{"rendered":"Dalle de granit africain poli Multi Red"},"content":{"rendered":"<div id=\"tab-description\" class=\"woocommerce-Tabs-panel woocommerce-Tabs-panel--description panel entry-content wc-tab\" role=\"tabpanel\" aria-labelledby=\"tab-title-description\">\n<div id=\"ali-anchor-AliPostDhMb-6q8vw\" style=\"padding-top: 8px;\" data-section=\"AliPostDhMb-6q8vw\" data-section-title=\"Product Description\">\n<div>\n<h2>Dalle de granit africain poli Multi Red<\/h2>\n<p>Les dalles de granit africain sont un choix populaire pour les comptoirs de cuisine, les rev\u00eatements de sol et d'autres projets d'am\u00e9nagement int\u00e9rieur et ext\u00e9rieur. Cette pierre naturelle est appr\u00e9ci\u00e9e pour sa durabilit\u00e9, ses motifs uniques et sa gamme de couleurs \u00e9clatantes.<\/p>\n<p>Le granit africain provient de diff\u00e9rents pays du continent, dont l'Afrique du Sud, le Zimbabwe, la Namibie et l'Angola. Chaque pays offre une gamme distincte de couleurs et de motifs de granit, allant du noir et du brun riches aux verts et bleus vibrants. Cette diversit\u00e9 fait du granit africain un excellent choix pour les propri\u00e9taires et les concepteurs qui recherchent un aspect unique pour leur projet.<\/p>\n<p>L'un des principaux avantages des dalles de granit africain est leur durabilit\u00e9. Le granit est une pierre naturellement dure et dense, qui r\u00e9siste aux rayures, aux \u00e9br\u00e9chures et aux fissures. Il s'agit donc d'un choix id\u00e9al pour les zones tr\u00e8s fr\u00e9quent\u00e9es, comme les comptoirs de cuisine, o\u00f9 il peut r\u00e9sister \u00e0 un usage quotidien sans montrer de signes d'usure.<\/p>\n<p>Outre sa durabilit\u00e9, le granit africain est \u00e9galement r\u00e9sistant \u00e0 la chaleur, ce qui en fait un bon choix pour les cuisines o\u00f9 l'on utilise fr\u00e9quemment des casseroles et des po\u00eales chaudes. Cette pierre naturelle est \u00e9galement non poreuse, ce qui signifie qu'elle r\u00e9siste aux taches et qu'elle peut \u00eatre facilement nettoy\u00e9e et entretenue.<\/p>\n<p>Lors du choix d'une dalle de granit africain, il est important de tenir compte de la couleur et du motif de la pierre. Chaque dalle \u00e9tant unique, il est recommand\u00e9 d'en voir plusieurs avant de prendre une d\u00e9cision finale. Certaines dalles de granit africain ont une couleur unie, tandis que d'autres ont un motif tachet\u00e9 ou des stries de couleurs contrast\u00e9es. Les propri\u00e9taires et les designers doivent tenir compte de l'aspect g\u00e9n\u00e9ral qu'ils essaient d'obtenir, ainsi que des autres \u00e9l\u00e9ments de la pi\u00e8ce, lorsqu'ils choisissent une dalle de granit.<\/p>\n<p>Les dalles de granit africain sont disponibles dans une grande vari\u00e9t\u00e9 de tailles, ce qui permet une grande flexibilit\u00e9 dans la conception. Elles peuvent \u00eatre coup\u00e9es pour s'adapter \u00e0 des espaces sp\u00e9cifiques ou fa\u00e7onn\u00e9es pour s'adapter \u00e0 des angles et des courbes uniques. En outre, les dalles de granit africain peuvent \u00eatre adoucies, polies ou grav\u00e9es pour obtenir une finition sp\u00e9cifique.<\/p>\n<p>En conclusion, les dalles de granit africain constituent un excellent choix pour tout projet d'am\u00e9nagement. Gr\u00e2ce \u00e0 leur durabilit\u00e9, leur r\u00e9sistance \u00e0 la chaleur et leurs motifs et couleurs uniques, elles offrent aux propri\u00e9taires et aux concepteurs une option de pierre naturelle qui ajoutera de la beaut\u00e9 et de la fonctionnalit\u00e9 \u00e0 n'importe quel espace.<\/p>\n<\/div>\n<div id=\"ali-title-AliPostDhMb-6q8vw\" style=\"padding: 8px 0; border-bottom: 1px solid #ddd;\"><span style=\"background-color: #ddd; color: #333; font-weight: bold; padding: 8px 10px; line-height: 12px;\">Description du produit<\/span><\/div>\n<div style=\"padding: 10px 0;\">\n<table class=\"aliDataTable\" style=\"color: #000000; font-family: Arial; font-size: 12px; font-style: normal; font-weight: 400; background-color: #ffffff; width: 72.9357%; height: 567px; border: 1px solid #b3b3b3;\">\n<tbody>\n<tr style=\"height: 21px;\">\n<td style=\"border: 1px solid #707070; width: 159.663px; height: 21px;\"><strong><span style=\"font-family: arial, helvetica, sans-serif; font-size: 14px;\">Nom du produit :<\/span><\/strong><\/td>\n<td style=\"border: 1px solid #707070; width: 553.337px; height: 21px;\"><span style=\"font-family: arial, helvetica, sans-serif; font-size: 14px;\">Granit divers<\/span><\/td>\n<\/tr>\n<tr style=\"height: 21px;\">\n<td style=\"border: 1px solid #707070; width: 159.663px; height: 21px;\"><strong><span style=\"font-family: arial, helvetica, sans-serif; font-size: 14px;\">Mat\u00e9riau :<\/span><\/strong><\/td>\n<td style=\"border: 1px solid #707070; width: 553.337px; height: 21px;\"><span style=\"font-size: 14px;\">Granit<\/span><\/td>\n<\/tr>\n<tr style=\"height: 21px;\">\n<td style=\"border: 1px solid #707070; width: 159.663px; height: 21px;\"><strong><span style=\"font-family: arial, helvetica, sans-serif; font-size: 14px;\">Couleur :<\/span><\/strong><\/td>\n<td style=\"border: 1px solid #707070; width: 553.337px; height: 21px;\"><span style=\"font-family: arial, helvetica, sans-serif; font-size: 14px;\">Blanc, noir, jaune, rouge, rose, gris, brun, bleu, vert, etc.<\/span><\/td>\n<\/tr>\n<tr style=\"height: 42px;\">\n<td style=\"border: 1px solid #707070; width: 159.663px; height: 162px;\" rowspan=\"3\"><strong><span style=\"font-family: arial, helvetica, sans-serif; font-size: 14px;\">Taille :<\/span><\/strong><\/td>\n<td style=\"border: 1px solid #707070; width: 553.337px; height: 42px;\"><span style=\"text-decoration: underline;\"><span style=\"font-size: 14px;\">Carreaux disponibles <\/span><\/span><br \/>\n<span style=\"font-size: 14px;\">12\u2019x12\u2033,24\u2019x24\u2033,12\u2019x24\u2033,etc <\/span><span style=\"font-size: 14px;\">300x300mm,300x600mm,400x400mm,600x600mm,etc<\/span><\/td>\n<\/tr>\n<tr style=\"height: 99px;\">\n<td style=\"border: 1px solid #707070; width: 553.337px; height: 99px;\"><span style=\"text-decoration: underline;\"><span style=\"font-size: 14px;\">Dalles disponibles <\/span><\/span><\/p>\n<p><span style=\"font-size: 14px;\">180cmUpx60UP,180cmUpx65cmUP,180cmUpx70cmUP,etc<\/span><br \/>\n<span style=\"font-size: 14px;\">240cmUpx120cmUP,etc<\/span><\/td>\n<\/tr>\n<tr style=\"height: 21px;\">\n<td style=\"border: 1px solid #707070; width: 553.337px; height: 21px;\"><span style=\"font-family: arial, helvetica, sans-serif; font-size: 14px;\">Des sp\u00e9cifications personnalis\u00e9es sont disponibles<\/span><\/td>\n<\/tr>\n<tr style=\"height: 21px;\">\n<td style=\"border: 1px solid #707070; width: 159.663px; height: 21px;\"><strong><span style=\"font-family: arial, helvetica, sans-serif; font-size: 14px;\">Tol\u00e9rance d'\u00e9paisseur :<\/span><\/strong><\/td>\n<td style=\"border: 1px solid #707070; width: 553.337px; height: 21px;\"><span style=\"font-family: arial, helvetica, sans-serif; font-size: 14px;\">\u00b10,05mm, \u00b11mm, \u00b11,5mm, \u00b12mm, selon les exigences de qualit\u00e9 du client<\/span><\/td>\n<\/tr>\n<tr style=\"height: 42px;\">\n<td style=\"border: 1px solid #707070; width: 159.663px; height: 42px;\"><strong><span style=\"font-family: arial, helvetica, sans-serif; font-size: 14px;\">Surface :<\/span><\/strong><\/td>\n<td style=\"border: 1px solid #707070; width: 553.337px; height: 42px;\"><span style=\"font-family: arial, helvetica, sans-serif; font-size: 14px;\">P<\/span><span style=\"font-size: 14px;\">ol\u00e9, adouci, flamm\u00e9, sabl\u00e9, bouchard\u00e9, fendu naturel, flamm\u00e9 et bross\u00e9, etc.<\/span><\/td>\n<\/tr>\n<tr style=\"height: 21px;\">\n<td style=\"border: 1px solid #707070; width: 159.663px; height: 21px;\"><strong><span style=\"font-family: arial, helvetica, sans-serif; font-size: 14px;\">Emballage :<\/span><\/strong><\/td>\n<td style=\"border: 1px solid #707070; width: 553.337px; height: 21px;\"><span style=\"font-size: 14px;\">Palettes en bois en \u00e9tat de navigabilit\u00e9, fardeaux en bois et caisses en bois<\/span><\/td>\n<\/tr>\n<tr style=\"height: 21px;\">\n<td style=\"border: 1px solid #707070; width: 159.663px; height: 21px;\"><strong><span style=\"font-family: arial, helvetica, sans-serif; font-size: 14px;\">Application :<\/span><\/strong><\/td>\n<td style=\"border: 1px solid #707070; width: 553.337px; height: 21px;\"><span style=\"font-family: arial, helvetica, sans-serif; font-size: 14px;\">Sol, mur, motif, comptoir, d\u00e9coration int\u00e9rieure et ext\u00e9rieure<\/span><\/td>\n<\/tr>\n<tr style=\"height: 21px;\">\n<td style=\"border: 1px solid #707070; width: 159.663px; height: 21px;\"><strong><span style=\"font-family: arial, helvetica, sans-serif; font-size: 14px;\">D\u00e9lai de livraison :<\/span><\/strong><\/td>\n<td style=\"border: 1px solid #707070; width: 553.337px; height: 21px;\"><span style=\"font-size: 14px;\">15-20 jours pour l'enregistrement<\/span><span style=\"font-family: arial, helvetica, sans-serif; font-size: 14px;\">tailles lar<\/span><\/td>\n<\/tr>\n<tr style=\"height: 21px;\">\n<td style=\"border: 1px solid #707070; width: 159.663px; height: 21px;\"><strong><span style=\"font-family: arial, helvetica, sans-serif; font-size: 14px;\">Certificat :<\/span><\/strong><\/td>\n<td style=\"border: 1px solid #707070; width: 553.337px; height: 21px;\"><span style=\"font-family: arial, helvetica, sans-serif; font-size: 14px;\">CE, SGS<\/span><\/td>\n<\/tr>\n<tr style=\"height: 21px;\">\n<td style=\"border: 1px solid #707070; width: 159.663px; height: 21px;\"><strong><span style=\"font-family: arial, helvetica, sans-serif; font-size: 14px;\">Conditions de paiement :<\/span><\/strong><\/td>\n<td style=\"border: 1px solid #707070; width: 553.337px; height: 21px;\"><span style=\"font-size: 14px;\">T\/T, L\/C, D<span style=\"color: #000000; font-family: Verdana, Arial, Helvetica, sans-serif; font-size: 14px; font-style: normal; font-weight: 400; background-color: #ffffff; float: none;\">\/<\/span>P<\/span><\/td>\n<\/tr>\n<tr style=\"height: 111px;\">\n<td style=\"border: 1px solid #707070; width: 159.663px; height: 111px;\"><strong><span style=\"font-family: arial, helvetica, sans-serif; font-size: 14px;\">Avantage :<\/span><\/strong><\/td>\n<td style=\"border: 1px solid #707070; width: 553.337px; height: 111px;\"><span style=\"font-family: arial, helvetica, sans-serif; font-size: 14px;\">1) Service unique pour la pierre ;<\/span><\/p>\n<p><span style=\"font-family: arial, helvetica, sans-serif; font-size: 14px;\">2) poss\u00e8dent 3 carri\u00e8res et 9 usines ;<\/span><\/p>\n<p><span style=\"font-family: arial, helvetica, sans-serif; font-size: 14px;\">3) Des supports technologiques de pointe.<\/span><\/td>\n<\/tr>\n<tr style=\"height: 63px;\">\n<td style=\"border: 1px solid #707070; width: 159.663px; height: 63px;\"><strong><span style=\"font-family: arial, helvetica, sans-serif; font-size: 14px;\">Assurance de la qualit\u00e9 et de la livraison :\u00a0<\/span><\/strong><\/td>\n<td style=\"border: 1px solid #707070; width: 553.337px; height: 63px;\"><span style=\"font-size: 14px;\">Tout au long du processus de production, du choix des mat\u00e9riaux \u00e0 l'emballage en passant par la fabrication, notre service de contr\u00f4le de la qualit\u00e9 contr\u00f4le rigoureusement chaque pi\u00e8ce et chaque processus afin de garantir le respect des normes de qualit\u00e9 et le respect des d\u00e9lais de livraison.<\/span><\/td>\n<\/tr>\n<\/tbody>\n<\/table>\n<p><img loading=\"lazy\" decoding=\"async\" class=\"alignnone  wp-image-27821\" src=\"http:\/\/stone-phoenix.com\/wp-content\/uploads\/2023\/12\/African-Granite-Slab-Polished-Multi-Red-4.jpg\" alt=\"\" width=\"955\" height=\"1284\" srcset=\"https:\/\/stone-phoenix.com\/wp-content\/uploads\/2023\/12\/African-Granite-Slab-Polished-Multi-Red-4.jpg 832w, https:\/\/stone-phoenix.com\/wp-content\/uploads\/2023\/12\/African-Granite-Slab-Polished-Multi-Red-4-223x300.jpg 223w, https:\/\/stone-phoenix.com\/wp-content\/uploads\/2023\/12\/African-Granite-Slab-Polished-Multi-Red-4-761x1024.jpg 761w, https:\/\/stone-phoenix.com\/wp-content\/uploads\/2023\/12\/African-Granite-Slab-Polished-Multi-Red-4-768x1033.jpg 768w, https:\/\/stone-phoenix.com\/wp-content\/uploads\/2023\/12\/African-Granite-Slab-Polished-Multi-Red-4-9x12.jpg 9w, https:\/\/stone-phoenix.com\/wp-content\/uploads\/2023\/12\/African-Granite-Slab-Polished-Multi-Red-4-600x807.jpg 600w, https:\/\/stone-phoenix.com\/wp-content\/uploads\/2023\/12\/African-Granite-Slab-Polished-Multi-Red-4-150x202.jpg 150w\" sizes=\"(max-width: 955px) 100vw, 955px\" \/><img loading=\"lazy\" decoding=\"async\" class=\"alignnone size-full wp-image-27822\" src=\"http:\/\/stone-phoenix.com\/wp-content\/uploads\/2023\/12\/African-Granite-Slab-Polished-Multi-Red-5.jpg\" alt=\"\" width=\"1119\" height=\"826\" srcset=\"https:\/\/stone-phoenix.com\/wp-content\/uploads\/2023\/12\/African-Granite-Slab-Polished-Multi-Red-5.jpg 1119w, https:\/\/stone-phoenix.com\/wp-content\/uploads\/2023\/12\/African-Granite-Slab-Polished-Multi-Red-5-300x221.jpg 300w, https:\/\/stone-phoenix.com\/wp-content\/uploads\/2023\/12\/African-Granite-Slab-Polished-Multi-Red-5-1024x756.jpg 1024w, https:\/\/stone-phoenix.com\/wp-content\/uploads\/2023\/12\/African-Granite-Slab-Polished-Multi-Red-5-768x567.jpg 768w, https:\/\/stone-phoenix.com\/wp-content\/uploads\/2023\/12\/African-Granite-Slab-Polished-Multi-Red-5-16x12.jpg 16w, https:\/\/stone-phoenix.com\/wp-content\/uploads\/2023\/12\/African-Granite-Slab-Polished-Multi-Red-5-600x443.jpg 600w, https:\/\/stone-phoenix.com\/wp-content\/uploads\/2023\/12\/African-Granite-Slab-Polished-Multi-Red-5-150x111.jpg 150w\" sizes=\"(max-width: 1119px) 100vw, 1119px\" \/><\/p>\n<\/div>\n<\/div>\n<\/div>","protected":false},"excerpt":{"rendered":"<p>African Granite Slab Polished Multi Red African granite slabs are a popular choice for kitchen countertops, flooring, and other interior<\/p>","protected":false},"featured_media":27817,"template":"","meta":[],"product_cat":[112],"product_tag":[],"_links":{"self":[{"href":"https:\/\/stone-phoenix.com\/fr\/wp-json\/wp\/v2\/product\/20112"}],"collection":[{"href":"https:\/\/stone-phoenix.com\/fr\/wp-json\/wp\/v2\/product"}],"about":[{"href":"https:\/\/stone-phoenix.com\/fr\/wp-json\/wp\/v2\/types\/product"}],"wp:featuredmedia":[{"embeddable":true,"href":"https:\/\/stone-phoenix.com\/fr\/wp-json\/wp\/v2\/media\/27817"}],"wp:attachment":[{"href":"https:\/\/stone-phoenix.com\/fr\/wp-json\/wp\/v2\/media?parent=20112"}],"wp:term":[{"taxonomy":"product_cat","embeddable":true,"href":"https:\/\/stone-phoenix.com\/fr\/wp-json\/wp\/v2\/product_cat?post=20112"},{"taxonomy":"product_tag","embeddable":true,"href":"https:\/\/stone-phoenix.com\/fr\/wp-json\/wp\/v2\/product_tag?post=20112"}],"curies":[{"name":"wp","href":"https:\/\/api.w.org\/{rel}","templated":true}]}}