{"id":20117,"date":"2023-12-29T20:02:29","date_gmt":"2023-12-29T12:02:29","guid":{"rendered":"http:\/\/stone-phoenix.com\/product\/yellow-rusty-granite-tiles-slabs-paving-wall"},"modified":"2024-04-12T15:28:57","modified_gmt":"2024-04-12T07:28:57","slug":"yellow-rusty-granite-tiles-slabs-paving-wall","status":"publish","type":"product","link":"https:\/\/stone-phoenix.com\/fr\/produit\/yellow-rusty-granite-tiles-slabs-paving-wall","title":{"rendered":"dalles de granit jaune rouill\u00e9 dalles de pavage mural"},"content":{"rendered":"<div id=\"tab-description\" class=\"woocommerce-Tabs-panel woocommerce-Tabs-panel--description panel entry-content wc-tab\" role=\"tabpanel\" aria-labelledby=\"tab-title-description\">\n<div id=\"ali-anchor-AliPostDhMb-6q8vw\" class=\"mceSectionContainer\" style=\"padding-top: 8px;\" data-section=\"AliPostDhMb-6q8vw\" data-section-title=\"Product Description\">\n<h2>dalles de granit jaune rouill\u00e9 dalles de pavage mural<\/h2>\n<p>Un granit jaune rouill\u00e9 que vous allez adorer. Un pigment jaune chaud est pr\u00e9sent dans ce magnifique morceau de pierre, lui donnant un aspect riche qui convient parfaitement \u00e0 votre maison ou \u00e0 votre bureau.Chaleur \u00e9l\u00e9gante et confort rustique, ce produit est un ajout parfait \u00e0 toute cuisine, chemin\u00e9e ou salle de bain.Obtenez ce magnifique granit jaune rouill\u00e9 dans notre magasin en ligne.<\/p>\n<p>Il s'agit de la pierre la plus populaire et la plus personnalisable utilis\u00e9e pour la fabrication de comptoirs, de dosserets, de cabines de douche, etc. Le produit est un granit gris jaun\u00e2tre avec une coloration orange rouille distincte. Il pr\u00e9sente une vari\u00e9t\u00e9 de caract\u00e9ristiques, notamment des taches, des veines et des granules dont la coloration rouille est due \u00e0 l'oxydation.<\/p>\n<p>Le granit arc-en-ciel est une sorte de pierre naturelle dont le design est tr\u00e8s vari\u00e9. Sa belle couleur gris fonc\u00e9, sa texture rouille et sa brillance moyenne \u00e0 \u00e9lev\u00e9e font de ces pav\u00e9s une option appropri\u00e9e pour les applications ext\u00e9rieures.<\/p>\n<p>Elle a un aspect rustique unique. La roche a une surface lisse et brillante qui devient poussi\u00e9reuse lorsqu'elle est expos\u00e9e \u00e0 la lumi\u00e8re directe. Il est utilis\u00e9 de pr\u00e9f\u00e9rence \u00e0 l'ext\u00e9rieur, comme mat\u00e9riaux de construction ou pour l'am\u00e9nagement paysager, les ornements et les d\u00e9corations d'int\u00e9rieurUn granit jaune rouill\u00e9 unique en son genre qui est tr\u00e8s populaire.<\/p>\n<p>Cette pierre antique pr\u00e9sente des nuances brunes m\u00e9lang\u00e9es \u00e0 des taches et des rayures dor\u00e9es, formant un mat\u00e9riau unique. Ce granit jaune rouill\u00e9 est une pierre magnifique, unique et durable qui ajoutera une touche sp\u00e9ciale \u00e0 votre maison.<\/p>\n<div id=\"ali-title-AliPostDhMb-6q8vw\" style=\"padding: 8px 0; border-bottom: 1px solid #ddd;\"><span style=\"background-color: #ddd; color: #333; font-weight: bold; padding: 8px 10px; line-height: 12px;\">Description du produit<\/span><\/div>\n<div style=\"padding: 10px 0;\"><img loading=\"lazy\" decoding=\"async\" class=\"alignnone size-full wp-image-27811\" src=\"http:\/\/stone-phoenix.com\/wp-content\/uploads\/2023\/12\/yellow-rusty-granite-tiles-slabs-paving-wall-9.jpg\" alt=\"\" width=\"1392\" height=\"1045\" srcset=\"https:\/\/stone-phoenix.com\/wp-content\/uploads\/2023\/12\/yellow-rusty-granite-tiles-slabs-paving-wall-9.jpg 1392w, https:\/\/stone-phoenix.com\/wp-content\/uploads\/2023\/12\/yellow-rusty-granite-tiles-slabs-paving-wall-9-300x225.jpg 300w, https:\/\/stone-phoenix.com\/wp-content\/uploads\/2023\/12\/yellow-rusty-granite-tiles-slabs-paving-wall-9-1024x769.jpg 1024w, https:\/\/stone-phoenix.com\/wp-content\/uploads\/2023\/12\/yellow-rusty-granite-tiles-slabs-paving-wall-9-768x577.jpg 768w, https:\/\/stone-phoenix.com\/wp-content\/uploads\/2023\/12\/yellow-rusty-granite-tiles-slabs-paving-wall-9-16x12.jpg 16w, https:\/\/stone-phoenix.com\/wp-content\/uploads\/2023\/12\/yellow-rusty-granite-tiles-slabs-paving-wall-9-600x450.jpg 600w, https:\/\/stone-phoenix.com\/wp-content\/uploads\/2023\/12\/yellow-rusty-granite-tiles-slabs-paving-wall-9-150x113.jpg 150w\" sizes=\"(max-width: 1392px) 100vw, 1392px\" \/><img loading=\"lazy\" decoding=\"async\" class=\"alignnone size-full wp-image-27813\" src=\"http:\/\/stone-phoenix.com\/wp-content\/uploads\/2023\/12\/yellow-rusty-granite-tiles-slabs-paving-wall-7.jpg\" alt=\"\" width=\"1387\" height=\"886\" srcset=\"https:\/\/stone-phoenix.com\/wp-content\/uploads\/2023\/12\/yellow-rusty-granite-tiles-slabs-paving-wall-7.jpg 1387w, https:\/\/stone-phoenix.com\/wp-content\/uploads\/2023\/12\/yellow-rusty-granite-tiles-slabs-paving-wall-7-300x192.jpg 300w, https:\/\/stone-phoenix.com\/wp-content\/uploads\/2023\/12\/yellow-rusty-granite-tiles-slabs-paving-wall-7-1024x654.jpg 1024w, https:\/\/stone-phoenix.com\/wp-content\/uploads\/2023\/12\/yellow-rusty-granite-tiles-slabs-paving-wall-7-768x491.jpg 768w, https:\/\/stone-phoenix.com\/wp-content\/uploads\/2023\/12\/yellow-rusty-granite-tiles-slabs-paving-wall-7-18x12.jpg 18w, https:\/\/stone-phoenix.com\/wp-content\/uploads\/2023\/12\/yellow-rusty-granite-tiles-slabs-paving-wall-7-600x383.jpg 600w, https:\/\/stone-phoenix.com\/wp-content\/uploads\/2023\/12\/yellow-rusty-granite-tiles-slabs-paving-wall-7-150x96.jpg 150w\" sizes=\"(max-width: 1387px) 100vw, 1387px\" \/><img loading=\"lazy\" decoding=\"async\" class=\"alignnone size-full wp-image-27814\" src=\"http:\/\/stone-phoenix.com\/wp-content\/uploads\/2023\/12\/yellow-rusty-granite-tiles-slabs-paving-wall-8.jpg\" alt=\"\" width=\"1266\" height=\"1287\" srcset=\"https:\/\/stone-phoenix.com\/wp-content\/uploads\/2023\/12\/yellow-rusty-granite-tiles-slabs-paving-wall-8.jpg 1266w, https:\/\/stone-phoenix.com\/wp-content\/uploads\/2023\/12\/yellow-rusty-granite-tiles-slabs-paving-wall-8-295x300.jpg 295w, https:\/\/stone-phoenix.com\/wp-content\/uploads\/2023\/12\/yellow-rusty-granite-tiles-slabs-paving-wall-8-1007x1024.jpg 1007w, https:\/\/stone-phoenix.com\/wp-content\/uploads\/2023\/12\/yellow-rusty-granite-tiles-slabs-paving-wall-8-768x781.jpg 768w, https:\/\/stone-phoenix.com\/wp-content\/uploads\/2023\/12\/yellow-rusty-granite-tiles-slabs-paving-wall-8-12x12.jpg 12w, https:\/\/stone-phoenix.com\/wp-content\/uploads\/2023\/12\/yellow-rusty-granite-tiles-slabs-paving-wall-8-600x610.jpg 600w, https:\/\/stone-phoenix.com\/wp-content\/uploads\/2023\/12\/yellow-rusty-granite-tiles-slabs-paving-wall-8-150x152.jpg 150w\" sizes=\"(max-width: 1266px) 100vw, 1266px\" \/><img loading=\"lazy\" decoding=\"async\" class=\"alignnone size-full wp-image-27815\" src=\"http:\/\/stone-phoenix.com\/wp-content\/uploads\/2023\/12\/yellow-rusty-granite-tiles-slabs-paving-wall-12.jpg\" alt=\"\" width=\"1402\" height=\"978\" srcset=\"https:\/\/stone-phoenix.com\/wp-content\/uploads\/2023\/12\/yellow-rusty-granite-tiles-slabs-paving-wall-12.jpg 1402w, https:\/\/stone-phoenix.com\/wp-content\/uploads\/2023\/12\/yellow-rusty-granite-tiles-slabs-paving-wall-12-300x209.jpg 300w, https:\/\/stone-phoenix.com\/wp-content\/uploads\/2023\/12\/yellow-rusty-granite-tiles-slabs-paving-wall-12-1024x714.jpg 1024w, https:\/\/stone-phoenix.com\/wp-content\/uploads\/2023\/12\/yellow-rusty-granite-tiles-slabs-paving-wall-12-768x536.jpg 768w, https:\/\/stone-phoenix.com\/wp-content\/uploads\/2023\/12\/yellow-rusty-granite-tiles-slabs-paving-wall-12-18x12.jpg 18w, https:\/\/stone-phoenix.com\/wp-content\/uploads\/2023\/12\/yellow-rusty-granite-tiles-slabs-paving-wall-12-600x419.jpg 600w, https:\/\/stone-phoenix.com\/wp-content\/uploads\/2023\/12\/yellow-rusty-granite-tiles-slabs-paving-wall-12-150x105.jpg 150w\" sizes=\"(max-width: 1402px) 100vw, 1402px\" \/><br \/>\n<img loading=\"lazy\" decoding=\"async\" class=\"alignnone size-full wp-image-27816\" src=\"http:\/\/stone-phoenix.com\/wp-content\/uploads\/2023\/12\/yellow-rusty-granite-tiles-slabs-paving-wall-14.jpg\" alt=\"\" width=\"1393\" height=\"897\" srcset=\"https:\/\/stone-phoenix.com\/wp-content\/uploads\/2023\/12\/yellow-rusty-granite-tiles-slabs-paving-wall-14.jpg 1393w, https:\/\/stone-phoenix.com\/wp-content\/uploads\/2023\/12\/yellow-rusty-granite-tiles-slabs-paving-wall-14-300x193.jpg 300w, https:\/\/stone-phoenix.com\/wp-content\/uploads\/2023\/12\/yellow-rusty-granite-tiles-slabs-paving-wall-14-1024x659.jpg 1024w, https:\/\/stone-phoenix.com\/wp-content\/uploads\/2023\/12\/yellow-rusty-granite-tiles-slabs-paving-wall-14-768x495.jpg 768w, https:\/\/stone-phoenix.com\/wp-content\/uploads\/2023\/12\/yellow-rusty-granite-tiles-slabs-paving-wall-14-18x12.jpg 18w, https:\/\/stone-phoenix.com\/wp-content\/uploads\/2023\/12\/yellow-rusty-granite-tiles-slabs-paving-wall-14-600x386.jpg 600w, https:\/\/stone-phoenix.com\/wp-content\/uploads\/2023\/12\/yellow-rusty-granite-tiles-slabs-paving-wall-14-150x97.jpg 150w\" sizes=\"(max-width: 1393px) 100vw, 1393px\" \/><\/div>\n<div style=\"padding: 10px 0;\">\n<table class=\"aliDataTable\" style=\"color: #000000; font-family: Arial; font-size: 12px; font-style: normal; font-weight: 400; background-color: #ffffff; width: 698px; height: 226px; border: 1px solid #b3b3b3;\">\n<tbody>\n<tr>\n<td style=\"border: 1px solid #707070; width: 159.663px;\"><strong><span style=\"font-family: arial, helvetica, sans-serif; font-size: 14px;\">Nom du produit :<\/span><\/strong><\/td>\n<td style=\"border: 1px solid #707070; width: 553.337px;\"><span style=\"font-family: arial, helvetica, sans-serif; font-size: 14px;\">G682 Granit<\/span><\/td>\n<\/tr>\n<tr>\n<td style=\"border: 1px solid #707070; width: 159.663px;\"><strong><span style=\"font-family: arial, helvetica, sans-serif; font-size: 14px;\">Mat\u00e9riau :<\/span><\/strong><\/td>\n<td style=\"border: 1px solid #707070; width: 553.337px;\"><span style=\"font-size: 14px;\">Granit<\/span><\/td>\n<\/tr>\n<tr>\n<td style=\"border: 1px solid #707070; width: 159.663px;\"><strong><span style=\"font-family: arial, helvetica, sans-serif; font-size: 14px;\">Couleur :<\/span><\/strong><\/td>\n<td style=\"border: 1px solid #707070; width: 553.337px;\"><span style=\"font-family: arial, helvetica, sans-serif; font-size: 14px;\">Blanc, noir, jaune, rouge, rose, gris, brun, bleu, vert, etc.<\/span><\/td>\n<\/tr>\n<tr>\n<td style=\"border: 1px solid #707070; width: 159.663px;\" rowspan=\"3\"><strong><span style=\"font-family: arial, helvetica, sans-serif; font-size: 14px;\">Taille :<\/span><\/strong><\/td>\n<td style=\"border: 1px solid #707070; width: 553.337px;\"><span style=\"text-decoration: underline;\"><span style=\"font-size: 14px;\">Carreaux disponibles <\/span><\/span><br \/>\n<span style=\"font-size: 14px;\">12\u2019x12\u2033,24\u2019x24\u2033,12\u2019x24\u2033,etc <\/span><span style=\"font-size: 14px;\">300x300mm,300x600mm,400x400mm,600x600mm,etc<\/span><\/td>\n<\/tr>\n<tr>\n<td style=\"border: 1px solid #707070; width: 553.337px;\"><span style=\"text-decoration: underline;\"><span style=\"font-size: 14px;\">Dalles disponibles <\/span><\/span><\/p>\n<p><span style=\"font-size: 14px;\">180cmUpx60UP,180cmUpx65cmUP,180cmUpx70cmUP,etc<\/span><br \/>\n<span style=\"font-size: 14px;\">240cmUpx120cmUP,etc<\/span><\/td>\n<\/tr>\n<tr>\n<td style=\"border: 1px solid #707070; width: 553.337px;\"><span style=\"font-family: arial, helvetica, sans-serif; font-size: 14px;\">Des sp\u00e9cifications personnalis\u00e9es sont disponibles<\/span><\/td>\n<\/tr>\n<tr>\n<td style=\"border: 1px solid #707070; width: 159.663px;\"><strong><span style=\"font-family: arial, helvetica, sans-serif; font-size: 14px;\">Tol\u00e9rance d'\u00e9paisseur :<\/span><\/strong><\/td>\n<td style=\"border: 1px solid #707070; width: 553.337px;\"><span style=\"font-family: arial, helvetica, sans-serif; font-size: 14px;\">\u00b10,05mm, \u00b11mm, \u00b11,5mm, \u00b12mm, selon les exigences de qualit\u00e9 du client<\/span><\/td>\n<\/tr>\n<tr>\n<td style=\"border: 1px solid #707070; width: 159.663px;\"><strong><span style=\"font-family: arial, helvetica, sans-serif; font-size: 14px;\">Surface :<\/span><\/strong><\/td>\n<td style=\"border: 1px solid #707070; width: 553.337px;\"><span style=\"font-family: arial, helvetica, sans-serif; font-size: 14px;\">P<\/span><span style=\"font-size: 14px;\">ol\u00e9, adouci, flamm\u00e9, sabl\u00e9, bouchard\u00e9, fendu naturel, flamm\u00e9 et bross\u00e9, etc.<\/span><\/td>\n<\/tr>\n<tr>\n<td style=\"border: 1px solid #707070; width: 159.663px;\"><strong><span style=\"font-family: arial, helvetica, sans-serif; font-size: 14px;\">Emballage :<\/span><\/strong><\/td>\n<td style=\"border: 1px solid #707070; width: 553.337px;\"><span style=\"font-size: 14px;\">Palettes en bois en \u00e9tat de navigabilit\u00e9, fardeaux en bois et caisses en bois<\/span><\/td>\n<\/tr>\n<tr>\n<td style=\"border: 1px solid #707070; width: 159.663px;\"><strong><span style=\"font-family: arial, helvetica, sans-serif; font-size: 14px;\">Application :<\/span><\/strong><\/td>\n<td style=\"border: 1px solid #707070; width: 553.337px;\"><span style=\"font-family: arial, helvetica, sans-serif; font-size: 14px;\">Sol, mur, motif, comptoir, d\u00e9coration int\u00e9rieure et ext\u00e9rieure<\/span><\/td>\n<\/tr>\n<tr>\n<td style=\"border: 1px solid #707070; width: 159.663px;\"><strong><span style=\"font-family: arial, helvetica, sans-serif; font-size: 14px;\">D\u00e9lai de livraison :<\/span><\/strong><\/td>\n<td style=\"border: 1px solid #707070; width: 553.337px;\"><span style=\"font-size: 14px;\">15-20 jours pour l'enregistrement<\/span><span style=\"font-family: arial, helvetica, sans-serif; font-size: 14px;\">tailles lar<\/span><\/td>\n<\/tr>\n<tr>\n<td style=\"border: 1px solid #707070; width: 159.663px;\"><strong><span style=\"font-family: arial, helvetica, sans-serif; font-size: 14px;\">Certificat :<\/span><\/strong><\/td>\n<td style=\"border: 1px solid #707070; width: 553.337px;\"><span style=\"font-family: arial, helvetica, sans-serif; font-size: 14px;\">CE, SGS<\/span><\/td>\n<\/tr>\n<tr>\n<td style=\"border: 1px solid #707070; width: 159.663px;\"><strong><span style=\"font-family: arial, helvetica, sans-serif; font-size: 14px;\">Conditions de paiement :<\/span><\/strong><\/td>\n<td style=\"border: 1px solid #707070; width: 553.337px;\"><span style=\"font-size: 14px;\">T\/T, L\/C, D<span style=\"color: #000000; font-family: Verdana, Arial, Helvetica, sans-serif; font-size: 14px; font-style: normal; font-weight: 400; background-color: #ffffff; float: none;\">\/<\/span>P<\/span><\/td>\n<\/tr>\n<tr>\n<td style=\"border: 1px solid #707070; width: 159.663px;\"><strong><span style=\"font-family: arial, helvetica, sans-serif; font-size: 14px;\">Avantage :<\/span><\/strong><\/td>\n<td style=\"border: 1px solid #707070; width: 553.337px;\"><span style=\"font-family: arial, helvetica, sans-serif; font-size: 14px;\">1) Service unique pour la pierre ;<\/span><\/p>\n<p><span style=\"font-family: arial, helvetica, sans-serif; font-size: 14px;\">2) poss\u00e8dent 3 carri\u00e8res et 9 usines ;<\/span><\/p>\n<p><span style=\"font-family: arial, helvetica, sans-serif; font-size: 14px;\">3) Des supports technologiques de pointe.<\/span><\/td>\n<\/tr>\n<tr>\n<td style=\"border: 1px solid #707070; width: 159.663px;\"><strong><span style=\"font-family: arial, helvetica, sans-serif; font-size: 14px;\">Assurance de la qualit\u00e9 et de la livraison :\u00a0<\/span><\/strong><\/td>\n<td style=\"border: 1px solid #707070; width: 553.337px;\"><span style=\"font-size: 14px;\">Tout au long du processus de production, du choix des mat\u00e9riaux \u00e0 l'emballage en passant par la fabrication, notre service de contr\u00f4le de la qualit\u00e9 contr\u00f4le rigoureusement chaque pi\u00e8ce et chaque processus afin de garantir le respect des normes de qualit\u00e9 et le respect des d\u00e9lais de livraison.<\/span><\/td>\n<\/tr>\n<\/tbody>\n<\/table>\n<\/div>\n<\/div>\n<\/div>","protected":false},"excerpt":{"rendered":"<p>yellow rusty granite tiles slabs paving wall yellow rusty granite you\u2019ll love. A warm yellow pigment is featured in this<\/p>","protected":false},"featured_media":20118,"template":"","meta":[],"product_cat":[112],"product_tag":[],"_links":{"self":[{"href":"https:\/\/stone-phoenix.com\/fr\/wp-json\/wp\/v2\/product\/20117"}],"collection":[{"href":"https:\/\/stone-phoenix.com\/fr\/wp-json\/wp\/v2\/product"}],"about":[{"href":"https:\/\/stone-phoenix.com\/fr\/wp-json\/wp\/v2\/types\/product"}],"wp:featuredmedia":[{"embeddable":true,"href":"https:\/\/stone-phoenix.com\/fr\/wp-json\/wp\/v2\/media\/20118"}],"wp:attachment":[{"href":"https:\/\/stone-phoenix.com\/fr\/wp-json\/wp\/v2\/media?parent=20117"}],"wp:term":[{"taxonomy":"product_cat","embeddable":true,"href":"https:\/\/stone-phoenix.com\/fr\/wp-json\/wp\/v2\/product_cat?post=20117"},{"taxonomy":"product_tag","embeddable":true,"href":"https:\/\/stone-phoenix.com\/fr\/wp-json\/wp\/v2\/product_tag?post=20117"}],"curies":[{"name":"wp","href":"https:\/\/api.w.org\/{rel}","templated":true}]}}