{"id":20144,"date":"2023-12-29T20:03:11","date_gmt":"2023-12-29T12:03:11","guid":{"rendered":"http:\/\/stone-phoenix.com\/product\/basalt-stone-zp-paver-lava"},"modified":"2024-04-12T14:53:54","modified_gmt":"2024-04-12T06:53:54","slug":"basalt-stone-zp-paver-lava","status":"publish","type":"product","link":"https:\/\/stone-phoenix.com\/fr\/produit\/basalt-stone-zp-paver-lava","title":{"rendered":"Pav\u00e9 de basalte Zp Lava"},"content":{"rendered":"<div id=\"tab-description\" class=\"woocommerce-Tabs-panel woocommerce-Tabs-panel--description panel entry-content wc-tab\" role=\"tabpanel\" aria-labelledby=\"tab-title-description\">\n<h2>Pav\u00e9 de basalte Zp Lava<\/h2>\n<p>La pierre de basalte est une roche volcanique form\u00e9e \u00e0 partir de la lave solidifi\u00e9e apr\u00e8s son refroidissement. Cette pierre naturelle est r\u00e9put\u00e9e pour sa durabilit\u00e9 et sa r\u00e9sistance et est largement utilis\u00e9e dans les projets de construction. La pierre de basalte a une texture et un aspect distincts, avec une couleur gris fonc\u00e9 \u00e0 noire et une structure \u00e0 grains fins.<\/p>\n<p>L'une des principales caract\u00e9ristiques de la pierre de basalte est sa capacit\u00e9 \u00e0 r\u00e9sister \u00e0 des conditions climatiques extr\u00eames, ce qui en fait un choix populaire pour les projets ext\u00e9rieurs tels que les all\u00e9es, les patios et les terrasses de piscine. La pierre de basalte est \u00e9galement utilis\u00e9e comme mat\u00e9riau de construction pour les murs de sout\u00e8nement, les fondations et les fa\u00e7ades en raison de sa r\u00e9sistance \u00e9lev\u00e9e \u00e0 la compression et de sa faible absorption d'eau.<\/p>\n<p>Outre sa durabilit\u00e9, la pierre de basalte pr\u00e9sente un attrait esth\u00e9tique unique qui s'harmonise avec les conceptions modernes et contemporaines. La texture \u00e0 grain fin de la pierre lui conf\u00e8re un aspect lisse et \u00e9l\u00e9gant, ce qui en fait un choix populaire pour les \u00e9l\u00e9ments architecturaux tels que les colonnes et les escaliers. Elle peut \u00e9galement \u00eatre adoucie ou polie pour cr\u00e9er une vari\u00e9t\u00e9 de finitions, y compris une brillance \u00e9lev\u00e9e ou une texture douce et mate.<\/p>\n<p>La pierre de basalte est disponible en diff\u00e9rentes tailles et formes, des grandes dalles pour les sols aux petits galets pour l'am\u00e9nagement paysager. La pierre peut \u00eatre taill\u00e9e dans des formes et des tailles personnalis\u00e9es pour r\u00e9pondre aux besoins sp\u00e9cifiques d'un projet. La pierre de basalte est \u00e9galement disponible en diff\u00e9rentes couleurs et motifs, ce qui en fait un choix polyvalent pour les applications int\u00e9rieures et ext\u00e9rieures.<\/p>\n<div id=\"ali-anchor-AliPostDhMb-10ic2\" class=\"mceSectionContainer\" style=\"padding-top: 8px;\" data-section=\"AliPostDhMb-10ic2\" data-section-title=\"Product Description\">\n<div id=\"ali-title-AliPostDhMb-10ic2\" style=\"padding: 8px 0; border-bottom: 1px solid #ddd;\"><span style=\"background-color: #ddd; color: #333; font-weight: bold; padding: 8px 10px; line-height: 12px;\">Description du produit<\/span><\/div>\n<div style=\"padding: 10px 0;\">\n<table class=\"aliDataTable\" style=\"color: #000000; font-family: Arial; font-size: 12px; font-style: normal; font-weight: 400; background-color: #ffffff; width: 750px; height: 226px; border: 1px solid #b3b3b3;\">\n<tbody>\n<tr style=\"height: 42px;\">\n<td style=\"border: 1px solid #b3b3b3; width: 162px; height: 42px;\"><strong><span style=\"font-family: arial, helvetica, sans-serif; font-size: 14px;\">Nom du produit :<\/span><\/strong><\/td>\n<td style=\"border: 1px solid #b3b3b3; width: 595.066px; height: 42px;\"><span style=\"font-family: arial, helvetica, sans-serif; font-size: 14px;\">Divers pav\u00e9s en granit<\/span><\/td>\n<\/tr>\n<tr style=\"height: 21px;\">\n<td style=\"border: 1px solid #b3b3b3; width: 162px; height: 21px;\"><strong><span style=\"font-family: arial, helvetica, sans-serif; font-size: 14px;\">Mat\u00e9riau :<\/span><\/strong><\/td>\n<td style=\"border: 1px solid #b3b3b3; width: 595.066px; height: 21px;\"><span style=\"font-family: arial, helvetica, sans-serif; font-size: 14px;\">Granit G562, granit G603, granit G654, granit G682, granit G684, etc.<\/span><\/td>\n<\/tr>\n<tr style=\"height: 44px;\">\n<td style=\"border: 1px solid #b3b3b3; width: 162px; height: 65px;\" rowspan=\"2\">\n<p style=\"margin: 0px; padding: 0px;\"><strong><span style=\"font-family: arial, helvetica, sans-serif; font-size: 14px;\">Taille :<\/span><\/strong><\/p>\n<\/td>\n<td style=\"border: 1px solid #b3b3b3; width: 595.066px; height: 44px;\"><span style=\"font-size: 14px;\">Tailles<\/span><br \/>\n<span style=\"font-size: 14px;\">5X5X5CM,8X8X8CM,9X9X9CM,10X10X10CM,10x10x5cm,<\/span><\/p>\n<p><span style=\"font-size: 14px;\">10x20x5cm,9.5\u00d79.5x4CM,19.5\u00d719.5x4CM,22X11X5CM,<\/span><\/p>\n<p><span style=\"font-size: 14px;\">16.5X11.5X5CM,19.7X19.7X8CM,14.5X14.5X8CM,16X16X16CM,<\/span><\/p>\n<p><span style=\"font-size: 14px;\">22X16X16CM,27x18x9cm,18x18x9cm,18x18x18CM <\/span><\/p>\n<p><span style=\"font-size: 14px;\">ou sur mesure<\/span><\/td>\n<\/tr>\n<tr style=\"height: 21px;\">\n<td style=\"border: 1px solid #b3b3b3; width: 595.066px; height: 21px;\"><span style=\"font-family: arial, helvetica, sans-serif; font-size: 14px;\">Des sp\u00e9cifications personnalis\u00e9es sont disponibles<\/span><\/td>\n<\/tr>\n<tr style=\"height: 42px;\">\n<td style=\"border: 1px solid #b3b3b3; width: 162px; height: 42px;\"><strong><span style=\"font-family: arial, helvetica, sans-serif; font-size: 14px;\">Tol\u00e9rance d'\u00e9paisseur :<\/span><\/strong><\/td>\n<td style=\"border: 1px solid #b3b3b3; width: 595.066px; height: 42px;\"><span style=\"font-size: 14px; font-family: arial, helvetica, sans-serif;\">\u00b11mm, \u00b11,5mm, \u00b12mm, selon les exigences de qualit\u00e9 du client<\/span><\/td>\n<\/tr>\n<tr style=\"height: 126px;\">\n<td style=\"border: 1px solid #b3b3b3; width: 162px; height: 126px;\">\n<p style=\"margin: 0px; padding: 0px;\"><strong><span style=\"font-family: arial, helvetica, sans-serif; font-size: 14px;\">Surface :<\/span><\/strong><\/p>\n<\/td>\n<td style=\"border: 1px solid #b3b3b3; width: 595.066px; height: 126px;\"><span style=\"font-size: 14px;\">Finition<\/span><br \/>\n<span style=\"font-size: 14px;\">a. Fente naturelle sur tous les c\u00f4t\u00e9s<\/span><br \/>\n<span style=\"font-size: 14px;\">b. Toutes les faces sont sci\u00e9es<\/span><br \/>\n<span style=\"font-size: 14px;\">c. 5 c\u00f4t\u00e9s coup\u00e9s \u00e0 la scie, surface fendue naturellement<\/span><br \/>\n<span style=\"font-size: 14px;\">d. 5 faces coup\u00e9es \u00e0 la scie, surface flamm\u00e9e<\/span><br \/>\n<span style=\"font-size: 14px;\">e. 4 c\u00f4t\u00e9s coup\u00e9s \u00e0 la scie, fendu naturel en haut, tambourin\u00e9, dos en maille\u00a0<\/span><\/td>\n<\/tr>\n<tr style=\"height: 21px;\">\n<td style=\"border: 1px solid #b3b3b3; width: 162px; height: 21px;\"><strong><span style=\"font-family: arial, helvetica, sans-serif; font-size: 14px;\">Emballage :<\/span><\/strong><\/td>\n<td style=\"border: 1px solid #b3b3b3; width: 595.066px; height: 21px;\"><span style=\"font-family: arial, helvetica, sans-serif; font-size: 14px;\">Fardeaux et caisses en bois en \u00e9tat de navigabilit\u00e9<\/span><\/td>\n<\/tr>\n<tr style=\"height: 21px;\">\n<td style=\"border: 1px solid #b3b3b3; width: 162px; height: 21px;\"><strong><span style=\"font-family: arial, helvetica, sans-serif; font-size: 14px;\">Application :<\/span><\/strong><\/td>\n<td style=\"border: 1px solid #b3b3b3; width: 595.066px; height: 21px;\"><span style=\"font-family: arial, helvetica, sans-serif; font-size: 14px;\">Largement utilis\u00e9 pour la d\u00e9coration int\u00e9rieure et ext\u00e9rieure<\/span><\/td>\n<\/tr>\n<tr style=\"height: 42px;\">\n<td style=\"border: 1px solid #b3b3b3; width: 162px; height: 42px;\"><strong><span style=\"font-family: arial, helvetica, sans-serif; font-size: 14px;\">D\u00e9lai de livraison :<\/span><\/strong><\/td>\n<td style=\"border: 1px solid #b3b3b3; width: 595.066px; height: 42px;\"><span style=\"font-family: arial, helvetica, sans-serif; font-size: 14px;\">15-20 jours pour les tailles normales<\/span><\/td>\n<\/tr>\n<tr style=\"height: 21px;\">\n<td style=\"border: 1px solid #b3b3b3; width: 162px; height: 21px;\">\n<p style=\"margin: 0px; padding: 0px;\"><strong><span style=\"font-family: arial, helvetica, sans-serif; font-size: 14px;\">Certificat :<\/span><\/strong><\/p>\n<\/td>\n<td style=\"border: 1px solid #b3b3b3; width: 595.066px; height: 21px;\"><span style=\"font-family: arial, helvetica, sans-serif; font-size: 14px;\">CE, SGS<\/span><\/td>\n<\/tr>\n<tr style=\"height: 42px;\">\n<td style=\"border: 1px solid #b3b3b3; width: 162px; height: 42px;\">\n<p style=\"margin: 0px; padding: 0px;\"><strong><span style=\"font-family: arial, helvetica, sans-serif; font-size: 14px;\">Conditions de paiement :<\/span><\/strong><\/p>\n<\/td>\n<td style=\"border: 1px solid #b3b3b3; width: 595.066px; height: 42px;\"><span style=\"font-family: arial, helvetica, sans-serif; font-size: 14px;\">T\/T, L\/C, D\/P<\/span><\/td>\n<\/tr>\n<tr style=\"height: 63px;\">\n<td style=\"border: 1px solid #b3b3b3; width: 162px; height: 63px;\"><strong><span style=\"font-family: arial, helvetica, sans-serif; font-size: 14px;\">Avantage :<\/span><\/strong><\/td>\n<td style=\"border: 1px solid #b3b3b3; width: 595.066px; height: 63px;\">\n<p style=\"margin: 0px; padding: 0px;\"><span style=\"font-family: arial, helvetica, sans-serif; font-size: 14px;\">1) Service unique pour la pierre ;<\/span><\/p>\n<p style=\"margin: 0px; padding: 0px;\"><span style=\"font-family: arial, helvetica, sans-serif; font-size: 14px;\">2) Poss\u00e9der 3 carri\u00e8res et 9 usines ;<\/span><\/p>\n<p style=\"margin: 0px; padding: 0px;\"><span style=\"font-family: arial, helvetica, sans-serif; font-size: 14px;\">3) Soutien \u00e0 la conception et \u00e0 la technologie.<\/span><\/p>\n<\/td>\n<\/tr>\n<tr style=\"height: 84px;\">\n<td style=\"border: 1px solid #b3b3b3; width: 162px; height: 84px;\"><strong><span style=\"font-family: arial, helvetica, sans-serif; font-size: 14px;\">Assurance de la qualit\u00e9 et de la livraison :\u00a0<\/span><\/strong><\/td>\n<td style=\"border: 1px solid #b3b3b3; width: 595.066px; height: 84px;\">\n<p style=\"margin: 0px; padding: 0px;\"><span style=\"font-family: arial, helvetica, sans-serif; font-size: 14px;\">Tout au long du processus de production, du choix des mat\u00e9riaux \u00e0 l'emballage en passant par la fabrication, notre service de contr\u00f4le de la qualit\u00e9 contr\u00f4le rigoureusement chaque pi\u00e8ce et chaque processus afin de garantir le respect des normes de qualit\u00e9 et le respect des d\u00e9lais de livraison.<\/span><\/p>\n<\/td>\n<\/tr>\n<\/tbody>\n<\/table>\n<p><img loading=\"lazy\" decoding=\"async\" class=\"alignnone  wp-image-27796\" src=\"http:\/\/stone-phoenix.com\/wp-content\/uploads\/2023\/12\/Basalt-Stone-Zp-Paver-Lava-9-1.jpg\" alt=\"\" width=\"958\" height=\"857\" srcset=\"https:\/\/stone-phoenix.com\/wp-content\/uploads\/2023\/12\/Basalt-Stone-Zp-Paver-Lava-9-1.jpg 699w, https:\/\/stone-phoenix.com\/wp-content\/uploads\/2023\/12\/Basalt-Stone-Zp-Paver-Lava-9-1-300x268.jpg 300w, https:\/\/stone-phoenix.com\/wp-content\/uploads\/2023\/12\/Basalt-Stone-Zp-Paver-Lava-9-1-13x12.jpg 13w, https:\/\/stone-phoenix.com\/wp-content\/uploads\/2023\/12\/Basalt-Stone-Zp-Paver-Lava-9-1-600x536.jpg 600w, https:\/\/stone-phoenix.com\/wp-content\/uploads\/2023\/12\/Basalt-Stone-Zp-Paver-Lava-9-1-150x134.jpg 150w\" sizes=\"(max-width: 958px) 100vw, 958px\" \/><img loading=\"lazy\" decoding=\"async\" class=\"alignnone size-full wp-image-27797\" src=\"http:\/\/stone-phoenix.com\/wp-content\/uploads\/2023\/12\/Basalt-Stone-Zp-Paver-Lava-7-1.jpg\" alt=\"\" width=\"1089\" height=\"805\" srcset=\"https:\/\/stone-phoenix.com\/wp-content\/uploads\/2023\/12\/Basalt-Stone-Zp-Paver-Lava-7-1.jpg 1089w, https:\/\/stone-phoenix.com\/wp-content\/uploads\/2023\/12\/Basalt-Stone-Zp-Paver-Lava-7-1-300x222.jpg 300w, https:\/\/stone-phoenix.com\/wp-content\/uploads\/2023\/12\/Basalt-Stone-Zp-Paver-Lava-7-1-1024x757.jpg 1024w, https:\/\/stone-phoenix.com\/wp-content\/uploads\/2023\/12\/Basalt-Stone-Zp-Paver-Lava-7-1-768x568.jpg 768w, https:\/\/stone-phoenix.com\/wp-content\/uploads\/2023\/12\/Basalt-Stone-Zp-Paver-Lava-7-1-16x12.jpg 16w, https:\/\/stone-phoenix.com\/wp-content\/uploads\/2023\/12\/Basalt-Stone-Zp-Paver-Lava-7-1-600x444.jpg 600w, https:\/\/stone-phoenix.com\/wp-content\/uploads\/2023\/12\/Basalt-Stone-Zp-Paver-Lava-7-1-150x111.jpg 150w\" sizes=\"(max-width: 1089px) 100vw, 1089px\" \/><img loading=\"lazy\" decoding=\"async\" class=\"alignnone  wp-image-27798\" src=\"http:\/\/stone-phoenix.com\/wp-content\/uploads\/2023\/12\/Basalt-Stone-Zp-Paver-Lava-3.jpg\" alt=\"\" width=\"941\" height=\"708\" srcset=\"https:\/\/stone-phoenix.com\/wp-content\/uploads\/2023\/12\/Basalt-Stone-Zp-Paver-Lava-3.jpg 687w, https:\/\/stone-phoenix.com\/wp-content\/uploads\/2023\/12\/Basalt-Stone-Zp-Paver-Lava-3-300x226.jpg 300w, https:\/\/stone-phoenix.com\/wp-content\/uploads\/2023\/12\/Basalt-Stone-Zp-Paver-Lava-3-16x12.jpg 16w, https:\/\/stone-phoenix.com\/wp-content\/uploads\/2023\/12\/Basalt-Stone-Zp-Paver-Lava-3-600x452.jpg 600w, https:\/\/stone-phoenix.com\/wp-content\/uploads\/2023\/12\/Basalt-Stone-Zp-Paver-Lava-3-150x113.jpg 150w\" sizes=\"(max-width: 941px) 100vw, 941px\" \/>&nbsp;<\/p>\n<\/div>\n<\/div>\n<\/div>","protected":false},"excerpt":{"rendered":"<p>Basalt Stone Zp Paver Lava Basalt stone is a volcanic rock that has been formed from the solidified lava after<\/p>","protected":false},"featured_media":27791,"template":"","meta":[],"product_cat":[112],"product_tag":[],"_links":{"self":[{"href":"https:\/\/stone-phoenix.com\/fr\/wp-json\/wp\/v2\/product\/20144"}],"collection":[{"href":"https:\/\/stone-phoenix.com\/fr\/wp-json\/wp\/v2\/product"}],"about":[{"href":"https:\/\/stone-phoenix.com\/fr\/wp-json\/wp\/v2\/types\/product"}],"wp:featuredmedia":[{"embeddable":true,"href":"https:\/\/stone-phoenix.com\/fr\/wp-json\/wp\/v2\/media\/27791"}],"wp:attachment":[{"href":"https:\/\/stone-phoenix.com\/fr\/wp-json\/wp\/v2\/media?parent=20144"}],"wp:term":[{"taxonomy":"product_cat","embeddable":true,"href":"https:\/\/stone-phoenix.com\/fr\/wp-json\/wp\/v2\/product_cat?post=20144"},{"taxonomy":"product_tag","embeddable":true,"href":"https:\/\/stone-phoenix.com\/fr\/wp-json\/wp\/v2\/product_tag?post=20144"}],"curies":[{"name":"wp","href":"https:\/\/api.w.org\/{rel}","templated":true}]}}