{"id":20150,"date":"2023-12-29T20:03:21","date_gmt":"2023-12-29T12:03:21","guid":{"rendered":"http:\/\/stone-phoenix.com\/product\/granite-g654-paving-stone-pavers-silver-grey-granite"},"modified":"2024-04-16T15:19:33","modified_gmt":"2024-04-16T07:19:33","slug":"granite-g654-paving-stone-pavers-silver-grey-granite","status":"publish","type":"product","link":"https:\/\/stone-phoenix.com\/fr\/produit\/granite-g654-paving-stone-pavers-silver-grey-granite","title":{"rendered":"Granit G654 pav\u00e9s granit gris argent\u00e9"},"content":{"rendered":"<div id=\"tab-description\" class=\"woocommerce-Tabs-panel woocommerce-Tabs-panel--description panel entry-content wc-tab\" role=\"tabpanel\" aria-labelledby=\"tab-title-description\">\n<div id=\"ali-anchor-AliPostDhMb-10ic2\" class=\"mceSectionContainer\" style=\"padding-top: 8px;\" data-section=\"AliPostDhMb-10ic2\" data-section-title=\"Product Description\">\n<h2><span style=\"font-size: 24px;\">Best price Dark Grey granite G654 PATIO STONE Paving stone pav\u00e9s cobble stone<\/span><\/h2>\n<p>Le granit G654 Dark Grey est un granit gris fonc\u00e9 attrayant qui a \u00e9t\u00e9 utilis\u00e9 pour les pav\u00e9s et la conception d'all\u00e9es. Les taches noires offrent un contraste frappant avec la couleur de base grise, ce qui fait de ce granit un choix populaire pour les plans de travail de cuisine et les murs.<br \/>\nLe granit G654 est un pav\u00e9 de granit gris fonc\u00e9 qui convient parfaitement aux propri\u00e9t\u00e9s r\u00e9sidentielles et commerciales. Il s'agit d'une pierre naturelle extraite d'une carri\u00e8re, de couleur grise avec des veines gris fonc\u00e9 et parfois des veines noires. Il s'agit d'un pav\u00e9 en granit gris fonc\u00e9. Cette dalle a une touche de couleur bleue, ce qui lui donne un aspect naturel.<br \/>\nLe granit est un mat\u00e9riau tr\u00e8s dur qui ne se fissurera pas par temps de gel, contrairement au gr\u00e8s ordinaire. C'est une pierre gris fonc\u00e9, id\u00e9ale pour les dallages ou les terrasses. Ce granit est r\u00e9sistant, durable et n\u00e9cessite peu d'entretien.<\/p>\n<table style=\"width: 500px;\" border=\"0\" width=\"500\" cellspacing=\"0\" cellpadding=\"0\">\n<tbody>\n<tr style=\"height: 14.40pt;\">\n<td class=\"et2\" style=\"height: 14.40pt; width: 115.80pt;\" width=\"193\" height=\"24\">Nom du produit :<\/td>\n<td class=\"et2\" style=\"width: 352.20pt;\" width=\"587\">Dark Grey Granite G654 \u00e0 meilleur prix<\/td>\n<\/tr>\n<tr style=\"height: 14.40pt;\">\n<td class=\"et2\" style=\"height: 14.40pt; width: 115.80pt;\" width=\"193\" height=\"24\">Mat\u00e9riau :<\/td>\n<td class=\"et2\" style=\"width: 352.20pt;\" width=\"587\">Granit rose, granit G603, granit G654, granit G682, etc.<\/td>\n<\/tr>\n<tr style=\"height: 14.40pt;\">\n<td class=\"et2\" style=\"height: 86.40pt; width: 115.80pt;\" rowspan=\"3\" width=\"193\" height=\"144\">Taille :<\/td>\n<td class=\"et2\" style=\"width: 352.20pt;\" width=\"587\">Tailles<\/td>\n<\/tr>\n<tr style=\"height: 57.60pt;\">\n<td class=\"et2\" style=\"width: 352.20pt;\" width=\"587\">5X5X5CM,8X8X8CM,9X9X9CM,10X10X10CM,10x10x5cm,10x20x5cm,9.5\u00d79.5x4CM,<\/p>\n<p>19.5\u00d719.5x4CM,22X11X5CM,16.5X11.5X5CM,19.7X19.7X8CM,14.5X14.5X8CM,16X16X16CM,22X16X16CM,<\/p>\n<p>27x18x9cm,18x18x9cm,18x18x18CM ou sur mesure<\/td>\n<\/tr>\n<tr style=\"height: 14.40pt;\">\n<td class=\"et2\" style=\"width: 352.20pt;\" width=\"587\">Des sp\u00e9cifications personnalis\u00e9es sont disponibles<\/td>\n<\/tr>\n<tr style=\"height: 14.40pt;\">\n<td class=\"et2\" style=\"height: 14.40pt; width: 115.80pt;\" width=\"193\" height=\"24\">Tol\u00e9rance d'\u00e9paisseur :<\/td>\n<td class=\"et2\" style=\"width: 352.20pt;\" width=\"587\">\u00b11mm, \u00b11,5mm, \u00b12mm, selon les exigences de qualit\u00e9 du client<\/td>\n<\/tr>\n<tr style=\"height: 14.40pt;\">\n<td class=\"et2\" style=\"height: 86.40pt; width: 115.80pt;\" rowspan=\"6\" width=\"193\" height=\"144\">Surface :<\/td>\n<td class=\"et2\" style=\"width: 352.20pt;\" width=\"587\">Finition<\/td>\n<\/tr>\n<tr style=\"height: 14.40pt;\">\n<td class=\"et2\" style=\"width: 352.20pt;\" width=\"587\">a. Fente naturelle sur tous les c\u00f4t\u00e9s<\/td>\n<\/tr>\n<tr style=\"height: 14.40pt;\">\n<td class=\"et2\" style=\"width: 352.20pt;\" width=\"587\">b. Toutes les faces sont sci\u00e9es<\/td>\n<\/tr>\n<tr style=\"height: 14.40pt;\">\n<td class=\"et2\" style=\"width: 352.20pt;\" width=\"587\">c. 5 c\u00f4t\u00e9s coup\u00e9s \u00e0 la scie, surface fendue naturellement<\/td>\n<\/tr>\n<tr style=\"height: 14.40pt;\">\n<td class=\"et2\" style=\"width: 352.20pt;\" width=\"587\">d. 5 faces coup\u00e9es \u00e0 la scie, surface flamm\u00e9e<\/td>\n<\/tr>\n<tr style=\"height: 14.40pt;\">\n<td class=\"et2\" style=\"width: 352.20pt;\" width=\"587\">e. 4 c\u00f4t\u00e9s coup\u00e9s \u00e0 la scie, fendu naturel en haut, tambourin\u00e9, dos en maille<\/td>\n<\/tr>\n<tr style=\"height: 14.40pt;\">\n<td class=\"et2\" style=\"height: 14.40pt; width: 115.80pt;\" width=\"193\" height=\"24\">Emballage :<\/td>\n<td class=\"et2\" style=\"width: 352.20pt;\" width=\"587\">Fardeaux et caisses en bois en \u00e9tat de navigabilit\u00e9<\/td>\n<\/tr>\n<tr style=\"height: 14.40pt;\">\n<td class=\"et2\" style=\"height: 14.40pt; width: 115.80pt;\" width=\"193\" height=\"24\">Application :<\/td>\n<td class=\"et2\" style=\"width: 352.20pt;\" width=\"587\">Largement utilis\u00e9 pour la d\u00e9coration int\u00e9rieure et ext\u00e9rieure<\/td>\n<\/tr>\n<tr style=\"height: 14.40pt;\">\n<td class=\"et2\" style=\"height: 14.40pt; width: 115.80pt;\" width=\"193\" height=\"24\">D\u00e9lai de livraison :<\/td>\n<td class=\"et2\" style=\"width: 352.20pt;\" width=\"587\">15-20 jours pour les tailles normales<\/td>\n<\/tr>\n<tr style=\"height: 14.40pt;\">\n<td class=\"et2\" style=\"height: 14.40pt; width: 115.80pt;\" width=\"193\" height=\"24\">Certificat :<\/td>\n<td class=\"et2\" style=\"width: 352.20pt;\" width=\"587\">CE, SGS<\/td>\n<\/tr>\n<tr style=\"height: 14.40pt;\">\n<td class=\"et2\" style=\"height: 14.40pt; width: 115.80pt;\" width=\"193\" height=\"24\">Conditions de paiement :<\/td>\n<td class=\"et2\" style=\"width: 352.20pt;\" width=\"587\">T\/T, L\/C, D\/P<\/td>\n<\/tr>\n<tr style=\"height: 14.40pt;\">\n<td class=\"et2\" style=\"height: 43.20pt; width: 115.80pt;\" rowspan=\"3\" width=\"193\" height=\"72\">Avantage :<\/td>\n<td class=\"et2\" style=\"width: 352.20pt;\" width=\"587\">1) Service unique pour la pierre ;<\/td>\n<\/tr>\n<tr style=\"height: 14.40pt;\">\n<td class=\"et2\" style=\"width: 352.20pt;\" width=\"587\">2) Poss\u00e9der 3 carri\u00e8res et 9 usines ;<\/td>\n<\/tr>\n<tr style=\"height: 14.40pt;\">\n<td class=\"et2\" style=\"width: 352.20pt;\" width=\"587\">3) Soutien \u00e0 la conception et \u00e0 la technologie.<\/td>\n<\/tr>\n<\/tbody>\n<\/table>\n<div><\/div>\n<div style=\"padding: 10px 0;\"><img loading=\"lazy\" decoding=\"async\" class=\"alignnone size-full wp-image-27788\" src=\"http:\/\/stone-phoenix.com\/wp-content\/uploads\/2023\/12\/Granite-G654-paving-stone-pavers-silver-grey-granite-8.jpg\" alt=\"\" width=\"1296\" height=\"1038\" srcset=\"https:\/\/stone-phoenix.com\/wp-content\/uploads\/2023\/12\/Granite-G654-paving-stone-pavers-silver-grey-granite-8.jpg 1296w, https:\/\/stone-phoenix.com\/wp-content\/uploads\/2023\/12\/Granite-G654-paving-stone-pavers-silver-grey-granite-8-300x240.jpg 300w, https:\/\/stone-phoenix.com\/wp-content\/uploads\/2023\/12\/Granite-G654-paving-stone-pavers-silver-grey-granite-8-1024x820.jpg 1024w, https:\/\/stone-phoenix.com\/wp-content\/uploads\/2023\/12\/Granite-G654-paving-stone-pavers-silver-grey-granite-8-768x615.jpg 768w, https:\/\/stone-phoenix.com\/wp-content\/uploads\/2023\/12\/Granite-G654-paving-stone-pavers-silver-grey-granite-8-15x12.jpg 15w, https:\/\/stone-phoenix.com\/wp-content\/uploads\/2023\/12\/Granite-G654-paving-stone-pavers-silver-grey-granite-8-600x481.jpg 600w, https:\/\/stone-phoenix.com\/wp-content\/uploads\/2023\/12\/Granite-G654-paving-stone-pavers-silver-grey-granite-8-150x120.jpg 150w\" sizes=\"(max-width: 1296px) 100vw, 1296px\" \/><img loading=\"lazy\" decoding=\"async\" class=\"alignnone size-full wp-image-27789\" src=\"http:\/\/stone-phoenix.com\/wp-content\/uploads\/2023\/12\/Granite-G654-paving-stone-pavers-silver-grey-granite-9.jpg\" alt=\"\" width=\"1116\" height=\"1122\" srcset=\"https:\/\/stone-phoenix.com\/wp-content\/uploads\/2023\/12\/Granite-G654-paving-stone-pavers-silver-grey-granite-9.jpg 1116w, https:\/\/stone-phoenix.com\/wp-content\/uploads\/2023\/12\/Granite-G654-paving-stone-pavers-silver-grey-granite-9-298x300.jpg 298w, https:\/\/stone-phoenix.com\/wp-content\/uploads\/2023\/12\/Granite-G654-paving-stone-pavers-silver-grey-granite-9-1019x1024.jpg 1019w, https:\/\/stone-phoenix.com\/wp-content\/uploads\/2023\/12\/Granite-G654-paving-stone-pavers-silver-grey-granite-9-150x151.jpg 150w, https:\/\/stone-phoenix.com\/wp-content\/uploads\/2023\/12\/Granite-G654-paving-stone-pavers-silver-grey-granite-9-768x772.jpg 768w, https:\/\/stone-phoenix.com\/wp-content\/uploads\/2023\/12\/Granite-G654-paving-stone-pavers-silver-grey-granite-9-12x12.jpg 12w, https:\/\/stone-phoenix.com\/wp-content\/uploads\/2023\/12\/Granite-G654-paving-stone-pavers-silver-grey-granite-9-600x603.jpg 600w\" sizes=\"(max-width: 1116px) 100vw, 1116px\" \/><img loading=\"lazy\" decoding=\"async\" class=\"alignnone size-full wp-image-27790\" src=\"http:\/\/stone-phoenix.com\/wp-content\/uploads\/2023\/12\/Granite-G654-paving-stone-pavers-silver-grey-granite-7.jpg\" alt=\"\" width=\"1366\" height=\"637\" srcset=\"https:\/\/stone-phoenix.com\/wp-content\/uploads\/2023\/12\/Granite-G654-paving-stone-pavers-silver-grey-granite-7.jpg 1366w, https:\/\/stone-phoenix.com\/wp-content\/uploads\/2023\/12\/Granite-G654-paving-stone-pavers-silver-grey-granite-7-300x140.jpg 300w, https:\/\/stone-phoenix.com\/wp-content\/uploads\/2023\/12\/Granite-G654-paving-stone-pavers-silver-grey-granite-7-1024x478.jpg 1024w, https:\/\/stone-phoenix.com\/wp-content\/uploads\/2023\/12\/Granite-G654-paving-stone-pavers-silver-grey-granite-7-768x358.jpg 768w, https:\/\/stone-phoenix.com\/wp-content\/uploads\/2023\/12\/Granite-G654-paving-stone-pavers-silver-grey-granite-7-18x8.jpg 18w, https:\/\/stone-phoenix.com\/wp-content\/uploads\/2023\/12\/Granite-G654-paving-stone-pavers-silver-grey-granite-7-600x280.jpg 600w, https:\/\/stone-phoenix.com\/wp-content\/uploads\/2023\/12\/Granite-G654-paving-stone-pavers-silver-grey-granite-7-150x70.jpg 150w\" sizes=\"(max-width: 1366px) 100vw, 1366px\" \/><\/div>\n<\/div>\n<\/div>","protected":false},"excerpt":{"rendered":"<p>Best priced Dark Grey granite\u00a0G654 PATIO STONE Paving\u00a0stone pavers\u00a0cobble stone Granite G654 Dark Grey granite is an attractive dark grey<\/p>","protected":false},"featured_media":20151,"template":"","meta":[],"product_cat":[112],"product_tag":[],"_links":{"self":[{"href":"https:\/\/stone-phoenix.com\/fr\/wp-json\/wp\/v2\/product\/20150"}],"collection":[{"href":"https:\/\/stone-phoenix.com\/fr\/wp-json\/wp\/v2\/product"}],"about":[{"href":"https:\/\/stone-phoenix.com\/fr\/wp-json\/wp\/v2\/types\/product"}],"wp:featuredmedia":[{"embeddable":true,"href":"https:\/\/stone-phoenix.com\/fr\/wp-json\/wp\/v2\/media\/20151"}],"wp:attachment":[{"href":"https:\/\/stone-phoenix.com\/fr\/wp-json\/wp\/v2\/media?parent=20150"}],"wp:term":[{"taxonomy":"product_cat","embeddable":true,"href":"https:\/\/stone-phoenix.com\/fr\/wp-json\/wp\/v2\/product_cat?post=20150"},{"taxonomy":"product_tag","embeddable":true,"href":"https:\/\/stone-phoenix.com\/fr\/wp-json\/wp\/v2\/product_tag?post=20150"}],"curies":[{"name":"wp","href":"https:\/\/api.w.org\/{rel}","templated":true}]}}