{"id":20168,"date":"2023-12-29T20:03:57","date_gmt":"2023-12-29T12:03:57","guid":{"rendered":"http:\/\/stone-phoenix.com\/product\/black-absolute-granite-supplier-best-price"},"modified":"2024-04-12T13:46:14","modified_gmt":"2024-04-12T05:46:14","slug":"black-absolute-granite-supplier-best-price","status":"publish","type":"product","link":"https:\/\/stone-phoenix.com\/fr\/produit\/black-absolute-granite-supplier-best-price","title":{"rendered":"granit noir absolu fournisseur meilleur prix"},"content":{"rendered":"<div id=\"tab-description\" class=\"woocommerce-Tabs-panel woocommerce-Tabs-panel--description panel entry-content wc-tab\" role=\"tabpanel\" aria-labelledby=\"tab-title-description\">\n<div id=\"ali-anchor-AliPostDhMb-6q8vw\" style=\"padding-top: 8px;\" data-section=\"AliPostDhMb-6q8vw\" data-section-title=\"Product Description\">\n<h2>granit noir absolu fournisseur meilleur prix<\/h2>\n<p>Nous sommes l'un des principaux fabricants, exportateurs et fournisseurs de granit noir absolu, disponible en diff\u00e9rents mod\u00e8les, motifs et tailles. Une fois que vous avez pass\u00e9 votre commande chez nous, elle sera livr\u00e9e \u00e0 l'endroit de votre choix dans un d\u00e9lai stipul\u00e9.<\/p>\n<p>Pour en savoir plus, contactez-nous.Ce granit est un choix populaire pour les cuisines, les salles de bains et les rev\u00eatements de sol. Ainsi, quelle que soit l'option que vous choisissez, vous \u00eates assur\u00e9 de recevoir une qualit\u00e9 sup\u00e9rieure.Nous sommes un fournisseur de granit noir absolu,la beaut\u00e9 de ce granit r\u00e9side dans la fa\u00e7on dont il refl\u00e8te la lumi\u00e8re sous diff\u00e9rents angles.La couleur sombre apporte un sentiment de sophistication et d'\u00e9l\u00e9gance \u00e0 n'importe quelle pi\u00e8ce.<\/p>\n<p>Le granit Black Absolute est un granit noir tr\u00e8s fonc\u00e9 provenant du Br\u00e9sil. Il est recommand\u00e9 pour les projets ext\u00e9rieurs et sa forte r\u00e9sistance aux intemp\u00e9ries. Il est recommand\u00e9 pour les projets ext\u00e9rieurs et sa forte r\u00e9sistance aux intemp\u00e9ries. Le Black Absolute Granite est un granit enti\u00e8rement naturel, avec une surface tr\u00e8s lustr\u00e9e et r\u00e9fl\u00e9chissante.<\/p>\n<p>Le granit est un type de roche m\u00e9tamorphique dure et non feuillet\u00e9e, principalement compos\u00e9e de quartz, de feldspath et de mica.<\/p>\n<div id=\"ali-title-AliPostDhMb-6q8vw\" style=\"padding: 8px 0; border-bottom: 1px solid #ddd;\"><span style=\"background-color: #ddd; color: #333; font-weight: bold; padding: 8px 10px; line-height: 12px;\">Description du produit<\/span><\/div>\n<div style=\"padding: 10px 0;\">\n<table class=\"aliDataTable\" style=\"color: #000000; font-family: Arial; font-size: 12px; font-style: normal; font-weight: 400; background-color: #ffffff; width: 698px; height: 226px; border: 1px solid #b3b3b3;\">\n<tbody>\n<tr>\n<td style=\"border: 1px solid #707070; width: 159.663px;\"><strong><span style=\"font-family: arial, helvetica, sans-serif; font-size: 14px;\">Nom du produit :<\/span><\/strong><\/td>\n<td style=\"border: 1px solid #707070; width: 553.337px;\">Best Price Pure Mongolian Absolute Black Granite Slab (Plaque de granit noir absolu de Mongolie)<\/td>\n<\/tr>\n<tr>\n<td style=\"border: 1px solid #707070; width: 159.663px;\"><strong><span style=\"font-family: arial, helvetica, sans-serif; font-size: 14px;\">Mat\u00e9riau :<\/span><\/strong><\/td>\n<td style=\"border: 1px solid #707070; width: 553.337px;\"><span style=\"font-size: 14px;\">Granit<\/span><\/td>\n<\/tr>\n<tr>\n<td style=\"border: 1px solid #707070; width: 159.663px;\"><strong><span style=\"font-family: arial, helvetica, sans-serif; font-size: 14px;\">Couleur :<\/span><\/strong><\/td>\n<td style=\"border: 1px solid #707070; width: 553.337px;\"><span style=\"font-family: arial, helvetica, sans-serif; font-size: 14px;\">Blanc, noir, jaune, rouge, rose, gris, brun, bleu, vert, etc.<\/span><\/td>\n<\/tr>\n<tr>\n<td style=\"border: 1px solid #707070; width: 159.663px;\" rowspan=\"3\"><strong><span style=\"font-family: arial, helvetica, sans-serif; font-size: 14px;\">Taille :<\/span><\/strong><\/td>\n<td style=\"border: 1px solid #707070; width: 553.337px;\"><span style=\"text-decoration: underline;\"><span style=\"font-size: 14px;\">Carreaux disponibles <\/span><\/span><br \/>\n<span style=\"font-size: 14px;\">12\u2019x12\u2033,24\u2019x24\u2033,12\u2019x24\u2033,etc <\/span><span style=\"font-size: 14px;\">300x300mm,300x600mm,400x400mm,600x600mm,etc<\/span><\/td>\n<\/tr>\n<tr>\n<td style=\"border: 1px solid #707070; width: 553.337px;\"><span style=\"text-decoration: underline;\"><span style=\"font-size: 14px;\">Dalles disponibles <\/span><\/span><\/p>\n<p><span style=\"font-size: 14px;\">180cmUpx60UP,180cmUpx65cmUP,180cmUpx70cmUP,etc<\/span><br \/>\n<span style=\"font-size: 14px;\">240cmUpx120cmUP,etc<\/span><\/td>\n<\/tr>\n<tr>\n<td style=\"border: 1px solid #707070; width: 553.337px;\"><span style=\"font-family: arial, helvetica, sans-serif; font-size: 14px;\">Des sp\u00e9cifications personnalis\u00e9es sont disponibles<\/span><\/td>\n<\/tr>\n<tr>\n<td style=\"border: 1px solid #707070; width: 159.663px;\"><strong><span style=\"font-family: arial, helvetica, sans-serif; font-size: 14px;\">Tol\u00e9rance d'\u00e9paisseur :<\/span><\/strong><\/td>\n<td style=\"border: 1px solid #707070; width: 553.337px;\"><span style=\"font-family: arial, helvetica, sans-serif; font-size: 14px;\">\u00b10,05mm, \u00b11mm, \u00b11,5mm, \u00b12mm, selon les exigences de qualit\u00e9 du client<\/span><\/td>\n<\/tr>\n<tr>\n<td style=\"border: 1px solid #707070; width: 159.663px;\"><strong><span style=\"font-family: arial, helvetica, sans-serif; font-size: 14px;\">Surface :<\/span><\/strong><\/td>\n<td style=\"border: 1px solid #707070; width: 553.337px;\"><span style=\"font-family: arial, helvetica, sans-serif; font-size: 14px;\">P<\/span><span style=\"font-size: 14px;\">ol\u00e9, adouci, flamm\u00e9, sabl\u00e9, bouchard\u00e9, fendu naturel, flamm\u00e9 et bross\u00e9, etc.<\/span><\/td>\n<\/tr>\n<tr>\n<td style=\"border: 1px solid #707070; width: 159.663px;\"><strong><span style=\"font-family: arial, helvetica, sans-serif; font-size: 14px;\">Emballage :<\/span><\/strong><\/td>\n<td style=\"border: 1px solid #707070; width: 553.337px;\"><span style=\"font-size: 14px;\">Palettes en bois en \u00e9tat de navigabilit\u00e9, fardeaux en bois et caisses en bois<\/span><\/td>\n<\/tr>\n<tr>\n<td style=\"border: 1px solid #707070; width: 159.663px;\"><strong><span style=\"font-family: arial, helvetica, sans-serif; font-size: 14px;\">Application :<\/span><\/strong><\/td>\n<td style=\"border: 1px solid #707070; width: 553.337px;\"><span style=\"font-family: arial, helvetica, sans-serif; font-size: 14px;\">Sol, mur, motif, comptoir, d\u00e9coration int\u00e9rieure et ext\u00e9rieure<\/span><\/td>\n<\/tr>\n<tr>\n<td style=\"border: 1px solid #707070; width: 159.663px;\"><strong><span style=\"font-family: arial, helvetica, sans-serif; font-size: 14px;\">D\u00e9lai de livraison :<\/span><\/strong><\/td>\n<td style=\"border: 1px solid #707070; width: 553.337px;\"><span style=\"font-size: 14px;\">15-20 jours pour l'enregistrement<\/span><span style=\"font-family: arial, helvetica, sans-serif; font-size: 14px;\">tailles lar<\/span><\/td>\n<\/tr>\n<tr>\n<td style=\"border: 1px solid #707070; width: 159.663px;\"><strong><span style=\"font-family: arial, helvetica, sans-serif; font-size: 14px;\">Certificat :<\/span><\/strong><\/td>\n<td style=\"border: 1px solid #707070; width: 553.337px;\"><span style=\"font-family: arial, helvetica, sans-serif; font-size: 14px;\">CE, SGS<\/span><\/td>\n<\/tr>\n<tr>\n<td style=\"border: 1px solid #707070; width: 159.663px;\"><strong><span style=\"font-family: arial, helvetica, sans-serif; font-size: 14px;\">Conditions de paiement :<\/span><\/strong><\/td>\n<td style=\"border: 1px solid #707070; width: 553.337px;\"><span style=\"font-size: 14px;\">T\/T, L\/C, D<span style=\"color: #000000; font-family: Verdana, Arial, Helvetica, sans-serif; font-size: 14px; font-style: normal; font-weight: 400; background-color: #ffffff; float: none;\">\/<\/span>P<\/span><\/td>\n<\/tr>\n<tr>\n<td style=\"border: 1px solid #707070; width: 159.663px;\"><strong><span style=\"font-family: arial, helvetica, sans-serif; font-size: 14px;\">Avantage :<\/span><\/strong><\/td>\n<td style=\"border: 1px solid #707070; width: 553.337px;\"><span style=\"font-family: arial, helvetica, sans-serif; font-size: 14px;\">1) Service unique pour la pierre ;<\/span><\/p>\n<p><span style=\"font-family: arial, helvetica, sans-serif; font-size: 14px;\">2) poss\u00e8dent 3 carri\u00e8res et 9 usines ;<\/span><\/p>\n<p><span style=\"font-family: arial, helvetica, sans-serif; font-size: 14px;\">3) Des supports technologiques de pointe.<\/span><\/td>\n<\/tr>\n<tr>\n<td style=\"border: 1px solid #707070; width: 159.663px;\"><strong><span style=\"font-family: arial, helvetica, sans-serif; font-size: 14px;\">Assurance de la qualit\u00e9 et de la livraison :\u00a0<\/span><\/strong><\/td>\n<td style=\"border: 1px solid #707070; width: 553.337px;\"><span style=\"font-size: 14px;\">Tout au long du processus de production, du choix des mat\u00e9riaux \u00e0 l'emballage en passant par la fabrication, notre service de contr\u00f4le de la qualit\u00e9 contr\u00f4le rigoureusement chaque pi\u00e8ce et chaque processus afin de garantir le respect des normes de qualit\u00e9 et le respect des d\u00e9lais de livraison.<\/span><\/td>\n<\/tr>\n<\/tbody>\n<\/table>\n<p><img loading=\"lazy\" decoding=\"async\" class=\"alignnone size-full wp-image-27775\" src=\"http:\/\/stone-phoenix.com\/wp-content\/uploads\/2023\/12\/black-absolute-granite-supplier-best-price-9.jpg\" alt=\"\" width=\"1117\" height=\"1053\" srcset=\"https:\/\/stone-phoenix.com\/wp-content\/uploads\/2023\/12\/black-absolute-granite-supplier-best-price-9.jpg 1117w, https:\/\/stone-phoenix.com\/wp-content\/uploads\/2023\/12\/black-absolute-granite-supplier-best-price-9-300x283.jpg 300w, https:\/\/stone-phoenix.com\/wp-content\/uploads\/2023\/12\/black-absolute-granite-supplier-best-price-9-1024x965.jpg 1024w, https:\/\/stone-phoenix.com\/wp-content\/uploads\/2023\/12\/black-absolute-granite-supplier-best-price-9-768x724.jpg 768w, https:\/\/stone-phoenix.com\/wp-content\/uploads\/2023\/12\/black-absolute-granite-supplier-best-price-9-13x12.jpg 13w, https:\/\/stone-phoenix.com\/wp-content\/uploads\/2023\/12\/black-absolute-granite-supplier-best-price-9-600x566.jpg 600w, https:\/\/stone-phoenix.com\/wp-content\/uploads\/2023\/12\/black-absolute-granite-supplier-best-price-9-150x141.jpg 150w\" sizes=\"(max-width: 1117px) 100vw, 1117px\" \/><img loading=\"lazy\" decoding=\"async\" class=\"alignnone size-full wp-image-27774\" src=\"http:\/\/stone-phoenix.com\/wp-content\/uploads\/2023\/12\/black-absolute-granite-supplier-best-price-8.jpg\" alt=\"\" width=\"1083\" height=\"762\" srcset=\"https:\/\/stone-phoenix.com\/wp-content\/uploads\/2023\/12\/black-absolute-granite-supplier-best-price-8.jpg 1083w, https:\/\/stone-phoenix.com\/wp-content\/uploads\/2023\/12\/black-absolute-granite-supplier-best-price-8-300x211.jpg 300w, https:\/\/stone-phoenix.com\/wp-content\/uploads\/2023\/12\/black-absolute-granite-supplier-best-price-8-1024x720.jpg 1024w, https:\/\/stone-phoenix.com\/wp-content\/uploads\/2023\/12\/black-absolute-granite-supplier-best-price-8-768x540.jpg 768w, https:\/\/stone-phoenix.com\/wp-content\/uploads\/2023\/12\/black-absolute-granite-supplier-best-price-8-18x12.jpg 18w, https:\/\/stone-phoenix.com\/wp-content\/uploads\/2023\/12\/black-absolute-granite-supplier-best-price-8-600x422.jpg 600w, https:\/\/stone-phoenix.com\/wp-content\/uploads\/2023\/12\/black-absolute-granite-supplier-best-price-8-150x106.jpg 150w\" sizes=\"(max-width: 1083px) 100vw, 1083px\" \/><img loading=\"lazy\" decoding=\"async\" class=\"alignnone  wp-image-27776\" src=\"http:\/\/stone-phoenix.com\/wp-content\/uploads\/2023\/12\/black-absolute-granite-supplier-best-price-7-1.jpg\" alt=\"\" width=\"961\" height=\"711\" srcset=\"https:\/\/stone-phoenix.com\/wp-content\/uploads\/2023\/12\/black-absolute-granite-supplier-best-price-7-1.jpg 669w, https:\/\/stone-phoenix.com\/wp-content\/uploads\/2023\/12\/black-absolute-granite-supplier-best-price-7-1-300x222.jpg 300w, https:\/\/stone-phoenix.com\/wp-content\/uploads\/2023\/12\/black-absolute-granite-supplier-best-price-7-1-16x12.jpg 16w, https:\/\/stone-phoenix.com\/wp-content\/uploads\/2023\/12\/black-absolute-granite-supplier-best-price-7-1-600x444.jpg 600w, https:\/\/stone-phoenix.com\/wp-content\/uploads\/2023\/12\/black-absolute-granite-supplier-best-price-7-1-150x111.jpg 150w\" sizes=\"(max-width: 961px) 100vw, 961px\" \/>&nbsp;<\/p>\n<p>&nbsp;<\/p>\n<p>&nbsp;<\/p>\n<\/div>\n<\/div>\n<div id=\"ali-anchor-AliPostDhMb-dzch4\" style=\"padding-top: 8px;\" data-section=\"AliPostDhMb-dzch4\" data-section-title=\"FAQ\">\n<div style=\"padding: 10px 0;\">\n<p><a target=\"_blank\" rel=\"noopener noreferrer\"><span style=\"font-size: 16px;\"><img loading=\"lazy\" decoding=\"async\" class=\"alignnone size-full wp-image-20173\" src=\"http:\/\/stone-phoenix.com\/wp-content\/uploads\/2023\/12\/1703880240.jpg\" width=\"750\" height=\"153\" srcset=\"https:\/\/stone-phoenix.com\/wp-content\/uploads\/2023\/12\/1703880240.jpg 750w, https:\/\/stone-phoenix.com\/wp-content\/uploads\/2023\/12\/1703880240-300x61.jpg 300w, https:\/\/stone-phoenix.com\/wp-content\/uploads\/2023\/12\/1703880240-18x4.jpg 18w, https:\/\/stone-phoenix.com\/wp-content\/uploads\/2023\/12\/1703880240-600x122.jpg 600w, https:\/\/stone-phoenix.com\/wp-content\/uploads\/2023\/12\/1703880240-150x31.jpg 150w\" sizes=\"(max-width: 750px) 100vw, 750px\" \/><\/span><\/a><\/p>\n<\/div>\n<\/div>\n<\/div>","protected":false},"excerpt":{"rendered":"<p>black absolute granite supplier best price We are one of the leading manufacturers, exporters and suppliers of black absolute granite,<\/p>","protected":false},"featured_media":27767,"template":"","meta":[],"product_cat":[112],"product_tag":[],"_links":{"self":[{"href":"https:\/\/stone-phoenix.com\/fr\/wp-json\/wp\/v2\/product\/20168"}],"collection":[{"href":"https:\/\/stone-phoenix.com\/fr\/wp-json\/wp\/v2\/product"}],"about":[{"href":"https:\/\/stone-phoenix.com\/fr\/wp-json\/wp\/v2\/types\/product"}],"wp:featuredmedia":[{"embeddable":true,"href":"https:\/\/stone-phoenix.com\/fr\/wp-json\/wp\/v2\/media\/27767"}],"wp:attachment":[{"href":"https:\/\/stone-phoenix.com\/fr\/wp-json\/wp\/v2\/media?parent=20168"}],"wp:term":[{"taxonomy":"product_cat","embeddable":true,"href":"https:\/\/stone-phoenix.com\/fr\/wp-json\/wp\/v2\/product_cat?post=20168"},{"taxonomy":"product_tag","embeddable":true,"href":"https:\/\/stone-phoenix.com\/fr\/wp-json\/wp\/v2\/product_tag?post=20168"}],"curies":[{"name":"wp","href":"https:\/\/api.w.org\/{rel}","templated":true}]}}