{"id":20174,"date":"2023-12-29T20:04:05","date_gmt":"2023-12-29T12:04:05","guid":{"rendered":"http:\/\/stone-phoenix.com\/product\/g654-granite-kerbstone-driveway-paving-slab-stone"},"modified":"2024-04-12T12:20:52","modified_gmt":"2024-04-12T04:20:52","slug":"g654-granite-kerbstone-driveway-paving-slab-stone","status":"publish","type":"product","link":"https:\/\/stone-phoenix.com\/fr\/produit\/g654-granite-kerbstone-driveway-paving-slab-stone","title":{"rendered":"G654 Granite Kerbstone dalle de pavage d'all\u00e9e pierre"},"content":{"rendered":"<div id=\"tab-description\" class=\"woocommerce-Tabs-panel woocommerce-Tabs-panel--description panel entry-content wc-tab\" role=\"tabpanel\" aria-labelledby=\"tab-title-description\">\n<div id=\"ali-anchor-AliPostDhMb-6q8vw\" class=\"mceSectionContainer\" style=\"padding-top: 8px;\" data-section=\"AliPostDhMb-6q8vw\" data-section-title=\"Product Description\">\n<h2 style=\"text-align: center;\">G654 Granite Kerbstone dalle de pavage d'all\u00e9e pierre<\/h2>\n<p>La bordure de trottoir en granit G654 est un mat\u00e9riau parfait pour les zones \u00e0 fort impact o\u00f9 la durabilit\u00e9, la r\u00e9sistance et l'apparence irr\u00e9prochable sont des exigences cl\u00e9s. Cette bordure de trottoir en granit peut \u00eatre utilis\u00e9e sur des sites priv\u00e9s ou commerciaux et est disponible dans de nombreuses options de couleur pour r\u00e9pondre parfaitement aux exigences de votre projet individuel. Commandez votre bordure de trottoir en granit G654 d\u00e8s aujourd'hui !<\/p>\n<p>Il est utilis\u00e9 \u00e0 des fins d\u00e9coratives ou pour le marquage des routes, principalement pour les pentes, les angles et les murs en U. Il convient parfaitement pour cr\u00e9er un \u00e9l\u00e9ment d\u00e9coratif en pierre dans une pelouse ou un jardin. Il peut \u00eatre utilis\u00e9 pour mettre en valeur une bordure ou marquer l'entr\u00e9e de votre all\u00e9e, tout en assurant un drainage utile.C'est l'une des tailles de granit les plus populaires pour la d\u00e9coration des jardins.<\/p>\n<p>Avec une surface raisonnablement lisse, cette pierre convient pour les murs d\u00e9coratifs, les pav\u00e9s et les bordures.Ce produit fait partie de notre gamme Granite et offre un aspect \u00e9l\u00e9gant et discret. Ce produit fait partie de notre gamme Granite et offre un aspect \u00e9l\u00e9gant et discret. Avec une finition lisse et une belle base de pierre naturellement color\u00e9e, le design uni est parfait pour cr\u00e9er des bordures autour de votre jardin ou de votre pelouse. Le granit est utilis\u00e9 depuis des si\u00e8cles pour la construction. Ce mat\u00e9riau pr\u00e9sente une tr\u00e8s bonne durabilit\u00e9 et un rapport r\u00e9sistance\/poids \u00e9lev\u00e9 par rapport \u00e0 d'autres types de pierre.<\/p>\n<div id=\"ali-title-AliPostDhMb-6q8vw\" style=\"padding: 8px 0; border-bottom: 1px solid #ddd;\"><span style=\"background-color: #ddd; color: #333; font-weight: bold; padding: 8px 10px; line-height: 12px;\">Description du produit<\/span><\/div>\n<div style=\"padding: 10px 0;\">\n<table class=\"aliDataTable\" style=\"color: #000000; font-family: Arial; font-size: 12px; font-style: normal; font-weight: 400; background-color: #ffffff; width: 698px; height: 226px; border: 1px solid #b3b3b3;\">\n<tbody>\n<tr>\n<td style=\"border: 1px solid #707070; width: 159.663px;\"><strong><span style=\"font-family: arial, helvetica, sans-serif; font-size: 14px;\">Nom du produit :<\/span><\/strong><\/td>\n<td style=\"border: 1px solid #707070; width: 553.337px;\"><span style=\"font-family: arial, helvetica, sans-serif; font-size: 14px;\">G654 Granite Kerbstone<\/span><\/td>\n<\/tr>\n<tr>\n<td style=\"border: 1px solid #707070; width: 159.663px;\"><strong><span style=\"font-family: arial, helvetica, sans-serif; font-size: 14px;\">Mat\u00e9riau :<\/span><\/strong><\/td>\n<td style=\"border: 1px solid #707070; width: 553.337px;\"><span style=\"font-size: 14px;\">Granit<\/span><\/td>\n<\/tr>\n<tr>\n<td style=\"border: 1px solid #707070; width: 159.663px;\"><strong><span style=\"font-family: arial, helvetica, sans-serif; font-size: 14px;\">Couleur :<\/span><\/strong><\/td>\n<td style=\"border: 1px solid #707070; width: 553.337px;\"><span style=\"font-family: arial, helvetica, sans-serif; font-size: 14px;\">Blanc, noir, jaune, rouge, rose, gris, brun, bleu, vert, etc.<\/span><\/td>\n<\/tr>\n<tr>\n<td style=\"border: 1px solid #707070; width: 159.663px;\" rowspan=\"3\"><strong><span style=\"font-family: arial, helvetica, sans-serif; font-size: 14px;\">Taille :<\/span><\/strong><\/td>\n<td style=\"border: 1px solid #707070; width: 553.337px;\"><span style=\"text-decoration: underline;\"><span style=\"font-size: 14px;\">Carreaux disponibles <\/span><\/span><br \/>\n<span style=\"font-size: 14px;\">12\u2019x12\u2033,24\u2019x24\u2033,12\u2019x24\u2033,etc <\/span><span style=\"font-size: 14px;\">300x300mm,300x600mm,400x400mm,600x600mm,etc<\/span><\/td>\n<\/tr>\n<tr>\n<td style=\"border: 1px solid #707070; width: 553.337px;\"><span style=\"text-decoration: underline;\"><span style=\"font-size: 14px;\">Dalles disponibles <\/span><\/span><\/p>\n<p><span style=\"font-size: 14px;\">180cmUpx60UP,180cmUpx65cmUP,180cmUpx70cmUP,etc<\/span><br \/>\n<span style=\"font-size: 14px;\">240cmUpx120cmUP,etc<\/span><\/td>\n<\/tr>\n<tr>\n<td style=\"border: 1px solid #707070; width: 553.337px;\"><span style=\"font-family: arial, helvetica, sans-serif; font-size: 14px;\">Des sp\u00e9cifications personnalis\u00e9es sont disponibles<\/span><\/td>\n<\/tr>\n<tr>\n<td style=\"border: 1px solid #707070; width: 159.663px;\"><strong><span style=\"font-family: arial, helvetica, sans-serif; font-size: 14px;\">Tol\u00e9rance d'\u00e9paisseur :<\/span><\/strong><\/td>\n<td style=\"border: 1px solid #707070; width: 553.337px;\"><span style=\"font-family: arial, helvetica, sans-serif; font-size: 14px;\">\u00b10,05mm, \u00b11mm, \u00b11,5mm, \u00b12mm, selon les exigences de qualit\u00e9 du client<\/span><\/td>\n<\/tr>\n<tr>\n<td style=\"border: 1px solid #707070; width: 159.663px;\"><strong><span style=\"font-family: arial, helvetica, sans-serif; font-size: 14px;\">Surface :<\/span><\/strong><\/td>\n<td style=\"border: 1px solid #707070; width: 553.337px;\"><span style=\"font-family: arial, helvetica, sans-serif; font-size: 14px;\">P<\/span><span style=\"font-size: 14px;\">ol\u00e9, adouci, flamm\u00e9, sabl\u00e9, bouchard\u00e9, fendu naturel, flamm\u00e9 et bross\u00e9, etc.<\/span><\/td>\n<\/tr>\n<tr>\n<td style=\"border: 1px solid #707070; width: 159.663px;\"><strong><span style=\"font-family: arial, helvetica, sans-serif; font-size: 14px;\">Emballage :<\/span><\/strong><\/td>\n<td style=\"border: 1px solid #707070; width: 553.337px;\"><span style=\"font-size: 14px;\">Palettes en bois en \u00e9tat de navigabilit\u00e9, fardeaux en bois et caisses en bois<\/span><\/td>\n<\/tr>\n<tr>\n<td style=\"border: 1px solid #707070; width: 159.663px;\"><strong><span style=\"font-family: arial, helvetica, sans-serif; font-size: 14px;\">Application :<\/span><\/strong><\/td>\n<td style=\"border: 1px solid #707070; width: 553.337px;\"><span style=\"font-family: arial, helvetica, sans-serif; font-size: 14px;\">Sol, mur, motif, comptoir, d\u00e9coration int\u00e9rieure et ext\u00e9rieure<\/span><\/td>\n<\/tr>\n<tr>\n<td style=\"border: 1px solid #707070; width: 159.663px;\"><strong><span style=\"font-family: arial, helvetica, sans-serif; font-size: 14px;\">D\u00e9lai de livraison :<\/span><\/strong><\/td>\n<td style=\"border: 1px solid #707070; width: 553.337px;\"><span style=\"font-size: 14px;\">15-20 jours pour l'enregistrement<\/span><span style=\"font-family: arial, helvetica, sans-serif; font-size: 14px;\">tailles lar<\/span><\/td>\n<\/tr>\n<tr>\n<td style=\"border: 1px solid #707070; width: 159.663px;\"><strong><span style=\"font-family: arial, helvetica, sans-serif; font-size: 14px;\">Certificat :<\/span><\/strong><\/td>\n<td style=\"border: 1px solid #707070; width: 553.337px;\"><span style=\"font-family: arial, helvetica, sans-serif; font-size: 14px;\">CE, SGS<\/span><\/td>\n<\/tr>\n<tr>\n<td style=\"border: 1px solid #707070; width: 159.663px;\"><strong><span style=\"font-family: arial, helvetica, sans-serif; font-size: 14px;\">Conditions de paiement :<\/span><\/strong><\/td>\n<td style=\"border: 1px solid #707070; width: 553.337px;\"><span style=\"font-size: 14px;\">T\/T, L\/C, D<span style=\"color: #000000; font-family: Verdana, Arial, Helvetica, sans-serif; font-size: 14px; font-style: normal; font-weight: 400; background-color: #ffffff; float: none;\">\/<\/span>P<\/span><\/td>\n<\/tr>\n<tr>\n<td style=\"border: 1px solid #707070; width: 159.663px;\"><strong><span style=\"font-family: arial, helvetica, sans-serif; font-size: 14px;\">Avantage :<\/span><\/strong><\/td>\n<td style=\"border: 1px solid #707070; width: 553.337px;\"><span style=\"font-family: arial, helvetica, sans-serif; font-size: 14px;\">1) Service unique pour la pierre ;<\/span><\/p>\n<p><span style=\"font-family: arial, helvetica, sans-serif; font-size: 14px;\">2) poss\u00e8dent 3 carri\u00e8res et 9 usines ;<\/span><\/p>\n<p><span style=\"font-family: arial, helvetica, sans-serif; font-size: 14px;\">3) Des supports technologiques de pointe.<\/span><\/td>\n<\/tr>\n<tr>\n<td style=\"border: 1px solid #707070; width: 159.663px;\"><strong><span style=\"font-family: arial, helvetica, sans-serif; font-size: 14px;\">Assurance de la qualit\u00e9 et de la livraison :\u00a0<\/span><\/strong><\/td>\n<td style=\"border: 1px solid #707070; width: 553.337px;\"><span style=\"font-size: 14px;\">Tout au long du processus de production, du choix des mat\u00e9riaux \u00e0 l'emballage en passant par la fabrication, notre service de contr\u00f4le de la qualit\u00e9 contr\u00f4le rigoureusement chaque pi\u00e8ce et chaque processus afin de garantir le respect des normes de qualit\u00e9 et le respect des d\u00e9lais de livraison.<\/span><\/td>\n<\/tr>\n<\/tbody>\n<\/table>\n<p><img loading=\"lazy\" decoding=\"async\" class=\"alignnone size-full wp-image-27763\" src=\"http:\/\/stone-phoenix.com\/wp-content\/uploads\/2023\/12\/G654-Granite-Kerbstone-driveway-paving-slab-stone-7.jpg\" alt=\"\" width=\"1387\" height=\"1294\" srcset=\"https:\/\/stone-phoenix.com\/wp-content\/uploads\/2023\/12\/G654-Granite-Kerbstone-driveway-paving-slab-stone-7.jpg 1387w, https:\/\/stone-phoenix.com\/wp-content\/uploads\/2023\/12\/G654-Granite-Kerbstone-driveway-paving-slab-stone-7-300x280.jpg 300w, https:\/\/stone-phoenix.com\/wp-content\/uploads\/2023\/12\/G654-Granite-Kerbstone-driveway-paving-slab-stone-7-1024x955.jpg 1024w, https:\/\/stone-phoenix.com\/wp-content\/uploads\/2023\/12\/G654-Granite-Kerbstone-driveway-paving-slab-stone-7-768x717.jpg 768w, https:\/\/stone-phoenix.com\/wp-content\/uploads\/2023\/12\/G654-Granite-Kerbstone-driveway-paving-slab-stone-7-13x12.jpg 13w, https:\/\/stone-phoenix.com\/wp-content\/uploads\/2023\/12\/G654-Granite-Kerbstone-driveway-paving-slab-stone-7-600x560.jpg 600w, https:\/\/stone-phoenix.com\/wp-content\/uploads\/2023\/12\/G654-Granite-Kerbstone-driveway-paving-slab-stone-7-150x140.jpg 150w\" sizes=\"(max-width: 1387px) 100vw, 1387px\" \/><img loading=\"lazy\" decoding=\"async\" class=\"alignnone size-full wp-image-27764\" src=\"http:\/\/stone-phoenix.com\/wp-content\/uploads\/2023\/12\/G654-Granite-Kerbstone-driveway-paving-slab-stone-8.jpg\" alt=\"\" width=\"1383\" height=\"1036\" srcset=\"https:\/\/stone-phoenix.com\/wp-content\/uploads\/2023\/12\/G654-Granite-Kerbstone-driveway-paving-slab-stone-8.jpg 1383w, https:\/\/stone-phoenix.com\/wp-content\/uploads\/2023\/12\/G654-Granite-Kerbstone-driveway-paving-slab-stone-8-300x225.jpg 300w, https:\/\/stone-phoenix.com\/wp-content\/uploads\/2023\/12\/G654-Granite-Kerbstone-driveway-paving-slab-stone-8-1024x767.jpg 1024w, https:\/\/stone-phoenix.com\/wp-content\/uploads\/2023\/12\/G654-Granite-Kerbstone-driveway-paving-slab-stone-8-768x575.jpg 768w, https:\/\/stone-phoenix.com\/wp-content\/uploads\/2023\/12\/G654-Granite-Kerbstone-driveway-paving-slab-stone-8-16x12.jpg 16w, https:\/\/stone-phoenix.com\/wp-content\/uploads\/2023\/12\/G654-Granite-Kerbstone-driveway-paving-slab-stone-8-600x449.jpg 600w, https:\/\/stone-phoenix.com\/wp-content\/uploads\/2023\/12\/G654-Granite-Kerbstone-driveway-paving-slab-stone-8-150x112.jpg 150w\" sizes=\"(max-width: 1383px) 100vw, 1383px\" \/><img loading=\"lazy\" decoding=\"async\" class=\"alignnone size-full wp-image-27765\" src=\"http:\/\/stone-phoenix.com\/wp-content\/uploads\/2023\/12\/G654-Granite-Kerbstone-driveway-paving-slab-stone-9.jpg\" alt=\"\" width=\"1366\" height=\"666\" srcset=\"https:\/\/stone-phoenix.com\/wp-content\/uploads\/2023\/12\/G654-Granite-Kerbstone-driveway-paving-slab-stone-9.jpg 1366w, https:\/\/stone-phoenix.com\/wp-content\/uploads\/2023\/12\/G654-Granite-Kerbstone-driveway-paving-slab-stone-9-300x146.jpg 300w, https:\/\/stone-phoenix.com\/wp-content\/uploads\/2023\/12\/G654-Granite-Kerbstone-driveway-paving-slab-stone-9-1024x499.jpg 1024w, https:\/\/stone-phoenix.com\/wp-content\/uploads\/2023\/12\/G654-Granite-Kerbstone-driveway-paving-slab-stone-9-768x374.jpg 768w, https:\/\/stone-phoenix.com\/wp-content\/uploads\/2023\/12\/G654-Granite-Kerbstone-driveway-paving-slab-stone-9-18x9.jpg 18w, https:\/\/stone-phoenix.com\/wp-content\/uploads\/2023\/12\/G654-Granite-Kerbstone-driveway-paving-slab-stone-9-600x293.jpg 600w, https:\/\/stone-phoenix.com\/wp-content\/uploads\/2023\/12\/G654-Granite-Kerbstone-driveway-paving-slab-stone-9-150x73.jpg 150w\" sizes=\"(max-width: 1366px) 100vw, 1366px\" \/><img loading=\"lazy\" decoding=\"async\" class=\"alignnone size-full wp-image-27766\" src=\"http:\/\/stone-phoenix.com\/wp-content\/uploads\/2023\/12\/G654-Granite-Kerbstone-driveway-paving-slab-stone-10.jpg\" alt=\"\" width=\"1390\" height=\"1005\" srcset=\"https:\/\/stone-phoenix.com\/wp-content\/uploads\/2023\/12\/G654-Granite-Kerbstone-driveway-paving-slab-stone-10.jpg 1390w, https:\/\/stone-phoenix.com\/wp-content\/uploads\/2023\/12\/G654-Granite-Kerbstone-driveway-paving-slab-stone-10-300x217.jpg 300w, https:\/\/stone-phoenix.com\/wp-content\/uploads\/2023\/12\/G654-Granite-Kerbstone-driveway-paving-slab-stone-10-1024x740.jpg 1024w, https:\/\/stone-phoenix.com\/wp-content\/uploads\/2023\/12\/G654-Granite-Kerbstone-driveway-paving-slab-stone-10-768x555.jpg 768w, https:\/\/stone-phoenix.com\/wp-content\/uploads\/2023\/12\/G654-Granite-Kerbstone-driveway-paving-slab-stone-10-18x12.jpg 18w, https:\/\/stone-phoenix.com\/wp-content\/uploads\/2023\/12\/G654-Granite-Kerbstone-driveway-paving-slab-stone-10-600x434.jpg 600w, https:\/\/stone-phoenix.com\/wp-content\/uploads\/2023\/12\/G654-Granite-Kerbstone-driveway-paving-slab-stone-10-150x108.jpg 150w\" sizes=\"(max-width: 1390px) 100vw, 1390px\" \/><\/p>\n<\/div>\n<\/div>\n<\/div>","protected":false},"excerpt":{"rendered":"<p>G654 Granite Kerbstone driveway paving slab stone G654 Granite Kerbstone is a perfect material for high impact areas where durability,<\/p>","protected":false},"featured_media":27757,"template":"","meta":[],"product_cat":[112],"product_tag":[],"_links":{"self":[{"href":"https:\/\/stone-phoenix.com\/fr\/wp-json\/wp\/v2\/product\/20174"}],"collection":[{"href":"https:\/\/stone-phoenix.com\/fr\/wp-json\/wp\/v2\/product"}],"about":[{"href":"https:\/\/stone-phoenix.com\/fr\/wp-json\/wp\/v2\/types\/product"}],"wp:featuredmedia":[{"embeddable":true,"href":"https:\/\/stone-phoenix.com\/fr\/wp-json\/wp\/v2\/media\/27757"}],"wp:attachment":[{"href":"https:\/\/stone-phoenix.com\/fr\/wp-json\/wp\/v2\/media?parent=20174"}],"wp:term":[{"taxonomy":"product_cat","embeddable":true,"href":"https:\/\/stone-phoenix.com\/fr\/wp-json\/wp\/v2\/product_cat?post=20174"},{"taxonomy":"product_tag","embeddable":true,"href":"https:\/\/stone-phoenix.com\/fr\/wp-json\/wp\/v2\/product_tag?post=20174"}],"curies":[{"name":"wp","href":"https:\/\/api.w.org\/{rel}","templated":true}]}}