{"id":20182,"date":"2023-12-29T20:04:22","date_gmt":"2023-12-29T12:04:22","guid":{"rendered":"http:\/\/stone-phoenix.com\/product\/steel-gray-granite-exterior-granite-tiles"},"modified":"2024-04-12T11:54:26","modified_gmt":"2024-04-12T03:54:26","slug":"steel-gray-granite-exterior-granite-tiles","status":"publish","type":"product","link":"https:\/\/stone-phoenix.com\/fr\/produit\/steel-gray-granite-exterior-granite-tiles","title":{"rendered":"Granit gris acier Carreaux de granit pour l'ext\u00e9rieur"},"content":{"rendered":"<div id=\"tab-description\" class=\"woocommerce-Tabs-panel woocommerce-Tabs-panel--description panel entry-content wc-tab\" role=\"tabpanel\" aria-labelledby=\"tab-title-description\">\n<div id=\"ali-anchor-AliPostDhMb-6q8vw\" style=\"padding-top: 8px;\" data-section=\"AliPostDhMb-6q8vw\" data-section-title=\"Product Description\">\n<h2 style=\"text-align: center;\">Granit gris acier Chinese Best Selling Exterior Granite Tiles<\/h2>\n<div>Le granit gris acier est un produit en pierre naturelle con\u00e7u pour reproduire l'aspect du b\u00e9ton fra\u00eechement coul\u00e9. C'est un mat\u00e9riau polyvalent et haut de gamme qui peut prendre toutes les formes et textures souhait\u00e9es. Le style de ce granit gris acier est intemporel et classique pour vos comptoirs de cuisine et vos meubles-lavabos.<\/div>\n<div>Ce granit, \u00e0 la fois \u00e9l\u00e9gant et r\u00e9sistant, est solide et durable, et ne manquera pas de r\u00e9sister \u00e0 l'\u00e9preuve du temps. Ne vous souciez pas de remplacer les plans de travail de votre cuisine avec ce design intemporel qui sera certainement un h\u00e9ritage familial ! Le granit le plus populaire, le gris acier, est une belle couleur grise avec un aspect m\u00e9tallique subtil.<\/div>\n<div>Il offre l'attrait classique du gris avec une profondeur suppl\u00e9mentaire qui le rend parfait pour n'importe quelle zone de votre maison.Un granit gris fonc\u00e9 avec une texture uniforme et peu brillante. La couleur est une nuance moyenne de gris et est connue pour sa capacit\u00e9 \u00e0 cr\u00e9er un contraste net avec les nuances plus claires.Si vous \u00eates int\u00e9ress\u00e9 par nos produits, veuillez cliquer ici. <a href=\"https:\/\/longtopstone.com\/contact\/\">nous contacter<\/a> imm\u00e9diatement. Nous attendons avec impatience votre demande.<\/div>\n<div id=\"ali-title-AliPostDhMb-6q8vw\" style=\"padding: 8px 0; border-bottom: 1px solid #ddd;\"><span style=\"background-color: #ddd; color: #333; font-weight: bold; padding: 8px 10px; line-height: 12px;\">Description du produit<\/span><\/div>\n<div style=\"padding: 10px 0;\">\n<table class=\"aliDataTable\" style=\"color: #000000; font-family: Arial; font-size: 12px; font-style: normal; font-weight: 400; background-color: #ffffff; width: 698px; height: 226px; border: 1px solid #b3b3b3;\">\n<tbody>\n<tr>\n<td style=\"border: 1px solid #707070; width: 159.663px;\"><strong><span style=\"font-family: arial, helvetica, sans-serif; font-size: 14px;\">Nom du produit :<\/span><\/strong><\/td>\n<td style=\"border: 1px solid #707070; width: 553.337px;\"><span style=\"font-family: arial, helvetica, sans-serif; font-size: 14px;\">Granit divers<\/span><\/td>\n<\/tr>\n<tr>\n<td style=\"border: 1px solid #707070; width: 159.663px;\"><strong><span style=\"font-family: arial, helvetica, sans-serif; font-size: 14px;\">Mat\u00e9riau :<\/span><\/strong><\/td>\n<td style=\"border: 1px solid #707070; width: 553.337px;\"><span style=\"font-size: 14px;\">Granit<\/span><\/td>\n<\/tr>\n<tr>\n<td style=\"border: 1px solid #707070; width: 159.663px;\"><strong><span style=\"font-family: arial, helvetica, sans-serif; font-size: 14px;\">Couleur :<\/span><\/strong><\/td>\n<td style=\"border: 1px solid #707070; width: 553.337px;\"><span style=\"font-family: arial, helvetica, sans-serif; font-size: 14px;\">Blanc, noir, jaune, rouge, rose, gris, brun, bleu, vert, etc.<\/span><\/td>\n<\/tr>\n<tr>\n<td style=\"border: 1px solid #707070; width: 159.663px;\" rowspan=\"3\"><strong><span style=\"font-family: arial, helvetica, sans-serif; font-size: 14px;\">Taille :<\/span><\/strong><\/td>\n<td style=\"border: 1px solid #707070; width: 553.337px;\"><span style=\"text-decoration: underline;\"><span style=\"font-size: 14px;\">Carreaux disponibles <\/span><\/span><br \/>\n<span style=\"font-size: 14px;\">12\u2019x12\u2033,24\u2019x24\u2033,12\u2019x24\u2033,etc <\/span><span style=\"font-size: 14px;\">300x300mm,300x600mm,400x400mm,600x600mm,etc<\/span><\/td>\n<\/tr>\n<tr>\n<td style=\"border: 1px solid #707070; width: 553.337px;\"><span style=\"text-decoration: underline;\"><span style=\"font-size: 14px;\">Dalles disponibles <\/span><\/span><\/p>\n<p><span style=\"font-size: 14px;\">180cmUpx60UP,180cmUpx65cmUP,180cmUpx70cmUP,etc<\/span><br \/>\n<span style=\"font-size: 14px;\">240cmUpx120cmUP,etc<\/span><\/td>\n<\/tr>\n<tr>\n<td style=\"border: 1px solid #707070; width: 553.337px;\"><span style=\"font-family: arial, helvetica, sans-serif; font-size: 14px;\">Des sp\u00e9cifications personnalis\u00e9es sont disponibles<\/span><\/td>\n<\/tr>\n<tr>\n<td style=\"border: 1px solid #707070; width: 159.663px;\"><strong><span style=\"font-family: arial, helvetica, sans-serif; font-size: 14px;\">Tol\u00e9rance d'\u00e9paisseur :<\/span><\/strong><\/td>\n<td style=\"border: 1px solid #707070; width: 553.337px;\"><span style=\"font-family: arial, helvetica, sans-serif; font-size: 14px;\">\u00b10,05mm, \u00b11mm, \u00b11,5mm, \u00b12mm, selon les exigences de qualit\u00e9 du client<\/span><\/td>\n<\/tr>\n<tr>\n<td style=\"border: 1px solid #707070; width: 159.663px;\"><strong><span style=\"font-family: arial, helvetica, sans-serif; font-size: 14px;\">Surface :<\/span><\/strong><\/td>\n<td style=\"border: 1px solid #707070; width: 553.337px;\"><span style=\"font-family: arial, helvetica, sans-serif; font-size: 14px;\">P<\/span><span style=\"font-size: 14px;\">ol\u00e9, adouci, flamm\u00e9, sabl\u00e9, bouchard\u00e9, fendu naturel, flamm\u00e9 et bross\u00e9, etc.<\/span><\/td>\n<\/tr>\n<tr>\n<td style=\"border: 1px solid #707070; width: 159.663px;\"><strong><span style=\"font-family: arial, helvetica, sans-serif; font-size: 14px;\">Emballage :<\/span><\/strong><\/td>\n<td style=\"border: 1px solid #707070; width: 553.337px;\"><span style=\"font-size: 14px;\">Palettes en bois en \u00e9tat de navigabilit\u00e9, fardeaux en bois et caisses en bois<\/span><\/td>\n<\/tr>\n<tr>\n<td style=\"border: 1px solid #707070; width: 159.663px;\"><strong><span style=\"font-family: arial, helvetica, sans-serif; font-size: 14px;\">Application :<\/span><\/strong><\/td>\n<td style=\"border: 1px solid #707070; width: 553.337px;\"><span style=\"font-family: arial, helvetica, sans-serif; font-size: 14px;\">Sol, mur, motif, comptoir, d\u00e9coration int\u00e9rieure et ext\u00e9rieure<\/span><\/td>\n<\/tr>\n<tr>\n<td style=\"border: 1px solid #707070; width: 159.663px;\"><strong><span style=\"font-family: arial, helvetica, sans-serif; font-size: 14px;\">D\u00e9lai de livraison :<\/span><\/strong><\/td>\n<td style=\"border: 1px solid #707070; width: 553.337px;\"><span style=\"font-size: 14px;\">15-20 jours pour l'enregistrement<\/span><span style=\"font-family: arial, helvetica, sans-serif; font-size: 14px;\">tailles lar<\/span><\/td>\n<\/tr>\n<tr>\n<td style=\"border: 1px solid #707070; width: 159.663px;\"><strong><span style=\"font-family: arial, helvetica, sans-serif; font-size: 14px;\">Certificat :<\/span><\/strong><\/td>\n<td style=\"border: 1px solid #707070; width: 553.337px;\"><span style=\"font-family: arial, helvetica, sans-serif; font-size: 14px;\">CE, SGS<\/span><\/td>\n<\/tr>\n<tr>\n<td style=\"border: 1px solid #707070; width: 159.663px;\"><strong><span style=\"font-family: arial, helvetica, sans-serif; font-size: 14px;\">Conditions de paiement :<\/span><\/strong><\/td>\n<td style=\"border: 1px solid #707070; width: 553.337px;\"><span style=\"font-size: 14px;\">T\/T, L\/C, D<span style=\"color: #000000; font-family: Verdana, Arial, Helvetica, sans-serif; font-size: 14px; font-style: normal; font-weight: 400; background-color: #ffffff; float: none;\">\/<\/span>P<\/span><\/td>\n<\/tr>\n<tr>\n<td style=\"border: 1px solid #707070; width: 159.663px;\"><strong><span style=\"font-family: arial, helvetica, sans-serif; font-size: 14px;\">Avantage :<\/span><\/strong><\/td>\n<td style=\"border: 1px solid #707070; width: 553.337px;\"><span style=\"font-family: arial, helvetica, sans-serif; font-size: 14px;\">1) Service unique pour la pierre ;<\/span><\/p>\n<p><span style=\"font-family: arial, helvetica, sans-serif; font-size: 14px;\">2) poss\u00e8dent 3 carri\u00e8res et 9 usines ;<\/span><\/p>\n<p><span style=\"font-family: arial, helvetica, sans-serif; font-size: 14px;\">3) Des supports technologiques de pointe.<\/span><\/td>\n<\/tr>\n<tr>\n<td style=\"border: 1px solid #707070; width: 159.663px;\"><strong><span style=\"font-family: arial, helvetica, sans-serif; font-size: 14px;\">Assurance de la qualit\u00e9 et de la livraison :\u00a0<\/span><\/strong><\/td>\n<td style=\"border: 1px solid #707070; width: 553.337px;\"><span style=\"font-size: 14px;\">Tout au long du processus de production, du choix des mat\u00e9riaux \u00e0 l'emballage en passant par la fabrication, notre service de contr\u00f4le de la qualit\u00e9 contr\u00f4le rigoureusement chaque pi\u00e8ce et chaque processus afin de garantir le respect des normes de qualit\u00e9 et le respect des d\u00e9lais de livraison.<\/span><\/td>\n<\/tr>\n<\/tbody>\n<\/table>\n<p><img loading=\"lazy\" decoding=\"async\" class=\"alignnone  wp-image-27753\" src=\"http:\/\/stone-phoenix.com\/wp-content\/uploads\/2023\/12\/Steel-Gray-Granite-Exterior-Granite-Tiles-6.jpg\" alt=\"\" width=\"967\" height=\"1349\" srcset=\"https:\/\/stone-phoenix.com\/wp-content\/uploads\/2023\/12\/Steel-Gray-Granite-Exterior-Granite-Tiles-6.jpg 805w, https:\/\/stone-phoenix.com\/wp-content\/uploads\/2023\/12\/Steel-Gray-Granite-Exterior-Granite-Tiles-6-215x300.jpg 215w, https:\/\/stone-phoenix.com\/wp-content\/uploads\/2023\/12\/Steel-Gray-Granite-Exterior-Granite-Tiles-6-734x1024.jpg 734w, https:\/\/stone-phoenix.com\/wp-content\/uploads\/2023\/12\/Steel-Gray-Granite-Exterior-Granite-Tiles-6-768x1071.jpg 768w, https:\/\/stone-phoenix.com\/wp-content\/uploads\/2023\/12\/Steel-Gray-Granite-Exterior-Granite-Tiles-6-9x12.jpg 9w, https:\/\/stone-phoenix.com\/wp-content\/uploads\/2023\/12\/Steel-Gray-Granite-Exterior-Granite-Tiles-6-600x837.jpg 600w, https:\/\/stone-phoenix.com\/wp-content\/uploads\/2023\/12\/Steel-Gray-Granite-Exterior-Granite-Tiles-6-150x209.jpg 150w\" sizes=\"(max-width: 967px) 100vw, 967px\" \/><img loading=\"lazy\" decoding=\"async\" class=\"alignnone size-full wp-image-27754\" src=\"http:\/\/stone-phoenix.com\/wp-content\/uploads\/2023\/12\/Steel-Gray-Granite-Exterior-Granite-Tiles-7.jpg\" alt=\"\" width=\"1116\" height=\"834\" srcset=\"https:\/\/stone-phoenix.com\/wp-content\/uploads\/2023\/12\/Steel-Gray-Granite-Exterior-Granite-Tiles-7.jpg 1116w, https:\/\/stone-phoenix.com\/wp-content\/uploads\/2023\/12\/Steel-Gray-Granite-Exterior-Granite-Tiles-7-300x224.jpg 300w, https:\/\/stone-phoenix.com\/wp-content\/uploads\/2023\/12\/Steel-Gray-Granite-Exterior-Granite-Tiles-7-1024x765.jpg 1024w, https:\/\/stone-phoenix.com\/wp-content\/uploads\/2023\/12\/Steel-Gray-Granite-Exterior-Granite-Tiles-7-768x574.jpg 768w, https:\/\/stone-phoenix.com\/wp-content\/uploads\/2023\/12\/Steel-Gray-Granite-Exterior-Granite-Tiles-7-16x12.jpg 16w, https:\/\/stone-phoenix.com\/wp-content\/uploads\/2023\/12\/Steel-Gray-Granite-Exterior-Granite-Tiles-7-600x448.jpg 600w, https:\/\/stone-phoenix.com\/wp-content\/uploads\/2023\/12\/Steel-Gray-Granite-Exterior-Granite-Tiles-7-150x112.jpg 150w\" sizes=\"(max-width: 1116px) 100vw, 1116px\" \/><img loading=\"lazy\" decoding=\"async\" class=\"alignnone  wp-image-27755\" src=\"http:\/\/stone-phoenix.com\/wp-content\/uploads\/2023\/12\/Steel-Gray-Granite-Exterior-Granite-Tiles-8.jpg\" alt=\"\" width=\"955\" height=\"1314\" srcset=\"https:\/\/stone-phoenix.com\/wp-content\/uploads\/2023\/12\/Steel-Gray-Granite-Exterior-Granite-Tiles-8.jpg 838w, https:\/\/stone-phoenix.com\/wp-content\/uploads\/2023\/12\/Steel-Gray-Granite-Exterior-Granite-Tiles-8-218x300.jpg 218w, https:\/\/stone-phoenix.com\/wp-content\/uploads\/2023\/12\/Steel-Gray-Granite-Exterior-Granite-Tiles-8-744x1024.jpg 744w, https:\/\/stone-phoenix.com\/wp-content\/uploads\/2023\/12\/Steel-Gray-Granite-Exterior-Granite-Tiles-8-768x1057.jpg 768w, https:\/\/stone-phoenix.com\/wp-content\/uploads\/2023\/12\/Steel-Gray-Granite-Exterior-Granite-Tiles-8-9x12.jpg 9w, https:\/\/stone-phoenix.com\/wp-content\/uploads\/2023\/12\/Steel-Gray-Granite-Exterior-Granite-Tiles-8-600x826.jpg 600w, https:\/\/stone-phoenix.com\/wp-content\/uploads\/2023\/12\/Steel-Gray-Granite-Exterior-Granite-Tiles-8-150x206.jpg 150w\" sizes=\"(max-width: 955px) 100vw, 955px\" \/><img loading=\"lazy\" decoding=\"async\" class=\"alignnone  wp-image-27756\" src=\"http:\/\/stone-phoenix.com\/wp-content\/uploads\/2023\/12\/Steel-Gray-Granite-Exterior-Granite-Tiles-9.jpg\" alt=\"\" width=\"952\" height=\"1443\" srcset=\"https:\/\/stone-phoenix.com\/wp-content\/uploads\/2023\/12\/Steel-Gray-Granite-Exterior-Granite-Tiles-9.jpg 742w, https:\/\/stone-phoenix.com\/wp-content\/uploads\/2023\/12\/Steel-Gray-Granite-Exterior-Granite-Tiles-9-198x300.jpg 198w, https:\/\/stone-phoenix.com\/wp-content\/uploads\/2023\/12\/Steel-Gray-Granite-Exterior-Granite-Tiles-9-675x1024.jpg 675w, https:\/\/stone-phoenix.com\/wp-content\/uploads\/2023\/12\/Steel-Gray-Granite-Exterior-Granite-Tiles-9-8x12.jpg 8w, https:\/\/stone-phoenix.com\/wp-content\/uploads\/2023\/12\/Steel-Gray-Granite-Exterior-Granite-Tiles-9-600x910.jpg 600w, https:\/\/stone-phoenix.com\/wp-content\/uploads\/2023\/12\/Steel-Gray-Granite-Exterior-Granite-Tiles-9-150x227.jpg 150w\" sizes=\"(max-width: 952px) 100vw, 952px\" \/><\/p>\n<\/div>\n<\/div>\n<\/div>","protected":false},"excerpt":{"rendered":"<p>Steel Gray Granite Chinese Best Selling Exterior Granite Tiles Steel Gray Granite is a natural stone product designed to replicate<\/p>","protected":false},"featured_media":27747,"template":"","meta":[],"product_cat":[112],"product_tag":[],"_links":{"self":[{"href":"https:\/\/stone-phoenix.com\/fr\/wp-json\/wp\/v2\/product\/20182"}],"collection":[{"href":"https:\/\/stone-phoenix.com\/fr\/wp-json\/wp\/v2\/product"}],"about":[{"href":"https:\/\/stone-phoenix.com\/fr\/wp-json\/wp\/v2\/types\/product"}],"wp:featuredmedia":[{"embeddable":true,"href":"https:\/\/stone-phoenix.com\/fr\/wp-json\/wp\/v2\/media\/27747"}],"wp:attachment":[{"href":"https:\/\/stone-phoenix.com\/fr\/wp-json\/wp\/v2\/media?parent=20182"}],"wp:term":[{"taxonomy":"product_cat","embeddable":true,"href":"https:\/\/stone-phoenix.com\/fr\/wp-json\/wp\/v2\/product_cat?post=20182"},{"taxonomy":"product_tag","embeddable":true,"href":"https:\/\/stone-phoenix.com\/fr\/wp-json\/wp\/v2\/product_tag?post=20182"}],"curies":[{"name":"wp","href":"https:\/\/api.w.org\/{rel}","templated":true}]}}