{"id":20189,"date":"2023-12-29T20:04:32","date_gmt":"2023-12-29T12:04:32","guid":{"rendered":"http:\/\/stone-phoenix.com\/product\/rectangular-paving-stones-chinese-driveway"},"modified":"2024-04-12T11:46:49","modified_gmt":"2024-04-12T03:46:49","slug":"rectangular-paving-stones-chinese-driveway","status":"publish","type":"product","link":"https:\/\/stone-phoenix.com\/fr\/produit\/rectangular-paving-stones-chinese-driveway","title":{"rendered":"pav\u00e9s rectangulaires all\u00e9e chinoise"},"content":{"rendered":"<div id=\"tab-description\" class=\"woocommerce-Tabs-panel woocommerce-Tabs-panel--description panel entry-content wc-tab\" role=\"tabpanel\" aria-labelledby=\"tab-title-description\">\n<div id=\"ali-anchor-AliPostDhMb-6q8vw\" class=\"mceSectionContainer\" style=\"padding-top: 8px;\" data-section=\"AliPostDhMb-6q8vw\" data-section-title=\"Product Description\">\n<h2 style=\"text-align: center;\">pav\u00e9s rectangulaires all\u00e9e chinoise<\/h2>\n<p>Redonnez \u00e0 votre jardin tout son caract\u00e8re ludique avec ce pav\u00e9 rectangulaire. Ce pav\u00e9 vous permet de cr\u00e9er un look unique et personnalis\u00e9, car il peut apporter la touche finale \u00e0 n'importe quel projet. Vous pouvez utiliser ce produit pour am\u00e9liorer une vari\u00e9t\u00e9 de zones diff\u00e9rentes de votre maison ou de votre jardin, gr\u00e2ce \u00e0 son design polyvalent.<\/p>\n<p>Ils constituent un moyen contemporain et \u00e9l\u00e9gant de transformer votre espace ext\u00e9rieur. Avec une gamme de couleurs, de designs et de tailles, il y en a pour tous les jardins.Nos produits sont une alternative \u00e9l\u00e9gante aux briques. Fabriqu\u00e9s en gr\u00e8s de haute qualit\u00e9, ces pav\u00e9s sont tr\u00e8s appr\u00e9ci\u00e9s par nos clients. La forme est tr\u00e8s polyvalente et peut \u00eatre utilis\u00e9e comme tapis d'entr\u00e9e unique ou comme \u00e9l\u00e9ment d'un patio plus grand.<\/p>\n<p>Nos pav\u00e9s rectangulaires sont en r\u00e9sine pour un patio durable et n\u00e9cessitant peu d'entretien. Ces produits sont le choix id\u00e9al pour votre projet d'am\u00e9lioration de l'habitat.<\/p>\n<div id=\"ali-title-AliPostDhMb-6q8vw\" style=\"padding: 8px 0; border-bottom: 1px solid #ddd;\"><span style=\"background-color: #ddd; color: #333; font-weight: bold; padding: 8px 10px; line-height: 12px;\">Description du produit<\/span><\/div>\n<div style=\"padding: 10px 0;\">\n<table class=\"aliDataTable\" style=\"color: #000000; font-family: Arial; font-size: 12px; font-style: normal; font-weight: 400; background-color: #ffffff; width: 698px; height: 226px; border: 1px solid #b3b3b3;\">\n<tbody>\n<tr>\n<td style=\"border: 1px solid #707070; width: 159.663px;\"><strong><span style=\"font-family: arial, helvetica, sans-serif; font-size: 14px;\">Nom du produit :<\/span><\/strong><\/td>\n<td style=\"border: 1px solid #707070; width: 553.337px;\"><span style=\"font-family: arial, helvetica, sans-serif; font-size: 14px;\">G654 Granit<\/span><\/td>\n<\/tr>\n<tr>\n<td style=\"border: 1px solid #707070; width: 159.663px;\"><strong><span style=\"font-family: arial, helvetica, sans-serif; font-size: 14px;\">Mat\u00e9riau :<\/span><\/strong><\/td>\n<td style=\"border: 1px solid #707070; width: 553.337px;\"><span style=\"font-size: 14px;\">Granit<\/span><\/td>\n<\/tr>\n<tr>\n<td style=\"border: 1px solid #707070; width: 159.663px;\"><strong><span style=\"font-family: arial, helvetica, sans-serif; font-size: 14px;\">Couleur :<\/span><\/strong><\/td>\n<td style=\"border: 1px solid #707070; width: 553.337px;\"><span style=\"font-family: arial, helvetica, sans-serif; font-size: 14px;\">Blanc, noir, jaune, rouge, rose, gris, brun, bleu, vert, etc.<\/span><\/td>\n<\/tr>\n<tr>\n<td style=\"border: 1px solid #707070; width: 159.663px;\" rowspan=\"3\"><strong><span style=\"font-family: arial, helvetica, sans-serif; font-size: 14px;\">Taille :<\/span><\/strong><\/td>\n<td style=\"border: 1px solid #707070; width: 553.337px;\"><span style=\"text-decoration: underline;\"><span style=\"font-size: 14px;\">Carreaux disponibles <\/span><\/span><br \/>\n<span style=\"font-size: 14px;\">12\u2019x12\u2033,24\u2019x24\u2033,12\u2019x24\u2033,etc <\/span><span style=\"font-size: 14px;\">300x300mm,300x600mm,400x400mm,600x600mm,etc<\/span><\/td>\n<\/tr>\n<tr>\n<td style=\"border: 1px solid #707070; width: 553.337px;\"><span style=\"text-decoration: underline;\"><span style=\"font-size: 14px;\">Dalles disponibles <\/span><\/span><\/p>\n<p><span style=\"font-size: 14px;\">180cmUpx60UP,180cmUpx65cmUP,180cmUpx70cmUP,etc<\/span><br \/>\n<span style=\"font-size: 14px;\">240cmUpx120cmUP,etc<\/span><\/td>\n<\/tr>\n<tr>\n<td style=\"border: 1px solid #707070; width: 553.337px;\"><span style=\"font-family: arial, helvetica, sans-serif; font-size: 14px;\">Des sp\u00e9cifications personnalis\u00e9es sont disponibles<\/span><\/td>\n<\/tr>\n<tr>\n<td style=\"border: 1px solid #707070; width: 159.663px;\"><strong><span style=\"font-family: arial, helvetica, sans-serif; font-size: 14px;\">Tol\u00e9rance d'\u00e9paisseur :<\/span><\/strong><\/td>\n<td style=\"border: 1px solid #707070; width: 553.337px;\"><span style=\"font-family: arial, helvetica, sans-serif; font-size: 14px;\">\u00b10,05mm, \u00b11mm, \u00b11,5mm, \u00b12mm, selon les exigences de qualit\u00e9 du client<\/span><\/td>\n<\/tr>\n<tr>\n<td style=\"border: 1px solid #707070; width: 159.663px;\"><strong><span style=\"font-family: arial, helvetica, sans-serif; font-size: 14px;\">Surface :<\/span><\/strong><\/td>\n<td style=\"border: 1px solid #707070; width: 553.337px;\"><span style=\"font-family: arial, helvetica, sans-serif; font-size: 14px;\">P<\/span><span style=\"font-size: 14px;\">ol\u00e9, adouci, flamm\u00e9, sabl\u00e9, bouchard\u00e9, fendu naturel, flamm\u00e9 et bross\u00e9, etc.<\/span><\/td>\n<\/tr>\n<tr>\n<td style=\"border: 1px solid #707070; width: 159.663px;\"><strong><span style=\"font-family: arial, helvetica, sans-serif; font-size: 14px;\">Emballage :<\/span><\/strong><\/td>\n<td style=\"border: 1px solid #707070; width: 553.337px;\"><span style=\"font-size: 14px;\">Palettes en bois en \u00e9tat de navigabilit\u00e9, fardeaux en bois et caisses en bois<\/span><\/td>\n<\/tr>\n<tr>\n<td style=\"border: 1px solid #707070; width: 159.663px;\"><strong><span style=\"font-family: arial, helvetica, sans-serif; font-size: 14px;\">Application :<\/span><\/strong><\/td>\n<td style=\"border: 1px solid #707070; width: 553.337px;\"><span style=\"font-family: arial, helvetica, sans-serif; font-size: 14px;\">Sol, mur, motif, comptoir, d\u00e9coration int\u00e9rieure et ext\u00e9rieure<\/span><\/td>\n<\/tr>\n<tr>\n<td style=\"border: 1px solid #707070; width: 159.663px;\"><strong><span style=\"font-family: arial, helvetica, sans-serif; font-size: 14px;\">D\u00e9lai de livraison :<\/span><\/strong><\/td>\n<td style=\"border: 1px solid #707070; width: 553.337px;\"><span style=\"font-size: 14px;\">15-20 jours pour l'enregistrement<\/span><span style=\"font-family: arial, helvetica, sans-serif; font-size: 14px;\">tailles lar<\/span><\/td>\n<\/tr>\n<tr>\n<td style=\"border: 1px solid #707070; width: 159.663px;\"><strong><span style=\"font-family: arial, helvetica, sans-serif; font-size: 14px;\">Certificat :<\/span><\/strong><\/td>\n<td style=\"border: 1px solid #707070; width: 553.337px;\"><span style=\"font-family: arial, helvetica, sans-serif; font-size: 14px;\">CE, SGS<\/span><\/td>\n<\/tr>\n<tr>\n<td style=\"border: 1px solid #707070; width: 159.663px;\"><strong><span style=\"font-family: arial, helvetica, sans-serif; font-size: 14px;\">Conditions de paiement :<\/span><\/strong><\/td>\n<td style=\"border: 1px solid #707070; width: 553.337px;\"><span style=\"font-size: 14px;\">T\/T, L\/C, D<span style=\"color: #000000; font-family: Verdana, Arial, Helvetica, sans-serif; font-size: 14px; font-style: normal; font-weight: 400; background-color: #ffffff; float: none;\">\/<\/span>P<\/span><\/td>\n<\/tr>\n<tr>\n<td style=\"border: 1px solid #707070; width: 159.663px;\"><strong><span style=\"font-family: arial, helvetica, sans-serif; font-size: 14px;\">Avantage :<\/span><\/strong><\/td>\n<td style=\"border: 1px solid #707070; width: 553.337px;\"><span style=\"font-family: arial, helvetica, sans-serif; font-size: 14px;\">1) Service unique pour la pierre ;<\/span><\/p>\n<p><span style=\"font-family: arial, helvetica, sans-serif; font-size: 14px;\">2) poss\u00e8dent 3 carri\u00e8res et 9 usines ;<\/span><\/p>\n<p><span style=\"font-family: arial, helvetica, sans-serif; font-size: 14px;\">3) Des supports technologiques de pointe.<\/span><\/td>\n<\/tr>\n<tr>\n<td style=\"border: 1px solid #707070; width: 159.663px;\"><strong><span style=\"font-family: arial, helvetica, sans-serif; font-size: 14px;\">Assurance de la qualit\u00e9 et de la livraison :\u00a0<\/span><\/strong><\/td>\n<td style=\"border: 1px solid #707070; width: 553.337px;\"><span style=\"font-size: 14px;\">Tout au long du processus de production, du choix des mat\u00e9riaux \u00e0 l'emballage en passant par la fabrication, notre service de contr\u00f4le de la qualit\u00e9 contr\u00f4le rigoureusement chaque pi\u00e8ce et chaque processus afin de garantir le respect des normes de qualit\u00e9 et le respect des d\u00e9lais de livraison.<\/span><\/td>\n<\/tr>\n<\/tbody>\n<\/table>\n<p><img loading=\"lazy\" decoding=\"async\" class=\"alignnone size-full wp-image-27742\" src=\"http:\/\/stone-phoenix.com\/wp-content\/uploads\/2023\/12\/rectangular-paving-stones-chinese-driveway-9.jpg\" alt=\"\" width=\"1399\" height=\"1044\" srcset=\"https:\/\/stone-phoenix.com\/wp-content\/uploads\/2023\/12\/rectangular-paving-stones-chinese-driveway-9.jpg 1399w, https:\/\/stone-phoenix.com\/wp-content\/uploads\/2023\/12\/rectangular-paving-stones-chinese-driveway-9-300x224.jpg 300w, https:\/\/stone-phoenix.com\/wp-content\/uploads\/2023\/12\/rectangular-paving-stones-chinese-driveway-9-1024x764.jpg 1024w, https:\/\/stone-phoenix.com\/wp-content\/uploads\/2023\/12\/rectangular-paving-stones-chinese-driveway-9-768x573.jpg 768w, https:\/\/stone-phoenix.com\/wp-content\/uploads\/2023\/12\/rectangular-paving-stones-chinese-driveway-9-16x12.jpg 16w, https:\/\/stone-phoenix.com\/wp-content\/uploads\/2023\/12\/rectangular-paving-stones-chinese-driveway-9-600x448.jpg 600w, https:\/\/stone-phoenix.com\/wp-content\/uploads\/2023\/12\/rectangular-paving-stones-chinese-driveway-9-150x112.jpg 150w\" sizes=\"(max-width: 1399px) 100vw, 1399px\" \/><img loading=\"lazy\" decoding=\"async\" class=\"alignnone size-full wp-image-27743\" src=\"http:\/\/stone-phoenix.com\/wp-content\/uploads\/2023\/12\/rectangular-paving-stones-chinese-driveway-8.jpg\" alt=\"\" width=\"1398\" height=\"1302\" srcset=\"https:\/\/stone-phoenix.com\/wp-content\/uploads\/2023\/12\/rectangular-paving-stones-chinese-driveway-8.jpg 1398w, https:\/\/stone-phoenix.com\/wp-content\/uploads\/2023\/12\/rectangular-paving-stones-chinese-driveway-8-300x279.jpg 300w, https:\/\/stone-phoenix.com\/wp-content\/uploads\/2023\/12\/rectangular-paving-stones-chinese-driveway-8-1024x954.jpg 1024w, https:\/\/stone-phoenix.com\/wp-content\/uploads\/2023\/12\/rectangular-paving-stones-chinese-driveway-8-768x715.jpg 768w, https:\/\/stone-phoenix.com\/wp-content\/uploads\/2023\/12\/rectangular-paving-stones-chinese-driveway-8-13x12.jpg 13w, https:\/\/stone-phoenix.com\/wp-content\/uploads\/2023\/12\/rectangular-paving-stones-chinese-driveway-8-600x559.jpg 600w, https:\/\/stone-phoenix.com\/wp-content\/uploads\/2023\/12\/rectangular-paving-stones-chinese-driveway-8-150x140.jpg 150w\" sizes=\"(max-width: 1398px) 100vw, 1398px\" \/><img loading=\"lazy\" decoding=\"async\" class=\"alignnone size-full wp-image-27744\" src=\"http:\/\/stone-phoenix.com\/wp-content\/uploads\/2023\/12\/rectangular-paving-stones-chinese-driveway-7.jpg\" alt=\"\" width=\"1396\" height=\"1297\" srcset=\"https:\/\/stone-phoenix.com\/wp-content\/uploads\/2023\/12\/rectangular-paving-stones-chinese-driveway-7.jpg 1396w, https:\/\/stone-phoenix.com\/wp-content\/uploads\/2023\/12\/rectangular-paving-stones-chinese-driveway-7-300x279.jpg 300w, https:\/\/stone-phoenix.com\/wp-content\/uploads\/2023\/12\/rectangular-paving-stones-chinese-driveway-7-1024x951.jpg 1024w, https:\/\/stone-phoenix.com\/wp-content\/uploads\/2023\/12\/rectangular-paving-stones-chinese-driveway-7-768x714.jpg 768w, https:\/\/stone-phoenix.com\/wp-content\/uploads\/2023\/12\/rectangular-paving-stones-chinese-driveway-7-13x12.jpg 13w, https:\/\/stone-phoenix.com\/wp-content\/uploads\/2023\/12\/rectangular-paving-stones-chinese-driveway-7-600x557.jpg 600w, https:\/\/stone-phoenix.com\/wp-content\/uploads\/2023\/12\/rectangular-paving-stones-chinese-driveway-7-150x139.jpg 150w\" sizes=\"(max-width: 1396px) 100vw, 1396px\" \/><img loading=\"lazy\" decoding=\"async\" class=\"alignnone size-full wp-image-27746\" src=\"http:\/\/stone-phoenix.com\/wp-content\/uploads\/2023\/12\/rectangular-paving-stones-chinese-driveway-12.jpg\" alt=\"\" width=\"1389\" height=\"874\" srcset=\"https:\/\/stone-phoenix.com\/wp-content\/uploads\/2023\/12\/rectangular-paving-stones-chinese-driveway-12.jpg 1389w, https:\/\/stone-phoenix.com\/wp-content\/uploads\/2023\/12\/rectangular-paving-stones-chinese-driveway-12-300x189.jpg 300w, https:\/\/stone-phoenix.com\/wp-content\/uploads\/2023\/12\/rectangular-paving-stones-chinese-driveway-12-1024x644.jpg 1024w, https:\/\/stone-phoenix.com\/wp-content\/uploads\/2023\/12\/rectangular-paving-stones-chinese-driveway-12-768x483.jpg 768w, https:\/\/stone-phoenix.com\/wp-content\/uploads\/2023\/12\/rectangular-paving-stones-chinese-driveway-12-18x12.jpg 18w, https:\/\/stone-phoenix.com\/wp-content\/uploads\/2023\/12\/rectangular-paving-stones-chinese-driveway-12-600x378.jpg 600w, https:\/\/stone-phoenix.com\/wp-content\/uploads\/2023\/12\/rectangular-paving-stones-chinese-driveway-12-150x94.jpg 150w\" sizes=\"(max-width: 1389px) 100vw, 1389px\" \/><\/p>\n<p>&nbsp;<\/p>\n<\/div>\n<\/div>\n<\/div>","protected":false},"excerpt":{"rendered":"<p>rectangular paving stones chinese driveway Put all the fun back into your garden with this rectangular paving stones. This paving<\/p>","protected":false},"featured_media":27736,"template":"","meta":[],"product_cat":[112],"product_tag":[],"_links":{"self":[{"href":"https:\/\/stone-phoenix.com\/fr\/wp-json\/wp\/v2\/product\/20189"}],"collection":[{"href":"https:\/\/stone-phoenix.com\/fr\/wp-json\/wp\/v2\/product"}],"about":[{"href":"https:\/\/stone-phoenix.com\/fr\/wp-json\/wp\/v2\/types\/product"}],"wp:featuredmedia":[{"embeddable":true,"href":"https:\/\/stone-phoenix.com\/fr\/wp-json\/wp\/v2\/media\/27736"}],"wp:attachment":[{"href":"https:\/\/stone-phoenix.com\/fr\/wp-json\/wp\/v2\/media?parent=20189"}],"wp:term":[{"taxonomy":"product_cat","embeddable":true,"href":"https:\/\/stone-phoenix.com\/fr\/wp-json\/wp\/v2\/product_cat?post=20189"},{"taxonomy":"product_tag","embeddable":true,"href":"https:\/\/stone-phoenix.com\/fr\/wp-json\/wp\/v2\/product_tag?post=20189"}],"curies":[{"name":"wp","href":"https:\/\/api.w.org\/{rel}","templated":true}]}}