{"id":20211,"date":"2023-12-29T20:05:15","date_gmt":"2023-12-29T12:05:15","guid":{"rendered":"http:\/\/stone-phoenix.com\/product\/black-granite-wholesale-diamond-fall"},"modified":"2024-04-12T10:44:56","modified_gmt":"2024-04-12T02:44:56","slug":"black-granite-wholesale-diamond-fall","status":"publish","type":"product","link":"https:\/\/stone-phoenix.com\/fr\/produit\/black-granite-wholesale-diamond-fall","title":{"rendered":"Granit noir en gros Diamond Fall"},"content":{"rendered":"<div id=\"tab-description\" class=\"woocommerce-Tabs-panel woocommerce-Tabs-panel--description panel entry-content wc-tab\" role=\"tabpanel\" aria-labelledby=\"tab-title-description\">\n<h2>granit noir diamant en gros<\/h2>\n<p>Le granit noir est un mat\u00e9riau populaire utilis\u00e9 dans la construction et la d\u00e9coration int\u00e9rieure en raison de sa durabilit\u00e9, de son \u00e9l\u00e9gance et de son attrait intemporel. Il s'agit d'un type de roche ign\u00e9e principalement compos\u00e9e de min\u00e9raux tels que le feldspath, le quartz et le mica. Il est connu pour sa couleur noire ou gris fonc\u00e9 avec des mouchetures de blanc, d'argent ou d'or. La vente en gros de granit noir fait r\u00e9f\u00e9rence \u00e0 l'achat de grandes quantit\u00e9s de granit noir aupr\u00e8s de fournisseurs pour la revente \u00e0 des entrepreneurs, des constructeurs et des concepteurs.<\/p>\n<p>Les grossistes en granit noir travaillent g\u00e9n\u00e9ralement avec des carri\u00e8res et des fabricants pour s'approvisionner en mat\u00e9riau \u00e0 moindre co\u00fbt et le vendre ensuite \u00e0 leurs clients \u00e0 un prix comp\u00e9titif. Le processus de vente en gros de granit noir consiste \u00e0 acheter de grandes quantit\u00e9s de dalles ou de carreaux \u00e0 la carri\u00e8re ou au fabricant, puis \u00e0 les stocker dans un entrep\u00f4t jusqu'\u00e0 ce qu'ils soient pr\u00eats \u00e0 \u00eatre exp\u00e9di\u00e9s aux clients.<\/p>\n<p>L'un des avantages de l'achat en gros de granit noir est qu'il permet aux entrepreneurs et aux constructeurs d'\u00e9conomiser une somme d'argent consid\u00e9rable. Les prix de gros sont g\u00e9n\u00e9ralement inf\u00e9rieurs aux prix de d\u00e9tail, et en achetant en gros, les clients peuvent encore r\u00e9duire leurs co\u00fbts. En outre, le fait de travailler avec un fournisseur de gros r\u00e9put\u00e9 garantit que la qualit\u00e9 du granit noir est constante et fiable, ce qui permet d'\u00e9viter tout probl\u00e8me au cours du processus de construction.<\/p>\n<p>La vente en gros de granit noir est \u00e9galement une option int\u00e9ressante pour les d\u00e9corateurs d'int\u00e9rieur et les propri\u00e9taires qui souhaitent int\u00e9grer l'aspect \u00e9l\u00e9gant et intemporel du granit noir dans leurs cr\u00e9ations. En achetant aupr\u00e8s d'un grossiste, ils ont acc\u00e8s \u00e0 un plus large \u00e9ventail d'options en termes de couleur, de finition et de texture. Par exemple, ils peuvent trouver des motifs ou des variations uniques dans le granit noir qui ne sont pas disponibles dans les magasins de d\u00e9tail.<\/p>\n<p>Lors de la s\u00e9lection d'un fournisseur de granit noir en gros, il est important de choisir une entreprise r\u00e9put\u00e9e et exp\u00e9riment\u00e9e, ayant une solide exp\u00e9rience dans le secteur. Cela permet de s'assurer que la qualit\u00e9 du granit noir est constante et fiable, et que le processus de livraison est efficace et rapide. En faisant quelques recherches et en travaillant avec un fournisseur de confiance, les clients peuvent profiter des nombreux avantages du granit noir en gros, notamment des \u00e9conomies et une plus grande vari\u00e9t\u00e9 d'options de conception.<\/p>\n<div id=\"ali-anchor-AliPostDhMb-x3f13\" style=\"padding-top: 8px;\" data-section=\"AliPostDhMb-x3f13\" data-section-title=\"Product Description\">\n<div id=\"ali-title-AliPostDhMb-x3f13\" style=\"padding: 8px 0; border-bottom: 1px solid #ddd;\"><span style=\"background-color: #ddd; color: #333; font-weight: bold; padding: 8px 10px; line-height: 12px;\">Description du produit<\/span><\/div>\n<div style=\"padding: 10px 0;\"><\/div>\n<div style=\"padding: 10px 0;\">\n<table class=\"aliDataTable\" style=\"color: #000000; font-family: Arial; font-size: 12px; font-style: normal; font-weight: 400; background-color: #ffffff; width: 700px; height: 226px; border: 1px solid #b3b3b3;\">\n<tbody>\n<tr>\n<td style=\"border: 1px solid #707070; width: 156px;\"><strong><span style=\"font-family: arial, helvetica, sans-serif; font-size: 14px;\">Nom du produit :<\/span><\/strong><\/td>\n<td style=\"border: 1px solid #707070; width: 557px;\"><span style=\"font-family: arial, helvetica, sans-serif;\"><span style=\"font-size: 14px;\">Ranite noire<\/span><\/span><\/td>\n<\/tr>\n<tr>\n<td style=\"border: 1px solid #707070; width: 156px;\"><strong><span style=\"font-family: arial, helvetica, sans-serif; font-size: 14px;\">Mat\u00e9riau :<\/span><\/strong><\/td>\n<td style=\"border: 1px solid #707070; width: 557px;\"><span style=\"font-size: 14px;\">Ranite noire<\/span><\/td>\n<\/tr>\n<tr>\n<td style=\"border: 1px solid #707070; width: 156px;\"><strong><span style=\"font-family: arial, helvetica, sans-serif; font-size: 14px;\">Couleur :<\/span><\/strong><\/td>\n<td style=\"border: 1px solid #707070; width: 557px;\"><span style=\"font-family: arial, helvetica, sans-serif;\"><span style=\"font-size: 14px;\">Noir\u00a0<\/span><\/span><\/td>\n<\/tr>\n<tr>\n<td style=\"border: 1px solid #707070; width: 156px;\" rowspan=\"3\"><strong><span style=\"font-family: arial, helvetica, sans-serif; font-size: 14px;\">Taille :<\/span><\/strong><\/td>\n<td style=\"border: 1px solid #707070; width: 557px;\"><span style=\"text-decoration: underline;\"><span style=\"font-size: 14px;\">Carreaux disponibles <\/span><\/span><br \/>\n<span style=\"font-size: 14px;\">12\u2019x12\u2033,24\u2019x24\u2033,12\u2019x24\u2033,etc <\/span><span style=\"font-size: 14px;\">300x300mm,300x600mm,400x400mm,600x600mm,etc<\/span><\/td>\n<\/tr>\n<tr>\n<td style=\"border: 1px solid #707070; width: 557px;\"><span style=\"text-decoration: underline;\"><span style=\"font-size: 14px;\">Dalles disponibles <\/span><\/span><\/p>\n<p><span style=\"font-size: 14px;\">180cmUpx60UP,180cmUpx65cmUP,180cmUpx70cmUP,etc<\/span><br \/>\n<span style=\"font-size: 14px;\">240cmUpx120cmUP,etc<\/span><\/td>\n<\/tr>\n<tr>\n<td style=\"border: 1px solid #707070; width: 557px;\"><span style=\"font-family: arial, helvetica, sans-serif; font-size: 14px;\">Des sp\u00e9cifications personnalis\u00e9es sont disponibles<\/span><\/td>\n<\/tr>\n<tr>\n<td style=\"border: 1px solid #707070; width: 156px;\"><strong><span style=\"font-family: arial, helvetica, sans-serif; font-size: 14px;\">Tol\u00e9rance d'\u00e9paisseur :<\/span><\/strong><\/td>\n<td style=\"border: 1px solid #707070; width: 557px;\"><span style=\"font-family: arial, helvetica, sans-serif; font-size: 14px;\">\u00b10,05mm, \u00b11mm, \u00b11,5mm, \u00b12mm, selon les exigences de qualit\u00e9 du client<\/span><\/td>\n<\/tr>\n<tr>\n<td style=\"border: 1px solid #707070; width: 156px;\"><strong><span style=\"font-family: arial, helvetica, sans-serif; font-size: 14px;\">Surface :<\/span><\/strong><\/td>\n<td style=\"border: 1px solid #707070; width: 557px;\"><span style=\"font-family: arial, helvetica, sans-serif; font-size: 14px;\">Poli, adouci, flamm\u00e9, sabl\u00e9, bouchard\u00e9<span style=\"font-size: 14px;\">ed, antique,<\/span>fendu naturel, flamm\u00e9 et bross\u00e9,<\/span><span style=\"font-size: 14px;\">etc.<\/span><\/td>\n<\/tr>\n<tr>\n<td style=\"border: 1px solid #707070; width: 156px;\"><strong><span style=\"font-family: arial, helvetica, sans-serif; font-size: 14px;\">Emballage :<\/span><\/strong><\/td>\n<td style=\"border: 1px solid #707070; width: 557px;\"><span style=\"font-size: 14px;\">Palettes en bois en \u00e9tat de navigabilit\u00e9, fardeaux en bois et caisses en bois<\/span><\/td>\n<\/tr>\n<tr>\n<td style=\"border: 1px solid #707070; width: 156px;\"><strong><span style=\"font-family: arial, helvetica, sans-serif; font-size: 14px;\">Application :<\/span><\/strong><\/td>\n<td style=\"border: 1px solid #707070; width: 557px;\"><span style=\"font-family: arial, helvetica, sans-serif; font-size: 14px;\">Sol, mur, motif, comptoir, d\u00e9coration int\u00e9rieure et ext\u00e9rieure<\/span><\/td>\n<\/tr>\n<tr>\n<td style=\"border: 1px solid #707070; width: 156px;\"><strong><span style=\"font-family: arial, helvetica, sans-serif; font-size: 14px;\">D\u00e9lai de livraison :<\/span><\/strong><\/td>\n<td style=\"border: 1px solid #707070; width: 557px;\"><span style=\"font-size: 14px;\">15-20 jours pour l'enregistrement<\/span><span style=\"font-family: arial, helvetica, sans-serif; font-size: 14px;\">tailles lar<\/span><\/td>\n<\/tr>\n<tr>\n<td style=\"border: 1px solid #707070; width: 156px;\"><strong><span style=\"font-family: arial, helvetica, sans-serif; font-size: 14px;\">Certificat :<\/span><\/strong><\/td>\n<td style=\"border: 1px solid #707070; width: 557px;\"><span style=\"font-family: arial, helvetica, sans-serif; font-size: 14px;\">CE, SGS<\/span><\/td>\n<\/tr>\n<tr>\n<td style=\"border: 1px solid #707070; width: 156px;\"><strong><span style=\"font-family: arial, helvetica, sans-serif; font-size: 14px;\">Conditions de paiement :<\/span><\/strong><\/td>\n<td style=\"border: 1px solid #707070; width: 557px;\"><span style=\"font-size: 14px;\">T\/T, L\/C, D<span style=\"color: #000000; font-family: Verdana, Arial, Helvetica, sans-serif; font-size: 14px; font-style: normal; font-weight: 400; background-color: #ffffff; float: none;\">\/<\/span>P<\/span><\/td>\n<\/tr>\n<tr>\n<td style=\"border: 1px solid #707070; width: 156px;\"><strong><span style=\"font-family: arial, helvetica, sans-serif; font-size: 14px;\">Avantage :<\/span><\/strong><\/td>\n<td style=\"border: 1px solid #707070; width: 557px;\"><span style=\"font-family: arial, helvetica, sans-serif; font-size: 14px;\">1) Service unique pour la pierre ;<\/span><\/p>\n<p><span style=\"font-family: arial, helvetica, sans-serif; font-size: 14px;\">2) poss\u00e8dent 3 carri\u00e8res et 9 usines ;<\/span><\/p>\n<p><span style=\"font-family: arial, helvetica, sans-serif; font-size: 14px;\">3) Des supports technologiques de pointe.<\/span><\/td>\n<\/tr>\n<tr>\n<td style=\"border: 1px solid #707070; width: 156px;\"><strong><span style=\"font-family: arial, helvetica, sans-serif; font-size: 14px;\">Assurance de la qualit\u00e9 et de la livraison :\u00a0<\/span><\/strong><\/td>\n<td style=\"border: 1px solid #707070; width: 557px;\"><span style=\"font-size: 14px;\">Tout au long du processus de production, du choix des mat\u00e9riaux \u00e0 l'emballage en passant par la fabrication, notre service de contr\u00f4le de la qualit\u00e9 contr\u00f4le rigoureusement chaque pi\u00e8ce et chaque processus afin de garantir le respect des normes de qualit\u00e9 et le respect des d\u00e9lais de livraison.<\/span><\/td>\n<\/tr>\n<\/tbody>\n<\/table>\n<p><img loading=\"lazy\" decoding=\"async\" class=\"alignnone size-full wp-image-27713\" src=\"http:\/\/stone-phoenix.com\/wp-content\/uploads\/2023\/12\/Black-Granite-wholesale-Diamond-Fall-9.jpg\" alt=\"\" width=\"1096\" height=\"741\" srcset=\"https:\/\/stone-phoenix.com\/wp-content\/uploads\/2023\/12\/Black-Granite-wholesale-Diamond-Fall-9.jpg 1096w, https:\/\/stone-phoenix.com\/wp-content\/uploads\/2023\/12\/Black-Granite-wholesale-Diamond-Fall-9-300x203.jpg 300w, https:\/\/stone-phoenix.com\/wp-content\/uploads\/2023\/12\/Black-Granite-wholesale-Diamond-Fall-9-1024x692.jpg 1024w, https:\/\/stone-phoenix.com\/wp-content\/uploads\/2023\/12\/Black-Granite-wholesale-Diamond-Fall-9-768x519.jpg 768w, https:\/\/stone-phoenix.com\/wp-content\/uploads\/2023\/12\/Black-Granite-wholesale-Diamond-Fall-9-18x12.jpg 18w, https:\/\/stone-phoenix.com\/wp-content\/uploads\/2023\/12\/Black-Granite-wholesale-Diamond-Fall-9-600x406.jpg 600w, https:\/\/stone-phoenix.com\/wp-content\/uploads\/2023\/12\/Black-Granite-wholesale-Diamond-Fall-9-150x101.jpg 150w\" sizes=\"(max-width: 1096px) 100vw, 1096px\" \/><img loading=\"lazy\" decoding=\"async\" class=\"alignnone size-full wp-image-27714\" src=\"http:\/\/stone-phoenix.com\/wp-content\/uploads\/2023\/12\/Black-Granite-wholesale-Diamond-Fall-6.jpg\" alt=\"\" width=\"1119\" height=\"796\" srcset=\"https:\/\/stone-phoenix.com\/wp-content\/uploads\/2023\/12\/Black-Granite-wholesale-Diamond-Fall-6.jpg 1119w, https:\/\/stone-phoenix.com\/wp-content\/uploads\/2023\/12\/Black-Granite-wholesale-Diamond-Fall-6-300x213.jpg 300w, https:\/\/stone-phoenix.com\/wp-content\/uploads\/2023\/12\/Black-Granite-wholesale-Diamond-Fall-6-1024x728.jpg 1024w, https:\/\/stone-phoenix.com\/wp-content\/uploads\/2023\/12\/Black-Granite-wholesale-Diamond-Fall-6-768x546.jpg 768w, https:\/\/stone-phoenix.com\/wp-content\/uploads\/2023\/12\/Black-Granite-wholesale-Diamond-Fall-6-18x12.jpg 18w, https:\/\/stone-phoenix.com\/wp-content\/uploads\/2023\/12\/Black-Granite-wholesale-Diamond-Fall-6-600x427.jpg 600w, https:\/\/stone-phoenix.com\/wp-content\/uploads\/2023\/12\/Black-Granite-wholesale-Diamond-Fall-6-150x107.jpg 150w\" sizes=\"(max-width: 1119px) 100vw, 1119px\" \/><img loading=\"lazy\" decoding=\"async\" class=\"alignnone  wp-image-27715\" src=\"http:\/\/stone-phoenix.com\/wp-content\/uploads\/2023\/12\/Black-Granite-wholesale-Diamond-Fall-7.jpg\" alt=\"\" width=\"958\" height=\"1172\" srcset=\"https:\/\/stone-phoenix.com\/wp-content\/uploads\/2023\/12\/Black-Granite-wholesale-Diamond-Fall-7.jpg 721w, https:\/\/stone-phoenix.com\/wp-content\/uploads\/2023\/12\/Black-Granite-wholesale-Diamond-Fall-7-245x300.jpg 245w, https:\/\/stone-phoenix.com\/wp-content\/uploads\/2023\/12\/Black-Granite-wholesale-Diamond-Fall-7-10x12.jpg 10w, https:\/\/stone-phoenix.com\/wp-content\/uploads\/2023\/12\/Black-Granite-wholesale-Diamond-Fall-7-600x734.jpg 600w, https:\/\/stone-phoenix.com\/wp-content\/uploads\/2023\/12\/Black-Granite-wholesale-Diamond-Fall-7-150x183.jpg 150w\" sizes=\"(max-width: 958px) 100vw, 958px\" \/><\/p>\n<\/div>\n<\/div>\n<\/div>","protected":false},"excerpt":{"rendered":"<p>black granite wholesale diamond fall Black granite is a popular material used in construction and interior design due to its<\/p>","protected":false},"featured_media":27708,"template":"","meta":[],"product_cat":[112],"product_tag":[],"_links":{"self":[{"href":"https:\/\/stone-phoenix.com\/fr\/wp-json\/wp\/v2\/product\/20211"}],"collection":[{"href":"https:\/\/stone-phoenix.com\/fr\/wp-json\/wp\/v2\/product"}],"about":[{"href":"https:\/\/stone-phoenix.com\/fr\/wp-json\/wp\/v2\/types\/product"}],"wp:featuredmedia":[{"embeddable":true,"href":"https:\/\/stone-phoenix.com\/fr\/wp-json\/wp\/v2\/media\/27708"}],"wp:attachment":[{"href":"https:\/\/stone-phoenix.com\/fr\/wp-json\/wp\/v2\/media?parent=20211"}],"wp:term":[{"taxonomy":"product_cat","embeddable":true,"href":"https:\/\/stone-phoenix.com\/fr\/wp-json\/wp\/v2\/product_cat?post=20211"},{"taxonomy":"product_tag","embeddable":true,"href":"https:\/\/stone-phoenix.com\/fr\/wp-json\/wp\/v2\/product_tag?post=20211"}],"curies":[{"name":"wp","href":"https:\/\/api.w.org\/{rel}","templated":true}]}}