{"id":20230,"date":"2023-12-29T20:05:50","date_gmt":"2023-12-29T12:05:50","guid":{"rendered":"http:\/\/stone-phoenix.com\/product\/cobble-stone-maker-zp-black-basalt"},"modified":"2024-04-11T23:20:31","modified_gmt":"2024-04-11T15:20:31","slug":"cobble-stone-maker-zp-black-basalt","status":"publish","type":"product","link":"https:\/\/stone-phoenix.com\/fr\/produit\/cobble-stone-maker-zp-black-basalt","title":{"rendered":"fabricant de galets Zp Black Basalt"},"content":{"rendered":"<div id=\"tab-description\" class=\"woocommerce-Tabs-panel woocommerce-Tabs-panel--description panel entry-content wc-tab\" role=\"tabpanel\" aria-labelledby=\"tab-title-description\">\n<div id=\"ali-anchor-AliPostDhMb-10ic2\" style=\"padding-top: 8px;\" data-section=\"AliPostDhMb-10ic2\" data-section-title=\"Product Description\">\n<div>\n<p>fabricant de galets Zp Black Basalt<\/p>\n<p>fabricant de galets ,t<span style=\"font-size: 16px;\">e processus de fabrication des pav\u00e9s consiste \u00e0 fa\u00e7onner et \u00e0 lisser les mati\u00e8res premi\u00e8res pour leur donner la forme et la taille souhait\u00e9es. Cette op\u00e9ration peut \u00eatre r\u00e9alis\u00e9e manuellement ou \u00e0 l'aide de machines. Dans le pass\u00e9, les pav\u00e9s \u00e9taient g\u00e9n\u00e9ralement fabriqu\u00e9s \u00e0 la main, \u00e0 l'aide de marteaux et de ciseaux pour fa\u00e7onner les pierres. Toutefois, les fabricants de pav\u00e9s modernes utilisent des \u00e9quipements sp\u00e9cialis\u00e9s pour acc\u00e9l\u00e9rer le processus de production et produire des pav\u00e9s de qualit\u00e9 constante.<\/span><\/p>\n<p>Il existe plusieurs types de machines \u00e0 fabriquer des pav\u00e9s sur le march\u00e9, chacune ayant ses propres caract\u00e9ristiques et capacit\u00e9s. Certains fabricants de pav\u00e9s utilisent des moules ou des gabarits pour cr\u00e9er des pav\u00e9s de formes et de tailles sp\u00e9cifiques, tandis que d'autres utilisent des machines automatis\u00e9es pour couper et fa\u00e7onner les pierres. Certains fabricants de pav\u00e9s int\u00e8grent \u00e9galement des \u00e9l\u00e9ments tels que des chauffages ou des chambres de durcissement pour durcir et sceller les pav\u00e9s, am\u00e9liorant ainsi leur durabilit\u00e9 et leur dur\u00e9e de vie.<\/p>\n<p>Les fabricants de pav\u00e9s sont utilis\u00e9s dans divers contextes, notamment sur les chantiers de construction, dans le cadre de projets d'am\u00e9nagement paysager et m\u00eame dans le cadre de projets d'am\u00e9lioration de l'habitat. Ils peuvent \u00eatre utilis\u00e9s pour cr\u00e9er des all\u00e9es, des voies d'acc\u00e8s, des patios et d'autres surfaces ext\u00e9rieures en pav\u00e9s, ajoutant un \u00e9l\u00e9ment d\u00e9coratif et fonctionnel \u00e0 n'importe quel espace.<\/p>\n<p>Outre leurs applications pratiques, les machines \u00e0 fabriquer des pav\u00e9s peuvent \u00e9galement \u00eatre utilis\u00e9es pour cr\u00e9er des \u0153uvres d'art uniques et d\u00e9coratives. Certains artistes et artisans utilisent les machines \u00e0 fabriquer des pav\u00e9s pour cr\u00e9er des sculptures, des mosa\u00efques et d'autres \u0153uvres artistiques en utilisant les pav\u00e9s comme mat\u00e9riau principal.<\/p>\n<p>Dans l'ensemble, les machines \u00e0 fabriquer des pav\u00e9s sont des outils utiles et polyvalents qui permettent de cr\u00e9er des pav\u00e9s de haute qualit\u00e9 pour une vari\u00e9t\u00e9 d'applications. Que vous soyez entrepreneur, paysagiste ou bricoleur, une machine \u00e0 fabriquer des pav\u00e9s peut vous aider \u00e0 cr\u00e9er des surfaces de pav\u00e9s belles et fonctionnelles pour vos projets.<\/p>\n<\/div>\n<div id=\"ali-title-AliPostDhMb-10ic2\" style=\"padding: 8px 0; border-bottom: 1px solid #ddd;\"><span style=\"background-color: #ddd; color: #333; font-weight: bold; padding: 8px 10px; line-height: 12px;\">Description du produit<\/span><\/div>\n<div style=\"padding: 10px 0;\">\n<table class=\"aliDataTable\" style=\"color: #000000; font-family: Arial; font-size: 12px; font-style: normal; font-weight: 400; background-color: #ffffff; width: 750px; height: 226px; border: 1px solid #b3b3b3;\">\n<tbody>\n<tr style=\"height: 42px;\">\n<td style=\"border: 1px solid #b3b3b3; width: 162px; height: 42px;\"><strong><span style=\"font-family: arial, helvetica, sans-serif; font-size: 14px;\">Nom du produit :<\/span><\/strong><\/td>\n<td style=\"border: 1px solid #b3b3b3; width: 595.066px; height: 42px;\"><span style=\"font-family: arial, helvetica, sans-serif; font-size: 14px;\">Divers pav\u00e9s en granit<\/span><\/td>\n<\/tr>\n<tr style=\"height: 21px;\">\n<td style=\"border: 1px solid #b3b3b3; width: 162px; height: 21px;\"><strong><span style=\"font-family: arial, helvetica, sans-serif; font-size: 14px;\">Mat\u00e9riau :<\/span><\/strong><\/td>\n<td style=\"border: 1px solid #b3b3b3; width: 595.066px; height: 21px;\"><span style=\"font-family: arial, helvetica, sans-serif; font-size: 14px;\">Granit G562, granit G603, granit G654, granit G682, granit G684, etc.<\/span><\/td>\n<\/tr>\n<tr style=\"height: 44px;\">\n<td style=\"border: 1px solid #b3b3b3; width: 162px; height: 65px;\" rowspan=\"2\">\n<p style=\"margin: 0px; padding: 0px;\"><strong><span style=\"font-family: arial, helvetica, sans-serif; font-size: 14px;\">Taille :<\/span><\/strong><\/p>\n<\/td>\n<td style=\"border: 1px solid #b3b3b3; width: 595.066px; height: 44px;\"><span style=\"font-size: 14px;\">Tailles<\/span><br \/>\n<span style=\"font-size: 14px;\">5X5X5CM,8X8X8CM,9X9X9CM,10X10X10CM,10x10x5cm,<\/span><\/p>\n<p><span style=\"font-size: 14px;\">10x20x5cm,9.5\u00d79.5x4CM,19.5\u00d719.5x4CM,22X11X5CM,<\/span><\/p>\n<p><span style=\"font-size: 14px;\">16.5X11.5X5CM,19.7X19.7X8CM,14.5X14.5X8CM,16X16X16CM,<\/span><\/p>\n<p><span style=\"font-size: 14px;\">22X16X16CM,27x18x9cm,18x18x9cm,18x18x18CM <\/span><\/p>\n<p><span style=\"font-size: 14px;\">ou sur mesure<\/span><\/td>\n<\/tr>\n<tr style=\"height: 21px;\">\n<td style=\"border: 1px solid #b3b3b3; width: 595.066px; height: 21px;\"><span style=\"font-family: arial, helvetica, sans-serif; font-size: 14px;\">Des sp\u00e9cifications personnalis\u00e9es sont disponibles<\/span><\/td>\n<\/tr>\n<tr style=\"height: 42px;\">\n<td style=\"border: 1px solid #b3b3b3; width: 162px; height: 42px;\"><strong><span style=\"font-family: arial, helvetica, sans-serif; font-size: 14px;\">Tol\u00e9rance d'\u00e9paisseur :<\/span><\/strong><\/td>\n<td style=\"border: 1px solid #b3b3b3; width: 595.066px; height: 42px;\"><span style=\"font-size: 14px; font-family: arial, helvetica, sans-serif;\">\u00b11mm, \u00b11,5mm, \u00b12mm, selon les exigences de qualit\u00e9 du client<\/span><\/td>\n<\/tr>\n<tr style=\"height: 126px;\">\n<td style=\"border: 1px solid #b3b3b3; width: 162px; height: 126px;\">\n<p style=\"margin: 0px; padding: 0px;\"><strong><span style=\"font-family: arial, helvetica, sans-serif; font-size: 14px;\">Surface :<\/span><\/strong><\/p>\n<\/td>\n<td style=\"border: 1px solid #b3b3b3; width: 595.066px; height: 126px;\"><span style=\"font-size: 14px;\">Finition<\/span><br \/>\n<span style=\"font-size: 14px;\">a. Fente naturelle sur tous les c\u00f4t\u00e9s<\/span><br \/>\n<span style=\"font-size: 14px;\">b. Toutes les faces sont sci\u00e9es<\/span><br \/>\n<span style=\"font-size: 14px;\">c. 5 c\u00f4t\u00e9s coup\u00e9s \u00e0 la scie, surface fendue naturellement<\/span><br \/>\n<span style=\"font-size: 14px;\">d. 5 faces coup\u00e9es \u00e0 la scie, surface flamm\u00e9e<\/span><br \/>\n<span style=\"font-size: 14px;\">e. 4 c\u00f4t\u00e9s coup\u00e9s \u00e0 la scie, fendu naturel en haut, tambourin\u00e9, dos en maille\u00a0<\/span><\/td>\n<\/tr>\n<tr style=\"height: 21px;\">\n<td style=\"border: 1px solid #b3b3b3; width: 162px; height: 21px;\"><strong><span style=\"font-family: arial, helvetica, sans-serif; font-size: 14px;\">Emballage :<\/span><\/strong><\/td>\n<td style=\"border: 1px solid #b3b3b3; width: 595.066px; height: 21px;\"><span style=\"font-family: arial, helvetica, sans-serif; font-size: 14px;\">Fardeaux et caisses en bois en \u00e9tat de navigabilit\u00e9<\/span><\/td>\n<\/tr>\n<tr style=\"height: 21px;\">\n<td style=\"border: 1px solid #b3b3b3; width: 162px; height: 21px;\"><strong><span style=\"font-family: arial, helvetica, sans-serif; font-size: 14px;\">Application :<\/span><\/strong><\/td>\n<td style=\"border: 1px solid #b3b3b3; width: 595.066px; height: 21px;\"><span style=\"font-family: arial, helvetica, sans-serif; font-size: 14px;\">Largement utilis\u00e9 pour la d\u00e9coration int\u00e9rieure et ext\u00e9rieure<\/span><\/td>\n<\/tr>\n<tr style=\"height: 42px;\">\n<td style=\"border: 1px solid #b3b3b3; width: 162px; height: 42px;\"><strong><span style=\"font-family: arial, helvetica, sans-serif; font-size: 14px;\">D\u00e9lai de livraison :<\/span><\/strong><\/td>\n<td style=\"border: 1px solid #b3b3b3; width: 595.066px; height: 42px;\"><span style=\"font-family: arial, helvetica, sans-serif; font-size: 14px;\">15-20 jours pour les tailles normales<\/span><\/td>\n<\/tr>\n<tr style=\"height: 21px;\">\n<td style=\"border: 1px solid #b3b3b3; width: 162px; height: 21px;\">\n<p style=\"margin: 0px; padding: 0px;\"><strong><span style=\"font-family: arial, helvetica, sans-serif; font-size: 14px;\">Certificat :<\/span><\/strong><\/p>\n<\/td>\n<td style=\"border: 1px solid #b3b3b3; width: 595.066px; height: 21px;\"><span style=\"font-family: arial, helvetica, sans-serif; font-size: 14px;\">CE, SGS<\/span><\/td>\n<\/tr>\n<tr style=\"height: 42px;\">\n<td style=\"border: 1px solid #b3b3b3; width: 162px; height: 42px;\">\n<p style=\"margin: 0px; padding: 0px;\"><strong><span style=\"font-family: arial, helvetica, sans-serif; font-size: 14px;\">Conditions de paiement :<\/span><\/strong><\/p>\n<\/td>\n<td style=\"border: 1px solid #b3b3b3; width: 595.066px; height: 42px;\"><span style=\"font-family: arial, helvetica, sans-serif; font-size: 14px;\">T\/T, L\/C, D\/P<\/span><\/td>\n<\/tr>\n<tr style=\"height: 63px;\">\n<td style=\"border: 1px solid #b3b3b3; width: 162px; height: 63px;\"><strong><span style=\"font-family: arial, helvetica, sans-serif; font-size: 14px;\">Avantage :<\/span><\/strong><\/td>\n<td style=\"border: 1px solid #b3b3b3; width: 595.066px; height: 63px;\">\n<p style=\"margin: 0px; padding: 0px;\"><span style=\"font-family: arial, helvetica, sans-serif; font-size: 14px;\">1) Service unique pour la pierre ;<\/span><\/p>\n<p style=\"margin: 0px; padding: 0px;\"><span style=\"font-family: arial, helvetica, sans-serif; font-size: 14px;\">2) Poss\u00e9der 3 carri\u00e8res et 9 usines ;<\/span><\/p>\n<p style=\"margin: 0px; padding: 0px;\"><span style=\"font-family: arial, helvetica, sans-serif; font-size: 14px;\">3) Soutien \u00e0 la conception et \u00e0 la technologie.<\/span><\/p>\n<\/td>\n<\/tr>\n<tr style=\"height: 84px;\">\n<td style=\"border: 1px solid #b3b3b3; width: 162px; height: 84px;\"><strong><span style=\"font-family: arial, helvetica, sans-serif; font-size: 14px;\">Assurance de la qualit\u00e9 et de la livraison :\u00a0<\/span><\/strong><\/td>\n<td style=\"border: 1px solid #b3b3b3; width: 595.066px; height: 84px;\">\n<p style=\"margin: 0px; padding: 0px;\"><span style=\"font-family: arial, helvetica, sans-serif; font-size: 14px;\">Tout au long du processus de production, du choix des mat\u00e9riaux \u00e0 l'emballage en passant par la fabrication, notre service de contr\u00f4le de la qualit\u00e9 contr\u00f4le rigoureusement chaque pi\u00e8ce et chaque processus afin de garantir le respect des normes de qualit\u00e9 et le respect des d\u00e9lais de livraison.<\/span><\/p>\n<\/td>\n<\/tr>\n<\/tbody>\n<\/table>\n<p><img loading=\"lazy\" decoding=\"async\" class=\"alignnone size-full wp-image-27684\" src=\"http:\/\/stone-phoenix.com\/wp-content\/uploads\/2023\/12\/cobble-stone-maker-Zp-Black-Basalt-8.jpg\" alt=\"\" width=\"1120\" height=\"1008\" srcset=\"https:\/\/stone-phoenix.com\/wp-content\/uploads\/2023\/12\/cobble-stone-maker-Zp-Black-Basalt-8.jpg 1120w, https:\/\/stone-phoenix.com\/wp-content\/uploads\/2023\/12\/cobble-stone-maker-Zp-Black-Basalt-8-300x270.jpg 300w, https:\/\/stone-phoenix.com\/wp-content\/uploads\/2023\/12\/cobble-stone-maker-Zp-Black-Basalt-8-1024x922.jpg 1024w, https:\/\/stone-phoenix.com\/wp-content\/uploads\/2023\/12\/cobble-stone-maker-Zp-Black-Basalt-8-768x691.jpg 768w, https:\/\/stone-phoenix.com\/wp-content\/uploads\/2023\/12\/cobble-stone-maker-Zp-Black-Basalt-8-13x12.jpg 13w, https:\/\/stone-phoenix.com\/wp-content\/uploads\/2023\/12\/cobble-stone-maker-Zp-Black-Basalt-8-600x540.jpg 600w, https:\/\/stone-phoenix.com\/wp-content\/uploads\/2023\/12\/cobble-stone-maker-Zp-Black-Basalt-8-150x135.jpg 150w\" sizes=\"(max-width: 1120px) 100vw, 1120px\" \/><img loading=\"lazy\" decoding=\"async\" class=\"alignnone size-full wp-image-27685\" src=\"http:\/\/stone-phoenix.com\/wp-content\/uploads\/2023\/12\/cobble-stone-maker-Zp-Black-Basalt-9.jpg\" alt=\"\" width=\"976\" height=\"1002\" srcset=\"https:\/\/stone-phoenix.com\/wp-content\/uploads\/2023\/12\/cobble-stone-maker-Zp-Black-Basalt-9.jpg 976w, https:\/\/stone-phoenix.com\/wp-content\/uploads\/2023\/12\/cobble-stone-maker-Zp-Black-Basalt-9-292x300.jpg 292w, https:\/\/stone-phoenix.com\/wp-content\/uploads\/2023\/12\/cobble-stone-maker-Zp-Black-Basalt-9-768x788.jpg 768w, https:\/\/stone-phoenix.com\/wp-content\/uploads\/2023\/12\/cobble-stone-maker-Zp-Black-Basalt-9-12x12.jpg 12w, https:\/\/stone-phoenix.com\/wp-content\/uploads\/2023\/12\/cobble-stone-maker-Zp-Black-Basalt-9-600x616.jpg 600w, https:\/\/stone-phoenix.com\/wp-content\/uploads\/2023\/12\/cobble-stone-maker-Zp-Black-Basalt-9-150x154.jpg 150w\" sizes=\"(max-width: 976px) 100vw, 976px\" \/>&nbsp;<\/p>\n<\/div>\n<\/div>\n<\/div>","protected":false},"excerpt":{"rendered":"<p>cobble stone maker Zp Black Basalt cobble stone maker ,the process of making cobblestones involves shaping and smoothing the raw<\/p>","protected":false},"featured_media":27679,"template":"","meta":[],"product_cat":[112],"product_tag":[],"_links":{"self":[{"href":"https:\/\/stone-phoenix.com\/fr\/wp-json\/wp\/v2\/product\/20230"}],"collection":[{"href":"https:\/\/stone-phoenix.com\/fr\/wp-json\/wp\/v2\/product"}],"about":[{"href":"https:\/\/stone-phoenix.com\/fr\/wp-json\/wp\/v2\/types\/product"}],"wp:featuredmedia":[{"embeddable":true,"href":"https:\/\/stone-phoenix.com\/fr\/wp-json\/wp\/v2\/media\/27679"}],"wp:attachment":[{"href":"https:\/\/stone-phoenix.com\/fr\/wp-json\/wp\/v2\/media?parent=20230"}],"wp:term":[{"taxonomy":"product_cat","embeddable":true,"href":"https:\/\/stone-phoenix.com\/fr\/wp-json\/wp\/v2\/product_cat?post=20230"},{"taxonomy":"product_tag","embeddable":true,"href":"https:\/\/stone-phoenix.com\/fr\/wp-json\/wp\/v2\/product_tag?post=20230"}],"curies":[{"name":"wp","href":"https:\/\/api.w.org\/{rel}","templated":true}]}}