{"id":20234,"date":"2023-12-29T20:05:57","date_gmt":"2023-12-29T12:05:57","guid":{"rendered":"http:\/\/stone-phoenix.com\/product\/granite-manufacturer-cheap-diamond-fall-granite"},"modified":"2024-04-11T23:06:37","modified_gmt":"2024-04-11T15:06:37","slug":"granite-manufacturer-cheap-diamond-fall-granite","status":"publish","type":"product","link":"https:\/\/stone-phoenix.com\/fr\/produit\/granite-manufacturer-cheap-diamond-fall-granite","title":{"rendered":"fabricant de granite pas cher diamant granite"},"content":{"rendered":"<div id=\"tab-description\" class=\"woocommerce-Tabs-panel woocommerce-Tabs-panel--description panel entry-content wc-tab\" role=\"tabpanel\" aria-labelledby=\"tab-title-description\">\n<div id=\"ali-anchor-AliPostDhMb-3m57v\" style=\"padding-top: 8px;\" data-section=\"AliPostDhMb-3m57v\" data-section-title=\"Product Description\">\n<h2>fabricant de granit granit \u00e0 chute de diamant bon march\u00e9 pour l'int\u00e9rieur et l'ext\u00e9rieur<\/h2>\n<p>Nous sommes un leader dans la fabrication de granit depuis plus de 24 ans. Bien que notre entreprise se soit d\u00e9velopp\u00e9e, nous restons fid\u00e8les \u00e0 nos valeurs fondamentales de qualit\u00e9 et de service. Avec une abondance de mat\u00e9riaux parmi lesquels choisir, vous trouverez la dalle de pierre ou le comptoir parfait qui r\u00e9pondra \u00e0 vos besoins.<\/p>\n<p>Nous sommes l'un des principaux fabricants et fournisseurs de l'industrie de la pierre. Nous offrons une grande vari\u00e9t\u00e9 de produits en pierre de granit de haute qualit\u00e9 \u00e0 des prix abordables. Gamme de carreaux de granit, carreaux de marbre, pierre de sable et produits en granit comprenant des dalles de granit, des carreaux de granit, des blocs de gr\u00e8s, des carreaux de sol en marbre. Couleur selon vos besoins.<\/p>\n<p>Nous sommes un fabricant de granit. Nous pouvons vous aider \u00e0 obtenir le beau comptoir durable ou toute autre application de pierre dont vous avez besoin dans votre cuisine, votre salle de bain ou tout autre endroit. Nous avons des ann\u00e9es d'exp\u00e9rience dans le travail du granit et d'autres pierres naturelles pour nous assurer que vous obtenez exactement ce que vous voulez. Notre s\u00e9lection est vaste et de qualit\u00e9 sup\u00e9rieure, de sorte que, quel que soit le budget de votre projet, nous pouvons vous fournir des r\u00e9sultats de haute qualit\u00e9 pour votre maison ou votre entreprise.<\/p>\n<p>Le granit est une roche compos\u00e9e de min\u00e9raux qui se sont form\u00e9s lors du refroidissement du magma dans les profondeurs de la terre. Chaque fabricant de granit a sa propre couleur et son propre motif, qui proviennent des min\u00e9raux individuels qui le composent.Le granit est une sorte de pierre naturelle qui est largement utilis\u00e9e dans l'architecture et la d\u00e9coration.<\/p>\n<p>Le granit est une roche cristalline compos\u00e9e principalement des min\u00e9raux quartz et feldspath. Le granit est utilis\u00e9 depuis des milliers d'ann\u00e9es dans la construction, l'architecture, la sculpture et d'autres arts d\u00e9coratifs.<\/p>\n<div id=\"ali-title-AliPostDhMb-3m57v\" style=\"padding: 8px 0; border-bottom: 1px solid #ddd;\"><span style=\"background-color: #ddd; color: #333; font-weight: bold; padding: 8px 10px; line-height: 12px;\">Description du produit<\/span><\/div>\n<div style=\"padding: 10px 0;\">\n<table class=\"aliDataTable\" style=\"color: #000000; font-family: Arial; font-size: 12px; font-style: normal; font-weight: 400; background-color: #ffffff; width: 700px; height: 226px; border: 1px solid #b3b3b3;\">\n<tbody>\n<tr>\n<td style=\"border: 1px solid #707070; width: 156px;\"><strong><span style=\"font-family: arial, helvetica, sans-serif; font-size: 14px;\">Nom du produit :<\/span><\/strong><\/td>\n<td style=\"border: 1px solid #707070; width: 557px;\">Granit bon march\u00e9 pour l'int\u00e9rieur et l'ext\u00e9rieur<\/td>\n<\/tr>\n<tr>\n<td style=\"border: 1px solid #707070; width: 156px;\"><strong><span style=\"font-family: arial, helvetica, sans-serif; font-size: 14px;\">Mat\u00e9riau :<\/span><\/strong><\/td>\n<td style=\"border: 1px solid #707070; width: 557px;\"><span style=\"font-size: 14px;\">Granit<\/span><\/td>\n<\/tr>\n<tr>\n<td style=\"border: 1px solid #707070; width: 156px;\"><strong><span style=\"font-family: arial, helvetica, sans-serif; font-size: 14px;\">Couleur :<\/span><\/strong><\/td>\n<td style=\"border: 1px solid #707070; width: 557px;\"><span style=\"font-family: arial, helvetica, sans-serif; font-size: 14px;\">Blanc, noir, jaune, rouge, rose, gris, brun, bleu, vert, etc.<\/span><\/td>\n<\/tr>\n<tr>\n<td style=\"border: 1px solid #707070; width: 156px;\" rowspan=\"3\"><strong><span style=\"font-family: arial, helvetica, sans-serif; font-size: 14px;\">Taille :<\/span><\/strong><\/td>\n<td style=\"border: 1px solid #707070; width: 557px;\"><span style=\"text-decoration: underline;\"><span style=\"font-size: 14px;\">Carreaux disponibles <\/span><\/span><br \/>\n<span style=\"font-size: 14px;\">12\u2019x12\u2033,24\u2019x24\u2033,12\u2019x24\u2033,etc <\/span><span style=\"font-size: 14px;\">300x300mm,300x600mm,400x400mm,600x600mm,etc<\/span><\/td>\n<\/tr>\n<tr>\n<td style=\"border: 1px solid #707070; width: 557px;\"><span style=\"text-decoration: underline;\"><span style=\"font-size: 14px;\">Dalles disponibles <\/span><\/span><\/p>\n<p><span style=\"font-size: 14px;\">180cmUpx60UP,180cmUpx65cmUP,180cmUpx70cmUP,etc<\/span><br \/>\n<span style=\"font-size: 14px;\">240cmUpx120cmUP,etc<\/span><\/td>\n<\/tr>\n<tr>\n<td style=\"border: 1px solid #707070; width: 557px;\"><span style=\"font-family: arial, helvetica, sans-serif; font-size: 14px;\">Des sp\u00e9cifications personnalis\u00e9es sont disponibles<\/span><\/td>\n<\/tr>\n<tr>\n<td style=\"border: 1px solid #707070; width: 156px;\"><strong><span style=\"font-family: arial, helvetica, sans-serif; font-size: 14px;\">Tol\u00e9rance d'\u00e9paisseur :<\/span><\/strong><\/td>\n<td style=\"border: 1px solid #707070; width: 557px;\"><span style=\"font-family: arial, helvetica, sans-serif; font-size: 14px;\">\u00b10,05mm, \u00b11mm, \u00b11,5mm, \u00b12mm, selon les exigences de qualit\u00e9 du client<\/span><\/td>\n<\/tr>\n<tr>\n<td style=\"border: 1px solid #707070; width: 156px;\"><strong><span style=\"font-family: arial, helvetica, sans-serif; font-size: 14px;\">Surface :<\/span><\/strong><\/td>\n<td style=\"border: 1px solid #707070; width: 557px;\"><span style=\"font-family: arial, helvetica, sans-serif; font-size: 14px;\">Poli, adouci, flamm\u00e9, sabl\u00e9, bouchard\u00e9<span style=\"font-size: 14px;\">ed, antique,<\/span>fendu naturel, flamm\u00e9 et bross\u00e9,<\/span><span style=\"font-size: 14px;\">etc.<\/span><\/td>\n<\/tr>\n<tr>\n<td style=\"border: 1px solid #707070; width: 156px;\"><strong><span style=\"font-family: arial, helvetica, sans-serif; font-size: 14px;\">Emballage :<\/span><\/strong><\/td>\n<td style=\"border: 1px solid #707070; width: 557px;\"><span style=\"font-size: 14px;\">Palettes en bois en \u00e9tat de navigabilit\u00e9, fardeaux en bois et caisses en bois<\/span><\/td>\n<\/tr>\n<tr>\n<td style=\"border: 1px solid #707070; width: 156px;\"><strong><span style=\"font-family: arial, helvetica, sans-serif; font-size: 14px;\">Application :<\/span><\/strong><\/td>\n<td style=\"border: 1px solid #707070; width: 557px;\"><span style=\"font-family: arial, helvetica, sans-serif; font-size: 14px;\">Sol, mur, motif, comptoir, d\u00e9coration int\u00e9rieure et ext\u00e9rieure<\/span><\/td>\n<\/tr>\n<tr>\n<td style=\"border: 1px solid #707070; width: 156px;\"><strong><span style=\"font-family: arial, helvetica, sans-serif; font-size: 14px;\">D\u00e9lai de livraison :<\/span><\/strong><\/td>\n<td style=\"border: 1px solid #707070; width: 557px;\"><span style=\"font-size: 14px;\">15-20 jours pour l'enregistrement<\/span><span style=\"font-family: arial, helvetica, sans-serif; font-size: 14px;\">tailles lar<\/span><\/td>\n<\/tr>\n<tr>\n<td style=\"border: 1px solid #707070; width: 156px;\"><strong><span style=\"font-family: arial, helvetica, sans-serif; font-size: 14px;\">Certificat :<\/span><\/strong><\/td>\n<td style=\"border: 1px solid #707070; width: 557px;\"><span style=\"font-family: arial, helvetica, sans-serif; font-size: 14px;\">CE, SGS<\/span><\/td>\n<\/tr>\n<tr>\n<td style=\"border: 1px solid #707070; width: 156px;\"><strong><span style=\"font-family: arial, helvetica, sans-serif; font-size: 14px;\">Conditions de paiement :<\/span><\/strong><\/td>\n<td style=\"border: 1px solid #707070; width: 557px;\"><span style=\"font-size: 14px;\">T\/T, L\/C, D<span style=\"color: #000000; font-family: Verdana, Arial, Helvetica, sans-serif; font-size: 14px; font-style: normal; font-weight: 400; background-color: #ffffff; float: none;\">\/<\/span>P<\/span><\/td>\n<\/tr>\n<tr>\n<td style=\"border: 1px solid #707070; width: 156px;\"><strong><span style=\"font-family: arial, helvetica, sans-serif; font-size: 14px;\">Avantage :<\/span><\/strong><\/td>\n<td style=\"border: 1px solid #707070; width: 557px;\"><span style=\"font-family: arial, helvetica, sans-serif; font-size: 14px;\">1) Service unique pour la pierre ;<\/span><\/p>\n<p><span style=\"font-family: arial, helvetica, sans-serif; font-size: 14px;\">2) poss\u00e8dent 3 carri\u00e8res et 9 usines ;<\/span><\/p>\n<p><span style=\"font-family: arial, helvetica, sans-serif; font-size: 14px;\">3) Des supports technologiques de pointe.<\/span><\/td>\n<\/tr>\n<tr>\n<td style=\"border: 1px solid #707070; width: 156px;\"><strong><span style=\"font-family: arial, helvetica, sans-serif; font-size: 14px;\">Assurance de la qualit\u00e9 et de la livraison :\u00a0<\/span><\/strong><\/td>\n<td style=\"border: 1px solid #707070; width: 557px;\"><span style=\"font-size: 14px;\">Tout au long du processus de production, du choix des mat\u00e9riaux \u00e0 l'emballage en passant par la fabrication, notre service de contr\u00f4le de la qualit\u00e9 contr\u00f4le rigoureusement chaque pi\u00e8ce et chaque processus afin de garantir le respect des normes de qualit\u00e9 et le respect des d\u00e9lais de livraison.<\/span><\/td>\n<\/tr>\n<\/tbody>\n<\/table>\n<p><img loading=\"lazy\" decoding=\"async\" class=\"alignnone size-full wp-image-27675\" src=\"http:\/\/stone-phoenix.com\/wp-content\/uploads\/2023\/12\/granite-manufacturer-cheap-diamond-fall-granite-6.jpg\" alt=\"\" width=\"1119\" height=\"796\" srcset=\"https:\/\/stone-phoenix.com\/wp-content\/uploads\/2023\/12\/granite-manufacturer-cheap-diamond-fall-granite-6.jpg 1119w, https:\/\/stone-phoenix.com\/wp-content\/uploads\/2023\/12\/granite-manufacturer-cheap-diamond-fall-granite-6-300x213.jpg 300w, https:\/\/stone-phoenix.com\/wp-content\/uploads\/2023\/12\/granite-manufacturer-cheap-diamond-fall-granite-6-1024x728.jpg 1024w, https:\/\/stone-phoenix.com\/wp-content\/uploads\/2023\/12\/granite-manufacturer-cheap-diamond-fall-granite-6-768x546.jpg 768w, https:\/\/stone-phoenix.com\/wp-content\/uploads\/2023\/12\/granite-manufacturer-cheap-diamond-fall-granite-6-18x12.jpg 18w, https:\/\/stone-phoenix.com\/wp-content\/uploads\/2023\/12\/granite-manufacturer-cheap-diamond-fall-granite-6-600x427.jpg 600w, https:\/\/stone-phoenix.com\/wp-content\/uploads\/2023\/12\/granite-manufacturer-cheap-diamond-fall-granite-6-150x107.jpg 150w\" sizes=\"(max-width: 1119px) 100vw, 1119px\" \/><img loading=\"lazy\" decoding=\"async\" class=\"alignnone  wp-image-27676\" src=\"http:\/\/stone-phoenix.com\/wp-content\/uploads\/2023\/12\/granite-manufacturer-cheap-diamond-fall-granite-7.jpg\" alt=\"\" width=\"957\" height=\"1171\" srcset=\"https:\/\/stone-phoenix.com\/wp-content\/uploads\/2023\/12\/granite-manufacturer-cheap-diamond-fall-granite-7.jpg 721w, https:\/\/stone-phoenix.com\/wp-content\/uploads\/2023\/12\/granite-manufacturer-cheap-diamond-fall-granite-7-245x300.jpg 245w, https:\/\/stone-phoenix.com\/wp-content\/uploads\/2023\/12\/granite-manufacturer-cheap-diamond-fall-granite-7-10x12.jpg 10w, https:\/\/stone-phoenix.com\/wp-content\/uploads\/2023\/12\/granite-manufacturer-cheap-diamond-fall-granite-7-600x734.jpg 600w, https:\/\/stone-phoenix.com\/wp-content\/uploads\/2023\/12\/granite-manufacturer-cheap-diamond-fall-granite-7-150x183.jpg 150w\" sizes=\"(max-width: 957px) 100vw, 957px\" \/><img loading=\"lazy\" decoding=\"async\" class=\"alignnone size-full wp-image-27677\" src=\"http:\/\/stone-phoenix.com\/wp-content\/uploads\/2023\/12\/granite-manufacturer-cheap-diamond-fall-granite-8.jpg\" alt=\"\" width=\"1113\" height=\"787\" srcset=\"https:\/\/stone-phoenix.com\/wp-content\/uploads\/2023\/12\/granite-manufacturer-cheap-diamond-fall-granite-8.jpg 1113w, https:\/\/stone-phoenix.com\/wp-content\/uploads\/2023\/12\/granite-manufacturer-cheap-diamond-fall-granite-8-300x212.jpg 300w, https:\/\/stone-phoenix.com\/wp-content\/uploads\/2023\/12\/granite-manufacturer-cheap-diamond-fall-granite-8-1024x724.jpg 1024w, https:\/\/stone-phoenix.com\/wp-content\/uploads\/2023\/12\/granite-manufacturer-cheap-diamond-fall-granite-8-768x543.jpg 768w, https:\/\/stone-phoenix.com\/wp-content\/uploads\/2023\/12\/granite-manufacturer-cheap-diamond-fall-granite-8-18x12.jpg 18w, https:\/\/stone-phoenix.com\/wp-content\/uploads\/2023\/12\/granite-manufacturer-cheap-diamond-fall-granite-8-600x424.jpg 600w, https:\/\/stone-phoenix.com\/wp-content\/uploads\/2023\/12\/granite-manufacturer-cheap-diamond-fall-granite-8-150x106.jpg 150w\" sizes=\"(max-width: 1113px) 100vw, 1113px\" \/><img loading=\"lazy\" decoding=\"async\" class=\"alignnone size-full wp-image-27678\" src=\"http:\/\/stone-phoenix.com\/wp-content\/uploads\/2023\/12\/granite-manufacturer-cheap-diamond-fall-granite-9.jpg\" alt=\"\" width=\"1096\" height=\"741\" srcset=\"https:\/\/stone-phoenix.com\/wp-content\/uploads\/2023\/12\/granite-manufacturer-cheap-diamond-fall-granite-9.jpg 1096w, https:\/\/stone-phoenix.com\/wp-content\/uploads\/2023\/12\/granite-manufacturer-cheap-diamond-fall-granite-9-300x203.jpg 300w, https:\/\/stone-phoenix.com\/wp-content\/uploads\/2023\/12\/granite-manufacturer-cheap-diamond-fall-granite-9-1024x692.jpg 1024w, https:\/\/stone-phoenix.com\/wp-content\/uploads\/2023\/12\/granite-manufacturer-cheap-diamond-fall-granite-9-768x519.jpg 768w, https:\/\/stone-phoenix.com\/wp-content\/uploads\/2023\/12\/granite-manufacturer-cheap-diamond-fall-granite-9-18x12.jpg 18w, https:\/\/stone-phoenix.com\/wp-content\/uploads\/2023\/12\/granite-manufacturer-cheap-diamond-fall-granite-9-600x406.jpg 600w, https:\/\/stone-phoenix.com\/wp-content\/uploads\/2023\/12\/granite-manufacturer-cheap-diamond-fall-granite-9-150x101.jpg 150w\" sizes=\"(max-width: 1096px) 100vw, 1096px\" \/>&nbsp;<\/p>\n<p>&nbsp;<\/p>\n<p>&nbsp;<\/p>\n<p>&nbsp;<\/p>\n<p><a href=\"https:\/\/longtopstone.com\/product-category\/chinese-granite\/\">VOIR PLUS&gt;&gt;&gt;<\/a><\/p>\n<\/div>\n<\/div>\n<\/div>","protected":false},"excerpt":{"rendered":"<p>granite manufacturer cheap diamond fall granite for indoor and outdoor use We has been a leader in granite manufacturer for<\/p>","protected":false},"featured_media":27670,"template":"","meta":[],"product_cat":[112],"product_tag":[],"_links":{"self":[{"href":"https:\/\/stone-phoenix.com\/fr\/wp-json\/wp\/v2\/product\/20234"}],"collection":[{"href":"https:\/\/stone-phoenix.com\/fr\/wp-json\/wp\/v2\/product"}],"about":[{"href":"https:\/\/stone-phoenix.com\/fr\/wp-json\/wp\/v2\/types\/product"}],"wp:featuredmedia":[{"embeddable":true,"href":"https:\/\/stone-phoenix.com\/fr\/wp-json\/wp\/v2\/media\/27670"}],"wp:attachment":[{"href":"https:\/\/stone-phoenix.com\/fr\/wp-json\/wp\/v2\/media?parent=20234"}],"wp:term":[{"taxonomy":"product_cat","embeddable":true,"href":"https:\/\/stone-phoenix.com\/fr\/wp-json\/wp\/v2\/product_cat?post=20234"},{"taxonomy":"product_tag","embeddable":true,"href":"https:\/\/stone-phoenix.com\/fr\/wp-json\/wp\/v2\/product_tag?post=20234"}],"curies":[{"name":"wp","href":"https:\/\/api.w.org\/{rel}","templated":true}]}}