{"id":20240,"date":"2023-12-29T20:06:06","date_gmt":"2023-12-29T12:06:06","guid":{"rendered":"http:\/\/stone-phoenix.com\/product\/cheap-driveway-paving-stone-g562-red-granite"},"modified":"2024-04-11T22:52:36","modified_gmt":"2024-04-11T14:52:36","slug":"cheap-driveway-paving-stone-g562-red-granite","status":"publish","type":"product","link":"https:\/\/stone-phoenix.com\/fr\/produit\/cheap-driveway-paving-stone-g562-red-granite","title":{"rendered":"Pav\u00e9 d'all\u00e9e bon march\u00e9 G562 Red Granite"},"content":{"rendered":"<div id=\"tab-description\" class=\"woocommerce-Tabs-panel woocommerce-Tabs-panel--description panel entry-content wc-tab\" role=\"tabpanel\" aria-labelledby=\"tab-title-description\">\n<div id=\"ali-anchor-AliPostDhMb-10ic2\" style=\"padding-top: 8px;\" data-section=\"AliPostDhMb-10ic2\" data-section-title=\"Product Description\">\n<div>\n<h2>Pav\u00e9 d'all\u00e9e bon march\u00e9 G562 Red Granite<\/h2>\n<p><span style=\"font-size: 16px;\">Les pav\u00e9s pour all\u00e9es bon march\u00e9 sont disponibles dans une large gamme de mat\u00e9riaux, notamment le b\u00e9ton, la brique et la pierre naturelle, et leur co\u00fbt peut varier consid\u00e9rablement en fonction du type et de la qualit\u00e9 du mat\u00e9riau. En effectuant quelques recherches et en faisant le tour du march\u00e9, vous pourrez peut-\u00eatre trouver une bonne affaire pour le mat\u00e9riau que vous souhaitez.<\/span><\/p>\n<p>Une autre option consiste \u00e0 envisager l'utilisation de pav\u00e9s recycl\u00e9s ou r\u00e9cup\u00e9r\u00e9s. Il s'agit de pav\u00e9s qui ont d\u00e9j\u00e0 \u00e9t\u00e9 utilis\u00e9s dans le cadre d'un autre projet et qui sont vendus \u00e0 un prix r\u00e9duit. M\u00eame s'ils ne sont pas en parfait \u00e9tat, ils peuvent constituer une bonne option pour la surface d'une all\u00e9e s'ils sont en assez bon \u00e9tat et s'ils r\u00e9pondent \u00e0 vos besoins.<\/p>\n<p>Vous pouvez \u00e9galement essayer de n\u00e9gocier avec le d\u00e9taillant ou le fabricant pour voir s'il est pr\u00eat \u00e0 offrir une remise sur les pav\u00e9s. C'est particuli\u00e8rement vrai si vous pr\u00e9voyez d'acheter une grande quantit\u00e9 de pav\u00e9s ou si vous \u00eates un client r\u00e9gulier.<\/p>\n<p>En plus de ces options, il y a d'autres choses que vous pouvez faire pour \u00e9conomiser de l'argent sur les pav\u00e9s de votre all\u00e9e. Par exemple, vous pouvez effectuer l'installation vous-m\u00eame ou faire appel \u00e0 un entrepreneur dispos\u00e9 \u00e0 travailler \u00e0 un tarif inf\u00e9rieur. Vous pouvez \u00e9galement opter pour une conception ou un trac\u00e9 plus simple pour votre all\u00e9e, ce qui peut r\u00e9duire le co\u00fbt total du projet.<\/p>\n<p>Dans l'ensemble, il existe de nombreuses fa\u00e7ons de trouver des pav\u00e9s d'all\u00e9e bon march\u00e9. En faisant vos recherches, en magasinant et en \u00e9tant ouvert \u00e0 diff\u00e9rentes options, vous devriez \u00eatre en mesure de trouver une bonne affaire sur le mat\u00e9riau dont vous avez besoin pour votre projet d'all\u00e9e.<\/p>\n<\/div>\n<div id=\"ali-title-AliPostDhMb-10ic2\" style=\"padding: 8px 0; border-bottom: 1px solid #ddd;\"><span style=\"background-color: #ddd; color: #333; font-weight: bold; padding: 8px 10px; line-height: 12px;\">Description du produit<\/span><\/div>\n<div style=\"padding: 10px 0;\">\n<table class=\"aliDataTable\" style=\"color: #000000; font-family: Arial; font-size: 12px; font-style: normal; font-weight: 400; background-color: #ffffff; width: 750px; height: 226px; border: 1px solid #b3b3b3;\">\n<tbody>\n<tr style=\"height: 42px;\">\n<td style=\"border: 1px solid #b3b3b3; width: 162px; height: 42px;\"><strong><span style=\"font-family: arial, helvetica, sans-serif; font-size: 14px;\">Nom du produit :<\/span><\/strong><\/td>\n<td style=\"border: 1px solid #b3b3b3; width: 595.066px; height: 42px;\"><span style=\"font-family: arial, helvetica, sans-serif; font-size: 14px;\">Divers pav\u00e9s en granit<\/span><\/td>\n<\/tr>\n<tr style=\"height: 21px;\">\n<td style=\"border: 1px solid #b3b3b3; width: 162px; height: 21px;\"><strong><span style=\"font-family: arial, helvetica, sans-serif; font-size: 14px;\">Mat\u00e9riau :<\/span><\/strong><\/td>\n<td style=\"border: 1px solid #b3b3b3; width: 595.066px; height: 21px;\"><span style=\"font-family: arial, helvetica, sans-serif; font-size: 14px;\">Granit G562, granit G603, granit G654, granit G682, etc.<\/span><\/td>\n<\/tr>\n<tr style=\"height: 44px;\">\n<td style=\"border: 1px solid #b3b3b3; width: 162px; height: 65px;\" rowspan=\"2\">\n<p style=\"margin: 0px; padding: 0px;\"><strong><span style=\"font-family: arial, helvetica, sans-serif; font-size: 14px;\">Taille :<\/span><\/strong><\/p>\n<\/td>\n<td style=\"border: 1px solid #b3b3b3; width: 595.066px; height: 44px;\"><span style=\"font-size: 14px;\">Tailles<\/span><br \/>\n<span style=\"font-size: 14px;\">5X5X5CM,8X8X8CM,9X9X9CM,10X10X10CM,10x10x5cm,<\/span><span style=\"font-size: 14px;\">10x20x5cm,9.5\u00d79.5x4CM,19.5\u00d719.5x4CM,22X11X5CM,<\/span><\/p>\n<p><span style=\"font-size: 14px;\">16.5X11.5X5CM,19.7X19.7X8CM,14.5X14.5X8CM,16X16X16CM,<\/span><\/p>\n<p><span style=\"font-size: 14px;\">22X16X16CM,27x18x9cm,18x18x9cm,18x18x18CM <\/span><\/p>\n<p><span style=\"font-size: 14px;\">ou sur mesure<\/span><\/td>\n<\/tr>\n<tr style=\"height: 21px;\">\n<td style=\"border: 1px solid #b3b3b3; width: 595.066px; height: 21px;\"><span style=\"font-family: arial, helvetica, sans-serif; font-size: 14px;\">Des sp\u00e9cifications personnalis\u00e9es sont disponibles<\/span><\/td>\n<\/tr>\n<tr style=\"height: 42px;\">\n<td style=\"border: 1px solid #b3b3b3; width: 162px; height: 42px;\"><strong><span style=\"font-family: arial, helvetica, sans-serif; font-size: 14px;\">Tol\u00e9rance d'\u00e9paisseur :<\/span><\/strong><\/td>\n<td style=\"border: 1px solid #b3b3b3; width: 595.066px; height: 42px;\"><span style=\"font-size: 14px; font-family: arial, helvetica, sans-serif;\">\u00b11mm, \u00b11,5mm, \u00b12mm, selon les exigences de qualit\u00e9 du client<\/span><\/td>\n<\/tr>\n<tr style=\"height: 126px;\">\n<td style=\"border: 1px solid #b3b3b3; width: 162px; height: 126px;\">\n<p style=\"margin: 0px; padding: 0px;\"><strong><span style=\"font-family: arial, helvetica, sans-serif; font-size: 14px;\">Surface :<\/span><\/strong><\/p>\n<\/td>\n<td style=\"border: 1px solid #b3b3b3; width: 595.066px; height: 126px;\"><span style=\"font-size: 14px;\">Finition<\/span><br \/>\n<span style=\"font-size: 14px;\">a. Fente naturelle sur tous les c\u00f4t\u00e9s<\/span><br \/>\n<span style=\"font-size: 14px;\">b. Toutes les faces sont sci\u00e9es<\/span><br \/>\n<span style=\"font-size: 14px;\">c. 5 c\u00f4t\u00e9s coup\u00e9s \u00e0 la scie, surface fendue naturellement<\/span><br \/>\n<span style=\"font-size: 14px;\">d. 5 faces coup\u00e9es \u00e0 la scie, surface flamm\u00e9e<\/span><br \/>\n<span style=\"font-size: 14px;\">e. 4 c\u00f4t\u00e9s coup\u00e9s \u00e0 la scie, fendu naturel en haut, tambourin\u00e9, dos en maille\u00a0<\/span><\/td>\n<\/tr>\n<tr style=\"height: 21px;\">\n<td style=\"border: 1px solid #b3b3b3; width: 162px; height: 21px;\"><strong><span style=\"font-family: arial, helvetica, sans-serif; font-size: 14px;\">Emballage :<\/span><\/strong><\/td>\n<td style=\"border: 1px solid #b3b3b3; width: 595.066px; height: 21px;\"><span style=\"font-family: arial, helvetica, sans-serif; font-size: 14px;\">Fardeaux et caisses en bois en \u00e9tat de navigabilit\u00e9<\/span><\/td>\n<\/tr>\n<tr style=\"height: 21px;\">\n<td style=\"border: 1px solid #b3b3b3; width: 162px; height: 21px;\"><strong><span style=\"font-family: arial, helvetica, sans-serif; font-size: 14px;\">Application :<\/span><\/strong><\/td>\n<td style=\"border: 1px solid #b3b3b3; width: 595.066px; height: 21px;\"><span style=\"font-family: arial, helvetica, sans-serif; font-size: 14px;\">Largement utilis\u00e9 pour la d\u00e9coration int\u00e9rieure et ext\u00e9rieure<\/span><\/td>\n<\/tr>\n<tr style=\"height: 42px;\">\n<td style=\"border: 1px solid #b3b3b3; width: 162px; height: 42px;\"><strong><span style=\"font-family: arial, helvetica, sans-serif; font-size: 14px;\">D\u00e9lai de livraison :<\/span><\/strong><\/td>\n<td style=\"border: 1px solid #b3b3b3; width: 595.066px; height: 42px;\"><span style=\"font-family: arial, helvetica, sans-serif; font-size: 14px;\">15-20 jours pour les tailles normales<\/span><\/td>\n<\/tr>\n<tr style=\"height: 21px;\">\n<td style=\"border: 1px solid #b3b3b3; width: 162px; height: 21px;\">\n<p style=\"margin: 0px; padding: 0px;\"><strong><span style=\"font-family: arial, helvetica, sans-serif; font-size: 14px;\">Certificat :<\/span><\/strong><\/p>\n<\/td>\n<td style=\"border: 1px solid #b3b3b3; width: 595.066px; height: 21px;\"><span style=\"font-family: arial, helvetica, sans-serif; font-size: 14px;\">CE, SGS<\/span><\/td>\n<\/tr>\n<tr style=\"height: 42px;\">\n<td style=\"border: 1px solid #b3b3b3; width: 162px; height: 42px;\">\n<p style=\"margin: 0px; padding: 0px;\"><strong><span style=\"font-family: arial, helvetica, sans-serif; font-size: 14px;\">Conditions de paiement :<\/span><\/strong><\/p>\n<\/td>\n<td style=\"border: 1px solid #b3b3b3; width: 595.066px; height: 42px;\"><span style=\"font-family: arial, helvetica, sans-serif; font-size: 14px;\">T\/T, L\/C, D\/P<\/span><\/td>\n<\/tr>\n<tr style=\"height: 63px;\">\n<td style=\"border: 1px solid #b3b3b3; width: 162px; height: 63px;\"><strong><span style=\"font-family: arial, helvetica, sans-serif; font-size: 14px;\">Avantage :<\/span><\/strong><\/td>\n<td style=\"border: 1px solid #b3b3b3; width: 595.066px; height: 63px;\">\n<p style=\"margin: 0px; padding: 0px;\"><span style=\"font-family: arial, helvetica, sans-serif; font-size: 14px;\">1) Service unique pour la pierre ;<\/span><\/p>\n<p style=\"margin: 0px; padding: 0px;\"><span style=\"font-family: arial, helvetica, sans-serif; font-size: 14px;\">2) Poss\u00e9der 3 carri\u00e8res et 9 usines ;<\/span><\/p>\n<p style=\"margin: 0px; padding: 0px;\"><span style=\"font-family: arial, helvetica, sans-serif; font-size: 14px;\">3) Soutien \u00e0 la conception et \u00e0 la technologie.<\/span><\/p>\n<\/td>\n<\/tr>\n<tr style=\"height: 84px;\">\n<td style=\"border: 1px solid #b3b3b3; width: 162px; height: 84px;\"><strong><span style=\"font-family: arial, helvetica, sans-serif; font-size: 14px;\">Assurance de la qualit\u00e9 et de la livraison :\u00a0<\/span><\/strong><\/td>\n<td style=\"border: 1px solid #b3b3b3; width: 595.066px; height: 84px;\">\n<p style=\"margin: 0px; padding: 0px;\"><span style=\"font-family: arial, helvetica, sans-serif; font-size: 14px;\">Tout au long du processus de production, du choix des mat\u00e9riaux \u00e0 l'emballage en passant par la fabrication, notre service de contr\u00f4le de la qualit\u00e9 contr\u00f4le rigoureusement chaque pi\u00e8ce et chaque processus afin de garantir le respect des normes de qualit\u00e9 et le respect des d\u00e9lais de livraison.<\/span><\/p>\n<\/td>\n<\/tr>\n<\/tbody>\n<\/table>\n<p><img loading=\"lazy\" decoding=\"async\" class=\"alignnone  wp-image-27666\" src=\"http:\/\/stone-phoenix.com\/wp-content\/uploads\/2023\/12\/Cheap-Driveway-Paving-Stone-G562-Red-Granite-10.jpg\" alt=\"\" width=\"961\" height=\"843\" srcset=\"https:\/\/stone-phoenix.com\/wp-content\/uploads\/2023\/12\/Cheap-Driveway-Paving-Stone-G562-Red-Granite-10.jpg 931w, https:\/\/stone-phoenix.com\/wp-content\/uploads\/2023\/12\/Cheap-Driveway-Paving-Stone-G562-Red-Granite-10-300x263.jpg 300w, https:\/\/stone-phoenix.com\/wp-content\/uploads\/2023\/12\/Cheap-Driveway-Paving-Stone-G562-Red-Granite-10-768x674.jpg 768w, https:\/\/stone-phoenix.com\/wp-content\/uploads\/2023\/12\/Cheap-Driveway-Paving-Stone-G562-Red-Granite-10-14x12.jpg 14w, https:\/\/stone-phoenix.com\/wp-content\/uploads\/2023\/12\/Cheap-Driveway-Paving-Stone-G562-Red-Granite-10-600x527.jpg 600w, https:\/\/stone-phoenix.com\/wp-content\/uploads\/2023\/12\/Cheap-Driveway-Paving-Stone-G562-Red-Granite-10-150x132.jpg 150w\" sizes=\"(max-width: 961px) 100vw, 961px\" \/><img loading=\"lazy\" decoding=\"async\" class=\"alignnone  wp-image-27667\" src=\"http:\/\/stone-phoenix.com\/wp-content\/uploads\/2023\/12\/Cheap-Driveway-Paving-Stone-G562-Red-Granite-6-1.jpg\" alt=\"\" width=\"965\" height=\"808\" srcset=\"https:\/\/stone-phoenix.com\/wp-content\/uploads\/2023\/12\/Cheap-Driveway-Paving-Stone-G562-Red-Granite-6-1.jpg 693w, https:\/\/stone-phoenix.com\/wp-content\/uploads\/2023\/12\/Cheap-Driveway-Paving-Stone-G562-Red-Granite-6-1-300x251.jpg 300w, https:\/\/stone-phoenix.com\/wp-content\/uploads\/2023\/12\/Cheap-Driveway-Paving-Stone-G562-Red-Granite-6-1-14x12.jpg 14w, https:\/\/stone-phoenix.com\/wp-content\/uploads\/2023\/12\/Cheap-Driveway-Paving-Stone-G562-Red-Granite-6-1-600x502.jpg 600w, https:\/\/stone-phoenix.com\/wp-content\/uploads\/2023\/12\/Cheap-Driveway-Paving-Stone-G562-Red-Granite-6-1-150x126.jpg 150w\" sizes=\"(max-width: 965px) 100vw, 965px\" \/><img loading=\"lazy\" decoding=\"async\" class=\"alignnone size-full wp-image-27668\" src=\"http:\/\/stone-phoenix.com\/wp-content\/uploads\/2023\/12\/Cheap-Driveway-Paving-Stone-G562-Red-Granite-7.jpg\" alt=\"\" width=\"1096\" height=\"667\" srcset=\"https:\/\/stone-phoenix.com\/wp-content\/uploads\/2023\/12\/Cheap-Driveway-Paving-Stone-G562-Red-Granite-7.jpg 1096w, https:\/\/stone-phoenix.com\/wp-content\/uploads\/2023\/12\/Cheap-Driveway-Paving-Stone-G562-Red-Granite-7-300x183.jpg 300w, https:\/\/stone-phoenix.com\/wp-content\/uploads\/2023\/12\/Cheap-Driveway-Paving-Stone-G562-Red-Granite-7-1024x623.jpg 1024w, https:\/\/stone-phoenix.com\/wp-content\/uploads\/2023\/12\/Cheap-Driveway-Paving-Stone-G562-Red-Granite-7-768x467.jpg 768w, https:\/\/stone-phoenix.com\/wp-content\/uploads\/2023\/12\/Cheap-Driveway-Paving-Stone-G562-Red-Granite-7-18x12.jpg 18w, https:\/\/stone-phoenix.com\/wp-content\/uploads\/2023\/12\/Cheap-Driveway-Paving-Stone-G562-Red-Granite-7-600x365.jpg 600w, https:\/\/stone-phoenix.com\/wp-content\/uploads\/2023\/12\/Cheap-Driveway-Paving-Stone-G562-Red-Granite-7-150x91.jpg 150w\" sizes=\"(max-width: 1096px) 100vw, 1096px\" \/><img loading=\"lazy\" decoding=\"async\" class=\"alignnone size-full wp-image-27669\" src=\"http:\/\/stone-phoenix.com\/wp-content\/uploads\/2023\/12\/Cheap-Driveway-Paving-Stone-G562-Red-Granite-8.jpg\" alt=\"\" width=\"1048\" height=\"628\" srcset=\"https:\/\/stone-phoenix.com\/wp-content\/uploads\/2023\/12\/Cheap-Driveway-Paving-Stone-G562-Red-Granite-8.jpg 1048w, https:\/\/stone-phoenix.com\/wp-content\/uploads\/2023\/12\/Cheap-Driveway-Paving-Stone-G562-Red-Granite-8-300x180.jpg 300w, https:\/\/stone-phoenix.com\/wp-content\/uploads\/2023\/12\/Cheap-Driveway-Paving-Stone-G562-Red-Granite-8-1024x614.jpg 1024w, https:\/\/stone-phoenix.com\/wp-content\/uploads\/2023\/12\/Cheap-Driveway-Paving-Stone-G562-Red-Granite-8-768x460.jpg 768w, https:\/\/stone-phoenix.com\/wp-content\/uploads\/2023\/12\/Cheap-Driveway-Paving-Stone-G562-Red-Granite-8-18x12.jpg 18w, https:\/\/stone-phoenix.com\/wp-content\/uploads\/2023\/12\/Cheap-Driveway-Paving-Stone-G562-Red-Granite-8-600x360.jpg 600w, https:\/\/stone-phoenix.com\/wp-content\/uploads\/2023\/12\/Cheap-Driveway-Paving-Stone-G562-Red-Granite-8-150x90.jpg 150w\" sizes=\"(max-width: 1048px) 100vw, 1048px\" \/><\/p>\n<\/div>\n<\/div>\n<\/div>","protected":false},"excerpt":{"rendered":"<p>Pav\u00e9 d'all\u00e9e bon march\u00e9 G562 Red Granite Les pav\u00e9s d'all\u00e9e bon march\u00e9 sont disponibles dans une large gamme de mat\u00e9riaux, y compris le b\u00e9ton,<\/p>","protected":false},"featured_media":27660,"template":"","meta":[],"product_cat":[112],"product_tag":[],"_links":{"self":[{"href":"https:\/\/stone-phoenix.com\/fr\/wp-json\/wp\/v2\/product\/20240"}],"collection":[{"href":"https:\/\/stone-phoenix.com\/fr\/wp-json\/wp\/v2\/product"}],"about":[{"href":"https:\/\/stone-phoenix.com\/fr\/wp-json\/wp\/v2\/types\/product"}],"wp:featuredmedia":[{"embeddable":true,"href":"https:\/\/stone-phoenix.com\/fr\/wp-json\/wp\/v2\/media\/27660"}],"wp:attachment":[{"href":"https:\/\/stone-phoenix.com\/fr\/wp-json\/wp\/v2\/media?parent=20240"}],"wp:term":[{"taxonomy":"product_cat","embeddable":true,"href":"https:\/\/stone-phoenix.com\/fr\/wp-json\/wp\/v2\/product_cat?post=20240"},{"taxonomy":"product_tag","embeddable":true,"href":"https:\/\/stone-phoenix.com\/fr\/wp-json\/wp\/v2\/product_tag?post=20240"}],"curies":[{"name":"wp","href":"https:\/\/api.w.org\/{rel}","templated":true}]}}