{"id":20253,"date":"2023-12-29T20:06:34","date_gmt":"2023-12-29T12:06:34","guid":{"rendered":"http:\/\/stone-phoenix.com\/product\/best-granite-supplier-cheap-granite-china"},"modified":"2024-04-11T22:33:27","modified_gmt":"2024-04-11T14:33:27","slug":"best-granite-supplier-cheap-granite-china","status":"publish","type":"product","link":"https:\/\/stone-phoenix.com\/fr\/produit\/best-granite-supplier-cheap-granite-china","title":{"rendered":"Meilleur fournisseur de granit Granit bon march\u00e9 Chine"},"content":{"rendered":"<div id=\"tab-description\" class=\"woocommerce-Tabs-panel woocommerce-Tabs-panel--description panel entry-content wc-tab\" role=\"tabpanel\" aria-labelledby=\"tab-title-description\">\n<h2>Meilleur fournisseur de granit Granit bon march\u00e9 Chine<\/h2>\n<p>Le granit est une pierre naturelle populaire et durable qui est souvent utilis\u00e9e dans les projets de construction r\u00e9sidentiels et commerciaux pour les comptoirs, les rev\u00eatements de sol et d'autres applications. Lorsque vous choisissez un fournisseur de granit, il est important de prendre en compte plusieurs facteurs afin de trouver celui qui r\u00e9pond le mieux \u00e0 vos besoins.<\/p>\n<p>Avant toute chose, vous devez rechercher un fournisseur offrant un large choix d'options de granit. Vous pourrez ainsi trouver la couleur, le motif et la finition qui conviennent parfaitement \u00e0 votre projet. Le fournisseur doit \u00e9galement \u00eatre en mesure de fournir des \u00e9chantillons ou des photos du granit afin que vous puissiez voir \u00e0 quoi il ressemble en personne ou dans des conditions d'\u00e9clairage sp\u00e9cifiques.<\/p>\n<p>Un autre facteur important \u00e0 prendre en consid\u00e9ration est la qualit\u00e9 du granit. Recherchez un fournisseur qui s'approvisionne en granit aupr\u00e8s de carri\u00e8res r\u00e9put\u00e9es et qui respecte les normes industrielles en mati\u00e8re de s\u00e9lection et de coupe de la pierre. Le fournisseur doit \u00e9galement \u00eatre en mesure de fournir des informations sur la densit\u00e9 du granit, sa porosit\u00e9 et d'autres caract\u00e9ristiques susceptibles d'influer sur ses performances et sa durabilit\u00e9.<\/p>\n<p>Outre la qualit\u00e9 du granit, vous devez \u00e9galement tenir compte de la r\u00e9putation du fournisseur et de son service \u00e0 la client\u00e8le. Recherchez une entreprise qui a fait ses preuves aupr\u00e8s de clients satisfaits et qui s'est engag\u00e9e \u00e0 fournir un excellent service. Cela peut se traduire par des livraisons rapides, un personnel serviable et une volont\u00e9 de r\u00e9pondre \u00e0 vos questions et \u00e0 vos pr\u00e9occupations.<\/p>\n<p>Enfin, vous devez \u00e9galement tenir compte du prix du granit. Il est important de trouver un fournisseur qui propose des prix comp\u00e9titifs, mais veillez \u00e9galement \u00e0 tenir compte de la valeur que vous obtenez pour votre argent. Un prix plus bas peut sembler attrayant \u00e0 premi\u00e8re vue, mais s'il se fait au d\u00e9triment de la qualit\u00e9 ou du service \u00e0 la client\u00e8le, ce n'est peut-\u00eatre pas la meilleure affaire \u00e0 long terme.<\/p>\n<p>En r\u00e9sum\u00e9, le meilleur fournisseur de granit est celui qui offre une large s\u00e9lection d'options de granit de haute qualit\u00e9, qui jouit d'une bonne r\u00e9putation et d'un excellent service \u00e0 la client\u00e8le, et qui propose des prix comp\u00e9titifs. En tenant compte de ces facteurs, vous pouvez \u00eatre s\u00fbr de faire le bon choix pour votre projet.<\/p>\n<div id=\"ali-anchor-AliPostDhMb-6q8vw\" style=\"padding-top: 8px;\" data-section=\"AliPostDhMb-6q8vw\" data-section-title=\"Product Description\">\n<div id=\"ali-title-AliPostDhMb-6q8vw\" style=\"padding: 8px 0; border-bottom: 1px solid #ddd;\"><span style=\"background-color: #ddd; color: #333; font-weight: bold; padding: 8px 10px; line-height: 12px;\">Description du produit<\/span><\/div>\n<div style=\"padding: 10px 0;\">\n<table class=\"aliDataTable\" style=\"color: #000000; font-family: Arial; font-size: 12px; font-style: normal; font-weight: 400; background-color: #ffffff; width: 698px; height: 226px; border: 1px solid #b3b3b3;\">\n<tbody>\n<tr>\n<td style=\"border: 1px solid #707070; width: 159.663px;\"><strong><span style=\"font-family: arial, helvetica, sans-serif; font-size: 14px;\">Nom du produit :<\/span><\/strong><\/td>\n<td style=\"border: 1px solid #707070; width: 553.337px;\">granit china White G603<\/td>\n<\/tr>\n<tr>\n<td style=\"border: 1px solid #707070; width: 159.663px;\"><strong><span style=\"font-family: arial, helvetica, sans-serif; font-size: 14px;\">Mat\u00e9riau :<\/span><\/strong><\/td>\n<td style=\"border: 1px solid #707070; width: 553.337px;\"><span style=\"font-size: 14px;\">china White G603 Granit<\/span><\/td>\n<\/tr>\n<tr>\n<td style=\"border: 1px solid #707070; width: 159.663px;\"><strong><span style=\"font-family: arial, helvetica, sans-serif; font-size: 14px;\">Couleur :<\/span><\/strong><\/td>\n<td style=\"border: 1px solid #707070; width: 553.337px;\"><span style=\"font-family: arial, helvetica, sans-serif; font-size: 14px;\">Blanc<\/span><\/td>\n<\/tr>\n<tr>\n<td style=\"border: 1px solid #707070; width: 159.663px;\" rowspan=\"3\"><strong><span style=\"font-family: arial, helvetica, sans-serif; font-size: 14px;\">Taille :<\/span><\/strong><\/td>\n<td style=\"border: 1px solid #707070; width: 553.337px;\"><span style=\"text-decoration: underline;\"><span style=\"font-size: 14px;\">Carreaux disponibles <\/span><\/span><br \/>\n<span style=\"font-size: 14px;\">12\u2019x12\u2033,24\u2019x24\u2033,12\u2019x24\u2033,etc <\/span><\/p>\n<p><span style=\"font-size: 14px;\">300x300mm,300x600mm,400x400mm,600x600mm,etc<\/span><\/td>\n<\/tr>\n<tr>\n<td style=\"border: 1px solid #707070; width: 553.337px;\"><span style=\"text-decoration: underline;\"><span style=\"font-size: 14px;\">Dalles disponibles <\/span><\/span><\/p>\n<p><span style=\"font-size: 14px;\">180cmUpx60UP,180cmUpx65cmUP,180cmUpx70cmUP,etc<\/span><br \/>\n<span style=\"font-size: 14px;\">240cmUpx120cmUP,etc<\/span><\/td>\n<\/tr>\n<tr>\n<td style=\"border: 1px solid #707070; width: 553.337px;\"><span style=\"font-family: arial, helvetica, sans-serif; font-size: 14px;\">Des sp\u00e9cifications personnalis\u00e9es sont disponibles<\/span><\/td>\n<\/tr>\n<tr>\n<td style=\"border: 1px solid #707070; width: 159.663px;\"><strong><span style=\"font-family: arial, helvetica, sans-serif; font-size: 14px;\">Tol\u00e9rance d'\u00e9paisseur :<\/span><\/strong><\/td>\n<td style=\"border: 1px solid #707070; width: 553.337px;\"><span style=\"font-family: arial, helvetica, sans-serif; font-size: 14px;\">\u00b10,05mm, \u00b11mm, \u00b11,5mm, \u00b12mm, selon les exigences de qualit\u00e9 du client<\/span><\/td>\n<\/tr>\n<tr>\n<td style=\"border: 1px solid #707070; width: 159.663px;\"><strong><span style=\"font-family: arial, helvetica, sans-serif; font-size: 14px;\">Surface :<\/span><\/strong><\/td>\n<td style=\"border: 1px solid #707070; width: 553.337px;\"><span style=\"font-family: arial, helvetica, sans-serif; font-size: 14px;\">P<\/span><span style=\"font-size: 14px;\">ol\u00e9, adouci, flamm\u00e9, sabl\u00e9, bouchard\u00e9, fendu naturel, flamm\u00e9 et bross\u00e9, etc.<\/span><\/td>\n<\/tr>\n<tr>\n<td style=\"border: 1px solid #707070; width: 159.663px;\"><strong><span style=\"font-family: arial, helvetica, sans-serif; font-size: 14px;\">Emballage :<\/span><\/strong><\/td>\n<td style=\"border: 1px solid #707070; width: 553.337px;\"><span style=\"font-size: 14px;\">Palettes en bois en \u00e9tat de navigabilit\u00e9, fardeaux en bois et caisses en bois<\/span><\/td>\n<\/tr>\n<tr>\n<td style=\"border: 1px solid #707070; width: 159.663px;\"><strong><span style=\"font-family: arial, helvetica, sans-serif; font-size: 14px;\">Application :<\/span><\/strong><\/td>\n<td style=\"border: 1px solid #707070; width: 553.337px;\"><span style=\"font-family: arial, helvetica, sans-serif; font-size: 14px;\">Sol, mur, motif, comptoir, d\u00e9coration int\u00e9rieure et ext\u00e9rieure<\/span><\/td>\n<\/tr>\n<tr>\n<td style=\"border: 1px solid #707070; width: 159.663px;\"><strong><span style=\"font-family: arial, helvetica, sans-serif; font-size: 14px;\">D\u00e9lai de livraison :<\/span><\/strong><\/td>\n<td style=\"border: 1px solid #707070; width: 553.337px;\"><span style=\"font-size: 14px;\">15-20 jours pour l'enregistrement<\/span><span style=\"font-family: arial, helvetica, sans-serif; font-size: 14px;\">tailles lar<\/span><\/td>\n<\/tr>\n<tr>\n<td style=\"border: 1px solid #707070; width: 159.663px;\"><strong><span style=\"font-family: arial, helvetica, sans-serif; font-size: 14px;\">Certificat :<\/span><\/strong><\/td>\n<td style=\"border: 1px solid #707070; width: 553.337px;\"><span style=\"font-family: arial, helvetica, sans-serif; font-size: 14px;\">CE, SGS<\/span><\/td>\n<\/tr>\n<tr>\n<td style=\"border: 1px solid #707070; width: 159.663px;\"><strong><span style=\"font-family: arial, helvetica, sans-serif; font-size: 14px;\">Conditions de paiement :<\/span><\/strong><\/td>\n<td style=\"border: 1px solid #707070; width: 553.337px;\"><span style=\"font-size: 14px;\">T\/T, L\/C, D<span style=\"color: #000000; font-family: Verdana, Arial, Helvetica, sans-serif; font-size: 14px; font-style: normal; font-weight: 400; background-color: #ffffff; float: none;\">\/<\/span>P<\/span><\/td>\n<\/tr>\n<tr>\n<td style=\"border: 1px solid #707070; width: 159.663px;\"><strong><span style=\"font-family: arial, helvetica, sans-serif; font-size: 14px;\">Avantage :<\/span><\/strong><\/td>\n<td style=\"border: 1px solid #707070; width: 553.337px;\"><span style=\"font-family: arial, helvetica, sans-serif; font-size: 14px;\">1) Service unique pour la pierre ;<\/span><\/p>\n<p><span style=\"font-family: arial, helvetica, sans-serif; font-size: 14px;\">2) poss\u00e8dent 3 carri\u00e8res et 9 usines ;<\/span><\/p>\n<p><span style=\"font-family: arial, helvetica, sans-serif; font-size: 14px;\">3) Des supports technologiques de pointe.<\/span><\/td>\n<\/tr>\n<tr>\n<td style=\"border: 1px solid #707070; width: 159.663px;\"><strong><span style=\"font-family: arial, helvetica, sans-serif; font-size: 14px;\">Assurance de la qualit\u00e9 et de la livraison :\u00a0<\/span><\/strong><\/td>\n<td style=\"border: 1px solid #707070; width: 553.337px;\"><span style=\"font-size: 14px;\">Tout au long du processus de production, du choix des mat\u00e9riaux \u00e0 l'emballage en passant par la fabrication, notre service de contr\u00f4le de la qualit\u00e9 contr\u00f4le rigoureusement chaque pi\u00e8ce et chaque processus afin de garantir le respect des normes de qualit\u00e9 et le respect des d\u00e9lais de livraison.<\/span><\/td>\n<\/tr>\n<\/tbody>\n<\/table>\n<\/div>\n<div style=\"padding: 10px 0px; text-align: center;\"><img loading=\"lazy\" decoding=\"async\" class=\"alignnone  wp-image-27654\" src=\"http:\/\/stone-phoenix.com\/wp-content\/uploads\/2023\/12\/Best-Granite-Supplier-Cheap-Granite-China-4.jpg\" alt=\"\" width=\"921\" height=\"659\" srcset=\"https:\/\/stone-phoenix.com\/wp-content\/uploads\/2023\/12\/Best-Granite-Supplier-Cheap-Granite-China-4.jpg 696w, https:\/\/stone-phoenix.com\/wp-content\/uploads\/2023\/12\/Best-Granite-Supplier-Cheap-Granite-China-4-300x215.jpg 300w, https:\/\/stone-phoenix.com\/wp-content\/uploads\/2023\/12\/Best-Granite-Supplier-Cheap-Granite-China-4-18x12.jpg 18w, https:\/\/stone-phoenix.com\/wp-content\/uploads\/2023\/12\/Best-Granite-Supplier-Cheap-Granite-China-4-600x429.jpg 600w, https:\/\/stone-phoenix.com\/wp-content\/uploads\/2023\/12\/Best-Granite-Supplier-Cheap-Granite-China-4-150x107.jpg 150w\" sizes=\"(max-width: 921px) 100vw, 921px\" \/><img loading=\"lazy\" decoding=\"async\" class=\"alignnone  wp-image-27655\" src=\"http:\/\/stone-phoenix.com\/wp-content\/uploads\/2023\/12\/Best-Granite-Supplier-Cheap-Granite-China-5.jpg\" alt=\"\" width=\"922\" height=\"695\" srcset=\"https:\/\/stone-phoenix.com\/wp-content\/uploads\/2023\/12\/Best-Granite-Supplier-Cheap-Granite-China-5.jpg 700w, https:\/\/stone-phoenix.com\/wp-content\/uploads\/2023\/12\/Best-Granite-Supplier-Cheap-Granite-China-5-300x226.jpg 300w, https:\/\/stone-phoenix.com\/wp-content\/uploads\/2023\/12\/Best-Granite-Supplier-Cheap-Granite-China-5-16x12.jpg 16w, https:\/\/stone-phoenix.com\/wp-content\/uploads\/2023\/12\/Best-Granite-Supplier-Cheap-Granite-China-5-600x453.jpg 600w, https:\/\/stone-phoenix.com\/wp-content\/uploads\/2023\/12\/Best-Granite-Supplier-Cheap-Granite-China-5-150x113.jpg 150w\" sizes=\"(max-width: 922px) 100vw, 922px\" \/><\/p>\n<\/div>\n<\/div>\n<\/div>","protected":false},"excerpt":{"rendered":"<p>Best Granite Supplier Cheap Granite China Granite is a popular and durable natural stone that is often used in residential<\/p>","protected":false},"featured_media":20254,"template":"","meta":[],"product_cat":[112],"product_tag":[],"_links":{"self":[{"href":"https:\/\/stone-phoenix.com\/fr\/wp-json\/wp\/v2\/product\/20253"}],"collection":[{"href":"https:\/\/stone-phoenix.com\/fr\/wp-json\/wp\/v2\/product"}],"about":[{"href":"https:\/\/stone-phoenix.com\/fr\/wp-json\/wp\/v2\/types\/product"}],"wp:featuredmedia":[{"embeddable":true,"href":"https:\/\/stone-phoenix.com\/fr\/wp-json\/wp\/v2\/media\/20254"}],"wp:attachment":[{"href":"https:\/\/stone-phoenix.com\/fr\/wp-json\/wp\/v2\/media?parent=20253"}],"wp:term":[{"taxonomy":"product_cat","embeddable":true,"href":"https:\/\/stone-phoenix.com\/fr\/wp-json\/wp\/v2\/product_cat?post=20253"},{"taxonomy":"product_tag","embeddable":true,"href":"https:\/\/stone-phoenix.com\/fr\/wp-json\/wp\/v2\/product_tag?post=20253"}],"curies":[{"name":"wp","href":"https:\/\/api.w.org\/{rel}","templated":true}]}}