{"id":20261,"date":"2023-12-29T20:06:48","date_gmt":"2023-12-29T12:06:48","guid":{"rendered":"http:\/\/stone-phoenix.com\/product\/green-galaxy-granite-wall-cladding-sparkle-pavement-tiles"},"modified":"2024-04-11T22:17:51","modified_gmt":"2024-04-11T14:17:51","slug":"green-galaxy-granite-wall-cladding-sparkle-pavement-tiles","status":"publish","type":"product","link":"https:\/\/stone-phoenix.com\/fr\/produit\/green-galaxy-granite-wall-cladding-sparkle-pavement-tiles","title":{"rendered":"rev\u00eatement mural en granit vert galaxie carreaux de pavage \u00e9tincelants"},"content":{"rendered":"<div id=\"tab-description\" class=\"woocommerce-Tabs-panel woocommerce-Tabs-panel--description panel entry-content wc-tab\" role=\"tabpanel\" aria-labelledby=\"tab-title-description\">\n<div id=\"ali-anchor-AliPostDhMb-6q8vw\" style=\"padding-top: 8px;\" data-section=\"AliPostDhMb-6q8vw\" data-section-title=\"Product Description\">\n<h2>rev\u00eatement mural en granit vert galaxie carreaux de pavage \u00e9tincelants<\/h2>\n<p>Le granit Green Galaxy est une pierre unique. Il est \u00e0 la fois d'une beaut\u00e9 saisissante, \u00e9l\u00e9gant et durable. Le point de d\u00e9part de notre Green Galaxy Granite provient de l'une des plus belles rivi\u00e8res du nord du Br\u00e9sil. Nous avons cherch\u00e9 pendant des ann\u00e9es avant de la trouver, puis nous avons d\u00fb attendre encore plus longtemps pour que sa couleur puisse se d\u00e9velopper de la bonne mani\u00e8re. Le r\u00e9sultat est une pierre d'une beaut\u00e9 \u00e9poustouflante, extr\u00eamement durable et exceptionnellement attrayante.<\/p>\n<p>Le Green Galaxy Granite est un granit rare et unique extrait en Inde et en Nouvelle-Z\u00e9lande. Cette pierre verte pr\u00e9sente un important d\u00e9p\u00f4t de min\u00e9raux microscopiques qui en font un produit de choix pour les propri\u00e9taires de maisons. C'est un bon choix pour les comptoirs de cuisine, les sols de salle de bains et les contours de douche, les bars humides, les contours de chemin\u00e9e et bien plus encore. Il existe dans une grande vari\u00e9t\u00e9 de couleurs, de styles et de tailles.<\/p>\n<p>Le Green Galaxy Granite se caract\u00e9rise par une couleur verte vive et \u00e9clatante, qui ressemble davantage \u00e0 une pierre pr\u00e9cieuse brute qu'\u00e0 une pierre naturelle. L'apparence est tout aussi unique que l'histoire de cette pierre, qui a \u00e9t\u00e9 d\u00e9couverte en 2008 sur la c\u00f4te est de l'Afrique du Sud. Elle est devenue un choix populaire pour les plans de travail en raison de sa couleur magnifique, de sa durabilit\u00e9 et de sa facilit\u00e9 d'installation.<\/p>\n<p>Ce produit est un granit unique et \u00e9l\u00e9gant. Ce granit pr\u00e9sente un m\u00e9lange exquis de couleurs vertes et grises, avec des taches occasionnelles de gris plus fonc\u00e9 et des nuances d'or qui offrent un contraste saisissant. Il a un toucher unique, ce qui le rend \u00e0 la fois confortable et \u00e9l\u00e9gant ! Cette pierre est \u00e9galement int\u00e9ressante pour ses bienfaits, car les tons verts sont cens\u00e9s avoir un effet calmant qui peut r\u00e9duire les niveaux de stress.<\/p>\n<div id=\"ali-title-AliPostDhMb-6q8vw\" style=\"padding: 8px 0; border-bottom: 1px solid #ddd;\"><span style=\"background-color: #ddd; color: #333; font-weight: bold; padding: 8px 10px; line-height: 12px;\">Description du produit<\/span><\/div>\n<div style=\"padding: 10px 0;\">\n<table class=\"aliDataTable\" style=\"color: #000000; font-family: Arial; font-size: 12px; font-style: normal; font-weight: 400; background-color: #ffffff; width: 698px; height: 226px; border: 1px solid #b3b3b3;\">\n<tbody>\n<tr>\n<td style=\"border: 1px solid #707070; width: 159.663px;\"><strong><span style=\"font-family: arial, helvetica, sans-serif; font-size: 14px;\">Nom du produit :<\/span><\/strong><\/td>\n<td style=\"border: 1px solid #707070; width: 553.337px;\"><span style=\"font-family: arial, helvetica, sans-serif; font-size: 14px;\">Granit divers<\/span><\/td>\n<\/tr>\n<tr>\n<td style=\"border: 1px solid #707070; width: 159.663px;\"><strong><span style=\"font-family: arial, helvetica, sans-serif; font-size: 14px;\">Mat\u00e9riau :<\/span><\/strong><\/td>\n<td style=\"border: 1px solid #707070; width: 553.337px;\"><span style=\"font-size: 14px;\">Granit<\/span><\/td>\n<\/tr>\n<tr>\n<td style=\"border: 1px solid #707070; width: 159.663px;\"><strong><span style=\"font-family: arial, helvetica, sans-serif; font-size: 14px;\">Couleur :<\/span><\/strong><\/td>\n<td style=\"border: 1px solid #707070; width: 553.337px;\"><span style=\"font-family: arial, helvetica, sans-serif; font-size: 14px;\">Blanc, noir, jaune, rouge, rose, gris, brun, bleu, vert, etc.<\/span><\/td>\n<\/tr>\n<tr>\n<td style=\"border: 1px solid #707070; width: 159.663px;\" rowspan=\"3\"><strong><span style=\"font-family: arial, helvetica, sans-serif; font-size: 14px;\">Taille :<\/span><\/strong><\/td>\n<td style=\"border: 1px solid #707070; width: 553.337px;\"><span style=\"text-decoration: underline;\"><span style=\"font-size: 14px;\">Carreaux disponibles <\/span><\/span><br \/>\n<span style=\"font-size: 14px;\">12\u2019x12\u2033,24\u2019x24\u2033,12\u2019x24\u2033,etc <\/span><span style=\"font-size: 14px;\">300x300mm,300x600mm,400x400mm,600x600mm,etc<\/span><\/td>\n<\/tr>\n<tr>\n<td style=\"border: 1px solid #707070; width: 553.337px;\"><span style=\"text-decoration: underline;\"><span style=\"font-size: 14px;\">Dalles disponibles <\/span><\/span><\/p>\n<p><span style=\"font-size: 14px;\">180cmUpx60UP,180cmUpx65cmUP,180cmUpx70cmUP,etc<\/span><br \/>\n<span style=\"font-size: 14px;\">240cmUpx120cmUP,etc<\/span><\/td>\n<\/tr>\n<tr>\n<td style=\"border: 1px solid #707070; width: 553.337px;\"><span style=\"font-family: arial, helvetica, sans-serif; font-size: 14px;\">Des sp\u00e9cifications personnalis\u00e9es sont disponibles<\/span><\/td>\n<\/tr>\n<tr>\n<td style=\"border: 1px solid #707070; width: 159.663px;\"><strong><span style=\"font-family: arial, helvetica, sans-serif; font-size: 14px;\">Tol\u00e9rance d'\u00e9paisseur :<\/span><\/strong><\/td>\n<td style=\"border: 1px solid #707070; width: 553.337px;\"><span style=\"font-family: arial, helvetica, sans-serif; font-size: 14px;\">\u00b10,05mm, \u00b11mm, \u00b11,5mm, \u00b12mm, selon les exigences de qualit\u00e9 du client<\/span><\/td>\n<\/tr>\n<tr>\n<td style=\"border: 1px solid #707070; width: 159.663px;\"><strong><span style=\"font-family: arial, helvetica, sans-serif; font-size: 14px;\">Surface :<\/span><\/strong><\/td>\n<td style=\"border: 1px solid #707070; width: 553.337px;\"><span style=\"font-family: arial, helvetica, sans-serif; font-size: 14px;\">P<\/span><span style=\"font-size: 14px;\">ol\u00e9, adouci, flamm\u00e9, sabl\u00e9, bouchard\u00e9, fendu naturel, flamm\u00e9 et bross\u00e9, etc.<\/span><\/td>\n<\/tr>\n<tr>\n<td style=\"border: 1px solid #707070; width: 159.663px;\"><strong><span style=\"font-family: arial, helvetica, sans-serif; font-size: 14px;\">Emballage :<\/span><\/strong><\/td>\n<td style=\"border: 1px solid #707070; width: 553.337px;\"><span style=\"font-size: 14px;\">Palettes en bois en \u00e9tat de navigabilit\u00e9, fardeaux en bois et caisses en bois<\/span><\/td>\n<\/tr>\n<tr>\n<td style=\"border: 1px solid #707070; width: 159.663px;\"><strong><span style=\"font-family: arial, helvetica, sans-serif; font-size: 14px;\">Application :<\/span><\/strong><\/td>\n<td style=\"border: 1px solid #707070; width: 553.337px;\"><span style=\"font-family: arial, helvetica, sans-serif; font-size: 14px;\">Sol, mur, motif, comptoir, d\u00e9coration int\u00e9rieure et ext\u00e9rieure<\/span><\/td>\n<\/tr>\n<tr>\n<td style=\"border: 1px solid #707070; width: 159.663px;\"><strong><span style=\"font-family: arial, helvetica, sans-serif; font-size: 14px;\">D\u00e9lai de livraison :<\/span><\/strong><\/td>\n<td style=\"border: 1px solid #707070; width: 553.337px;\"><span style=\"font-size: 14px;\">15-20 jours pour l'enregistrement<\/span><span style=\"font-family: arial, helvetica, sans-serif; font-size: 14px;\">tailles lar<\/span><\/td>\n<\/tr>\n<tr>\n<td style=\"border: 1px solid #707070; width: 159.663px;\"><strong><span style=\"font-family: arial, helvetica, sans-serif; font-size: 14px;\">Certificat :<\/span><\/strong><\/td>\n<td style=\"border: 1px solid #707070; width: 553.337px;\"><span style=\"font-family: arial, helvetica, sans-serif; font-size: 14px;\">CE, SGS<\/span><\/td>\n<\/tr>\n<tr>\n<td style=\"border: 1px solid #707070; width: 159.663px;\"><strong><span style=\"font-family: arial, helvetica, sans-serif; font-size: 14px;\">Conditions de paiement :<\/span><\/strong><\/td>\n<td style=\"border: 1px solid #707070; width: 553.337px;\"><span style=\"font-size: 14px;\">T\/T, L\/C, D<span style=\"color: #000000; font-family: Verdana, Arial, Helvetica, sans-serif; font-size: 14px; font-style: normal; font-weight: 400; background-color: #ffffff; float: none;\">\/<\/span>P<\/span><\/td>\n<\/tr>\n<tr>\n<td style=\"border: 1px solid #707070; width: 159.663px;\"><strong><span style=\"font-family: arial, helvetica, sans-serif; font-size: 14px;\">Avantage :<\/span><\/strong><\/td>\n<td style=\"border: 1px solid #707070; width: 553.337px;\"><span style=\"font-family: arial, helvetica, sans-serif; font-size: 14px;\">1) Service unique pour la pierre ;<\/span><\/p>\n<p><span style=\"font-family: arial, helvetica, sans-serif; font-size: 14px;\">2) poss\u00e8dent 3 carri\u00e8res et 9 usines ;<\/span><\/p>\n<p><span style=\"font-family: arial, helvetica, sans-serif; font-size: 14px;\">3) Des supports technologiques de pointe.<\/span><\/td>\n<\/tr>\n<tr>\n<td style=\"border: 1px solid #707070; width: 159.663px;\"><strong><span style=\"font-family: arial, helvetica, sans-serif; font-size: 14px;\">Assurance de la qualit\u00e9 et de la livraison :\u00a0<\/span><\/strong><\/td>\n<td style=\"border: 1px solid #707070; width: 553.337px;\"><span style=\"font-size: 14px;\">Tout au long du processus de production, du choix des mat\u00e9riaux \u00e0 l'emballage en passant par la fabrication, notre service de contr\u00f4le de la qualit\u00e9 contr\u00f4le rigoureusement chaque pi\u00e8ce et chaque processus afin de garantir le respect des normes de qualit\u00e9 et le respect des d\u00e9lais de livraison.<\/span><\/td>\n<\/tr>\n<\/tbody>\n<\/table>\n<p><img loading=\"lazy\" decoding=\"async\" class=\"alignnone size-full wp-image-27640\" src=\"http:\/\/stone-phoenix.com\/wp-content\/uploads\/2023\/12\/green-galaxy-granite-wall-cladding-sparkle-pavement-tiles-4.jpg\" alt=\"\" width=\"1123\" height=\"859\" srcset=\"https:\/\/stone-phoenix.com\/wp-content\/uploads\/2023\/12\/green-galaxy-granite-wall-cladding-sparkle-pavement-tiles-4.jpg 1123w, https:\/\/stone-phoenix.com\/wp-content\/uploads\/2023\/12\/green-galaxy-granite-wall-cladding-sparkle-pavement-tiles-4-300x229.jpg 300w, https:\/\/stone-phoenix.com\/wp-content\/uploads\/2023\/12\/green-galaxy-granite-wall-cladding-sparkle-pavement-tiles-4-1024x783.jpg 1024w, https:\/\/stone-phoenix.com\/wp-content\/uploads\/2023\/12\/green-galaxy-granite-wall-cladding-sparkle-pavement-tiles-4-768x587.jpg 768w, https:\/\/stone-phoenix.com\/wp-content\/uploads\/2023\/12\/green-galaxy-granite-wall-cladding-sparkle-pavement-tiles-4-16x12.jpg 16w, https:\/\/stone-phoenix.com\/wp-content\/uploads\/2023\/12\/green-galaxy-granite-wall-cladding-sparkle-pavement-tiles-4-600x459.jpg 600w, https:\/\/stone-phoenix.com\/wp-content\/uploads\/2023\/12\/green-galaxy-granite-wall-cladding-sparkle-pavement-tiles-4-150x115.jpg 150w\" sizes=\"(max-width: 1123px) 100vw, 1123px\" \/><img loading=\"lazy\" decoding=\"async\" class=\"alignnone  wp-image-27641\" src=\"http:\/\/stone-phoenix.com\/wp-content\/uploads\/2023\/12\/green-galaxy-granite-wall-cladding-sparkle-pavement-tiles-6-1.jpg\" alt=\"\" width=\"957\" height=\"1309\" srcset=\"https:\/\/stone-phoenix.com\/wp-content\/uploads\/2023\/12\/green-galaxy-granite-wall-cladding-sparkle-pavement-tiles-6-1.jpg 823w, https:\/\/stone-phoenix.com\/wp-content\/uploads\/2023\/12\/green-galaxy-granite-wall-cladding-sparkle-pavement-tiles-6-1-219x300.jpg 219w, https:\/\/stone-phoenix.com\/wp-content\/uploads\/2023\/12\/green-galaxy-granite-wall-cladding-sparkle-pavement-tiles-6-1-748x1024.jpg 748w, https:\/\/stone-phoenix.com\/wp-content\/uploads\/2023\/12\/green-galaxy-granite-wall-cladding-sparkle-pavement-tiles-6-1-768x1051.jpg 768w, https:\/\/stone-phoenix.com\/wp-content\/uploads\/2023\/12\/green-galaxy-granite-wall-cladding-sparkle-pavement-tiles-6-1-9x12.jpg 9w, https:\/\/stone-phoenix.com\/wp-content\/uploads\/2023\/12\/green-galaxy-granite-wall-cladding-sparkle-pavement-tiles-6-1-600x821.jpg 600w, https:\/\/stone-phoenix.com\/wp-content\/uploads\/2023\/12\/green-galaxy-granite-wall-cladding-sparkle-pavement-tiles-6-1-150x205.jpg 150w\" sizes=\"(max-width: 957px) 100vw, 957px\" \/><img loading=\"lazy\" decoding=\"async\" class=\"alignnone  wp-image-27642\" src=\"http:\/\/stone-phoenix.com\/wp-content\/uploads\/2023\/12\/green-galaxy-granite-wall-cladding-sparkle-pavement-tiles-5.jpg\" alt=\"\" width=\"956\" height=\"1676\" srcset=\"https:\/\/stone-phoenix.com\/wp-content\/uploads\/2023\/12\/green-galaxy-granite-wall-cladding-sparkle-pavement-tiles-5.jpg 639w, https:\/\/stone-phoenix.com\/wp-content\/uploads\/2023\/12\/green-galaxy-granite-wall-cladding-sparkle-pavement-tiles-5-171x300.jpg 171w, https:\/\/stone-phoenix.com\/wp-content\/uploads\/2023\/12\/green-galaxy-granite-wall-cladding-sparkle-pavement-tiles-5-584x1024.jpg 584w, https:\/\/stone-phoenix.com\/wp-content\/uploads\/2023\/12\/green-galaxy-granite-wall-cladding-sparkle-pavement-tiles-5-7x12.jpg 7w, https:\/\/stone-phoenix.com\/wp-content\/uploads\/2023\/12\/green-galaxy-granite-wall-cladding-sparkle-pavement-tiles-5-600x1052.jpg 600w, https:\/\/stone-phoenix.com\/wp-content\/uploads\/2023\/12\/green-galaxy-granite-wall-cladding-sparkle-pavement-tiles-5-150x263.jpg 150w\" sizes=\"(max-width: 956px) 100vw, 956px\" \/><\/p>\n<\/div>\n<\/div>\n<\/div>","protected":false},"excerpt":{"rendered":"<p>green galaxy granite wall cladding sparkle pavement tiles Green Galaxy Granite is a unique stone. It\u2019s strikingly beautiful, elegant, and<\/p>","protected":false},"featured_media":27635,"template":"","meta":[],"product_cat":[112],"product_tag":[],"_links":{"self":[{"href":"https:\/\/stone-phoenix.com\/fr\/wp-json\/wp\/v2\/product\/20261"}],"collection":[{"href":"https:\/\/stone-phoenix.com\/fr\/wp-json\/wp\/v2\/product"}],"about":[{"href":"https:\/\/stone-phoenix.com\/fr\/wp-json\/wp\/v2\/types\/product"}],"wp:featuredmedia":[{"embeddable":true,"href":"https:\/\/stone-phoenix.com\/fr\/wp-json\/wp\/v2\/media\/27635"}],"wp:attachment":[{"href":"https:\/\/stone-phoenix.com\/fr\/wp-json\/wp\/v2\/media?parent=20261"}],"wp:term":[{"taxonomy":"product_cat","embeddable":true,"href":"https:\/\/stone-phoenix.com\/fr\/wp-json\/wp\/v2\/product_cat?post=20261"},{"taxonomy":"product_tag","embeddable":true,"href":"https:\/\/stone-phoenix.com\/fr\/wp-json\/wp\/v2\/product_tag?post=20261"}],"curies":[{"name":"wp","href":"https:\/\/api.w.org\/{rel}","templated":true}]}}