{"id":20267,"date":"2023-12-29T20:06:58","date_gmt":"2023-12-29T12:06:58","guid":{"rendered":"http:\/\/stone-phoenix.com\/product\/cheap-granite-supplier-natural-stone-chinese"},"modified":"2024-04-11T22:07:34","modified_gmt":"2024-04-11T14:07:34","slug":"cheap-granite-supplier-natural-stone-chinese","status":"publish","type":"product","link":"https:\/\/stone-phoenix.com\/fr\/produit\/cheap-granite-supplier-natural-stone-chinese","title":{"rendered":"Granit bon march\u00e9 Fournisseur de pierres naturelles chinoises"},"content":{"rendered":"<div id=\"tab-description\" class=\"woocommerce-Tabs-panel woocommerce-Tabs-panel--description panel entry-content wc-tab\" role=\"tabpanel\" aria-labelledby=\"tab-title-description\">\n<div id=\"ali-anchor-AliPostDhMb-6q8vw\" style=\"padding-top: 8px;\" data-section=\"AliPostDhMb-6q8vw\" data-section-title=\"Product Description\">\n<div>\n<p>Lorsqu'il s'agit de choisir un fournisseur de granit pour votre projet de construction, il peut \u00eatre difficile de trouver un fournisseur qui propose du granit de haute qualit\u00e9 \u00e0 un prix raisonnable. Toutefois, il est important de garder \u00e0 l'esprit qu'un fournisseur de granit bon march\u00e9 n'est pas n\u00e9cessairement synonyme de granit de mauvaise qualit\u00e9. Voici quelques conseils pour trouver un fournisseur de granit fiable et bon march\u00e9.<\/p>\n<p>La premi\u00e8re chose \u00e0 faire est de rechercher diff\u00e9rents fournisseurs de granit dans votre r\u00e9gion. Vous pouvez commencer par rechercher en ligne des fournisseurs locaux et lire les commentaires de leurs clients. Il est \u00e9galement conseill\u00e9 de demander des recommandations \u00e0 des amis, des membres de la famille ou des coll\u00e8gues qui ont d\u00e9j\u00e0 travaill\u00e9 avec des fournisseurs de granit.<\/p>\n<p>Une fois que vous aurez dress\u00e9 une liste de fournisseurs potentiels, vous pourrez les contacter pour leur demander un devis. Veillez \u00e0 fournir des informations d\u00e9taill\u00e9es sur votre projet, notamment les dimensions, le type de granit et toute exigence particuli\u00e8re que vous pourriez avoir. Vous pourrez ensuite comparer les devis des diff\u00e9rents fournisseurs pour trouver celui qui offre le meilleur rapport qualit\u00e9-prix pour votre budget.<\/p>\n<p>Il est important de garder \u00e0 l'esprit qu'un fournisseur de granit bon march\u00e9 n'est pas toujours le meilleur choix. Vous devez \u00e9galement tenir compte de la qualit\u00e9 du granit et de la r\u00e9putation du fournisseur avant de prendre une d\u00e9cision. Veillez \u00e0 interroger le fournisseur sur la source de son granit, ses certifications et affiliations, et ses processus de contr\u00f4le de la qualit\u00e9.<\/p>\n<p>Vous devez \u00e9galement tenir compte des possibilit\u00e9s de livraison offertes par le fournisseur. Certains fournisseurs peuvent proposer une livraison gratuite dans un certain rayon, tandis que d'autres peuvent facturer des frais. Renseignez-vous \u00e9galement sur les d\u00e9lais de livraison afin de vous assurer que votre projet se d\u00e9roule dans les temps.<\/p>\n<p>Enfin, il est important de travailler avec un fournisseur de granit qui offre un excellent service \u00e0 la client\u00e8le. Il doit notamment \u00eatre disponible pour r\u00e9pondre \u00e0 toutes les questions que vous pourriez avoir, offrir des conseils d'expert sur l'installation et l'entretien, et fournir une assistance continue tout au long du processus.<\/p>\n<p>En conclusion, trouver un fournisseur de granit bon march\u00e9 peut n\u00e9cessiter quelques recherches et comparaisons, mais il est possible d'en trouver un qui propose du granit de haute qualit\u00e9 \u00e0 un prix abordable. En tenant compte de facteurs tels que la qualit\u00e9, la r\u00e9putation, les options de livraison et le service \u00e0 la client\u00e8le, vous pouvez trouver un fournisseur fiable qui r\u00e9pond \u00e0 vos besoins et \u00e0 votre budget.<\/p>\n<\/div>\n<div id=\"ali-title-AliPostDhMb-6q8vw\" style=\"padding: 8px 0; border-bottom: 1px solid #ddd;\"><span style=\"background-color: #ddd; color: #333; font-weight: bold; padding: 8px 10px; line-height: 12px;\">Description du produit<\/span><\/div>\n<div style=\"padding: 10px 0;\">\n<table class=\"aliDataTable\" style=\"color: #000000; font-family: Arial; font-size: 12px; font-style: normal; font-weight: 400; background-color: #ffffff; width: 698px; height: 226px; border: 1px solid #b3b3b3;\">\n<tbody>\n<tr>\n<td style=\"border: 1px solid #707070; width: 159.663px;\"><strong><span style=\"font-family: arial, helvetica, sans-serif; font-size: 14px;\">Nom du produit :<\/span><\/strong><\/td>\n<td style=\"border: 1px solid #707070; width: 553.337px;\">Pierre naturelle bon march\u00e9 Granit vert chinois Prix de gros<\/td>\n<\/tr>\n<tr>\n<td style=\"border: 1px solid #707070; width: 159.663px;\"><strong><span style=\"font-family: arial, helvetica, sans-serif; font-size: 14px;\">Mat\u00e9riau :<\/span><\/strong><\/td>\n<td style=\"border: 1px solid #707070; width: 553.337px;\"><span style=\"font-size: 14px;\">Granit<\/span><\/td>\n<\/tr>\n<tr>\n<td style=\"border: 1px solid #707070; width: 159.663px;\"><strong><span style=\"font-family: arial, helvetica, sans-serif; font-size: 14px;\">Couleur :<\/span><\/strong><\/td>\n<td style=\"border: 1px solid #707070; width: 553.337px;\"><span style=\"font-family: arial, helvetica, sans-serif; font-size: 14px;\">Blanc, noir, jaune, rouge, rose, gris, brun, bleu, vert, etc.<\/span><\/td>\n<\/tr>\n<tr>\n<td style=\"border: 1px solid #707070; width: 159.663px;\" rowspan=\"3\"><strong><span style=\"font-family: arial, helvetica, sans-serif; font-size: 14px;\">Taille :<\/span><\/strong><\/td>\n<td style=\"border: 1px solid #707070; width: 553.337px;\"><span style=\"text-decoration: underline;\"><span style=\"font-size: 14px;\">Carreaux disponibles <\/span><\/span><br \/>\n<span style=\"font-size: 14px;\">12\u2019x12\u2033,24\u2019x24\u2033,12\u2019x24\u2033,etc <\/span><\/p>\n<p><span style=\"font-size: 14px;\">300x300mm,300x600mm,400x400mm,600x600mm,etc<\/span><\/td>\n<\/tr>\n<tr>\n<td style=\"border: 1px solid #707070; width: 553.337px;\"><span style=\"text-decoration: underline;\"><span style=\"font-size: 14px;\">Dalles disponibles <\/span><\/span><\/p>\n<p><span style=\"font-size: 14px;\">180cmUpx60UP,180cmUpx65cmUP,180cmUpx70cmUP,etc<\/span><br \/>\n<span style=\"font-size: 14px;\">240cmUpx120cmUP,etc<\/span><\/td>\n<\/tr>\n<tr>\n<td style=\"border: 1px solid #707070; width: 553.337px;\"><span style=\"font-family: arial, helvetica, sans-serif; font-size: 14px;\">Des sp\u00e9cifications personnalis\u00e9es sont disponibles<\/span><\/td>\n<\/tr>\n<tr>\n<td style=\"border: 1px solid #707070; width: 159.663px;\"><strong><span style=\"font-family: arial, helvetica, sans-serif; font-size: 14px;\">Tol\u00e9rance d'\u00e9paisseur :<\/span><\/strong><\/td>\n<td style=\"border: 1px solid #707070; width: 553.337px;\"><span style=\"font-family: arial, helvetica, sans-serif; font-size: 14px;\">\u00b10,05mm, \u00b11mm, \u00b11,5mm, \u00b12mm, selon les exigences de qualit\u00e9 du client<\/span><\/td>\n<\/tr>\n<tr>\n<td style=\"border: 1px solid #707070; width: 159.663px;\"><strong><span style=\"font-family: arial, helvetica, sans-serif; font-size: 14px;\">Surface :<\/span><\/strong><\/td>\n<td style=\"border: 1px solid #707070; width: 553.337px;\"><span style=\"font-family: arial, helvetica, sans-serif; font-size: 14px;\">P<\/span><span style=\"font-size: 14px;\">ol\u00e9, adouci, flamm\u00e9, sabl\u00e9, bouchard\u00e9, fendu naturel, flamm\u00e9 et bross\u00e9, etc.<\/span><\/td>\n<\/tr>\n<tr>\n<td style=\"border: 1px solid #707070; width: 159.663px;\"><strong><span style=\"font-family: arial, helvetica, sans-serif; font-size: 14px;\">Emballage :<\/span><\/strong><\/td>\n<td style=\"border: 1px solid #707070; width: 553.337px;\"><span style=\"font-size: 14px;\">Palettes en bois en \u00e9tat de navigabilit\u00e9, fardeaux en bois et caisses en bois<\/span><\/td>\n<\/tr>\n<tr>\n<td style=\"border: 1px solid #707070; width: 159.663px;\"><strong><span style=\"font-family: arial, helvetica, sans-serif; font-size: 14px;\">Application :<\/span><\/strong><\/td>\n<td style=\"border: 1px solid #707070; width: 553.337px;\"><span style=\"font-family: arial, helvetica, sans-serif; font-size: 14px;\">Sol, mur, motif, comptoir, d\u00e9coration int\u00e9rieure et ext\u00e9rieure<\/span><\/td>\n<\/tr>\n<tr>\n<td style=\"border: 1px solid #707070; width: 159.663px;\"><strong><span style=\"font-family: arial, helvetica, sans-serif; font-size: 14px;\">D\u00e9lai de livraison :<\/span><\/strong><\/td>\n<td style=\"border: 1px solid #707070; width: 553.337px;\"><span style=\"font-size: 14px;\">15-20 jours pour l'enregistrement<\/span><span style=\"font-family: arial, helvetica, sans-serif; font-size: 14px;\">tailles lar<\/span><\/td>\n<\/tr>\n<tr>\n<td style=\"border: 1px solid #707070; width: 159.663px;\"><strong><span style=\"font-family: arial, helvetica, sans-serif; font-size: 14px;\">Certificat :<\/span><\/strong><\/td>\n<td style=\"border: 1px solid #707070; width: 553.337px;\"><span style=\"font-family: arial, helvetica, sans-serif; font-size: 14px;\">CE, SGS<\/span><\/td>\n<\/tr>\n<tr>\n<td style=\"border: 1px solid #707070; width: 159.663px;\"><strong><span style=\"font-family: arial, helvetica, sans-serif; font-size: 14px;\">Conditions de paiement :<\/span><\/strong><\/td>\n<td style=\"border: 1px solid #707070; width: 553.337px;\"><span style=\"font-size: 14px;\">T\/T, L\/C, D<span style=\"color: #000000; font-family: Verdana, Arial, Helvetica, sans-serif; font-size: 14px; font-style: normal; font-weight: 400; background-color: #ffffff; float: none;\">\/<\/span>P<\/span><\/td>\n<\/tr>\n<tr>\n<td style=\"border: 1px solid #707070; width: 159.663px;\"><strong><span style=\"font-family: arial, helvetica, sans-serif; font-size: 14px;\">Avantage :<\/span><\/strong><\/td>\n<td style=\"border: 1px solid #707070; width: 553.337px;\"><span style=\"font-family: arial, helvetica, sans-serif; font-size: 14px;\">1) Service unique pour la pierre ;<\/span><\/p>\n<p><span style=\"font-family: arial, helvetica, sans-serif; font-size: 14px;\">2) poss\u00e8dent 3 carri\u00e8res et 9 usines ;<\/span><\/p>\n<p><span style=\"font-family: arial, helvetica, sans-serif; font-size: 14px;\">3) Des supports technologiques de pointe.<\/span><\/td>\n<\/tr>\n<tr>\n<td style=\"border: 1px solid #707070; width: 159.663px;\"><strong><span style=\"font-family: arial, helvetica, sans-serif; font-size: 14px;\">Assurance de la qualit\u00e9 et de la livraison :\u00a0<\/span><\/strong><\/td>\n<td style=\"border: 1px solid #707070; width: 553.337px;\"><span style=\"font-size: 14px;\">Tout au long du processus de production, du choix des mat\u00e9riaux \u00e0 l'emballage en passant par la fabrication, notre service de contr\u00f4le de la qualit\u00e9 contr\u00f4le rigoureusement chaque pi\u00e8ce et chaque processus afin de garantir le respect des normes de qualit\u00e9 et le respect des d\u00e9lais de livraison.<\/span><\/td>\n<\/tr>\n<\/tbody>\n<\/table>\n<\/div>\n<div style=\"padding: 10px 0;\">\n<p>&nbsp;<\/p>\n<p><img loading=\"lazy\" decoding=\"async\" class=\"alignnone size-full wp-image-27632\" src=\"http:\/\/stone-phoenix.com\/wp-content\/uploads\/2023\/12\/Cheap-Granite-Supplier-Natural-Stone-Chinese-3.jpg\" alt=\"\" width=\"1119\" height=\"1119\" srcset=\"https:\/\/stone-phoenix.com\/wp-content\/uploads\/2023\/12\/Cheap-Granite-Supplier-Natural-Stone-Chinese-3.jpg 1119w, https:\/\/stone-phoenix.com\/wp-content\/uploads\/2023\/12\/Cheap-Granite-Supplier-Natural-Stone-Chinese-3-300x300.jpg 300w, https:\/\/stone-phoenix.com\/wp-content\/uploads\/2023\/12\/Cheap-Granite-Supplier-Natural-Stone-Chinese-3-1024x1024.jpg 1024w, https:\/\/stone-phoenix.com\/wp-content\/uploads\/2023\/12\/Cheap-Granite-Supplier-Natural-Stone-Chinese-3-150x150.jpg 150w, https:\/\/stone-phoenix.com\/wp-content\/uploads\/2023\/12\/Cheap-Granite-Supplier-Natural-Stone-Chinese-3-768x768.jpg 768w, https:\/\/stone-phoenix.com\/wp-content\/uploads\/2023\/12\/Cheap-Granite-Supplier-Natural-Stone-Chinese-3-12x12.jpg 12w, https:\/\/stone-phoenix.com\/wp-content\/uploads\/2023\/12\/Cheap-Granite-Supplier-Natural-Stone-Chinese-3-600x600.jpg 600w\" sizes=\"(max-width: 1119px) 100vw, 1119px\" \/><img loading=\"lazy\" decoding=\"async\" class=\"alignnone size-full wp-image-27634\" src=\"http:\/\/stone-phoenix.com\/wp-content\/uploads\/2023\/12\/Cheap-Granite-Supplier-Natural-Stone-Chinese-4.jpg\" alt=\"\" width=\"1108\" height=\"762\" srcset=\"https:\/\/stone-phoenix.com\/wp-content\/uploads\/2023\/12\/Cheap-Granite-Supplier-Natural-Stone-Chinese-4.jpg 1108w, https:\/\/stone-phoenix.com\/wp-content\/uploads\/2023\/12\/Cheap-Granite-Supplier-Natural-Stone-Chinese-4-300x206.jpg 300w, https:\/\/stone-phoenix.com\/wp-content\/uploads\/2023\/12\/Cheap-Granite-Supplier-Natural-Stone-Chinese-4-1024x704.jpg 1024w, https:\/\/stone-phoenix.com\/wp-content\/uploads\/2023\/12\/Cheap-Granite-Supplier-Natural-Stone-Chinese-4-768x528.jpg 768w, https:\/\/stone-phoenix.com\/wp-content\/uploads\/2023\/12\/Cheap-Granite-Supplier-Natural-Stone-Chinese-4-18x12.jpg 18w, https:\/\/stone-phoenix.com\/wp-content\/uploads\/2023\/12\/Cheap-Granite-Supplier-Natural-Stone-Chinese-4-600x413.jpg 600w, https:\/\/stone-phoenix.com\/wp-content\/uploads\/2023\/12\/Cheap-Granite-Supplier-Natural-Stone-Chinese-4-150x103.jpg 150w\" sizes=\"(max-width: 1108px) 100vw, 1108px\" \/><\/p>\n<\/div>\n<\/div>\n<\/div>","protected":false},"excerpt":{"rendered":"<p>When it comes to selecting a granite supplier for your construction project, finding a supplier that offers high-quality granite at<\/p>","protected":false},"featured_media":27630,"template":"","meta":[],"product_cat":[112],"product_tag":[],"_links":{"self":[{"href":"https:\/\/stone-phoenix.com\/fr\/wp-json\/wp\/v2\/product\/20267"}],"collection":[{"href":"https:\/\/stone-phoenix.com\/fr\/wp-json\/wp\/v2\/product"}],"about":[{"href":"https:\/\/stone-phoenix.com\/fr\/wp-json\/wp\/v2\/types\/product"}],"wp:featuredmedia":[{"embeddable":true,"href":"https:\/\/stone-phoenix.com\/fr\/wp-json\/wp\/v2\/media\/27630"}],"wp:attachment":[{"href":"https:\/\/stone-phoenix.com\/fr\/wp-json\/wp\/v2\/media?parent=20267"}],"wp:term":[{"taxonomy":"product_cat","embeddable":true,"href":"https:\/\/stone-phoenix.com\/fr\/wp-json\/wp\/v2\/product_cat?post=20267"},{"taxonomy":"product_tag","embeddable":true,"href":"https:\/\/stone-phoenix.com\/fr\/wp-json\/wp\/v2\/product_tag?post=20267"}],"curies":[{"name":"wp","href":"https:\/\/api.w.org\/{rel}","templated":true}]}}