{"id":20282,"date":"2023-12-29T20:07:27","date_gmt":"2023-12-29T12:07:27","guid":{"rendered":"http:\/\/stone-phoenix.com\/product\/stone-paving-slabs-factory-cheap-patio-paver-stones"},"modified":"2024-04-11T21:10:58","modified_gmt":"2024-04-11T13:10:58","slug":"stone-paving-slabs-factory-cheap-patio-paver-stones","status":"publish","type":"product","link":"https:\/\/stone-phoenix.com\/fr\/produit\/stone-paving-slabs-factory-cheap-patio-paver-stones","title":{"rendered":"dalles de pavage en pierre usine pav\u00e9s de patio bon march\u00e9"},"content":{"rendered":"<div id=\"tab-description\" class=\"woocommerce-Tabs-panel woocommerce-Tabs-panel--description panel entry-content wc-tab\" role=\"tabpanel\" aria-labelledby=\"tab-title-description\">\n<h2>dalles en pierre usine de pav\u00e9s de terrasse bon march\u00e9 g603 granit gris<\/h2>\n<p>Une usine de dalles de pierre est une installation de fabrication sp\u00e9cialis\u00e9e dans la production de dalles de pierre. Ces dalles sont fabriqu\u00e9es \u00e0 partir de divers mat\u00e9riaux, notamment le granit, le marbre et le calcaire, et sont utilis\u00e9es pour diverses applications, notamment les all\u00e9es, les terrasses, les trottoirs et les rev\u00eatements de sol.<\/p>\n<p>Le processus de fabrication des dalles de pierre commence par la s\u00e9lection des mati\u00e8res premi\u00e8res. Les mati\u00e8res premi\u00e8res sont g\u00e9n\u00e9ralement extraites de carri\u00e8res, puis transport\u00e9es \u00e0 l'usine o\u00f9 elles sont coup\u00e9es et fa\u00e7onn\u00e9es en dalles \u00e0 l'aide d'\u00e9quipements sp\u00e9cialis\u00e9s tels que des scies et des polisseuses.<\/p>\n<p>Une fois que les mati\u00e8res premi\u00e8res ont \u00e9t\u00e9 coup\u00e9es et fa\u00e7onn\u00e9es en dalles, elles sont inspect\u00e9es pour en v\u00e9rifier la qualit\u00e9 et les d\u00e9fauts. Toute dalle d\u00e9fectueuse est retir\u00e9e du processus de production et mise au rebut. Les dalles restantes sont ensuite transport\u00e9es vers la zone de finition o\u00f9 elles sont polies et finies pour atteindre un niveau de qualit\u00e9 \u00e9lev\u00e9.<\/p>\n<p>Une fois les dalles termin\u00e9es, elles sont emball\u00e9es et exp\u00e9di\u00e9es aux distributeurs ou directement aux clients. L'usine de dalles de pierre peut \u00e9galement disposer d'une salle d'exposition ou d'un bureau de vente o\u00f9 les clients peuvent voir et acheter les produits finis.<\/p>\n<p>Outre la production de dalles de pierre, de nombreuses usines de dalles de pierre proposent \u00e9galement des services de fabrication sur mesure. Cela signifie qu'elles peuvent cr\u00e9er des dalles de taille et de forme personnalis\u00e9es pour r\u00e9pondre aux besoins sp\u00e9cifiques de leurs clients.<\/p>\n<p>L'industrie des dalles de pierre est un secteur concurrentiel et les usines doivent constamment s'efforcer d'am\u00e9liorer la qualit\u00e9 de leurs produits et de r\u00e9duire leurs co\u00fbts de production afin de rester comp\u00e9titives. Cela peut impliquer d'investir dans de nouvelles technologies et de nouveaux \u00e9quipements, de mettre en \u0153uvre des processus de production all\u00e9g\u00e9s et de former les employ\u00e9s aux techniques de production les plus r\u00e9centes.<\/p>\n<p>Dans l'ensemble, les usines de dalles de pierre jouent un r\u00f4le essentiel dans l'industrie de la construction, en fournissant un mat\u00e9riau durable et attrayant qui est utilis\u00e9 dans une vari\u00e9t\u00e9 d'applications.<\/p>\n<div id=\"ali-anchor-AliPostDhMb-10ic2\" style=\"padding-top: 8px;\" data-section=\"AliPostDhMb-10ic2\" data-section-title=\"Product Description\">\n<div id=\"ali-title-AliPostDhMb-10ic2\" style=\"padding: 8px 0; border-bottom: 1px solid #ddd;\"><span style=\"background-color: #ddd; color: #333; font-weight: bold; padding: 8px 10px; line-height: 12px;\">Description du produit<\/span><\/div>\n<div style=\"padding: 10px 0;\">\n<table class=\"aliDataTable\" style=\"color: #000000; font-family: Arial; font-size: 12px; font-style: normal; font-weight: 400; background-color: #ffffff; width: 750px; height: 226px; border: 1px solid #b3b3b3;\">\n<tbody>\n<tr style=\"height: 42px;\">\n<td style=\"border: 1px solid #b3b3b3; width: 162px; height: 42px;\"><strong><span style=\"font-family: arial, helvetica, sans-serif; font-size: 14px;\">Nom du produit :<\/span><\/strong><\/td>\n<td style=\"border: 1px solid #b3b3b3; width: 595.066px; height: 42px;\"><span style=\"font-family: arial, helvetica, sans-serif; font-size: 14px;\">Divers pav\u00e9s en granit<\/span><\/td>\n<\/tr>\n<tr style=\"height: 21px;\">\n<td style=\"border: 1px solid #b3b3b3; width: 162px; height: 21px;\"><strong><span style=\"font-family: arial, helvetica, sans-serif; font-size: 14px;\">Mat\u00e9riau :<\/span><\/strong><\/td>\n<td style=\"border: 1px solid #b3b3b3; width: 595.066px; height: 21px;\"><span style=\"font-family: arial, helvetica, sans-serif; font-size: 14px;\">Granit G562, granit G603, granit G654, granit G682, etc.<\/span><\/td>\n<\/tr>\n<tr style=\"height: 44px;\">\n<td style=\"border: 1px solid #b3b3b3; width: 162px; height: 65px;\" rowspan=\"2\">\n<p style=\"margin: 0px; padding: 0px;\"><strong><span style=\"font-family: arial, helvetica, sans-serif; font-size: 14px;\">Taille :<\/span><\/strong><\/p>\n<\/td>\n<td style=\"border: 1px solid #b3b3b3; width: 595.066px; height: 44px;\"><span style=\"font-size: 14px;\">Tailles<\/span><br \/>\n<span style=\"font-size: 14px;\">5X5X5CM,8X8X8CM,9X9X9CM,10X10X10CM,10x10x5cm,<\/span><span style=\"font-size: 14px;\">10x20x5cm,9.5\u00d79.5x4CM,19.5\u00d719.5x4CM,22X11X5CM,<\/span><\/p>\n<p><span style=\"font-size: 14px;\">16.5X11.5X5CM,19.7X19.7X8CM,14.5X14.5X8CM,16X16X16CM,<\/span><\/p>\n<p><span style=\"font-size: 14px;\">22X16X16CM,27x18x9cm,18x18x9cm,18x18x18CM <\/span><\/p>\n<p><span style=\"font-size: 14px;\">ou sur mesure<\/span><\/td>\n<\/tr>\n<tr style=\"height: 21px;\">\n<td style=\"border: 1px solid #b3b3b3; width: 595.066px; height: 21px;\"><span style=\"font-family: arial, helvetica, sans-serif; font-size: 14px;\">Des sp\u00e9cifications personnalis\u00e9es sont disponibles<\/span><\/td>\n<\/tr>\n<tr style=\"height: 42px;\">\n<td style=\"border: 1px solid #b3b3b3; width: 162px; height: 42px;\"><strong><span style=\"font-family: arial, helvetica, sans-serif; font-size: 14px;\">Tol\u00e9rance d'\u00e9paisseur :<\/span><\/strong><\/td>\n<td style=\"border: 1px solid #b3b3b3; width: 595.066px; height: 42px;\"><span style=\"font-size: 14px; font-family: arial, helvetica, sans-serif;\">\u00b11mm, \u00b11,5mm, \u00b12mm, selon les exigences de qualit\u00e9 du client<\/span><\/td>\n<\/tr>\n<tr style=\"height: 126px;\">\n<td style=\"border: 1px solid #b3b3b3; width: 162px; height: 126px;\">\n<p style=\"margin: 0px; padding: 0px;\"><strong><span style=\"font-family: arial, helvetica, sans-serif; font-size: 14px;\">Surface :<\/span><\/strong><\/p>\n<\/td>\n<td style=\"border: 1px solid #b3b3b3; width: 595.066px; height: 126px;\"><span style=\"font-size: 14px;\">Finition<\/span><br \/>\n<span style=\"font-size: 14px;\">a. Fente naturelle sur tous les c\u00f4t\u00e9s<\/span><br \/>\n<span style=\"font-size: 14px;\">b. Toutes les faces sont sci\u00e9es<\/span><br \/>\n<span style=\"font-size: 14px;\">c. 5 c\u00f4t\u00e9s coup\u00e9s \u00e0 la scie, surface fendue naturellement<\/span><br \/>\n<span style=\"font-size: 14px;\">d. 5 faces coup\u00e9es \u00e0 la scie, surface flamm\u00e9e<\/span><br \/>\n<span style=\"font-size: 14px;\">e. 4 c\u00f4t\u00e9s coup\u00e9s \u00e0 la scie, fendu naturel en haut, tambourin\u00e9, dos en maille\u00a0<\/span><\/td>\n<\/tr>\n<tr style=\"height: 21px;\">\n<td style=\"border: 1px solid #b3b3b3; width: 162px; height: 21px;\"><strong><span style=\"font-family: arial, helvetica, sans-serif; font-size: 14px;\">Emballage :<\/span><\/strong><\/td>\n<td style=\"border: 1px solid #b3b3b3; width: 595.066px; height: 21px;\"><span style=\"font-family: arial, helvetica, sans-serif; font-size: 14px;\">Fardeaux et caisses en bois en \u00e9tat de navigabilit\u00e9<\/span><\/td>\n<\/tr>\n<tr style=\"height: 21px;\">\n<td style=\"border: 1px solid #b3b3b3; width: 162px; height: 21px;\"><strong><span style=\"font-family: arial, helvetica, sans-serif; font-size: 14px;\">Application :<\/span><\/strong><\/td>\n<td style=\"border: 1px solid #b3b3b3; width: 595.066px; height: 21px;\"><span style=\"font-family: arial, helvetica, sans-serif; font-size: 14px;\">Largement utilis\u00e9 pour la d\u00e9coration int\u00e9rieure et ext\u00e9rieure<\/span><\/td>\n<\/tr>\n<tr style=\"height: 42px;\">\n<td style=\"border: 1px solid #b3b3b3; width: 162px; height: 42px;\"><strong><span style=\"font-family: arial, helvetica, sans-serif; font-size: 14px;\">D\u00e9lai de livraison :<\/span><\/strong><\/td>\n<td style=\"border: 1px solid #b3b3b3; width: 595.066px; height: 42px;\"><span style=\"font-family: arial, helvetica, sans-serif; font-size: 14px;\">15-20 jours pour les tailles normales<\/span><\/td>\n<\/tr>\n<tr style=\"height: 21px;\">\n<td style=\"border: 1px solid #b3b3b3; width: 162px; height: 21px;\">\n<p style=\"margin: 0px; padding: 0px;\"><strong><span style=\"font-family: arial, helvetica, sans-serif; font-size: 14px;\">Certificat :<\/span><\/strong><\/p>\n<\/td>\n<td style=\"border: 1px solid #b3b3b3; width: 595.066px; height: 21px;\"><span style=\"font-family: arial, helvetica, sans-serif; font-size: 14px;\">CE, SGS<\/span><\/td>\n<\/tr>\n<tr style=\"height: 42px;\">\n<td style=\"border: 1px solid #b3b3b3; width: 162px; height: 42px;\">\n<p style=\"margin: 0px; padding: 0px;\"><strong><span style=\"font-family: arial, helvetica, sans-serif; font-size: 14px;\">Conditions de paiement :<\/span><\/strong><\/p>\n<\/td>\n<td style=\"border: 1px solid #b3b3b3; width: 595.066px; height: 42px;\"><span style=\"font-family: arial, helvetica, sans-serif; font-size: 14px;\">T\/T, L\/C, D\/P<\/span><\/td>\n<\/tr>\n<tr style=\"height: 63px;\">\n<td style=\"border: 1px solid #b3b3b3; width: 162px; height: 63px;\"><strong><span style=\"font-family: arial, helvetica, sans-serif; font-size: 14px;\">Avantage :<\/span><\/strong><\/td>\n<td style=\"border: 1px solid #b3b3b3; width: 595.066px; height: 63px;\">\n<p style=\"margin: 0px; padding: 0px;\"><span style=\"font-family: arial, helvetica, sans-serif; font-size: 14px;\">1) Service unique pour la pierre ;<\/span><\/p>\n<p style=\"margin: 0px; padding: 0px;\"><span style=\"font-family: arial, helvetica, sans-serif; font-size: 14px;\">2) Poss\u00e9der 3 carri\u00e8res et 9 usines ;<\/span><\/p>\n<p style=\"margin: 0px; padding: 0px;\"><span style=\"font-family: arial, helvetica, sans-serif; font-size: 14px;\">3) Soutien \u00e0 la conception et \u00e0 la technologie.<\/span><\/p>\n<\/td>\n<\/tr>\n<tr style=\"height: 84px;\">\n<td style=\"border: 1px solid #b3b3b3; width: 162px; height: 84px;\"><strong><span style=\"font-family: arial, helvetica, sans-serif; font-size: 14px;\">Assurance de la qualit\u00e9 et de la livraison :\u00a0<\/span><\/strong><\/td>\n<td style=\"border: 1px solid #b3b3b3; width: 595.066px; height: 84px;\">\n<p style=\"margin: 0px; padding: 0px;\"><span style=\"font-family: arial, helvetica, sans-serif; font-size: 14px;\">Tout au long du processus de production, du choix des mat\u00e9riaux \u00e0 l'emballage en passant par la fabrication, notre service de contr\u00f4le de la qualit\u00e9 contr\u00f4le rigoureusement chaque pi\u00e8ce et chaque processus afin de garantir le respect des normes de qualit\u00e9 et le respect des d\u00e9lais de livraison.<\/span><\/p>\n<\/td>\n<\/tr>\n<\/tbody>\n<\/table>\n<p><img loading=\"lazy\" decoding=\"async\" class=\"alignnone size-full wp-image-27613\" src=\"http:\/\/stone-phoenix.com\/wp-content\/uploads\/2023\/12\/stone-paving-slabs-factory-Cheap-Patio-Paver-Stones-6.jpg\" alt=\"\" width=\"880\" height=\"729\" srcset=\"https:\/\/stone-phoenix.com\/wp-content\/uploads\/2023\/12\/stone-paving-slabs-factory-Cheap-Patio-Paver-Stones-6.jpg 880w, https:\/\/stone-phoenix.com\/wp-content\/uploads\/2023\/12\/stone-paving-slabs-factory-Cheap-Patio-Paver-Stones-6-300x249.jpg 300w, https:\/\/stone-phoenix.com\/wp-content\/uploads\/2023\/12\/stone-paving-slabs-factory-Cheap-Patio-Paver-Stones-6-768x636.jpg 768w, https:\/\/stone-phoenix.com\/wp-content\/uploads\/2023\/12\/stone-paving-slabs-factory-Cheap-Patio-Paver-Stones-6-14x12.jpg 14w, https:\/\/stone-phoenix.com\/wp-content\/uploads\/2023\/12\/stone-paving-slabs-factory-Cheap-Patio-Paver-Stones-6-600x497.jpg 600w, https:\/\/stone-phoenix.com\/wp-content\/uploads\/2023\/12\/stone-paving-slabs-factory-Cheap-Patio-Paver-Stones-6-150x124.jpg 150w\" sizes=\"(max-width: 880px) 100vw, 880px\" \/><img loading=\"lazy\" decoding=\"async\" class=\"alignnone wp-image-27614\" src=\"http:\/\/stone-phoenix.com\/wp-content\/uploads\/2023\/12\/stone-paving-slabs-factory-Cheap-Patio-Paver-Stones-10.jpg\" alt=\"\" width=\"882\" height=\"1055\" srcset=\"https:\/\/stone-phoenix.com\/wp-content\/uploads\/2023\/12\/stone-paving-slabs-factory-Cheap-Patio-Paver-Stones-10.jpg 439w, https:\/\/stone-phoenix.com\/wp-content\/uploads\/2023\/12\/stone-paving-slabs-factory-Cheap-Patio-Paver-Stones-10-251x300.jpg 251w, https:\/\/stone-phoenix.com\/wp-content\/uploads\/2023\/12\/stone-paving-slabs-factory-Cheap-Patio-Paver-Stones-10-10x12.jpg 10w, https:\/\/stone-phoenix.com\/wp-content\/uploads\/2023\/12\/stone-paving-slabs-factory-Cheap-Patio-Paver-Stones-10-150x179.jpg 150w\" sizes=\"(max-width: 882px) 100vw, 882px\" \/><img loading=\"lazy\" decoding=\"async\" class=\"alignnone  wp-image-27609\" src=\"http:\/\/stone-phoenix.com\/wp-content\/uploads\/2023\/12\/stone-paving-slabs-factory-Cheap-Patio-Paver-Stones-14.jpg\" alt=\"\" width=\"881\" height=\"488\" srcset=\"https:\/\/stone-phoenix.com\/wp-content\/uploads\/2023\/12\/stone-paving-slabs-factory-Cheap-Patio-Paver-Stones-14.jpg 699w, https:\/\/stone-phoenix.com\/wp-content\/uploads\/2023\/12\/stone-paving-slabs-factory-Cheap-Patio-Paver-Stones-14-300x166.jpg 300w, https:\/\/stone-phoenix.com\/wp-content\/uploads\/2023\/12\/stone-paving-slabs-factory-Cheap-Patio-Paver-Stones-14-18x10.jpg 18w, https:\/\/stone-phoenix.com\/wp-content\/uploads\/2023\/12\/stone-paving-slabs-factory-Cheap-Patio-Paver-Stones-14-600x332.jpg 600w, https:\/\/stone-phoenix.com\/wp-content\/uploads\/2023\/12\/stone-paving-slabs-factory-Cheap-Patio-Paver-Stones-14-150x83.jpg 150w\" sizes=\"(max-width: 881px) 100vw, 881px\" \/><\/p>\n<\/div>\n<\/div>\n<\/div>","protected":false},"excerpt":{"rendered":"<p>stone paving slabs factory cheap patio paver stones g603 grey granite A stone paving slabs factory is a manufacturing facility<\/p>","protected":false},"featured_media":20283,"template":"","meta":[],"product_cat":[112],"product_tag":[],"_links":{"self":[{"href":"https:\/\/stone-phoenix.com\/fr\/wp-json\/wp\/v2\/product\/20282"}],"collection":[{"href":"https:\/\/stone-phoenix.com\/fr\/wp-json\/wp\/v2\/product"}],"about":[{"href":"https:\/\/stone-phoenix.com\/fr\/wp-json\/wp\/v2\/types\/product"}],"wp:featuredmedia":[{"embeddable":true,"href":"https:\/\/stone-phoenix.com\/fr\/wp-json\/wp\/v2\/media\/20283"}],"wp:attachment":[{"href":"https:\/\/stone-phoenix.com\/fr\/wp-json\/wp\/v2\/media?parent=20282"}],"wp:term":[{"taxonomy":"product_cat","embeddable":true,"href":"https:\/\/stone-phoenix.com\/fr\/wp-json\/wp\/v2\/product_cat?post=20282"},{"taxonomy":"product_tag","embeddable":true,"href":"https:\/\/stone-phoenix.com\/fr\/wp-json\/wp\/v2\/product_tag?post=20282"}],"curies":[{"name":"wp","href":"https:\/\/api.w.org\/{rel}","templated":true}]}}