{"id":20286,"date":"2023-12-29T20:07:34","date_gmt":"2023-12-29T12:07:34","guid":{"rendered":"http:\/\/stone-phoenix.com\/product\/granite-paving-stone-supplier-hot-selling-china"},"modified":"2024-04-11T20:56:32","modified_gmt":"2024-04-11T12:56:32","slug":"granite-paving-stone-supplier-hot-selling-china","status":"publish","type":"product","link":"https:\/\/stone-phoenix.com\/fr\/produit\/granite-paving-stone-supplier-hot-selling-china","title":{"rendered":"fournisseur de pav\u00e9s en granit, vente \u00e0 chaud en Chine"},"content":{"rendered":"<div id=\"tab-description\" class=\"woocommerce-Tabs-panel woocommerce-Tabs-panel--description panel entry-content wc-tab\" role=\"tabpanel\" aria-labelledby=\"tab-title-description\">\n<div id=\"ali-anchor-AliPostDhMb-10ic2\" style=\"padding-top: 8px;\" data-section=\"AliPostDhMb-10ic2\" data-section-title=\"Product Description\">\n<div>\n<h2>fournisseur de pav\u00e9s en granit, vente \u00e0 chaud en Chine<\/h2>\n<p>Fournisseur de pav\u00e9s en granit ,les produits sont un choix populaire pour les surfaces ext\u00e9rieures parce qu'ils sont durables, attrayants et n\u00e9cessitent peu d'entretien. Ils peuvent \u00eatre utilis\u00e9s pour cr\u00e9er une vari\u00e9t\u00e9 d'aspects diff\u00e9rents, du traditionnel et classique au moderne et contemporain. Si vous envisagez d'utiliser des pav\u00e9s en granit pour votre prochain projet d'am\u00e9nagement paysager, il est important de trouver un fournisseur r\u00e9put\u00e9 qui puisse vous fournir des mat\u00e9riaux de haute qualit\u00e9.<\/p>\n<p>Quelques facteurs cl\u00e9s doivent \u00eatre pris en compte lors de la s\u00e9lection d'un fournisseur de pav\u00e9s en granit. Tout d'abord, vous devez rechercher une entreprise qui jouit d'une bonne r\u00e9putation et qui a l'habitude de fournir des produits de haute qualit\u00e9. Vous pouvez vous en rendre compte en consultant les avis en ligne, le bouche-\u00e0-oreille ou en demandant au fournisseur de vous fournir des r\u00e9f\u00e9rences.<\/p>\n<p>Ensuite, il convient d'examiner la gamme de produits propos\u00e9e par le fournisseur. Un bon fournisseur disposera d'une large s\u00e9lection de pav\u00e9s en granit de diff\u00e9rentes tailles, couleurs et finitions. Vous pourrez ainsi s\u00e9lectionner la pierre id\u00e9ale pour votre projet, que vous recherchiez un aspect traditionnel et classique ou quelque chose de plus moderne et contemporain.<\/p>\n<p>Il est \u00e9galement important de tenir compte du co\u00fbt des pav\u00e9s en granit et des services suppl\u00e9mentaires offerts par le fournisseur. Certains fournisseurs peuvent proposer des services d'installation, ce qui peut \u00eatre particuli\u00e8rement utile si vous n'\u00eates pas familiaris\u00e9 avec le processus de pose des pav\u00e9s. D'autres fournisseurs peuvent proposer des services d'entretien et de r\u00e9paration, ce qui peut s'av\u00e9rer utile si vous souhaitez conserver vos pav\u00e9s en bon \u00e9tat \u00e0 long terme.<\/p>\n<p>Dans l'ensemble, le choix du bon fournisseur de pav\u00e9s en granit est une d\u00e9cision importante qui aura une incidence sur l'aspect et la convivialit\u00e9 de votre espace ext\u00e9rieur. En prenant le temps d'\u00e9tudier vos options et de tenir compte des diff\u00e9rents facteurs mentionn\u00e9s ci-dessus, vous pouvez trouver un fournisseur qui vous fournira des pav\u00e9s durables et de haute qualit\u00e9 qui r\u00e9sisteront \u00e0 l'\u00e9preuve du temps.<\/p>\n<\/div>\n<div id=\"ali-title-AliPostDhMb-10ic2\" style=\"padding: 8px 0; border-bottom: 1px solid #ddd;\"><span style=\"background-color: #ddd; color: #333; font-weight: bold; padding: 8px 10px; line-height: 12px;\">Description du produit<\/span><\/div>\n<div style=\"padding: 10px 0;\">\n<table class=\"aliDataTable\" style=\"color: #000000; font-family: Arial; font-size: 12px; font-style: normal; font-weight: 400; background-color: #ffffff; width: 127.996%; height: 590px; border: 1px solid #b3b3b3;\">\n<tbody>\n<tr style=\"height: 42px;\">\n<td style=\"border: 1px solid #b3b3b3; width: 6.86836%; height: 42px;\"><strong><span style=\"font-family: arial, helvetica, sans-serif; font-size: 14px;\">Nom du produit :<\/span><\/strong><\/td>\n<td style=\"border: 1px solid #b3b3b3; width: 78.1685%; height: 42px;\"><span style=\"font-family: arial, helvetica, sans-serif; font-size: 14px;\">Divers pav\u00e9s en granit<\/span><\/td>\n<\/tr>\n<tr style=\"height: 21px;\">\n<td style=\"border: 1px solid #b3b3b3; width: 6.86836%; height: 21px;\"><strong><span style=\"font-family: arial, helvetica, sans-serif; font-size: 14px;\">Mat\u00e9riau :<\/span><\/strong><\/td>\n<td style=\"border: 1px solid #b3b3b3; width: 78.1685%; height: 21px;\"><span style=\"font-family: arial, helvetica, sans-serif; font-size: 14px;\">Granit G562, granit G603, granit G654, granit G682, etc.<\/span><\/td>\n<\/tr>\n<tr style=\"height: 44px;\">\n<td style=\"border: 1px solid #b3b3b3; width: 6.86836%; height: 65px;\" rowspan=\"2\">\n<p style=\"margin: 0px; padding: 0px;\"><strong><span style=\"font-family: arial, helvetica, sans-serif; font-size: 14px;\">Taille :<\/span><\/strong><\/p>\n<\/td>\n<td style=\"border: 1px solid #b3b3b3; width: 78.1685%; height: 44px;\"><span style=\"font-size: 14px;\">Tailles<\/span><br \/>\n<span style=\"font-size: 14px;\">5X5X5CM,8X8X8CM,9X9X9CM,10X10X10CM,10x10x5cm,<\/span><span style=\"font-size: 14px;\">10x20x5cm,9.5\u00d79.5x4CM,19.5\u00d719.5x4CM,22X11X5CM,<\/span><span style=\"font-size: 14px;\">16.5X11.5X5CM,19.7X19.7X8CM,14.5X14.5X8CM,16X16X16CM,<\/span><\/p>\n<p><span style=\"font-size: 14px;\">22X16X16CM,27x18x9cm,18x18x9cm,18x18x18CM <\/span><\/p>\n<p><span style=\"font-size: 14px;\">ou sur mesure<\/span><\/td>\n<\/tr>\n<tr style=\"height: 21px;\">\n<td style=\"border: 1px solid #b3b3b3; width: 78.1685%; height: 21px;\"><span style=\"font-family: arial, helvetica, sans-serif; font-size: 14px;\">Des sp\u00e9cifications personnalis\u00e9es sont disponibles<\/span><\/td>\n<\/tr>\n<tr style=\"height: 42px;\">\n<td style=\"border: 1px solid #b3b3b3; width: 6.86836%; height: 42px;\"><strong><span style=\"font-family: arial, helvetica, sans-serif; font-size: 14px;\">Tol\u00e9rance d'\u00e9paisseur :<\/span><\/strong><\/td>\n<td style=\"border: 1px solid #b3b3b3; width: 78.1685%; height: 42px;\"><span style=\"font-size: 14px; font-family: arial, helvetica, sans-serif;\">\u00b11mm, \u00b11,5mm, \u00b12mm, selon les exigences de qualit\u00e9 du client<\/span><\/td>\n<\/tr>\n<tr style=\"height: 126px;\">\n<td style=\"border: 1px solid #b3b3b3; width: 6.86836%; height: 126px;\">\n<p style=\"margin: 0px; padding: 0px;\"><strong><span style=\"font-family: arial, helvetica, sans-serif; font-size: 14px;\">Surface :<\/span><\/strong><\/p>\n<\/td>\n<td style=\"border: 1px solid #b3b3b3; width: 78.1685%; height: 126px;\"><span style=\"font-size: 14px;\">Finition<\/span><br \/>\n<span style=\"font-size: 14px;\">a. Fente naturelle sur tous les c\u00f4t\u00e9s<\/span><br \/>\n<span style=\"font-size: 14px;\">b. Toutes les faces sont sci\u00e9es<\/span><br \/>\n<span style=\"font-size: 14px;\">c. 5 c\u00f4t\u00e9s coup\u00e9s \u00e0 la scie, surface fendue naturellement<\/span><br \/>\n<span style=\"font-size: 14px;\">d. 5 faces coup\u00e9es \u00e0 la scie, surface flamm\u00e9e<\/span><br \/>\n<span style=\"font-size: 14px;\">e. 4 c\u00f4t\u00e9s coup\u00e9s \u00e0 la scie, fendu naturel en haut, tambourin\u00e9, dos en maille\u00a0<\/span><\/td>\n<\/tr>\n<tr style=\"height: 21px;\">\n<td style=\"border: 1px solid #b3b3b3; width: 6.86836%; height: 21px;\"><strong><span style=\"font-family: arial, helvetica, sans-serif; font-size: 14px;\">Emballage :<\/span><\/strong><\/td>\n<td style=\"border: 1px solid #b3b3b3; width: 78.1685%; height: 21px;\"><span style=\"font-family: arial, helvetica, sans-serif; font-size: 14px;\">Fardeaux et caisses en bois en \u00e9tat de navigabilit\u00e9<\/span><\/td>\n<\/tr>\n<tr style=\"height: 21px;\">\n<td style=\"border: 1px solid #b3b3b3; width: 6.86836%; height: 21px;\"><strong><span style=\"font-family: arial, helvetica, sans-serif; font-size: 14px;\">Application :<\/span><\/strong><\/td>\n<td style=\"border: 1px solid #b3b3b3; width: 78.1685%; height: 21px;\"><span style=\"font-family: arial, helvetica, sans-serif; font-size: 14px;\">Largement utilis\u00e9 pour la d\u00e9coration int\u00e9rieure et ext\u00e9rieure<\/span><\/td>\n<\/tr>\n<tr style=\"height: 42px;\">\n<td style=\"border: 1px solid #b3b3b3; width: 6.86836%; height: 42px;\"><strong><span style=\"font-family: arial, helvetica, sans-serif; font-size: 14px;\">D\u00e9lai de livraison :<\/span><\/strong><\/td>\n<td style=\"border: 1px solid #b3b3b3; width: 78.1685%; height: 42px;\"><span style=\"font-family: arial, helvetica, sans-serif; font-size: 14px;\">15-20 jours pour les tailles normales<\/span><\/td>\n<\/tr>\n<tr style=\"height: 21px;\">\n<td style=\"border: 1px solid #b3b3b3; width: 6.86836%; height: 21px;\">\n<p style=\"margin: 0px; padding: 0px;\"><strong><span style=\"font-family: arial, helvetica, sans-serif; font-size: 14px;\">Certificat :<\/span><\/strong><\/p>\n<\/td>\n<td style=\"border: 1px solid #b3b3b3; width: 78.1685%; height: 21px;\"><span style=\"font-family: arial, helvetica, sans-serif; font-size: 14px;\">CE, SGS<\/span><\/td>\n<\/tr>\n<tr style=\"height: 42px;\">\n<td style=\"border: 1px solid #b3b3b3; width: 6.86836%; height: 42px;\">\n<p style=\"margin: 0px; padding: 0px;\"><strong><span style=\"font-family: arial, helvetica, sans-serif; font-size: 14px;\">Conditions de paiement :<\/span><\/strong><\/p>\n<\/td>\n<td style=\"border: 1px solid #b3b3b3; width: 78.1685%; height: 42px;\"><span style=\"font-family: arial, helvetica, sans-serif; font-size: 14px;\">T\/T, L\/C, D\/P<\/span><\/td>\n<\/tr>\n<tr style=\"height: 63px;\">\n<td style=\"border: 1px solid #b3b3b3; width: 6.86836%; height: 63px;\"><strong><span style=\"font-family: arial, helvetica, sans-serif; font-size: 14px;\">Avantage :<\/span><\/strong><\/td>\n<td style=\"border: 1px solid #b3b3b3; width: 78.1685%; height: 63px;\">\n<p style=\"margin: 0px; padding: 0px;\"><span style=\"font-family: arial, helvetica, sans-serif; font-size: 14px;\">1) Service unique pour la pierre ;<\/span><\/p>\n<p style=\"margin: 0px; padding: 0px;\"><span style=\"font-family: arial, helvetica, sans-serif; font-size: 14px;\">2) Poss\u00e9der 3 carri\u00e8res et 9 usines ;<\/span><\/p>\n<p style=\"margin: 0px; padding: 0px;\"><span style=\"font-family: arial, helvetica, sans-serif; font-size: 14px;\">3) Soutien \u00e0 la conception et \u00e0 la technologie.<\/span><\/p>\n<\/td>\n<\/tr>\n<tr style=\"height: 84px;\">\n<td style=\"border: 1px solid #b3b3b3; width: 6.86836%; height: 84px;\"><strong><span style=\"font-family: arial, helvetica, sans-serif; font-size: 14px;\">Assurance de la qualit\u00e9 et de la livraison :\u00a0<\/span><\/strong><\/td>\n<td style=\"border: 1px solid #b3b3b3; width: 78.1685%; height: 84px;\">\n<p style=\"margin: 0px; padding: 0px;\"><span style=\"font-family: arial, helvetica, sans-serif; font-size: 14px;\">Tout au long du processus de production, du choix des mat\u00e9riaux \u00e0 l'emballage en passant par la fabrication, notre service de contr\u00f4le de la qualit\u00e9 contr\u00f4le rigoureusement chaque pi\u00e8ce et chaque processus afin de garantir le respect des normes de qualit\u00e9 et le respect des d\u00e9lais de livraison.<\/span><\/p>\n<\/td>\n<\/tr>\n<\/tbody>\n<\/table>\n<p><img loading=\"lazy\" decoding=\"async\" class=\"alignnone size-full wp-image-27607\" src=\"http:\/\/stone-phoenix.com\/wp-content\/uploads\/2023\/12\/granite-paving-stone-supplier-hot-selling-china-5.jpg\" alt=\"\" width=\"1086\" height=\"844\" srcset=\"https:\/\/stone-phoenix.com\/wp-content\/uploads\/2023\/12\/granite-paving-stone-supplier-hot-selling-china-5.jpg 1086w, https:\/\/stone-phoenix.com\/wp-content\/uploads\/2023\/12\/granite-paving-stone-supplier-hot-selling-china-5-300x233.jpg 300w, https:\/\/stone-phoenix.com\/wp-content\/uploads\/2023\/12\/granite-paving-stone-supplier-hot-selling-china-5-1024x796.jpg 1024w, https:\/\/stone-phoenix.com\/wp-content\/uploads\/2023\/12\/granite-paving-stone-supplier-hot-selling-china-5-768x597.jpg 768w, https:\/\/stone-phoenix.com\/wp-content\/uploads\/2023\/12\/granite-paving-stone-supplier-hot-selling-china-5-15x12.jpg 15w, https:\/\/stone-phoenix.com\/wp-content\/uploads\/2023\/12\/granite-paving-stone-supplier-hot-selling-china-5-600x466.jpg 600w, https:\/\/stone-phoenix.com\/wp-content\/uploads\/2023\/12\/granite-paving-stone-supplier-hot-selling-china-5-150x117.jpg 150w\" sizes=\"(max-width: 1086px) 100vw, 1086px\" \/><img loading=\"lazy\" decoding=\"async\" class=\"alignnone size-full wp-image-27608\" src=\"http:\/\/stone-phoenix.com\/wp-content\/uploads\/2023\/12\/granite-paving-stone-supplier-hot-selling-china-4-1.jpg\" alt=\"\" width=\"1117\" height=\"841\" srcset=\"https:\/\/stone-phoenix.com\/wp-content\/uploads\/2023\/12\/granite-paving-stone-supplier-hot-selling-china-4-1.jpg 1117w, https:\/\/stone-phoenix.com\/wp-content\/uploads\/2023\/12\/granite-paving-stone-supplier-hot-selling-china-4-1-300x226.jpg 300w, https:\/\/stone-phoenix.com\/wp-content\/uploads\/2023\/12\/granite-paving-stone-supplier-hot-selling-china-4-1-1024x771.jpg 1024w, https:\/\/stone-phoenix.com\/wp-content\/uploads\/2023\/12\/granite-paving-stone-supplier-hot-selling-china-4-1-768x578.jpg 768w, https:\/\/stone-phoenix.com\/wp-content\/uploads\/2023\/12\/granite-paving-stone-supplier-hot-selling-china-4-1-16x12.jpg 16w, https:\/\/stone-phoenix.com\/wp-content\/uploads\/2023\/12\/granite-paving-stone-supplier-hot-selling-china-4-1-600x452.jpg 600w, https:\/\/stone-phoenix.com\/wp-content\/uploads\/2023\/12\/granite-paving-stone-supplier-hot-selling-china-4-1-150x113.jpg 150w\" sizes=\"(max-width: 1117px) 100vw, 1117px\" \/>&nbsp;<\/p>\n<\/div>\n<\/div>\n<\/div>","protected":false},"excerpt":{"rendered":"<p>granite paving stone supplier hot selling china Granite paving stone supplier ,the products are a popular choice for outdoor surfaces<\/p>","protected":false},"featured_media":27602,"template":"","meta":[],"product_cat":[112],"product_tag":[],"_links":{"self":[{"href":"https:\/\/stone-phoenix.com\/fr\/wp-json\/wp\/v2\/product\/20286"}],"collection":[{"href":"https:\/\/stone-phoenix.com\/fr\/wp-json\/wp\/v2\/product"}],"about":[{"href":"https:\/\/stone-phoenix.com\/fr\/wp-json\/wp\/v2\/types\/product"}],"wp:featuredmedia":[{"embeddable":true,"href":"https:\/\/stone-phoenix.com\/fr\/wp-json\/wp\/v2\/media\/27602"}],"wp:attachment":[{"href":"https:\/\/stone-phoenix.com\/fr\/wp-json\/wp\/v2\/media?parent=20286"}],"wp:term":[{"taxonomy":"product_cat","embeddable":true,"href":"https:\/\/stone-phoenix.com\/fr\/wp-json\/wp\/v2\/product_cat?post=20286"},{"taxonomy":"product_tag","embeddable":true,"href":"https:\/\/stone-phoenix.com\/fr\/wp-json\/wp\/v2\/product_tag?post=20286"}],"curies":[{"name":"wp","href":"https:\/\/api.w.org\/{rel}","templated":true}]}}