{"id":20327,"date":"2023-12-29T20:08:46","date_gmt":"2023-12-29T12:08:46","guid":{"rendered":"http:\/\/stone-phoenix.com\/product\/g654-granite-flamed-cobble-stone-granite-pavers-stone"},"modified":"2024-04-11T20:03:31","modified_gmt":"2024-04-11T12:03:31","slug":"g654-granite-flamed-cobble-stone-granite-pavers-stone","status":"publish","type":"product","link":"https:\/\/stone-phoenix.com\/fr\/produit\/g654-granite-flamed-cobble-stone-granite-pavers-stone","title":{"rendered":"g654 granit pav\u00e9 flamm\u00e9 granit pav\u00e9s pierre"},"content":{"rendered":"<div id=\"tab-description\" class=\"woocommerce-Tabs-panel woocommerce-Tabs-panel--description panel entry-content wc-tab\" role=\"tabpanel\" aria-labelledby=\"tab-title-description\">\n<h2>Chine granit gris artificiel g654 granit flamm\u00e9 pav\u00e9 de granit mat\u00e9riau de pierre<\/h2>\n<p>Le granit flamm\u00e9 g654 est un granit blanc de qualit\u00e9 sup\u00e9rieure. Il convient pour l'ext\u00e9rieur et l'int\u00e9rieur. Nous pouvons vous le fournir \u00e0 un prix comp\u00e9titif, avec un d\u00e9lai de livraison rapide. Il s'agit d'un granit tr\u00e8s robuste et durable, avec son aspect mouchet\u00e9 unique.<\/p>\n<p>Il s'agit d'une pierre tridimensionnelle ayant l'aspect et le toucher du granit poli, mais avec une touche naturelle beaucoup plus douce. Il est fabriqu\u00e9 \u00e0 partir d'un quartz de faible densit\u00e9 qui est durable et pr\u00e9sente une excellente r\u00e9sistance \u00e0 l'absorption d'eau et aux taches, ce qui le rend id\u00e9al pour les plans de travail de cuisine et les installations de vanit\u00e9 de salle de bains.Le produit est un granit gris dont la couleur commence dans la tonalit\u00e9 grise et se termine par une teinte blanche. Le produit est un granit gris dont la couleur commence dans le ton gris et se termine par une teinte blanche. Les stries de diff\u00e9rentes teintes rendent ce magnifique granit extr\u00eamement unique.<\/p>\n<p>Si vous aimez l'aspect du granit sans en payer le prix fort, c'est le carreau qu'il vous faut. Le granit flamm\u00e9 g654 vous donnera cet aspect rustique \u00e0 moindre co\u00fbt et donnera \u00e0 votre espace un \u00e9clat chaleureux et accueillant. Le produit est une belle pierre de granit avec des nuances d'orange et de brun, commun\u00e9ment appel\u00e9e Fire Star. Avec ses paillettes d'aspect rustique, il s'harmonise parfaitement avec d'autres pierres ou se suffit \u00e0 lui-m\u00eame. Le G654 a une multitude d'applications, des plans de cuisine aux vanit\u00e9s de salle de bain en passant par les sols.<\/p>\n<div id=\"ali-anchor-AliPostDhMb-10ic2\" style=\"padding-top: 8px;\" data-section=\"AliPostDhMb-10ic2\" data-section-title=\"Product Description\">\n<div id=\"ali-title-AliPostDhMb-10ic2\" style=\"padding: 8px 0; border-bottom: 1px solid #ddd;\"><span style=\"background-color: #ddd; color: #333; font-weight: bold; padding: 8px 10px; line-height: 12px;\">Description du produit<\/span><\/div>\n<div style=\"padding: 10px 0;\">\n<table class=\"aliDataTable\" style=\"color: #000000; font-family: Arial; font-size: 12px; font-style: normal; font-weight: 400; background-color: #ffffff; width: 750px; height: 226px; border: 1px solid #b3b3b3;\">\n<tbody>\n<tr style=\"height: 42px;\">\n<td style=\"border: 1px solid #b3b3b3; width: 162px; height: 42px;\"><strong><span style=\"font-family: arial, helvetica, sans-serif; font-size: 14px;\">Nom du produit :<\/span><\/strong><\/td>\n<td style=\"border: 1px solid #b3b3b3; width: 595.066px; height: 42px;\">Chine granit gris artificiel g654 granit flamm\u00e9 pav\u00e9 de granit mat\u00e9riau de pierre<\/td>\n<\/tr>\n<tr style=\"height: 21px;\">\n<td style=\"border: 1px solid #b3b3b3; width: 162px; height: 21px;\"><strong><span style=\"font-family: arial, helvetica, sans-serif; font-size: 14px;\">Mat\u00e9riau :<\/span><\/strong><\/td>\n<td style=\"border: 1px solid #b3b3b3; width: 595.066px; height: 21px;\"><span style=\"font-family: arial, helvetica, sans-serif; font-size: 14px;\">Granit G562, granit G603, granit G654, granit G682, etc.<\/span><\/td>\n<\/tr>\n<tr style=\"height: 44px;\">\n<td style=\"border: 1px solid #b3b3b3; width: 162px; height: 65px;\" rowspan=\"2\">\n<p style=\"margin: 0px; padding: 0px;\"><strong><span style=\"font-family: arial, helvetica, sans-serif; font-size: 14px;\">Taille :<\/span><\/strong><\/p>\n<\/td>\n<td style=\"border: 1px solid #b3b3b3; width: 595.066px; height: 44px;\"><span style=\"font-size: 14px;\">Tailles<\/span><br \/>\n<span style=\"font-size: 14px;\">5X5X5CM,8X8X8CM,9X9X9CM,10X10X10CM,10x10x5cm,<\/span><span style=\"font-size: 14px;\">10x20x5cm,9.5\u00d79.5x4CM,19.5\u00d719.5x4CM,22X11X5CM,<\/span><\/p>\n<p><span style=\"font-size: 14px;\">16.5X11.5X5CM,19.7X19.7X8CM,14.5X14.5X8CM,16X16X16CM,<\/span><\/p>\n<p><span style=\"font-size: 14px;\">22X16X16CM,27x18x9cm,18x18x9cm,18x18x18CM <\/span><\/p>\n<p><span style=\"font-size: 14px;\">ou sur mesure<\/span><\/td>\n<\/tr>\n<tr style=\"height: 21px;\">\n<td style=\"border: 1px solid #b3b3b3; width: 595.066px; height: 21px;\"><span style=\"font-family: arial, helvetica, sans-serif; font-size: 14px;\">Des sp\u00e9cifications personnalis\u00e9es sont disponibles<\/span><\/td>\n<\/tr>\n<tr style=\"height: 42px;\">\n<td style=\"border: 1px solid #b3b3b3; width: 162px; height: 42px;\"><strong><span style=\"font-family: arial, helvetica, sans-serif; font-size: 14px;\">Tol\u00e9rance d'\u00e9paisseur :<\/span><\/strong><\/td>\n<td style=\"border: 1px solid #b3b3b3; width: 595.066px; height: 42px;\"><span style=\"font-size: 14px; font-family: arial, helvetica, sans-serif;\">\u00b11mm, \u00b11,5mm, \u00b12mm, selon les exigences de qualit\u00e9 du client<\/span><\/td>\n<\/tr>\n<tr style=\"height: 126px;\">\n<td style=\"border: 1px solid #b3b3b3; width: 162px; height: 126px;\">\n<p style=\"margin: 0px; padding: 0px;\"><strong><span style=\"font-family: arial, helvetica, sans-serif; font-size: 14px;\">Surface :<\/span><\/strong><\/p>\n<\/td>\n<td style=\"border: 1px solid #b3b3b3; width: 595.066px; height: 126px;\"><span style=\"font-size: 14px;\">Finition<\/span><br \/>\n<span style=\"font-size: 14px;\">a. Fente naturelle sur tous les c\u00f4t\u00e9s<\/span><br \/>\n<span style=\"font-size: 14px;\">b. Toutes les faces sont sci\u00e9es<\/span><br \/>\n<span style=\"font-size: 14px;\">c. 5 c\u00f4t\u00e9s coup\u00e9s \u00e0 la scie, surface fendue naturellement<\/span><br \/>\n<span style=\"font-size: 14px;\">d. 5 faces coup\u00e9es \u00e0 la scie, surface flamm\u00e9e<\/span><br \/>\n<span style=\"font-size: 14px;\">e. 4 c\u00f4t\u00e9s coup\u00e9s \u00e0 la scie, fendu naturel en haut, tambourin\u00e9, dos en maille\u00a0<\/span><\/td>\n<\/tr>\n<tr style=\"height: 21px;\">\n<td style=\"border: 1px solid #b3b3b3; width: 162px; height: 21px;\"><strong><span style=\"font-family: arial, helvetica, sans-serif; font-size: 14px;\">Emballage :<\/span><\/strong><\/td>\n<td style=\"border: 1px solid #b3b3b3; width: 595.066px; height: 21px;\"><span style=\"font-family: arial, helvetica, sans-serif; font-size: 14px;\">Fardeaux et caisses en bois en \u00e9tat de navigabilit\u00e9<\/span><\/td>\n<\/tr>\n<tr style=\"height: 21px;\">\n<td style=\"border: 1px solid #b3b3b3; width: 162px; height: 21px;\"><strong><span style=\"font-family: arial, helvetica, sans-serif; font-size: 14px;\">Application :<\/span><\/strong><\/td>\n<td style=\"border: 1px solid #b3b3b3; width: 595.066px; height: 21px;\"><span style=\"font-family: arial, helvetica, sans-serif; font-size: 14px;\">Largement utilis\u00e9 pour la d\u00e9coration int\u00e9rieure et ext\u00e9rieure<\/span><\/td>\n<\/tr>\n<tr style=\"height: 42px;\">\n<td style=\"border: 1px solid #b3b3b3; width: 162px; height: 42px;\"><strong><span style=\"font-family: arial, helvetica, sans-serif; font-size: 14px;\">D\u00e9lai de livraison :<\/span><\/strong><\/td>\n<td style=\"border: 1px solid #b3b3b3; width: 595.066px; height: 42px;\"><span style=\"font-family: arial, helvetica, sans-serif; font-size: 14px;\">15-20 jours pour les tailles normales<\/span><\/td>\n<\/tr>\n<tr style=\"height: 21px;\">\n<td style=\"border: 1px solid #b3b3b3; width: 162px; height: 21px;\">\n<p style=\"margin: 0px; padding: 0px;\"><strong><span style=\"font-family: arial, helvetica, sans-serif; font-size: 14px;\">Certificat :<\/span><\/strong><\/p>\n<\/td>\n<td style=\"border: 1px solid #b3b3b3; width: 595.066px; height: 21px;\"><span style=\"font-family: arial, helvetica, sans-serif; font-size: 14px;\">CE, SGS<\/span><\/td>\n<\/tr>\n<tr style=\"height: 42px;\">\n<td style=\"border: 1px solid #b3b3b3; width: 162px; height: 42px;\">\n<p style=\"margin: 0px; padding: 0px;\"><strong><span style=\"font-family: arial, helvetica, sans-serif; font-size: 14px;\">Conditions de paiement :<\/span><\/strong><\/p>\n<\/td>\n<td style=\"border: 1px solid #b3b3b3; width: 595.066px; height: 42px;\"><span style=\"font-family: arial, helvetica, sans-serif; font-size: 14px;\">T\/T, L\/C, D\/P<\/span><\/td>\n<\/tr>\n<tr style=\"height: 63px;\">\n<td style=\"border: 1px solid #b3b3b3; width: 162px; height: 63px;\"><strong><span style=\"font-family: arial, helvetica, sans-serif; font-size: 14px;\">Avantage :<\/span><\/strong><\/td>\n<td style=\"border: 1px solid #b3b3b3; width: 595.066px; height: 63px;\">\n<p style=\"margin: 0px; padding: 0px;\"><span style=\"font-family: arial, helvetica, sans-serif; font-size: 14px;\">1) Service unique pour la pierre ;<\/span><\/p>\n<p style=\"margin: 0px; padding: 0px;\"><span style=\"font-family: arial, helvetica, sans-serif; font-size: 14px;\">2) Poss\u00e9der 3 carri\u00e8res et 9 usines ;<\/span><\/p>\n<p style=\"margin: 0px; padding: 0px;\"><span style=\"font-family: arial, helvetica, sans-serif; font-size: 14px;\">3) Soutien \u00e0 la conception et \u00e0 la technologie.<\/span><\/p>\n<\/td>\n<\/tr>\n<tr style=\"height: 84px;\">\n<td style=\"border: 1px solid #b3b3b3; width: 162px; height: 84px;\"><strong><span style=\"font-family: arial, helvetica, sans-serif; font-size: 14px;\">Assurance de la qualit\u00e9 et de la livraison :\u00a0<\/span><\/strong><\/td>\n<td style=\"border: 1px solid #b3b3b3; width: 595.066px; height: 84px;\">\n<p style=\"margin: 0px; padding: 0px;\"><span style=\"font-family: arial, helvetica, sans-serif; font-size: 14px;\">Tout au long du processus de production, du choix des mat\u00e9riaux \u00e0 l'emballage en passant par la fabrication, notre service de contr\u00f4le de la qualit\u00e9 contr\u00f4le rigoureusement chaque pi\u00e8ce et chaque processus afin de garantir le respect des normes de qualit\u00e9 et le respect des d\u00e9lais de livraison.<\/span><\/p>\n<\/td>\n<\/tr>\n<\/tbody>\n<\/table>\n<p><img loading=\"lazy\" decoding=\"async\" class=\"alignnone  wp-image-27563\" src=\"http:\/\/stone-phoenix.com\/wp-content\/uploads\/2023\/12\/g654-granite-flamed-cobble-stone-granite-pavers-stone-8.jpg\" alt=\"\" width=\"953\" height=\"1515\" srcset=\"https:\/\/stone-phoenix.com\/wp-content\/uploads\/2023\/12\/g654-granite-flamed-cobble-stone-granite-pavers-stone-8.jpg 414w, https:\/\/stone-phoenix.com\/wp-content\/uploads\/2023\/12\/g654-granite-flamed-cobble-stone-granite-pavers-stone-8-189x300.jpg 189w, https:\/\/stone-phoenix.com\/wp-content\/uploads\/2023\/12\/g654-granite-flamed-cobble-stone-granite-pavers-stone-8-8x12.jpg 8w, https:\/\/stone-phoenix.com\/wp-content\/uploads\/2023\/12\/g654-granite-flamed-cobble-stone-granite-pavers-stone-8-150x238.jpg 150w\" sizes=\"(max-width: 953px) 100vw, 953px\" \/><img loading=\"lazy\" decoding=\"async\" class=\"alignnone size-full wp-image-20331\" src=\"http:\/\/stone-phoenix.com\/wp-content\/uploads\/2023\/12\/1703880528.png\" width=\"956\" height=\"746\" srcset=\"https:\/\/stone-phoenix.com\/wp-content\/uploads\/2023\/12\/1703880528.png 956w, https:\/\/stone-phoenix.com\/wp-content\/uploads\/2023\/12\/1703880528-300x234.png 300w, https:\/\/stone-phoenix.com\/wp-content\/uploads\/2023\/12\/1703880528-768x599.png 768w, https:\/\/stone-phoenix.com\/wp-content\/uploads\/2023\/12\/1703880528-15x12.png 15w, https:\/\/stone-phoenix.com\/wp-content\/uploads\/2023\/12\/1703880528-600x468.png 600w, https:\/\/stone-phoenix.com\/wp-content\/uploads\/2023\/12\/1703880528-150x117.png 150w\" sizes=\"(max-width: 956px) 100vw, 956px\" \/><img loading=\"lazy\" decoding=\"async\" class=\"alignnone  wp-image-20332\" src=\"http:\/\/stone-phoenix.com\/wp-content\/uploads\/2023\/12\/1703880529.jpg\" width=\"971\" height=\"971\" srcset=\"https:\/\/stone-phoenix.com\/wp-content\/uploads\/2023\/12\/1703880529.jpg 750w, https:\/\/stone-phoenix.com\/wp-content\/uploads\/2023\/12\/1703880529-300x300.jpg 300w, https:\/\/stone-phoenix.com\/wp-content\/uploads\/2023\/12\/1703880529-150x150.jpg 150w, https:\/\/stone-phoenix.com\/wp-content\/uploads\/2023\/12\/1703880529-12x12.jpg 12w, https:\/\/stone-phoenix.com\/wp-content\/uploads\/2023\/12\/1703880529-600x600.jpg 600w\" sizes=\"(max-width: 971px) 100vw, 971px\" \/><\/p>\n<\/div>\n<\/div>\n<\/div>","protected":false},"excerpt":{"rendered":"<p>China artificial grey granite g654 granite flamed cobble stone granite pavers stone material g654 granite flamed is a superb grade<\/p>","protected":false},"featured_media":20328,"template":"","meta":[],"product_cat":[112],"product_tag":[],"_links":{"self":[{"href":"https:\/\/stone-phoenix.com\/fr\/wp-json\/wp\/v2\/product\/20327"}],"collection":[{"href":"https:\/\/stone-phoenix.com\/fr\/wp-json\/wp\/v2\/product"}],"about":[{"href":"https:\/\/stone-phoenix.com\/fr\/wp-json\/wp\/v2\/types\/product"}],"wp:featuredmedia":[{"embeddable":true,"href":"https:\/\/stone-phoenix.com\/fr\/wp-json\/wp\/v2\/media\/20328"}],"wp:attachment":[{"href":"https:\/\/stone-phoenix.com\/fr\/wp-json\/wp\/v2\/media?parent=20327"}],"wp:term":[{"taxonomy":"product_cat","embeddable":true,"href":"https:\/\/stone-phoenix.com\/fr\/wp-json\/wp\/v2\/product_cat?post=20327"},{"taxonomy":"product_tag","embeddable":true,"href":"https:\/\/stone-phoenix.com\/fr\/wp-json\/wp\/v2\/product_tag?post=20327"}],"curies":[{"name":"wp","href":"https:\/\/api.w.org\/{rel}","templated":true}]}}