{"id":20334,"date":"2023-12-29T20:08:59","date_gmt":"2023-12-29T12:08:59","guid":{"rendered":"http:\/\/stone-phoenix.com\/product\/chinese-granite-suppliers-china-butterfly-green-grainte"},"modified":"2024-04-11T19:57:39","modified_gmt":"2024-04-11T11:57:39","slug":"chinese-granite-suppliers-china-butterfly-green-grainte","status":"publish","type":"product","link":"https:\/\/stone-phoenix.com\/fr\/produit\/chinese-granite-suppliers-china-butterfly-green-grainte","title":{"rendered":"Fournisseurs de granit chinois Grainte verte papillon de Chine"},"content":{"rendered":"<div id=\"tab-description\" class=\"woocommerce-Tabs-panel woocommerce-Tabs-panel--description panel entry-content wc-tab\" role=\"tabpanel\" aria-labelledby=\"tab-title-description\">\n<h2><span style=\"font-size: 18pt;\">Fournisseurs de granit chinois Grainte verte papillon de Chine<\/span><\/h2>\n<p>En tant que fournisseurs de granit chinois, nous sommes fiers de proposer du granit vert papillon de Chine de haute qualit\u00e9 qui met en valeur la beaut\u00e9 naturelle et la durabilit\u00e9 de cette pierre exquise. Le granit vert papillon de Chine est connu pour sa combinaison unique de couleur verte riche, de motifs complexes et de r\u00e9sistance sup\u00e9rieure, ce qui en fait un choix populaire pour un large \u00e9ventail d'applications.<\/p>\n<p>Le granit China Butterfly Green pr\u00e9sente un m\u00e9lange \u00e9tonnant de teintes vertes profondes, allant du vert for\u00eat fonc\u00e9 au vert menthe clair, avec des veines et des taches de noir, de gris et de blanc qui cr\u00e9ent un motif fascinant ressemblant \u00e0 un papillon. Cette apparence distinctive ajoute une touche d'\u00e9l\u00e9gance et de sophistication \u00e0 n'importe quel espace, ce qui le rend id\u00e9al pour les comptoirs, les meubles-lavabos, les rev\u00eatements de sol et autres applications int\u00e9rieures ou ext\u00e9rieures.<\/p>\n<p>Outre son attrait esth\u00e9tique, le China Butterfly Green Granite est r\u00e9put\u00e9 pour sa durabilit\u00e9 et sa long\u00e9vit\u00e9. C'est l'une des pierres naturelles les plus dures, r\u00e9sistante \u00e0 la chaleur, aux taches, aux rayures et \u00e0 l'usure, ce qui en fait un mat\u00e9riau adapt\u00e9 aux zones tr\u00e8s fr\u00e9quent\u00e9es, tant dans le domaine r\u00e9sidentiel que commercial. Elle est \u00e9galement r\u00e9sistante aux intemp\u00e9ries, ce qui en fait un excellent choix pour les applications ext\u00e9rieures telles que les all\u00e9es de jardin, les pav\u00e9s et les fa\u00e7ades.<\/p>\n<p>En tant que fournisseur de granit chinois de confiance, nous nous approvisionnons en granit vert papillon aupr\u00e8s de carri\u00e8res r\u00e9put\u00e9es et veillons \u00e0 ce qu'il soit soigneusement trait\u00e9 et inspect\u00e9 afin de r\u00e9pondre aux normes de qualit\u00e9 les plus strictes. Notre engagement en faveur de la qualit\u00e9 se refl\u00e8te dans l'homog\u00e9n\u00e9it\u00e9 de la couleur, du motif et de la finition de notre granit, ce qui garantit que vous recevrez un produit qui n'est pas seulement visuellement magnifique, mais aussi durable.<\/p>\n<p>Avec sa beaut\u00e9 unique, sa durabilit\u00e9 exceptionnelle et sa polyvalence, le China Butterfly Green Granite est un choix de premier ordre pour les architectes, les concepteurs et les propri\u00e9taires qui recherchent une pierre naturelle de premi\u00e8re qualit\u00e9 pour leurs projets. Choisissez-nous comme fournisseur fiable de granit chinois et faites l'exp\u00e9rience de l'\u00e9l\u00e9gance intemporelle et de la durabilit\u00e9 du granit vert papillon de Chine dans votre prochain projet.<\/p>\n<table style=\"height: 383px;\" width=\"1361\">\n<tbody>\n<tr>\n<td width=\"121\">Mat\u00e9riau<\/td>\n<td width=\"125\">Couleur primaire<\/td>\n<td width=\"193\">Produit<\/td>\n<td width=\"231\">Taille (cm)<\/td>\n<td width=\"156\">Finition<\/td>\n<td width=\"72\">Densit\u00e9<br \/>\n(g\/cm3)<\/td>\n<td width=\"116\">Absorption de l'eau<br \/>\n(%)<\/td>\n<\/tr>\n<tr>\n<td>Ghina Butterfly Granit vert<\/td>\n<td>Vert<\/td>\n<td width=\"193\">Dalle<br \/>\nCarrelage<br \/>\nEscalier<br \/>\nPav\u00e9s<br \/>\nKerbstone<br \/>\nAppui de fen\u00eatre<br \/>\nComptoir<br \/>\nEtc<\/td>\n<td width=\"231\">240up x120up x2\/3\/5\/6<br \/>\n240up x70up x2\/3\/5\/6<br \/>\n60\u00d730\/60\u00d71\/1.5\/2\/3<br \/>\n100-160x34x3<br \/>\n100-160x15x2<br \/>\nLongueurx20x8<br \/>\nLongueurx25x10<br \/>\n10x10x5<br \/>\n10x20x5<br \/>\nEtc<\/td>\n<td width=\"156\">Poli<br \/>\nHonor\u00e9<br \/>\nFlamm\u00e9<br \/>\nFlamm\u00e9 et bross\u00e9<br \/>\nBushhamerred<br \/>\nSablage<br \/>\nEtc<\/td>\n<td>2.78<\/td>\n<td>0.14<\/td>\n<\/tr>\n<\/tbody>\n<\/table>\n<p><img loading=\"lazy\" decoding=\"async\" class=\"alignnone size-full wp-image-20336\" src=\"http:\/\/stone-phoenix.com\/wp-content\/uploads\/2023\/12\/1703880540.jpg\" width=\"927\" height=\"600\" srcset=\"https:\/\/stone-phoenix.com\/wp-content\/uploads\/2023\/12\/1703880540.jpg 927w, https:\/\/stone-phoenix.com\/wp-content\/uploads\/2023\/12\/1703880540-300x194.jpg 300w, https:\/\/stone-phoenix.com\/wp-content\/uploads\/2023\/12\/1703880540-768x497.jpg 768w, https:\/\/stone-phoenix.com\/wp-content\/uploads\/2023\/12\/1703880540-18x12.jpg 18w, https:\/\/stone-phoenix.com\/wp-content\/uploads\/2023\/12\/1703880540-600x388.jpg 600w, https:\/\/stone-phoenix.com\/wp-content\/uploads\/2023\/12\/1703880540-150x97.jpg 150w\" sizes=\"(max-width: 927px) 100vw, 927px\" \/><\/p>\n<h2>Couleurs de pierre similaires<\/h2>\n<table>\n<tbody>\n<tr>\n<td style=\"text-align: center;\">\n<figure id=\"attachment_5393\" class=\"wp-caption aligncenter\" style=\"width: 300px;\" aria-describedby=\"caption-attachment-5393\"><img loading=\"lazy\" decoding=\"async\" class=\"alignnone size-full wp-image-20337\" src=\"http:\/\/stone-phoenix.com\/wp-content\/uploads\/2023\/12\/1703880541.jpg\" width=\"300\" height=\"300\" srcset=\"https:\/\/stone-phoenix.com\/wp-content\/uploads\/2023\/12\/1703880541.jpg 300w, https:\/\/stone-phoenix.com\/wp-content\/uploads\/2023\/12\/1703880541-150x150.jpg 150w, https:\/\/stone-phoenix.com\/wp-content\/uploads\/2023\/12\/1703880541-12x12.jpg 12w\" sizes=\"(max-width: 300px) 100vw, 300px\" \/><\/figure>\n<p>Granit vert papillon du Br\u00e9sil<\/td>\n<td style=\"text-align: center;\">\n<figure id=\"attachment_5394\" class=\"wp-caption aligncenter\" style=\"width: 300px;\" aria-describedby=\"caption-attachment-5394\"><img loading=\"lazy\" decoding=\"async\" class=\"alignnone size-full wp-image-20338\" src=\"http:\/\/stone-phoenix.com\/wp-content\/uploads\/2023\/12\/1703880542.jpg\" width=\"300\" height=\"300\" srcset=\"https:\/\/stone-phoenix.com\/wp-content\/uploads\/2023\/12\/1703880542.jpg 300w, https:\/\/stone-phoenix.com\/wp-content\/uploads\/2023\/12\/1703880542-150x150.jpg 150w, https:\/\/stone-phoenix.com\/wp-content\/uploads\/2023\/12\/1703880542-12x12.jpg 12w\" sizes=\"(max-width: 300px) 100vw, 300px\" \/><\/figure>\n<p>Granit vert de Chengde<\/td>\n<td>\n<figure id=\"attachment_5395\" class=\"wp-caption aligncenter\" style=\"width: 300px;\" aria-describedby=\"caption-attachment-5395\"><img loading=\"lazy\" decoding=\"async\" class=\"alignnone size-full wp-image-20339\" src=\"http:\/\/stone-phoenix.com\/wp-content\/uploads\/2023\/12\/1703880542-1.jpg\" width=\"300\" height=\"300\" srcset=\"https:\/\/stone-phoenix.com\/wp-content\/uploads\/2023\/12\/1703880542-1.jpg 300w, https:\/\/stone-phoenix.com\/wp-content\/uploads\/2023\/12\/1703880542-1-150x150.jpg 150w, https:\/\/stone-phoenix.com\/wp-content\/uploads\/2023\/12\/1703880542-1-12x12.jpg 12w\" sizes=\"(max-width: 300px) 100vw, 300px\" \/><\/figure>\n<p>Jiangxi Green Granite<\/td>\n<\/tr>\n<\/tbody>\n<\/table>\n<h2><\/h2>\n<\/div>","protected":false},"excerpt":{"rendered":"<p>Chinese Granite Suppliers China Butterfly Green Grainte Chinese granite suppliers, we take pride in offering high-quality China Butterfly Green Granite<\/p>","protected":false},"featured_media":20335,"template":"","meta":[],"product_cat":[112],"product_tag":[],"_links":{"self":[{"href":"https:\/\/stone-phoenix.com\/fr\/wp-json\/wp\/v2\/product\/20334"}],"collection":[{"href":"https:\/\/stone-phoenix.com\/fr\/wp-json\/wp\/v2\/product"}],"about":[{"href":"https:\/\/stone-phoenix.com\/fr\/wp-json\/wp\/v2\/types\/product"}],"wp:featuredmedia":[{"embeddable":true,"href":"https:\/\/stone-phoenix.com\/fr\/wp-json\/wp\/v2\/media\/20335"}],"wp:attachment":[{"href":"https:\/\/stone-phoenix.com\/fr\/wp-json\/wp\/v2\/media?parent=20334"}],"wp:term":[{"taxonomy":"product_cat","embeddable":true,"href":"https:\/\/stone-phoenix.com\/fr\/wp-json\/wp\/v2\/product_cat?post=20334"},{"taxonomy":"product_tag","embeddable":true,"href":"https:\/\/stone-phoenix.com\/fr\/wp-json\/wp\/v2\/product_tag?post=20334"}],"curies":[{"name":"wp","href":"https:\/\/api.w.org\/{rel}","templated":true}]}}