{"id":20354,"date":"2023-12-29T20:09:32","date_gmt":"2023-12-29T12:09:32","guid":{"rendered":"http:\/\/stone-phoenix.com\/product\/cheap-paving-stone-g654-grey-granite-stone"},"modified":"2024-04-11T14:10:36","modified_gmt":"2024-04-11T06:10:36","slug":"cheap-paving-stone-g654-grey-granite-stone","status":"publish","type":"product","link":"https:\/\/stone-phoenix.com\/fr\/produit\/cheap-paving-stone-g654-grey-granite-stone","title":{"rendered":"pav\u00e9 bon march\u00e9 G654 pierre de granit gris"},"content":{"rendered":"<div id=\"tab-description\" class=\"woocommerce-Tabs-panel woocommerce-Tabs-panel--description panel entry-content wc-tab\" role=\"tabpanel\" aria-labelledby=\"tab-title-description\">\n<div id=\"ali-anchor-AliPostDhMb-10ic2\" style=\"padding-top: 8px;\" data-section=\"AliPostDhMb-10ic2\" data-section-title=\"Product Description\">\n<h2 style=\"text-align: center;\">pav\u00e9 bon march\u00e9 G654 granit gris pierre de palissade<\/h2>\n<p>Nous vendons de beaux pav\u00e9s \u00e0 un prix raisonnable. Tous nos pav\u00e9s G654 sont disponibles \u00e0 la livraison dans tout le pays et peuvent \u00eatre utilis\u00e9s pour des applications int\u00e9rieures et ext\u00e9rieures, y compris les all\u00e9es de jardin et les patios.Notre pav\u00e9 G654 est une excellente alternative \u00e0 la dalle de b\u00e9ton traditionnelle.<\/p>\n<p>Nous avons produit ce pav\u00e9 en mat\u00e9riau naturel, id\u00e9al pour les patios et les all\u00e9es de jardin. Ce produit est une pierre naturelle, extraite \u00e0 l'origine dans la nature, puis nous l'avons finie par une s\u00e9rie de processus de polissage pour lui donner un aspect brillant et magnifique.<\/p>\n<p>Nos pav\u00e9s en pierre sont un choix tr\u00e8s populaire pour la cr\u00e9ation de parcs publics, de jardins, d'all\u00e9es et de patios. Nous proposons une large gamme de couleurs et de tailles pour r\u00e9pondre \u00e0 vos besoins. Am\u00e9liorez votre jardin et vos all\u00e9es avec notre gamme de pav\u00e9s de formes et de tailles vari\u00e9es, qu'ils soient naturels ou fabriqu\u00e9s par l'homme. La pierre pour le pavage est un mat\u00e9riau robuste et rentable, largement utilis\u00e9 dans l'am\u00e9nagement paysager r\u00e9sidentiel et le pavage commercial.<\/p>\n<div id=\"ali-title-AliPostDhMb-10ic2\" style=\"padding: 8px 0; border-bottom: 1px solid #ddd;\"><span style=\"background-color: #ddd; color: #333; font-weight: bold; padding: 8px 10px; line-height: 12px;\">Description du produit<\/span><\/div>\n<div style=\"padding: 10px 0;\">\n<table class=\"aliDataTable\" style=\"color: #000000; font-family: Arial; font-size: 12px; font-style: normal; font-weight: 400; background-color: #ffffff; width: 750px; height: 226px; border: 1px solid #b3b3b3;\">\n<tbody>\n<tr style=\"height: 42px;\">\n<td style=\"border: 1px solid #b3b3b3; width: 162px; height: 42px;\"><strong><span style=\"font-family: arial, helvetica, sans-serif; font-size: 14px;\">Nom du produit :<\/span><\/strong><\/td>\n<td style=\"border: 1px solid #b3b3b3; width: 595.066px; height: 42px;\"><span style=\"font-family: arial, helvetica, sans-serif; font-size: 14px;\">Divers pav\u00e9s en granit<\/span><\/td>\n<\/tr>\n<tr style=\"height: 21px;\">\n<td style=\"border: 1px solid #b3b3b3; width: 162px; height: 21px;\"><strong><span style=\"font-family: arial, helvetica, sans-serif; font-size: 14px;\">Mat\u00e9riau :<\/span><\/strong><\/td>\n<td style=\"border: 1px solid #b3b3b3; width: 595.066px; height: 21px;\"><span style=\"font-family: arial, helvetica, sans-serif; font-size: 14px;\">Granit G562, granit G603, granit G654, granit G682, etc.<\/span><\/td>\n<\/tr>\n<tr style=\"height: 44px;\">\n<td style=\"border: 1px solid #b3b3b3; width: 162px; height: 65px;\" rowspan=\"2\">\n<p style=\"margin: 0px; padding: 0px;\"><strong><span style=\"font-family: arial, helvetica, sans-serif; font-size: 14px;\">Taille :<\/span><\/strong><\/p>\n<\/td>\n<td style=\"border: 1px solid #b3b3b3; width: 595.066px; height: 44px;\"><span style=\"font-size: 14px;\">Tailles<\/span><br \/>\n<span style=\"font-size: 14px;\">5X5X5CM,8X8X8CM,9X9X9CM,10X10X10CM,10x10x5cm,<\/span><span style=\"font-size: 14px;\">10x20x5cm,9.5\u00d79.5x4CM,19.5\u00d719.5x4CM,22X11X5CM,<\/span><\/p>\n<p><span style=\"font-size: 14px;\">16.5X11.5X5CM,19.7X19.7X8CM,14.5X14.5X8CM,16X16X16CM,<\/span><\/p>\n<p><span style=\"font-size: 14px;\">22X16X16CM,27x18x9cm,18x18x9cm,18x18x18CM <\/span><\/p>\n<p><span style=\"font-size: 14px;\">ou sur mesure<\/span><\/td>\n<\/tr>\n<tr style=\"height: 21px;\">\n<td style=\"border: 1px solid #b3b3b3; width: 595.066px; height: 21px;\"><span style=\"font-family: arial, helvetica, sans-serif; font-size: 14px;\">Des sp\u00e9cifications personnalis\u00e9es sont disponibles<\/span><\/td>\n<\/tr>\n<tr style=\"height: 42px;\">\n<td style=\"border: 1px solid #b3b3b3; width: 162px; height: 42px;\"><strong><span style=\"font-family: arial, helvetica, sans-serif; font-size: 14px;\">Tol\u00e9rance d'\u00e9paisseur :<\/span><\/strong><\/td>\n<td style=\"border: 1px solid #b3b3b3; width: 595.066px; height: 42px;\"><span style=\"font-size: 14px; font-family: arial, helvetica, sans-serif;\">\u00b11mm, \u00b11,5mm, \u00b12mm, selon les exigences de qualit\u00e9 du client<\/span><\/td>\n<\/tr>\n<tr style=\"height: 126px;\">\n<td style=\"border: 1px solid #b3b3b3; width: 162px; height: 126px;\">\n<p style=\"margin: 0px; padding: 0px;\"><strong><span style=\"font-family: arial, helvetica, sans-serif; font-size: 14px;\">Surface :<\/span><\/strong><\/p>\n<\/td>\n<td style=\"border: 1px solid #b3b3b3; width: 595.066px; height: 126px;\"><span style=\"font-size: 14px;\">Finition<\/span><br \/>\n<span style=\"font-size: 14px;\">a. Fente naturelle sur tous les c\u00f4t\u00e9s<\/span><br \/>\n<span style=\"font-size: 14px;\">b. Toutes les faces sont sci\u00e9es<\/span><br \/>\n<span style=\"font-size: 14px;\">c. 5 c\u00f4t\u00e9s coup\u00e9s \u00e0 la scie, surface fendue naturellement<\/span><br \/>\n<span style=\"font-size: 14px;\">d. 5 faces coup\u00e9es \u00e0 la scie, surface flamm\u00e9e<\/span><br \/>\n<span style=\"font-size: 14px;\">e. 4 c\u00f4t\u00e9s coup\u00e9s \u00e0 la scie, fendu naturel en haut, tambourin\u00e9, dos en maille\u00a0<\/span><\/td>\n<\/tr>\n<tr style=\"height: 21px;\">\n<td style=\"border: 1px solid #b3b3b3; width: 162px; height: 21px;\"><strong><span style=\"font-family: arial, helvetica, sans-serif; font-size: 14px;\">Emballage :<\/span><\/strong><\/td>\n<td style=\"border: 1px solid #b3b3b3; width: 595.066px; height: 21px;\"><span style=\"font-family: arial, helvetica, sans-serif; font-size: 14px;\">Fardeaux et caisses en bois en \u00e9tat de navigabilit\u00e9<\/span><\/td>\n<\/tr>\n<tr style=\"height: 21px;\">\n<td style=\"border: 1px solid #b3b3b3; width: 162px; height: 21px;\"><strong><span style=\"font-family: arial, helvetica, sans-serif; font-size: 14px;\">Application :<\/span><\/strong><\/td>\n<td style=\"border: 1px solid #b3b3b3; width: 595.066px; height: 21px;\"><span style=\"font-family: arial, helvetica, sans-serif; font-size: 14px;\">Largement utilis\u00e9 pour la d\u00e9coration int\u00e9rieure et ext\u00e9rieure<\/span><\/td>\n<\/tr>\n<tr style=\"height: 42px;\">\n<td style=\"border: 1px solid #b3b3b3; width: 162px; height: 42px;\"><strong><span style=\"font-family: arial, helvetica, sans-serif; font-size: 14px;\">D\u00e9lai de livraison :<\/span><\/strong><\/td>\n<td style=\"border: 1px solid #b3b3b3; width: 595.066px; height: 42px;\"><span style=\"font-family: arial, helvetica, sans-serif; font-size: 14px;\">15-20 jours pour les tailles normales<\/span><\/td>\n<\/tr>\n<tr style=\"height: 21px;\">\n<td style=\"border: 1px solid #b3b3b3; width: 162px; height: 21px;\">\n<p style=\"margin: 0px; padding: 0px;\"><strong><span style=\"font-family: arial, helvetica, sans-serif; font-size: 14px;\">Certificat :<\/span><\/strong><\/p>\n<\/td>\n<td style=\"border: 1px solid #b3b3b3; width: 595.066px; height: 21px;\"><span style=\"font-family: arial, helvetica, sans-serif; font-size: 14px;\">CE, SGS<\/span><\/td>\n<\/tr>\n<tr style=\"height: 42px;\">\n<td style=\"border: 1px solid #b3b3b3; width: 162px; height: 42px;\">\n<p style=\"margin: 0px; padding: 0px;\"><strong><span style=\"font-family: arial, helvetica, sans-serif; font-size: 14px;\">Conditions de paiement :<\/span><\/strong><\/p>\n<\/td>\n<td style=\"border: 1px solid #b3b3b3; width: 595.066px; height: 42px;\"><span style=\"font-family: arial, helvetica, sans-serif; font-size: 14px;\">T\/T, L\/C, D\/P<\/span><\/td>\n<\/tr>\n<tr style=\"height: 63px;\">\n<td style=\"border: 1px solid #b3b3b3; width: 162px; height: 63px;\"><strong><span style=\"font-family: arial, helvetica, sans-serif; font-size: 14px;\">Avantage :<\/span><\/strong><\/td>\n<td style=\"border: 1px solid #b3b3b3; width: 595.066px; height: 63px;\">\n<p style=\"margin: 0px; padding: 0px;\"><span style=\"font-family: arial, helvetica, sans-serif; font-size: 14px;\">1) Service unique pour la pierre ;<\/span><\/p>\n<p style=\"margin: 0px; padding: 0px;\"><span style=\"font-family: arial, helvetica, sans-serif; font-size: 14px;\">2) Poss\u00e9der 3 carri\u00e8res et 9 usines ;<\/span><\/p>\n<p style=\"margin: 0px; padding: 0px;\"><span style=\"font-family: arial, helvetica, sans-serif; font-size: 14px;\">3) Soutien \u00e0 la conception et \u00e0 la technologie.<\/span><\/p>\n<\/td>\n<\/tr>\n<tr style=\"height: 84px;\">\n<td style=\"border: 1px solid #b3b3b3; width: 162px; height: 84px;\"><strong><span style=\"font-family: arial, helvetica, sans-serif; font-size: 14px;\">Assurance de la qualit\u00e9 et de la livraison :\u00a0<\/span><\/strong><\/td>\n<td style=\"border: 1px solid #b3b3b3; width: 595.066px; height: 84px;\">\n<p style=\"margin: 0px; padding: 0px;\"><span style=\"font-family: arial, helvetica, sans-serif; font-size: 14px;\">Tout au long du processus de production, du choix des mat\u00e9riaux \u00e0 l'emballage en passant par la fabrication, notre service de contr\u00f4le de la qualit\u00e9 contr\u00f4le rigoureusement chaque pi\u00e8ce et chaque processus afin de garantir le respect des normes de qualit\u00e9 et le respect des d\u00e9lais de livraison.<\/span><\/p>\n<\/td>\n<\/tr>\n<\/tbody>\n<\/table>\n<p><img loading=\"lazy\" decoding=\"async\" class=\"alignnone size-full wp-image-27538\" src=\"http:\/\/stone-phoenix.com\/wp-content\/uploads\/2023\/12\/cheap-paving-stone-G654-grey-granite-stone-7.jpg\" alt=\"\" width=\"1096\" height=\"900\" srcset=\"https:\/\/stone-phoenix.com\/wp-content\/uploads\/2023\/12\/cheap-paving-stone-G654-grey-granite-stone-7.jpg 1096w, https:\/\/stone-phoenix.com\/wp-content\/uploads\/2023\/12\/cheap-paving-stone-G654-grey-granite-stone-7-300x246.jpg 300w, https:\/\/stone-phoenix.com\/wp-content\/uploads\/2023\/12\/cheap-paving-stone-G654-grey-granite-stone-7-1024x841.jpg 1024w, https:\/\/stone-phoenix.com\/wp-content\/uploads\/2023\/12\/cheap-paving-stone-G654-grey-granite-stone-7-768x631.jpg 768w, https:\/\/stone-phoenix.com\/wp-content\/uploads\/2023\/12\/cheap-paving-stone-G654-grey-granite-stone-7-15x12.jpg 15w, https:\/\/stone-phoenix.com\/wp-content\/uploads\/2023\/12\/cheap-paving-stone-G654-grey-granite-stone-7-600x493.jpg 600w, https:\/\/stone-phoenix.com\/wp-content\/uploads\/2023\/12\/cheap-paving-stone-G654-grey-granite-stone-7-150x123.jpg 150w\" sizes=\"(max-width: 1096px) 100vw, 1096px\" \/><img loading=\"lazy\" decoding=\"async\" class=\"alignnone size-full wp-image-27539\" src=\"http:\/\/stone-phoenix.com\/wp-content\/uploads\/2023\/12\/cheap-paving-stone-G654-grey-granite-stone-8.jpg\" alt=\"\" width=\"1119\" height=\"838\" srcset=\"https:\/\/stone-phoenix.com\/wp-content\/uploads\/2023\/12\/cheap-paving-stone-G654-grey-granite-stone-8.jpg 1119w, https:\/\/stone-phoenix.com\/wp-content\/uploads\/2023\/12\/cheap-paving-stone-G654-grey-granite-stone-8-300x225.jpg 300w, https:\/\/stone-phoenix.com\/wp-content\/uploads\/2023\/12\/cheap-paving-stone-G654-grey-granite-stone-8-1024x767.jpg 1024w, https:\/\/stone-phoenix.com\/wp-content\/uploads\/2023\/12\/cheap-paving-stone-G654-grey-granite-stone-8-768x575.jpg 768w, https:\/\/stone-phoenix.com\/wp-content\/uploads\/2023\/12\/cheap-paving-stone-G654-grey-granite-stone-8-16x12.jpg 16w, https:\/\/stone-phoenix.com\/wp-content\/uploads\/2023\/12\/cheap-paving-stone-G654-grey-granite-stone-8-600x449.jpg 600w, https:\/\/stone-phoenix.com\/wp-content\/uploads\/2023\/12\/cheap-paving-stone-G654-grey-granite-stone-8-150x112.jpg 150w\" sizes=\"(max-width: 1119px) 100vw, 1119px\" \/><img loading=\"lazy\" decoding=\"async\" class=\"alignnone  wp-image-27540\" src=\"http:\/\/stone-phoenix.com\/wp-content\/uploads\/2023\/12\/cheap-paving-stone-G654-grey-granite-stone-6-1.jpg\" alt=\"\" width=\"965\" height=\"1117\" srcset=\"https:\/\/stone-phoenix.com\/wp-content\/uploads\/2023\/12\/cheap-paving-stone-G654-grey-granite-stone-6-1.jpg 522w, https:\/\/stone-phoenix.com\/wp-content\/uploads\/2023\/12\/cheap-paving-stone-G654-grey-granite-stone-6-1-259x300.jpg 259w, https:\/\/stone-phoenix.com\/wp-content\/uploads\/2023\/12\/cheap-paving-stone-G654-grey-granite-stone-6-1-10x12.jpg 10w, https:\/\/stone-phoenix.com\/wp-content\/uploads\/2023\/12\/cheap-paving-stone-G654-grey-granite-stone-6-1-150x174.jpg 150w\" sizes=\"(max-width: 965px) 100vw, 965px\" \/><img loading=\"lazy\" decoding=\"async\" class=\"alignnone  wp-image-27541\" src=\"http:\/\/stone-phoenix.com\/wp-content\/uploads\/2023\/12\/cheap-paving-stone-G654-grey-granite-stone-3.jpg\" alt=\"\" width=\"957\" height=\"488\" srcset=\"https:\/\/stone-phoenix.com\/wp-content\/uploads\/2023\/12\/cheap-paving-stone-G654-grey-granite-stone-3.jpg 714w, https:\/\/stone-phoenix.com\/wp-content\/uploads\/2023\/12\/cheap-paving-stone-G654-grey-granite-stone-3-300x153.jpg 300w, https:\/\/stone-phoenix.com\/wp-content\/uploads\/2023\/12\/cheap-paving-stone-G654-grey-granite-stone-3-18x9.jpg 18w, https:\/\/stone-phoenix.com\/wp-content\/uploads\/2023\/12\/cheap-paving-stone-G654-grey-granite-stone-3-600x306.jpg 600w, https:\/\/stone-phoenix.com\/wp-content\/uploads\/2023\/12\/cheap-paving-stone-G654-grey-granite-stone-3-150x76.jpg 150w\" sizes=\"(max-width: 957px) 100vw, 957px\" \/>&nbsp;<\/p>\n<\/div>\n<\/div>\n<\/div>","protected":false},"excerpt":{"rendered":"<p>cheap paving stone G654 grey granite palisade stone We sell beautiful paving stones at a reasonable price. All our cheap<\/p>","protected":false},"featured_media":27532,"template":"","meta":[],"product_cat":[112],"product_tag":[],"_links":{"self":[{"href":"https:\/\/stone-phoenix.com\/fr\/wp-json\/wp\/v2\/product\/20354"}],"collection":[{"href":"https:\/\/stone-phoenix.com\/fr\/wp-json\/wp\/v2\/product"}],"about":[{"href":"https:\/\/stone-phoenix.com\/fr\/wp-json\/wp\/v2\/types\/product"}],"wp:featuredmedia":[{"embeddable":true,"href":"https:\/\/stone-phoenix.com\/fr\/wp-json\/wp\/v2\/media\/27532"}],"wp:attachment":[{"href":"https:\/\/stone-phoenix.com\/fr\/wp-json\/wp\/v2\/media?parent=20354"}],"wp:term":[{"taxonomy":"product_cat","embeddable":true,"href":"https:\/\/stone-phoenix.com\/fr\/wp-json\/wp\/v2\/product_cat?post=20354"},{"taxonomy":"product_tag","embeddable":true,"href":"https:\/\/stone-phoenix.com\/fr\/wp-json\/wp\/v2\/product_tag?post=20354"}],"curies":[{"name":"wp","href":"https:\/\/api.w.org\/{rel}","templated":true}]}}