{"id":20358,"date":"2023-12-29T20:09:38","date_gmt":"2023-12-29T12:09:38","guid":{"rendered":"http:\/\/stone-phoenix.com\/product\/g654-pflastersteine-granite-cube-stone-paving-stone"},"modified":"2024-04-11T13:14:13","modified_gmt":"2024-04-11T05:14:13","slug":"g654-pflastersteine-granite-cube-stone-paving-stone","status":"publish","type":"product","link":"https:\/\/stone-phoenix.com\/fr\/produit\/g654-pflastersteine-granite-cube-stone-paving-stone","title":{"rendered":"G654 pflastersteine granite cube pierre pav\u00e9"},"content":{"rendered":"<div id=\"tab-description\" class=\"woocommerce-Tabs-panel woocommerce-Tabs-panel--description panel entry-content wc-tab\" role=\"tabpanel\" aria-labelledby=\"tab-title-description\">\n<h2>Chine G654 pflastersteine granite cube stone cheap paving stone 10\u00d710 granite cheap paving stone artificial granite<\/h2>\n<p>Le granit G654 Pflastersteine est un type de pav\u00e9 bon march\u00e9, et la pierre cubique en granit Pflastersteine est le produit principal que nous avons\uff0c avec une bonne qualit\u00e9 et le meilleur prix. Il est largement utilis\u00e9 dans les h\u00f4tels de luxe, les villas, les centres de vill\u00e9giature et les grandes propri\u00e9t\u00e9s ainsi que dans les constructions urbaines.<\/p>\n<p>Il s'agit d'une pierre cubique en granite qui peut \u00eatre largement utilis\u00e9e pour la construction de routes et de places, la d\u00e9coration de b\u00e2timents, etc. Il a une bonne r\u00e9sistance aux chocs, une forte r\u00e9sistance aux acides et aux alcalis, une r\u00e9sistance \u00e0 l'\u00e9rosion et une r\u00e9sistance aux basses temp\u00e9ratures.<\/p>\n<p>Notre produit est l'un des choix les plus populaires pour les all\u00e9es et les patios modernes. Cette pierre peut \u00eatre utilis\u00e9e dans les zones o\u00f9 vous souhaitez un aspect naturel, ou \u00eatre recouverte d'un produit de scellement pour la rendre plus brillante. <a href=\"https:\/\/longtopstone.com\/\">magasin<\/a> ou <a href=\"https:\/\/longtopstone.com\/contact\/\">nous contacter<\/a> par courrier \u00e9lectronique.<\/p>\n<div id=\"ali-anchor-AliPostDhMb-10ic2\" style=\"padding-top: 8px;\" data-section=\"AliPostDhMb-10ic2\" data-section-title=\"Product Description\">\n<div id=\"ali-title-AliPostDhMb-10ic2\" style=\"padding: 8px 0; border-bottom: 1px solid #ddd;\"><span style=\"background-color: #ddd; color: #333; font-weight: bold; padding: 8px 10px; line-height: 12px;\">Description du produit<\/span><\/div>\n<div style=\"padding: 10px 0;\">\n<table class=\"aliDataTable\" style=\"color: #000000; font-family: Arial; font-size: 12px; font-style: normal; font-weight: 400; background-color: #ffffff; width: 750px; height: 226px; border: 1px solid #b3b3b3;\">\n<tbody>\n<tr style=\"height: 42px;\">\n<td style=\"border: 1px solid #b3b3b3; width: 162px; height: 42px;\"><strong><span style=\"font-family: arial, helvetica, sans-serif; font-size: 14px;\">Nom du produit :<\/span><\/strong><\/td>\n<td style=\"border: 1px solid #b3b3b3; width: 595.066px; height: 42px;\">Chine G654 pflastersteine granite cube stone cheap paving stone 10\u00d710 granite cheap paving stone artificial granite<\/td>\n<\/tr>\n<tr style=\"height: 21px;\">\n<td style=\"border: 1px solid #b3b3b3; width: 162px; height: 21px;\"><strong><span style=\"font-family: arial, helvetica, sans-serif; font-size: 14px;\">Mat\u00e9riau :<\/span><\/strong><\/td>\n<td style=\"border: 1px solid #b3b3b3; width: 595.066px; height: 21px;\"><span style=\"font-family: arial, helvetica, sans-serif; font-size: 14px;\">Granit G562, granit G603, granit G654, granit G682, etc.<\/span><\/td>\n<\/tr>\n<tr style=\"height: 44px;\">\n<td style=\"border: 1px solid #b3b3b3; width: 162px; height: 65px;\" rowspan=\"2\">\n<p style=\"margin: 0px; padding: 0px;\"><strong><span style=\"font-family: arial, helvetica, sans-serif; font-size: 14px;\">Taille :<\/span><\/strong><\/p>\n<\/td>\n<td style=\"border: 1px solid #b3b3b3; width: 595.066px; height: 44px;\"><span style=\"font-size: 14px;\">Tailles<\/span><br \/>\n<span style=\"font-size: 14px;\">5X5X5CM,8X8X8CM,9X9X9CM,10X10X10CM,10x10x5cm,<\/span><span style=\"font-size: 14px;\">10x20x5cm,9.5\u00d79.5x4CM,19.5\u00d719.5x4CM,22X11X5CM,<\/span><\/p>\n<p><span style=\"font-size: 14px;\">16.5X11.5X5CM,19.7X19.7X8CM,14.5X14.5X8CM,16X16X16CM,<\/span><\/p>\n<p><span style=\"font-size: 14px;\">22X16X16CM,27x18x9cm,18x18x9cm,18x18x18CM <\/span><\/p>\n<p><span style=\"font-size: 14px;\">ou sur mesure<\/span><\/td>\n<\/tr>\n<tr style=\"height: 21px;\">\n<td style=\"border: 1px solid #b3b3b3; width: 595.066px; height: 21px;\"><span style=\"font-family: arial, helvetica, sans-serif; font-size: 14px;\">Des sp\u00e9cifications personnalis\u00e9es sont disponibles<\/span><\/td>\n<\/tr>\n<tr style=\"height: 42px;\">\n<td style=\"border: 1px solid #b3b3b3; width: 162px; height: 42px;\"><strong><span style=\"font-family: arial, helvetica, sans-serif; font-size: 14px;\">Tol\u00e9rance d'\u00e9paisseur :<\/span><\/strong><\/td>\n<td style=\"border: 1px solid #b3b3b3; width: 595.066px; height: 42px;\"><span style=\"font-size: 14px; font-family: arial, helvetica, sans-serif;\">\u00b11mm, \u00b11,5mm, \u00b12mm, selon les exigences de qualit\u00e9 du client<\/span><\/td>\n<\/tr>\n<tr style=\"height: 126px;\">\n<td style=\"border: 1px solid #b3b3b3; width: 162px; height: 126px;\">\n<p style=\"margin: 0px; padding: 0px;\"><strong><span style=\"font-family: arial, helvetica, sans-serif; font-size: 14px;\">Surface :<\/span><\/strong><\/p>\n<\/td>\n<td style=\"border: 1px solid #b3b3b3; width: 595.066px; height: 126px;\"><span style=\"font-size: 14px;\">Finition<\/span><br \/>\n<span style=\"font-size: 14px;\">a. Fente naturelle sur tous les c\u00f4t\u00e9s<\/span><br \/>\n<span style=\"font-size: 14px;\">b. Toutes les faces sont sci\u00e9es<\/span><br \/>\n<span style=\"font-size: 14px;\">c. 5 c\u00f4t\u00e9s coup\u00e9s \u00e0 la scie, surface fendue naturellement<\/span><br \/>\n<span style=\"font-size: 14px;\">d. 5 faces coup\u00e9es \u00e0 la scie, surface flamm\u00e9e<\/span><br \/>\n<span style=\"font-size: 14px;\">e. 4 c\u00f4t\u00e9s coup\u00e9s \u00e0 la scie, fendu naturel en haut, tambourin\u00e9, dos en maille\u00a0<\/span><\/td>\n<\/tr>\n<tr style=\"height: 21px;\">\n<td style=\"border: 1px solid #b3b3b3; width: 162px; height: 21px;\"><strong><span style=\"font-family: arial, helvetica, sans-serif; font-size: 14px;\">Emballage :<\/span><\/strong><\/td>\n<td style=\"border: 1px solid #b3b3b3; width: 595.066px; height: 21px;\"><span style=\"font-family: arial, helvetica, sans-serif; font-size: 14px;\">Fardeaux et caisses en bois en \u00e9tat de navigabilit\u00e9<\/span><\/td>\n<\/tr>\n<tr style=\"height: 21px;\">\n<td style=\"border: 1px solid #b3b3b3; width: 162px; height: 21px;\"><strong><span style=\"font-family: arial, helvetica, sans-serif; font-size: 14px;\">Application :<\/span><\/strong><\/td>\n<td style=\"border: 1px solid #b3b3b3; width: 595.066px; height: 21px;\"><span style=\"font-family: arial, helvetica, sans-serif; font-size: 14px;\">Largement utilis\u00e9 pour la d\u00e9coration int\u00e9rieure et ext\u00e9rieure<\/span><\/td>\n<\/tr>\n<tr style=\"height: 42px;\">\n<td style=\"border: 1px solid #b3b3b3; width: 162px; height: 42px;\"><strong><span style=\"font-family: arial, helvetica, sans-serif; font-size: 14px;\">D\u00e9lai de livraison :<\/span><\/strong><\/td>\n<td style=\"border: 1px solid #b3b3b3; width: 595.066px; height: 42px;\"><span style=\"font-family: arial, helvetica, sans-serif; font-size: 14px;\">15-20 jours pour les tailles normales<\/span><\/td>\n<\/tr>\n<tr style=\"height: 21px;\">\n<td style=\"border: 1px solid #b3b3b3; width: 162px; height: 21px;\">\n<p style=\"margin: 0px; padding: 0px;\"><strong><span style=\"font-family: arial, helvetica, sans-serif; font-size: 14px;\">Certificat :<\/span><\/strong><\/p>\n<\/td>\n<td style=\"border: 1px solid #b3b3b3; width: 595.066px; height: 21px;\"><span style=\"font-family: arial, helvetica, sans-serif; font-size: 14px;\">CE, SGS<\/span><\/td>\n<\/tr>\n<tr style=\"height: 42px;\">\n<td style=\"border: 1px solid #b3b3b3; width: 162px; height: 42px;\">\n<p style=\"margin: 0px; padding: 0px;\"><strong><span style=\"font-family: arial, helvetica, sans-serif; font-size: 14px;\">Conditions de paiement :<\/span><\/strong><\/p>\n<\/td>\n<td style=\"border: 1px solid #b3b3b3; width: 595.066px; height: 42px;\"><span style=\"font-family: arial, helvetica, sans-serif; font-size: 14px;\">T\/T, L\/C, D\/P<\/span><\/td>\n<\/tr>\n<tr style=\"height: 63px;\">\n<td style=\"border: 1px solid #b3b3b3; width: 162px; height: 63px;\"><strong><span style=\"font-family: arial, helvetica, sans-serif; font-size: 14px;\">Avantage :<\/span><\/strong><\/td>\n<td style=\"border: 1px solid #b3b3b3; width: 595.066px; height: 63px;\">\n<p style=\"margin: 0px; padding: 0px;\"><span style=\"font-family: arial, helvetica, sans-serif; font-size: 14px;\">1) Service unique pour la pierre ;<\/span><\/p>\n<p style=\"margin: 0px; padding: 0px;\"><span style=\"font-family: arial, helvetica, sans-serif; font-size: 14px;\">2) Poss\u00e9der 3 carri\u00e8res et 9 usines ;<\/span><\/p>\n<p style=\"margin: 0px; padding: 0px;\"><span style=\"font-family: arial, helvetica, sans-serif; font-size: 14px;\">3) Soutien \u00e0 la conception et \u00e0 la technologie.<\/span><\/p>\n<\/td>\n<\/tr>\n<tr style=\"height: 84px;\">\n<td style=\"border: 1px solid #b3b3b3; width: 162px; height: 84px;\"><strong><span style=\"font-family: arial, helvetica, sans-serif; font-size: 14px;\">Assurance de la qualit\u00e9 et de la livraison :\u00a0<\/span><\/strong><\/td>\n<td style=\"border: 1px solid #b3b3b3; width: 595.066px; height: 84px;\">\n<p style=\"margin: 0px; padding: 0px;\"><span style=\"font-family: arial, helvetica, sans-serif; font-size: 14px;\">Tout au long du processus de production, du choix des mat\u00e9riaux \u00e0 l'emballage en passant par la fabrication, notre service de contr\u00f4le de la qualit\u00e9 contr\u00f4le rigoureusement chaque pi\u00e8ce et chaque processus afin de garantir le respect des normes de qualit\u00e9 et le respect des d\u00e9lais de livraison.<\/span><\/p>\n<\/td>\n<\/tr>\n<\/tbody>\n<\/table>\n<p><img loading=\"lazy\" decoding=\"async\" class=\"alignnone  wp-image-27529\" src=\"http:\/\/stone-phoenix.com\/wp-content\/uploads\/2023\/12\/G654-pflastersteine-granite-cube-stone-paving-stone-1.jpg\" alt=\"\" width=\"962\" height=\"673\" srcset=\"https:\/\/stone-phoenix.com\/wp-content\/uploads\/2023\/12\/G654-pflastersteine-granite-cube-stone-paving-stone-1.jpg 699w, https:\/\/stone-phoenix.com\/wp-content\/uploads\/2023\/12\/G654-pflastersteine-granite-cube-stone-paving-stone-1-300x210.jpg 300w, https:\/\/stone-phoenix.com\/wp-content\/uploads\/2023\/12\/G654-pflastersteine-granite-cube-stone-paving-stone-1-18x12.jpg 18w, https:\/\/stone-phoenix.com\/wp-content\/uploads\/2023\/12\/G654-pflastersteine-granite-cube-stone-paving-stone-1-600x420.jpg 600w, https:\/\/stone-phoenix.com\/wp-content\/uploads\/2023\/12\/G654-pflastersteine-granite-cube-stone-paving-stone-1-150x105.jpg 150w\" sizes=\"(max-width: 962px) 100vw, 962px\" \/><img loading=\"lazy\" decoding=\"async\" class=\"alignnone  wp-image-27530\" src=\"http:\/\/stone-phoenix.com\/wp-content\/uploads\/2023\/12\/G654-pflastersteine-granite-cube-stone-paving-stone-7-1.jpg\" alt=\"\" width=\"1009\" height=\"483\" srcset=\"https:\/\/stone-phoenix.com\/wp-content\/uploads\/2023\/12\/G654-pflastersteine-granite-cube-stone-paving-stone-7-1.jpg 673w, https:\/\/stone-phoenix.com\/wp-content\/uploads\/2023\/12\/G654-pflastersteine-granite-cube-stone-paving-stone-7-1-300x144.jpg 300w, https:\/\/stone-phoenix.com\/wp-content\/uploads\/2023\/12\/G654-pflastersteine-granite-cube-stone-paving-stone-7-1-18x9.jpg 18w, https:\/\/stone-phoenix.com\/wp-content\/uploads\/2023\/12\/G654-pflastersteine-granite-cube-stone-paving-stone-7-1-600x287.jpg 600w, https:\/\/stone-phoenix.com\/wp-content\/uploads\/2023\/12\/G654-pflastersteine-granite-cube-stone-paving-stone-7-1-150x72.jpg 150w\" sizes=\"(max-width: 1009px) 100vw, 1009px\" \/><img loading=\"lazy\" decoding=\"async\" class=\"alignnone  wp-image-27531\" src=\"http:\/\/stone-phoenix.com\/wp-content\/uploads\/2023\/12\/G654-pflastersteine-granite-cube-stone-paving-stone-4-1.jpg\" alt=\"\" width=\"956\" height=\"717\" srcset=\"https:\/\/stone-phoenix.com\/wp-content\/uploads\/2023\/12\/G654-pflastersteine-granite-cube-stone-paving-stone-4-1.jpg 684w, https:\/\/stone-phoenix.com\/wp-content\/uploads\/2023\/12\/G654-pflastersteine-granite-cube-stone-paving-stone-4-1-300x225.jpg 300w, https:\/\/stone-phoenix.com\/wp-content\/uploads\/2023\/12\/G654-pflastersteine-granite-cube-stone-paving-stone-4-1-16x12.jpg 16w, https:\/\/stone-phoenix.com\/wp-content\/uploads\/2023\/12\/G654-pflastersteine-granite-cube-stone-paving-stone-4-1-600x450.jpg 600w, https:\/\/stone-phoenix.com\/wp-content\/uploads\/2023\/12\/G654-pflastersteine-granite-cube-stone-paving-stone-4-1-150x113.jpg 150w\" sizes=\"(max-width: 956px) 100vw, 956px\" \/><img loading=\"lazy\" decoding=\"async\" class=\"alignnone size-full wp-image-20364\" src=\"http:\/\/stone-phoenix.com\/wp-content\/uploads\/2023\/12\/1703880582.png\" width=\"956\" height=\"746\" srcset=\"https:\/\/stone-phoenix.com\/wp-content\/uploads\/2023\/12\/1703880582.png 956w, https:\/\/stone-phoenix.com\/wp-content\/uploads\/2023\/12\/1703880582-300x234.png 300w, https:\/\/stone-phoenix.com\/wp-content\/uploads\/2023\/12\/1703880582-768x599.png 768w, https:\/\/stone-phoenix.com\/wp-content\/uploads\/2023\/12\/1703880582-15x12.png 15w, https:\/\/stone-phoenix.com\/wp-content\/uploads\/2023\/12\/1703880582-600x468.png 600w, https:\/\/stone-phoenix.com\/wp-content\/uploads\/2023\/12\/1703880582-150x117.png 150w\" sizes=\"(max-width: 956px) 100vw, 956px\" \/><\/p>\n<\/div>\n<\/div>\n<\/div>","protected":false},"excerpt":{"rendered":"<p>China G654 pflastersteine granite cube stone cheap paving stone 10\u00d710 granite cheap paving stone artificial granite G654 Pflastersteine Granite is<\/p>","protected":false},"featured_media":27524,"template":"","meta":[],"product_cat":[112],"product_tag":[],"_links":{"self":[{"href":"https:\/\/stone-phoenix.com\/fr\/wp-json\/wp\/v2\/product\/20358"}],"collection":[{"href":"https:\/\/stone-phoenix.com\/fr\/wp-json\/wp\/v2\/product"}],"about":[{"href":"https:\/\/stone-phoenix.com\/fr\/wp-json\/wp\/v2\/types\/product"}],"wp:featuredmedia":[{"embeddable":true,"href":"https:\/\/stone-phoenix.com\/fr\/wp-json\/wp\/v2\/media\/27524"}],"wp:attachment":[{"href":"https:\/\/stone-phoenix.com\/fr\/wp-json\/wp\/v2\/media?parent=20358"}],"wp:term":[{"taxonomy":"product_cat","embeddable":true,"href":"https:\/\/stone-phoenix.com\/fr\/wp-json\/wp\/v2\/product_cat?post=20358"},{"taxonomy":"product_tag","embeddable":true,"href":"https:\/\/stone-phoenix.com\/fr\/wp-json\/wp\/v2\/product_tag?post=20358"}],"curies":[{"name":"wp","href":"https:\/\/api.w.org\/{rel}","templated":true}]}}