{"id":20365,"date":"2023-12-29T20:09:47","date_gmt":"2023-12-29T12:09:47","guid":{"rendered":"http:\/\/stone-phoenix.com\/product\/china-granit-pflastersteine-yellow-granite-g682"},"modified":"2024-04-11T13:05:47","modified_gmt":"2024-04-11T05:05:47","slug":"china-granit-pflastersteine-yellow-granite-g682","status":"publish","type":"product","link":"https:\/\/stone-phoenix.com\/fr\/produit\/china-granit-pflastersteine-yellow-granite-g682","title":{"rendered":"Chine Granit Pflastersteine Yellow Granite G682"},"content":{"rendered":"<div id=\"tab-description\" class=\"woocommerce-Tabs-panel woocommerce-Tabs-panel--description panel entry-content wc-tab\" role=\"tabpanel\" aria-labelledby=\"tab-title-description\">\n<h2>china granit pflastersteine<\/h2>\n<div class=\"w-full border-b border-black\/10 dark:border-gray-900\/50 text-gray-800 dark:text-gray-100 group bg-gray-50 dark:bg-[#444654]\">\n<div class=\"text-base gap-4 md:gap-6 m-auto md:max-w-2xl lg:max-w-2xl xl:max-w-3xl p-4 md:py-6 flex lg:px-0\">\n<div class=\"relative flex w-[calc(100%-50px)] flex-col gap-1 md:gap-3 lg:w-[calc(100%-115px)]\">\n<div class=\"flex flex-grow flex-col gap-3\">\n<div class=\"min-h-[20px] flex flex-col items-start gap-4 whitespace-pre-wrap\">\n<div class=\"markdown prose w-full break-words dark:prose-invert light\">\n<p>Les pav\u00e9s de granit, ou \"pflastersteine\" en allemand, sont un choix populaire pour les projets d'am\u00e9nagement ext\u00e9rieur en Chine en raison de leur durabilit\u00e9 et de leur attrait esth\u00e9tique. Le granit est une pierre naturelle form\u00e9e par le refroidissement et la solidification du magma ou de la lave, ce qui fait du granit china pflastersteine un mat\u00e9riau dur et r\u00e9sistant, capable de supporter des conditions m\u00e9t\u00e9orologiques extr\u00eames et un trafic pi\u00e9tonnier intense.<\/p>\n<p>En Chine, les pav\u00e9s de granit sont extraits de diverses r\u00e9gions et sont disponibles en diff\u00e9rentes couleurs, finitions et tailles. Parmi les types de granit les plus utilis\u00e9s pour les pav\u00e9s, citons le G603, le G654 et le Shanxi Black. Le G603, \u00e9galement connu sous le nom de \"Luna Pearl\", est un granit gris clair de couleur et de texture uniformes. Le G654, \u00e9galement connu sous le nom de \"Padang Dark\", est un granit gris fonc\u00e9 avec une surface \u00e0 grain fin et un aspect l\u00e9g\u00e8rement textur\u00e9. Le Shanxi Black est un granit noir fonc\u00e9 avec une surface lisse et une finition tr\u00e8s brillante.<\/p>\n<p>Les pav\u00e9s en granit sont couramment utilis\u00e9s dans les am\u00e9nagements paysagers tels que les patios, les all\u00e9es et les voies d'acc\u00e8s, ainsi que dans les espaces publics tels que les parcs, les places et les rues. Ils sont disponibles dans une gamme de formes, notamment carr\u00e9es, rectangulaires, circulaires et irr\u00e9guli\u00e8res, ce qui permet de cr\u00e9er facilement des designs uniques et visuellement attrayants.<\/p>\n<p>Les pav\u00e9s en granit n\u00e9cessitent \u00e9galement peu d'entretien, car ils n'ont pas besoin d'\u00eatre scell\u00e9s ou polis r\u00e9guli\u00e8rement comme d'autres types de pierres naturelles. Ils r\u00e9sistent aux taches, \u00e0 la d\u00e9coloration et aux fissures, ce qui en fait une option durable pour les projets d'am\u00e9nagement ext\u00e9rieur. En outre, le granit est un mat\u00e9riau antid\u00e9rapant, ce qui en fait un choix s\u00fbr pour les surfaces humides ou glissantes.<\/p>\n<p>En conclusion, les pav\u00e9s de granit sont un choix populaire en Chine en raison de leur durabilit\u00e9, de leur beaut\u00e9 et du peu d'entretien qu'ils n\u00e9cessitent. Avec une large gamme de couleurs, de finitions et de formes disponibles, les pav\u00e9s de granit peuvent \u00eatre utilis\u00e9s pour cr\u00e9er des am\u00e9nagements paysagers ext\u00e9rieurs uniques et attrayants qui dureront des ann\u00e9es.<\/p>\n<\/div>\n<\/div>\n<\/div>\n<div class=\"flex justify-between\">\n<div class=\"text-gray-400 flex self-end lg:self-center justify-center mt-2 gap-3 md:gap-4 lg:gap-1 lg:absolute lg:top-0 lg:translate-x-full lg:right-0 lg:mt-0 lg:pl-2 visible\"><\/div>\n<\/div>\n<\/div>\n<\/div>\n<\/div>\n<div id=\"ali-anchor-AliPostDhMb-6q8vw\" style=\"padding-top: 8px;\" data-section=\"AliPostDhMb-6q8vw\" data-section-title=\"Product Description\">\n<div id=\"ali-title-AliPostDhMb-6q8vw\" style=\"padding: 8px 0; border-bottom: 1px solid #ddd;\"><span style=\"background-color: #ddd; color: #333; font-weight: bold; padding: 8px 10px; line-height: 12px;\">Description du produit<\/span><\/div>\n<div style=\"padding: 10px 0;\">\n<table class=\"aliDataTable\" style=\"color: #000000; font-family: Arial; font-size: 12px; font-style: normal; font-weight: 400; background-color: #ffffff; width: 698px; height: 226px; border: 1px solid #b3b3b3;\">\n<tbody>\n<tr>\n<td style=\"border: 1px solid #707070; width: 159.663px;\"><strong><span style=\"font-family: arial, helvetica, sans-serif; font-size: 14px;\">Nom du produit :<\/span><\/strong><\/td>\n<td style=\"border: 1px solid #707070; width: 553.337px;\"><span style=\"font-family: arial, helvetica, sans-serif; font-size: 14px;\">Granit divers<\/span><\/td>\n<\/tr>\n<tr>\n<td style=\"border: 1px solid #707070; width: 159.663px;\"><strong><span style=\"font-family: arial, helvetica, sans-serif; font-size: 14px;\">Mat\u00e9riau :<\/span><\/strong><\/td>\n<td style=\"border: 1px solid #707070; width: 553.337px;\"><span style=\"font-size: 14px;\">Granit<\/span><\/td>\n<\/tr>\n<tr>\n<td style=\"border: 1px solid #707070; width: 159.663px;\"><strong><span style=\"font-family: arial, helvetica, sans-serif; font-size: 14px;\">Couleur :<\/span><\/strong><\/td>\n<td style=\"border: 1px solid #707070; width: 553.337px;\"><span style=\"font-family: arial, helvetica, sans-serif; font-size: 14px;\">Blanc, noir, jaune, rouge, rose, gris, brun, bleu, vert, etc.<\/span><\/td>\n<\/tr>\n<tr>\n<td style=\"border: 1px solid #707070; width: 159.663px;\" rowspan=\"3\"><strong><span style=\"font-family: arial, helvetica, sans-serif; font-size: 14px;\">Taille :<\/span><\/strong><\/td>\n<td style=\"border: 1px solid #707070; width: 553.337px;\"><span style=\"text-decoration: underline;\"><span style=\"font-size: 14px;\">Carreaux disponibles <\/span><\/span><br \/>\n<span style=\"font-size: 14px;\">12\u2019x12\u2033,24\u2019x24\u2033,12\u2019x24\u2033,etc <\/span><span style=\"font-size: 14px;\">300x300mm,300x600mm,400x400mm,600x600mm,etc<\/span><\/td>\n<\/tr>\n<tr>\n<td style=\"border: 1px solid #707070; width: 553.337px;\"><span style=\"text-decoration: underline;\"><span style=\"font-size: 14px;\">Dalles disponibles <\/span><\/span><\/p>\n<p><span style=\"font-size: 14px;\">180cmUpx60UP,180cmUpx65cmUP,180cmUpx70cmUP,etc<\/span><br \/>\n<span style=\"font-size: 14px;\">240cmUpx120cmUP,etc<\/span><\/td>\n<\/tr>\n<tr>\n<td style=\"border: 1px solid #707070; width: 553.337px;\"><span style=\"font-family: arial, helvetica, sans-serif; font-size: 14px;\">Des sp\u00e9cifications personnalis\u00e9es sont disponibles<\/span><\/td>\n<\/tr>\n<tr>\n<td style=\"border: 1px solid #707070; width: 159.663px;\"><strong><span style=\"font-family: arial, helvetica, sans-serif; font-size: 14px;\">Tol\u00e9rance d'\u00e9paisseur :<\/span><\/strong><\/td>\n<td style=\"border: 1px solid #707070; width: 553.337px;\"><span style=\"font-family: arial, helvetica, sans-serif; font-size: 14px;\">\u00b10,05mm, \u00b11mm, \u00b11,5mm, \u00b12mm, selon les exigences de qualit\u00e9 du client<\/span><\/td>\n<\/tr>\n<tr>\n<td style=\"border: 1px solid #707070; width: 159.663px;\"><strong><span style=\"font-family: arial, helvetica, sans-serif; font-size: 14px;\">Surface :<\/span><\/strong><\/td>\n<td style=\"border: 1px solid #707070; width: 553.337px;\"><span style=\"font-family: arial, helvetica, sans-serif; font-size: 14px;\">P<\/span><span style=\"font-size: 14px;\">ol\u00e9, adouci, flamm\u00e9, sabl\u00e9, bouchard\u00e9, fendu naturel, flamm\u00e9 et bross\u00e9, etc.<\/span><\/td>\n<\/tr>\n<tr>\n<td style=\"border: 1px solid #707070; width: 159.663px;\"><strong><span style=\"font-family: arial, helvetica, sans-serif; font-size: 14px;\">Emballage :<\/span><\/strong><\/td>\n<td style=\"border: 1px solid #707070; width: 553.337px;\"><span style=\"font-size: 14px;\">Palettes en bois en \u00e9tat de navigabilit\u00e9, fardeaux en bois et caisses en bois<\/span><\/td>\n<\/tr>\n<tr>\n<td style=\"border: 1px solid #707070; width: 159.663px;\"><strong><span style=\"font-family: arial, helvetica, sans-serif; font-size: 14px;\">Application :<\/span><\/strong><\/td>\n<td style=\"border: 1px solid #707070; width: 553.337px;\"><span style=\"font-family: arial, helvetica, sans-serif; font-size: 14px;\">Sol, mur, motif, comptoir, d\u00e9coration int\u00e9rieure et ext\u00e9rieure<\/span><\/td>\n<\/tr>\n<tr>\n<td style=\"border: 1px solid #707070; width: 159.663px;\"><strong><span style=\"font-family: arial, helvetica, sans-serif; font-size: 14px;\">D\u00e9lai de livraison :<\/span><\/strong><\/td>\n<td style=\"border: 1px solid #707070; width: 553.337px;\"><span style=\"font-size: 14px;\">15-20 jours pour l'enregistrement<\/span><span style=\"font-family: arial, helvetica, sans-serif; font-size: 14px;\">tailles lar<\/span><\/td>\n<\/tr>\n<tr>\n<td style=\"border: 1px solid #707070; width: 159.663px;\"><strong><span style=\"font-family: arial, helvetica, sans-serif; font-size: 14px;\">Certificat :<\/span><\/strong><\/td>\n<td style=\"border: 1px solid #707070; width: 553.337px;\"><span style=\"font-family: arial, helvetica, sans-serif; font-size: 14px;\">CE, SGS<\/span><\/td>\n<\/tr>\n<tr>\n<td style=\"border: 1px solid #707070; width: 159.663px;\"><strong><span style=\"font-family: arial, helvetica, sans-serif; font-size: 14px;\">Conditions de paiement :<\/span><\/strong><\/td>\n<td style=\"border: 1px solid #707070; width: 553.337px;\"><span style=\"font-size: 14px;\">T\/T, L\/C, D<span style=\"color: #000000; font-family: Verdana, Arial, Helvetica, sans-serif; font-size: 14px; font-style: normal; font-weight: 400; background-color: #ffffff; float: none;\">\/<\/span>P<\/span><\/td>\n<\/tr>\n<tr>\n<td style=\"border: 1px solid #707070; width: 159.663px;\"><strong><span style=\"font-family: arial, helvetica, sans-serif; font-size: 14px;\">Avantage :<\/span><\/strong><\/td>\n<td style=\"border: 1px solid #707070; width: 553.337px;\"><span style=\"font-family: arial, helvetica, sans-serif; font-size: 14px;\">1) Service unique pour la pierre ;<\/span><\/p>\n<p><span style=\"font-family: arial, helvetica, sans-serif; font-size: 14px;\">2) poss\u00e8dent 3 carri\u00e8res et 9 usines ;<\/span><\/p>\n<p><span style=\"font-family: arial, helvetica, sans-serif; font-size: 14px;\">3) Des supports technologiques de pointe.<\/span><\/td>\n<\/tr>\n<tr>\n<td style=\"border: 1px solid #707070; width: 159.663px;\"><strong><span style=\"font-family: arial, helvetica, sans-serif; font-size: 14px;\">Assurance de la qualit\u00e9 et de la livraison :\u00a0<\/span><\/strong><\/td>\n<td style=\"border: 1px solid #707070; width: 553.337px;\"><span style=\"font-size: 14px;\">Tout au long du processus de production, du choix des mat\u00e9riaux \u00e0 l'emballage en passant par la fabrication, notre service de contr\u00f4le de la qualit\u00e9 contr\u00f4le rigoureusement chaque pi\u00e8ce et chaque processus afin de garantir le respect des normes de qualit\u00e9 et le respect des d\u00e9lais de livraison.<\/span><\/td>\n<\/tr>\n<\/tbody>\n<\/table>\n<\/div>\n<div style=\"padding: 10px 0;\"><img loading=\"lazy\" decoding=\"async\" class=\"alignnone size-full wp-image-27518\" src=\"http:\/\/stone-phoenix.com\/wp-content\/uploads\/2023\/12\/China-Granit-Pflastersteine-Yellow-Granite-G682-3.jpg\" alt=\"\" width=\"1080\" height=\"1440\" srcset=\"https:\/\/stone-phoenix.com\/wp-content\/uploads\/2023\/12\/China-Granit-Pflastersteine-Yellow-Granite-G682-3.jpg 1080w, https:\/\/stone-phoenix.com\/wp-content\/uploads\/2023\/12\/China-Granit-Pflastersteine-Yellow-Granite-G682-3-225x300.jpg 225w, https:\/\/stone-phoenix.com\/wp-content\/uploads\/2023\/12\/China-Granit-Pflastersteine-Yellow-Granite-G682-3-768x1024.jpg 768w, https:\/\/stone-phoenix.com\/wp-content\/uploads\/2023\/12\/China-Granit-Pflastersteine-Yellow-Granite-G682-3-9x12.jpg 9w, https:\/\/stone-phoenix.com\/wp-content\/uploads\/2023\/12\/China-Granit-Pflastersteine-Yellow-Granite-G682-3-600x800.jpg 600w, https:\/\/stone-phoenix.com\/wp-content\/uploads\/2023\/12\/China-Granit-Pflastersteine-Yellow-Granite-G682-3-150x200.jpg 150w\" sizes=\"(max-width: 1080px) 100vw, 1080px\" \/><img loading=\"lazy\" decoding=\"async\" class=\"alignnone size-full wp-image-27519\" src=\"http:\/\/stone-phoenix.com\/wp-content\/uploads\/2023\/12\/China-Granit-Pflastersteine-Yellow-Granite-G682-9.jpg\" alt=\"\" width=\"1707\" height=\"1280\" srcset=\"https:\/\/stone-phoenix.com\/wp-content\/uploads\/2023\/12\/China-Granit-Pflastersteine-Yellow-Granite-G682-9.jpg 1707w, https:\/\/stone-phoenix.com\/wp-content\/uploads\/2023\/12\/China-Granit-Pflastersteine-Yellow-Granite-G682-9-300x225.jpg 300w, https:\/\/stone-phoenix.com\/wp-content\/uploads\/2023\/12\/China-Granit-Pflastersteine-Yellow-Granite-G682-9-1024x768.jpg 1024w, https:\/\/stone-phoenix.com\/wp-content\/uploads\/2023\/12\/China-Granit-Pflastersteine-Yellow-Granite-G682-9-768x576.jpg 768w, https:\/\/stone-phoenix.com\/wp-content\/uploads\/2023\/12\/China-Granit-Pflastersteine-Yellow-Granite-G682-9-1536x1152.jpg 1536w, https:\/\/stone-phoenix.com\/wp-content\/uploads\/2023\/12\/China-Granit-Pflastersteine-Yellow-Granite-G682-9-16x12.jpg 16w, https:\/\/stone-phoenix.com\/wp-content\/uploads\/2023\/12\/China-Granit-Pflastersteine-Yellow-Granite-G682-9-600x450.jpg 600w, https:\/\/stone-phoenix.com\/wp-content\/uploads\/2023\/12\/China-Granit-Pflastersteine-Yellow-Granite-G682-9-150x112.jpg 150w\" sizes=\"(max-width: 1707px) 100vw, 1707px\" \/><img loading=\"lazy\" decoding=\"async\" class=\"alignnone size-full wp-image-27521\" src=\"http:\/\/stone-phoenix.com\/wp-content\/uploads\/2023\/12\/China-Granit-Pflastersteine-Yellow-Granite-G682-8-1.jpg\" alt=\"\" width=\"1122\" height=\"1289\" srcset=\"https:\/\/stone-phoenix.com\/wp-content\/uploads\/2023\/12\/China-Granit-Pflastersteine-Yellow-Granite-G682-8-1.jpg 1122w, https:\/\/stone-phoenix.com\/wp-content\/uploads\/2023\/12\/China-Granit-Pflastersteine-Yellow-Granite-G682-8-1-261x300.jpg 261w, https:\/\/stone-phoenix.com\/wp-content\/uploads\/2023\/12\/China-Granit-Pflastersteine-Yellow-Granite-G682-8-1-891x1024.jpg 891w, https:\/\/stone-phoenix.com\/wp-content\/uploads\/2023\/12\/China-Granit-Pflastersteine-Yellow-Granite-G682-8-1-768x882.jpg 768w, https:\/\/stone-phoenix.com\/wp-content\/uploads\/2023\/12\/China-Granit-Pflastersteine-Yellow-Granite-G682-8-1-10x12.jpg 10w, https:\/\/stone-phoenix.com\/wp-content\/uploads\/2023\/12\/China-Granit-Pflastersteine-Yellow-Granite-G682-8-1-600x689.jpg 600w, https:\/\/stone-phoenix.com\/wp-content\/uploads\/2023\/12\/China-Granit-Pflastersteine-Yellow-Granite-G682-8-1-150x172.jpg 150w\" sizes=\"(max-width: 1122px) 100vw, 1122px\" \/><img loading=\"lazy\" decoding=\"async\" class=\"alignnone size-full wp-image-27522\" src=\"http:\/\/stone-phoenix.com\/wp-content\/uploads\/2023\/12\/China-Granit-Pflastersteine-Yellow-Granite-G682-10.jpg\" alt=\"\" width=\"1707\" height=\"1280\" srcset=\"https:\/\/stone-phoenix.com\/wp-content\/uploads\/2023\/12\/China-Granit-Pflastersteine-Yellow-Granite-G682-10.jpg 1707w, https:\/\/stone-phoenix.com\/wp-content\/uploads\/2023\/12\/China-Granit-Pflastersteine-Yellow-Granite-G682-10-300x225.jpg 300w, https:\/\/stone-phoenix.com\/wp-content\/uploads\/2023\/12\/China-Granit-Pflastersteine-Yellow-Granite-G682-10-1024x768.jpg 1024w, https:\/\/stone-phoenix.com\/wp-content\/uploads\/2023\/12\/China-Granit-Pflastersteine-Yellow-Granite-G682-10-768x576.jpg 768w, https:\/\/stone-phoenix.com\/wp-content\/uploads\/2023\/12\/China-Granit-Pflastersteine-Yellow-Granite-G682-10-1536x1152.jpg 1536w, https:\/\/stone-phoenix.com\/wp-content\/uploads\/2023\/12\/China-Granit-Pflastersteine-Yellow-Granite-G682-10-16x12.jpg 16w, https:\/\/stone-phoenix.com\/wp-content\/uploads\/2023\/12\/China-Granit-Pflastersteine-Yellow-Granite-G682-10-600x450.jpg 600w, https:\/\/stone-phoenix.com\/wp-content\/uploads\/2023\/12\/China-Granit-Pflastersteine-Yellow-Granite-G682-10-150x112.jpg 150w\" sizes=\"(max-width: 1707px) 100vw, 1707px\" \/><\/div>\n<div style=\"padding: 10px 0;\"><\/div>\n<div style=\"padding: 10px 0;\"><\/div>\n<div style=\"padding: 10px 0;\"><\/div>\n<div style=\"padding: 10px 0;\"><\/div>\n<div style=\"padding: 10px 0;\"><\/div>\n<div style=\"padding: 10px 0;\"><\/div>\n<div style=\"padding: 10px 0;\"><\/div>\n<\/div>\n<\/div>","protected":false},"excerpt":{"rendered":"<p>china granit pflastersteine Les pav\u00e9s en granit, ou \"pflastersteine\" en allemand, sont un choix populaire pour les projets d'am\u00e9nagement ext\u00e9rieur en Chine.<\/p>","protected":false},"featured_media":27512,"template":"","meta":[],"product_cat":[112],"product_tag":[],"_links":{"self":[{"href":"https:\/\/stone-phoenix.com\/fr\/wp-json\/wp\/v2\/product\/20365"}],"collection":[{"href":"https:\/\/stone-phoenix.com\/fr\/wp-json\/wp\/v2\/product"}],"about":[{"href":"https:\/\/stone-phoenix.com\/fr\/wp-json\/wp\/v2\/types\/product"}],"wp:featuredmedia":[{"embeddable":true,"href":"https:\/\/stone-phoenix.com\/fr\/wp-json\/wp\/v2\/media\/27512"}],"wp:attachment":[{"href":"https:\/\/stone-phoenix.com\/fr\/wp-json\/wp\/v2\/media?parent=20365"}],"wp:term":[{"taxonomy":"product_cat","embeddable":true,"href":"https:\/\/stone-phoenix.com\/fr\/wp-json\/wp\/v2\/product_cat?post=20365"},{"taxonomy":"product_tag","embeddable":true,"href":"https:\/\/stone-phoenix.com\/fr\/wp-json\/wp\/v2\/product_tag?post=20365"}],"curies":[{"name":"wp","href":"https:\/\/api.w.org\/{rel}","templated":true}]}}