{"id":20371,"date":"2023-12-29T20:09:56","date_gmt":"2023-12-29T12:09:56","guid":{"rendered":"http:\/\/stone-phoenix.com\/product\/granite-counter-supplier-cheap-white-floor"},"modified":"2024-04-11T12:47:40","modified_gmt":"2024-04-11T04:47:40","slug":"granite-counter-supplier-cheap-white-floor","status":"publish","type":"product","link":"https:\/\/stone-phoenix.com\/fr\/produit\/granite-counter-supplier-cheap-white-floor","title":{"rendered":"Granite Counter Supplier Cheap White Floor"},"content":{"rendered":"<div id=\"tab-description\" class=\"woocommerce-Tabs-panel woocommerce-Tabs-panel--description panel entry-content wc-tab\" role=\"tabpanel\" aria-labelledby=\"tab-title-description\">\n<h2>Chine granit bon march\u00e9 granit blanc carreaux de sol granit comptoir granit fournisseur<\/h2>\n<p>Les comptoirs en granit sont un choix populaire pour les cuisines et les salles de bains en raison de leur durabilit\u00e9, de leur beaut\u00e9 et de leur r\u00e9sistance \u00e0 la chaleur et aux rayures. Le secteur des fournisseurs de comptoirs en granit est un march\u00e9 concurrentiel, avec de nombreuses entreprises proposant une large gamme de produits et de services.<\/p>\n<p>L'un des plus grands fournisseurs de comptoirs en granit est la soci\u00e9t\u00e9 br\u00e9silienne Granitos Brasil. Elle est pr\u00e9sente dans le secteur depuis plus de 30 ans et a la r\u00e9putation de produire des comptoirs en granit de haute qualit\u00e9. Elle propose une large gamme de couleurs et de motifs, et ses produits sont r\u00e9put\u00e9s pour leur durabilit\u00e9 et leur r\u00e9sistance \u00e0 la chaleur et aux rayures. L'entreprise est \u00e9galement tr\u00e8s attach\u00e9e au d\u00e9veloppement durable et utilise des pratiques respectueuses de l'environnement dans le cadre de ses activit\u00e9s.<\/p>\n<p>Un autre grand fournisseur de comptoirs en granit est la soci\u00e9t\u00e9 indienne Rashi Granite. Pr\u00e9sente dans le secteur depuis plus de 20 ans, elle a la r\u00e9putation de produire des comptoirs en granit de haute qualit\u00e9 \u00e0 des prix comp\u00e9titifs. Elle propose une large gamme de couleurs et de motifs et ses produits sont r\u00e9put\u00e9s pour leur durabilit\u00e9 et leur r\u00e9sistance \u00e0 la chaleur et aux rayures. Ils sont \u00e9galement tr\u00e8s attach\u00e9s au d\u00e9veloppement durable et utilisent des pratiques respectueuses de l'environnement dans le cadre de leurs activit\u00e9s.<\/p>\n<p>Un troisi\u00e8me grand fournisseur de comptoirs en granit est la soci\u00e9t\u00e9 chinoise Laizhou Stone Forest Co, Ltd. Elle est pr\u00e9sente dans le secteur depuis plus de 10 ans et a la r\u00e9putation de produire des comptoirs en granit de haute qualit\u00e9 \u00e0 des prix comp\u00e9titifs. Elle propose une large gamme de couleurs et de motifs et ses produits sont r\u00e9put\u00e9s pour leur durabilit\u00e9 et leur r\u00e9sistance \u00e0 la chaleur et aux rayures. L'entreprise est \u00e9galement tr\u00e8s attach\u00e9e au d\u00e9veloppement durable et utilise des pratiques respectueuses de l'environnement dans le cadre de ses activit\u00e9s.<\/p>\n<p>En conclusion, le secteur des fournisseurs de comptoirs en granit est un march\u00e9 concurrentiel o\u00f9 de nombreuses entreprises proposent une large gamme de produits et de services. Toutefois, quelques entreprises se distinguent par leur taille, leur qualit\u00e9 et leur r\u00e9putation<\/p>\n<p><img loading=\"lazy\" decoding=\"async\" class=\"alignnone size-full wp-image-20373\" src=\"http:\/\/stone-phoenix.com\/wp-content\/uploads\/2023\/12\/1703880598.jpg\" width=\"1000\" height=\"750\" srcset=\"https:\/\/stone-phoenix.com\/wp-content\/uploads\/2023\/12\/1703880598.jpg 1000w, https:\/\/stone-phoenix.com\/wp-content\/uploads\/2023\/12\/1703880598-300x225.jpg 300w, https:\/\/stone-phoenix.com\/wp-content\/uploads\/2023\/12\/1703880598-768x576.jpg 768w, https:\/\/stone-phoenix.com\/wp-content\/uploads\/2023\/12\/1703880598-16x12.jpg 16w, https:\/\/stone-phoenix.com\/wp-content\/uploads\/2023\/12\/1703880598-600x450.jpg 600w, https:\/\/stone-phoenix.com\/wp-content\/uploads\/2023\/12\/1703880598-150x113.jpg 150w\" sizes=\"(max-width: 1000px) 100vw, 1000px\" \/><img loading=\"lazy\" decoding=\"async\" class=\"alignnone  wp-image-20375\" src=\"http:\/\/stone-phoenix.com\/wp-content\/uploads\/2023\/12\/1703880601.jpg\" width=\"954\" height=\"1272\" srcset=\"https:\/\/stone-phoenix.com\/wp-content\/uploads\/2023\/12\/1703880601.jpg 750w, https:\/\/stone-phoenix.com\/wp-content\/uploads\/2023\/12\/1703880601-225x300.jpg 225w, https:\/\/stone-phoenix.com\/wp-content\/uploads\/2023\/12\/1703880601-9x12.jpg 9w, https:\/\/stone-phoenix.com\/wp-content\/uploads\/2023\/12\/1703880601-600x800.jpg 600w, https:\/\/stone-phoenix.com\/wp-content\/uploads\/2023\/12\/1703880601-150x200.jpg 150w\" sizes=\"(max-width: 954px) 100vw, 954px\" \/><img loading=\"lazy\" decoding=\"async\" class=\"alignnone size-full wp-image-20376\" src=\"http:\/\/stone-phoenix.com\/wp-content\/uploads\/2023\/12\/1703880602.jpg\" width=\"1000\" height=\"843\" srcset=\"https:\/\/stone-phoenix.com\/wp-content\/uploads\/2023\/12\/1703880602.jpg 1000w, https:\/\/stone-phoenix.com\/wp-content\/uploads\/2023\/12\/1703880602-300x253.jpg 300w, https:\/\/stone-phoenix.com\/wp-content\/uploads\/2023\/12\/1703880602-768x647.jpg 768w, https:\/\/stone-phoenix.com\/wp-content\/uploads\/2023\/12\/1703880602-14x12.jpg 14w, https:\/\/stone-phoenix.com\/wp-content\/uploads\/2023\/12\/1703880602-600x506.jpg 600w, https:\/\/stone-phoenix.com\/wp-content\/uploads\/2023\/12\/1703880602-150x126.jpg 150w\" sizes=\"(max-width: 1000px) 100vw, 1000px\" \/><img loading=\"lazy\" decoding=\"async\" class=\"alignnone size-full wp-image-27510\" src=\"http:\/\/stone-phoenix.com\/wp-content\/uploads\/2023\/12\/Granite-Counter-Supplier-Cheap-White-Floor-10.jpg\" alt=\"\" width=\"1080\" height=\"1919\" srcset=\"https:\/\/stone-phoenix.com\/wp-content\/uploads\/2023\/12\/Granite-Counter-Supplier-Cheap-White-Floor-10.jpg 1080w, https:\/\/stone-phoenix.com\/wp-content\/uploads\/2023\/12\/Granite-Counter-Supplier-Cheap-White-Floor-10-169x300.jpg 169w, https:\/\/stone-phoenix.com\/wp-content\/uploads\/2023\/12\/Granite-Counter-Supplier-Cheap-White-Floor-10-576x1024.jpg 576w, https:\/\/stone-phoenix.com\/wp-content\/uploads\/2023\/12\/Granite-Counter-Supplier-Cheap-White-Floor-10-768x1365.jpg 768w, https:\/\/stone-phoenix.com\/wp-content\/uploads\/2023\/12\/Granite-Counter-Supplier-Cheap-White-Floor-10-864x1536.jpg 864w, https:\/\/stone-phoenix.com\/wp-content\/uploads\/2023\/12\/Granite-Counter-Supplier-Cheap-White-Floor-10-7x12.jpg 7w, https:\/\/stone-phoenix.com\/wp-content\/uploads\/2023\/12\/Granite-Counter-Supplier-Cheap-White-Floor-10-600x1066.jpg 600w, https:\/\/stone-phoenix.com\/wp-content\/uploads\/2023\/12\/Granite-Counter-Supplier-Cheap-White-Floor-10-150x267.jpg 150w\" sizes=\"(max-width: 1080px) 100vw, 1080px\" \/><img loading=\"lazy\" decoding=\"async\" class=\"alignnone size-full wp-image-27511\" src=\"http:\/\/stone-phoenix.com\/wp-content\/uploads\/2023\/12\/Granite-Counter-Supplier-Cheap-White-Floor-7.jpg\" alt=\"\" width=\"1080\" height=\"1440\" srcset=\"https:\/\/stone-phoenix.com\/wp-content\/uploads\/2023\/12\/Granite-Counter-Supplier-Cheap-White-Floor-7.jpg 1080w, https:\/\/stone-phoenix.com\/wp-content\/uploads\/2023\/12\/Granite-Counter-Supplier-Cheap-White-Floor-7-225x300.jpg 225w, https:\/\/stone-phoenix.com\/wp-content\/uploads\/2023\/12\/Granite-Counter-Supplier-Cheap-White-Floor-7-768x1024.jpg 768w, https:\/\/stone-phoenix.com\/wp-content\/uploads\/2023\/12\/Granite-Counter-Supplier-Cheap-White-Floor-7-9x12.jpg 9w, https:\/\/stone-phoenix.com\/wp-content\/uploads\/2023\/12\/Granite-Counter-Supplier-Cheap-White-Floor-7-600x800.jpg 600w, https:\/\/stone-phoenix.com\/wp-content\/uploads\/2023\/12\/Granite-Counter-Supplier-Cheap-White-Floor-7-150x200.jpg 150w\" sizes=\"(max-width: 1080px) 100vw, 1080px\" \/><\/p>\n<div id=\"ali-anchor-AliPostDhMb-qkngg\" style=\"padding-top: 8px;\" data-section=\"AliPostDhMb-qkngg\" data-section-title=\"Product Description\">\n<div id=\"ali-title-AliPostDhMb-qkngg\" style=\"padding: 8px 0; border-bottom: 1px solid #ddd;\"><span style=\"background-color: #ddd; color: #333; font-weight: bold; padding: 8px 10px; line-height: 12px;\">Description du produit<\/span><\/div>\n<div style=\"padding: 10px 0;\">\n<table class=\"aliDataTable\" style=\"color: #000000; font-family: Arial; font-size: 12px; font-style: normal; font-weight: 400; background-color: #ffffff; width: 746.066px; height: 226px; border: 1px solid #b3b3b3;\">\n<tbody>\n<tr style=\"height: 21px;\">\n<td style=\"border: 1px solid #b3b3b3; width: 162px;\"><strong><span style=\"font-family: arial, helvetica, sans-serif; font-size: 14px;\">Mat\u00e9riau :<\/span><\/strong><\/td>\n<td style=\"border: 1px solid #b3b3b3; width: 595.066px;\"><span style=\"font-family: arial, helvetica, sans-serif; font-size: 14px;\">Granit<\/span><\/td>\n<\/tr>\n<tr style=\"height: 21px;\">\n<td style=\"border: 1px solid #b3b3b3; width: 162px;\"><strong><span style=\"font-family: arial, helvetica, sans-serif; font-size: 14px;\">Couleur :<\/span><\/strong><\/td>\n<td style=\"border: 1px solid #b3b3b3; width: 595.066px;\"><span style=\"font-family: arial, helvetica, sans-serif; font-size: 14px;\">Blanc, beige, noir, marron, gris, rouge, vert, bleu, etc.<\/span><\/td>\n<\/tr>\n<tr style=\"height: 21px;\">\n<td style=\"border: 1px solid #b3b3b3; width: 162px;\" rowspan=\"3\"><strong><span style=\"font-family: arial, helvetica, sans-serif; font-size: 14px;\">Taille :<\/span><\/strong><\/td>\n<td style=\"border: 1px solid #b3b3b3; width: 595.066px;\"><span style=\"font-family: arial, helvetica, sans-serif; font-size: 14px;\"><span style=\"text-decoration: underline;\">Carreaux disponibles<\/span> <\/span><br \/>\n<span style=\"font-family: arial, helvetica, sans-serif; font-size: 14px;\">12\u2032 X 12\u2033,24\u2032 X 24\u2033,12\u2032 X 24\u2033,etc 300x300mm,300x600mm,400x400mm,600x600mm,600\u00d71200,800\u00d7800,etc<\/span><\/td>\n<\/tr>\n<tr style=\"height: 21px;\">\n<td style=\"border: 1px solid #b3b3b3; width: 595.066px;\"><span style=\"font-family: arial, helvetica, sans-serif; font-size: 14px;\"><span style=\"text-decoration: underline;\">Grandes dalles disponibles<\/span>\u00a0 \u00a0 \u00a0 \u00a0 \u00a0 \u00a0 \u00a0 \u00a0 \u00a0 \u00a0 \u00a0 \u00a0 \u00a0 \u00a0 \u00a0 \u00a0 \u00a0 \u00a0 \u00a0 \u00a0 \u00a0 \u00a0 \u00a0 \u00a0 \u00a0 \u00a0 \u00a0 \u00a0 \u00a0 \u00a0 \u00a0 \u00a0 \u00a0 \u00a0 \u00a0 \u00a0 \u00a0 \u00a0 \u00a0 \u00a0 \u00a0 \u00a0 \u00a0 \u00a0 \u00a0 \u00a0 \u00a0 \u00a0 \u00a0 \u00a0 \u00a0 \u00a0 \u00a0 240cmUpx120UP<\/span><\/td>\n<\/tr>\n<tr style=\"height: 21px;\">\n<td style=\"border: 1px solid #b3b3b3; width: 595.066px;\"><span style=\"font-family: arial, helvetica, sans-serif; font-size: 14px;\">Des sp\u00e9cifications personnalis\u00e9es sont disponibles<\/span><\/td>\n<\/tr>\n<tr style=\"height: 21px;\">\n<td style=\"border: 1px solid #b3b3b3; width: 162px;\"><strong><span style=\"font-family: arial, helvetica, sans-serif; font-size: 14px;\">Tol\u00e9rance d'\u00e9paisseur :<\/span><\/strong><\/td>\n<td style=\"border: 1px solid #b3b3b3; width: 595.066px;\"><span style=\"font-size: 14px; font-family: arial, helvetica, sans-serif;\">\u00b10,05mm, \u00b11mm, \u00b11,5mm, \u00b12mm, selon les exigences de qualit\u00e9 du client<\/span><\/td>\n<\/tr>\n<tr style=\"height: 21px;\">\n<td style=\"border: 1px solid #b3b3b3; width: 162px;\"><strong><span style=\"font-family: arial, helvetica, sans-serif; font-size: 14px;\">Surface :<\/span><\/strong><\/td>\n<td style=\"border: 1px solid #b3b3b3; width: 595.066px;\"><span style=\"font-size: 14px; font-family: arial, helvetica, sans-serif;\">Poli, adouci, assorti au livre, antique, rainur\u00e9, bross\u00e9, d\u00e9cap\u00e9, sabl\u00e9, jet d'eau, etc.<\/span><\/td>\n<\/tr>\n<tr style=\"height: auto;\">\n<td style=\"border: 1px solid #b3b3b3; width: 162px;\"><strong><span style=\"font-family: arial, helvetica, sans-serif; font-size: 14px;\">Emballage :<\/span><\/strong><\/td>\n<td style=\"border: 1px solid #b3b3b3; width: 595.066px;\"><span style=\"font-family: arial, helvetica, sans-serif; font-size: 14px;\"> Fardeaux et caisses en bois en \u00e9tat de navigabilit\u00e9<\/span><\/td>\n<\/tr>\n<tr style=\"height: 21px;\">\n<td style=\"border: 1px solid #b3b3b3; width: 162px;\"><strong><span style=\"font-family: arial, helvetica, sans-serif; font-size: 14px;\">Application :<\/span><\/strong><\/td>\n<td style=\"border: 1px solid #b3b3b3; width: 595.066px;\"><span style=\"font-family: arial, helvetica, sans-serif; font-size: 14px;\">Mur int\u00e9rieur, sol, plinthe, mur de fond, comptoir, escalier, etc.<\/span><\/td>\n<\/tr>\n<tr style=\"height: 21px;\">\n<td style=\"border: 1px solid #b3b3b3; width: 162px;\"><strong><span style=\"font-family: arial, helvetica, sans-serif; font-size: 14px;\">D\u00e9lai de livraison :<\/span><\/strong><\/td>\n<td style=\"border: 1px solid #b3b3b3; width: 595.066px;\"><span style=\"font-family: arial, helvetica, sans-serif; font-size: 14px;\"> 15-20 jours pour les tailles normales<\/span><\/td>\n<\/tr>\n<tr style=\"height: 21px;\">\n<td style=\"border: 1px solid #b3b3b3; width: 162px;\"><strong><span style=\"font-family: arial, helvetica, sans-serif; font-size: 14px;\">Certificat :<\/span><\/strong><\/td>\n<td style=\"border: 1px solid #b3b3b3; width: 595.066px;\"><span style=\"font-family: arial, helvetica, sans-serif; font-size: 14px;\">CE, SGS<\/span><\/td>\n<\/tr>\n<tr style=\"height: 21px;\">\n<td style=\"border: 1px solid #b3b3b3; width: 162px;\"><strong><span style=\"font-family: arial, helvetica, sans-serif; font-size: 14px;\">Conditions de paiement :<\/span><\/strong><\/td>\n<td style=\"border: 1px solid #b3b3b3; width: 595.066px;\"><span style=\"font-family: arial, helvetica, sans-serif; font-size: 14px;\">T\/T, L\/C, D\/P<\/span><\/td>\n<\/tr>\n<tr style=\"height: 42px;\">\n<td style=\"border: 1px solid #b3b3b3; width: 162px;\"><strong><span style=\"font-family: arial, helvetica, sans-serif; font-size: 14px;\">Avantage :<\/span><\/strong><\/td>\n<td style=\"border: 1px solid #b3b3b3; width: 595.066px;\"><span style=\"font-family: arial, helvetica, sans-serif; font-size: 14px;\">1) Service unique pour la pierre ;<\/span><\/p>\n<p><span style=\"font-family: arial, helvetica, sans-serif; font-size: 14px;\">2) Poss\u00e9der 3 carri\u00e8res et 9 usines ;<\/span><\/p>\n<p><span style=\"font-family: arial, helvetica, sans-serif; font-size: 14px;\">3) Des supports technologiques de pointe.<\/span><\/td>\n<\/tr>\n<tr style=\"height: 42px;\">\n<td style=\"border: 1px solid #b3b3b3; width: 162px;\"><strong><span style=\"font-family: arial, helvetica, sans-serif; font-size: 14px;\">Assurance de la qualit\u00e9 et de la livraison :\u00a0<\/span><\/strong><\/td>\n<td style=\"border: 1px solid #b3b3b3; width: 595.066px;\"><span style=\"font-family: arial, helvetica, sans-serif; font-size: 14px;\">Tout au long du processus de production, du choix des mat\u00e9riaux \u00e0 l'emballage en passant par la fabrication, notre service de contr\u00f4le de la qualit\u00e9 contr\u00f4le rigoureusement chaque pi\u00e8ce et chaque processus afin de garantir le respect des normes de qualit\u00e9 et le respect des d\u00e9lais de livraison.<\/span><\/td>\n<\/tr>\n<\/tbody>\n<\/table>\n<\/div>\n<\/div>\n<\/div>","protected":false},"excerpt":{"rendered":"<p>China cheap granite white granite floor tiles granite counter supplier Granite countertops are a popular choice for kitchens and bathrooms<\/p>","protected":false},"featured_media":27504,"template":"","meta":[],"product_cat":[112],"product_tag":[],"_links":{"self":[{"href":"https:\/\/stone-phoenix.com\/fr\/wp-json\/wp\/v2\/product\/20371"}],"collection":[{"href":"https:\/\/stone-phoenix.com\/fr\/wp-json\/wp\/v2\/product"}],"about":[{"href":"https:\/\/stone-phoenix.com\/fr\/wp-json\/wp\/v2\/types\/product"}],"wp:featuredmedia":[{"embeddable":true,"href":"https:\/\/stone-phoenix.com\/fr\/wp-json\/wp\/v2\/media\/27504"}],"wp:attachment":[{"href":"https:\/\/stone-phoenix.com\/fr\/wp-json\/wp\/v2\/media?parent=20371"}],"wp:term":[{"taxonomy":"product_cat","embeddable":true,"href":"https:\/\/stone-phoenix.com\/fr\/wp-json\/wp\/v2\/product_cat?post=20371"},{"taxonomy":"product_tag","embeddable":true,"href":"https:\/\/stone-phoenix.com\/fr\/wp-json\/wp\/v2\/product_tag?post=20371"}],"curies":[{"name":"wp","href":"https:\/\/api.w.org\/{rel}","templated":true}]}}