{"id":20377,"date":"2023-12-29T20:10:09","date_gmt":"2023-12-29T12:10:09","guid":{"rendered":"http:\/\/stone-phoenix.com\/product\/medallion-floor-tiles-china-granite-waterjet-tile"},"modified":"2024-04-11T12:23:10","modified_gmt":"2024-04-11T04:23:10","slug":"medallion-floor-tiles-china-granite-waterjet-tile","status":"publish","type":"product","link":"https:\/\/stone-phoenix.com\/fr\/produit\/medallion-floor-tiles-china-granite-waterjet-tile","title":{"rendered":"carreaux de sol en m\u00e9daillon carreaux de granit de Chine \u00e0 jet d'eau"},"content":{"rendered":"<div id=\"tab-description\" class=\"woocommerce-Tabs-panel woocommerce-Tabs-panel--description panel entry-content wc-tab\" role=\"tabpanel\" aria-labelledby=\"tab-title-description\">\n<h2>carreaux de sol en m\u00e9daillon carreaux de granit de Chine \u00e0 jet d'eau<\/h2>\n<p>Les carreaux de sol Medallion offrent un aspect classique et sophistiqu\u00e9. Quel que soit le style de salle de bains que vous cr\u00e9ez, ces carreaux sont s\u00fbrs de cr\u00e9er l'espace parfait pour vos invit\u00e9s, votre famille ou vous-m\u00eame. Ces carreaux de sol sont parfaits pour toutes les pi\u00e8ces de votre maison qui ont besoin d'un peu plus d'\u00e9l\u00e9gance, comme votre salle de bain ou votre cuisine.<\/p>\n<p>Les carreaux de sol en m\u00e9daillon sont attrayants et \u00e9l\u00e9gants, avec certains m\u00e9daillons con\u00e7us pour inclure vos initiales ou votre monogramme. Ils constituent une mani\u00e8re \u00e9l\u00e9gante et distinctive d'apporter une forme unique de texture \u00e0 votre projet de d\u00e9coration int\u00e9rieure. Les carreaux de sol en m\u00e9daillon pr\u00e9sentent un motif r\u00e9p\u00e9titif au centre qui ajoute de l'int\u00e9r\u00eat et du caract\u00e8re, ainsi qu'un contraste avec les carreaux environnants.<\/p>\n<p>Les d\u00e9tails complexes de chaque carreau cr\u00e9ent un aspect unique pour n'importe quel espace, de la cuisine \u00e0 la salle de bains. Ces carreaux de sol en m\u00e9daillon pr\u00e9sentent un aspect \u00e9l\u00e9gant et moderne, avec une gamme de couleurs au choix. Vous pouvez les installer partout dans votre maison, de la salle de bains \u00e0 la cuisine, en passant par le salon ou m\u00eame les chambres \u00e0 coucher. Ils sont \u00e9galement parfaits pour \u00eatre pos\u00e9s en patchwork dans une pi\u00e8ce existante qui n\u00e9cessite de l'attention.<\/p>\n<div id=\"ali-anchor-AliPostDhMb-6q8vw\" class=\"mceSectionContainer\" style=\"padding-top: 8px;\" data-section=\"AliPostDhMb-6q8vw\" data-section-title=\"Product Description\">\n<div id=\"ali-title-AliPostDhMb-6q8vw\" style=\"padding: 8px 0; border-bottom: 1px solid #ddd;\"><span style=\"background-color: #ddd; color: #333; font-weight: bold; padding: 8px 10px; line-height: 12px;\">Description du produit<\/span><\/div>\n<div style=\"padding: 10px 0;\">\n<table class=\"aliDataTable\" style=\"color: #000000; font-family: Arial; font-size: 12px; font-style: normal; font-weight: 400; background-color: #ffffff; width: 698px; height: 226px; border: 1px solid #b3b3b3;\">\n<tbody>\n<tr>\n<td style=\"border: 1px solid #707070; width: 159.663px;\"><strong><span style=\"font-family: arial, helvetica, sans-serif; font-size: 14px;\">Nom du produit :<\/span><\/strong><\/td>\n<td style=\"border: 1px solid #707070; width: 553.337px;\">Chine Chinois Padang G654 Impala Dark Grey Granite<\/td>\n<\/tr>\n<tr>\n<td style=\"border: 1px solid #707070; width: 159.663px;\"><strong><span style=\"font-family: arial, helvetica, sans-serif; font-size: 14px;\">Mat\u00e9riau :<\/span><\/strong><\/td>\n<td style=\"border: 1px solid #707070; width: 553.337px;\"><span style=\"font-size: 14px;\">Granit<\/span><\/td>\n<\/tr>\n<tr>\n<td style=\"border: 1px solid #707070; width: 159.663px;\"><strong><span style=\"font-family: arial, helvetica, sans-serif; font-size: 14px;\">Couleur :<\/span><\/strong><\/td>\n<td style=\"border: 1px solid #707070; width: 553.337px;\"><span style=\"font-family: arial, helvetica, sans-serif; font-size: 14px;\">Blanc, noir, jaune, rouge, rose, gris, brun, bleu, vert, etc.<\/span><\/td>\n<\/tr>\n<tr>\n<td style=\"border: 1px solid #707070; width: 159.663px;\" rowspan=\"3\"><strong><span style=\"font-family: arial, helvetica, sans-serif; font-size: 14px;\">Taille :<\/span><\/strong><\/td>\n<td style=\"border: 1px solid #707070; width: 553.337px;\"><span style=\"text-decoration: underline;\"><span style=\"font-size: 14px;\">Carreaux disponibles <\/span><\/span><br \/>\n<span style=\"font-size: 14px;\">12\u2019x12\u2033,24\u2019x24\u2033,12\u2019x24\u2033,etc <\/span><span style=\"font-size: 14px;\">300x300mm,300x600mm,400x400mm,600x600mm,etc<\/span><\/td>\n<\/tr>\n<tr>\n<td style=\"border: 1px solid #707070; width: 553.337px;\"><span style=\"text-decoration: underline;\"><span style=\"font-size: 14px;\">Dalles disponibles <\/span><\/span><\/p>\n<p><span style=\"font-size: 14px;\">180cmUpx60UP,180cmUpx65cmUP,180cmUpx70cmUP,etc<\/span><br \/>\n<span style=\"font-size: 14px;\">240cmUpx120cmUP,etc<\/span><\/td>\n<\/tr>\n<tr>\n<td style=\"border: 1px solid #707070; width: 553.337px;\"><span style=\"font-family: arial, helvetica, sans-serif; font-size: 14px;\">Des sp\u00e9cifications personnalis\u00e9es sont disponibles<\/span><\/td>\n<\/tr>\n<tr>\n<td style=\"border: 1px solid #707070; width: 159.663px;\"><strong><span style=\"font-family: arial, helvetica, sans-serif; font-size: 14px;\">Tol\u00e9rance d'\u00e9paisseur :<\/span><\/strong><\/td>\n<td style=\"border: 1px solid #707070; width: 553.337px;\"><span style=\"font-family: arial, helvetica, sans-serif; font-size: 14px;\">\u00b10,05mm, \u00b11mm, \u00b11,5mm, \u00b12mm, selon les exigences de qualit\u00e9 du client<\/span><\/td>\n<\/tr>\n<tr>\n<td style=\"border: 1px solid #707070; width: 159.663px;\"><strong><span style=\"font-family: arial, helvetica, sans-serif; font-size: 14px;\">Surface :<\/span><\/strong><\/td>\n<td style=\"border: 1px solid #707070; width: 553.337px;\"><span style=\"font-family: arial, helvetica, sans-serif; font-size: 14px;\">P<\/span><span style=\"font-size: 14px;\">ol\u00e9, adouci, flamm\u00e9, sabl\u00e9, bouchard\u00e9, fendu naturel, flamm\u00e9 et bross\u00e9, etc.<\/span><\/td>\n<\/tr>\n<tr>\n<td style=\"border: 1px solid #707070; width: 159.663px;\"><strong><span style=\"font-family: arial, helvetica, sans-serif; font-size: 14px;\">Emballage :<\/span><\/strong><\/td>\n<td style=\"border: 1px solid #707070; width: 553.337px;\"><span style=\"font-size: 14px;\">Palettes en bois en \u00e9tat de navigabilit\u00e9, fardeaux en bois et caisses en bois<\/span><\/td>\n<\/tr>\n<tr>\n<td style=\"border: 1px solid #707070; width: 159.663px;\"><strong><span style=\"font-family: arial, helvetica, sans-serif; font-size: 14px;\">Application :<\/span><\/strong><\/td>\n<td style=\"border: 1px solid #707070; width: 553.337px;\"><span style=\"font-family: arial, helvetica, sans-serif; font-size: 14px;\">Sol, mur, motif, comptoir, d\u00e9coration int\u00e9rieure et ext\u00e9rieure<\/span><\/td>\n<\/tr>\n<tr>\n<td style=\"border: 1px solid #707070; width: 159.663px;\"><strong><span style=\"font-family: arial, helvetica, sans-serif; font-size: 14px;\">D\u00e9lai de livraison :<\/span><\/strong><\/td>\n<td style=\"border: 1px solid #707070; width: 553.337px;\"><span style=\"font-size: 14px;\">15-20 jours pour l'enregistrement<\/span><span style=\"font-family: arial, helvetica, sans-serif; font-size: 14px;\">tailles lar<\/span><\/td>\n<\/tr>\n<tr>\n<td style=\"border: 1px solid #707070; width: 159.663px;\"><strong><span style=\"font-family: arial, helvetica, sans-serif; font-size: 14px;\">Certificat :<\/span><\/strong><\/td>\n<td style=\"border: 1px solid #707070; width: 553.337px;\"><span style=\"font-family: arial, helvetica, sans-serif; font-size: 14px;\">CE, SGS<\/span><\/td>\n<\/tr>\n<tr>\n<td style=\"border: 1px solid #707070; width: 159.663px;\"><strong><span style=\"font-family: arial, helvetica, sans-serif; font-size: 14px;\">Conditions de paiement :<\/span><\/strong><\/td>\n<td style=\"border: 1px solid #707070; width: 553.337px;\"><span style=\"font-size: 14px;\">T\/T, L\/C, D<span style=\"color: #000000; font-family: Verdana, Arial, Helvetica, sans-serif; font-size: 14px; font-style: normal; font-weight: 400; background-color: #ffffff; float: none;\">\/<\/span>P<\/span><\/td>\n<\/tr>\n<tr>\n<td style=\"border: 1px solid #707070; width: 159.663px;\"><strong><span style=\"font-family: arial, helvetica, sans-serif; font-size: 14px;\">Avantage :<\/span><\/strong><\/td>\n<td style=\"border: 1px solid #707070; width: 553.337px;\"><span style=\"font-family: arial, helvetica, sans-serif; font-size: 14px;\">1) Service unique pour la pierre ;<\/span><\/p>\n<p><span style=\"font-family: arial, helvetica, sans-serif; font-size: 14px;\">2) poss\u00e8dent 3 carri\u00e8res et 9 usines ;<\/span><\/p>\n<p><span style=\"font-family: arial, helvetica, sans-serif; font-size: 14px;\">3) Des supports technologiques de pointe.<\/span><\/td>\n<\/tr>\n<tr>\n<td style=\"border: 1px solid #707070; width: 159.663px;\"><strong><span style=\"font-family: arial, helvetica, sans-serif; font-size: 14px;\">Assurance de la qualit\u00e9 et de la livraison :\u00a0<\/span><\/strong><\/td>\n<td style=\"border: 1px solid #707070; width: 553.337px;\"><span style=\"font-size: 14px;\">Tout au long du processus de production, du choix des mat\u00e9riaux \u00e0 l'emballage en passant par la fabrication, notre service de contr\u00f4le de la qualit\u00e9 contr\u00f4le rigoureusement chaque pi\u00e8ce et chaque processus afin de garantir le respect des normes de qualit\u00e9 et le respect des d\u00e9lais de livraison.<\/span><\/td>\n<\/tr>\n<\/tbody>\n<\/table>\n<p>&nbsp;<\/p>\n<p><img loading=\"lazy\" decoding=\"async\" class=\"alignnone size-full wp-image-27490\" src=\"http:\/\/stone-phoenix.com\/wp-content\/uploads\/2023\/12\/medallion-floor-tiles-china-granite-waterjet-tile-1.jpg\" alt=\"\" width=\"1095\" height=\"669\" srcset=\"https:\/\/stone-phoenix.com\/wp-content\/uploads\/2023\/12\/medallion-floor-tiles-china-granite-waterjet-tile-1.jpg 1095w, https:\/\/stone-phoenix.com\/wp-content\/uploads\/2023\/12\/medallion-floor-tiles-china-granite-waterjet-tile-1-300x183.jpg 300w, https:\/\/stone-phoenix.com\/wp-content\/uploads\/2023\/12\/medallion-floor-tiles-china-granite-waterjet-tile-1-1024x626.jpg 1024w, https:\/\/stone-phoenix.com\/wp-content\/uploads\/2023\/12\/medallion-floor-tiles-china-granite-waterjet-tile-1-768x469.jpg 768w, https:\/\/stone-phoenix.com\/wp-content\/uploads\/2023\/12\/medallion-floor-tiles-china-granite-waterjet-tile-1-18x12.jpg 18w, https:\/\/stone-phoenix.com\/wp-content\/uploads\/2023\/12\/medallion-floor-tiles-china-granite-waterjet-tile-1-600x367.jpg 600w, https:\/\/stone-phoenix.com\/wp-content\/uploads\/2023\/12\/medallion-floor-tiles-china-granite-waterjet-tile-1-150x92.jpg 150w\" sizes=\"(max-width: 1095px) 100vw, 1095px\" \/><img loading=\"lazy\" decoding=\"async\" class=\"alignnone size-full wp-image-27491\" src=\"http:\/\/stone-phoenix.com\/wp-content\/uploads\/2023\/12\/medallion-floor-tiles-china-granite-waterjet-tile-2.jpg\" alt=\"\" width=\"1107\" height=\"669\" srcset=\"https:\/\/stone-phoenix.com\/wp-content\/uploads\/2023\/12\/medallion-floor-tiles-china-granite-waterjet-tile-2.jpg 1107w, https:\/\/stone-phoenix.com\/wp-content\/uploads\/2023\/12\/medallion-floor-tiles-china-granite-waterjet-tile-2-300x181.jpg 300w, https:\/\/stone-phoenix.com\/wp-content\/uploads\/2023\/12\/medallion-floor-tiles-china-granite-waterjet-tile-2-1024x619.jpg 1024w, https:\/\/stone-phoenix.com\/wp-content\/uploads\/2023\/12\/medallion-floor-tiles-china-granite-waterjet-tile-2-768x464.jpg 768w, https:\/\/stone-phoenix.com\/wp-content\/uploads\/2023\/12\/medallion-floor-tiles-china-granite-waterjet-tile-2-18x12.jpg 18w, https:\/\/stone-phoenix.com\/wp-content\/uploads\/2023\/12\/medallion-floor-tiles-china-granite-waterjet-tile-2-600x363.jpg 600w, https:\/\/stone-phoenix.com\/wp-content\/uploads\/2023\/12\/medallion-floor-tiles-china-granite-waterjet-tile-2-150x91.jpg 150w\" sizes=\"(max-width: 1107px) 100vw, 1107px\" \/><img loading=\"lazy\" decoding=\"async\" class=\"alignnone  wp-image-27492\" src=\"http:\/\/stone-phoenix.com\/wp-content\/uploads\/2023\/12\/medallion-floor-tiles-china-granite-waterjet-tile-3.jpg\" alt=\"\" width=\"945\" height=\"1105\" srcset=\"https:\/\/stone-phoenix.com\/wp-content\/uploads\/2023\/12\/medallion-floor-tiles-china-granite-waterjet-tile-3.jpg 817w, https:\/\/stone-phoenix.com\/wp-content\/uploads\/2023\/12\/medallion-floor-tiles-china-granite-waterjet-tile-3-257x300.jpg 257w, https:\/\/stone-phoenix.com\/wp-content\/uploads\/2023\/12\/medallion-floor-tiles-china-granite-waterjet-tile-3-768x898.jpg 768w, https:\/\/stone-phoenix.com\/wp-content\/uploads\/2023\/12\/medallion-floor-tiles-china-granite-waterjet-tile-3-10x12.jpg 10w, https:\/\/stone-phoenix.com\/wp-content\/uploads\/2023\/12\/medallion-floor-tiles-china-granite-waterjet-tile-3-600x701.jpg 600w, https:\/\/stone-phoenix.com\/wp-content\/uploads\/2023\/12\/medallion-floor-tiles-china-granite-waterjet-tile-3-150x175.jpg 150w\" sizes=\"(max-width: 945px) 100vw, 945px\" \/><img loading=\"lazy\" decoding=\"async\" class=\"alignnone  wp-image-27494\" src=\"http:\/\/stone-phoenix.com\/wp-content\/uploads\/2023\/12\/medallion-floor-tiles-china-granite-waterjet-tile-4_result.jpg\" alt=\"\" width=\"964\" height=\"1294\" srcset=\"https:\/\/stone-phoenix.com\/wp-content\/uploads\/2023\/12\/medallion-floor-tiles-china-granite-waterjet-tile-4_result.jpg 856w, https:\/\/stone-phoenix.com\/wp-content\/uploads\/2023\/12\/medallion-floor-tiles-china-granite-waterjet-tile-4_result-223x300.jpg 223w, https:\/\/stone-phoenix.com\/wp-content\/uploads\/2023\/12\/medallion-floor-tiles-china-granite-waterjet-tile-4_result-763x1024.jpg 763w, https:\/\/stone-phoenix.com\/wp-content\/uploads\/2023\/12\/medallion-floor-tiles-china-granite-waterjet-tile-4_result-768x1031.jpg 768w, https:\/\/stone-phoenix.com\/wp-content\/uploads\/2023\/12\/medallion-floor-tiles-china-granite-waterjet-tile-4_result-9x12.jpg 9w, https:\/\/stone-phoenix.com\/wp-content\/uploads\/2023\/12\/medallion-floor-tiles-china-granite-waterjet-tile-4_result-600x805.jpg 600w, https:\/\/stone-phoenix.com\/wp-content\/uploads\/2023\/12\/medallion-floor-tiles-china-granite-waterjet-tile-4_result-150x201.jpg 150w\" sizes=\"(max-width: 964px) 100vw, 964px\" \/><\/p>\n<\/div>\n<\/div>\n<\/div>","protected":false},"excerpt":{"rendered":"<p>medallion floor tiles china granite waterjet tile Medallion Floor Tiles provide a classic, sophisticated look. No matter what style of<\/p>","protected":false},"featured_media":20378,"template":"","meta":[],"product_cat":[112],"product_tag":[],"_links":{"self":[{"href":"https:\/\/stone-phoenix.com\/fr\/wp-json\/wp\/v2\/product\/20377"}],"collection":[{"href":"https:\/\/stone-phoenix.com\/fr\/wp-json\/wp\/v2\/product"}],"about":[{"href":"https:\/\/stone-phoenix.com\/fr\/wp-json\/wp\/v2\/types\/product"}],"wp:featuredmedia":[{"embeddable":true,"href":"https:\/\/stone-phoenix.com\/fr\/wp-json\/wp\/v2\/media\/20378"}],"wp:attachment":[{"href":"https:\/\/stone-phoenix.com\/fr\/wp-json\/wp\/v2\/media?parent=20377"}],"wp:term":[{"taxonomy":"product_cat","embeddable":true,"href":"https:\/\/stone-phoenix.com\/fr\/wp-json\/wp\/v2\/product_cat?post=20377"},{"taxonomy":"product_tag","embeddable":true,"href":"https:\/\/stone-phoenix.com\/fr\/wp-json\/wp\/v2\/product_tag?post=20377"}],"curies":[{"name":"wp","href":"https:\/\/api.w.org\/{rel}","templated":true}]}}