{"id":20381,"date":"2023-12-29T20:10:16","date_gmt":"2023-12-29T12:10:16","guid":{"rendered":"http:\/\/stone-phoenix.com\/product\/chinese-granite-factory-china-juparana-granite"},"modified":"2024-04-11T12:10:09","modified_gmt":"2024-04-11T04:10:09","slug":"chinese-granite-factory-china-juparana-granite","status":"publish","type":"product","link":"https:\/\/stone-phoenix.com\/fr\/produit\/chinese-granite-factory-china-juparana-granite","title":{"rendered":"Usine de granit chinoise China Juparana Granite"},"content":{"rendered":"<div id=\"tab-description\" class=\"woocommerce-Tabs-panel woocommerce-Tabs-panel--description panel entry-content wc-tab\" role=\"tabpanel\" aria-labelledby=\"tab-title-description\">\n<p><span style=\"font-size: 18pt;\">Usine de granit chinoise China Juparana Granite<\/span><\/p>\n<p>Bienvenue dans notre usine de granit chinois, o\u00f9 nous sommes fiers de proposer une large gamme de produits en granit exceptionnels, dont l'exquis granit Juparana de Chine. Avec ses couleurs envo\u00fbtantes et ses veines uniques, le granit Juparana de Chine est une \u0153uvre d'art naturelle qui ajoute une touche de grandeur \u00e0 n'importe quel espace.<\/p>\n<p>En tant qu'usine de granit chinoise de premier plan, nous nous approvisionnons en granit Juparana aupr\u00e8s de carri\u00e8res chinoises r\u00e9put\u00e9es pour la qualit\u00e9 de leurs pierres. Nos artisans qualifi\u00e9s transforment ensuite soigneusement le granit en dalles, carreaux et autres produits en utilisant des techniques de pointe, tout en pr\u00e9servant la beaut\u00e9 et le caract\u00e8re naturels de la pierre.<\/p>\n<p>Le granit Juparana de Chine est r\u00e9put\u00e9 pour son aspect saisissant, caract\u00e9ris\u00e9 par un m\u00e9lange \u00e9tonnant de tons jaunes dor\u00e9s, noirs et gris, tiss\u00e9s ensemble de mani\u00e8re complexe dans des motifs hypnotiques. Ce granit est parfait pour cr\u00e9er des comptoirs, des meubles-lavabos et d'autres applications int\u00e9rieures impressionnantes, ajoutant une touche d'\u00e9l\u00e9gance et de sophistication \u00e0 n'importe quel design.<\/p>\n<p>L'un des avantages remarquables du granit Juparana de Chine est sa durabilit\u00e9 in\u00e9gal\u00e9e. Cette pierre naturelle est tr\u00e8s r\u00e9sistante aux rayures, aux taches et \u00e0 la chaleur, ce qui la rend id\u00e9ale pour les zones tr\u00e8s fr\u00e9quent\u00e9es et les installations ext\u00e9rieures. Sa robustesse lui permet de r\u00e9sister \u00e0 l'\u00e9preuve du temps, ce qui en fait un investissement judicieux pour votre projet.<\/p>\n<p>Outre sa durabilit\u00e9, le granit Juparana de Chine offre des possibilit\u00e9s de conception illimit\u00e9es. Les motifs uniques et captivants de ce granit en font un choix polyvalent pour diff\u00e9rents styles d'am\u00e9nagement, du traditionnel au contemporain. Que vous cherchiez \u00e0 cr\u00e9er un classique intemporel ou un chef-d'\u0153uvre moderne, le granit Juparana de Chine ne manquera pas de captiver et d'\u00e9lever votre design.<\/p>\n<p>Dans notre usine de granit chinois, nous nous engageons \u00e0 fournir un service client exceptionnel, des livraisons dans les d\u00e9lais et des prix comp\u00e9titifs. Notre \u00e9quipe exp\u00e9riment\u00e9e est pr\u00eate \u00e0 vous aider \u00e0 s\u00e9lectionner les produits de granit Juparana parfaits pour votre projet et \u00e0 vous garantir une exp\u00e9rience d'achat agr\u00e9able et sans heurts.<\/p>\n<p>D\u00e9couvrez la beaut\u00e9 et la durabilit\u00e9 in\u00e9gal\u00e9es du granit Juparana de Chine provenant de notre usine de granit chinoise renomm\u00e9e. Contactez-nous d\u00e8s aujourd'hui pour d\u00e9couvrir notre large s\u00e9lection de produits en granit et laissez le granit Juparana de Chine \u00eatre la pi\u00e8ce ma\u00eetresse de votre prochain chef-d'\u0153uvre de design.<\/p>\n<table style=\"height: 383px;\" width=\"1361\">\n<tbody>\n<tr>\n<td width=\"121\">Mat\u00e9riau<\/td>\n<td width=\"125\">Couleur primaire<\/td>\n<td width=\"193\">Produit<\/td>\n<td width=\"231\">Taille (cm)<\/td>\n<td width=\"156\">Finition<\/td>\n<td width=\"72\">Densit\u00e9<br \/>\n(g\/cm3)<\/td>\n<td width=\"116\">Absorption de l'eau<br \/>\n(%)<\/td>\n<\/tr>\n<tr>\n<td>Granit Juparana de Chine<\/td>\n<td>Gris<\/td>\n<td width=\"193\">Dalle<br \/>\nCarrelage<br \/>\nEscalier<br \/>\nPav\u00e9s<br \/>\nKerbstone<br \/>\nAppui de fen\u00eatre<br \/>\nComptoir<br \/>\nEtc<\/td>\n<td width=\"231\">240up x120up x2\/3\/5\/6<br \/>\n240up x70up x2\/3\/5\/6<br \/>\n60\u00d730\/60\u00d71\/1.5\/2\/3<br \/>\n100-160x34x3<br \/>\n100-160x15x2<br \/>\nLongueurx20x8<br \/>\nLongueurx25x10<br \/>\n10x10x5<br \/>\n10x20x5<br \/>\nEtc<\/td>\n<td width=\"156\">Poli<br \/>\nHonor\u00e9<br \/>\nFlamm\u00e9<br \/>\nFlamm\u00e9 et bross\u00e9<br \/>\nBushhamerred<br \/>\nSablage<br \/>\nEtc<\/td>\n<td>2.71<\/td>\n<td>0.37<\/td>\n<\/tr>\n<\/tbody>\n<\/table>\n<p><img loading=\"lazy\" decoding=\"async\" class=\"alignnone size-full wp-image-20383\" src=\"http:\/\/stone-phoenix.com\/wp-content\/uploads\/2023\/12\/1703880619.jpg\" width=\"927\" height=\"600\" srcset=\"https:\/\/stone-phoenix.com\/wp-content\/uploads\/2023\/12\/1703880619.jpg 927w, https:\/\/stone-phoenix.com\/wp-content\/uploads\/2023\/12\/1703880619-300x194.jpg 300w, https:\/\/stone-phoenix.com\/wp-content\/uploads\/2023\/12\/1703880619-768x497.jpg 768w, https:\/\/stone-phoenix.com\/wp-content\/uploads\/2023\/12\/1703880619-18x12.jpg 18w, https:\/\/stone-phoenix.com\/wp-content\/uploads\/2023\/12\/1703880619-600x388.jpg 600w, https:\/\/stone-phoenix.com\/wp-content\/uploads\/2023\/12\/1703880619-150x97.jpg 150w\" sizes=\"(max-width: 927px) 100vw, 927px\" \/><\/p>\n<h2>Couleurs de pierre similaires<\/h2>\n<table style=\"border-collapse: collapse; width: 342px; height: 318px;\" border=\"0\" width=\"290\" cellspacing=\"0\" cellpadding=\"0\">\n<tbody>\n<tr style=\"height: 13.50pt;\">\n<td style=\"height: 13.50pt; width: 123.75pt;\" width=\"165\" height=\"18\">\n<figure id=\"attachment_5436\" class=\"wp-caption aligncenter\" style=\"width: 300px;\" aria-describedby=\"caption-attachment-5436\"><img loading=\"lazy\" decoding=\"async\" class=\"alignnone size-full wp-image-20384\" src=\"http:\/\/stone-phoenix.com\/wp-content\/uploads\/2023\/12\/1703880620.png\" width=\"300\" height=\"300\" srcset=\"https:\/\/stone-phoenix.com\/wp-content\/uploads\/2023\/12\/1703880620.png 300w, https:\/\/stone-phoenix.com\/wp-content\/uploads\/2023\/12\/1703880620-150x150.png 150w, https:\/\/stone-phoenix.com\/wp-content\/uploads\/2023\/12\/1703880620-12x12.png 12w\" sizes=\"(max-width: 300px) 100vw, 300px\" \/><\/figure>\n<p>Pierre paysag\u00e8re grise<\/td>\n<td style=\"width: 93.75pt;\" width=\"125\">\n<figure id=\"attachment_5437\" class=\"wp-caption aligncenter\" style=\"width: 300px;\" aria-describedby=\"caption-attachment-5437\"><img loading=\"lazy\" decoding=\"async\" class=\"alignnone size-full wp-image-20385\" src=\"http:\/\/stone-phoenix.com\/wp-content\/uploads\/2023\/12\/1703880621.png\" width=\"300\" height=\"300\" srcset=\"https:\/\/stone-phoenix.com\/wp-content\/uploads\/2023\/12\/1703880621.png 300w, https:\/\/stone-phoenix.com\/wp-content\/uploads\/2023\/12\/1703880621-150x150.png 150w, https:\/\/stone-phoenix.com\/wp-content\/uploads\/2023\/12\/1703880621-12x12.png 12w\" sizes=\"(max-width: 300px) 100vw, 300px\" \/><\/figure>\n<p>Royal Ballet Granit<\/td>\n<\/tr>\n<\/tbody>\n<\/table>\n<h2><\/h2>\n<\/div>","protected":false},"excerpt":{"rendered":"<p>Chinese Granite Factory China Juparana Granite Welcome to our esteemed Chinese Granite Factory, where we take pride in offering a<\/p>","protected":false},"featured_media":20382,"template":"","meta":[],"product_cat":[112],"product_tag":[],"_links":{"self":[{"href":"https:\/\/stone-phoenix.com\/fr\/wp-json\/wp\/v2\/product\/20381"}],"collection":[{"href":"https:\/\/stone-phoenix.com\/fr\/wp-json\/wp\/v2\/product"}],"about":[{"href":"https:\/\/stone-phoenix.com\/fr\/wp-json\/wp\/v2\/types\/product"}],"wp:featuredmedia":[{"embeddable":true,"href":"https:\/\/stone-phoenix.com\/fr\/wp-json\/wp\/v2\/media\/20382"}],"wp:attachment":[{"href":"https:\/\/stone-phoenix.com\/fr\/wp-json\/wp\/v2\/media?parent=20381"}],"wp:term":[{"taxonomy":"product_cat","embeddable":true,"href":"https:\/\/stone-phoenix.com\/fr\/wp-json\/wp\/v2\/product_cat?post=20381"},{"taxonomy":"product_tag","embeddable":true,"href":"https:\/\/stone-phoenix.com\/fr\/wp-json\/wp\/v2\/product_tag?post=20381"}],"curies":[{"name":"wp","href":"https:\/\/api.w.org\/{rel}","templated":true}]}}