{"id":20386,"date":"2023-12-29T20:10:26","date_gmt":"2023-12-29T12:10:26","guid":{"rendered":"http:\/\/stone-phoenix.com\/product\/outdoor-paving-g654-kerbstone-granite-palisade"},"modified":"2024-04-11T12:01:25","modified_gmt":"2024-04-11T04:01:25","slug":"outdoor-paving-g654-kerbstone-granite-palisade","status":"publish","type":"product","link":"https:\/\/stone-phoenix.com\/fr\/produit\/outdoor-paving-g654-kerbstone-granite-palisade","title":{"rendered":"pavage ext\u00e9rieur G654 bordures granit palissade"},"content":{"rendered":"<div id=\"tab-description\" class=\"woocommerce-Tabs-panel woocommerce-Tabs-panel--description panel entry-content wc-tab\" role=\"tabpanel\" aria-labelledby=\"tab-title-description\">\n<h2>pavage ext\u00e9rieur G654 bordure granit palissade pour am\u00e9nagement paysager<\/h2>\n<p id=\"ali-anchor-AliPostDhMb-10ic2\" style=\"padding-top: 8px;\" data-section=\"AliPostDhMb-10ic2\" data-section-title=\"Product Description\">Cr\u00e9ez une zone pav\u00e9e \u00e9l\u00e9gante et durable dans votre jardin ou autour de votre propri\u00e9t\u00e9 gr\u00e2ce \u00e0 notre gamme de bordures en palissade de granit.Granite Kerbstone est un m\u00e9lange de produits naturels et artificiels pour cr\u00e9er un design de pavage \u00e9tonnant. Cette finition en palissade cr\u00e9e une zone pav\u00e9e facile \u00e0 entretenir et propre, offrant une surface s\u00fbre pour les pi\u00e9tons.Pavage ext\u00e9rieur, bordures et murs en granit ou en b\u00e9ton.<\/p>\n<p style=\"padding-top: 8px;\" data-section=\"AliPostDhMb-10ic2\" data-section-title=\"Product Description\">Le pavage ext\u00e9rieur est tr\u00e8s important pour votre maison. Si vous avez un jardin, une pelouse ou un porche et que vous souhaitez obtenir le meilleur rapport qualit\u00e9-prix, cette gamme de dalles de pavage est faite pour vous.Obtenez la sensation d'un sol en bois dur avec nos pav\u00e9s d'ext\u00e9rieur.Les pav\u00e9s d'ext\u00e9rieur sont un bon moyen de cr\u00e9er des all\u00e9es et des patios dans votre jardin, id\u00e9al pour les all\u00e9es devant votre maison ou pour cr\u00e9er une zone de patio attrayante.Nos produits de pavage d'ext\u00e9rieur sont con\u00e7us pour la durabilit\u00e9 et l'utilisation par tous les temps. Des pav\u00e9s aux all\u00e9es, nous pouvons vous aider \u00e0 concevoir l'espace ext\u00e9rieur parfait pour votre maison.<\/p>\n<div id=\"ali-title-AliPostDhMb-10ic2\" style=\"padding: 8px 0; border-bottom: 1px solid #ddd;\"><span style=\"background-color: #ddd; color: #333; font-weight: bold; padding: 8px 10px; line-height: 12px;\">Description du produit<\/span><\/div>\n<div style=\"padding: 10px 0;\">\n<table class=\"aliDataTable\" style=\"color: #000000; font-family: Arial; font-size: 12px; font-style: normal; font-weight: 400; background-color: #ffffff; width: 750px; height: 226px; border: 1px solid #b3b3b3;\">\n<tbody>\n<tr style=\"height: 42px;\">\n<td style=\"border: 1px solid #b3b3b3; width: 162px; height: 42px;\"><strong><span style=\"font-family: arial, helvetica, sans-serif; font-size: 14px;\">Nom du produit :<\/span><\/strong><\/td>\n<td style=\"border: 1px solid #b3b3b3; width: 595.066px; height: 42px;\"><span style=\"font-family: arial, helvetica, sans-serif; font-size: 14px;\">Divers pav\u00e9s en granit<\/span><\/td>\n<\/tr>\n<tr style=\"height: 21px;\">\n<td style=\"border: 1px solid #b3b3b3; width: 162px; height: 21px;\"><strong><span style=\"font-family: arial, helvetica, sans-serif; font-size: 14px;\">Mat\u00e9riau :<\/span><\/strong><\/td>\n<td style=\"border: 1px solid #b3b3b3; width: 595.066px; height: 21px;\"><span style=\"font-family: arial, helvetica, sans-serif; font-size: 14px;\">Granit G562, granit G603, granit G654, granit G682, etc.<\/span><\/td>\n<\/tr>\n<tr style=\"height: 44px;\">\n<td style=\"border: 1px solid #b3b3b3; width: 162px; height: 65px;\" rowspan=\"2\">\n<p style=\"margin: 0px; padding: 0px;\"><strong><span style=\"font-family: arial, helvetica, sans-serif; font-size: 14px;\">Taille :<\/span><\/strong><\/p>\n<\/td>\n<td style=\"border: 1px solid #b3b3b3; width: 595.066px; height: 44px;\"><span style=\"font-size: 14px;\">Tailles<\/span><br \/>\n<span style=\"font-size: 14px;\">5X5X5CM,8X8X8CM,9X9X9CM,10X10X10CM,10x10x5cm,<\/span><span style=\"font-size: 14px;\">10x20x5cm,9.5\u00d79.5x4CM,19.5\u00d719.5x4CM,22X11X5CM,<\/span><span style=\"font-size: 14px;\">16.5X11.5X5CM,19.7X19.7X8CM,14.5X14.5X8CM,16X16X16CM,<\/span><\/p>\n<p><span style=\"font-size: 14px;\">22X16X16CM,27x18x9cm,18x18x9cm,18x18x18CM <\/span><\/p>\n<p><span style=\"font-size: 14px;\">ou sur mesure<\/span><\/td>\n<\/tr>\n<tr style=\"height: 21px;\">\n<td style=\"border: 1px solid #b3b3b3; width: 595.066px; height: 21px;\"><span style=\"font-family: arial, helvetica, sans-serif; font-size: 14px;\">Des sp\u00e9cifications personnalis\u00e9es sont disponibles<\/span><\/td>\n<\/tr>\n<tr style=\"height: 42px;\">\n<td style=\"border: 1px solid #b3b3b3; width: 162px; height: 42px;\"><strong><span style=\"font-family: arial, helvetica, sans-serif; font-size: 14px;\">Tol\u00e9rance d'\u00e9paisseur :<\/span><\/strong><\/td>\n<td style=\"border: 1px solid #b3b3b3; width: 595.066px; height: 42px;\"><span style=\"font-size: 14px; font-family: arial, helvetica, sans-serif;\">\u00b11mm, \u00b11,5mm, \u00b12mm, selon les exigences de qualit\u00e9 du client<\/span><\/td>\n<\/tr>\n<tr style=\"height: 126px;\">\n<td style=\"border: 1px solid #b3b3b3; width: 162px; height: 126px;\">\n<p style=\"margin: 0px; padding: 0px;\"><strong><span style=\"font-family: arial, helvetica, sans-serif; font-size: 14px;\">Surface :<\/span><\/strong><\/p>\n<\/td>\n<td style=\"border: 1px solid #b3b3b3; width: 595.066px; height: 126px;\"><span style=\"font-size: 14px;\">Finition<\/span><br \/>\n<span style=\"font-size: 14px;\">a. Fente naturelle sur tous les c\u00f4t\u00e9s<\/span><br \/>\n<span style=\"font-size: 14px;\">b. Toutes les faces sont sci\u00e9es<\/span><br \/>\n<span style=\"font-size: 14px;\">c. 5 c\u00f4t\u00e9s coup\u00e9s \u00e0 la scie, surface fendue naturellement<\/span><br \/>\n<span style=\"font-size: 14px;\">d. 5 faces coup\u00e9es \u00e0 la scie, surface flamm\u00e9e<\/span><br \/>\n<span style=\"font-size: 14px;\">e. 4 c\u00f4t\u00e9s coup\u00e9s \u00e0 la scie, fendu naturel en haut, tambourin\u00e9, dos en maille\u00a0<\/span><\/td>\n<\/tr>\n<tr style=\"height: 21px;\">\n<td style=\"border: 1px solid #b3b3b3; width: 162px; height: 21px;\"><strong><span style=\"font-family: arial, helvetica, sans-serif; font-size: 14px;\">Emballage :<\/span><\/strong><\/td>\n<td style=\"border: 1px solid #b3b3b3; width: 595.066px; height: 21px;\"><span style=\"font-family: arial, helvetica, sans-serif; font-size: 14px;\">Fardeaux et caisses en bois en \u00e9tat de navigabilit\u00e9<\/span><\/td>\n<\/tr>\n<tr style=\"height: 21px;\">\n<td style=\"border: 1px solid #b3b3b3; width: 162px; height: 21px;\"><strong><span style=\"font-family: arial, helvetica, sans-serif; font-size: 14px;\">Application :<\/span><\/strong><\/td>\n<td style=\"border: 1px solid #b3b3b3; width: 595.066px; height: 21px;\"><span style=\"font-family: arial, helvetica, sans-serif; font-size: 14px;\">Largement utilis\u00e9 pour la d\u00e9coration int\u00e9rieure et ext\u00e9rieure<\/span><\/td>\n<\/tr>\n<tr style=\"height: 42px;\">\n<td style=\"border: 1px solid #b3b3b3; width: 162px; height: 42px;\"><strong><span style=\"font-family: arial, helvetica, sans-serif; font-size: 14px;\">D\u00e9lai de livraison :<\/span><\/strong><\/td>\n<td style=\"border: 1px solid #b3b3b3; width: 595.066px; height: 42px;\"><span style=\"font-family: arial, helvetica, sans-serif; font-size: 14px;\">15-20 jours pour les tailles normales<\/span><\/td>\n<\/tr>\n<tr style=\"height: 21px;\">\n<td style=\"border: 1px solid #b3b3b3; width: 162px; height: 21px;\">\n<p style=\"margin: 0px; padding: 0px;\"><strong><span style=\"font-family: arial, helvetica, sans-serif; font-size: 14px;\">Certificat :<\/span><\/strong><\/p>\n<\/td>\n<td style=\"border: 1px solid #b3b3b3; width: 595.066px; height: 21px;\"><span style=\"font-family: arial, helvetica, sans-serif; font-size: 14px;\">CE, SGS<\/span><\/td>\n<\/tr>\n<tr style=\"height: 42px;\">\n<td style=\"border: 1px solid #b3b3b3; width: 162px; height: 42px;\">\n<p style=\"margin: 0px; padding: 0px;\"><strong><span style=\"font-family: arial, helvetica, sans-serif; font-size: 14px;\">Conditions de paiement :<\/span><\/strong><\/p>\n<\/td>\n<td style=\"border: 1px solid #b3b3b3; width: 595.066px; height: 42px;\"><span style=\"font-family: arial, helvetica, sans-serif; font-size: 14px;\">T\/T, L\/C, D\/P<\/span><\/td>\n<\/tr>\n<tr style=\"height: 63px;\">\n<td style=\"border: 1px solid #b3b3b3; width: 162px; height: 63px;\"><strong><span style=\"font-family: arial, helvetica, sans-serif; font-size: 14px;\">Avantage :<\/span><\/strong><\/td>\n<td style=\"border: 1px solid #b3b3b3; width: 595.066px; height: 63px;\">\n<p style=\"margin: 0px; padding: 0px;\"><span style=\"font-family: arial, helvetica, sans-serif; font-size: 14px;\">1) Service unique pour la pierre ;<\/span><\/p>\n<p style=\"margin: 0px; padding: 0px;\"><span style=\"font-family: arial, helvetica, sans-serif; font-size: 14px;\">2) Poss\u00e9der 3 carri\u00e8res et 9 usines ;<\/span><\/p>\n<p style=\"margin: 0px; padding: 0px;\"><span style=\"font-family: arial, helvetica, sans-serif; font-size: 14px;\">3) Soutien \u00e0 la conception et \u00e0 la technologie.<\/span><\/p>\n<\/td>\n<\/tr>\n<tr style=\"height: 84px;\">\n<td style=\"border: 1px solid #b3b3b3; width: 162px; height: 84px;\"><strong><span style=\"font-family: arial, helvetica, sans-serif; font-size: 14px;\">Assurance de la qualit\u00e9 et de la livraison :\u00a0<\/span><\/strong><\/td>\n<td style=\"border: 1px solid #b3b3b3; width: 595.066px; height: 84px;\">\n<p style=\"margin: 0px; padding: 0px;\"><span style=\"font-family: arial, helvetica, sans-serif; font-size: 14px;\">Tout au long du processus de production, du choix des mat\u00e9riaux \u00e0 l'emballage en passant par la fabrication, notre service de contr\u00f4le de la qualit\u00e9 contr\u00f4le rigoureusement chaque pi\u00e8ce et chaque processus afin de garantir le respect des normes de qualit\u00e9 et le respect des d\u00e9lais de livraison.<\/span><\/p>\n<\/td>\n<\/tr>\n<\/tbody>\n<\/table>\n<p><img loading=\"lazy\" decoding=\"async\" class=\"alignnone size-full wp-image-27477\" src=\"http:\/\/stone-phoenix.com\/wp-content\/uploads\/2023\/12\/outdoor-paving-G654-kerbstone-granite-palisade-4.jpg\" alt=\"\" width=\"1119\" height=\"837\" srcset=\"https:\/\/stone-phoenix.com\/wp-content\/uploads\/2023\/12\/outdoor-paving-G654-kerbstone-granite-palisade-4.jpg 1119w, https:\/\/stone-phoenix.com\/wp-content\/uploads\/2023\/12\/outdoor-paving-G654-kerbstone-granite-palisade-4-300x224.jpg 300w, https:\/\/stone-phoenix.com\/wp-content\/uploads\/2023\/12\/outdoor-paving-G654-kerbstone-granite-palisade-4-1024x766.jpg 1024w, https:\/\/stone-phoenix.com\/wp-content\/uploads\/2023\/12\/outdoor-paving-G654-kerbstone-granite-palisade-4-768x574.jpg 768w, https:\/\/stone-phoenix.com\/wp-content\/uploads\/2023\/12\/outdoor-paving-G654-kerbstone-granite-palisade-4-16x12.jpg 16w, https:\/\/stone-phoenix.com\/wp-content\/uploads\/2023\/12\/outdoor-paving-G654-kerbstone-granite-palisade-4-600x449.jpg 600w, https:\/\/stone-phoenix.com\/wp-content\/uploads\/2023\/12\/outdoor-paving-G654-kerbstone-granite-palisade-4-150x112.jpg 150w\" sizes=\"(max-width: 1119px) 100vw, 1119px\" \/><img loading=\"lazy\" decoding=\"async\" class=\"alignnone size-full wp-image-27479\" src=\"http:\/\/stone-phoenix.com\/wp-content\/uploads\/2023\/12\/outdoor-paving-G654-kerbstone-granite-palisade-5.jpg\" alt=\"\" width=\"1059\" height=\"834\" srcset=\"https:\/\/stone-phoenix.com\/wp-content\/uploads\/2023\/12\/outdoor-paving-G654-kerbstone-granite-palisade-5.jpg 1059w, https:\/\/stone-phoenix.com\/wp-content\/uploads\/2023\/12\/outdoor-paving-G654-kerbstone-granite-palisade-5-300x236.jpg 300w, https:\/\/stone-phoenix.com\/wp-content\/uploads\/2023\/12\/outdoor-paving-G654-kerbstone-granite-palisade-5-1024x806.jpg 1024w, https:\/\/stone-phoenix.com\/wp-content\/uploads\/2023\/12\/outdoor-paving-G654-kerbstone-granite-palisade-5-768x605.jpg 768w, https:\/\/stone-phoenix.com\/wp-content\/uploads\/2023\/12\/outdoor-paving-G654-kerbstone-granite-palisade-5-15x12.jpg 15w, https:\/\/stone-phoenix.com\/wp-content\/uploads\/2023\/12\/outdoor-paving-G654-kerbstone-granite-palisade-5-600x473.jpg 600w, https:\/\/stone-phoenix.com\/wp-content\/uploads\/2023\/12\/outdoor-paving-G654-kerbstone-granite-palisade-5-150x118.jpg 150w\" sizes=\"(max-width: 1059px) 100vw, 1059px\" \/><img loading=\"lazy\" decoding=\"async\" class=\"alignnone size-full wp-image-27480\" src=\"http:\/\/stone-phoenix.com\/wp-content\/uploads\/2023\/12\/outdoor-paving-G654-kerbstone-granite-palisade-6.jpg\" alt=\"\" width=\"1126\" height=\"1060\" srcset=\"https:\/\/stone-phoenix.com\/wp-content\/uploads\/2023\/12\/outdoor-paving-G654-kerbstone-granite-palisade-6.jpg 1126w, https:\/\/stone-phoenix.com\/wp-content\/uploads\/2023\/12\/outdoor-paving-G654-kerbstone-granite-palisade-6-300x282.jpg 300w, https:\/\/stone-phoenix.com\/wp-content\/uploads\/2023\/12\/outdoor-paving-G654-kerbstone-granite-palisade-6-1024x964.jpg 1024w, https:\/\/stone-phoenix.com\/wp-content\/uploads\/2023\/12\/outdoor-paving-G654-kerbstone-granite-palisade-6-768x723.jpg 768w, https:\/\/stone-phoenix.com\/wp-content\/uploads\/2023\/12\/outdoor-paving-G654-kerbstone-granite-palisade-6-13x12.jpg 13w, https:\/\/stone-phoenix.com\/wp-content\/uploads\/2023\/12\/outdoor-paving-G654-kerbstone-granite-palisade-6-600x565.jpg 600w, https:\/\/stone-phoenix.com\/wp-content\/uploads\/2023\/12\/outdoor-paving-G654-kerbstone-granite-palisade-6-150x141.jpg 150w\" sizes=\"(max-width: 1126px) 100vw, 1126px\" \/><\/p>\n<\/div>\n<\/div>","protected":false},"excerpt":{"rendered":"<p>outdoor paving G654 kerbstone granite palisade for landscaping Create an elegant, yet durable paving area in your garden or around<\/p>","protected":false},"featured_media":27474,"template":"","meta":[],"product_cat":[112],"product_tag":[],"_links":{"self":[{"href":"https:\/\/stone-phoenix.com\/fr\/wp-json\/wp\/v2\/product\/20386"}],"collection":[{"href":"https:\/\/stone-phoenix.com\/fr\/wp-json\/wp\/v2\/product"}],"about":[{"href":"https:\/\/stone-phoenix.com\/fr\/wp-json\/wp\/v2\/types\/product"}],"wp:featuredmedia":[{"embeddable":true,"href":"https:\/\/stone-phoenix.com\/fr\/wp-json\/wp\/v2\/media\/27474"}],"wp:attachment":[{"href":"https:\/\/stone-phoenix.com\/fr\/wp-json\/wp\/v2\/media?parent=20386"}],"wp:term":[{"taxonomy":"product_cat","embeddable":true,"href":"https:\/\/stone-phoenix.com\/fr\/wp-json\/wp\/v2\/product_cat?post=20386"},{"taxonomy":"product_tag","embeddable":true,"href":"https:\/\/stone-phoenix.com\/fr\/wp-json\/wp\/v2\/product_tag?post=20386"}],"curies":[{"name":"wp","href":"https:\/\/api.w.org\/{rel}","templated":true}]}}