{"id":20391,"date":"2023-12-29T20:10:35","date_gmt":"2023-12-29T12:10:35","guid":{"rendered":"http:\/\/stone-phoenix.com\/product\/bianco-sardo-granite-garage-white-rustic-floor-tile"},"modified":"2024-04-11T11:49:08","modified_gmt":"2024-04-11T03:49:08","slug":"bianco-sardo-granite-garage-white-rustic-floor-tile","status":"publish","type":"product","link":"https:\/\/stone-phoenix.com\/fr\/produit\/bianco-sardo-granite-garage-white-rustic-floor-tile","title":{"rendered":"Bianco Sardo Granite Garage White Rustic Floor Tile"},"content":{"rendered":"<div id=\"tab-description\" class=\"woocommerce-Tabs-panel woocommerce-Tabs-panel--description panel entry-content wc-tab\" role=\"tabpanel\" aria-labelledby=\"tab-title-description\">\n<div id=\"ali-anchor-AliPostDhMb-6q8vw\" style=\"padding-top: 8px;\" data-section=\"AliPostDhMb-6q8vw\" data-section-title=\"Product Description\">\n<h2>Bianco Sardo Granite Garage White Rustic Floor Tile<\/h2>\n<p>Le granit Bianco Sardo est un morceau de beaut\u00e9 naturelle. Il s'agit d'un produit tr\u00e8s durable, \u00e0 faible teneur en COV, qui ne n\u00e9cessite qu'un minimum d'entretien pour conserver son \u00e9clat. Il s'agit d'une pierre naturelle \u00e9tonnante destin\u00e9e \u00e0 \u00eatre utilis\u00e9e pour les sols, les comptoirs et les murs. La beaut\u00e9 de ce mat\u00e9riau provient de ses caract\u00e9ristiques distinctives, notamment sa couleur blanche avec des nuances de brun et de beige qui vous donnent une sensation de chaleur lorsque vous utilisez ce mat\u00e9riau pour la d\u00e9coration et l'am\u00e9nagement int\u00e9rieur.<\/p>\n<p>Le granit Bianco Sardo est un granit \u00e0 texture grossi\u00e8re, de couleur neutre, qui donnera \u00e0 votre maison une touche rustique. En raison de ses tons chauds et subtils, il est parfait pour les projets r\u00e9sidentiels qui exigent une \u00e9l\u00e9gance discr\u00e8te. Bianco Sardo est la combinaison parfaite entre une surface tr\u00e8s brillante et transparente et une couleur chaude et claire. Il est parfait pour les salles de bains, les cuisines et les sols. C'est une pierre tr\u00e8s durable avec un faible taux d'absorption d'eau - seulement 1%-2% sur l'ensemble de sa composition.<\/p>\n<div id=\"ali-title-AliPostDhMb-6q8vw\" style=\"padding: 8px 0; border-bottom: 1px solid #ddd;\"><span style=\"background-color: #ddd; color: #333; font-weight: bold; padding: 8px 10px; line-height: 12px;\">Description du produit<\/span><\/div>\n<div style=\"padding: 10px 0;\">\n<table class=\"aliDataTable\" style=\"color: #000000; font-family: Arial; font-size: 12px; font-style: normal; font-weight: 400; background-color: #ffffff; width: 698px; height: 226px; border: 1px solid #b3b3b3;\">\n<tbody>\n<tr>\n<td style=\"border: 1px solid #707070; width: 159.663px;\"><strong><span style=\"font-family: arial, helvetica, sans-serif; font-size: 14px;\">Nom du produit :<\/span><\/strong><\/td>\n<td style=\"border: 1px solid #707070; width: 553.337px;\">Fournisseur chinois Carreaux de sol en granit blanc rustique Bianco Sardo prix<\/td>\n<\/tr>\n<tr>\n<td style=\"border: 1px solid #707070; width: 159.663px;\"><strong><span style=\"font-family: arial, helvetica, sans-serif; font-size: 14px;\">Mat\u00e9riau :<\/span><\/strong><\/td>\n<td style=\"border: 1px solid #707070; width: 553.337px;\"><span style=\"font-size: 14px;\">Granit<\/span><\/td>\n<\/tr>\n<tr>\n<td style=\"border: 1px solid #707070; width: 159.663px;\"><strong><span style=\"font-family: arial, helvetica, sans-serif; font-size: 14px;\">Couleur :<\/span><\/strong><\/td>\n<td style=\"border: 1px solid #707070; width: 553.337px;\"><span style=\"font-family: arial, helvetica, sans-serif; font-size: 14px;\">Blanc, noir, jaune, rouge, rose, gris, brun, bleu, vert, etc.<\/span><\/td>\n<\/tr>\n<tr>\n<td style=\"border: 1px solid #707070; width: 159.663px;\" rowspan=\"3\"><strong><span style=\"font-family: arial, helvetica, sans-serif; font-size: 14px;\">Taille :<\/span><\/strong><\/td>\n<td style=\"border: 1px solid #707070; width: 553.337px;\"><span style=\"text-decoration: underline;\"><span style=\"font-size: 14px;\">Carreaux disponibles <\/span><\/span><br \/>\n<span style=\"font-size: 14px;\">12\u2019x12\u2033,24\u2019x24\u2033,12\u2019x24\u2033,etc <\/span><span style=\"font-size: 14px;\">300x300mm,300x600mm,400x400mm,600x600mm,etc<\/span><\/td>\n<\/tr>\n<tr>\n<td style=\"border: 1px solid #707070; width: 553.337px;\"><span style=\"text-decoration: underline;\"><span style=\"font-size: 14px;\">Dalles disponibles <\/span><\/span><\/p>\n<p><span style=\"font-size: 14px;\">180cmUpx60UP,180cmUpx65cmUP,180cmUpx70cmUP,etc<\/span><br \/>\n<span style=\"font-size: 14px;\">240cmUpx120cmUP,etc<\/span><\/td>\n<\/tr>\n<tr>\n<td style=\"border: 1px solid #707070; width: 553.337px;\"><span style=\"font-family: arial, helvetica, sans-serif; font-size: 14px;\">Des sp\u00e9cifications personnalis\u00e9es sont disponibles<\/span><\/td>\n<\/tr>\n<tr>\n<td style=\"border: 1px solid #707070; width: 159.663px;\"><strong><span style=\"font-family: arial, helvetica, sans-serif; font-size: 14px;\">Tol\u00e9rance d'\u00e9paisseur :<\/span><\/strong><\/td>\n<td style=\"border: 1px solid #707070; width: 553.337px;\"><span style=\"font-family: arial, helvetica, sans-serif; font-size: 14px;\">\u00b10,05mm, \u00b11mm, \u00b11,5mm, \u00b12mm, selon les exigences de qualit\u00e9 du client<\/span><\/td>\n<\/tr>\n<tr>\n<td style=\"border: 1px solid #707070; width: 159.663px;\"><strong><span style=\"font-family: arial, helvetica, sans-serif; font-size: 14px;\">Surface :<\/span><\/strong><\/td>\n<td style=\"border: 1px solid #707070; width: 553.337px;\"><span style=\"font-family: arial, helvetica, sans-serif; font-size: 14px;\">P<\/span><span style=\"font-size: 14px;\">ol\u00e9, adouci, flamm\u00e9, sabl\u00e9, bouchard\u00e9, fendu naturel, flamm\u00e9 et bross\u00e9, etc.<\/span><\/td>\n<\/tr>\n<tr>\n<td style=\"border: 1px solid #707070; width: 159.663px;\"><strong><span style=\"font-family: arial, helvetica, sans-serif; font-size: 14px;\">Emballage :<\/span><\/strong><\/td>\n<td style=\"border: 1px solid #707070; width: 553.337px;\"><span style=\"font-size: 14px;\">Palettes en bois en \u00e9tat de navigabilit\u00e9, fardeaux en bois et caisses en bois<\/span><\/td>\n<\/tr>\n<tr>\n<td style=\"border: 1px solid #707070; width: 159.663px;\"><strong><span style=\"font-family: arial, helvetica, sans-serif; font-size: 14px;\">Application :<\/span><\/strong><\/td>\n<td style=\"border: 1px solid #707070; width: 553.337px;\"><span style=\"font-family: arial, helvetica, sans-serif; font-size: 14px;\">Sol, mur, motif, comptoir, d\u00e9coration int\u00e9rieure et ext\u00e9rieure<\/span><\/td>\n<\/tr>\n<tr>\n<td style=\"border: 1px solid #707070; width: 159.663px;\"><strong><span style=\"font-family: arial, helvetica, sans-serif; font-size: 14px;\">D\u00e9lai de livraison :<\/span><\/strong><\/td>\n<td style=\"border: 1px solid #707070; width: 553.337px;\"><span style=\"font-size: 14px;\">15-20 jours pour l'enregistrement<\/span><span style=\"font-family: arial, helvetica, sans-serif; font-size: 14px;\">tailles lar<\/span><\/td>\n<\/tr>\n<tr>\n<td style=\"border: 1px solid #707070; width: 159.663px;\"><strong><span style=\"font-family: arial, helvetica, sans-serif; font-size: 14px;\">Certificat :<\/span><\/strong><\/td>\n<td style=\"border: 1px solid #707070; width: 553.337px;\"><span style=\"font-family: arial, helvetica, sans-serif; font-size: 14px;\">CE, SGS<\/span><\/td>\n<\/tr>\n<tr>\n<td style=\"border: 1px solid #707070; width: 159.663px;\"><strong><span style=\"font-family: arial, helvetica, sans-serif; font-size: 14px;\">Conditions de paiement :<\/span><\/strong><\/td>\n<td style=\"border: 1px solid #707070; width: 553.337px;\"><span style=\"font-size: 14px;\">T\/T, L\/C, D<span style=\"color: #000000; font-family: Verdana, Arial, Helvetica, sans-serif; font-size: 14px; font-style: normal; font-weight: 400; background-color: #ffffff; float: none;\">\/<\/span>P<\/span><\/td>\n<\/tr>\n<tr>\n<td style=\"border: 1px solid #707070; width: 159.663px;\"><strong><span style=\"font-family: arial, helvetica, sans-serif; font-size: 14px;\">Avantage :<\/span><\/strong><\/td>\n<td style=\"border: 1px solid #707070; width: 553.337px;\"><span style=\"font-family: arial, helvetica, sans-serif; font-size: 14px;\">1) Service unique pour la pierre ;<\/span><\/p>\n<p><span style=\"font-family: arial, helvetica, sans-serif; font-size: 14px;\">2) poss\u00e8dent 3 carri\u00e8res et 9 usines ;<\/span><\/p>\n<p><span style=\"font-family: arial, helvetica, sans-serif; font-size: 14px;\">3) Des supports technologiques de pointe.<\/span><\/td>\n<\/tr>\n<tr>\n<td style=\"border: 1px solid #707070; width: 159.663px;\"><strong><span style=\"font-family: arial, helvetica, sans-serif; font-size: 14px;\">Assurance de la qualit\u00e9 et de la livraison :\u00a0<\/span><\/strong><\/td>\n<td style=\"border: 1px solid #707070; width: 553.337px;\"><span style=\"font-size: 14px;\">Tout au long du processus de production, du choix des mat\u00e9riaux \u00e0 l'emballage en passant par la fabrication, notre service de contr\u00f4le de la qualit\u00e9 contr\u00f4le rigoureusement chaque pi\u00e8ce et chaque processus afin de garantir le respect des normes de qualit\u00e9 et le respect des d\u00e9lais de livraison.<\/span><\/td>\n<\/tr>\n<\/tbody>\n<\/table>\n<p>&nbsp;<\/p>\n<p><img loading=\"lazy\" decoding=\"async\" class=\"alignnone size-full wp-image-27472\" src=\"http:\/\/stone-phoenix.com\/wp-content\/uploads\/2023\/12\/Bianco-Sardo-Granite-Garage-White-Rustic-Floor-Tile-3.jpg\" alt=\"\" width=\"1113\" height=\"774\" srcset=\"https:\/\/stone-phoenix.com\/wp-content\/uploads\/2023\/12\/Bianco-Sardo-Granite-Garage-White-Rustic-Floor-Tile-3.jpg 1113w, https:\/\/stone-phoenix.com\/wp-content\/uploads\/2023\/12\/Bianco-Sardo-Granite-Garage-White-Rustic-Floor-Tile-3-300x209.jpg 300w, https:\/\/stone-phoenix.com\/wp-content\/uploads\/2023\/12\/Bianco-Sardo-Granite-Garage-White-Rustic-Floor-Tile-3-1024x712.jpg 1024w, https:\/\/stone-phoenix.com\/wp-content\/uploads\/2023\/12\/Bianco-Sardo-Granite-Garage-White-Rustic-Floor-Tile-3-768x534.jpg 768w, https:\/\/stone-phoenix.com\/wp-content\/uploads\/2023\/12\/Bianco-Sardo-Granite-Garage-White-Rustic-Floor-Tile-3-18x12.jpg 18w, https:\/\/stone-phoenix.com\/wp-content\/uploads\/2023\/12\/Bianco-Sardo-Granite-Garage-White-Rustic-Floor-Tile-3-600x417.jpg 600w, https:\/\/stone-phoenix.com\/wp-content\/uploads\/2023\/12\/Bianco-Sardo-Granite-Garage-White-Rustic-Floor-Tile-3-150x104.jpg 150w\" sizes=\"(max-width: 1113px) 100vw, 1113px\" \/><img loading=\"lazy\" decoding=\"async\" class=\"alignnone size-full wp-image-27473\" src=\"http:\/\/stone-phoenix.com\/wp-content\/uploads\/2023\/12\/Bianco-Sardo-Granite-Garage-White-Rustic-Floor-Tile-4.jpg\" alt=\"\" width=\"1113\" height=\"685\" srcset=\"https:\/\/stone-phoenix.com\/wp-content\/uploads\/2023\/12\/Bianco-Sardo-Granite-Garage-White-Rustic-Floor-Tile-4.jpg 1113w, https:\/\/stone-phoenix.com\/wp-content\/uploads\/2023\/12\/Bianco-Sardo-Granite-Garage-White-Rustic-Floor-Tile-4-300x185.jpg 300w, https:\/\/stone-phoenix.com\/wp-content\/uploads\/2023\/12\/Bianco-Sardo-Granite-Garage-White-Rustic-Floor-Tile-4-1024x630.jpg 1024w, https:\/\/stone-phoenix.com\/wp-content\/uploads\/2023\/12\/Bianco-Sardo-Granite-Garage-White-Rustic-Floor-Tile-4-768x473.jpg 768w, https:\/\/stone-phoenix.com\/wp-content\/uploads\/2023\/12\/Bianco-Sardo-Granite-Garage-White-Rustic-Floor-Tile-4-18x12.jpg 18w, https:\/\/stone-phoenix.com\/wp-content\/uploads\/2023\/12\/Bianco-Sardo-Granite-Garage-White-Rustic-Floor-Tile-4-600x369.jpg 600w, https:\/\/stone-phoenix.com\/wp-content\/uploads\/2023\/12\/Bianco-Sardo-Granite-Garage-White-Rustic-Floor-Tile-4-150x92.jpg 150w\" sizes=\"(max-width: 1113px) 100vw, 1113px\" \/><\/p>\n<\/div>\n<\/div>\n<\/div>","protected":false},"excerpt":{"rendered":"<p>Bianco Sardo Granite Garage White Rustic Floor Tile Bianco Sardo Granite is a piece of natural beauty. It is a<\/p>","protected":false},"featured_media":27469,"template":"","meta":[],"product_cat":[112],"product_tag":[],"_links":{"self":[{"href":"https:\/\/stone-phoenix.com\/fr\/wp-json\/wp\/v2\/product\/20391"}],"collection":[{"href":"https:\/\/stone-phoenix.com\/fr\/wp-json\/wp\/v2\/product"}],"about":[{"href":"https:\/\/stone-phoenix.com\/fr\/wp-json\/wp\/v2\/types\/product"}],"wp:featuredmedia":[{"embeddable":true,"href":"https:\/\/stone-phoenix.com\/fr\/wp-json\/wp\/v2\/media\/27469"}],"wp:attachment":[{"href":"https:\/\/stone-phoenix.com\/fr\/wp-json\/wp\/v2\/media?parent=20391"}],"wp:term":[{"taxonomy":"product_cat","embeddable":true,"href":"https:\/\/stone-phoenix.com\/fr\/wp-json\/wp\/v2\/product_cat?post=20391"},{"taxonomy":"product_tag","embeddable":true,"href":"https:\/\/stone-phoenix.com\/fr\/wp-json\/wp\/v2\/product_tag?post=20391"}],"curies":[{"name":"wp","href":"https:\/\/api.w.org\/{rel}","templated":true}]}}