{"id":20395,"date":"2023-12-29T20:10:45","date_gmt":"2023-12-29T12:10:45","guid":{"rendered":"http:\/\/stone-phoenix.com\/product\/white-tiger-granite-countertop-granite-pearl-white"},"modified":"2024-04-11T11:44:28","modified_gmt":"2024-04-11T03:44:28","slug":"white-tiger-granite-countertop-granite-pearl-white","status":"publish","type":"product","link":"https:\/\/stone-phoenix.com\/fr\/produit\/white-tiger-granite-countertop-granite-pearl-white","title":{"rendered":"comptoir en granit blanc tigr\u00e9 comptoir en granit blanc perl\u00e9"},"content":{"rendered":"<div id=\"tab-description\" class=\"woocommerce-Tabs-panel woocommerce-Tabs-panel--description panel entry-content wc-tab\" role=\"tabpanel\" aria-labelledby=\"tab-title-description\">\n<div id=\"ali-anchor-AliPostDhMb-6q8vw\" style=\"padding-top: 8px;\" data-section=\"AliPostDhMb-6q8vw\" data-section-title=\"Product Description\">\n<h2>comptoir de granit blanc tigr\u00e9 carreaux de granit blanc perle<\/h2>\n<p>Le granit White Tiger est un granit \u00e0 base de blanc avec des tourbillons noirs et gris. Le comptoir en granit White Tiger ajoutera de l'\u00e9l\u00e9gance \u00e0 votre cuisine. Commandez-les d\u00e8s aujourd'hui ! Le granit White Tiger a un ton glac\u00e9 et bas avec de belles veines grises. C'est un excellent choix pour les cuisines et les salles de bains en raison de sa durabilit\u00e9. Le granit blanc tigr\u00e9 est tr\u00e8s dense et durable, il est donc parfait pour les comptoirs dans les endroits tr\u00e8s fr\u00e9quent\u00e9s.<\/p>\n<p>Le granit blanc tigr\u00e9 est un type de granit tr\u00e8s unique dont le fond est blanc avec des rayures noires, brunes et grises ressemblant \u00e0 celles d'un tigre. Il constitue un mat\u00e9riau id\u00e9al pour les comptoirs de cuisine, car il peut \u00eatre d\u00e9coup\u00e9 en belles dalles ou en mosa\u00efques qui conviennent \u00e0 de nombreuses autres applications dans votre cuisine ou votre salle de bains.<\/p>\n<p>L'aspect unique de cette pierre permet \u00e0 votre maison de se distinguer par son \u00e9l\u00e9gance, sa beaut\u00e9 et son originalit\u00e9. Le granit White Tiger est une combinaison de gr\u00e8s blanc et de gr\u00e8s dor\u00e9 avec un reflet argent\u00e9. Le granit White Tiger est un mat\u00e9riau magnifique et durable qui peut \u00eatre utilis\u00e9 dans une grande vari\u00e9t\u00e9 d'applications.<\/p>\n<p>Ce granit tigr\u00e9 blanc est un marbre extr\u00eamement populaire en Chine. Il ressemble \u00e0 une version blanche de la peau du tigre, ce qui permet de l'identifier facilement. Le plus beau, c'est que la couleur de cette pierre ne change pas, m\u00eame si elle est entour\u00e9e d'eau, de chaleur ou de soleil.<\/p>\n<div id=\"ali-title-AliPostDhMb-6q8vw\" style=\"padding: 8px 0; border-bottom: 1px solid #ddd;\"><span style=\"background-color: #ddd; color: #333; font-weight: bold; padding: 8px 10px; line-height: 12px;\">Description du produit<\/span><\/div>\n<div style=\"padding: 10px 0;\">\n<table class=\"aliDataTable\" style=\"color: #000000; font-family: Arial; font-size: 12px; font-style: normal; font-weight: 400; background-color: #ffffff; width: 698px; height: 226px; border: 1px solid #b3b3b3;\">\n<tbody>\n<tr>\n<td style=\"border: 1px solid #707070; width: 159.663px;\"><strong><span style=\"font-family: arial, helvetica, sans-serif; font-size: 14px;\">Nom du produit :<\/span><\/strong><\/td>\n<td style=\"border: 1px solid #707070; width: 553.337px;\">Granit blanc tigr\u00e9 de Chine,carreaux de granit blanc perle<\/td>\n<\/tr>\n<tr>\n<td style=\"border: 1px solid #707070; width: 159.663px;\"><strong><span style=\"font-family: arial, helvetica, sans-serif; font-size: 14px;\">Mat\u00e9riau :<\/span><\/strong><\/td>\n<td style=\"border: 1px solid #707070; width: 553.337px;\"><span style=\"font-size: 14px;\">Granit<\/span><\/td>\n<\/tr>\n<tr>\n<td style=\"border: 1px solid #707070; width: 159.663px;\"><strong><span style=\"font-family: arial, helvetica, sans-serif; font-size: 14px;\">Couleur :<\/span><\/strong><\/td>\n<td style=\"border: 1px solid #707070; width: 553.337px;\"><span style=\"font-family: arial, helvetica, sans-serif; font-size: 14px;\">Blanc, noir, jaune, rouge, rose, gris, brun, bleu, vert, etc.<\/span><\/td>\n<\/tr>\n<tr>\n<td style=\"border: 1px solid #707070; width: 159.663px;\" rowspan=\"3\"><strong><span style=\"font-family: arial, helvetica, sans-serif; font-size: 14px;\">Taille :<\/span><\/strong><\/td>\n<td style=\"border: 1px solid #707070; width: 553.337px;\"><span style=\"text-decoration: underline;\"><span style=\"font-size: 14px;\">Carreaux disponibles <\/span><\/span><br \/>\n<span style=\"font-size: 14px;\">12\u2019x12\u2033,24\u2019x24\u2033,12\u2019x24\u2033,etc <\/span><span style=\"font-size: 14px;\">300x300mm,300x600mm,400x400mm,600x600mm,etc<\/span><\/td>\n<\/tr>\n<tr>\n<td style=\"border: 1px solid #707070; width: 553.337px;\"><span style=\"text-decoration: underline;\"><span style=\"font-size: 14px;\">Dalles disponibles <\/span><\/span><\/p>\n<p><span style=\"font-size: 14px;\">180cmUpx60UP,180cmUpx65cmUP,180cmUpx70cmUP,etc<\/span><br \/>\n<span style=\"font-size: 14px;\">240cmUpx120cmUP,etc<\/span><\/td>\n<\/tr>\n<tr>\n<td style=\"border: 1px solid #707070; width: 553.337px;\"><span style=\"font-family: arial, helvetica, sans-serif; font-size: 14px;\">Des sp\u00e9cifications personnalis\u00e9es sont disponibles<\/span><\/td>\n<\/tr>\n<tr>\n<td style=\"border: 1px solid #707070; width: 159.663px;\"><strong><span style=\"font-family: arial, helvetica, sans-serif; font-size: 14px;\">Tol\u00e9rance d'\u00e9paisseur :<\/span><\/strong><\/td>\n<td style=\"border: 1px solid #707070; width: 553.337px;\"><span style=\"font-family: arial, helvetica, sans-serif; font-size: 14px;\">\u00b10,05mm, \u00b11mm, \u00b11,5mm, \u00b12mm, selon les exigences de qualit\u00e9 du client<\/span><\/td>\n<\/tr>\n<tr>\n<td style=\"border: 1px solid #707070; width: 159.663px;\"><strong><span style=\"font-family: arial, helvetica, sans-serif; font-size: 14px;\">Surface :<\/span><\/strong><\/td>\n<td style=\"border: 1px solid #707070; width: 553.337px;\"><span style=\"font-family: arial, helvetica, sans-serif; font-size: 14px;\">P<\/span><span style=\"font-size: 14px;\">ol\u00e9, adouci, flamm\u00e9, sabl\u00e9, bouchard\u00e9, fendu naturel, flamm\u00e9 et bross\u00e9, etc.<\/span><\/td>\n<\/tr>\n<tr>\n<td style=\"border: 1px solid #707070; width: 159.663px;\"><strong><span style=\"font-family: arial, helvetica, sans-serif; font-size: 14px;\">Emballage :<\/span><\/strong><\/td>\n<td style=\"border: 1px solid #707070; width: 553.337px;\"><span style=\"font-size: 14px;\">Palettes en bois en \u00e9tat de navigabilit\u00e9, fardeaux en bois et caisses en bois<\/span><\/td>\n<\/tr>\n<tr>\n<td style=\"border: 1px solid #707070; width: 159.663px;\"><strong><span style=\"font-family: arial, helvetica, sans-serif; font-size: 14px;\">Application :<\/span><\/strong><\/td>\n<td style=\"border: 1px solid #707070; width: 553.337px;\"><span style=\"font-family: arial, helvetica, sans-serif; font-size: 14px;\">Sol, mur, motif, comptoir, d\u00e9coration int\u00e9rieure et ext\u00e9rieure<\/span><\/td>\n<\/tr>\n<tr>\n<td style=\"border: 1px solid #707070; width: 159.663px;\"><strong><span style=\"font-family: arial, helvetica, sans-serif; font-size: 14px;\">D\u00e9lai de livraison :<\/span><\/strong><\/td>\n<td style=\"border: 1px solid #707070; width: 553.337px;\"><span style=\"font-size: 14px;\">15-20 jours pour l'enregistrement<\/span><span style=\"font-family: arial, helvetica, sans-serif; font-size: 14px;\">tailles lar<\/span><\/td>\n<\/tr>\n<tr>\n<td style=\"border: 1px solid #707070; width: 159.663px;\"><strong><span style=\"font-family: arial, helvetica, sans-serif; font-size: 14px;\">Certificat :<\/span><\/strong><\/td>\n<td style=\"border: 1px solid #707070; width: 553.337px;\"><span style=\"font-family: arial, helvetica, sans-serif; font-size: 14px;\">CE, SGS<\/span><\/td>\n<\/tr>\n<tr>\n<td style=\"border: 1px solid #707070; width: 159.663px;\"><strong><span style=\"font-family: arial, helvetica, sans-serif; font-size: 14px;\">Conditions de paiement :<\/span><\/strong><\/td>\n<td style=\"border: 1px solid #707070; width: 553.337px;\"><span style=\"font-size: 14px;\">T\/T, L\/C, D<span style=\"color: #000000; font-family: Verdana, Arial, Helvetica, sans-serif; font-size: 14px; font-style: normal; font-weight: 400; background-color: #ffffff; float: none;\">\/<\/span>P<\/span><\/td>\n<\/tr>\n<tr>\n<td style=\"border: 1px solid #707070; width: 159.663px;\"><strong><span style=\"font-family: arial, helvetica, sans-serif; font-size: 14px;\">Avantage :<\/span><\/strong><\/td>\n<td style=\"border: 1px solid #707070; width: 553.337px;\"><span style=\"font-family: arial, helvetica, sans-serif; font-size: 14px;\">1) Service unique pour la pierre ;<\/span><\/p>\n<p><span style=\"font-family: arial, helvetica, sans-serif; font-size: 14px;\">2) poss\u00e8dent 3 carri\u00e8res et 9 usines ;<\/span><\/p>\n<p><span style=\"font-family: arial, helvetica, sans-serif; font-size: 14px;\">3) Des supports technologiques de pointe.<\/span><\/td>\n<\/tr>\n<tr>\n<td style=\"border: 1px solid #707070; width: 159.663px;\"><strong><span style=\"font-family: arial, helvetica, sans-serif; font-size: 14px;\">Assurance de la qualit\u00e9 et de la livraison :\u00a0<\/span><\/strong><\/td>\n<td style=\"border: 1px solid #707070; width: 553.337px;\"><span style=\"font-size: 14px;\">Tout au long du processus de production, du choix des mat\u00e9riaux \u00e0 l'emballage en passant par la fabrication, notre service de contr\u00f4le de la qualit\u00e9 contr\u00f4le rigoureusement chaque pi\u00e8ce et chaque processus afin de garantir le respect des normes de qualit\u00e9 et le respect des d\u00e9lais de livraison.<\/span><\/td>\n<\/tr>\n<\/tbody>\n<\/table>\n<p><img loading=\"lazy\" decoding=\"async\" class=\"alignnone  wp-image-27465\" src=\"http:\/\/stone-phoenix.com\/wp-content\/uploads\/2023\/12\/white-tiger-granite-countertop-granite-pearl-white-7.jpg\" alt=\"\" width=\"870\" height=\"1161\" srcset=\"https:\/\/stone-phoenix.com\/wp-content\/uploads\/2023\/12\/white-tiger-granite-countertop-granite-pearl-white-7.jpg 841w, https:\/\/stone-phoenix.com\/wp-content\/uploads\/2023\/12\/white-tiger-granite-countertop-granite-pearl-white-7-225x300.jpg 225w, https:\/\/stone-phoenix.com\/wp-content\/uploads\/2023\/12\/white-tiger-granite-countertop-granite-pearl-white-7-768x1025.jpg 768w, https:\/\/stone-phoenix.com\/wp-content\/uploads\/2023\/12\/white-tiger-granite-countertop-granite-pearl-white-7-9x12.jpg 9w, https:\/\/stone-phoenix.com\/wp-content\/uploads\/2023\/12\/white-tiger-granite-countertop-granite-pearl-white-7-600x800.jpg 600w, https:\/\/stone-phoenix.com\/wp-content\/uploads\/2023\/12\/white-tiger-granite-countertop-granite-pearl-white-7-150x200.jpg 150w\" sizes=\"(max-width: 870px) 100vw, 870px\" \/><img loading=\"lazy\" decoding=\"async\" class=\"alignnone size-full wp-image-27466\" src=\"http:\/\/stone-phoenix.com\/wp-content\/uploads\/2023\/12\/white-tiger-granite-countertop-granite-pearl-white-8.jpg\" alt=\"\" width=\"870\" height=\"975\" srcset=\"https:\/\/stone-phoenix.com\/wp-content\/uploads\/2023\/12\/white-tiger-granite-countertop-granite-pearl-white-8.jpg 870w, https:\/\/stone-phoenix.com\/wp-content\/uploads\/2023\/12\/white-tiger-granite-countertop-granite-pearl-white-8-268x300.jpg 268w, https:\/\/stone-phoenix.com\/wp-content\/uploads\/2023\/12\/white-tiger-granite-countertop-granite-pearl-white-8-768x861.jpg 768w, https:\/\/stone-phoenix.com\/wp-content\/uploads\/2023\/12\/white-tiger-granite-countertop-granite-pearl-white-8-11x12.jpg 11w, https:\/\/stone-phoenix.com\/wp-content\/uploads\/2023\/12\/white-tiger-granite-countertop-granite-pearl-white-8-600x672.jpg 600w, https:\/\/stone-phoenix.com\/wp-content\/uploads\/2023\/12\/white-tiger-granite-countertop-granite-pearl-white-8-150x168.jpg 150w\" sizes=\"(max-width: 870px) 100vw, 870px\" \/><img loading=\"lazy\" decoding=\"async\" class=\"alignnone  wp-image-27467\" src=\"http:\/\/stone-phoenix.com\/wp-content\/uploads\/2023\/12\/white-tiger-granite-countertop-granite-pearl-white-10.jpg\" alt=\"\" width=\"870\" height=\"1159\" srcset=\"https:\/\/stone-phoenix.com\/wp-content\/uploads\/2023\/12\/white-tiger-granite-countertop-granite-pearl-white-10.jpg 838w, https:\/\/stone-phoenix.com\/wp-content\/uploads\/2023\/12\/white-tiger-granite-countertop-granite-pearl-white-10-225x300.jpg 225w, https:\/\/stone-phoenix.com\/wp-content\/uploads\/2023\/12\/white-tiger-granite-countertop-granite-pearl-white-10-769x1024.jpg 769w, https:\/\/stone-phoenix.com\/wp-content\/uploads\/2023\/12\/white-tiger-granite-countertop-granite-pearl-white-10-768x1023.jpg 768w, https:\/\/stone-phoenix.com\/wp-content\/uploads\/2023\/12\/white-tiger-granite-countertop-granite-pearl-white-10-9x12.jpg 9w, https:\/\/stone-phoenix.com\/wp-content\/uploads\/2023\/12\/white-tiger-granite-countertop-granite-pearl-white-10-600x799.jpg 600w, https:\/\/stone-phoenix.com\/wp-content\/uploads\/2023\/12\/white-tiger-granite-countertop-granite-pearl-white-10-150x200.jpg 150w\" sizes=\"(max-width: 870px) 100vw, 870px\" \/><img loading=\"lazy\" decoding=\"async\" class=\"alignnone  wp-image-27468\" src=\"http:\/\/stone-phoenix.com\/wp-content\/uploads\/2023\/12\/white-tiger-granite-countertop-granite-pearl-white-9.jpg\" alt=\"\" width=\"869\" height=\"864\" srcset=\"https:\/\/stone-phoenix.com\/wp-content\/uploads\/2023\/12\/white-tiger-granite-countertop-granite-pearl-white-9.jpg 1117w, https:\/\/stone-phoenix.com\/wp-content\/uploads\/2023\/12\/white-tiger-granite-countertop-granite-pearl-white-9-300x298.jpg 300w, https:\/\/stone-phoenix.com\/wp-content\/uploads\/2023\/12\/white-tiger-granite-countertop-granite-pearl-white-9-1024x1018.jpg 1024w, https:\/\/stone-phoenix.com\/wp-content\/uploads\/2023\/12\/white-tiger-granite-countertop-granite-pearl-white-9-150x149.jpg 150w, https:\/\/stone-phoenix.com\/wp-content\/uploads\/2023\/12\/white-tiger-granite-countertop-granite-pearl-white-9-768x764.jpg 768w, https:\/\/stone-phoenix.com\/wp-content\/uploads\/2023\/12\/white-tiger-granite-countertop-granite-pearl-white-9-12x12.jpg 12w, https:\/\/stone-phoenix.com\/wp-content\/uploads\/2023\/12\/white-tiger-granite-countertop-granite-pearl-white-9-600x597.jpg 600w\" sizes=\"(max-width: 869px) 100vw, 869px\" \/><\/p>\n<\/div>\n<\/div>\n<\/div>","protected":false},"excerpt":{"rendered":"<p>white tiger granite countertop granite tiles pearl white White Tiger granite is a white based granite with black and grey<\/p>","protected":false},"featured_media":27459,"template":"","meta":[],"product_cat":[112],"product_tag":[],"_links":{"self":[{"href":"https:\/\/stone-phoenix.com\/fr\/wp-json\/wp\/v2\/product\/20395"}],"collection":[{"href":"https:\/\/stone-phoenix.com\/fr\/wp-json\/wp\/v2\/product"}],"about":[{"href":"https:\/\/stone-phoenix.com\/fr\/wp-json\/wp\/v2\/types\/product"}],"wp:featuredmedia":[{"embeddable":true,"href":"https:\/\/stone-phoenix.com\/fr\/wp-json\/wp\/v2\/media\/27459"}],"wp:attachment":[{"href":"https:\/\/stone-phoenix.com\/fr\/wp-json\/wp\/v2\/media?parent=20395"}],"wp:term":[{"taxonomy":"product_cat","embeddable":true,"href":"https:\/\/stone-phoenix.com\/fr\/wp-json\/wp\/v2\/product_cat?post=20395"},{"taxonomy":"product_tag","embeddable":true,"href":"https:\/\/stone-phoenix.com\/fr\/wp-json\/wp\/v2\/product_tag?post=20395"}],"curies":[{"name":"wp","href":"https:\/\/api.w.org\/{rel}","templated":true}]}}