{"id":20408,"date":"2023-12-29T20:11:06","date_gmt":"2023-12-29T12:11:06","guid":{"rendered":"http:\/\/stone-phoenix.com\/product\/multi-color-granite-chinese-cheap-ruby-red-granite"},"modified":"2024-04-09T22:53:56","modified_gmt":"2024-04-09T14:53:56","slug":"multi-color-granite-chinese-cheap-ruby-red-granite","status":"publish","type":"product","link":"https:\/\/stone-phoenix.com\/fr\/produit\/multi-color-granite-chinese-cheap-ruby-red-granite","title":{"rendered":"Granit multicolore Granit rouge rubis chinois bon march\u00e9"},"content":{"rendered":"<div id=\"tab-description\" class=\"woocommerce-Tabs-panel woocommerce-Tabs-panel--description panel entry-content wc-tab\" role=\"tabpanel\" aria-labelledby=\"tab-title-description\">\n<div id=\"ali-anchor-AliPostDhMb-6q8vw\" style=\"padding-top: 8px;\" data-section=\"AliPostDhMb-6q8vw\" data-section-title=\"Product Description\">\n<h2 style=\"text-align: center;\">Granit multicolore Granit rouge rubis chinois bon march\u00e9<\/h2>\n<p>Le granit multicolore, la combinaison unique de couleurs et de caract\u00e9ristiques a fait de cette pierre un favori depuis de nombreuses ann\u00e9es. La variation naturelle des couleurs et des motifs donne \u00e0 chaque dalle sa propre personnalit\u00e9, garantissant que chacune est unique. C'est une belle vari\u00e9t\u00e9 de granit et avec tant de couleurs en une seule, vous \u00eates s\u00fbr de trouver le choix parfait pour votre projet.<\/p>\n<p>L'effet multicolore donne un aspect distinct qui n'est pas courant dans les autres types de granit. C'est un m\u00e9lange unique de min\u00e9raux et de m\u00e9taux naturels. Il a trouv\u00e9 des applications dans les industries d\u00e9coratives domestiques et commerciales, telles que les rev\u00eatements de sol et les comptoirs de cuisine.Un m\u00e9lange parfait d'intemporalit\u00e9 et de modernit\u00e9, ce granit multicolore est \u00e0 la fois \u00e9l\u00e9gant et fonctionnel.<\/p>\n<p>Avec sa combinaison unique de variations naturelles et de m\u00e9langes de couleurs, ainsi que la durabilit\u00e9 et la beaut\u00e9 de la pierre, notre produit ajoute de la beaut\u00e9 \u00e0 n'importe quel espace.La collection Multi-Color Granite a une vari\u00e9t\u00e9 de teintes dans chaque pi\u00e8ce, ce qui lui donne un aspect unique. La beaut\u00e9 de ce granit r\u00e9side dans le fait qu'il peut \u00eatre utilis\u00e9 pour de multiples applications. Des comptoirs aux sols, nous pouvons vous fournir la couleur et le style que vous recherchez.<\/p>\n<div id=\"ali-title-AliPostDhMb-6q8vw\" style=\"padding: 8px 0; border-bottom: 1px solid #ddd;\"><span style=\"background-color: #ddd; color: #333; font-weight: bold; padding: 8px 10px; line-height: 12px;\">Description du produit<\/span><\/div>\n<div style=\"padding: 10px 0;\">\n<table class=\"aliDataTable\" style=\"color: #000000; font-family: Arial; font-size: 12px; font-style: normal; font-weight: 400; background-color: #ffffff; width: 698px; height: 226px; border: 1px solid #b3b3b3;\">\n<tbody>\n<tr>\n<td style=\"border: 1px solid #707070; width: 159.663px;\"><strong><span style=\"font-family: arial, helvetica, sans-serif; font-size: 14px;\">Nom du produit :<\/span><\/strong><\/td>\n<td style=\"border: 1px solid #707070; width: 553.337px;\">Granit rouge rubis chinois bon march\u00e9 Granit rouge naturel multicolore<\/td>\n<\/tr>\n<tr>\n<td style=\"border: 1px solid #707070; width: 159.663px;\"><strong><span style=\"font-family: arial, helvetica, sans-serif; font-size: 14px;\">Mat\u00e9riau :<\/span><\/strong><\/td>\n<td style=\"border: 1px solid #707070; width: 553.337px;\"><span style=\"font-size: 14px;\">Granit<\/span><\/td>\n<\/tr>\n<tr>\n<td style=\"border: 1px solid #707070; width: 159.663px;\"><strong><span style=\"font-family: arial, helvetica, sans-serif; font-size: 14px;\">Couleur :<\/span><\/strong><\/td>\n<td style=\"border: 1px solid #707070; width: 553.337px;\"><span style=\"font-family: arial, helvetica, sans-serif; font-size: 14px;\">Blanc, noir, jaune, rouge, rose, gris, brun, bleu, vert, etc.<\/span><\/td>\n<\/tr>\n<tr>\n<td style=\"border: 1px solid #707070; width: 159.663px;\" rowspan=\"3\"><strong><span style=\"font-family: arial, helvetica, sans-serif; font-size: 14px;\">Taille :<\/span><\/strong><\/td>\n<td style=\"border: 1px solid #707070; width: 553.337px;\"><span style=\"text-decoration: underline;\"><span style=\"font-size: 14px;\">Carreaux disponibles <\/span><\/span><br \/>\n<span style=\"font-size: 14px;\">12\u2019x12\u2033,24\u2019x24\u2033,12\u2019x24\u2033,etc <\/span><span style=\"font-size: 14px;\">300x300mm,300x600mm,400x400mm,600x600mm,etc<\/span><\/td>\n<\/tr>\n<tr>\n<td style=\"border: 1px solid #707070; width: 553.337px;\"><span style=\"text-decoration: underline;\"><span style=\"font-size: 14px;\">Dalles disponibles <\/span><\/span><\/p>\n<p><span style=\"font-size: 14px;\">180cmUpx60UP,180cmUpx65cmUP,180cmUpx70cmUP,etc<\/span><br \/>\n<span style=\"font-size: 14px;\">240cmUpx120cmUP,etc<\/span><\/td>\n<\/tr>\n<tr>\n<td style=\"border: 1px solid #707070; width: 553.337px;\"><span style=\"font-family: arial, helvetica, sans-serif; font-size: 14px;\">Des sp\u00e9cifications personnalis\u00e9es sont disponibles<\/span><\/td>\n<\/tr>\n<tr>\n<td style=\"border: 1px solid #707070; width: 159.663px;\"><strong><span style=\"font-family: arial, helvetica, sans-serif; font-size: 14px;\">Tol\u00e9rance d'\u00e9paisseur :<\/span><\/strong><\/td>\n<td style=\"border: 1px solid #707070; width: 553.337px;\"><span style=\"font-family: arial, helvetica, sans-serif; font-size: 14px;\">\u00b10,05mm, \u00b11mm, \u00b11,5mm, \u00b12mm, selon les exigences de qualit\u00e9 du client<\/span><\/td>\n<\/tr>\n<tr>\n<td style=\"border: 1px solid #707070; width: 159.663px;\"><strong><span style=\"font-family: arial, helvetica, sans-serif; font-size: 14px;\">Surface :<\/span><\/strong><\/td>\n<td style=\"border: 1px solid #707070; width: 553.337px;\"><span style=\"font-family: arial, helvetica, sans-serif; font-size: 14px;\">P<\/span><span style=\"font-size: 14px;\">ol\u00e9, adouci, flamm\u00e9, sabl\u00e9, bouchard\u00e9, fendu naturel, flamm\u00e9 et bross\u00e9, etc.<\/span><\/td>\n<\/tr>\n<tr>\n<td style=\"border: 1px solid #707070; width: 159.663px;\"><strong><span style=\"font-family: arial, helvetica, sans-serif; font-size: 14px;\">Emballage :<\/span><\/strong><\/td>\n<td style=\"border: 1px solid #707070; width: 553.337px;\"><span style=\"font-size: 14px;\">Palettes en bois en \u00e9tat de navigabilit\u00e9, fardeaux en bois et caisses en bois<\/span><\/td>\n<\/tr>\n<tr>\n<td style=\"border: 1px solid #707070; width: 159.663px;\"><strong><span style=\"font-family: arial, helvetica, sans-serif; font-size: 14px;\">Application :<\/span><\/strong><\/td>\n<td style=\"border: 1px solid #707070; width: 553.337px;\"><span style=\"font-family: arial, helvetica, sans-serif; font-size: 14px;\">Sol, mur, motif, comptoir, d\u00e9coration int\u00e9rieure et ext\u00e9rieure<\/span><\/td>\n<\/tr>\n<tr>\n<td style=\"border: 1px solid #707070; width: 159.663px;\"><strong><span style=\"font-family: arial, helvetica, sans-serif; font-size: 14px;\">D\u00e9lai de livraison :<\/span><\/strong><\/td>\n<td style=\"border: 1px solid #707070; width: 553.337px;\"><span style=\"font-size: 14px;\">15-20 jours pour l'enregistrement<\/span><span style=\"font-family: arial, helvetica, sans-serif; font-size: 14px;\">tailles lar<\/span><\/td>\n<\/tr>\n<tr>\n<td style=\"border: 1px solid #707070; width: 159.663px;\"><strong><span style=\"font-family: arial, helvetica, sans-serif; font-size: 14px;\">Certificat :<\/span><\/strong><\/td>\n<td style=\"border: 1px solid #707070; width: 553.337px;\"><span style=\"font-family: arial, helvetica, sans-serif; font-size: 14px;\">CE, SGS<\/span><\/td>\n<\/tr>\n<tr>\n<td style=\"border: 1px solid #707070; width: 159.663px;\"><strong><span style=\"font-family: arial, helvetica, sans-serif; font-size: 14px;\">Conditions de paiement :<\/span><\/strong><\/td>\n<td style=\"border: 1px solid #707070; width: 553.337px;\"><span style=\"font-size: 14px;\">T\/T, L\/C, D<span style=\"color: #000000; font-family: Verdana, Arial, Helvetica, sans-serif; font-size: 14px; font-style: normal; font-weight: 400; background-color: #ffffff; float: none;\">\/<\/span>P<\/span><\/td>\n<\/tr>\n<tr>\n<td style=\"border: 1px solid #707070; width: 159.663px;\"><strong><span style=\"font-family: arial, helvetica, sans-serif; font-size: 14px;\">Avantage :<\/span><\/strong><\/td>\n<td style=\"border: 1px solid #707070; width: 553.337px;\"><span style=\"font-family: arial, helvetica, sans-serif; font-size: 14px;\">1) Service unique pour la pierre ;<\/span><\/p>\n<p><span style=\"font-family: arial, helvetica, sans-serif; font-size: 14px;\">2) poss\u00e8dent 3 carri\u00e8res et 9 usines ;<\/span><\/p>\n<p><span style=\"font-family: arial, helvetica, sans-serif; font-size: 14px;\">3) Des supports technologiques de pointe.<\/span><\/td>\n<\/tr>\n<tr>\n<td style=\"border: 1px solid #707070; width: 159.663px;\"><strong><span style=\"font-family: arial, helvetica, sans-serif; font-size: 14px;\">Assurance de la qualit\u00e9 et de la livraison :\u00a0<\/span><\/strong><\/td>\n<td style=\"border: 1px solid #707070; width: 553.337px;\"><span style=\"font-size: 14px;\">Tout au long du processus de production, du choix des mat\u00e9riaux \u00e0 l'emballage en passant par la fabrication, notre service de contr\u00f4le de la qualit\u00e9 contr\u00f4le rigoureusement chaque pi\u00e8ce et chaque processus afin de garantir le respect des normes de qualit\u00e9 et le respect des d\u00e9lais de livraison.<\/span><\/td>\n<\/tr>\n<\/tbody>\n<\/table>\n<p><img loading=\"lazy\" decoding=\"async\" class=\"alignnone  wp-image-27450\" src=\"http:\/\/stone-phoenix.com\/wp-content\/uploads\/2023\/12\/Multi-Color-Granite-Chinese-Cheap-ruby-red-granite-6.jpg\" alt=\"\" width=\"957\" height=\"1298\" srcset=\"https:\/\/stone-phoenix.com\/wp-content\/uploads\/2023\/12\/Multi-Color-Granite-Chinese-Cheap-ruby-red-granite-6.jpg 801w, https:\/\/stone-phoenix.com\/wp-content\/uploads\/2023\/12\/Multi-Color-Granite-Chinese-Cheap-ruby-red-granite-6-221x300.jpg 221w, https:\/\/stone-phoenix.com\/wp-content\/uploads\/2023\/12\/Multi-Color-Granite-Chinese-Cheap-ruby-red-granite-6-755x1024.jpg 755w, https:\/\/stone-phoenix.com\/wp-content\/uploads\/2023\/12\/Multi-Color-Granite-Chinese-Cheap-ruby-red-granite-6-768x1041.jpg 768w, https:\/\/stone-phoenix.com\/wp-content\/uploads\/2023\/12\/Multi-Color-Granite-Chinese-Cheap-ruby-red-granite-6-9x12.jpg 9w, https:\/\/stone-phoenix.com\/wp-content\/uploads\/2023\/12\/Multi-Color-Granite-Chinese-Cheap-ruby-red-granite-6-600x813.jpg 600w, https:\/\/stone-phoenix.com\/wp-content\/uploads\/2023\/12\/Multi-Color-Granite-Chinese-Cheap-ruby-red-granite-6-150x203.jpg 150w\" sizes=\"(max-width: 957px) 100vw, 957px\" \/><img loading=\"lazy\" decoding=\"async\" class=\"alignnone size-full wp-image-27451\" src=\"http:\/\/stone-phoenix.com\/wp-content\/uploads\/2023\/12\/Multi-Color-Granite-Chinese-Cheap-ruby-red-granite-5.jpg\" alt=\"\" width=\"1126\" height=\"733\" srcset=\"https:\/\/stone-phoenix.com\/wp-content\/uploads\/2023\/12\/Multi-Color-Granite-Chinese-Cheap-ruby-red-granite-5.jpg 1126w, https:\/\/stone-phoenix.com\/wp-content\/uploads\/2023\/12\/Multi-Color-Granite-Chinese-Cheap-ruby-red-granite-5-300x195.jpg 300w, https:\/\/stone-phoenix.com\/wp-content\/uploads\/2023\/12\/Multi-Color-Granite-Chinese-Cheap-ruby-red-granite-5-1024x667.jpg 1024w, https:\/\/stone-phoenix.com\/wp-content\/uploads\/2023\/12\/Multi-Color-Granite-Chinese-Cheap-ruby-red-granite-5-768x500.jpg 768w, https:\/\/stone-phoenix.com\/wp-content\/uploads\/2023\/12\/Multi-Color-Granite-Chinese-Cheap-ruby-red-granite-5-18x12.jpg 18w, https:\/\/stone-phoenix.com\/wp-content\/uploads\/2023\/12\/Multi-Color-Granite-Chinese-Cheap-ruby-red-granite-5-600x391.jpg 600w, https:\/\/stone-phoenix.com\/wp-content\/uploads\/2023\/12\/Multi-Color-Granite-Chinese-Cheap-ruby-red-granite-5-150x98.jpg 150w\" sizes=\"(max-width: 1126px) 100vw, 1126px\" \/><\/p>\n<\/div>\n<\/div>\n<\/div>","protected":false},"excerpt":{"rendered":"<p>Multi Color Granite Chinese Cheap ruby red granite Multi color granite,the unique combination of colors and features has made this<\/p>","protected":false},"featured_media":27445,"template":"","meta":[],"product_cat":[112],"product_tag":[],"_links":{"self":[{"href":"https:\/\/stone-phoenix.com\/fr\/wp-json\/wp\/v2\/product\/20408"}],"collection":[{"href":"https:\/\/stone-phoenix.com\/fr\/wp-json\/wp\/v2\/product"}],"about":[{"href":"https:\/\/stone-phoenix.com\/fr\/wp-json\/wp\/v2\/types\/product"}],"wp:featuredmedia":[{"embeddable":true,"href":"https:\/\/stone-phoenix.com\/fr\/wp-json\/wp\/v2\/media\/27445"}],"wp:attachment":[{"href":"https:\/\/stone-phoenix.com\/fr\/wp-json\/wp\/v2\/media?parent=20408"}],"wp:term":[{"taxonomy":"product_cat","embeddable":true,"href":"https:\/\/stone-phoenix.com\/fr\/wp-json\/wp\/v2\/product_cat?post=20408"},{"taxonomy":"product_tag","embeddable":true,"href":"https:\/\/stone-phoenix.com\/fr\/wp-json\/wp\/v2\/product_tag?post=20408"}],"curies":[{"name":"wp","href":"https:\/\/api.w.org\/{rel}","templated":true}]}}