{"id":20424,"date":"2023-12-29T20:11:37","date_gmt":"2023-12-29T12:11:37","guid":{"rendered":"http:\/\/stone-phoenix.com\/product\/stone-wall-cladding-3d-stone-wall-panel-stacked"},"modified":"2024-04-09T22:05:20","modified_gmt":"2024-04-09T14:05:20","slug":"stone-wall-cladding-3d-stone-wall-panel-stacked","status":"publish","type":"product","link":"https:\/\/stone-phoenix.com\/fr\/produit\/stone-wall-cladding-3d-stone-wall-panel-stacked","title":{"rendered":"rev\u00eatement mural en pierre 3d panneau mural en pierre empil\u00e9"},"content":{"rendered":"<div id=\"tab-description\" class=\"woocommerce-Tabs-panel woocommerce-Tabs-panel--description panel entry-content wc-tab\" role=\"tabpanel\" aria-labelledby=\"tab-title-description\">\n<h2>Rev\u00eatement mural chinois en pierre naturelle Panneau mural en pierre 3d Panneaux muraux en pierre empil\u00e9s<\/h2>\n<p>Le rev\u00eatement mural en pierre est le meilleur choix lorsque vous souhaitez chauffer votre maison tout en lui donnant de la valeur. Ils contribuent \u00e0 bloquer le froid et la chaleur, ce qui vous permet d'\u00e9conomiser de l'argent sur les co\u00fbts de chauffage et de climatisation. De plus, comme ils sont fabriqu\u00e9s en pierre naturelle, ils ont \u00e9galement une qualit\u00e9 d'isolation efficace, ce qui signifie que moins d'\u00e9nergie est n\u00e9cessaire pour maintenir une temp\u00e9rature confortable dans votre maison.<\/p>\n<p>Il convient \u00e0 un usage int\u00e9rieur et ext\u00e9rieur. Sa beaut\u00e9 naturelle et sa qualit\u00e9 en font un excellent choix pour votre maison. Ce produit est une solution id\u00e9ale pour les ext\u00e9rieurs modernes et \u00e9l\u00e9gants. Qu'il s'agisse d'envelopper les c\u00f4t\u00e9s des maisons ou de remonter les murs de haut en bas, notre produit offre un moyen facile d'ajouter du style \u00e0 l'ext\u00e9rieur de votre maison.Il s'agit d'une alternative unique et sur mesure au rev\u00eatement mural en pierre conventionnel.<\/p>\n<p>Con\u00e7u par le fabricant, il peut \u00eatre taill\u00e9 dans n'importe quelle forme, couleur ou taille pour permettre un aspect personnalis\u00e9 qui n'est pas seulement \u00e9l\u00e9gant mais aussi flexible en termes de conception et d'application.Dans la plus pure tradition du patrimoine et de l'artisanat europ\u00e9ens, le rev\u00eatement en pierre de luxe est un art intemporel. La beaut\u00e9 de la pierre naturelle est mise en valeur par l'utilisation de mat\u00e9riaux exclusifs de haute qualit\u00e9, soigneusement s\u00e9lectionn\u00e9s et fabriqu\u00e9s pour refl\u00e9ter leurs \u00e9quivalents naturels. Nos artisans qualifi\u00e9s garantissent les normes les plus \u00e9lev\u00e9es de contr\u00f4le de la qualit\u00e9 pendant la production.<\/p>\n<div id=\"ali-anchor-AliPostDhMb-6ydlg\" style=\"padding-top: 8px;\" data-section=\"AliPostDhMb-6ydlg\" data-section-title=\"Product Description\">\n<div id=\"ali-title-AliPostDhMb-6ydlg\" style=\"padding: 8px 0; border-bottom: 1px solid #ddd;\"><span style=\"background-color: #ddd; color: #333; font-weight: bold; padding: 8px 10px; line-height: 12px;\">Description du produit<\/span><\/div>\n<div style=\"padding: 10px 0;\">\n<table class=\"aliDataTable\" style=\"color: #000000; font-family: Arial; font-size: 12px; font-style: normal; font-weight: 400; background-color: #ffffff; width: 698px; height: 226px; border: 1px solid #b3b3b3;\">\n<tbody>\n<tr style=\"height: 21px;\">\n<td style=\"border: 1px solid #b3b3b3; width: 162px;\"><strong><span style=\"font-family: arial, helvetica, sans-serif; font-size: 14px;\">Mat\u00e9riau :<\/span><\/strong><\/td>\n<td style=\"border: 1px solid #b3b3b3; width: 545px;\">Rev\u00eatement mural chinois en pierre naturelle Panneau mural en pierre 3d Panneaux muraux en pierre empil\u00e9s<\/td>\n<\/tr>\n<tr style=\"height: 21px;\">\n<td style=\"border: 1px solid #b3b3b3; width: 162px;\"><strong><span style=\"font-family: arial, helvetica, sans-serif; font-size: 14px;\">Couleur :<\/span><\/strong><\/td>\n<td style=\"border: 1px solid #b3b3b3; width: 545px;\"><span style=\"font-family: arial, helvetica, sans-serif; font-size: 14px;\">Blanc, beige, noir, marron, gris, rouge, vert, bleu, etc.<\/span><\/td>\n<\/tr>\n<tr style=\"height: 21px;\">\n<td style=\"border: 1px solid #b3b3b3; width: 162px;\" rowspan=\"3\"><strong><span style=\"font-family: arial, helvetica, sans-serif; font-size: 14px;\">Taille :<\/span><\/strong><\/td>\n<td style=\"border: 1px solid #b3b3b3; width: 545px;\"><span style=\"font-family: arial, helvetica, sans-serif; font-size: 14px;\"><span style=\"text-decoration: underline;\">Carreaux disponibles<\/span> <\/span><br \/>\n<span style=\"font-family: arial, helvetica, sans-serif; font-size: 14px;\">12\u2032 X 12\u2033,24\u2032 X 24\u2033,12\u2032 X 24\u2033,etc 300x300mm,300x600mm,400x400mm,600x600mm,600\u00d71200,800\u00d7800,etc<\/span><\/td>\n<\/tr>\n<tr style=\"height: 21px;\">\n<td style=\"border: 1px solid #b3b3b3; width: 545px;\"><span style=\"font-family: arial, helvetica, sans-serif; font-size: 14px;\"><span style=\"text-decoration: underline;\">Grandes dalles disponibles<\/span>\u00a0 \u00a0 \u00a0 \u00a0 \u00a0 \u00a0 \u00a0 \u00a0 \u00a0 \u00a0 \u00a0 \u00a0 \u00a0 \u00a0 \u00a0 \u00a0 \u00a0 \u00a0 \u00a0 \u00a0 \u00a0 \u00a0 \u00a0 \u00a0 \u00a0 \u00a0 \u00a0 \u00a0 \u00a0 \u00a0 \u00a0 \u00a0 \u00a0 \u00a0 \u00a0 \u00a0 \u00a0 \u00a0 \u00a0 \u00a0 \u00a0 \u00a0 \u00a0 \u00a0 \u00a0 \u00a0 \u00a0 \u00a0 \u00a0 \u00a0 \u00a0 \u00a0 \u00a0 240cmUpx120UP<\/span><\/td>\n<\/tr>\n<tr style=\"height: 21px;\">\n<td style=\"border: 1px solid #b3b3b3; width: 545px;\"><span style=\"font-family: arial, helvetica, sans-serif; font-size: 14px;\">Des sp\u00e9cifications personnalis\u00e9es sont disponibles<\/span><\/td>\n<\/tr>\n<tr style=\"height: 21px;\">\n<td style=\"border: 1px solid #b3b3b3; width: 162px;\"><strong><span style=\"font-family: arial, helvetica, sans-serif; font-size: 14px;\">Tol\u00e9rance d'\u00e9paisseur :<\/span><\/strong><\/td>\n<td style=\"border: 1px solid #b3b3b3; width: 545px;\"><span style=\"font-size: 14px; font-family: arial, helvetica, sans-serif;\">\u00b10,05mm, \u00b11mm, \u00b11,5mm, \u00b12mm, selon les exigences de qualit\u00e9 du client<\/span><\/td>\n<\/tr>\n<tr style=\"height: 21px;\">\n<td style=\"border: 1px solid #b3b3b3; width: 162px;\"><strong><span style=\"font-family: arial, helvetica, sans-serif; font-size: 14px;\">Surface :<\/span><\/strong><\/td>\n<td style=\"border: 1px solid #b3b3b3; width: 545px;\"><span style=\"font-size: 14px; font-family: arial, helvetica, sans-serif;\">Poli, adouci, assorti au livre, antique, rainur\u00e9, bross\u00e9, d\u00e9cap\u00e9, sabl\u00e9, jet d'eau, etc.<\/span><\/td>\n<\/tr>\n<tr style=\"height: auto;\">\n<td style=\"border: 1px solid #b3b3b3; width: 162px;\"><strong><span style=\"font-family: arial, helvetica, sans-serif; font-size: 14px;\">Emballage :<\/span><\/strong><\/td>\n<td style=\"border: 1px solid #b3b3b3; width: 545px;\"><span style=\"font-family: arial, helvetica, sans-serif; font-size: 14px;\"> Fardeaux et caisses en bois en \u00e9tat de navigabilit\u00e9<\/span><\/td>\n<\/tr>\n<tr style=\"height: 21px;\">\n<td style=\"border: 1px solid #b3b3b3; width: 162px;\"><strong><span style=\"font-family: arial, helvetica, sans-serif; font-size: 14px;\">Application :<\/span><\/strong><\/td>\n<td style=\"border: 1px solid #b3b3b3; width: 545px;\"><span style=\"font-family: arial, helvetica, sans-serif; font-size: 14px;\">Mur int\u00e9rieur, sol, plinthe, mur de fond, comptoir, escalier, etc.<\/span><\/td>\n<\/tr>\n<tr style=\"height: 21px;\">\n<td style=\"border: 1px solid #b3b3b3; width: 162px;\"><strong><span style=\"font-family: arial, helvetica, sans-serif; font-size: 14px;\">D\u00e9lai de livraison :<\/span><\/strong><\/td>\n<td style=\"border: 1px solid #b3b3b3; width: 545px;\"><span style=\"font-family: arial, helvetica, sans-serif; font-size: 14px;\"> 15-20 jours pour les tailles normales<\/span><\/td>\n<\/tr>\n<tr style=\"height: 21px;\">\n<td style=\"border: 1px solid #b3b3b3; width: 162px;\"><strong><span style=\"font-family: arial, helvetica, sans-serif; font-size: 14px;\">Certificat :<\/span><\/strong><\/td>\n<td style=\"border: 1px solid #b3b3b3; width: 545px;\"><span style=\"font-family: arial, helvetica, sans-serif; font-size: 14px;\">CE, SGS<\/span><\/td>\n<\/tr>\n<tr style=\"height: 21px;\">\n<td style=\"border: 1px solid #b3b3b3; width: 162px;\"><strong><span style=\"font-family: arial, helvetica, sans-serif; font-size: 14px;\">Conditions de paiement :<\/span><\/strong><\/td>\n<td style=\"border: 1px solid #b3b3b3; width: 545px;\"><span style=\"font-family: arial, helvetica, sans-serif; font-size: 14px;\">T\/T, L\/C, D\/P<\/span><\/td>\n<\/tr>\n<tr style=\"height: 42px;\">\n<td style=\"border: 1px solid #b3b3b3; width: 162px;\"><strong><span style=\"font-family: arial, helvetica, sans-serif; font-size: 14px;\">Avantage :<\/span><\/strong><\/td>\n<td style=\"border: 1px solid #b3b3b3; width: 545px;\"><span style=\"font-family: arial, helvetica, sans-serif; font-size: 14px;\">1) Service unique pour la pierre ;<\/span><\/p>\n<p><span style=\"font-family: arial, helvetica, sans-serif; font-size: 14px;\">2) Poss\u00e9der 3 carri\u00e8res et 9 usines ;<\/span><\/p>\n<p><span style=\"font-family: arial, helvetica, sans-serif; font-size: 14px;\">3) Des supports technologiques de pointe.<\/span><\/td>\n<\/tr>\n<tr style=\"height: 42px;\">\n<td style=\"border: 1px solid #b3b3b3; width: 162px;\"><strong><span style=\"font-family: arial, helvetica, sans-serif; font-size: 14px;\">Assurance de la qualit\u00e9 et de la livraison :\u00a0<\/span><\/strong><\/td>\n<td style=\"border: 1px solid #b3b3b3; width: 545px;\"><span style=\"font-family: arial, helvetica, sans-serif; font-size: 14px;\">Tout au long du processus de production, du choix des mat\u00e9riaux \u00e0 l'emballage en passant par la fabrication, notre service de contr\u00f4le de la qualit\u00e9 contr\u00f4le rigoureusement chaque pi\u00e8ce et chaque processus afin de garantir le respect des normes de qualit\u00e9 et le respect des d\u00e9lais de livraison.<\/span><\/td>\n<\/tr>\n<\/tbody>\n<\/table>\n<\/div>\n<div style=\"padding: 10px 0;\"><img loading=\"lazy\" decoding=\"async\" class=\"alignnone size-full wp-image-27435\" src=\"http:\/\/stone-phoenix.com\/wp-content\/uploads\/2023\/12\/stone-wall-cladding-3d-stone-wall-panel-stacked-9-1.jpg\" alt=\"\" width=\"1101\" height=\"829\" srcset=\"https:\/\/stone-phoenix.com\/wp-content\/uploads\/2023\/12\/stone-wall-cladding-3d-stone-wall-panel-stacked-9-1.jpg 1101w, https:\/\/stone-phoenix.com\/wp-content\/uploads\/2023\/12\/stone-wall-cladding-3d-stone-wall-panel-stacked-9-1-300x226.jpg 300w, https:\/\/stone-phoenix.com\/wp-content\/uploads\/2023\/12\/stone-wall-cladding-3d-stone-wall-panel-stacked-9-1-1024x771.jpg 1024w, https:\/\/stone-phoenix.com\/wp-content\/uploads\/2023\/12\/stone-wall-cladding-3d-stone-wall-panel-stacked-9-1-768x578.jpg 768w, https:\/\/stone-phoenix.com\/wp-content\/uploads\/2023\/12\/stone-wall-cladding-3d-stone-wall-panel-stacked-9-1-16x12.jpg 16w, https:\/\/stone-phoenix.com\/wp-content\/uploads\/2023\/12\/stone-wall-cladding-3d-stone-wall-panel-stacked-9-1-600x452.jpg 600w, https:\/\/stone-phoenix.com\/wp-content\/uploads\/2023\/12\/stone-wall-cladding-3d-stone-wall-panel-stacked-9-1-150x113.jpg 150w\" sizes=\"(max-width: 1101px) 100vw, 1101px\" \/><img loading=\"lazy\" decoding=\"async\" class=\"alignnone size-full wp-image-27436\" src=\"http:\/\/stone-phoenix.com\/wp-content\/uploads\/2023\/12\/stone-wall-cladding-3d-stone-wall-panel-stacked-7-2.jpg\" alt=\"\" width=\"1123\" height=\"790\" srcset=\"https:\/\/stone-phoenix.com\/wp-content\/uploads\/2023\/12\/stone-wall-cladding-3d-stone-wall-panel-stacked-7-2.jpg 1123w, https:\/\/stone-phoenix.com\/wp-content\/uploads\/2023\/12\/stone-wall-cladding-3d-stone-wall-panel-stacked-7-2-300x211.jpg 300w, https:\/\/stone-phoenix.com\/wp-content\/uploads\/2023\/12\/stone-wall-cladding-3d-stone-wall-panel-stacked-7-2-1024x720.jpg 1024w, https:\/\/stone-phoenix.com\/wp-content\/uploads\/2023\/12\/stone-wall-cladding-3d-stone-wall-panel-stacked-7-2-768x540.jpg 768w, https:\/\/stone-phoenix.com\/wp-content\/uploads\/2023\/12\/stone-wall-cladding-3d-stone-wall-panel-stacked-7-2-18x12.jpg 18w, https:\/\/stone-phoenix.com\/wp-content\/uploads\/2023\/12\/stone-wall-cladding-3d-stone-wall-panel-stacked-7-2-600x422.jpg 600w, https:\/\/stone-phoenix.com\/wp-content\/uploads\/2023\/12\/stone-wall-cladding-3d-stone-wall-panel-stacked-7-2-150x106.jpg 150w\" sizes=\"(max-width: 1123px) 100vw, 1123px\" \/> <img loading=\"lazy\" decoding=\"async\" class=\"alignnone size-full wp-image-27437\" src=\"http:\/\/stone-phoenix.com\/wp-content\/uploads\/2023\/12\/stone-wall-cladding-3d-stone-wall-panel-stacked-10-1.jpg\" alt=\"\" width=\"1110\" height=\"768\" srcset=\"https:\/\/stone-phoenix.com\/wp-content\/uploads\/2023\/12\/stone-wall-cladding-3d-stone-wall-panel-stacked-10-1.jpg 1110w, https:\/\/stone-phoenix.com\/wp-content\/uploads\/2023\/12\/stone-wall-cladding-3d-stone-wall-panel-stacked-10-1-300x208.jpg 300w, https:\/\/stone-phoenix.com\/wp-content\/uploads\/2023\/12\/stone-wall-cladding-3d-stone-wall-panel-stacked-10-1-1024x708.jpg 1024w, https:\/\/stone-phoenix.com\/wp-content\/uploads\/2023\/12\/stone-wall-cladding-3d-stone-wall-panel-stacked-10-1-768x531.jpg 768w, https:\/\/stone-phoenix.com\/wp-content\/uploads\/2023\/12\/stone-wall-cladding-3d-stone-wall-panel-stacked-10-1-18x12.jpg 18w, https:\/\/stone-phoenix.com\/wp-content\/uploads\/2023\/12\/stone-wall-cladding-3d-stone-wall-panel-stacked-10-1-600x415.jpg 600w, https:\/\/stone-phoenix.com\/wp-content\/uploads\/2023\/12\/stone-wall-cladding-3d-stone-wall-panel-stacked-10-1-150x104.jpg 150w\" sizes=\"(max-width: 1110px) 100vw, 1110px\" \/><\/div>\n<div style=\"padding: 10px 0;\"><\/div>\n<\/div>\n<\/div>","protected":false},"excerpt":{"rendered":"<p>Chinese natural stone wall cladding 3d stone wall panel stacked stone wall panels Stone wall cladding is the best choice<\/p>","protected":false},"featured_media":27430,"template":"","meta":[],"product_cat":[112],"product_tag":[],"_links":{"self":[{"href":"https:\/\/stone-phoenix.com\/fr\/wp-json\/wp\/v2\/product\/20424"}],"collection":[{"href":"https:\/\/stone-phoenix.com\/fr\/wp-json\/wp\/v2\/product"}],"about":[{"href":"https:\/\/stone-phoenix.com\/fr\/wp-json\/wp\/v2\/types\/product"}],"wp:featuredmedia":[{"embeddable":true,"href":"https:\/\/stone-phoenix.com\/fr\/wp-json\/wp\/v2\/media\/27430"}],"wp:attachment":[{"href":"https:\/\/stone-phoenix.com\/fr\/wp-json\/wp\/v2\/media?parent=20424"}],"wp:term":[{"taxonomy":"product_cat","embeddable":true,"href":"https:\/\/stone-phoenix.com\/fr\/wp-json\/wp\/v2\/product_cat?post=20424"},{"taxonomy":"product_tag","embeddable":true,"href":"https:\/\/stone-phoenix.com\/fr\/wp-json\/wp\/v2\/product_tag?post=20424"}],"curies":[{"name":"wp","href":"https:\/\/api.w.org\/{rel}","templated":true}]}}