{"id":20435,"date":"2023-12-29T20:11:58","date_gmt":"2023-12-29T12:11:58","guid":{"rendered":"http:\/\/stone-phoenix.com\/product\/cobble-stone-supplier-granite-paving-outsdie"},"modified":"2024-04-05T15:12:03","modified_gmt":"2024-04-05T07:12:03","slug":"cobble-stone-supplier-granite-paving-outsdie","status":"publish","type":"product","link":"https:\/\/stone-phoenix.com\/fr\/produit\/cobble-stone-supplier-granite-paving-outsdie","title":{"rendered":"Fournisseur de pav\u00e9s en granit Outsdie"},"content":{"rendered":"<div id=\"tab-description\" class=\"woocommerce-Tabs-panel woocommerce-Tabs-panel--description panel entry-content wc-tab\" role=\"tabpanel\" aria-labelledby=\"tab-title-description\">\n<h2>Fournisseur de pav\u00e9s en granit Outsdie<\/h2>\n<p>Bienvenue dans notre collection de pav\u00e9s de haute qualit\u00e9, obtenus et fournis par notre \u00e9quipe d'experts de confiance. Nos pav\u00e9s sont le choix id\u00e9al pour ajouter un charme intemporel et une durabilit\u00e9 \u00e0 vos espaces ext\u00e9rieurs.<\/p>\n<p>Nos pav\u00e9s proviennent de fournisseurs r\u00e9put\u00e9s pour leur qualit\u00e9 sup\u00e9rieure et leur durabilit\u00e9. Les pav\u00e9s sont des pierres naturellement arrondies qui sont g\u00e9n\u00e9ralement utilis\u00e9es pour cr\u00e9er un aspect classique et rustique dans les applications ext\u00e9rieures. Gr\u00e2ce \u00e0 leur forme et \u00e0 leur texture uniques, nos pav\u00e9s ajoutent du caract\u00e8re et de l'\u00e9l\u00e9gance aux all\u00e9es, aux sentiers, aux patios et aux autres espaces ext\u00e9rieurs.<\/p>\n<p>Nos pav\u00e9s sont disponibles dans une grande vari\u00e9t\u00e9 de couleurs, de tailles et de finitions, ce qui vous permet de personnaliser votre am\u00e9nagement en fonction de votre style et de vos pr\u00e9f\u00e9rences. Des tons terreux traditionnels aux couleurs modernes et contemporaines, nos pav\u00e9s offrent des possibilit\u00e9s de conception infinies pour am\u00e9liorer l'esth\u00e9tique de vos espaces ext\u00e9rieurs.<\/p>\n<p>L'installation de nos pav\u00e9s est simple et convient aussi bien aux bricoleurs qu'aux installateurs professionnels. Les formes et tailles irr\u00e9guli\u00e8res de nos pav\u00e9s cr\u00e9ent un motif d'aspect naturel, ajoutant un sentiment d'authenticit\u00e9 \u00e0 vos espaces ext\u00e9rieurs. Nos pav\u00e9s peuvent \u00eatre pos\u00e9s selon diff\u00e9rents motifs, tels que le chevron, le panier tress\u00e9 et le cercle, ce qui vous permet de cr\u00e9er un design unique et accrocheur.<\/p>\n<p>Outre leur beaut\u00e9 intemporelle, nos pav\u00e9s sont r\u00e9put\u00e9s pour leur durabilit\u00e9 et leur facilit\u00e9 d'entretien. Les pav\u00e9s sont naturellement r\u00e9sistants aux intemp\u00e9ries, \u00e0 l'\u00e9rosion et au trafic pi\u00e9tonnier intense, ce qui leur permet de r\u00e9sister \u00e0 l'\u00e9preuve du temps dans divers environnements ext\u00e9rieurs. Avec un minimum d'entretien, nos pav\u00e9s continueront \u00e0 ajouter du charme et de la valeur \u00e0 vos espaces ext\u00e9rieurs pour les ann\u00e9es \u00e0 venir.<\/p>\n<p>En tant que fournisseur de galets de confiance, nous nous engageons \u00e0 fournir des produits de qualit\u00e9 exceptionnelle et un excellent service \u00e0 la client\u00e8le. Nos pav\u00e9s sont soigneusement s\u00e9lectionn\u00e9s et inspect\u00e9s pour s'assurer qu'ils respectent ou d\u00e9passent les normes de l'industrie. Nous proposons \u00e9galement des options de prix comp\u00e9titives, ce qui fait de nos pav\u00e9s un choix rentable pour vos projets d'am\u00e9nagement ext\u00e9rieur.<\/p>\n<p>Am\u00e9liorez l'attrait esth\u00e9tique et la durabilit\u00e9 de vos espaces ext\u00e9rieurs gr\u00e2ce \u00e0 nos pav\u00e9s de qualit\u00e9 sup\u00e9rieure. Explorez notre collection de pav\u00e9s d\u00e8s aujourd'hui et d\u00e9couvrez le choix id\u00e9al pour votre projet d'am\u00e9nagement ext\u00e9rieur. Contactez-nous pour en savoir plus sur nos pav\u00e9s et sur la fa\u00e7on dont ils peuvent rehausser la beaut\u00e9 de vos espaces ext\u00e9rieurs.<\/p>\n<div id=\"ali-anchor-AliPostDhMb-10ic2\" class=\"mceSectionContainer\" style=\"padding-top: 8px;\" data-section=\"AliPostDhMb-10ic2\" data-section-title=\"Product Description\">\n<div id=\"ali-title-AliPostDhMb-10ic2\" style=\"padding: 8px 0; border-bottom: 1px solid #ddd;\"><span style=\"background-color: #ddd; color: #333; font-weight: bold; padding: 8px 10px; line-height: 12px;\">Description du produit<\/span><\/div>\n<div style=\"padding: 10px 0;\">\n<table class=\"aliDataTable\" style=\"color: #000000; font-family: Arial; font-size: 12px; font-style: normal; font-weight: 400; background-color: #ffffff; width: 750px; height: 226px; border: 1px solid #b3b3b3;\">\n<tbody>\n<tr style=\"height: 42px;\">\n<td style=\"border: 1px solid #b3b3b3; width: 162px; height: 42px;\"><strong><span style=\"font-family: arial, helvetica, sans-serif; font-size: 14px;\">Nom du produit :<\/span><\/strong><\/td>\n<td style=\"border: 1px solid #b3b3b3; width: 595.066px; height: 42px;\"><span style=\"font-family: arial, helvetica, sans-serif; font-size: 14px;\">Divers pav\u00e9s en granit<\/span><\/td>\n<\/tr>\n<tr style=\"height: 21px;\">\n<td style=\"border: 1px solid #b3b3b3; width: 162px; height: 21px;\"><strong><span style=\"font-family: arial, helvetica, sans-serif; font-size: 14px;\">Mat\u00e9riau :<\/span><\/strong><\/td>\n<td style=\"border: 1px solid #b3b3b3; width: 595.066px; height: 21px;\"><span style=\"font-family: arial, helvetica, sans-serif; font-size: 14px;\">Granit G562, granit G603, granit G654, granit G682, granit G684, etc.<\/span><\/td>\n<\/tr>\n<tr style=\"height: 44px;\">\n<td style=\"border: 1px solid #b3b3b3; width: 162px; height: 65px;\" rowspan=\"2\">\n<p style=\"margin: 0px; padding: 0px;\"><strong><span style=\"font-family: arial, helvetica, sans-serif; font-size: 14px;\">Taille :<\/span><\/strong><\/p>\n<\/td>\n<td style=\"border: 1px solid #b3b3b3; width: 595.066px; height: 44px;\"><span style=\"font-size: 14px;\">Tailles<\/span><br \/>\n<span style=\"font-size: 14px;\">5X5X5CM,8X8X8CM,9X9X9CM,10X10X10CM,10x10x5cm,<\/span><span style=\"font-size: 14px;\">10x20x5cm,9.5\u00d79.5x4CM,19.5\u00d719.5x4CM,22X11X5CM,<\/span><\/p>\n<p><span style=\"font-size: 14px;\">16.5X11.5X5CM,19.7X19.7X8CM,14.5X14.5X8CM,16X16X16CM,<\/span><\/p>\n<p><span style=\"font-size: 14px;\">22X16X16CM,27x18x9cm,18x18x9cm,18x18x18CM <\/span><\/p>\n<p><span style=\"font-size: 14px;\">ou sur mesure<\/span><\/td>\n<\/tr>\n<tr style=\"height: 21px;\">\n<td style=\"border: 1px solid #b3b3b3; width: 595.066px; height: 21px;\"><span style=\"font-family: arial, helvetica, sans-serif; font-size: 14px;\">Des sp\u00e9cifications personnalis\u00e9es sont disponibles<\/span><\/td>\n<\/tr>\n<tr style=\"height: 42px;\">\n<td style=\"border: 1px solid #b3b3b3; width: 162px; height: 42px;\"><strong><span style=\"font-family: arial, helvetica, sans-serif; font-size: 14px;\">Tol\u00e9rance d'\u00e9paisseur :<\/span><\/strong><\/td>\n<td style=\"border: 1px solid #b3b3b3; width: 595.066px; height: 42px;\"><span style=\"font-size: 14px; font-family: arial, helvetica, sans-serif;\">\u00b11mm, \u00b11,5mm, \u00b12mm, selon les exigences de qualit\u00e9 du client<\/span><\/td>\n<\/tr>\n<tr style=\"height: 126px;\">\n<td style=\"border: 1px solid #b3b3b3; width: 162px; height: 126px;\">\n<p style=\"margin: 0px; padding: 0px;\"><strong><span style=\"font-family: arial, helvetica, sans-serif; font-size: 14px;\">Surface :<\/span><\/strong><\/p>\n<\/td>\n<td style=\"border: 1px solid #b3b3b3; width: 595.066px; height: 126px;\"><span style=\"font-size: 14px;\">Finition<\/span><br \/>\n<span style=\"font-size: 14px;\">a. Fente naturelle sur tous les c\u00f4t\u00e9s<\/span><br \/>\n<span style=\"font-size: 14px;\">b. Toutes les faces sont sci\u00e9es<\/span><br \/>\n<span style=\"font-size: 14px;\">c. 5 c\u00f4t\u00e9s coup\u00e9s \u00e0 la scie, surface fendue naturellement<\/span><br \/>\n<span style=\"font-size: 14px;\">d. 5 faces coup\u00e9es \u00e0 la scie, surface flamm\u00e9e<\/span><br \/>\n<span style=\"font-size: 14px;\">e. 4 c\u00f4t\u00e9s coup\u00e9s \u00e0 la scie, fendu naturel en haut, tambourin\u00e9, dos en maille\u00a0<\/span><\/td>\n<\/tr>\n<tr style=\"height: 21px;\">\n<td style=\"border: 1px solid #b3b3b3; width: 162px; height: 21px;\"><strong><span style=\"font-family: arial, helvetica, sans-serif; font-size: 14px;\">Emballage :<\/span><\/strong><\/td>\n<td style=\"border: 1px solid #b3b3b3; width: 595.066px; height: 21px;\"><span style=\"font-family: arial, helvetica, sans-serif; font-size: 14px;\">Fardeaux et caisses en bois en \u00e9tat de navigabilit\u00e9<\/span><\/td>\n<\/tr>\n<tr style=\"height: 21px;\">\n<td style=\"border: 1px solid #b3b3b3; width: 162px; height: 21px;\"><strong><span style=\"font-family: arial, helvetica, sans-serif; font-size: 14px;\">Application :<\/span><\/strong><\/td>\n<td style=\"border: 1px solid #b3b3b3; width: 595.066px; height: 21px;\"><span style=\"font-family: arial, helvetica, sans-serif; font-size: 14px;\">Largement utilis\u00e9 pour la d\u00e9coration int\u00e9rieure et ext\u00e9rieure<\/span><\/td>\n<\/tr>\n<tr style=\"height: 42px;\">\n<td style=\"border: 1px solid #b3b3b3; width: 162px; height: 42px;\"><strong><span style=\"font-family: arial, helvetica, sans-serif; font-size: 14px;\">D\u00e9lai de livraison :<\/span><\/strong><\/td>\n<td style=\"border: 1px solid #b3b3b3; width: 595.066px; height: 42px;\"><span style=\"font-family: arial, helvetica, sans-serif; font-size: 14px;\">15-20 jours pour les tailles normales<\/span><\/td>\n<\/tr>\n<tr style=\"height: 21px;\">\n<td style=\"border: 1px solid #b3b3b3; width: 162px; height: 21px;\">\n<p style=\"margin: 0px; padding: 0px;\"><strong><span style=\"font-family: arial, helvetica, sans-serif; font-size: 14px;\">Certificat :<\/span><\/strong><\/p>\n<\/td>\n<td style=\"border: 1px solid #b3b3b3; width: 595.066px; height: 21px;\"><span style=\"font-family: arial, helvetica, sans-serif; font-size: 14px;\">CE, SGS<\/span><\/td>\n<\/tr>\n<tr style=\"height: 42px;\">\n<td style=\"border: 1px solid #b3b3b3; width: 162px; height: 42px;\">\n<p style=\"margin: 0px; padding: 0px;\"><strong><span style=\"font-family: arial, helvetica, sans-serif; font-size: 14px;\">Conditions de paiement :<\/span><\/strong><\/p>\n<\/td>\n<td style=\"border: 1px solid #b3b3b3; width: 595.066px; height: 42px;\"><span style=\"font-family: arial, helvetica, sans-serif; font-size: 14px;\">T\/T, L\/C, D\/P<\/span><\/td>\n<\/tr>\n<tr style=\"height: 63px;\">\n<td style=\"border: 1px solid #b3b3b3; width: 162px; height: 63px;\"><strong><span style=\"font-family: arial, helvetica, sans-serif; font-size: 14px;\">Avantage :<\/span><\/strong><\/td>\n<td style=\"border: 1px solid #b3b3b3; width: 595.066px; height: 63px;\">\n<p style=\"margin: 0px; padding: 0px;\"><span style=\"font-family: arial, helvetica, sans-serif; font-size: 14px;\">1) Service unique pour la pierre ;<\/span><\/p>\n<p style=\"margin: 0px; padding: 0px;\"><span style=\"font-family: arial, helvetica, sans-serif; font-size: 14px;\">2) Poss\u00e9der 3 carri\u00e8res et 9 usines ;<\/span><\/p>\n<p style=\"margin: 0px; padding: 0px;\"><span style=\"font-family: arial, helvetica, sans-serif; font-size: 14px;\">3) Soutien \u00e0 la conception et \u00e0 la technologie.<\/span><\/p>\n<\/td>\n<\/tr>\n<tr style=\"height: 84px;\">\n<td style=\"border: 1px solid #b3b3b3; width: 162px; height: 84px;\"><strong><span style=\"font-family: arial, helvetica, sans-serif; font-size: 14px;\">Assurance de la qualit\u00e9 et de la livraison :\u00a0<\/span><\/strong><\/td>\n<td style=\"border: 1px solid #b3b3b3; width: 595.066px; height: 84px;\">\n<p style=\"margin: 0px; padding: 0px;\"><span style=\"font-family: arial, helvetica, sans-serif; font-size: 14px;\">Tout au long du processus de production, du choix des mat\u00e9riaux \u00e0 l'emballage en passant par la fabrication, notre service de contr\u00f4le de la qualit\u00e9 contr\u00f4le rigoureusement chaque pi\u00e8ce et chaque processus afin de garantir le respect des normes de qualit\u00e9 et le respect des d\u00e9lais de livraison.<\/span><\/p>\n<\/td>\n<\/tr>\n<\/tbody>\n<\/table>\n<p><img loading=\"lazy\" decoding=\"async\" class=\"alignnone size-full wp-image-27408\" src=\"http:\/\/stone-phoenix.com\/wp-content\/uploads\/2023\/12\/Cobble-Stone-Supplier-Granite-Paving-Outsdie-5.jpg\" alt=\"\" width=\"688\" height=\"445\" srcset=\"https:\/\/stone-phoenix.com\/wp-content\/uploads\/2023\/12\/Cobble-Stone-Supplier-Granite-Paving-Outsdie-5.jpg 688w, https:\/\/stone-phoenix.com\/wp-content\/uploads\/2023\/12\/Cobble-Stone-Supplier-Granite-Paving-Outsdie-5-300x194.jpg 300w, https:\/\/stone-phoenix.com\/wp-content\/uploads\/2023\/12\/Cobble-Stone-Supplier-Granite-Paving-Outsdie-5-18x12.jpg 18w, https:\/\/stone-phoenix.com\/wp-content\/uploads\/2023\/12\/Cobble-Stone-Supplier-Granite-Paving-Outsdie-5-600x388.jpg 600w, https:\/\/stone-phoenix.com\/wp-content\/uploads\/2023\/12\/Cobble-Stone-Supplier-Granite-Paving-Outsdie-5-150x97.jpg 150w\" sizes=\"(max-width: 688px) 100vw, 688px\" \/><img loading=\"lazy\" decoding=\"async\" class=\"alignnone size-full wp-image-27409\" src=\"http:\/\/stone-phoenix.com\/wp-content\/uploads\/2023\/12\/Cobble-Stone-Supplier-Granite-Paving-Outsdie-4-1.jpg\" alt=\"\" width=\"694\" height=\"397\" srcset=\"https:\/\/stone-phoenix.com\/wp-content\/uploads\/2023\/12\/Cobble-Stone-Supplier-Granite-Paving-Outsdie-4-1.jpg 694w, https:\/\/stone-phoenix.com\/wp-content\/uploads\/2023\/12\/Cobble-Stone-Supplier-Granite-Paving-Outsdie-4-1-300x172.jpg 300w, https:\/\/stone-phoenix.com\/wp-content\/uploads\/2023\/12\/Cobble-Stone-Supplier-Granite-Paving-Outsdie-4-1-18x10.jpg 18w, https:\/\/stone-phoenix.com\/wp-content\/uploads\/2023\/12\/Cobble-Stone-Supplier-Granite-Paving-Outsdie-4-1-600x343.jpg 600w, https:\/\/stone-phoenix.com\/wp-content\/uploads\/2023\/12\/Cobble-Stone-Supplier-Granite-Paving-Outsdie-4-1-150x86.jpg 150w\" sizes=\"(max-width: 694px) 100vw, 694px\" \/><img loading=\"lazy\" decoding=\"async\" class=\"alignnone wp-image-27407\" src=\"http:\/\/stone-phoenix.com\/wp-content\/uploads\/2023\/12\/Cobble-Stone-Supplier-Granite-Paving-Outsdie-2.jpg\" alt=\"\" width=\"691\" height=\"1287\" srcset=\"https:\/\/stone-phoenix.com\/wp-content\/uploads\/2023\/12\/Cobble-Stone-Supplier-Granite-Paving-Outsdie-2.jpg 645w, https:\/\/stone-phoenix.com\/wp-content\/uploads\/2023\/12\/Cobble-Stone-Supplier-Granite-Paving-Outsdie-2-161x300.jpg 161w, https:\/\/stone-phoenix.com\/wp-content\/uploads\/2023\/12\/Cobble-Stone-Supplier-Granite-Paving-Outsdie-2-550x1024.jpg 550w, https:\/\/stone-phoenix.com\/wp-content\/uploads\/2023\/12\/Cobble-Stone-Supplier-Granite-Paving-Outsdie-2-6x12.jpg 6w, https:\/\/stone-phoenix.com\/wp-content\/uploads\/2023\/12\/Cobble-Stone-Supplier-Granite-Paving-Outsdie-2-600x1117.jpg 600w, https:\/\/stone-phoenix.com\/wp-content\/uploads\/2023\/12\/Cobble-Stone-Supplier-Granite-Paving-Outsdie-2-150x279.jpg 150w\" sizes=\"(max-width: 691px) 100vw, 691px\" \/><\/p>\n<map name=\"jorwd5m6\"><\/map>\n<\/div>\n<\/div>\n<\/div>","protected":false},"excerpt":{"rendered":"<p>Cobble Stone Supplier Granite Paving Outsdie Welcome to our collection of high-quality cobble stones, sourced and supplied by our trusted<\/p>","protected":false},"featured_media":20436,"template":"","meta":[],"product_cat":[112],"product_tag":[],"_links":{"self":[{"href":"https:\/\/stone-phoenix.com\/fr\/wp-json\/wp\/v2\/product\/20435"}],"collection":[{"href":"https:\/\/stone-phoenix.com\/fr\/wp-json\/wp\/v2\/product"}],"about":[{"href":"https:\/\/stone-phoenix.com\/fr\/wp-json\/wp\/v2\/types\/product"}],"wp:featuredmedia":[{"embeddable":true,"href":"https:\/\/stone-phoenix.com\/fr\/wp-json\/wp\/v2\/media\/20436"}],"wp:attachment":[{"href":"https:\/\/stone-phoenix.com\/fr\/wp-json\/wp\/v2\/media?parent=20435"}],"wp:term":[{"taxonomy":"product_cat","embeddable":true,"href":"https:\/\/stone-phoenix.com\/fr\/wp-json\/wp\/v2\/product_cat?post=20435"},{"taxonomy":"product_tag","embeddable":true,"href":"https:\/\/stone-phoenix.com\/fr\/wp-json\/wp\/v2\/product_tag?post=20435"}],"curies":[{"name":"wp","href":"https:\/\/api.w.org\/{rel}","templated":true}]}}