{"id":20457,"date":"2023-12-29T20:12:29","date_gmt":"2023-12-29T12:12:29","guid":{"rendered":"http:\/\/stone-phoenix.com\/product\/cobble-stone-maker-yellow-granite"},"modified":"2024-04-05T14:10:33","modified_gmt":"2024-04-05T06:10:33","slug":"cobble-stone-maker-yellow-granite","status":"publish","type":"product","link":"https:\/\/stone-phoenix.com\/fr\/produit\/cobble-stone-maker-yellow-granite","title":{"rendered":"Fabricant de pav\u00e9s Granit jaune"},"content":{"rendered":"<div id=\"tab-description\" class=\"woocommerce-Tabs-panel woocommerce-Tabs-panel--description panel entry-content wc-tab\" role=\"tabpanel\" aria-labelledby=\"tab-title-description\">\n<div id=\"ali-anchor-AliPostDhMb-10ic2\" style=\"padding-top: 8px;\" data-section=\"AliPostDhMb-10ic2\" data-section-title=\"Product Description\">\n<div>\n<h2>Fabricant de pav\u00e9s Granit jaune<\/h2>\n<p>Une machine \u00e0 fabriquer des pav\u00e9s est une machine ou un dispositif utilis\u00e9 pour cr\u00e9er des pav\u00e9s \u00e0 partir de mati\u00e8res premi\u00e8res telles que la pierre ou le b\u00e9ton. Ces machines peuvent \u00eatre utilis\u00e9es dans divers contextes, notamment dans des projets r\u00e9sidentiels et commerciaux, ainsi que dans la construction de routes, de trottoirs et d'autres types de pavage.<\/p>\n<p>Il existe diff\u00e9rents types de pav\u00e9s sur le march\u00e9, allant de petits mod\u00e8les manuels \u00e0 des machines plus grandes et de taille plus industrielle. Certains fabricants de pav\u00e9s utilisent des moules pour cr\u00e9er la forme et la taille souhait\u00e9es des pav\u00e9s, tandis que d'autres utilisent un processus appel\u00e9 \"fa\u00e7onnage de pav\u00e9s\" pour cr\u00e9er les pav\u00e9s en pressant les mat\u00e9riaux bruts pour leur donner une forme.<\/p>\n<p>L'un des avantages de l'utilisation d'une machine \u00e0 fabriquer des pav\u00e9s est qu'elle permet un haut niveau de personnalisation du produit final. Les fabricants de pav\u00e9s peuvent cr\u00e9er des pav\u00e9s de diff\u00e9rentes formes, tailles et couleurs, en fonction des besoins et des pr\u00e9f\u00e9rences sp\u00e9cifiques de l'utilisateur. Cela peut \u00eatre particuli\u00e8rement utile pour les projets qui n\u00e9cessitent une esth\u00e9tique ou un design sp\u00e9cifique, tels que les r\u00e9novations historiques ou la cr\u00e9ation d'all\u00e9es \u00e0 th\u00e8me.<\/p>\n<p>Les fabricants de pav\u00e9s offrent \u00e9galement un certain nombre d'autres avantages. D'une part, elles peuvent contribuer \u00e0 r\u00e9duire la quantit\u00e9 de d\u00e9chets g\u00e9n\u00e9r\u00e9s pendant le processus de construction, car les mati\u00e8res premi\u00e8res peuvent \u00eatre soigneusement mesur\u00e9es et utilis\u00e9es pour cr\u00e9er le nombre exact de pav\u00e9s n\u00e9cessaires \u00e0 un projet. En outre, les fabricants de pav\u00e9s peuvent contribuer \u00e0 acc\u00e9l\u00e9rer le processus de construction, car ils peuvent produire de grandes quantit\u00e9s de pav\u00e9s dans un laps de temps relativement court.<\/p>\n<p>Dans l'ensemble, les machines \u00e0 fabriquer des pav\u00e9s sont un outil utile pour toute personne travaillant dans le secteur de la construction ou du pavage. Que vous travailliez sur un petit projet r\u00e9sidentiel ou sur un grand projet commercial, une machine \u00e0 fabriquer des pav\u00e9s peut vous aider \u00e0 cr\u00e9er des pav\u00e9s de haute qualit\u00e9 qui r\u00e9pondent \u00e0 vos besoins et pr\u00e9f\u00e9rences sp\u00e9cifiques. Il s'agit donc d'une machine tr\u00e8s importante dans l'industrie de la construction.<\/p>\n<\/div>\n<div id=\"ali-title-AliPostDhMb-10ic2\" style=\"padding: 8px 0; border-bottom: 1px solid #ddd;\"><span style=\"background-color: #ddd; color: #333; font-weight: bold; padding: 8px 10px; line-height: 12px;\">Description du produit<\/span><\/div>\n<div style=\"padding: 10px 0;\">\n<table class=\"aliDataTable\" style=\"color: #000000; font-family: Arial; font-size: 12px; font-style: normal; font-weight: 400; background-color: #ffffff; width: 750px; height: 226px; border: 1px solid #b3b3b3;\">\n<tbody>\n<tr style=\"height: 42px;\">\n<td style=\"border: 1px solid #b3b3b3; width: 162px; height: 42px;\"><strong><span style=\"font-family: arial, helvetica, sans-serif; font-size: 14px;\">Nom du produit :<\/span><\/strong><\/td>\n<td style=\"border: 1px solid #b3b3b3; width: 595.066px; height: 42px;\"><span style=\"font-family: arial, helvetica, sans-serif; font-size: 14px;\">Divers pav\u00e9s en granit<\/span><\/td>\n<\/tr>\n<tr style=\"height: 21px;\">\n<td style=\"border: 1px solid #b3b3b3; width: 162px; height: 21px;\"><strong><span style=\"font-family: arial, helvetica, sans-serif; font-size: 14px;\">Mat\u00e9riau :<\/span><\/strong><\/td>\n<td style=\"border: 1px solid #b3b3b3; width: 595.066px; height: 21px;\"><span style=\"font-family: arial, helvetica, sans-serif; font-size: 14px;\">Granit G562, granit G603, granit G654, granit G682, etc.<\/span><\/td>\n<\/tr>\n<tr style=\"height: 44px;\">\n<td style=\"border: 1px solid #b3b3b3; width: 162px; height: 65px;\" rowspan=\"2\">\n<p style=\"margin: 0px; padding: 0px;\"><strong><span style=\"font-family: arial, helvetica, sans-serif; font-size: 14px;\">Taille :<\/span><\/strong><\/p>\n<\/td>\n<td style=\"border: 1px solid #b3b3b3; width: 595.066px; height: 44px;\"><span style=\"font-size: 14px;\">Tailles<\/span><br \/>\n<span style=\"font-size: 14px;\">5X5X5CM,8X8X8CM,9X9X9CM,10X10X10CM,10x10x5cm,<\/span><span style=\"font-size: 14px;\">10x20x5cm,9.5\u00d79.5x4CM,19.5\u00d719.5x4CM,22X11X5CM,<\/span><span style=\"font-size: 14px;\">16.5X11.5X5CM,19.7X19.7X8CM,14.5X14.5X8CM,16X16X16CM,<\/span><\/p>\n<p><span style=\"font-size: 14px;\">22X16X16CM,27x18x9cm,18x18x9cm,18x18x18CM <\/span><\/p>\n<p><span style=\"font-size: 14px;\">ou sur mesure<\/span><\/td>\n<\/tr>\n<tr style=\"height: 21px;\">\n<td style=\"border: 1px solid #b3b3b3; width: 595.066px; height: 21px;\"><span style=\"font-family: arial, helvetica, sans-serif; font-size: 14px;\">Des sp\u00e9cifications personnalis\u00e9es sont disponibles<\/span><\/td>\n<\/tr>\n<tr style=\"height: 42px;\">\n<td style=\"border: 1px solid #b3b3b3; width: 162px; height: 42px;\"><strong><span style=\"font-family: arial, helvetica, sans-serif; font-size: 14px;\">Tol\u00e9rance d'\u00e9paisseur :<\/span><\/strong><\/td>\n<td style=\"border: 1px solid #b3b3b3; width: 595.066px; height: 42px;\"><span style=\"font-size: 14px; font-family: arial, helvetica, sans-serif;\">\u00b11mm, \u00b11,5mm, \u00b12mm, selon les exigences de qualit\u00e9 du client<\/span><\/td>\n<\/tr>\n<tr style=\"height: 126px;\">\n<td style=\"border: 1px solid #b3b3b3; width: 162px; height: 126px;\">\n<p style=\"margin: 0px; padding: 0px;\"><strong><span style=\"font-family: arial, helvetica, sans-serif; font-size: 14px;\">Surface :<\/span><\/strong><\/p>\n<\/td>\n<td style=\"border: 1px solid #b3b3b3; width: 595.066px; height: 126px;\"><span style=\"font-size: 14px;\">Finition<\/span><br \/>\n<span style=\"font-size: 14px;\">a. Fente naturelle sur tous les c\u00f4t\u00e9s<\/span><br \/>\n<span style=\"font-size: 14px;\">b. Toutes les faces sont sci\u00e9es<\/span><br \/>\n<span style=\"font-size: 14px;\">c. 5 c\u00f4t\u00e9s coup\u00e9s \u00e0 la scie, surface fendue naturellement<\/span><br \/>\n<span style=\"font-size: 14px;\">d. 5 faces coup\u00e9es \u00e0 la scie, surface flamm\u00e9e<\/span><br \/>\n<span style=\"font-size: 14px;\">e. 4 c\u00f4t\u00e9s coup\u00e9s \u00e0 la scie, fendu naturel en haut, tambourin\u00e9, dos en maille\u00a0<\/span><\/td>\n<\/tr>\n<tr style=\"height: 21px;\">\n<td style=\"border: 1px solid #b3b3b3; width: 162px; height: 21px;\"><strong><span style=\"font-family: arial, helvetica, sans-serif; font-size: 14px;\">Emballage :<\/span><\/strong><\/td>\n<td style=\"border: 1px solid #b3b3b3; width: 595.066px; height: 21px;\"><span style=\"font-family: arial, helvetica, sans-serif; font-size: 14px;\">Fardeaux et caisses en bois en \u00e9tat de navigabilit\u00e9<\/span><\/td>\n<\/tr>\n<tr style=\"height: 21px;\">\n<td style=\"border: 1px solid #b3b3b3; width: 162px; height: 21px;\"><strong><span style=\"font-family: arial, helvetica, sans-serif; font-size: 14px;\">Application :<\/span><\/strong><\/td>\n<td style=\"border: 1px solid #b3b3b3; width: 595.066px; height: 21px;\"><span style=\"font-family: arial, helvetica, sans-serif; font-size: 14px;\">Largement utilis\u00e9 pour la d\u00e9coration int\u00e9rieure et ext\u00e9rieure<\/span><\/td>\n<\/tr>\n<tr style=\"height: 42px;\">\n<td style=\"border: 1px solid #b3b3b3; width: 162px; height: 42px;\"><strong><span style=\"font-family: arial, helvetica, sans-serif; font-size: 14px;\">D\u00e9lai de livraison :<\/span><\/strong><\/td>\n<td style=\"border: 1px solid #b3b3b3; width: 595.066px; height: 42px;\"><span style=\"font-family: arial, helvetica, sans-serif; font-size: 14px;\">15-20 jours pour les tailles normales<\/span><\/td>\n<\/tr>\n<tr style=\"height: 21px;\">\n<td style=\"border: 1px solid #b3b3b3; width: 162px; height: 21px;\">\n<p style=\"margin: 0px; padding: 0px;\"><strong><span style=\"font-family: arial, helvetica, sans-serif; font-size: 14px;\">Certificat :<\/span><\/strong><\/p>\n<\/td>\n<td style=\"border: 1px solid #b3b3b3; width: 595.066px; height: 21px;\"><span style=\"font-family: arial, helvetica, sans-serif; font-size: 14px;\">CE, SGS<\/span><\/td>\n<\/tr>\n<tr style=\"height: 42px;\">\n<td style=\"border: 1px solid #b3b3b3; width: 162px; height: 42px;\">\n<p style=\"margin: 0px; padding: 0px;\"><strong><span style=\"font-family: arial, helvetica, sans-serif; font-size: 14px;\">Conditions de paiement :<\/span><\/strong><\/p>\n<\/td>\n<td style=\"border: 1px solid #b3b3b3; width: 595.066px; height: 42px;\"><span style=\"font-family: arial, helvetica, sans-serif; font-size: 14px;\">T\/T, L\/C, D\/P<\/span><\/td>\n<\/tr>\n<tr style=\"height: 63px;\">\n<td style=\"border: 1px solid #b3b3b3; width: 162px; height: 63px;\"><strong><span style=\"font-family: arial, helvetica, sans-serif; font-size: 14px;\">Avantage :<\/span><\/strong><\/td>\n<td style=\"border: 1px solid #b3b3b3; width: 595.066px; height: 63px;\">\n<p style=\"margin: 0px; padding: 0px;\"><span style=\"font-family: arial, helvetica, sans-serif; font-size: 14px;\">1) Service unique pour la pierre ;<\/span><\/p>\n<p style=\"margin: 0px; padding: 0px;\"><span style=\"font-family: arial, helvetica, sans-serif; font-size: 14px;\">2) Poss\u00e9der 3 carri\u00e8res et 9 usines ;<\/span><\/p>\n<p style=\"margin: 0px; padding: 0px;\"><span style=\"font-family: arial, helvetica, sans-serif; font-size: 14px;\">3) Soutien \u00e0 la conception et \u00e0 la technologie.<\/span><\/p>\n<\/td>\n<\/tr>\n<tr style=\"height: 84px;\">\n<td style=\"border: 1px solid #b3b3b3; width: 162px; height: 84px;\"><strong><span style=\"font-family: arial, helvetica, sans-serif; font-size: 14px;\">Assurance de la qualit\u00e9 et de la livraison :\u00a0<\/span><\/strong><\/td>\n<td style=\"border: 1px solid #b3b3b3; width: 595.066px; height: 84px;\">\n<p style=\"margin: 0px; padding: 0px;\"><span style=\"font-family: arial, helvetica, sans-serif; font-size: 14px;\">Tout au long du processus de production, du choix des mat\u00e9riaux \u00e0 l'emballage en passant par la fabrication, notre service de contr\u00f4le de la qualit\u00e9 contr\u00f4le rigoureusement chaque pi\u00e8ce et chaque processus afin de garantir le respect des normes de qualit\u00e9 et le respect des d\u00e9lais de livraison.<\/span><\/p>\n<\/td>\n<\/tr>\n<\/tbody>\n<\/table>\n<p><img loading=\"lazy\" decoding=\"async\" class=\"alignnone size-full wp-image-27379\" src=\"http:\/\/stone-phoenix.com\/wp-content\/uploads\/2023\/12\/Cobble-Stone-Maker-Yellow-Granite-6.png\" alt=\"\" width=\"1101\" height=\"813\" srcset=\"https:\/\/stone-phoenix.com\/wp-content\/uploads\/2023\/12\/Cobble-Stone-Maker-Yellow-Granite-6.png 1101w, https:\/\/stone-phoenix.com\/wp-content\/uploads\/2023\/12\/Cobble-Stone-Maker-Yellow-Granite-6-300x222.png 300w, https:\/\/stone-phoenix.com\/wp-content\/uploads\/2023\/12\/Cobble-Stone-Maker-Yellow-Granite-6-1024x756.png 1024w, https:\/\/stone-phoenix.com\/wp-content\/uploads\/2023\/12\/Cobble-Stone-Maker-Yellow-Granite-6-768x567.png 768w, https:\/\/stone-phoenix.com\/wp-content\/uploads\/2023\/12\/Cobble-Stone-Maker-Yellow-Granite-6-16x12.png 16w, https:\/\/stone-phoenix.com\/wp-content\/uploads\/2023\/12\/Cobble-Stone-Maker-Yellow-Granite-6-600x443.png 600w, https:\/\/stone-phoenix.com\/wp-content\/uploads\/2023\/12\/Cobble-Stone-Maker-Yellow-Granite-6-150x111.png 150w\" sizes=\"(max-width: 1101px) 100vw, 1101px\" \/><img loading=\"lazy\" decoding=\"async\" class=\"alignnone size-full wp-image-27380\" src=\"http:\/\/stone-phoenix.com\/wp-content\/uploads\/2023\/12\/Cobble-Stone-Maker-Yellow-Granite-7-1.jpg\" alt=\"\" width=\"1081\" height=\"915\" srcset=\"https:\/\/stone-phoenix.com\/wp-content\/uploads\/2023\/12\/Cobble-Stone-Maker-Yellow-Granite-7-1.jpg 1081w, https:\/\/stone-phoenix.com\/wp-content\/uploads\/2023\/12\/Cobble-Stone-Maker-Yellow-Granite-7-1-300x254.jpg 300w, https:\/\/stone-phoenix.com\/wp-content\/uploads\/2023\/12\/Cobble-Stone-Maker-Yellow-Granite-7-1-1024x867.jpg 1024w, https:\/\/stone-phoenix.com\/wp-content\/uploads\/2023\/12\/Cobble-Stone-Maker-Yellow-Granite-7-1-768x650.jpg 768w, https:\/\/stone-phoenix.com\/wp-content\/uploads\/2023\/12\/Cobble-Stone-Maker-Yellow-Granite-7-1-14x12.jpg 14w, https:\/\/stone-phoenix.com\/wp-content\/uploads\/2023\/12\/Cobble-Stone-Maker-Yellow-Granite-7-1-600x508.jpg 600w, https:\/\/stone-phoenix.com\/wp-content\/uploads\/2023\/12\/Cobble-Stone-Maker-Yellow-Granite-7-1-150x127.jpg 150w\" sizes=\"(max-width: 1081px) 100vw, 1081px\" \/><img loading=\"lazy\" decoding=\"async\" class=\"alignnone size-full wp-image-27381\" src=\"http:\/\/stone-phoenix.com\/wp-content\/uploads\/2023\/12\/Cobble-Stone-Maker-Yellow-Granite-8.jpg\" alt=\"\" width=\"1108\" height=\"1099\" srcset=\"https:\/\/stone-phoenix.com\/wp-content\/uploads\/2023\/12\/Cobble-Stone-Maker-Yellow-Granite-8.jpg 1108w, https:\/\/stone-phoenix.com\/wp-content\/uploads\/2023\/12\/Cobble-Stone-Maker-Yellow-Granite-8-300x298.jpg 300w, https:\/\/stone-phoenix.com\/wp-content\/uploads\/2023\/12\/Cobble-Stone-Maker-Yellow-Granite-8-1024x1016.jpg 1024w, https:\/\/stone-phoenix.com\/wp-content\/uploads\/2023\/12\/Cobble-Stone-Maker-Yellow-Granite-8-150x149.jpg 150w, https:\/\/stone-phoenix.com\/wp-content\/uploads\/2023\/12\/Cobble-Stone-Maker-Yellow-Granite-8-768x762.jpg 768w, https:\/\/stone-phoenix.com\/wp-content\/uploads\/2023\/12\/Cobble-Stone-Maker-Yellow-Granite-8-12x12.jpg 12w, https:\/\/stone-phoenix.com\/wp-content\/uploads\/2023\/12\/Cobble-Stone-Maker-Yellow-Granite-8-600x595.jpg 600w\" sizes=\"(max-width: 1108px) 100vw, 1108px\" \/><img loading=\"lazy\" decoding=\"async\" class=\"alignnone  wp-image-27382\" src=\"http:\/\/stone-phoenix.com\/wp-content\/uploads\/2023\/12\/Cobble-Stone-Maker-Yellow-Granite-5.jpg\" alt=\"\" width=\"955\" height=\"963\" srcset=\"https:\/\/stone-phoenix.com\/wp-content\/uploads\/2023\/12\/Cobble-Stone-Maker-Yellow-Granite-5.jpg 688w, https:\/\/stone-phoenix.com\/wp-content\/uploads\/2023\/12\/Cobble-Stone-Maker-Yellow-Granite-5-297x300.jpg 297w, https:\/\/stone-phoenix.com\/wp-content\/uploads\/2023\/12\/Cobble-Stone-Maker-Yellow-Granite-5-150x151.jpg 150w, https:\/\/stone-phoenix.com\/wp-content\/uploads\/2023\/12\/Cobble-Stone-Maker-Yellow-Granite-5-12x12.jpg 12w, https:\/\/stone-phoenix.com\/wp-content\/uploads\/2023\/12\/Cobble-Stone-Maker-Yellow-Granite-5-600x605.jpg 600w\" sizes=\"(max-width: 955px) 100vw, 955px\" \/><\/p>\n<\/div>\n<\/div>\n<\/div>","protected":false},"excerpt":{"rendered":"<p>Cobble Stone Maker Yellow Granite A cobble stone maker is a machine or device that is used to create cobblestones<\/p>","protected":false},"featured_media":27372,"template":"","meta":[],"product_cat":[112],"product_tag":[],"_links":{"self":[{"href":"https:\/\/stone-phoenix.com\/fr\/wp-json\/wp\/v2\/product\/20457"}],"collection":[{"href":"https:\/\/stone-phoenix.com\/fr\/wp-json\/wp\/v2\/product"}],"about":[{"href":"https:\/\/stone-phoenix.com\/fr\/wp-json\/wp\/v2\/types\/product"}],"wp:featuredmedia":[{"embeddable":true,"href":"https:\/\/stone-phoenix.com\/fr\/wp-json\/wp\/v2\/media\/27372"}],"wp:attachment":[{"href":"https:\/\/stone-phoenix.com\/fr\/wp-json\/wp\/v2\/media?parent=20457"}],"wp:term":[{"taxonomy":"product_cat","embeddable":true,"href":"https:\/\/stone-phoenix.com\/fr\/wp-json\/wp\/v2\/product_cat?post=20457"},{"taxonomy":"product_tag","embeddable":true,"href":"https:\/\/stone-phoenix.com\/fr\/wp-json\/wp\/v2\/product_tag?post=20457"}],"curies":[{"name":"wp","href":"https:\/\/api.w.org\/{rel}","templated":true}]}}