{"id":20463,"date":"2023-12-29T20:12:40","date_gmt":"2023-12-29T12:12:40","guid":{"rendered":"http:\/\/stone-phoenix.com\/product\/paving-cobblestone-low-price-g684"},"modified":"2024-04-05T13:41:54","modified_gmt":"2024-04-05T05:41:54","slug":"paving-cobblestone-low-price-g684","status":"publish","type":"product","link":"https:\/\/stone-phoenix.com\/fr\/produit\/paving-cobblestone-low-price-g684","title":{"rendered":"Pav\u00e9 en pierre \u00e0 bas prix G684"},"content":{"rendered":"<div id=\"tab-description\" class=\"woocommerce-Tabs-panel woocommerce-Tabs-panel--description panel entry-content wc-tab\" role=\"tabpanel\" aria-labelledby=\"tab-title-description\">\n<div id=\"ali-anchor-AliPostDhMb-10ic2\" style=\"padding-top: 8px;\" data-section=\"AliPostDhMb-10ic2\" data-section-title=\"Product Description\">\n<h2>Pav\u00e9 en pierre \u00e0 bas prix G684<\/h2>\n<div>Le pav\u00e9 est un bloc de pierre naturelle qui peut \u00eatre install\u00e9 et pos\u00e9 sur le sol. Le profil unique du pav\u00e9, sa surface r\u00e9sistante \u00e0 l'usure et sa beaut\u00e9 naturelle en font l'un des pav\u00e9s les plus chers.Les pav\u00e9s et les galets sont utilis\u00e9s pour les all\u00e9es, les patios et les trottoirs.<\/div>\n<div>Ces mat\u00e9riaux peuvent \u00eatre install\u00e9s dans de nombreux contextes diff\u00e9rents, notamment dans les all\u00e9es de jardin et les bordures d\u00e9coratives. En plus d'ajouter un attrait esth\u00e9tique \u00e0 votre propri\u00e9t\u00e9, les pav\u00e9s constituent une base solide sous ces surfaces. Nos pav\u00e9s sont parfaits pour les all\u00e9es, les terrasses et les all\u00e9es pi\u00e9tonnes.<\/div>\n<div>Ce pav\u00e9 est une mani\u00e8re intemporelle, polyvalente et classique d'ajouter une touche de charme r\u00e9tro \u00e0 votre jardin ou \u00e0 votre cour.<\/div>\n<div>Il s'agit d'un mat\u00e9riau tr\u00e8s r\u00e9pandu. Les pav\u00e9s sont disponibles dans une vari\u00e9t\u00e9 de formes, de tailles et de styles. Nous sommes une entreprise de pav\u00e9s de qualit\u00e9 qui fournit des pav\u00e9s et des dalles. Nous fabriquons dans le monde entier et n'utilisons que les meilleurs mat\u00e9riaux pour vous offrir les meilleurs produits aux prix les plus bas.<\/div>\n<div id=\"ali-title-AliPostDhMb-10ic2\" style=\"padding: 8px 0; border-bottom: 1px solid #ddd;\"><span style=\"background-color: #ddd; color: #333; font-weight: bold; padding: 8px 10px; line-height: 12px;\">Description du produit<\/span><\/div>\n<div style=\"padding: 10px 0;\">\n<table class=\"aliDataTable\" style=\"color: #000000; font-family: Arial; font-size: 12px; font-style: normal; font-weight: 400; background-color: #ffffff; width: 750px; height: 226px; border: 1px solid #b3b3b3;\">\n<tbody>\n<tr style=\"height: 42px;\">\n<td style=\"border: 1px solid #b3b3b3; width: 162px; height: 42px;\"><strong><span style=\"font-family: arial, helvetica, sans-serif; font-size: 14px;\">Nom du produit :<\/span><\/strong><\/td>\n<td style=\"border: 1px solid #b3b3b3; width: 595.066px; height: 42px;\">Low Price G684 Black Basalt Pavement Stone cobblestone paver mat<\/td>\n<\/tr>\n<tr style=\"height: 21px;\">\n<td style=\"border: 1px solid #b3b3b3; width: 162px; height: 21px;\"><strong><span style=\"font-family: arial, helvetica, sans-serif; font-size: 14px;\">Mat\u00e9riau :<\/span><\/strong><\/td>\n<td style=\"border: 1px solid #b3b3b3; width: 595.066px; height: 21px;\"><span style=\"font-family: arial, helvetica, sans-serif; font-size: 14px;\">Granit G562, granit G603, granit G654, granit G682, etc.<\/span><\/td>\n<\/tr>\n<tr style=\"height: 44px;\">\n<td style=\"border: 1px solid #b3b3b3; width: 162px; height: 65px;\" rowspan=\"2\">\n<p style=\"margin: 0px; padding: 0px;\"><strong><span style=\"font-family: arial, helvetica, sans-serif; font-size: 14px;\">Taille :<\/span><\/strong><\/p>\n<\/td>\n<td style=\"border: 1px solid #b3b3b3; width: 595.066px; height: 44px;\"><span style=\"font-size: 14px;\">Tailles<\/span><br \/>\n<span style=\"font-size: 14px;\">5X5X5CM,8X8X8CM,9X9X9CM,10X10X10CM,10x10x5cm,<\/span><span style=\"font-size: 14px;\">10x20x5cm,9.5\u00d79.5x4CM,19.5\u00d719.5x4CM,22X11X5CM,<\/span><span style=\"font-size: 14px;\">16.5X11.5X5CM,19.7X19.7X8CM,14.5X14.5X8CM,16X16X16CM,<\/span><\/p>\n<p><span style=\"font-size: 14px;\">22X16X16CM,27x18x9cm,18x18x9cm,18x18x18CM <\/span><\/p>\n<p><span style=\"font-size: 14px;\">ou sur mesure<\/span><\/td>\n<\/tr>\n<tr style=\"height: 21px;\">\n<td style=\"border: 1px solid #b3b3b3; width: 595.066px; height: 21px;\"><span style=\"font-family: arial, helvetica, sans-serif; font-size: 14px;\">Des sp\u00e9cifications personnalis\u00e9es sont disponibles<\/span><\/td>\n<\/tr>\n<tr style=\"height: 42px;\">\n<td style=\"border: 1px solid #b3b3b3; width: 162px; height: 42px;\"><strong><span style=\"font-family: arial, helvetica, sans-serif; font-size: 14px;\">Tol\u00e9rance d'\u00e9paisseur :<\/span><\/strong><\/td>\n<td style=\"border: 1px solid #b3b3b3; width: 595.066px; height: 42px;\"><span style=\"font-size: 14px; font-family: arial, helvetica, sans-serif;\">\u00b11mm, \u00b11,5mm, \u00b12mm, selon les exigences de qualit\u00e9 du client<\/span><\/td>\n<\/tr>\n<tr style=\"height: 126px;\">\n<td style=\"border: 1px solid #b3b3b3; width: 162px; height: 126px;\">\n<p style=\"margin: 0px; padding: 0px;\"><strong><span style=\"font-family: arial, helvetica, sans-serif; font-size: 14px;\">Surface :<\/span><\/strong><\/p>\n<\/td>\n<td style=\"border: 1px solid #b3b3b3; width: 595.066px; height: 126px;\"><span style=\"font-size: 14px;\">Finition<\/span><br \/>\n<span style=\"font-size: 14px;\">a. Fente naturelle sur tous les c\u00f4t\u00e9s<\/span><br \/>\n<span style=\"font-size: 14px;\">b. Toutes les faces sont sci\u00e9es<\/span><br \/>\n<span style=\"font-size: 14px;\">c. 5 c\u00f4t\u00e9s coup\u00e9s \u00e0 la scie, surface fendue naturellement<\/span><br \/>\n<span style=\"font-size: 14px;\">d. 5 faces coup\u00e9es \u00e0 la scie, surface flamm\u00e9e<\/span><br \/>\n<span style=\"font-size: 14px;\">e. 4 c\u00f4t\u00e9s coup\u00e9s \u00e0 la scie, fendu naturel en haut, tambourin\u00e9, dos en maille\u00a0<\/span><\/td>\n<\/tr>\n<tr style=\"height: 21px;\">\n<td style=\"border: 1px solid #b3b3b3; width: 162px; height: 21px;\"><strong><span style=\"font-family: arial, helvetica, sans-serif; font-size: 14px;\">Emballage :<\/span><\/strong><\/td>\n<td style=\"border: 1px solid #b3b3b3; width: 595.066px; height: 21px;\"><span style=\"font-family: arial, helvetica, sans-serif; font-size: 14px;\">Fardeaux et caisses en bois en \u00e9tat de navigabilit\u00e9<\/span><\/td>\n<\/tr>\n<tr style=\"height: 21px;\">\n<td style=\"border: 1px solid #b3b3b3; width: 162px; height: 21px;\"><strong><span style=\"font-family: arial, helvetica, sans-serif; font-size: 14px;\">Application :<\/span><\/strong><\/td>\n<td style=\"border: 1px solid #b3b3b3; width: 595.066px; height: 21px;\"><span style=\"font-family: arial, helvetica, sans-serif; font-size: 14px;\">Largement utilis\u00e9 pour la d\u00e9coration int\u00e9rieure et ext\u00e9rieure<\/span><\/td>\n<\/tr>\n<tr style=\"height: 42px;\">\n<td style=\"border: 1px solid #b3b3b3; width: 162px; height: 42px;\"><strong><span style=\"font-family: arial, helvetica, sans-serif; font-size: 14px;\">D\u00e9lai de livraison :<\/span><\/strong><\/td>\n<td style=\"border: 1px solid #b3b3b3; width: 595.066px; height: 42px;\"><span style=\"font-family: arial, helvetica, sans-serif; font-size: 14px;\">15-20 jours pour les tailles normales<\/span><\/td>\n<\/tr>\n<tr style=\"height: 21px;\">\n<td style=\"border: 1px solid #b3b3b3; width: 162px; height: 21px;\">\n<p style=\"margin: 0px; padding: 0px;\"><strong><span style=\"font-family: arial, helvetica, sans-serif; font-size: 14px;\">Certificat :<\/span><\/strong><\/p>\n<\/td>\n<td style=\"border: 1px solid #b3b3b3; width: 595.066px; height: 21px;\"><span style=\"font-family: arial, helvetica, sans-serif; font-size: 14px;\">CE, SGS<\/span><\/td>\n<\/tr>\n<tr style=\"height: 42px;\">\n<td style=\"border: 1px solid #b3b3b3; width: 162px; height: 42px;\">\n<p style=\"margin: 0px; padding: 0px;\"><strong><span style=\"font-family: arial, helvetica, sans-serif; font-size: 14px;\">Conditions de paiement :<\/span><\/strong><\/p>\n<\/td>\n<td style=\"border: 1px solid #b3b3b3; width: 595.066px; height: 42px;\"><span style=\"font-family: arial, helvetica, sans-serif; font-size: 14px;\">T\/T, L\/C, D\/P<\/span><\/td>\n<\/tr>\n<tr style=\"height: 63px;\">\n<td style=\"border: 1px solid #b3b3b3; width: 162px; height: 63px;\"><strong><span style=\"font-family: arial, helvetica, sans-serif; font-size: 14px;\">Avantage :<\/span><\/strong><\/td>\n<td style=\"border: 1px solid #b3b3b3; width: 595.066px; height: 63px;\">\n<p style=\"margin: 0px; padding: 0px;\"><span style=\"font-family: arial, helvetica, sans-serif; font-size: 14px;\">1) Service unique pour la pierre ;<\/span><\/p>\n<p style=\"margin: 0px; padding: 0px;\"><span style=\"font-family: arial, helvetica, sans-serif; font-size: 14px;\">2) Poss\u00e9der 3 carri\u00e8res et 9 usines ;<\/span><\/p>\n<p style=\"margin: 0px; padding: 0px;\"><span style=\"font-family: arial, helvetica, sans-serif; font-size: 14px;\">3) Soutien \u00e0 la conception et \u00e0 la technologie.<\/span><\/p>\n<\/td>\n<\/tr>\n<tr style=\"height: 84px;\">\n<td style=\"border: 1px solid #b3b3b3; width: 162px; height: 84px;\"><strong><span style=\"font-family: arial, helvetica, sans-serif; font-size: 14px;\">Assurance de la qualit\u00e9 et de la livraison :\u00a0<\/span><\/strong><\/td>\n<td style=\"border: 1px solid #b3b3b3; width: 595.066px; height: 84px;\">\n<p style=\"margin: 0px; padding: 0px;\"><span style=\"font-family: arial, helvetica, sans-serif; font-size: 14px;\">Tout au long du processus de production, du choix des mat\u00e9riaux \u00e0 l'emballage en passant par la fabrication, notre service de contr\u00f4le de la qualit\u00e9 contr\u00f4le rigoureusement chaque pi\u00e8ce et chaque processus afin de garantir le respect des normes de qualit\u00e9 et le respect des d\u00e9lais de livraison.<\/span><\/p>\n<\/td>\n<\/tr>\n<\/tbody>\n<\/table>\n<p><img loading=\"lazy\" decoding=\"async\" class=\"alignnone size-full wp-image-27368\" src=\"http:\/\/stone-phoenix.com\/wp-content\/uploads\/2023\/12\/Paving-Cobblestone-Low-Price-G684-5.jpg\" alt=\"\" width=\"1090\" height=\"912\" srcset=\"https:\/\/stone-phoenix.com\/wp-content\/uploads\/2023\/12\/Paving-Cobblestone-Low-Price-G684-5.jpg 1090w, https:\/\/stone-phoenix.com\/wp-content\/uploads\/2023\/12\/Paving-Cobblestone-Low-Price-G684-5-300x251.jpg 300w, https:\/\/stone-phoenix.com\/wp-content\/uploads\/2023\/12\/Paving-Cobblestone-Low-Price-G684-5-1024x857.jpg 1024w, https:\/\/stone-phoenix.com\/wp-content\/uploads\/2023\/12\/Paving-Cobblestone-Low-Price-G684-5-768x643.jpg 768w, https:\/\/stone-phoenix.com\/wp-content\/uploads\/2023\/12\/Paving-Cobblestone-Low-Price-G684-5-14x12.jpg 14w, https:\/\/stone-phoenix.com\/wp-content\/uploads\/2023\/12\/Paving-Cobblestone-Low-Price-G684-5-600x502.jpg 600w, https:\/\/stone-phoenix.com\/wp-content\/uploads\/2023\/12\/Paving-Cobblestone-Low-Price-G684-5-150x126.jpg 150w\" sizes=\"(max-width: 1090px) 100vw, 1090px\" \/><img loading=\"lazy\" decoding=\"async\" class=\"alignnone size-full wp-image-27369\" src=\"http:\/\/stone-phoenix.com\/wp-content\/uploads\/2023\/12\/Paving-Cobblestone-Low-Price-G684-6.jpg\" alt=\"\" width=\"1111\" height=\"831\" srcset=\"https:\/\/stone-phoenix.com\/wp-content\/uploads\/2023\/12\/Paving-Cobblestone-Low-Price-G684-6.jpg 1111w, https:\/\/stone-phoenix.com\/wp-content\/uploads\/2023\/12\/Paving-Cobblestone-Low-Price-G684-6-300x224.jpg 300w, https:\/\/stone-phoenix.com\/wp-content\/uploads\/2023\/12\/Paving-Cobblestone-Low-Price-G684-6-1024x766.jpg 1024w, https:\/\/stone-phoenix.com\/wp-content\/uploads\/2023\/12\/Paving-Cobblestone-Low-Price-G684-6-768x574.jpg 768w, https:\/\/stone-phoenix.com\/wp-content\/uploads\/2023\/12\/Paving-Cobblestone-Low-Price-G684-6-16x12.jpg 16w, https:\/\/stone-phoenix.com\/wp-content\/uploads\/2023\/12\/Paving-Cobblestone-Low-Price-G684-6-600x449.jpg 600w, https:\/\/stone-phoenix.com\/wp-content\/uploads\/2023\/12\/Paving-Cobblestone-Low-Price-G684-6-150x112.jpg 150w\" sizes=\"(max-width: 1111px) 100vw, 1111px\" \/><img loading=\"lazy\" decoding=\"async\" class=\"alignnone size-full wp-image-27370\" src=\"http:\/\/stone-phoenix.com\/wp-content\/uploads\/2023\/12\/Paving-Cobblestone-Low-Price-G684-8.jpg\" alt=\"\" width=\"1036\" height=\"945\" srcset=\"https:\/\/stone-phoenix.com\/wp-content\/uploads\/2023\/12\/Paving-Cobblestone-Low-Price-G684-8.jpg 1036w, https:\/\/stone-phoenix.com\/wp-content\/uploads\/2023\/12\/Paving-Cobblestone-Low-Price-G684-8-300x274.jpg 300w, https:\/\/stone-phoenix.com\/wp-content\/uploads\/2023\/12\/Paving-Cobblestone-Low-Price-G684-8-1024x934.jpg 1024w, https:\/\/stone-phoenix.com\/wp-content\/uploads\/2023\/12\/Paving-Cobblestone-Low-Price-G684-8-768x701.jpg 768w, https:\/\/stone-phoenix.com\/wp-content\/uploads\/2023\/12\/Paving-Cobblestone-Low-Price-G684-8-13x12.jpg 13w, https:\/\/stone-phoenix.com\/wp-content\/uploads\/2023\/12\/Paving-Cobblestone-Low-Price-G684-8-600x547.jpg 600w, https:\/\/stone-phoenix.com\/wp-content\/uploads\/2023\/12\/Paving-Cobblestone-Low-Price-G684-8-150x137.jpg 150w\" sizes=\"(max-width: 1036px) 100vw, 1036px\" \/><img loading=\"lazy\" decoding=\"async\" class=\"alignnone size-full wp-image-27371\" src=\"http:\/\/stone-phoenix.com\/wp-content\/uploads\/2023\/12\/Paving-Cobblestone-Low-Price-G684-7.jpg\" alt=\"\" width=\"1089\" height=\"805\" srcset=\"https:\/\/stone-phoenix.com\/wp-content\/uploads\/2023\/12\/Paving-Cobblestone-Low-Price-G684-7.jpg 1089w, https:\/\/stone-phoenix.com\/wp-content\/uploads\/2023\/12\/Paving-Cobblestone-Low-Price-G684-7-300x222.jpg 300w, https:\/\/stone-phoenix.com\/wp-content\/uploads\/2023\/12\/Paving-Cobblestone-Low-Price-G684-7-1024x757.jpg 1024w, https:\/\/stone-phoenix.com\/wp-content\/uploads\/2023\/12\/Paving-Cobblestone-Low-Price-G684-7-768x568.jpg 768w, https:\/\/stone-phoenix.com\/wp-content\/uploads\/2023\/12\/Paving-Cobblestone-Low-Price-G684-7-16x12.jpg 16w, https:\/\/stone-phoenix.com\/wp-content\/uploads\/2023\/12\/Paving-Cobblestone-Low-Price-G684-7-600x444.jpg 600w, https:\/\/stone-phoenix.com\/wp-content\/uploads\/2023\/12\/Paving-Cobblestone-Low-Price-G684-7-150x111.jpg 150w\" sizes=\"(max-width: 1089px) 100vw, 1089px\" \/><\/p>\n<\/div>\n<\/div>\n<\/div>","protected":false},"excerpt":{"rendered":"<p>Paving Cobblestone Low Price G684 Paving cobblestone is a natural stone paving block that can be installed and laid on<\/p>","protected":false},"featured_media":27363,"template":"","meta":[],"product_cat":[112],"product_tag":[],"_links":{"self":[{"href":"https:\/\/stone-phoenix.com\/fr\/wp-json\/wp\/v2\/product\/20463"}],"collection":[{"href":"https:\/\/stone-phoenix.com\/fr\/wp-json\/wp\/v2\/product"}],"about":[{"href":"https:\/\/stone-phoenix.com\/fr\/wp-json\/wp\/v2\/types\/product"}],"wp:featuredmedia":[{"embeddable":true,"href":"https:\/\/stone-phoenix.com\/fr\/wp-json\/wp\/v2\/media\/27363"}],"wp:attachment":[{"href":"https:\/\/stone-phoenix.com\/fr\/wp-json\/wp\/v2\/media?parent=20463"}],"wp:term":[{"taxonomy":"product_cat","embeddable":true,"href":"https:\/\/stone-phoenix.com\/fr\/wp-json\/wp\/v2\/product_cat?post=20463"},{"taxonomy":"product_tag","embeddable":true,"href":"https:\/\/stone-phoenix.com\/fr\/wp-json\/wp\/v2\/product_tag?post=20463"}],"curies":[{"name":"wp","href":"https:\/\/api.w.org\/{rel}","templated":true}]}}