{"id":20469,"date":"2023-12-29T20:12:48","date_gmt":"2023-12-29T12:12:48","guid":{"rendered":"http:\/\/stone-phoenix.com\/product\/giallo-verona-granite-slab-yellow-granite-tile"},"modified":"2024-04-05T13:35:56","modified_gmt":"2024-04-05T05:35:56","slug":"giallo-verona-granite-slab-yellow-granite-tile","status":"publish","type":"product","link":"https:\/\/stone-phoenix.com\/fr\/produit\/giallo-verona-granite-slab-yellow-granite-tile","title":{"rendered":"dalle de granit giallo verona dalle de granit jaune"},"content":{"rendered":"<div id=\"tab-description\" class=\"woocommerce-Tabs-panel woocommerce-Tabs-panel--description panel entry-content wc-tab\" role=\"tabpanel\" aria-labelledby=\"tab-title-description\">\n<div id=\"ali-anchor-AliPostDhMb-6q8vw\" style=\"padding-top: 8px;\" data-section=\"AliPostDhMb-6q8vw\" data-section-title=\"Product Description\">\n<h2>dalle de granit giallo verona dalle de granit giallo Yellow Granite Tile<\/h2>\n<p>La dalle de granit giallo verona est une pierre robuste et durable qui provient des carri\u00e8res d'Italie. le granit pukipuki a une couleur jaune d'or avec des veines brunes\/noires, il contient \u00e9galement des min\u00e9raux appel\u00e9s silicate de zinc, silicate de fer et mica. c'est un beau type de granit jaune fonc\u00e9 avec des veines vert olive fonc\u00e9, ce qui lui donne l'aspect de l'or. La texture naturelle du giallo verona a une finition lisse et sa couleur est un peu plus fonc\u00e9e que celle de la verge d'or classique.<\/p>\n<p>Les dalles de granit Giallo Verona sont un granit jaun\u00e2tre et rouge\u00e2tre avec une texture moyenne \u00e0 grossi\u00e8re. Ce granit convient aux applications commerciales, r\u00e9sidentielles et aux cuisines. Le granit Giallo Verona a l'aspect de l'\"or jaune\" lorsqu'il est poli, et peut comporter \u00e0 la fois des mouchetures d'or et des inclusions telles que des cristaux de serpentine qui sont caract\u00e9ristiques de cette pierre. Le Giallo Verona ayant un poli naturel \u00e9lev\u00e9, il est plus susceptible de se tacher que d'autres vari\u00e9t\u00e9s de granit.<\/p>\n<p>La dalle de granit Giallo Verona est la version jaun\u00e2tre de la pierre Verona, qui fait partie de notre collection Giallo, qui est une version en dalles de ce granit italien classique et populaire.<span style=\"font-size: 16px;\">Il s'agit d'un jaune dor\u00e9 riche et profond, \u00e0 la chaleur rustique, qui convient parfaitement \u00e0 un dosseret ou \u00e0 un comptoir de cuisine.Le granit Giallo Verona est une magnifique variation d'un granit dor\u00e9 classique. Cette pierre pr\u00e9sente des stries de miel dor\u00e9 qui changent en fonction de l'\u00e9clairage, ce qui la rend id\u00e9ale pour les plans de travail de cuisine et les plans de bar de luxe.<\/span><\/p>\n<div id=\"ali-title-AliPostDhMb-6q8vw\" style=\"padding: 8px 0; border-bottom: 1px solid #ddd;\"><span style=\"background-color: #ddd; color: #333; font-weight: bold; padding: 8px 10px; line-height: 12px;\">Description du produit<\/span><\/div>\n<div style=\"padding: 10px 0;\">\n<table class=\"aliDataTable\" style=\"color: #000000; font-family: Arial; font-size: 12px; font-style: normal; font-weight: 400; background-color: #ffffff; width: 698px; height: 226px; border: 1px solid #b3b3b3;\">\n<tbody>\n<tr>\n<td style=\"border: 1px solid #707070; width: 159.663px;\"><strong><span style=\"font-family: arial, helvetica, sans-serif; font-size: 14px;\">Nom du produit :<\/span><\/strong><\/td>\n<td style=\"border: 1px solid #707070; width: 553.337px;\"><span style=\"font-family: arial, helvetica, sans-serif; font-size: 14px;\">Granit divers<\/span><\/td>\n<\/tr>\n<tr>\n<td style=\"border: 1px solid #707070; width: 159.663px;\"><strong><span style=\"font-family: arial, helvetica, sans-serif; font-size: 14px;\">Mat\u00e9riau :<\/span><\/strong><\/td>\n<td style=\"border: 1px solid #707070; width: 553.337px;\"><span style=\"font-size: 14px;\">Granit<\/span><\/td>\n<\/tr>\n<tr>\n<td style=\"border: 1px solid #707070; width: 159.663px;\"><strong><span style=\"font-family: arial, helvetica, sans-serif; font-size: 14px;\">Couleur :<\/span><\/strong><\/td>\n<td style=\"border: 1px solid #707070; width: 553.337px;\"><span style=\"font-family: arial, helvetica, sans-serif; font-size: 14px;\">Blanc, noir, jaune, rouge, rose, gris, brun, bleu, vert, etc.<\/span><\/td>\n<\/tr>\n<tr>\n<td style=\"border: 1px solid #707070; width: 159.663px;\" rowspan=\"3\"><strong><span style=\"font-family: arial, helvetica, sans-serif; font-size: 14px;\">Taille :<\/span><\/strong><\/td>\n<td style=\"border: 1px solid #707070; width: 553.337px;\"><span style=\"text-decoration: underline;\"><span style=\"font-size: 14px;\">Carreaux disponibles <\/span><\/span><br \/>\n<span style=\"font-size: 14px;\">12\u2019x12\u2033,24\u2019x24\u2033,12\u2019x24\u2033,etc <\/span><span style=\"font-size: 14px;\">300x300mm,300x600mm,400x400mm,600x600mm,etc<\/span><\/td>\n<\/tr>\n<tr>\n<td style=\"border: 1px solid #707070; width: 553.337px;\"><span style=\"text-decoration: underline;\"><span style=\"font-size: 14px;\">Dalles disponibles <\/span><\/span><\/p>\n<p><span style=\"font-size: 14px;\">180cmUpx60UP,180cmUpx65cmUP,180cmUpx70cmUP,etc<\/span><br \/>\n<span style=\"font-size: 14px;\">240cmUpx120cmUP,etc<\/span><\/td>\n<\/tr>\n<tr>\n<td style=\"border: 1px solid #707070; width: 553.337px;\"><span style=\"font-family: arial, helvetica, sans-serif; font-size: 14px;\">Des sp\u00e9cifications personnalis\u00e9es sont disponibles<\/span><\/td>\n<\/tr>\n<tr>\n<td style=\"border: 1px solid #707070; width: 159.663px;\"><strong><span style=\"font-family: arial, helvetica, sans-serif; font-size: 14px;\">Tol\u00e9rance d'\u00e9paisseur :<\/span><\/strong><\/td>\n<td style=\"border: 1px solid #707070; width: 553.337px;\"><span style=\"font-family: arial, helvetica, sans-serif; font-size: 14px;\">\u00b10,05mm, \u00b11mm, \u00b11,5mm, \u00b12mm, selon les exigences de qualit\u00e9 du client<\/span><\/td>\n<\/tr>\n<tr>\n<td style=\"border: 1px solid #707070; width: 159.663px;\"><strong><span style=\"font-family: arial, helvetica, sans-serif; font-size: 14px;\">Surface :<\/span><\/strong><\/td>\n<td style=\"border: 1px solid #707070; width: 553.337px;\"><span style=\"font-family: arial, helvetica, sans-serif; font-size: 14px;\">P<\/span><span style=\"font-size: 14px;\">ol\u00e9, adouci, flamm\u00e9, sabl\u00e9, bouchard\u00e9, fendu naturel, flamm\u00e9 et bross\u00e9, etc.<\/span><\/td>\n<\/tr>\n<tr>\n<td style=\"border: 1px solid #707070; width: 159.663px;\"><strong><span style=\"font-family: arial, helvetica, sans-serif; font-size: 14px;\">Emballage :<\/span><\/strong><\/td>\n<td style=\"border: 1px solid #707070; width: 553.337px;\"><span style=\"font-size: 14px;\">Palettes en bois en \u00e9tat de navigabilit\u00e9, fardeaux en bois et caisses en bois<\/span><\/td>\n<\/tr>\n<tr>\n<td style=\"border: 1px solid #707070; width: 159.663px;\"><strong><span style=\"font-family: arial, helvetica, sans-serif; font-size: 14px;\">Application :<\/span><\/strong><\/td>\n<td style=\"border: 1px solid #707070; width: 553.337px;\"><span style=\"font-family: arial, helvetica, sans-serif; font-size: 14px;\">Sol, mur, motif, comptoir, d\u00e9coration int\u00e9rieure et ext\u00e9rieure<\/span><\/td>\n<\/tr>\n<tr>\n<td style=\"border: 1px solid #707070; width: 159.663px;\"><strong><span style=\"font-family: arial, helvetica, sans-serif; font-size: 14px;\">D\u00e9lai de livraison :<\/span><\/strong><\/td>\n<td style=\"border: 1px solid #707070; width: 553.337px;\"><span style=\"font-size: 14px;\">15-20 jours pour l'enregistrement<\/span><span style=\"font-family: arial, helvetica, sans-serif; font-size: 14px;\">tailles lar<\/span><\/td>\n<\/tr>\n<tr>\n<td style=\"border: 1px solid #707070; width: 159.663px;\"><strong><span style=\"font-family: arial, helvetica, sans-serif; font-size: 14px;\">Certificat :<\/span><\/strong><\/td>\n<td style=\"border: 1px solid #707070; width: 553.337px;\"><span style=\"font-family: arial, helvetica, sans-serif; font-size: 14px;\">CE, SGS<\/span><\/td>\n<\/tr>\n<tr>\n<td style=\"border: 1px solid #707070; width: 159.663px;\"><strong><span style=\"font-family: arial, helvetica, sans-serif; font-size: 14px;\">Conditions de paiement :<\/span><\/strong><\/td>\n<td style=\"border: 1px solid #707070; width: 553.337px;\"><span style=\"font-size: 14px;\">T\/T, L\/C, D<span style=\"color: #000000; font-family: Verdana, Arial, Helvetica, sans-serif; font-size: 14px; font-style: normal; font-weight: 400; background-color: #ffffff; float: none;\">\/<\/span>P<\/span><\/td>\n<\/tr>\n<tr>\n<td style=\"border: 1px solid #707070; width: 159.663px;\"><strong><span style=\"font-family: arial, helvetica, sans-serif; font-size: 14px;\">Avantage :<\/span><\/strong><\/td>\n<td style=\"border: 1px solid #707070; width: 553.337px;\"><span style=\"font-family: arial, helvetica, sans-serif; font-size: 14px;\">1) Service unique pour la pierre ;<\/span><\/p>\n<p><span style=\"font-family: arial, helvetica, sans-serif; font-size: 14px;\">2) poss\u00e8dent 3 carri\u00e8res et 9 usines ;<\/span><\/p>\n<p><span style=\"font-family: arial, helvetica, sans-serif; font-size: 14px;\">3) Des supports technologiques de pointe.<\/span><\/td>\n<\/tr>\n<tr>\n<td style=\"border: 1px solid #707070; width: 159.663px;\"><strong><span style=\"font-family: arial, helvetica, sans-serif; font-size: 14px;\">Assurance de la qualit\u00e9 et de la livraison :\u00a0<\/span><\/strong><\/td>\n<td style=\"border: 1px solid #707070; width: 553.337px;\"><span style=\"font-size: 14px;\">Tout au long du processus de production, du choix des mat\u00e9riaux \u00e0 l'emballage en passant par la fabrication, notre service de contr\u00f4le de la qualit\u00e9 contr\u00f4le rigoureusement chaque pi\u00e8ce et chaque processus afin de garantir le respect des normes de qualit\u00e9 et le respect des d\u00e9lais de livraison.<\/span><\/td>\n<\/tr>\n<\/tbody>\n<\/table>\n<p>&nbsp;<\/p>\n<p><img loading=\"lazy\" decoding=\"async\" class=\"alignnone size-full wp-image-27360\" src=\"http:\/\/stone-phoenix.com\/wp-content\/uploads\/2023\/12\/giallo-verona-granite-slab-yellow-granite-tile-5.jpg\" alt=\"\" width=\"1123\" height=\"760\" srcset=\"https:\/\/stone-phoenix.com\/wp-content\/uploads\/2023\/12\/giallo-verona-granite-slab-yellow-granite-tile-5.jpg 1123w, https:\/\/stone-phoenix.com\/wp-content\/uploads\/2023\/12\/giallo-verona-granite-slab-yellow-granite-tile-5-300x203.jpg 300w, https:\/\/stone-phoenix.com\/wp-content\/uploads\/2023\/12\/giallo-verona-granite-slab-yellow-granite-tile-5-1024x693.jpg 1024w, https:\/\/stone-phoenix.com\/wp-content\/uploads\/2023\/12\/giallo-verona-granite-slab-yellow-granite-tile-5-768x520.jpg 768w, https:\/\/stone-phoenix.com\/wp-content\/uploads\/2023\/12\/giallo-verona-granite-slab-yellow-granite-tile-5-18x12.jpg 18w, https:\/\/stone-phoenix.com\/wp-content\/uploads\/2023\/12\/giallo-verona-granite-slab-yellow-granite-tile-5-600x406.jpg 600w, https:\/\/stone-phoenix.com\/wp-content\/uploads\/2023\/12\/giallo-verona-granite-slab-yellow-granite-tile-5-150x102.jpg 150w\" sizes=\"(max-width: 1123px) 100vw, 1123px\" \/><img loading=\"lazy\" decoding=\"async\" class=\"alignnone size-full wp-image-27361\" src=\"http:\/\/stone-phoenix.com\/wp-content\/uploads\/2023\/12\/giallo-verona-granite-slab-yellow-granite-tile-4.jpg\" alt=\"\" width=\"1119\" height=\"865\" srcset=\"https:\/\/stone-phoenix.com\/wp-content\/uploads\/2023\/12\/giallo-verona-granite-slab-yellow-granite-tile-4.jpg 1119w, https:\/\/stone-phoenix.com\/wp-content\/uploads\/2023\/12\/giallo-verona-granite-slab-yellow-granite-tile-4-300x232.jpg 300w, https:\/\/stone-phoenix.com\/wp-content\/uploads\/2023\/12\/giallo-verona-granite-slab-yellow-granite-tile-4-1024x792.jpg 1024w, https:\/\/stone-phoenix.com\/wp-content\/uploads\/2023\/12\/giallo-verona-granite-slab-yellow-granite-tile-4-768x594.jpg 768w, https:\/\/stone-phoenix.com\/wp-content\/uploads\/2023\/12\/giallo-verona-granite-slab-yellow-granite-tile-4-16x12.jpg 16w, https:\/\/stone-phoenix.com\/wp-content\/uploads\/2023\/12\/giallo-verona-granite-slab-yellow-granite-tile-4-600x464.jpg 600w, https:\/\/stone-phoenix.com\/wp-content\/uploads\/2023\/12\/giallo-verona-granite-slab-yellow-granite-tile-4-150x116.jpg 150w\" sizes=\"(max-width: 1119px) 100vw, 1119px\" \/><img loading=\"lazy\" decoding=\"async\" class=\"alignnone size-full wp-image-27362\" src=\"http:\/\/stone-phoenix.com\/wp-content\/uploads\/2023\/12\/giallo-verona-granite-slab-yellow-granite-tile-6.jpg\" alt=\"\" width=\"1045\" height=\"814\" srcset=\"https:\/\/stone-phoenix.com\/wp-content\/uploads\/2023\/12\/giallo-verona-granite-slab-yellow-granite-tile-6.jpg 1045w, https:\/\/stone-phoenix.com\/wp-content\/uploads\/2023\/12\/giallo-verona-granite-slab-yellow-granite-tile-6-300x234.jpg 300w, https:\/\/stone-phoenix.com\/wp-content\/uploads\/2023\/12\/giallo-verona-granite-slab-yellow-granite-tile-6-1024x798.jpg 1024w, https:\/\/stone-phoenix.com\/wp-content\/uploads\/2023\/12\/giallo-verona-granite-slab-yellow-granite-tile-6-768x598.jpg 768w, https:\/\/stone-phoenix.com\/wp-content\/uploads\/2023\/12\/giallo-verona-granite-slab-yellow-granite-tile-6-15x12.jpg 15w, https:\/\/stone-phoenix.com\/wp-content\/uploads\/2023\/12\/giallo-verona-granite-slab-yellow-granite-tile-6-600x467.jpg 600w, https:\/\/stone-phoenix.com\/wp-content\/uploads\/2023\/12\/giallo-verona-granite-slab-yellow-granite-tile-6-150x117.jpg 150w\" sizes=\"(max-width: 1045px) 100vw, 1045px\" \/><\/p>\n<\/div>\n<\/div>\n<\/div>","protected":false},"excerpt":{"rendered":"<p>giallo verona granite slab giallo Yellow Granite Tile giallo verona granite slab is a sturdy and durable stone that is<\/p>","protected":false},"featured_media":27356,"template":"","meta":[],"product_cat":[112],"product_tag":[],"_links":{"self":[{"href":"https:\/\/stone-phoenix.com\/fr\/wp-json\/wp\/v2\/product\/20469"}],"collection":[{"href":"https:\/\/stone-phoenix.com\/fr\/wp-json\/wp\/v2\/product"}],"about":[{"href":"https:\/\/stone-phoenix.com\/fr\/wp-json\/wp\/v2\/types\/product"}],"wp:featuredmedia":[{"embeddable":true,"href":"https:\/\/stone-phoenix.com\/fr\/wp-json\/wp\/v2\/media\/27356"}],"wp:attachment":[{"href":"https:\/\/stone-phoenix.com\/fr\/wp-json\/wp\/v2\/media?parent=20469"}],"wp:term":[{"taxonomy":"product_cat","embeddable":true,"href":"https:\/\/stone-phoenix.com\/fr\/wp-json\/wp\/v2\/product_cat?post=20469"},{"taxonomy":"product_tag","embeddable":true,"href":"https:\/\/stone-phoenix.com\/fr\/wp-json\/wp\/v2\/product_tag?post=20469"}],"curies":[{"name":"wp","href":"https:\/\/api.w.org\/{rel}","templated":true}]}}