{"id":20474,"date":"2023-12-29T20:12:56","date_gmt":"2023-12-29T12:12:56","guid":{"rendered":"http:\/\/stone-phoenix.com\/product\/wholesale-black-galaxy-granite-competitive-price"},"modified":"2024-04-05T13:30:18","modified_gmt":"2024-04-05T05:30:18","slug":"wholesale-black-galaxy-granite-competitive-price","status":"publish","type":"product","link":"https:\/\/stone-phoenix.com\/fr\/produit\/wholesale-black-galaxy-granite-competitive-price","title":{"rendered":"Prix de gros du granit Galaxy noir Prix comp\u00e9titif"},"content":{"rendered":"<div id=\"tab-description\" class=\"woocommerce-Tabs-panel woocommerce-Tabs-panel--description panel entry-content wc-tab\" role=\"tabpanel\" aria-labelledby=\"tab-title-description\">\n<div id=\"ali-anchor-AliPostDhMb-6q8vw\" style=\"padding-top: 8px;\" data-section=\"AliPostDhMb-6q8vw\" data-section-title=\"Product Description\">\n<h2>Grossiste Granit Galaxie Noire Prix comp\u00e9titif Plan de travail en granit Dalle Nuit \u00e9toil\u00e9e Galaxie Noire<\/h2>\n<p>Le Black Galaxy Granite est un type de granit naturel, beau et durable. L'effet visuel du granit en fait un mat\u00e9riau parfait pour les comptoirs et les sols. Le Black Galaxy Granite est un granit exceptionnel pour un usage int\u00e9rieur ou ext\u00e9rieur. Il a une couleur unique qui diff\u00e8re des autres granits. R\u00e9cemment, le black galaxy granite est devenu tr\u00e8s populaire en raison de son excellent motif et de sa texture.<\/p>\n<p>Le Black Galaxy Granite est un bon choix pour les am\u00e9nagements int\u00e9rieurs et ext\u00e9rieurs, tels que les baignoires, les vanit\u00e9s, les comptoirs de cuisine, les rev\u00eatements muraux massifs, ainsi que pour les meubles de jardin, les sculptures et de nombreux autres projets de bricolage.Black Galaxy Granite est un carreau de granit poli. Cet aspect unique est obtenu par un processus connu sous le nom d'effet de mouchetage. Il est id\u00e9al pour les salles de bains, les dosserets de cuisine et les sols dans les espaces r\u00e9sidentiels et commerciaux.<\/p>\n<p>Nous proposons une gamme de produits de haute qualit\u00e9 \u00e0 des prix de gros. Pour plus d'informations ou pour plus de d\u00e9tails sur notre vente en gros, veuillez cliquer ici. <a href=\"https:\/\/longtopstone.com\/contact\/\">nous contacter<\/a>Le granit noir bon march\u00e9 est disponible. Le prix de gros le plus bas pour les dalles et les carreaux de granit noir galaxy, le dessus de table en granit noir galaxy, les dalles, les comptoirs, les plans de toilette, les rev\u00eatements de sol en granit noir galaxy.<\/p>\n<p>D'une beaut\u00e9 sombre et myst\u00e9rieuse, les cristaux noirs accrocheurs ajoutent de l'intrigue et une sensation de luxe \u00e0 n'importe quel projet. Hines Granite propose le meilleur Black Galaxy Granite \u00e0 des prix de gros, que vous recherchiez des dalles et des carreaux d'accentuation pour l'int\u00e9rieur ou l'ext\u00e9rieur, aucun travail n'est trop grand ou trop petit.<\/p>\n<p>Le Black Galaxy Granite est une pierre tr\u00e8s belle et luxueuse, qui est audacieusement color\u00e9e en noir avec une touche de rouge. Vous pouvez utiliser ce granit noir dans la salle de bain ou sur les comptoirs de cuisine. La couleur de ce granit mettra en valeur toutes les pi\u00e8ces o\u00f9 il est utilis\u00e9.<\/p>\n<div id=\"ali-title-AliPostDhMb-6q8vw\" style=\"padding: 8px 0; border-bottom: 1px solid #ddd;\"><span style=\"background-color: #ddd; color: #333; font-weight: bold; padding: 8px 10px; line-height: 12px;\">Description du produit<\/span><\/div>\n<div style=\"padding: 10px 0;\">\n<table class=\"aliDataTable\" style=\"color: #000000; font-family: Arial; font-size: 12px; font-style: normal; font-weight: 400; background-color: #ffffff; width: 698px; height: 226px; border: 1px solid #b3b3b3;\">\n<tbody>\n<tr>\n<td style=\"border: 1px solid #707070; width: 159.663px;\"><strong><span style=\"font-family: arial, helvetica, sans-serif; font-size: 14px;\">Nom du produit :<\/span><\/strong><\/td>\n<td style=\"border: 1px solid #707070; width: 553.337px;\">Prix M2 comp\u00e9titif Plaque de comptoir Shining Star Black Galaxy Granite<\/td>\n<\/tr>\n<tr>\n<td style=\"border: 1px solid #707070; width: 159.663px;\"><strong><span style=\"font-family: arial, helvetica, sans-serif; font-size: 14px;\">Mat\u00e9riau :<\/span><\/strong><\/td>\n<td style=\"border: 1px solid #707070; width: 553.337px;\"><span style=\"font-size: 14px;\">Granit<\/span><\/td>\n<\/tr>\n<tr>\n<td style=\"border: 1px solid #707070; width: 159.663px;\"><strong><span style=\"font-family: arial, helvetica, sans-serif; font-size: 14px;\">Couleur :<\/span><\/strong><\/td>\n<td style=\"border: 1px solid #707070; width: 553.337px;\"><span style=\"font-family: arial, helvetica, sans-serif; font-size: 14px;\">Blanc, noir, jaune, rouge, rose, gris, brun, bleu, vert, etc.<\/span><\/td>\n<\/tr>\n<tr>\n<td style=\"border: 1px solid #707070; width: 159.663px;\" rowspan=\"3\"><strong><span style=\"font-family: arial, helvetica, sans-serif; font-size: 14px;\">Taille :<\/span><\/strong><\/td>\n<td style=\"border: 1px solid #707070; width: 553.337px;\"><span style=\"text-decoration: underline;\"><span style=\"font-size: 14px;\">Carreaux disponibles <\/span><\/span><br \/>\n<span style=\"font-size: 14px;\">12\u2019x12\u2033,24\u2019x24\u2033,12\u2019x24\u2033,etc <\/span><span style=\"font-size: 14px;\">300x300mm,300x600mm,400x400mm,600x600mm,etc<\/span><\/td>\n<\/tr>\n<tr>\n<td style=\"border: 1px solid #707070; width: 553.337px;\"><span style=\"text-decoration: underline;\"><span style=\"font-size: 14px;\">Dalles disponibles <\/span><\/span><\/p>\n<p><span style=\"font-size: 14px;\">180cmUpx60UP,180cmUpx65cmUP,180cmUpx70cmUP,etc<\/span><br \/>\n<span style=\"font-size: 14px;\">240cmUpx120cmUP,etc<\/span><\/td>\n<\/tr>\n<tr>\n<td style=\"border: 1px solid #707070; width: 553.337px;\"><span style=\"font-family: arial, helvetica, sans-serif; font-size: 14px;\">Des sp\u00e9cifications personnalis\u00e9es sont disponibles<\/span><\/td>\n<\/tr>\n<tr>\n<td style=\"border: 1px solid #707070; width: 159.663px;\"><strong><span style=\"font-family: arial, helvetica, sans-serif; font-size: 14px;\">Tol\u00e9rance d'\u00e9paisseur :<\/span><\/strong><\/td>\n<td style=\"border: 1px solid #707070; width: 553.337px;\"><span style=\"font-family: arial, helvetica, sans-serif; font-size: 14px;\">\u00b10,05mm, \u00b11mm, \u00b11,5mm, \u00b12mm, selon les exigences de qualit\u00e9 du client<\/span><\/td>\n<\/tr>\n<tr>\n<td style=\"border: 1px solid #707070; width: 159.663px;\"><strong><span style=\"font-family: arial, helvetica, sans-serif; font-size: 14px;\">Surface :<\/span><\/strong><\/td>\n<td style=\"border: 1px solid #707070; width: 553.337px;\"><span style=\"font-family: arial, helvetica, sans-serif; font-size: 14px;\">P<\/span><span style=\"font-size: 14px;\">ol\u00e9, adouci, flamm\u00e9, sabl\u00e9, bouchard\u00e9, fendu naturel, flamm\u00e9 et bross\u00e9, etc.<\/span><\/td>\n<\/tr>\n<tr>\n<td style=\"border: 1px solid #707070; width: 159.663px;\"><strong><span style=\"font-family: arial, helvetica, sans-serif; font-size: 14px;\">Emballage :<\/span><\/strong><\/td>\n<td style=\"border: 1px solid #707070; width: 553.337px;\"><span style=\"font-size: 14px;\">Palettes en bois en \u00e9tat de navigabilit\u00e9, fardeaux en bois et caisses en bois<\/span><\/td>\n<\/tr>\n<tr>\n<td style=\"border: 1px solid #707070; width: 159.663px;\"><strong><span style=\"font-family: arial, helvetica, sans-serif; font-size: 14px;\">Application :<\/span><\/strong><\/td>\n<td style=\"border: 1px solid #707070; width: 553.337px;\"><span style=\"font-family: arial, helvetica, sans-serif; font-size: 14px;\">Sol, mur, motif, comptoir, d\u00e9coration int\u00e9rieure et ext\u00e9rieure<\/span><\/td>\n<\/tr>\n<tr>\n<td style=\"border: 1px solid #707070; width: 159.663px;\"><strong><span style=\"font-family: arial, helvetica, sans-serif; font-size: 14px;\">D\u00e9lai de livraison :<\/span><\/strong><\/td>\n<td style=\"border: 1px solid #707070; width: 553.337px;\"><span style=\"font-size: 14px;\">15-20 jours pour l'enregistrement<\/span><span style=\"font-family: arial, helvetica, sans-serif; font-size: 14px;\">tailles lar<\/span><\/td>\n<\/tr>\n<tr>\n<td style=\"border: 1px solid #707070; width: 159.663px;\"><strong><span style=\"font-family: arial, helvetica, sans-serif; font-size: 14px;\">Certificat :<\/span><\/strong><\/td>\n<td style=\"border: 1px solid #707070; width: 553.337px;\"><span style=\"font-family: arial, helvetica, sans-serif; font-size: 14px;\">CE, SGS<\/span><\/td>\n<\/tr>\n<tr>\n<td style=\"border: 1px solid #707070; width: 159.663px;\"><strong><span style=\"font-family: arial, helvetica, sans-serif; font-size: 14px;\">Conditions de paiement :<\/span><\/strong><\/td>\n<td style=\"border: 1px solid #707070; width: 553.337px;\"><span style=\"font-size: 14px;\">T\/T, L\/C, D<span style=\"color: #000000; font-family: Verdana, Arial, Helvetica, sans-serif; font-size: 14px; font-style: normal; font-weight: 400; background-color: #ffffff; float: none;\">\/<\/span>P<\/span><\/td>\n<\/tr>\n<tr>\n<td style=\"border: 1px solid #707070; width: 159.663px;\"><strong><span style=\"font-family: arial, helvetica, sans-serif; font-size: 14px;\">Avantage :<\/span><\/strong><\/td>\n<td style=\"border: 1px solid #707070; width: 553.337px;\"><span style=\"font-family: arial, helvetica, sans-serif; font-size: 14px;\">1) Service unique pour la pierre ;<\/span><\/p>\n<p><span style=\"font-family: arial, helvetica, sans-serif; font-size: 14px;\">2) poss\u00e8dent 3 carri\u00e8res et 9 usines ;<\/span><\/p>\n<p><span style=\"font-family: arial, helvetica, sans-serif; font-size: 14px;\">3) Des supports technologiques de pointe.<\/span><\/td>\n<\/tr>\n<tr>\n<td style=\"border: 1px solid #707070; width: 159.663px;\"><strong><span style=\"font-family: arial, helvetica, sans-serif; font-size: 14px;\">Assurance de la qualit\u00e9 et de la livraison :\u00a0<\/span><\/strong><\/td>\n<td style=\"border: 1px solid #707070; width: 553.337px;\"><span style=\"font-size: 14px;\">Tout au long du processus de production, du choix des mat\u00e9riaux \u00e0 l'emballage en passant par la fabrication, notre service de contr\u00f4le de la qualit\u00e9 contr\u00f4le rigoureusement chaque pi\u00e8ce et chaque processus afin de garantir le respect des normes de qualit\u00e9 et le respect des d\u00e9lais de livraison.<\/span><\/td>\n<\/tr>\n<\/tbody>\n<\/table>\n<p><img loading=\"lazy\" decoding=\"async\" class=\"alignnone  wp-image-27352\" src=\"http:\/\/stone-phoenix.com\/wp-content\/uploads\/2023\/12\/Wholesale-Black-Galaxy-Granite-Competitive-Price-5.jpg\" alt=\"\" width=\"953\" height=\"682\" srcset=\"https:\/\/stone-phoenix.com\/wp-content\/uploads\/2023\/12\/Wholesale-Black-Galaxy-Granite-Competitive-Price-5.jpg 697w, https:\/\/stone-phoenix.com\/wp-content\/uploads\/2023\/12\/Wholesale-Black-Galaxy-Granite-Competitive-Price-5-300x215.jpg 300w, https:\/\/stone-phoenix.com\/wp-content\/uploads\/2023\/12\/Wholesale-Black-Galaxy-Granite-Competitive-Price-5-18x12.jpg 18w, https:\/\/stone-phoenix.com\/wp-content\/uploads\/2023\/12\/Wholesale-Black-Galaxy-Granite-Competitive-Price-5-600x430.jpg 600w, https:\/\/stone-phoenix.com\/wp-content\/uploads\/2023\/12\/Wholesale-Black-Galaxy-Granite-Competitive-Price-5-150x107.jpg 150w\" sizes=\"(max-width: 953px) 100vw, 953px\" \/><img loading=\"lazy\" decoding=\"async\" class=\"alignnone size-full wp-image-27353\" src=\"http:\/\/stone-phoenix.com\/wp-content\/uploads\/2023\/12\/Wholesale-Black-Galaxy-Granite-Competitive-Price-6.jpg\" alt=\"\" width=\"1120\" height=\"795\" srcset=\"https:\/\/stone-phoenix.com\/wp-content\/uploads\/2023\/12\/Wholesale-Black-Galaxy-Granite-Competitive-Price-6.jpg 1120w, https:\/\/stone-phoenix.com\/wp-content\/uploads\/2023\/12\/Wholesale-Black-Galaxy-Granite-Competitive-Price-6-300x213.jpg 300w, https:\/\/stone-phoenix.com\/wp-content\/uploads\/2023\/12\/Wholesale-Black-Galaxy-Granite-Competitive-Price-6-1024x727.jpg 1024w, https:\/\/stone-phoenix.com\/wp-content\/uploads\/2023\/12\/Wholesale-Black-Galaxy-Granite-Competitive-Price-6-768x545.jpg 768w, https:\/\/stone-phoenix.com\/wp-content\/uploads\/2023\/12\/Wholesale-Black-Galaxy-Granite-Competitive-Price-6-18x12.jpg 18w, https:\/\/stone-phoenix.com\/wp-content\/uploads\/2023\/12\/Wholesale-Black-Galaxy-Granite-Competitive-Price-6-600x426.jpg 600w, https:\/\/stone-phoenix.com\/wp-content\/uploads\/2023\/12\/Wholesale-Black-Galaxy-Granite-Competitive-Price-6-150x106.jpg 150w\" sizes=\"(max-width: 1120px) 100vw, 1120px\" \/><img loading=\"lazy\" decoding=\"async\" class=\"alignnone size-full wp-image-27354\" src=\"http:\/\/stone-phoenix.com\/wp-content\/uploads\/2023\/12\/Wholesale-Black-Galaxy-Granite-Competitive-Price-7.jpg\" alt=\"\" width=\"1117\" height=\"810\" srcset=\"https:\/\/stone-phoenix.com\/wp-content\/uploads\/2023\/12\/Wholesale-Black-Galaxy-Granite-Competitive-Price-7.jpg 1117w, https:\/\/stone-phoenix.com\/wp-content\/uploads\/2023\/12\/Wholesale-Black-Galaxy-Granite-Competitive-Price-7-300x218.jpg 300w, https:\/\/stone-phoenix.com\/wp-content\/uploads\/2023\/12\/Wholesale-Black-Galaxy-Granite-Competitive-Price-7-1024x743.jpg 1024w, https:\/\/stone-phoenix.com\/wp-content\/uploads\/2023\/12\/Wholesale-Black-Galaxy-Granite-Competitive-Price-7-768x557.jpg 768w, https:\/\/stone-phoenix.com\/wp-content\/uploads\/2023\/12\/Wholesale-Black-Galaxy-Granite-Competitive-Price-7-18x12.jpg 18w, https:\/\/stone-phoenix.com\/wp-content\/uploads\/2023\/12\/Wholesale-Black-Galaxy-Granite-Competitive-Price-7-600x435.jpg 600w, https:\/\/stone-phoenix.com\/wp-content\/uploads\/2023\/12\/Wholesale-Black-Galaxy-Granite-Competitive-Price-7-150x109.jpg 150w\" sizes=\"(max-width: 1117px) 100vw, 1117px\" \/><img loading=\"lazy\" decoding=\"async\" class=\"alignnone  wp-image-27355\" src=\"http:\/\/stone-phoenix.com\/wp-content\/uploads\/2023\/12\/Wholesale-Black-Galaxy-Granite-Competitive-Price-8.jpg\" alt=\"\" width=\"953\" height=\"1216\" srcset=\"https:\/\/stone-phoenix.com\/wp-content\/uploads\/2023\/12\/Wholesale-Black-Galaxy-Granite-Competitive-Price-8.jpg 879w, https:\/\/stone-phoenix.com\/wp-content\/uploads\/2023\/12\/Wholesale-Black-Galaxy-Granite-Competitive-Price-8-235x300.jpg 235w, https:\/\/stone-phoenix.com\/wp-content\/uploads\/2023\/12\/Wholesale-Black-Galaxy-Granite-Competitive-Price-8-802x1024.jpg 802w, https:\/\/stone-phoenix.com\/wp-content\/uploads\/2023\/12\/Wholesale-Black-Galaxy-Granite-Competitive-Price-8-768x980.jpg 768w, https:\/\/stone-phoenix.com\/wp-content\/uploads\/2023\/12\/Wholesale-Black-Galaxy-Granite-Competitive-Price-8-9x12.jpg 9w, https:\/\/stone-phoenix.com\/wp-content\/uploads\/2023\/12\/Wholesale-Black-Galaxy-Granite-Competitive-Price-8-600x766.jpg 600w, https:\/\/stone-phoenix.com\/wp-content\/uploads\/2023\/12\/Wholesale-Black-Galaxy-Granite-Competitive-Price-8-150x191.jpg 150w\" sizes=\"(max-width: 953px) 100vw, 953px\" \/><\/p>\n<\/div>\n<\/div>\n<div id=\"ali-anchor-AliPostDhMb-dzch4\" style=\"padding-top: 8px;\" data-section=\"AliPostDhMb-dzch4\" data-section-title=\"FAQ\">\n<div style=\"padding: 10px 0;\">\n<p><a target=\"_blank\" rel=\"noopener noreferrer\"><span style=\"font-size: 16px;\"><img loading=\"lazy\" decoding=\"async\" class=\"alignnone size-full wp-image-20480\" src=\"http:\/\/stone-phoenix.com\/wp-content\/uploads\/2023\/12\/1703880781-1.jpg\" width=\"750\" height=\"153\" srcset=\"https:\/\/stone-phoenix.com\/wp-content\/uploads\/2023\/12\/1703880781-1.jpg 750w, https:\/\/stone-phoenix.com\/wp-content\/uploads\/2023\/12\/1703880781-1-300x61.jpg 300w, https:\/\/stone-phoenix.com\/wp-content\/uploads\/2023\/12\/1703880781-1-18x4.jpg 18w, https:\/\/stone-phoenix.com\/wp-content\/uploads\/2023\/12\/1703880781-1-600x122.jpg 600w, https:\/\/stone-phoenix.com\/wp-content\/uploads\/2023\/12\/1703880781-1-150x31.jpg 150w\" sizes=\"(max-width: 750px) 100vw, 750px\" \/><\/span><\/a><\/p>\n<\/div>\n<\/div>\n<\/div>","protected":false},"excerpt":{"rendered":"<p>Wholesale Black Galaxy Granite Competitive Price Granite Countertop Slab Starry Night Black Galaxy Wholesale Black Galaxy Granite is a type<\/p>","protected":false},"featured_media":27347,"template":"","meta":[],"product_cat":[112],"product_tag":[],"_links":{"self":[{"href":"https:\/\/stone-phoenix.com\/fr\/wp-json\/wp\/v2\/product\/20474"}],"collection":[{"href":"https:\/\/stone-phoenix.com\/fr\/wp-json\/wp\/v2\/product"}],"about":[{"href":"https:\/\/stone-phoenix.com\/fr\/wp-json\/wp\/v2\/types\/product"}],"wp:featuredmedia":[{"embeddable":true,"href":"https:\/\/stone-phoenix.com\/fr\/wp-json\/wp\/v2\/media\/27347"}],"wp:attachment":[{"href":"https:\/\/stone-phoenix.com\/fr\/wp-json\/wp\/v2\/media?parent=20474"}],"wp:term":[{"taxonomy":"product_cat","embeddable":true,"href":"https:\/\/stone-phoenix.com\/fr\/wp-json\/wp\/v2\/product_cat?post=20474"},{"taxonomy":"product_tag","embeddable":true,"href":"https:\/\/stone-phoenix.com\/fr\/wp-json\/wp\/v2\/product_tag?post=20474"}],"curies":[{"name":"wp","href":"https:\/\/api.w.org\/{rel}","templated":true}]}}