{"id":20481,"date":"2023-12-29T20:13:07","date_gmt":"2023-12-29T12:13:07","guid":{"rendered":"http:\/\/stone-phoenix.com\/product\/copacabana-granite-slab-prices-in-spain"},"modified":"2024-04-05T09:44:17","modified_gmt":"2024-04-05T01:44:17","slug":"copacabana-granite-slab-prices-in-spain","status":"publish","type":"product","link":"https:\/\/stone-phoenix.com\/fr\/produit\/copacabana-granite-slab-prices-in-spain","title":{"rendered":"Prix des dalles de granit Copacabana en Espagne"},"content":{"rendered":"<div id=\"tab-description\" class=\"woocommerce-Tabs-panel woocommerce-Tabs-panel--description panel entry-content wc-tab\" role=\"tabpanel\" aria-labelledby=\"tab-title-description\">\n<h2>Copacabana granit dalle granit prix en espagne marbal granit<\/h2>\n<p>La dalle de granit Copacabana est une pierre naturelle \u00e9tonnante, tr\u00e8s recherch\u00e9e pour sa beaut\u00e9 unique et sa durabilit\u00e9. Il s'agit d'un type de granit qui pr\u00e9sente un fond beige clair avec des veines plus fonc\u00e9es de brun, de gris et de noir qui parcourent la dalle, cr\u00e9ant ainsi un motif magnifique et complexe.<\/p>\n<p>Les dalles de granit de Copacabana sont polyvalentes et peuvent \u00eatre utilis\u00e9es dans de nombreux projets d'am\u00e9nagement int\u00e9rieur et ext\u00e9rieur. Elles sont couramment utilis\u00e9es pour les comptoirs de cuisine et de salle de bains, les dosserets, les rev\u00eatements de sol et les rev\u00eatements muraux. La couleur beige clair du granit en fait un choix populaire pour les styles de conception traditionnels et classiques, tandis que les veines naturelles ajoutent de la profondeur et de la texture \u00e0 n'importe quel espace.<\/p>\n<p>L'un des principaux avantages du granit Copacabana est sa durabilit\u00e9. Il s'agit d'une pierre dense et dure qui r\u00e9siste aux rayures, \u00e0 la chaleur et aux taches, ce qui en fait un choix id\u00e9al pour les zones tr\u00e8s fr\u00e9quent\u00e9es telles que les comptoirs de cuisine. La durabilit\u00e9 naturelle du granit le rend \u00e9galement facile \u00e0 entretenir, puisqu'il suffit de le nettoyer r\u00e9guli\u00e8rement avec de l'eau et du savon doux.<\/p>\n<p>Les dalles de granit de Copacabana sont disponibles en diff\u00e9rentes finitions, notamment polies, adoucies et corrig\u00e9es. Une finition polie donne \u00e0 la dalle un aspect brillant et r\u00e9fl\u00e9chissant, tandis qu'une finition adoucie cr\u00e9e un aspect doux et mat. La finition cuir donne un aspect textur\u00e9, presque rustique.<\/p>\n<div id=\"ali-anchor-AliPostDhMb-qkngg\" style=\"padding-top: 8px;\" data-section=\"AliPostDhMb-qkngg\" data-section-title=\"Product Description\">\n<div id=\"ali-title-AliPostDhMb-qkngg\" style=\"padding: 8px 0; border-bottom: 1px solid #ddd;\"><span style=\"background-color: #ddd; color: #333; font-weight: bold; padding: 8px 10px; line-height: 12px;\">Description du produit<\/span><\/div>\n<div style=\"padding: 10px 0;\">\n<table class=\"aliDataTable\" style=\"color: #000000; font-family: Arial; font-size: 12px; font-style: normal; font-weight: 400; background-color: #ffffff; width: 746.066px; height: 226px; border: 1px solid #b3b3b3;\">\n<tbody>\n<tr style=\"height: 21px;\">\n<td style=\"border: 1px solid #b3b3b3; width: 162px;\"><strong><span style=\"font-family: arial, helvetica, sans-serif; font-size: 14px;\">Nom du produit :<\/span><\/strong><\/td>\n<td style=\"border: 1px solid #b3b3b3; width: 595.066px;\">Copacabana granit dalle granit prix en espagne marbal granit<\/td>\n<\/tr>\n<tr style=\"height: 21px;\">\n<td style=\"border: 1px solid #b3b3b3; width: 162px;\"><strong><span style=\"font-family: arial, helvetica, sans-serif; font-size: 14px;\">Mat\u00e9riau :<\/span><\/strong><\/td>\n<td style=\"border: 1px solid #b3b3b3; width: 595.066px;\"><span style=\"font-family: arial, helvetica, sans-serif; font-size: 14px;\">Marbre<\/span><\/td>\n<\/tr>\n<tr style=\"height: 21px;\">\n<td style=\"border: 1px solid #b3b3b3; width: 162px;\"><strong><span style=\"font-family: arial, helvetica, sans-serif; font-size: 14px;\">Couleur :<\/span><\/strong><\/td>\n<td style=\"border: 1px solid #b3b3b3; width: 595.066px;\"><span style=\"font-family: arial, helvetica, sans-serif; font-size: 14px;\">Blanc, beige, noir, marron, gris, rouge, vert, bleu, etc.<\/span><\/td>\n<\/tr>\n<tr style=\"height: 21px;\">\n<td style=\"border: 1px solid #b3b3b3; width: 162px;\" rowspan=\"3\"><strong><span style=\"font-family: arial, helvetica, sans-serif; font-size: 14px;\">Taille :<\/span><\/strong><\/td>\n<td style=\"border: 1px solid #b3b3b3; width: 595.066px;\"><span style=\"font-family: arial, helvetica, sans-serif; font-size: 14px;\"><span style=\"text-decoration: underline;\">Carreaux disponibles<\/span> <\/span><br \/>\n<span style=\"font-family: arial, helvetica, sans-serif; font-size: 14px;\">12\u2032 X 12\u2033,24\u2032 X 24\u2033,12\u2032 X 24\u2033,etc 300x300mm,300x600mm,400x400mm,600x600mm,600\u00d71200,800\u00d7800,etc<\/span><\/td>\n<\/tr>\n<tr style=\"height: 21px;\">\n<td style=\"border: 1px solid #b3b3b3; width: 595.066px;\"><span style=\"font-family: arial, helvetica, sans-serif; font-size: 14px;\"><span style=\"text-decoration: underline;\">Grandes dalles disponibles<\/span>\u00a0 \u00a0 \u00a0 \u00a0 \u00a0 \u00a0 \u00a0 \u00a0 \u00a0 \u00a0 \u00a0 \u00a0 \u00a0 \u00a0 \u00a0 \u00a0 \u00a0 \u00a0 \u00a0 \u00a0 \u00a0 \u00a0 \u00a0 \u00a0 \u00a0 \u00a0 \u00a0 \u00a0 \u00a0 \u00a0 \u00a0 \u00a0 \u00a0 \u00a0 \u00a0 \u00a0 \u00a0 \u00a0 \u00a0 \u00a0 \u00a0 \u00a0 \u00a0 \u00a0 \u00a0 \u00a0 \u00a0 \u00a0 \u00a0 \u00a0 \u00a0 \u00a0 \u00a0 240cmUpx120UP<\/span><\/td>\n<\/tr>\n<tr style=\"height: 21px;\">\n<td style=\"border: 1px solid #b3b3b3; width: 595.066px;\"><span style=\"font-family: arial, helvetica, sans-serif; font-size: 14px;\">Des sp\u00e9cifications personnalis\u00e9es sont disponibles<\/span><\/td>\n<\/tr>\n<tr style=\"height: 21px;\">\n<td style=\"border: 1px solid #b3b3b3; width: 162px;\"><strong><span style=\"font-family: arial, helvetica, sans-serif; font-size: 14px;\">Tol\u00e9rance d'\u00e9paisseur :<\/span><\/strong><\/td>\n<td style=\"border: 1px solid #b3b3b3; width: 595.066px;\"><span style=\"font-size: 14px; font-family: arial, helvetica, sans-serif;\">\u00b10,05mm, \u00b11mm, \u00b11,5mm, \u00b12mm, selon les exigences de qualit\u00e9 du client<\/span><\/td>\n<\/tr>\n<tr style=\"height: 21px;\">\n<td style=\"border: 1px solid #b3b3b3; width: 162px;\"><strong><span style=\"font-family: arial, helvetica, sans-serif; font-size: 14px;\">Surface :<\/span><\/strong><\/td>\n<td style=\"border: 1px solid #b3b3b3; width: 595.066px;\"><span style=\"font-size: 14px; font-family: arial, helvetica, sans-serif;\">Poli, adouci, assorti au livre, antique, rainur\u00e9, bross\u00e9, d\u00e9cap\u00e9, sabl\u00e9, jet d'eau, etc.<\/span><\/td>\n<\/tr>\n<tr style=\"height: auto;\">\n<td style=\"border: 1px solid #b3b3b3; width: 162px;\"><strong><span style=\"font-family: arial, helvetica, sans-serif; font-size: 14px;\">Emballage :<\/span><\/strong><\/td>\n<td style=\"border: 1px solid #b3b3b3; width: 595.066px;\"><span style=\"font-family: arial, helvetica, sans-serif; font-size: 14px;\"> Fardeaux et caisses en bois en \u00e9tat de navigabilit\u00e9<\/span><\/td>\n<\/tr>\n<tr style=\"height: 21px;\">\n<td style=\"border: 1px solid #b3b3b3; width: 162px;\"><strong><span style=\"font-family: arial, helvetica, sans-serif; font-size: 14px;\">Application :<\/span><\/strong><\/td>\n<td style=\"border: 1px solid #b3b3b3; width: 595.066px;\"><span style=\"font-family: arial, helvetica, sans-serif; font-size: 14px;\">Mur int\u00e9rieur, sol, plinthe, mur de fond, comptoir, escalier, etc.<\/span><\/td>\n<\/tr>\n<tr style=\"height: 21px;\">\n<td style=\"border: 1px solid #b3b3b3; width: 162px;\"><strong><span style=\"font-family: arial, helvetica, sans-serif; font-size: 14px;\">D\u00e9lai de livraison :<\/span><\/strong><\/td>\n<td style=\"border: 1px solid #b3b3b3; width: 595.066px;\"><span style=\"font-family: arial, helvetica, sans-serif; font-size: 14px;\"> 15-20 jours pour les tailles normales<\/span><\/td>\n<\/tr>\n<tr style=\"height: 21px;\">\n<td style=\"border: 1px solid #b3b3b3; width: 162px;\"><strong><span style=\"font-family: arial, helvetica, sans-serif; font-size: 14px;\">Certificat :<\/span><\/strong><\/td>\n<td style=\"border: 1px solid #b3b3b3; width: 595.066px;\"><span style=\"font-family: arial, helvetica, sans-serif; font-size: 14px;\">CE, SGS<\/span><\/td>\n<\/tr>\n<tr style=\"height: 21px;\">\n<td style=\"border: 1px solid #b3b3b3; width: 162px;\"><strong><span style=\"font-family: arial, helvetica, sans-serif; font-size: 14px;\">Conditions de paiement :<\/span><\/strong><\/td>\n<td style=\"border: 1px solid #b3b3b3; width: 595.066px;\"><span style=\"font-family: arial, helvetica, sans-serif; font-size: 14px;\">T\/T, L\/C, D\/P<\/span><\/td>\n<\/tr>\n<tr style=\"height: 42px;\">\n<td style=\"border: 1px solid #b3b3b3; width: 162px;\"><strong><span style=\"font-family: arial, helvetica, sans-serif; font-size: 14px;\">Avantage :<\/span><\/strong><\/td>\n<td style=\"border: 1px solid #b3b3b3; width: 595.066px;\"><span style=\"font-family: arial, helvetica, sans-serif; font-size: 14px;\">1) Service unique pour la pierre ;<\/span><\/p>\n<p><span style=\"font-family: arial, helvetica, sans-serif; font-size: 14px;\">2) Poss\u00e9der 3 carri\u00e8res et 9 usines ;<\/span><\/p>\n<p><span style=\"font-family: arial, helvetica, sans-serif; font-size: 14px;\">3) Des supports technologiques de pointe.<\/span><\/td>\n<\/tr>\n<tr style=\"height: 42px;\">\n<td style=\"border: 1px solid #b3b3b3; width: 162px;\"><strong><span style=\"font-family: arial, helvetica, sans-serif; font-size: 14px;\">Assurance de la qualit\u00e9 et de la livraison :\u00a0<\/span><\/strong><\/td>\n<td style=\"border: 1px solid #b3b3b3; width: 595.066px;\"><span style=\"font-family: arial, helvetica, sans-serif; font-size: 14px;\">Tout au long du processus de production, du choix des mat\u00e9riaux \u00e0 l'emballage en passant par la fabrication, notre service de contr\u00f4le de la qualit\u00e9 contr\u00f4le rigoureusement chaque pi\u00e8ce et chaque processus afin de garantir le respect des normes de qualit\u00e9 et le respect des d\u00e9lais de livraison.<\/span><\/td>\n<\/tr>\n<\/tbody>\n<\/table>\n<p><img loading=\"lazy\" decoding=\"async\" class=\"alignnone  wp-image-27343\" src=\"http:\/\/stone-phoenix.com\/wp-content\/uploads\/2023\/12\/Copacabana-Granite-Slab-Prices-In-Spain-6.jpg\" alt=\"\" width=\"953\" height=\"703\" srcset=\"https:\/\/stone-phoenix.com\/wp-content\/uploads\/2023\/12\/Copacabana-Granite-Slab-Prices-In-Spain-6.jpg 697w, https:\/\/stone-phoenix.com\/wp-content\/uploads\/2023\/12\/Copacabana-Granite-Slab-Prices-In-Spain-6-300x221.jpg 300w, https:\/\/stone-phoenix.com\/wp-content\/uploads\/2023\/12\/Copacabana-Granite-Slab-Prices-In-Spain-6-16x12.jpg 16w, https:\/\/stone-phoenix.com\/wp-content\/uploads\/2023\/12\/Copacabana-Granite-Slab-Prices-In-Spain-6-600x442.jpg 600w, https:\/\/stone-phoenix.com\/wp-content\/uploads\/2023\/12\/Copacabana-Granite-Slab-Prices-In-Spain-6-150x111.jpg 150w\" sizes=\"(max-width: 953px) 100vw, 953px\" \/><img loading=\"lazy\" decoding=\"async\" class=\"alignnone size-full wp-image-27344\" src=\"http:\/\/stone-phoenix.com\/wp-content\/uploads\/2023\/12\/Copacabana-Granite-Slab-Prices-In-Spain-7.jpg\" alt=\"\" width=\"1093\" height=\"840\" srcset=\"https:\/\/stone-phoenix.com\/wp-content\/uploads\/2023\/12\/Copacabana-Granite-Slab-Prices-In-Spain-7.jpg 1093w, https:\/\/stone-phoenix.com\/wp-content\/uploads\/2023\/12\/Copacabana-Granite-Slab-Prices-In-Spain-7-300x231.jpg 300w, https:\/\/stone-phoenix.com\/wp-content\/uploads\/2023\/12\/Copacabana-Granite-Slab-Prices-In-Spain-7-1024x787.jpg 1024w, https:\/\/stone-phoenix.com\/wp-content\/uploads\/2023\/12\/Copacabana-Granite-Slab-Prices-In-Spain-7-768x590.jpg 768w, https:\/\/stone-phoenix.com\/wp-content\/uploads\/2023\/12\/Copacabana-Granite-Slab-Prices-In-Spain-7-16x12.jpg 16w, https:\/\/stone-phoenix.com\/wp-content\/uploads\/2023\/12\/Copacabana-Granite-Slab-Prices-In-Spain-7-600x461.jpg 600w, https:\/\/stone-phoenix.com\/wp-content\/uploads\/2023\/12\/Copacabana-Granite-Slab-Prices-In-Spain-7-150x115.jpg 150w\" sizes=\"(max-width: 1093px) 100vw, 1093px\" \/><img loading=\"lazy\" decoding=\"async\" class=\"alignnone size-full wp-image-27345\" src=\"http:\/\/stone-phoenix.com\/wp-content\/uploads\/2023\/12\/Copacabana-Granite-Slab-Prices-In-Spain-8.jpg\" alt=\"\" width=\"1111\" height=\"652\" srcset=\"https:\/\/stone-phoenix.com\/wp-content\/uploads\/2023\/12\/Copacabana-Granite-Slab-Prices-In-Spain-8.jpg 1111w, https:\/\/stone-phoenix.com\/wp-content\/uploads\/2023\/12\/Copacabana-Granite-Slab-Prices-In-Spain-8-300x176.jpg 300w, https:\/\/stone-phoenix.com\/wp-content\/uploads\/2023\/12\/Copacabana-Granite-Slab-Prices-In-Spain-8-1024x601.jpg 1024w, https:\/\/stone-phoenix.com\/wp-content\/uploads\/2023\/12\/Copacabana-Granite-Slab-Prices-In-Spain-8-768x451.jpg 768w, https:\/\/stone-phoenix.com\/wp-content\/uploads\/2023\/12\/Copacabana-Granite-Slab-Prices-In-Spain-8-18x12.jpg 18w, https:\/\/stone-phoenix.com\/wp-content\/uploads\/2023\/12\/Copacabana-Granite-Slab-Prices-In-Spain-8-600x352.jpg 600w, https:\/\/stone-phoenix.com\/wp-content\/uploads\/2023\/12\/Copacabana-Granite-Slab-Prices-In-Spain-8-150x88.jpg 150w\" sizes=\"(max-width: 1111px) 100vw, 1111px\" \/><img loading=\"lazy\" decoding=\"async\" class=\"alignnone size-full wp-image-27346\" src=\"http:\/\/stone-phoenix.com\/wp-content\/uploads\/2023\/12\/Copacabana-Granite-Slab-Prices-In-Spain-9.jpg\" alt=\"\" width=\"1107\" height=\"1057\" srcset=\"https:\/\/stone-phoenix.com\/wp-content\/uploads\/2023\/12\/Copacabana-Granite-Slab-Prices-In-Spain-9.jpg 1107w, https:\/\/stone-phoenix.com\/wp-content\/uploads\/2023\/12\/Copacabana-Granite-Slab-Prices-In-Spain-9-300x286.jpg 300w, https:\/\/stone-phoenix.com\/wp-content\/uploads\/2023\/12\/Copacabana-Granite-Slab-Prices-In-Spain-9-1024x978.jpg 1024w, https:\/\/stone-phoenix.com\/wp-content\/uploads\/2023\/12\/Copacabana-Granite-Slab-Prices-In-Spain-9-768x733.jpg 768w, https:\/\/stone-phoenix.com\/wp-content\/uploads\/2023\/12\/Copacabana-Granite-Slab-Prices-In-Spain-9-13x12.jpg 13w, https:\/\/stone-phoenix.com\/wp-content\/uploads\/2023\/12\/Copacabana-Granite-Slab-Prices-In-Spain-9-600x573.jpg 600w, https:\/\/stone-phoenix.com\/wp-content\/uploads\/2023\/12\/Copacabana-Granite-Slab-Prices-In-Spain-9-150x143.jpg 150w\" sizes=\"(max-width: 1107px) 100vw, 1107px\" \/><\/p>\n<\/div>\n<\/div>\n<\/div>","protected":false},"excerpt":{"rendered":"<p>Copacabana granite slab granite prices in spain marbal granite Copacabana granite slab is a stunning natural stone that is highly<\/p>","protected":false},"featured_media":27338,"template":"","meta":[],"product_cat":[112],"product_tag":[],"_links":{"self":[{"href":"https:\/\/stone-phoenix.com\/fr\/wp-json\/wp\/v2\/product\/20481"}],"collection":[{"href":"https:\/\/stone-phoenix.com\/fr\/wp-json\/wp\/v2\/product"}],"about":[{"href":"https:\/\/stone-phoenix.com\/fr\/wp-json\/wp\/v2\/types\/product"}],"wp:featuredmedia":[{"embeddable":true,"href":"https:\/\/stone-phoenix.com\/fr\/wp-json\/wp\/v2\/media\/27338"}],"wp:attachment":[{"href":"https:\/\/stone-phoenix.com\/fr\/wp-json\/wp\/v2\/media?parent=20481"}],"wp:term":[{"taxonomy":"product_cat","embeddable":true,"href":"https:\/\/stone-phoenix.com\/fr\/wp-json\/wp\/v2\/product_cat?post=20481"},{"taxonomy":"product_tag","embeddable":true,"href":"https:\/\/stone-phoenix.com\/fr\/wp-json\/wp\/v2\/product_tag?post=20481"}],"curies":[{"name":"wp","href":"https:\/\/api.w.org\/{rel}","templated":true}]}}